{"id":4829,"date":"2022-02-20T16:33:58","date_gmt":"2022-02-20T16:33:58","guid":{"rendered":"https:\/\/medicinasinc.com\/fi\/?post_type=product&#038;p=4829"},"modified":"2022-03-22T01:14:43","modified_gmt":"2022-03-22T01:14:43","slug":"osta-neste-lsd","status":"publish","type":"product","link":"https:\/\/medicinasinc.com\/fi\/product\/osta-neste-lsd\/","title":{"rendered":"Osta nestem\u00e4ist\u00e4 LSD:t\u00e4"},"content":{"rendered":"<p>Osta nestem\u00e4ist\u00e4 LSD:t\u00e4 alennuksella verkosta<\/p>\n<p>Kuten Green Crackin tapauksessa (ei pid\u00e4 sekoittaa LSD:hen), Acid on kanta, joka on nimetty liev\u00e4sti psykoaktiivisen aineen mukaan. Kaiken kaikkiaan Acidilla on voimaa, ja se yhdist\u00e4\u00e4 intuitiivisia vastavaikutuksia h\u00e4mment\u00e4v\u00e4\u00e4n tuoksuun. Acid on Delahazen ja Sensi Starin kasvattajien Paradise Seedsin kehitt\u00e4m\u00e4 kanta. Se on johdettu suosituimman New York Sour Diesel -kannan perinn\u00f6llisist\u00e4 ominaisuuksista. Sen vieh\u00e4tys toi sille kolmannen sijan Espanjan 2016 Copa THC Valenciassa parhaaksi sis\u00e4kukana. Sy\u00f6vytt\u00e4v\u00e4n THC-pitoisuuden on arvioitu olevan 16-23%.<\/p>\n<p>Sy\u00f6vytt\u00e4v\u00e4 h\u00e4ik\u00e4isee keskikokoisilla tai valtavilla arvioiduilla kukilla, joilla on nivelletty lapiomainen muoto, jotka muistuttavat miniatyyri joulukuusia, kiristyv\u00e4t leve\u00e4st\u00e4 py\u00f6re\u00e4st\u00e4 pohjasta ter\u00e4v\u00e4 k\u00e4rki. Kompaktin, tihe\u00e4n rakenteensa ansiosta n\u00e4m\u00e4 silmut ovat erehtym\u00e4tt\u00e4 indikadominoiva. Lehdet ovat himme\u00e4n umpeenkasvun vihreit\u00e4 ja v\u00e4\u00e4ntyneet aaltoilevien maanl\u00e4heisten emien l\u00e4pi. Lopuksi kimaltelevat valkoiset trikoot peitt\u00e4v\u00e4t Acidin kukkien sis\u00e4- ja ulkopinnat antaen kannalle psykoaktiivisia ominaisuuksia ja tehden silmujen erottamisesta \u00e4\u00e4rimm\u00e4isen vaikeaksi ilman prosessorin apua.<\/p>\n<p>Kun se on vapautettu oikein, Acidilla on hieman hapan tuoksu, jota kompensoi ter\u00e4v\u00e4 sitruunan maku. Samoin on olemassa kiinte\u00e4\u00e4, myski\u00e4 pohjatuoksua, joka muistuttaa nihke\u00e4\u00e4 maaper\u00e4\u00e4 ja suitsukkeita. Samaan aikaan n\u00e4iden tiheiden nuglien erottaminen tai rakeistus tuottaa supistavan pakokaasun, joka antaa New York Sour Diesel -emokannalle sen ter\u00e4v\u00e4n ja tunnetun maun. Kun palavia aineita sytytet\u00e4\u00e4n linjassa tai liitoksessa, Acid tuottaa tasaista, helposti nielt\u00e4v\u00e4\u00e4 savua. Uloshengitett\u00e4ess\u00e4 t\u00e4m\u00e4 tihe\u00e4 savu j\u00e4tt\u00e4\u00e4 sitruunan ja dieselin j\u00e4lkimaun.<\/p>\n<p>Corrosivin huippu alkaa v\u00e4hitellen ja v\u00e4\u00e4rist\u00e4\u00e4 tupakoitsijoiden k\u00e4sityst\u00e4 ulkoisista p\u00e4ivityksist\u00e4\u00e4n. Tietyt \u00e4\u00e4net voivat vahvistua, ik\u00e4\u00e4n kuin ne olisi syntyneet kaiuntakammion sis\u00e4ll\u00e4. Lis\u00e4ksi erilaiset s\u00e4vyt ja kirkkaat valot voivat saada uuden merkityksen. Kun n\u00e4ist\u00e4 konkreettisista vaikutuksista tulee ylivoimaisia, el\u00e4v\u00e4mpi\u00e4 hallusinogeenisi\u00e4 ihmeit\u00e4 alkaa ilmet\u00e4, samankaltaisia \u200b\u200bkuin sis\u00e4iset ja ulkoiset ymm\u00e4rryksen v\u00e4\u00e4ristym\u00e4t ja vankka ajan laajenemisen tunne. Tupakoitsijat voivat kokea tahallista painostusta pyh\u00e4kk\u00f6jen ja imusolmukkeiden ymp\u00e4rill\u00e4 ajan my\u00f6t\u00e4 sek\u00e4 liev\u00e4\u00e4 syljenerityksen lis\u00e4\u00e4ntymist\u00e4. N\u00e4m\u00e4 v\u00e4reet kehittyv\u00e4t rentoutumisen tulviksi, jotka kulkevat alas selk\u00e4rankaa ja ulos keskushermoston ja lis\u00e4kkeiden kautta. Vaikka n\u00e4m\u00e4 helpottavat vaikutukset eiv\u00e4t v\u00e4ltt\u00e4m\u00e4tt\u00e4 tee asiakkaita t\u00e4ysin liikkumattomaksi, he saattavat tuntea olonsa pakotetuksi rentoutumaan l\u00e4himmiss\u00e4 miellytt\u00e4viss\u00e4 ymp\u00e4rist\u00f6tekij\u00f6iss\u00e4.<\/p>\n<p>Sy\u00f6vytt\u00e4v\u00e4lle korkealle on ominaista my\u00f6s aivomentaliteetti, jossa tupakoitsija saattaa liitty\u00e4 ep\u00e4tavallisiin ajatuksiin tai ideoihin. , pit\u00e4\u00e4 niit\u00e4 kiehtovampina kuin ne ovat joka tapauksessa. T\u00e4llainen avoimesti tuttu p\u00e4\u00e4ttely voi olla tehokas tapa l\u00f6yt\u00e4\u00e4 uusia ratkaisuja h\u00e4mment\u00e4viin ongelmiin tai hoitaa tiettyj\u00e4 ty\u00f6teht\u00e4vi\u00e4. Ajan my\u00f6t\u00e4 \u2013 tai kun mittaus lis\u00e4\u00e4ntyy \u2013 Acidin psykologisista vaikutuksista tulee enemm\u00e4n ihmeellisi\u00e4 kuin ilmeisi\u00e4, mik\u00e4 tekee aiemmasta tehokkuudesta mit\u00e4tt\u00f6mi\u00e4. Progressiivisen energianmenetyksens\u00e4 vuoksi t\u00e4st\u00e4 lajikkeesta on parasta nauttia my\u00f6h\u00e4\u00e4n illalla tai y\u00f6ll\u00e4.<\/p>\n<p>Nestem\u00e4inen LSD 200 ug\/tippa, happo myyt\u00e4v\u00e4n\u00e4 verkossa, LSD myyt\u00e4v\u00e4n\u00e4 verkossa, ostaa lsd verkosta, LSD happo myyt\u00e4v\u00e4n\u00e4 verkossa, lsd verkkokauppa, nestem\u00e4inen lsd myyt\u00e4v\u00e4n\u00e4, happo myyt\u00e4v\u00e4n\u00e4 verkossa<\/p>\n","protected":false},"excerpt":{"rendered":"<p>Osta LSD Onlinesta Nestem\u00e4inen LSD, Tiedot Lysergide (LSD) on puolisynteettinen hallusinogeeni ja yksi tehokkaimmista tunnetuista huumeista. Virkistysk\u00e4ytt\u00f6.<\/p>\n<p>Osta edullisia nestem\u00e4ist\u00e4 LSD:t\u00e4 verkosta. Aito nestem\u00e4inen LSD myyt\u00e4v\u00e4n\u00e4 verkossa | Osta nestem\u00e4ist\u00e4 LSD:t\u00e4 verkosta | Osta nestem\u00e4ist\u00e4 LSD:t\u00e4 myyt\u00e4v\u00e4ksi| Osta halpa nestem\u00e4inen LSD | Mist\u00e4 ostaa nestem\u00e4ist\u00e4 LSD:t\u00e4 verkosta<\/p>\n","protected":false},"featured_media":4842,"comment_status":"open","ping_status":"closed","template":"","meta":[],"product_brand":[],"product_cat":[703],"product_tag":[],"class_list":{"0":"post-4829","1":"product","2":"type-product","3":"status-publish","4":"has-post-thumbnail","6":"product_cat-osta-psykedeelisi-lkkeit","8":"first","9":"instock","10":"shipping-taxable","11":"purchasable","12":"product-type-variable","13":"has-default-attributes"},"yoast_head":"<!-- This site is optimized with the Yoast SEO plugin v27.3 - https:\/\/yoast.com\/product\/yoast-seo-wordpress\/ -->\n<title>Osta nestem\u00e4ist\u00e4 LSD:t\u00e4 \u2013 parhaat maailmanlaajuiset l\u00e4\u00e4kkeet<\/title>\n<meta name=\"description\" content=\"Osta LSD Onlinesta Nestem\u00e4inen LSD, Tiedot Lysergide (LSD) on puolisynteettinen hallusinogeeni ja yksi tehokkaimmista tunnetuista huumeista. Virkistysk\u00e4ytt\u00f6.\" \/>\n<meta name=\"robots\" content=\"index, follow, max-snippet:-1, max-image-preview:large, max-video-preview:-1\" \/>\n<link rel=\"canonical\" href=\"https:\/\/medicinasinc.com\/fi\/product\/osta-neste-lsd\/\" \/>\n<meta property=\"og:locale\" content=\"en_US\" \/>\n<meta property=\"og:type\" content=\"article\" \/>\n<meta property=\"og:title\" content=\"Osta nestem\u00e4ist\u00e4 LSD:t\u00e4 \u2013 parhaat maailmanlaajuiset l\u00e4\u00e4kkeet\" \/>\n<meta property=\"og:description\" content=\"Osta LSD Onlinesta Nestem\u00e4inen LSD, Tiedot Lysergide (LSD) on puolisynteettinen hallusinogeeni ja yksi tehokkaimmista tunnetuista huumeista. Virkistysk\u00e4ytt\u00f6.\" \/>\n<meta property=\"og:url\" content=\"https:\/\/medicinasinc.com\/fi\/product\/osta-neste-lsd\/\" \/>\n<meta property=\"og:site_name\" content=\"Medicinas Inc\" \/>\n<meta property=\"article:modified_time\" content=\"2022-03-22T01:14:43+00:00\" \/>\n<meta property=\"og:image\" content=\"https:\/\/medicinasinc.com\/fi\/wp-content\/uploads\/sites\/12\/2022\/02\/Buy-Liquid-LSD.jpg\" \/>\n\t<meta property=\"og:image:width\" content=\"512\" \/>\n\t<meta property=\"og:image:height\" content=\"512\" \/>\n\t<meta property=\"og:image:type\" content=\"image\/jpeg\" \/>\n<meta name=\"twitter:card\" content=\"summary_large_image\" \/>\n<meta name=\"twitter:label1\" content=\"Est. reading time\" \/>\n\t<meta name=\"twitter:data1\" content=\"3 minutes\" \/>\n<script type=\"application\/ld+json\" class=\"yoast-schema-graph\">{\"@context\":\"https:\\\/\\\/schema.org\",\"@graph\":[{\"@type\":\"WebPage\",\"@id\":\"https:\\\/\\\/medicinasinc.com\\\/fi\\\/product\\\/osta-neste-lsd\\\/\",\"url\":\"https:\\\/\\\/medicinasinc.com\\\/fi\\\/product\\\/osta-neste-lsd\\\/\",\"name\":\"Osta nestem\u00e4ist\u00e4 LSD:t\u00e4 \u2013 parhaat maailmanlaajuiset l\u00e4\u00e4kkeet\",\"isPartOf\":{\"@id\":\"https:\\\/\\\/medicinasinc.com\\\/fi\\\/#website\"},\"primaryImageOfPage\":{\"@id\":\"https:\\\/\\\/medicinasinc.com\\\/fi\\\/product\\\/osta-neste-lsd\\\/#primaryimage\"},\"image\":{\"@id\":\"https:\\\/\\\/medicinasinc.com\\\/fi\\\/product\\\/osta-neste-lsd\\\/#primaryimage\"},\"thumbnailUrl\":\"https:\\\/\\\/medicinasinc.com\\\/fi\\\/wp-content\\\/uploads\\\/sites\\\/12\\\/2022\\\/02\\\/Buy-Liquid-LSD.jpg\",\"datePublished\":\"2022-02-20T16:33:58+00:00\",\"dateModified\":\"2022-03-22T01:14:43+00:00\",\"description\":\"Osta LSD Onlinesta Nestem\u00e4inen LSD, Tiedot Lysergide (LSD) on puolisynteettinen hallusinogeeni ja yksi tehokkaimmista tunnetuista huumeista. Virkistysk\u00e4ytt\u00f6.\",\"breadcrumb\":{\"@id\":\"https:\\\/\\\/medicinasinc.com\\\/fi\\\/product\\\/osta-neste-lsd\\\/#breadcrumb\"},\"inLanguage\":\"en-US\",\"potentialAction\":[{\"@type\":\"ReadAction\",\"target\":[\"https:\\\/\\\/medicinasinc.com\\\/fi\\\/product\\\/osta-neste-lsd\\\/\"]}]},{\"@type\":\"ImageObject\",\"inLanguage\":\"en-US\",\"@id\":\"https:\\\/\\\/medicinasinc.com\\\/fi\\\/product\\\/osta-neste-lsd\\\/#primaryimage\",\"url\":\"https:\\\/\\\/medicinasinc.com\\\/fi\\\/wp-content\\\/uploads\\\/sites\\\/12\\\/2022\\\/02\\\/Buy-Liquid-LSD.jpg\",\"contentUrl\":\"https:\\\/\\\/medicinasinc.com\\\/fi\\\/wp-content\\\/uploads\\\/sites\\\/12\\\/2022\\\/02\\\/Buy-Liquid-LSD.jpg\",\"width\":512,\"height\":512},{\"@type\":\"BreadcrumbList\",\"@id\":\"https:\\\/\\\/medicinasinc.com\\\/fi\\\/product\\\/osta-neste-lsd\\\/#breadcrumb\",\"itemListElement\":[{\"@type\":\"ListItem\",\"position\":1,\"name\":\"Myym\u00e4l\u00e4\",\"item\":\"https:\\\/\\\/medicinasinc.com\\\/fi\\\/myymala\\\/\"},{\"@type\":\"ListItem\",\"position\":2,\"name\":\"Osta nestem\u00e4ist\u00e4 LSD:t\u00e4\"}]},{\"@type\":\"WebSite\",\"@id\":\"https:\\\/\\\/medicinasinc.com\\\/fi\\\/#website\",\"url\":\"https:\\\/\\\/medicinasinc.com\\\/fi\\\/\",\"name\":\"Medicinas Inc\",\"description\":\"Health Medical Clinic\",\"potentialAction\":[{\"@type\":\"SearchAction\",\"target\":{\"@type\":\"EntryPoint\",\"urlTemplate\":\"https:\\\/\\\/medicinasinc.com\\\/fi\\\/?s={search_term_string}\"},\"query-input\":{\"@type\":\"PropertyValueSpecification\",\"valueRequired\":true,\"valueName\":\"search_term_string\"}}],\"inLanguage\":\"en-US\"}]}<\/script>\n<!-- \/ Yoast SEO plugin. -->","yoast_head_json":{"title":"Osta nestem\u00e4ist\u00e4 LSD:t\u00e4 \u2013 parhaat maailmanlaajuiset l\u00e4\u00e4kkeet","description":"Osta LSD Onlinesta Nestem\u00e4inen LSD, Tiedot Lysergide (LSD) on puolisynteettinen hallusinogeeni ja yksi tehokkaimmista tunnetuista huumeista. Virkistysk\u00e4ytt\u00f6.","robots":{"index":"index","follow":"follow","max-snippet":"max-snippet:-1","max-image-preview":"max-image-preview:large","max-video-preview":"max-video-preview:-1"},"canonical":"https:\/\/medicinasinc.com\/fi\/product\/osta-neste-lsd\/","og_locale":"en_US","og_type":"article","og_title":"Osta nestem\u00e4ist\u00e4 LSD:t\u00e4 \u2013 parhaat maailmanlaajuiset l\u00e4\u00e4kkeet","og_description":"Osta LSD Onlinesta Nestem\u00e4inen LSD, Tiedot Lysergide (LSD) on puolisynteettinen hallusinogeeni ja yksi tehokkaimmista tunnetuista huumeista. Virkistysk\u00e4ytt\u00f6.","og_url":"https:\/\/medicinasinc.com\/fi\/product\/osta-neste-lsd\/","og_site_name":"Medicinas Inc","article_modified_time":"2022-03-22T01:14:43+00:00","og_image":[{"width":512,"height":512,"url":"https:\/\/medicinasinc.com\/fi\/wp-content\/uploads\/sites\/12\/2022\/02\/Buy-Liquid-LSD.jpg","type":"image\/jpeg"}],"twitter_card":"summary_large_image","twitter_misc":{"Est. reading time":"3 minutes"},"schema":{"@context":"https:\/\/schema.org","@graph":[{"@type":"WebPage","@id":"https:\/\/medicinasinc.com\/fi\/product\/osta-neste-lsd\/","url":"https:\/\/medicinasinc.com\/fi\/product\/osta-neste-lsd\/","name":"Osta nestem\u00e4ist\u00e4 LSD:t\u00e4 \u2013 parhaat maailmanlaajuiset l\u00e4\u00e4kkeet","isPartOf":{"@id":"https:\/\/medicinasinc.com\/fi\/#website"},"primaryImageOfPage":{"@id":"https:\/\/medicinasinc.com\/fi\/product\/osta-neste-lsd\/#primaryimage"},"image":{"@id":"https:\/\/medicinasinc.com\/fi\/product\/osta-neste-lsd\/#primaryimage"},"thumbnailUrl":"https:\/\/medicinasinc.com\/fi\/wp-content\/uploads\/sites\/12\/2022\/02\/Buy-Liquid-LSD.jpg","datePublished":"2022-02-20T16:33:58+00:00","dateModified":"2022-03-22T01:14:43+00:00","description":"Osta LSD Onlinesta Nestem\u00e4inen LSD, Tiedot Lysergide (LSD) on puolisynteettinen hallusinogeeni ja yksi tehokkaimmista tunnetuista huumeista. Virkistysk\u00e4ytt\u00f6.","breadcrumb":{"@id":"https:\/\/medicinasinc.com\/fi\/product\/osta-neste-lsd\/#breadcrumb"},"inLanguage":"en-US","potentialAction":[{"@type":"ReadAction","target":["https:\/\/medicinasinc.com\/fi\/product\/osta-neste-lsd\/"]}]},{"@type":"ImageObject","inLanguage":"en-US","@id":"https:\/\/medicinasinc.com\/fi\/product\/osta-neste-lsd\/#primaryimage","url":"https:\/\/medicinasinc.com\/fi\/wp-content\/uploads\/sites\/12\/2022\/02\/Buy-Liquid-LSD.jpg","contentUrl":"https:\/\/medicinasinc.com\/fi\/wp-content\/uploads\/sites\/12\/2022\/02\/Buy-Liquid-LSD.jpg","width":512,"height":512},{"@type":"BreadcrumbList","@id":"https:\/\/medicinasinc.com\/fi\/product\/osta-neste-lsd\/#breadcrumb","itemListElement":[{"@type":"ListItem","position":1,"name":"Myym\u00e4l\u00e4","item":"https:\/\/medicinasinc.com\/fi\/myymala\/"},{"@type":"ListItem","position":2,"name":"Osta nestem\u00e4ist\u00e4 LSD:t\u00e4"}]},{"@type":"WebSite","@id":"https:\/\/medicinasinc.com\/fi\/#website","url":"https:\/\/medicinasinc.com\/fi\/","name":"Medicinas Inc","description":"Health Medical Clinic","potentialAction":[{"@type":"SearchAction","target":{"@type":"EntryPoint","urlTemplate":"https:\/\/medicinasinc.com\/fi\/?s={search_term_string}"},"query-input":{"@type":"PropertyValueSpecification","valueRequired":true,"valueName":"search_term_string"}}],"inLanguage":"en-US"}]}},"_links":{"self":[{"href":"https:\/\/medicinasinc.com\/fi\/wp-json\/wp\/v2\/product\/4829","targetHints":{"allow":["GET"]}}],"collection":[{"href":"https:\/\/medicinasinc.com\/fi\/wp-json\/wp\/v2\/product"}],"about":[{"href":"https:\/\/medicinasinc.com\/fi\/wp-json\/wp\/v2\/types\/product"}],"replies":[{"embeddable":true,"href":"https:\/\/medicinasinc.com\/fi\/wp-json\/wp\/v2\/comments?post=4829"}],"wp:featuredmedia":[{"embeddable":true,"href":"https:\/\/medicinasinc.com\/fi\/wp-json\/wp\/v2\/media\/4842"}],"wp:attachment":[{"href":"https:\/\/medicinasinc.com\/fi\/wp-json\/wp\/v2\/media?parent=4829"}],"wp:term":[{"taxonomy":"product_brand","embeddable":true,"href":"https:\/\/medicinasinc.com\/fi\/wp-json\/wp\/v2\/product_brand?post=4829"},{"taxonomy":"product_cat","embeddable":true,"href":"https:\/\/medicinasinc.com\/fi\/wp-json\/wp\/v2\/product_cat?post=4829"},{"taxonomy":"product_tag","embeddable":true,"href":"https:\/\/medicinasinc.com\/fi\/wp-json\/wp\/v2\/product_tag?post=4829"}],"curies":[{"name":"wp","href":"https:\/\/api.w.org\/{rel}","templated":true}]}}