{"id":4810,"date":"2022-02-20T16:18:47","date_gmt":"2022-02-20T16:18:47","guid":{"rendered":"https:\/\/medicinasinc.com\/fi\/?post_type=product&#038;p=4810"},"modified":"2022-03-22T01:15:03","modified_gmt":"2022-03-22T01:15:03","slug":"osta-thca-crystals-ylahylly","status":"publish","type":"product","link":"https:\/\/medicinasinc.com\/fi\/product\/osta-thca-crystals-ylahylly\/","title":{"rendered":"Osta THCA-kiteit\u00e4 &#8211; yl\u00e4hylly"},"content":{"rendered":"<p>Kiteinen THCA<\/p>\n<p>THCA Kiteinen THCA, jota kutsutaan vaihtoehtoisesti &#8220;kiteiksi&#8221;, &#8220;THC-kiteiksi&#8221; tai &#8220;timanteiksi&#8221;, on kiinte\u00e4n olomuodon kannabistiiviste. Se n\u00e4ytt\u00e4\u00e4 karkealta sokerilta, jota tyypillisesti k\u00e4ytet\u00e4\u00e4n koristelemaan sokerikeksej\u00e4 tai kimaltelemaan paistettujen hedelm\u00e4piirakkaiden pintaa. Crystalline on valmistettu poistamaan kasvimateriaalia ja terpeenej\u00e4, jotka ovat kannabislajikkeen tai -kannan erottuvia aromaattisia ja makuominaisuuksia.<\/p>\n<p>THCA:n MERKITYS Crystalline<\/p>\n<p>Olet ehk\u00e4 kuullut termin &#8221; THC-kiteet&#8221; tai &#8220;kiteinen THC&#8221; k\u00e4ytet\u00e4\u00e4n viittaamaan kiteiseen, mutta THC, joka tuottaa p\u00e4ihdytt\u00e4v\u00e4n korkean, ei ole kiteist\u00e4; kemiallisesti THC ei pysty muodostamaan kiderakennetta. Toisin sanoen se, mit\u00e4 usein kutsutaan &#8220;THC-kiteiksi&#8221;, ei ole puhdasta THC:t\u00e4, vaan puhtaan THCA:n muoto. Kulutuksen aikana THCA kiteytyy aktiiviseksi THC:ksi dekarboksylaation kautta. Kiteinen tuotetaan yhdest\u00e4 kannabinoidista. THCA, CBDA ja CBD ovat ainoat kannabinoidit, jotka ovat saatavilla kiteisess\u00e4 muodossa. Kukaan, joka kuluttaa THCA:ta, CBDA:ta tai CBD:t\u00e4, ei koe p\u00e4ihdytt\u00e4v\u00e4\u00e4 voimaa, vaikka THCA muuttuu kuumennettaessa THC:ksi, mik\u00e4 tekee kiteisest\u00e4 p\u00e4ihdytt\u00e4v\u00e4n.<\/p>\n<p>MITEN LUOMIA KITEIST\u00c4 THCA:ta<\/p>\n<p>Kiteinen poltetaan usein tai taputoidaan taputtelemalla. Dam rig on tupakointilaite, samanlainen kuin pieni vesibong, joka h\u00f6yryst\u00e4\u00e4 kuumennetun kiteen hengitett\u00e4v\u00e4ksi yksitt\u00e4isin\u00e4, mitattuina annoksina. Kiteisi\u00e4 k\u00e4ytet\u00e4\u00e4n usein suun kautta joko sy\u00f6t\u00e4vien tuotteiden ainesosana tai liuotettuna \u00f6ljyyn tinktuuran kaltaisen tuotteen luomiseksi. Kiteet liuotetaan usein kasvi\u00f6ljyyn tai voihin ja niit\u00e4 k\u00e4ytet\u00e4\u00e4n kotitekoisten sy\u00f6mien ainesosana. Kasvi- ja kopra\u00f6ljyt ovat yleisimmin k\u00e4ytettyj\u00e4 liuottimia kiteiden liuottamiseen tinktuuran kaltaisen tuotteen muodostamiseksi.<\/p>\n","protected":false},"excerpt":{"rendered":"<p>Osta thca crystalline verkosta Euroopassa, thca crystal myyt\u00e4v\u00e4n\u00e4, kristallitimantit Alankomaissa, thc crystalline l\u00e4hell\u00e4 minua, thc kristalleja myynniss\u00e4 Euroopassa.<\/p>\n<ul>\n<li>Toimitus maailmanlaajuisesti<\/li>\n<li><strong>tiiviste, joka sis\u00e4lt\u00e4\u00e4 97\u201399 % THC:t\u00e4<\/strong><\/li>\n<li><strong>99 % puhdasta THC-A:ta<\/strong><\/li>\n<li><strong>Ota yhteytt\u00e4 <\/strong>\u00a0suuremmille tilauksille<\/li>\n<\/ul>\n","protected":false},"featured_media":4823,"comment_status":"open","ping_status":"closed","template":"","meta":[],"product_brand":[],"product_cat":[702],"product_tag":[],"class_list":{"0":"post-4810","1":"product","2":"type-product","3":"status-publish","4":"has-post-thumbnail","6":"product_cat-osta-kannabis-vaha","8":"first","9":"instock","10":"shipping-taxable","11":"purchasable","12":"product-type-variable","13":"has-default-attributes"},"yoast_head":"<!-- This site is optimized with the Yoast SEO plugin v27.3 - https:\/\/yoast.com\/product\/yoast-seo-wordpress\/ -->\n<title>Osta THCA-kiteit\u00e4 - ylin hylly - parhaat maailmanlaajuiset l\u00e4\u00e4kkeet<\/title>\n<meta name=\"description\" content=\"Osta thca crystalline verkosta Europe, thca crystal myyt\u00e4v\u00e4n\u00e4, kristallitimantit NL, thc crystalline near me, osta thc kristalli Euroopasta.\" \/>\n<meta name=\"robots\" content=\"index, follow, max-snippet:-1, max-image-preview:large, max-video-preview:-1\" \/>\n<link rel=\"canonical\" href=\"https:\/\/medicinasinc.com\/fi\/product\/osta-thca-crystals-ylahylly\/\" \/>\n<meta property=\"og:locale\" content=\"en_US\" \/>\n<meta property=\"og:type\" content=\"article\" \/>\n<meta property=\"og:title\" content=\"Osta THCA-kiteit\u00e4 - ylin hylly - parhaat maailmanlaajuiset l\u00e4\u00e4kkeet\" \/>\n<meta property=\"og:description\" content=\"Osta thca crystalline verkosta Europe, thca crystal myyt\u00e4v\u00e4n\u00e4, kristallitimantit NL, thc crystalline near me, osta thc kristalli Euroopasta.\" \/>\n<meta property=\"og:url\" content=\"https:\/\/medicinasinc.com\/fi\/product\/osta-thca-crystals-ylahylly\/\" \/>\n<meta property=\"og:site_name\" content=\"Medicinas Inc\" \/>\n<meta property=\"article:modified_time\" content=\"2022-03-22T01:15:03+00:00\" \/>\n<meta property=\"og:image\" content=\"https:\/\/medicinasinc.com\/fi\/wp-content\/uploads\/sites\/12\/2022\/02\/Buy-THCA-Crystals-Top-Shelf.jpg\" \/>\n\t<meta property=\"og:image:width\" content=\"600\" \/>\n\t<meta property=\"og:image:height\" content=\"600\" \/>\n\t<meta property=\"og:image:type\" content=\"image\/jpeg\" \/>\n<meta name=\"twitter:card\" content=\"summary_large_image\" \/>\n<meta name=\"twitter:label1\" content=\"Est. reading time\" \/>\n\t<meta name=\"twitter:data1\" content=\"2 minutes\" \/>\n<script type=\"application\/ld+json\" class=\"yoast-schema-graph\">{\"@context\":\"https:\\\/\\\/schema.org\",\"@graph\":[{\"@type\":\"WebPage\",\"@id\":\"https:\\\/\\\/medicinasinc.com\\\/fi\\\/product\\\/osta-thca-crystals-ylahylly\\\/\",\"url\":\"https:\\\/\\\/medicinasinc.com\\\/fi\\\/product\\\/osta-thca-crystals-ylahylly\\\/\",\"name\":\"Osta THCA-kiteit\u00e4 - ylin hylly - parhaat maailmanlaajuiset l\u00e4\u00e4kkeet\",\"isPartOf\":{\"@id\":\"https:\\\/\\\/medicinasinc.com\\\/fi\\\/#website\"},\"primaryImageOfPage\":{\"@id\":\"https:\\\/\\\/medicinasinc.com\\\/fi\\\/product\\\/osta-thca-crystals-ylahylly\\\/#primaryimage\"},\"image\":{\"@id\":\"https:\\\/\\\/medicinasinc.com\\\/fi\\\/product\\\/osta-thca-crystals-ylahylly\\\/#primaryimage\"},\"thumbnailUrl\":\"https:\\\/\\\/medicinasinc.com\\\/fi\\\/wp-content\\\/uploads\\\/sites\\\/12\\\/2022\\\/02\\\/Buy-THCA-Crystals-Top-Shelf.jpg\",\"datePublished\":\"2022-02-20T16:18:47+00:00\",\"dateModified\":\"2022-03-22T01:15:03+00:00\",\"description\":\"Osta thca crystalline verkosta Europe, thca crystal myyt\u00e4v\u00e4n\u00e4, kristallitimantit NL, thc crystalline near me, osta thc kristalli Euroopasta.\",\"breadcrumb\":{\"@id\":\"https:\\\/\\\/medicinasinc.com\\\/fi\\\/product\\\/osta-thca-crystals-ylahylly\\\/#breadcrumb\"},\"inLanguage\":\"en-US\",\"potentialAction\":[{\"@type\":\"ReadAction\",\"target\":[\"https:\\\/\\\/medicinasinc.com\\\/fi\\\/product\\\/osta-thca-crystals-ylahylly\\\/\"]}]},{\"@type\":\"ImageObject\",\"inLanguage\":\"en-US\",\"@id\":\"https:\\\/\\\/medicinasinc.com\\\/fi\\\/product\\\/osta-thca-crystals-ylahylly\\\/#primaryimage\",\"url\":\"https:\\\/\\\/medicinasinc.com\\\/fi\\\/wp-content\\\/uploads\\\/sites\\\/12\\\/2022\\\/02\\\/Buy-THCA-Crystals-Top-Shelf.jpg\",\"contentUrl\":\"https:\\\/\\\/medicinasinc.com\\\/fi\\\/wp-content\\\/uploads\\\/sites\\\/12\\\/2022\\\/02\\\/Buy-THCA-Crystals-Top-Shelf.jpg\",\"width\":600,\"height\":600},{\"@type\":\"BreadcrumbList\",\"@id\":\"https:\\\/\\\/medicinasinc.com\\\/fi\\\/product\\\/osta-thca-crystals-ylahylly\\\/#breadcrumb\",\"itemListElement\":[{\"@type\":\"ListItem\",\"position\":1,\"name\":\"Myym\u00e4l\u00e4\",\"item\":\"https:\\\/\\\/medicinasinc.com\\\/fi\\\/myymala\\\/\"},{\"@type\":\"ListItem\",\"position\":2,\"name\":\"Osta THCA-kiteit\u00e4 &#8211; yl\u00e4hylly\"}]},{\"@type\":\"WebSite\",\"@id\":\"https:\\\/\\\/medicinasinc.com\\\/fi\\\/#website\",\"url\":\"https:\\\/\\\/medicinasinc.com\\\/fi\\\/\",\"name\":\"Medicinas Inc\",\"description\":\"Health Medical Clinic\",\"potentialAction\":[{\"@type\":\"SearchAction\",\"target\":{\"@type\":\"EntryPoint\",\"urlTemplate\":\"https:\\\/\\\/medicinasinc.com\\\/fi\\\/?s={search_term_string}\"},\"query-input\":{\"@type\":\"PropertyValueSpecification\",\"valueRequired\":true,\"valueName\":\"search_term_string\"}}],\"inLanguage\":\"en-US\"}]}<\/script>\n<!-- \/ Yoast SEO plugin. -->","yoast_head_json":{"title":"Osta THCA-kiteit\u00e4 - ylin hylly - parhaat maailmanlaajuiset l\u00e4\u00e4kkeet","description":"Osta thca crystalline verkosta Europe, thca crystal myyt\u00e4v\u00e4n\u00e4, kristallitimantit NL, thc crystalline near me, osta thc kristalli Euroopasta.","robots":{"index":"index","follow":"follow","max-snippet":"max-snippet:-1","max-image-preview":"max-image-preview:large","max-video-preview":"max-video-preview:-1"},"canonical":"https:\/\/medicinasinc.com\/fi\/product\/osta-thca-crystals-ylahylly\/","og_locale":"en_US","og_type":"article","og_title":"Osta THCA-kiteit\u00e4 - ylin hylly - parhaat maailmanlaajuiset l\u00e4\u00e4kkeet","og_description":"Osta thca crystalline verkosta Europe, thca crystal myyt\u00e4v\u00e4n\u00e4, kristallitimantit NL, thc crystalline near me, osta thc kristalli Euroopasta.","og_url":"https:\/\/medicinasinc.com\/fi\/product\/osta-thca-crystals-ylahylly\/","og_site_name":"Medicinas Inc","article_modified_time":"2022-03-22T01:15:03+00:00","og_image":[{"width":600,"height":600,"url":"https:\/\/medicinasinc.com\/fi\/wp-content\/uploads\/sites\/12\/2022\/02\/Buy-THCA-Crystals-Top-Shelf.jpg","type":"image\/jpeg"}],"twitter_card":"summary_large_image","twitter_misc":{"Est. reading time":"2 minutes"},"schema":{"@context":"https:\/\/schema.org","@graph":[{"@type":"WebPage","@id":"https:\/\/medicinasinc.com\/fi\/product\/osta-thca-crystals-ylahylly\/","url":"https:\/\/medicinasinc.com\/fi\/product\/osta-thca-crystals-ylahylly\/","name":"Osta THCA-kiteit\u00e4 - ylin hylly - parhaat maailmanlaajuiset l\u00e4\u00e4kkeet","isPartOf":{"@id":"https:\/\/medicinasinc.com\/fi\/#website"},"primaryImageOfPage":{"@id":"https:\/\/medicinasinc.com\/fi\/product\/osta-thca-crystals-ylahylly\/#primaryimage"},"image":{"@id":"https:\/\/medicinasinc.com\/fi\/product\/osta-thca-crystals-ylahylly\/#primaryimage"},"thumbnailUrl":"https:\/\/medicinasinc.com\/fi\/wp-content\/uploads\/sites\/12\/2022\/02\/Buy-THCA-Crystals-Top-Shelf.jpg","datePublished":"2022-02-20T16:18:47+00:00","dateModified":"2022-03-22T01:15:03+00:00","description":"Osta thca crystalline verkosta Europe, thca crystal myyt\u00e4v\u00e4n\u00e4, kristallitimantit NL, thc crystalline near me, osta thc kristalli Euroopasta.","breadcrumb":{"@id":"https:\/\/medicinasinc.com\/fi\/product\/osta-thca-crystals-ylahylly\/#breadcrumb"},"inLanguage":"en-US","potentialAction":[{"@type":"ReadAction","target":["https:\/\/medicinasinc.com\/fi\/product\/osta-thca-crystals-ylahylly\/"]}]},{"@type":"ImageObject","inLanguage":"en-US","@id":"https:\/\/medicinasinc.com\/fi\/product\/osta-thca-crystals-ylahylly\/#primaryimage","url":"https:\/\/medicinasinc.com\/fi\/wp-content\/uploads\/sites\/12\/2022\/02\/Buy-THCA-Crystals-Top-Shelf.jpg","contentUrl":"https:\/\/medicinasinc.com\/fi\/wp-content\/uploads\/sites\/12\/2022\/02\/Buy-THCA-Crystals-Top-Shelf.jpg","width":600,"height":600},{"@type":"BreadcrumbList","@id":"https:\/\/medicinasinc.com\/fi\/product\/osta-thca-crystals-ylahylly\/#breadcrumb","itemListElement":[{"@type":"ListItem","position":1,"name":"Myym\u00e4l\u00e4","item":"https:\/\/medicinasinc.com\/fi\/myymala\/"},{"@type":"ListItem","position":2,"name":"Osta THCA-kiteit\u00e4 &#8211; yl\u00e4hylly"}]},{"@type":"WebSite","@id":"https:\/\/medicinasinc.com\/fi\/#website","url":"https:\/\/medicinasinc.com\/fi\/","name":"Medicinas Inc","description":"Health Medical Clinic","potentialAction":[{"@type":"SearchAction","target":{"@type":"EntryPoint","urlTemplate":"https:\/\/medicinasinc.com\/fi\/?s={search_term_string}"},"query-input":{"@type":"PropertyValueSpecification","valueRequired":true,"valueName":"search_term_string"}}],"inLanguage":"en-US"}]}},"_links":{"self":[{"href":"https:\/\/medicinasinc.com\/fi\/wp-json\/wp\/v2\/product\/4810","targetHints":{"allow":["GET"]}}],"collection":[{"href":"https:\/\/medicinasinc.com\/fi\/wp-json\/wp\/v2\/product"}],"about":[{"href":"https:\/\/medicinasinc.com\/fi\/wp-json\/wp\/v2\/types\/product"}],"replies":[{"embeddable":true,"href":"https:\/\/medicinasinc.com\/fi\/wp-json\/wp\/v2\/comments?post=4810"}],"wp:featuredmedia":[{"embeddable":true,"href":"https:\/\/medicinasinc.com\/fi\/wp-json\/wp\/v2\/media\/4823"}],"wp:attachment":[{"href":"https:\/\/medicinasinc.com\/fi\/wp-json\/wp\/v2\/media?parent=4810"}],"wp:term":[{"taxonomy":"product_brand","embeddable":true,"href":"https:\/\/medicinasinc.com\/fi\/wp-json\/wp\/v2\/product_brand?post=4810"},{"taxonomy":"product_cat","embeddable":true,"href":"https:\/\/medicinasinc.com\/fi\/wp-json\/wp\/v2\/product_cat?post=4810"},{"taxonomy":"product_tag","embeddable":true,"href":"https:\/\/medicinasinc.com\/fi\/wp-json\/wp\/v2\/product_tag?post=4810"}],"curies":[{"name":"wp","href":"https:\/\/api.w.org\/{rel}","templated":true}]}}