{"id":4808,"date":"2022-02-20T16:17:53","date_gmt":"2022-02-20T16:17:53","guid":{"rendered":"https:\/\/medicinasinc.com\/fi\/?post_type=product&#038;p=4808"},"modified":"2022-03-22T01:15:12","modified_gmt":"2022-03-22T01:15:12","slug":"osta-1p-lsd-100mcg-blotterit","status":"publish","type":"product","link":"https:\/\/medicinasinc.com\/fi\/product\/osta-1p-lsd-100mcg-blotterit\/","title":{"rendered":"Osta 1P-LSD 100mcg Blotterit"},"content":{"rendered":"<p>Osta 1P-LSD 100mcg Blotterit alennuksella verkosta.<\/p>\n<p>L.S.D. on p\u00e4\u00e4asiassa Indica-kanta, joka on nimetty eritt\u00e4in hallusinogeenisen l\u00e4\u00e4kkeen mukaan, koska kanta on eritt\u00e4in hallusinogeeninen ja aivohalvaus. J\u00e4nnitys alkaa energisell\u00e4 ilon tunteella, joka voi h\u00e4m\u00e4rt\u00e4\u00e4 mielen ja j\u00e4tt\u00e4\u00e4 muutaman asiakkaan t\u00e4ysin sekaisin ja &#8220;\u00e4lyllisesti jumissa&#8221;. Voimakkaasta aivostimulaatiosta huolimatta jotkut asiakkaat kertovat tuntevansa olonsa innovatiivisemmaksi tai sosiaalisemmaksi LSD:n k\u00e4yt\u00f6n j\u00e4lkeen.<\/p>\n<p>Osta 1P-LSD 100mcg Blotterit verkosta alennushintaan.<\/p>\n<p>T\u00e4llainen henkisen stimulaation taso on eritt\u00e4in ep\u00e4tavallista. Indicalle. Kuten Indica-per\u00e4iselt\u00e4 aineelta voi odottaa, L.S.D. sill\u00e4 on my\u00f6s tyypillisi\u00e4 Indica-per\u00e4isi\u00e4 kehon vaikutuksia. Asiakkaat huomaavat usein vallankumouksellisen kehon herkkyytt\u00e4 v\u00e4hent\u00e4v\u00e4n vaikutuksen 1-2 tunnin kuluttua nauttimisesta, kun suurin osa aivovaikutuksesta on loppunut. Haittavaikutuksia voivat olla vatsakipu, silmien kuivuminen, uneliaisuus, p\u00e4\u00e4ns\u00e4rky ja liev\u00e4 ep\u00e4luottamus.<\/p>\n<p>Suurin osa t\u00e4t\u00e4 kantaa voidaan k\u00e4ytt\u00e4\u00e4 mihin aikaan p\u00e4iv\u00e4st\u00e4 tahansa lievitt\u00e4m\u00e4\u00e4n liev\u00e4\u00e4 tai vaikeaa jatkuvaa sykkiv\u00e4\u00e4 kipua. LSD:t\u00e4 m\u00e4\u00e4r\u00e4t\u00e4\u00e4n usein auttamaan paineen, levottomuuden tai kurjuuden hallinnassa. Lis\u00e4ksi potilaat k\u00e4ytt\u00e4v\u00e4t kantaa unettomuuden hoitoon, ja muutamat k\u00e4ytt\u00e4v\u00e4t sit\u00e4 p\u00e4\u00e4ns\u00e4ryn torjuntaan.<\/p>\n<p>L.S.D. on Mazarin ja eritt\u00e4in vanhan Barney&#8217;s Farmin luoman Skunk #1 -lajitelman risteytys. Vaikka t\u00e4t\u00e4 kantaa ei suositella uusille tuottajille, se on eritt\u00e4in helppo kasvattaa, koska se kest\u00e4\u00e4 lukuisia infektioita ja sit\u00e4 voidaan kasvattaa sek\u00e4 ulkona ett\u00e4 sis\u00e4ll\u00e4. L.S.D. kukinta-aika on 65\u201378 p\u00e4iv\u00e4\u00e4. voi tuottaa jopa 650 grammaa neli\u00f6metri\u00e4 kohti. Ajoittain yli 60 senttimetri\u00e4 pitk\u00e4 kanta p\u00e4\u00e4ttyy tyypillisesti huhtikuuhun etel\u00e4iselle p\u00e4iv\u00e4ntasaajalle ja lokakuuhun pohjoiselle. T\u00e4m\u00e4n kannan THC-pitoisuus on jopa 24 %.<\/p>\n","protected":false},"excerpt":{"rendered":"<p>Mist\u00e4 voin ostaa 1P-LSD-blottereja? Markkinoiden parhaat tutkimuskemikaalit &#8211; Nopea toimitus! Osta 1P-LSD Blotterit Bitcoinin kautta, pankkisiirrolla ja muilla tavoilla.<\/p>\n","protected":false},"featured_media":4821,"comment_status":"open","ping_status":"closed","template":"","meta":[],"product_brand":[],"product_cat":[703],"product_tag":[],"class_list":{"0":"post-4808","1":"product","2":"type-product","3":"status-publish","4":"has-post-thumbnail","6":"product_cat-osta-psykedeelisi-lkkeit","8":"first","9":"instock","10":"shipping-taxable","11":"purchasable","12":"product-type-variable","13":"has-default-attributes"},"yoast_head":"<!-- This site is optimized with the Yoast SEO plugin v27.3 - https:\/\/yoast.com\/product\/yoast-seo-wordpress\/ -->\n<title>Osta 1P-LSD halpoja 100 mcg Blottereja \u2013 parhaat maailmanlaajuiset l\u00e4\u00e4kkeet<\/title>\n<meta name=\"description\" content=\"Tilaatko 1P-LSD Blottereja? Parhaat tutkimuskemikaalit - nopea toimitus! Osta 1P-LSD Blotterit Bitcoinilla, pankkisiirrolla ja muilla.\" \/>\n<meta name=\"robots\" content=\"index, follow, max-snippet:-1, max-image-preview:large, max-video-preview:-1\" \/>\n<link rel=\"canonical\" href=\"https:\/\/medicinasinc.com\/fi\/product\/osta-1p-lsd-100mcg-blotterit\/\" \/>\n<meta property=\"og:locale\" content=\"en_US\" \/>\n<meta property=\"og:type\" content=\"article\" \/>\n<meta property=\"og:title\" content=\"Osta 1P-LSD halpoja 100 mcg Blottereja \u2013 parhaat maailmanlaajuiset l\u00e4\u00e4kkeet\" \/>\n<meta property=\"og:description\" content=\"Tilaatko 1P-LSD Blottereja? Parhaat tutkimuskemikaalit - nopea toimitus! Osta 1P-LSD Blotterit Bitcoinilla, pankkisiirrolla ja muilla.\" \/>\n<meta property=\"og:url\" content=\"https:\/\/medicinasinc.com\/fi\/product\/osta-1p-lsd-100mcg-blotterit\/\" \/>\n<meta property=\"og:site_name\" content=\"Medicinas Inc\" \/>\n<meta property=\"article:modified_time\" content=\"2022-03-22T01:15:12+00:00\" \/>\n<meta property=\"og:image\" content=\"https:\/\/medicinasinc.com\/fi\/wp-content\/uploads\/sites\/12\/2022\/02\/Buy-1P-LSD-100mcg-Blotters-cheap-online.jpg\" \/>\n\t<meta property=\"og:image:width\" content=\"600\" \/>\n\t<meta property=\"og:image:height\" content=\"600\" \/>\n\t<meta property=\"og:image:type\" content=\"image\/jpeg\" \/>\n<meta name=\"twitter:card\" content=\"summary_large_image\" \/>\n<meta name=\"twitter:label1\" content=\"Est. reading time\" \/>\n\t<meta name=\"twitter:data1\" content=\"2 minutes\" \/>\n<script type=\"application\/ld+json\" class=\"yoast-schema-graph\">{\"@context\":\"https:\\\/\\\/schema.org\",\"@graph\":[{\"@type\":\"WebPage\",\"@id\":\"https:\\\/\\\/medicinasinc.com\\\/fi\\\/product\\\/osta-1p-lsd-100mcg-blotterit\\\/\",\"url\":\"https:\\\/\\\/medicinasinc.com\\\/fi\\\/product\\\/osta-1p-lsd-100mcg-blotterit\\\/\",\"name\":\"Osta 1P-LSD halpoja 100 mcg Blottereja \u2013 parhaat maailmanlaajuiset l\u00e4\u00e4kkeet\",\"isPartOf\":{\"@id\":\"https:\\\/\\\/medicinasinc.com\\\/fi\\\/#website\"},\"primaryImageOfPage\":{\"@id\":\"https:\\\/\\\/medicinasinc.com\\\/fi\\\/product\\\/osta-1p-lsd-100mcg-blotterit\\\/#primaryimage\"},\"image\":{\"@id\":\"https:\\\/\\\/medicinasinc.com\\\/fi\\\/product\\\/osta-1p-lsd-100mcg-blotterit\\\/#primaryimage\"},\"thumbnailUrl\":\"https:\\\/\\\/medicinasinc.com\\\/fi\\\/wp-content\\\/uploads\\\/sites\\\/12\\\/2022\\\/02\\\/Buy-1P-LSD-100mcg-Blotters-cheap-online.jpg\",\"datePublished\":\"2022-02-20T16:17:53+00:00\",\"dateModified\":\"2022-03-22T01:15:12+00:00\",\"description\":\"Tilaatko 1P-LSD Blottereja? Parhaat tutkimuskemikaalit - nopea toimitus! Osta 1P-LSD Blotterit Bitcoinilla, pankkisiirrolla ja muilla.\",\"breadcrumb\":{\"@id\":\"https:\\\/\\\/medicinasinc.com\\\/fi\\\/product\\\/osta-1p-lsd-100mcg-blotterit\\\/#breadcrumb\"},\"inLanguage\":\"en-US\",\"potentialAction\":[{\"@type\":\"ReadAction\",\"target\":[\"https:\\\/\\\/medicinasinc.com\\\/fi\\\/product\\\/osta-1p-lsd-100mcg-blotterit\\\/\"]}]},{\"@type\":\"ImageObject\",\"inLanguage\":\"en-US\",\"@id\":\"https:\\\/\\\/medicinasinc.com\\\/fi\\\/product\\\/osta-1p-lsd-100mcg-blotterit\\\/#primaryimage\",\"url\":\"https:\\\/\\\/medicinasinc.com\\\/fi\\\/wp-content\\\/uploads\\\/sites\\\/12\\\/2022\\\/02\\\/Buy-1P-LSD-100mcg-Blotters-cheap-online.jpg\",\"contentUrl\":\"https:\\\/\\\/medicinasinc.com\\\/fi\\\/wp-content\\\/uploads\\\/sites\\\/12\\\/2022\\\/02\\\/Buy-1P-LSD-100mcg-Blotters-cheap-online.jpg\",\"width\":600,\"height\":600},{\"@type\":\"BreadcrumbList\",\"@id\":\"https:\\\/\\\/medicinasinc.com\\\/fi\\\/product\\\/osta-1p-lsd-100mcg-blotterit\\\/#breadcrumb\",\"itemListElement\":[{\"@type\":\"ListItem\",\"position\":1,\"name\":\"Myym\u00e4l\u00e4\",\"item\":\"https:\\\/\\\/medicinasinc.com\\\/fi\\\/myymala\\\/\"},{\"@type\":\"ListItem\",\"position\":2,\"name\":\"Osta 1P-LSD 100mcg Blotterit\"}]},{\"@type\":\"WebSite\",\"@id\":\"https:\\\/\\\/medicinasinc.com\\\/fi\\\/#website\",\"url\":\"https:\\\/\\\/medicinasinc.com\\\/fi\\\/\",\"name\":\"Medicinas Inc\",\"description\":\"Health Medical Clinic\",\"potentialAction\":[{\"@type\":\"SearchAction\",\"target\":{\"@type\":\"EntryPoint\",\"urlTemplate\":\"https:\\\/\\\/medicinasinc.com\\\/fi\\\/?s={search_term_string}\"},\"query-input\":{\"@type\":\"PropertyValueSpecification\",\"valueRequired\":true,\"valueName\":\"search_term_string\"}}],\"inLanguage\":\"en-US\"}]}<\/script>\n<!-- \/ Yoast SEO plugin. -->","yoast_head_json":{"title":"Osta 1P-LSD halpoja 100 mcg Blottereja \u2013 parhaat maailmanlaajuiset l\u00e4\u00e4kkeet","description":"Tilaatko 1P-LSD Blottereja? Parhaat tutkimuskemikaalit - nopea toimitus! Osta 1P-LSD Blotterit Bitcoinilla, pankkisiirrolla ja muilla.","robots":{"index":"index","follow":"follow","max-snippet":"max-snippet:-1","max-image-preview":"max-image-preview:large","max-video-preview":"max-video-preview:-1"},"canonical":"https:\/\/medicinasinc.com\/fi\/product\/osta-1p-lsd-100mcg-blotterit\/","og_locale":"en_US","og_type":"article","og_title":"Osta 1P-LSD halpoja 100 mcg Blottereja \u2013 parhaat maailmanlaajuiset l\u00e4\u00e4kkeet","og_description":"Tilaatko 1P-LSD Blottereja? Parhaat tutkimuskemikaalit - nopea toimitus! Osta 1P-LSD Blotterit Bitcoinilla, pankkisiirrolla ja muilla.","og_url":"https:\/\/medicinasinc.com\/fi\/product\/osta-1p-lsd-100mcg-blotterit\/","og_site_name":"Medicinas Inc","article_modified_time":"2022-03-22T01:15:12+00:00","og_image":[{"width":600,"height":600,"url":"https:\/\/medicinasinc.com\/fi\/wp-content\/uploads\/sites\/12\/2022\/02\/Buy-1P-LSD-100mcg-Blotters-cheap-online.jpg","type":"image\/jpeg"}],"twitter_card":"summary_large_image","twitter_misc":{"Est. reading time":"2 minutes"},"schema":{"@context":"https:\/\/schema.org","@graph":[{"@type":"WebPage","@id":"https:\/\/medicinasinc.com\/fi\/product\/osta-1p-lsd-100mcg-blotterit\/","url":"https:\/\/medicinasinc.com\/fi\/product\/osta-1p-lsd-100mcg-blotterit\/","name":"Osta 1P-LSD halpoja 100 mcg Blottereja \u2013 parhaat maailmanlaajuiset l\u00e4\u00e4kkeet","isPartOf":{"@id":"https:\/\/medicinasinc.com\/fi\/#website"},"primaryImageOfPage":{"@id":"https:\/\/medicinasinc.com\/fi\/product\/osta-1p-lsd-100mcg-blotterit\/#primaryimage"},"image":{"@id":"https:\/\/medicinasinc.com\/fi\/product\/osta-1p-lsd-100mcg-blotterit\/#primaryimage"},"thumbnailUrl":"https:\/\/medicinasinc.com\/fi\/wp-content\/uploads\/sites\/12\/2022\/02\/Buy-1P-LSD-100mcg-Blotters-cheap-online.jpg","datePublished":"2022-02-20T16:17:53+00:00","dateModified":"2022-03-22T01:15:12+00:00","description":"Tilaatko 1P-LSD Blottereja? Parhaat tutkimuskemikaalit - nopea toimitus! Osta 1P-LSD Blotterit Bitcoinilla, pankkisiirrolla ja muilla.","breadcrumb":{"@id":"https:\/\/medicinasinc.com\/fi\/product\/osta-1p-lsd-100mcg-blotterit\/#breadcrumb"},"inLanguage":"en-US","potentialAction":[{"@type":"ReadAction","target":["https:\/\/medicinasinc.com\/fi\/product\/osta-1p-lsd-100mcg-blotterit\/"]}]},{"@type":"ImageObject","inLanguage":"en-US","@id":"https:\/\/medicinasinc.com\/fi\/product\/osta-1p-lsd-100mcg-blotterit\/#primaryimage","url":"https:\/\/medicinasinc.com\/fi\/wp-content\/uploads\/sites\/12\/2022\/02\/Buy-1P-LSD-100mcg-Blotters-cheap-online.jpg","contentUrl":"https:\/\/medicinasinc.com\/fi\/wp-content\/uploads\/sites\/12\/2022\/02\/Buy-1P-LSD-100mcg-Blotters-cheap-online.jpg","width":600,"height":600},{"@type":"BreadcrumbList","@id":"https:\/\/medicinasinc.com\/fi\/product\/osta-1p-lsd-100mcg-blotterit\/#breadcrumb","itemListElement":[{"@type":"ListItem","position":1,"name":"Myym\u00e4l\u00e4","item":"https:\/\/medicinasinc.com\/fi\/myymala\/"},{"@type":"ListItem","position":2,"name":"Osta 1P-LSD 100mcg Blotterit"}]},{"@type":"WebSite","@id":"https:\/\/medicinasinc.com\/fi\/#website","url":"https:\/\/medicinasinc.com\/fi\/","name":"Medicinas Inc","description":"Health Medical Clinic","potentialAction":[{"@type":"SearchAction","target":{"@type":"EntryPoint","urlTemplate":"https:\/\/medicinasinc.com\/fi\/?s={search_term_string}"},"query-input":{"@type":"PropertyValueSpecification","valueRequired":true,"valueName":"search_term_string"}}],"inLanguage":"en-US"}]}},"_links":{"self":[{"href":"https:\/\/medicinasinc.com\/fi\/wp-json\/wp\/v2\/product\/4808","targetHints":{"allow":["GET"]}}],"collection":[{"href":"https:\/\/medicinasinc.com\/fi\/wp-json\/wp\/v2\/product"}],"about":[{"href":"https:\/\/medicinasinc.com\/fi\/wp-json\/wp\/v2\/types\/product"}],"replies":[{"embeddable":true,"href":"https:\/\/medicinasinc.com\/fi\/wp-json\/wp\/v2\/comments?post=4808"}],"wp:featuredmedia":[{"embeddable":true,"href":"https:\/\/medicinasinc.com\/fi\/wp-json\/wp\/v2\/media\/4821"}],"wp:attachment":[{"href":"https:\/\/medicinasinc.com\/fi\/wp-json\/wp\/v2\/media?parent=4808"}],"wp:term":[{"taxonomy":"product_brand","embeddable":true,"href":"https:\/\/medicinasinc.com\/fi\/wp-json\/wp\/v2\/product_brand?post=4808"},{"taxonomy":"product_cat","embeddable":true,"href":"https:\/\/medicinasinc.com\/fi\/wp-json\/wp\/v2\/product_cat?post=4808"},{"taxonomy":"product_tag","embeddable":true,"href":"https:\/\/medicinasinc.com\/fi\/wp-json\/wp\/v2\/product_tag?post=4808"}],"curies":[{"name":"wp","href":"https:\/\/api.w.org\/{rel}","templated":true}]}}