{"id":4794,"date":"2022-02-20T16:06:08","date_gmt":"2022-02-20T16:06:08","guid":{"rendered":"https:\/\/medicinasinc.com\/fi\/?post_type=product&#038;p=4794"},"modified":"2022-03-22T01:15:30","modified_gmt":"2022-03-22T01:15:30","slug":"osta-nyc-diesel-budder-ylahylly","status":"publish","type":"product","link":"https:\/\/medicinasinc.com\/fi\/product\/osta-nyc-diesel-budder-ylahylly\/","title":{"rendered":"Osta NYC Diesel Budder &#8211; Top Shelf"},"content":{"rendered":"<p>Osta New York City Diesel Budder \u2013 yl\u00e4hylly<\/p>\n<p>NYC Diesel on 60-prosenttisesti Sativa-kanta, joka on meksikolaisen ja afganistanilaisen maarotugenetiikan risteytys. Se tuoksuu voimakkaasti hapokkailta greipeilt\u00e4 ja happamilta sitrushedelmilt\u00e4. NYC Diesel on erinomainen p\u00e4iv\u00e4rasitus korkean aivostimulaation ansiosta, mik\u00e4 edist\u00e4\u00e4 henkist\u00e4 selkeytt\u00e4 ja valppautta. Energisoivien vaikutustensa lis\u00e4ksi NYC Diesel kohottaa mielialaa ja stimuloi luovuutta, mik\u00e4 tekee siit\u00e4 tehokkaan masennuksen hoidon. Ajan my\u00f6t\u00e4 t\u00e4m\u00e4n kannan vaikutukset aiheuttavat kehossa liev\u00e4n rentoutumisen tilan, joka ei johda uneliaisuuteen, mutta voi lis\u00e4t\u00e4 ruokahalua joillakin k\u00e4ytt\u00e4jill\u00e4. NYC Dieselin tehokkain k\u00e4ytt\u00f6tapa on ahdistuksen\/sosiaalisen ahdistuksen, masennuksen, kroonisen kivun, ruokahaluttomuuden ja huonon mielialan hoidossa.<\/p>\n","protected":false},"excerpt":{"rendered":"<p>Osta NYC Diesel Budderl &#8211; T\u00e4m\u00e4 60-prosenttisesti Sativa-dominoiva kanta on meksikolaisten ja afganistanilaisten maarotujen risteytys nyt saatavilla parhaaseen hintaan.<\/p>\n<ul>\n<li>Maailmanlaajuinen toimitus<\/li>\n<li><strong>97:st\u00e4 koostuva tiiviste -99 % THC<\/strong><\/li>\n<li><strong>99 % puhdasta THC-A<\/strong><\/li>\n<li><strong>Ota meihin yhteytt\u00e4<\/strong>, jos tarvitset suurempia tilauksia<\/li>\n<\/ul>\n","protected":false},"featured_media":4807,"comment_status":"open","ping_status":"closed","template":"","meta":[],"product_brand":[],"product_cat":[702],"product_tag":[],"class_list":{"0":"post-4794","1":"product","2":"type-product","3":"status-publish","4":"has-post-thumbnail","6":"product_cat-osta-kannabis-vaha","8":"first","9":"instock","10":"shipping-taxable","11":"purchasable","12":"product-type-variable","13":"has-default-attributes"},"yoast_head":"<!-- This site is optimized with the Yoast SEO plugin v27.3 - https:\/\/yoast.com\/product\/yoast-seo-wordpress\/ -->\n<title>Osta NYC Diesel Budder \u2013 ylin hylly \u2013 parhaat maailmanlaajuiset l\u00e4\u00e4kkeet<\/title>\n<meta name=\"description\" content=\"Osta NYC Diesel Budderl - Meksikon ja afganistanilaisten maarotujen risteytys, on 60 % Sativa-dominoiva kanta, nyt myynniss\u00e4 parhaaseen hintaan.\" \/>\n<meta name=\"robots\" content=\"index, follow, max-snippet:-1, max-image-preview:large, max-video-preview:-1\" \/>\n<link rel=\"canonical\" href=\"https:\/\/medicinasinc.com\/fi\/product\/osta-nyc-diesel-budder-ylahylly\/\" \/>\n<meta property=\"og:locale\" content=\"en_US\" \/>\n<meta property=\"og:type\" content=\"article\" \/>\n<meta property=\"og:title\" content=\"Osta NYC Diesel Budder \u2013 ylin hylly \u2013 parhaat maailmanlaajuiset l\u00e4\u00e4kkeet\" \/>\n<meta property=\"og:description\" content=\"Osta NYC Diesel Budderl - Meksikon ja afganistanilaisten maarotujen risteytys, on 60 % Sativa-dominoiva kanta, nyt myynniss\u00e4 parhaaseen hintaan.\" \/>\n<meta property=\"og:url\" content=\"https:\/\/medicinasinc.com\/fi\/product\/osta-nyc-diesel-budder-ylahylly\/\" \/>\n<meta property=\"og:site_name\" content=\"Medicinas Inc\" \/>\n<meta property=\"article:modified_time\" content=\"2022-03-22T01:15:30+00:00\" \/>\n<meta property=\"og:image\" content=\"https:\/\/medicinasinc.com\/fi\/wp-content\/uploads\/sites\/12\/2022\/02\/Buy-NYC-Diesel-Budder..jpg\" \/>\n\t<meta property=\"og:image:width\" content=\"600\" \/>\n\t<meta property=\"og:image:height\" content=\"600\" \/>\n\t<meta property=\"og:image:type\" content=\"image\/jpeg\" \/>\n<meta name=\"twitter:card\" content=\"summary_large_image\" \/>\n<meta name=\"twitter:label1\" content=\"Est. reading time\" \/>\n\t<meta name=\"twitter:data1\" content=\"1 minute\" \/>\n<script type=\"application\/ld+json\" class=\"yoast-schema-graph\">{\"@context\":\"https:\\\/\\\/schema.org\",\"@graph\":[{\"@type\":\"WebPage\",\"@id\":\"https:\\\/\\\/medicinasinc.com\\\/fi\\\/product\\\/osta-nyc-diesel-budder-ylahylly\\\/\",\"url\":\"https:\\\/\\\/medicinasinc.com\\\/fi\\\/product\\\/osta-nyc-diesel-budder-ylahylly\\\/\",\"name\":\"Osta NYC Diesel Budder \u2013 ylin hylly \u2013 parhaat maailmanlaajuiset l\u00e4\u00e4kkeet\",\"isPartOf\":{\"@id\":\"https:\\\/\\\/medicinasinc.com\\\/fi\\\/#website\"},\"primaryImageOfPage\":{\"@id\":\"https:\\\/\\\/medicinasinc.com\\\/fi\\\/product\\\/osta-nyc-diesel-budder-ylahylly\\\/#primaryimage\"},\"image\":{\"@id\":\"https:\\\/\\\/medicinasinc.com\\\/fi\\\/product\\\/osta-nyc-diesel-budder-ylahylly\\\/#primaryimage\"},\"thumbnailUrl\":\"https:\\\/\\\/medicinasinc.com\\\/fi\\\/wp-content\\\/uploads\\\/sites\\\/12\\\/2022\\\/02\\\/Buy-NYC-Diesel-Budder..jpg\",\"datePublished\":\"2022-02-20T16:06:08+00:00\",\"dateModified\":\"2022-03-22T01:15:30+00:00\",\"description\":\"Osta NYC Diesel Budderl - Meksikon ja afganistanilaisten maarotujen risteytys, on 60 % Sativa-dominoiva kanta, nyt myynniss\u00e4 parhaaseen hintaan.\",\"breadcrumb\":{\"@id\":\"https:\\\/\\\/medicinasinc.com\\\/fi\\\/product\\\/osta-nyc-diesel-budder-ylahylly\\\/#breadcrumb\"},\"inLanguage\":\"en-US\",\"potentialAction\":[{\"@type\":\"ReadAction\",\"target\":[\"https:\\\/\\\/medicinasinc.com\\\/fi\\\/product\\\/osta-nyc-diesel-budder-ylahylly\\\/\"]}]},{\"@type\":\"ImageObject\",\"inLanguage\":\"en-US\",\"@id\":\"https:\\\/\\\/medicinasinc.com\\\/fi\\\/product\\\/osta-nyc-diesel-budder-ylahylly\\\/#primaryimage\",\"url\":\"https:\\\/\\\/medicinasinc.com\\\/fi\\\/wp-content\\\/uploads\\\/sites\\\/12\\\/2022\\\/02\\\/Buy-NYC-Diesel-Budder..jpg\",\"contentUrl\":\"https:\\\/\\\/medicinasinc.com\\\/fi\\\/wp-content\\\/uploads\\\/sites\\\/12\\\/2022\\\/02\\\/Buy-NYC-Diesel-Budder..jpg\",\"width\":600,\"height\":600},{\"@type\":\"BreadcrumbList\",\"@id\":\"https:\\\/\\\/medicinasinc.com\\\/fi\\\/product\\\/osta-nyc-diesel-budder-ylahylly\\\/#breadcrumb\",\"itemListElement\":[{\"@type\":\"ListItem\",\"position\":1,\"name\":\"Myym\u00e4l\u00e4\",\"item\":\"https:\\\/\\\/medicinasinc.com\\\/fi\\\/myymala\\\/\"},{\"@type\":\"ListItem\",\"position\":2,\"name\":\"Osta NYC Diesel Budder &#8211; Top Shelf\"}]},{\"@type\":\"WebSite\",\"@id\":\"https:\\\/\\\/medicinasinc.com\\\/fi\\\/#website\",\"url\":\"https:\\\/\\\/medicinasinc.com\\\/fi\\\/\",\"name\":\"Medicinas Inc\",\"description\":\"Health Medical Clinic\",\"potentialAction\":[{\"@type\":\"SearchAction\",\"target\":{\"@type\":\"EntryPoint\",\"urlTemplate\":\"https:\\\/\\\/medicinasinc.com\\\/fi\\\/?s={search_term_string}\"},\"query-input\":{\"@type\":\"PropertyValueSpecification\",\"valueRequired\":true,\"valueName\":\"search_term_string\"}}],\"inLanguage\":\"en-US\"}]}<\/script>\n<!-- \/ Yoast SEO plugin. -->","yoast_head_json":{"title":"Osta NYC Diesel Budder \u2013 ylin hylly \u2013 parhaat maailmanlaajuiset l\u00e4\u00e4kkeet","description":"Osta NYC Diesel Budderl - Meksikon ja afganistanilaisten maarotujen risteytys, on 60 % Sativa-dominoiva kanta, nyt myynniss\u00e4 parhaaseen hintaan.","robots":{"index":"index","follow":"follow","max-snippet":"max-snippet:-1","max-image-preview":"max-image-preview:large","max-video-preview":"max-video-preview:-1"},"canonical":"https:\/\/medicinasinc.com\/fi\/product\/osta-nyc-diesel-budder-ylahylly\/","og_locale":"en_US","og_type":"article","og_title":"Osta NYC Diesel Budder \u2013 ylin hylly \u2013 parhaat maailmanlaajuiset l\u00e4\u00e4kkeet","og_description":"Osta NYC Diesel Budderl - Meksikon ja afganistanilaisten maarotujen risteytys, on 60 % Sativa-dominoiva kanta, nyt myynniss\u00e4 parhaaseen hintaan.","og_url":"https:\/\/medicinasinc.com\/fi\/product\/osta-nyc-diesel-budder-ylahylly\/","og_site_name":"Medicinas Inc","article_modified_time":"2022-03-22T01:15:30+00:00","og_image":[{"width":600,"height":600,"url":"https:\/\/medicinasinc.com\/fi\/wp-content\/uploads\/sites\/12\/2022\/02\/Buy-NYC-Diesel-Budder..jpg","type":"image\/jpeg"}],"twitter_card":"summary_large_image","twitter_misc":{"Est. reading time":"1 minute"},"schema":{"@context":"https:\/\/schema.org","@graph":[{"@type":"WebPage","@id":"https:\/\/medicinasinc.com\/fi\/product\/osta-nyc-diesel-budder-ylahylly\/","url":"https:\/\/medicinasinc.com\/fi\/product\/osta-nyc-diesel-budder-ylahylly\/","name":"Osta NYC Diesel Budder \u2013 ylin hylly \u2013 parhaat maailmanlaajuiset l\u00e4\u00e4kkeet","isPartOf":{"@id":"https:\/\/medicinasinc.com\/fi\/#website"},"primaryImageOfPage":{"@id":"https:\/\/medicinasinc.com\/fi\/product\/osta-nyc-diesel-budder-ylahylly\/#primaryimage"},"image":{"@id":"https:\/\/medicinasinc.com\/fi\/product\/osta-nyc-diesel-budder-ylahylly\/#primaryimage"},"thumbnailUrl":"https:\/\/medicinasinc.com\/fi\/wp-content\/uploads\/sites\/12\/2022\/02\/Buy-NYC-Diesel-Budder..jpg","datePublished":"2022-02-20T16:06:08+00:00","dateModified":"2022-03-22T01:15:30+00:00","description":"Osta NYC Diesel Budderl - Meksikon ja afganistanilaisten maarotujen risteytys, on 60 % Sativa-dominoiva kanta, nyt myynniss\u00e4 parhaaseen hintaan.","breadcrumb":{"@id":"https:\/\/medicinasinc.com\/fi\/product\/osta-nyc-diesel-budder-ylahylly\/#breadcrumb"},"inLanguage":"en-US","potentialAction":[{"@type":"ReadAction","target":["https:\/\/medicinasinc.com\/fi\/product\/osta-nyc-diesel-budder-ylahylly\/"]}]},{"@type":"ImageObject","inLanguage":"en-US","@id":"https:\/\/medicinasinc.com\/fi\/product\/osta-nyc-diesel-budder-ylahylly\/#primaryimage","url":"https:\/\/medicinasinc.com\/fi\/wp-content\/uploads\/sites\/12\/2022\/02\/Buy-NYC-Diesel-Budder..jpg","contentUrl":"https:\/\/medicinasinc.com\/fi\/wp-content\/uploads\/sites\/12\/2022\/02\/Buy-NYC-Diesel-Budder..jpg","width":600,"height":600},{"@type":"BreadcrumbList","@id":"https:\/\/medicinasinc.com\/fi\/product\/osta-nyc-diesel-budder-ylahylly\/#breadcrumb","itemListElement":[{"@type":"ListItem","position":1,"name":"Myym\u00e4l\u00e4","item":"https:\/\/medicinasinc.com\/fi\/myymala\/"},{"@type":"ListItem","position":2,"name":"Osta NYC Diesel Budder &#8211; Top Shelf"}]},{"@type":"WebSite","@id":"https:\/\/medicinasinc.com\/fi\/#website","url":"https:\/\/medicinasinc.com\/fi\/","name":"Medicinas Inc","description":"Health Medical Clinic","potentialAction":[{"@type":"SearchAction","target":{"@type":"EntryPoint","urlTemplate":"https:\/\/medicinasinc.com\/fi\/?s={search_term_string}"},"query-input":{"@type":"PropertyValueSpecification","valueRequired":true,"valueName":"search_term_string"}}],"inLanguage":"en-US"}]}},"_links":{"self":[{"href":"https:\/\/medicinasinc.com\/fi\/wp-json\/wp\/v2\/product\/4794","targetHints":{"allow":["GET"]}}],"collection":[{"href":"https:\/\/medicinasinc.com\/fi\/wp-json\/wp\/v2\/product"}],"about":[{"href":"https:\/\/medicinasinc.com\/fi\/wp-json\/wp\/v2\/types\/product"}],"replies":[{"embeddable":true,"href":"https:\/\/medicinasinc.com\/fi\/wp-json\/wp\/v2\/comments?post=4794"}],"wp:featuredmedia":[{"embeddable":true,"href":"https:\/\/medicinasinc.com\/fi\/wp-json\/wp\/v2\/media\/4807"}],"wp:attachment":[{"href":"https:\/\/medicinasinc.com\/fi\/wp-json\/wp\/v2\/media?parent=4794"}],"wp:term":[{"taxonomy":"product_brand","embeddable":true,"href":"https:\/\/medicinasinc.com\/fi\/wp-json\/wp\/v2\/product_brand?post=4794"},{"taxonomy":"product_cat","embeddable":true,"href":"https:\/\/medicinasinc.com\/fi\/wp-json\/wp\/v2\/product_cat?post=4794"},{"taxonomy":"product_tag","embeddable":true,"href":"https:\/\/medicinasinc.com\/fi\/wp-json\/wp\/v2\/product_tag?post=4794"}],"curies":[{"name":"wp","href":"https:\/\/api.w.org\/{rel}","templated":true}]}}