{"id":4780,"date":"2022-02-20T15:56:42","date_gmt":"2022-02-20T15:56:42","guid":{"rendered":"https:\/\/medicinasinc.com\/fi\/?post_type=product&#038;p=4780"},"modified":"2022-03-22T01:15:38","modified_gmt":"2022-03-22T01:15:38","slug":"osta-rasvainen-vaaleanpunainen-bubba-nuppu-ylahylly","status":"publish","type":"product","link":"https:\/\/medicinasinc.com\/fi\/product\/osta-rasvainen-vaaleanpunainen-bubba-nuppu-ylahylly\/","title":{"rendered":"Osta Rasvainen Pink Bubba Budder \u2013 yl\u00e4hylly"},"content":{"rendered":"<p>Osta Greasy Pink Bubba Budder Top Shelf -j\u00e4lleenmyyj\u00e4lt\u00e4.<\/p>\n<p>&#8220;Greasy&#8221; Pink Bubba on ensisijaisesti indica-kanta, joka on johdettu Pink Kush- ja Bubba Kush -genetiikasta. Ehk\u00e4 parhaiten nautittava iltaisin, &#8220;Greasy&#8221; Pink Bubba tarjoaa voimakkaan annoksen fyysist\u00e4 rentoutumista, joka lievitt\u00e4\u00e4 v\u00e4litt\u00f6m\u00e4sti kehon s\u00e4rkyj\u00e4 ja kipuja. T\u00e4t\u00e4 rauhallista rentoutumista seuraa rauhallinen euforia, joka tuudittaa k\u00e4ytt\u00e4j\u00e4n v\u00e4hitellen unenomaiseen ja rauhan tilaan. &#8216;Greasy&#8217; Pink Bubban tehosteet hiipiv\u00e4t v\u00e4hitellen k\u00e4ytt\u00e4j\u00e4n ylle, tuudittaen k\u00e4ytt\u00e4j\u00e4n hell\u00e4sti n\u00e4ihin autuaan rentouttaviin tehosteisiin. T\u00e4ll\u00e4 lajikkeella on klassinen Kush-tuoksu, jossa on maanl\u00e4heisi\u00e4 ja vaaleanpunaisia \u200b\u200bpohjas\u00e4vyj\u00e4 ja kukkaisia \u200b\u200bvivahteita, jotka viipyv\u00e4t makuaistiin. Pink Bubba &#8216;Greasy&#8217; voidaan k\u00e4ytt\u00e4\u00e4 erilaisten sairauksien hoitoon, mukaan lukien masennus, ahdistuneisuus, krooninen stressi, pahoinvointi, krooninen kipu ja tulehdus, migreeni\/p\u00e4\u00e4ns\u00e4rky ja unettomuus.<\/p>\n","protected":false},"excerpt":{"rendered":"<p>Osta Greasy Pink Bubba Budder Top Shelf -j\u00e4lleenmyyj\u00e4lt\u00e4.<\/p>\n<p>&nbsp;<\/p>\n<ul>\n<li>Toimitus maailmanlaajuisesti<\/li>\n<li>Pienin tilausm\u00e4\u00e4r\u00e4 on <strong> 3<\/strong><\/li>\n<li><strong>Ota yhteytt\u00e4<\/strong>\u00a0jos tarvitset suurempia tilauksia.<\/li>\n<\/ul>\n","protected":false},"featured_media":4795,"comment_status":"open","ping_status":"closed","template":"","meta":[],"product_brand":[],"product_cat":[702],"product_tag":[],"class_list":{"0":"post-4780","1":"product","2":"type-product","3":"status-publish","4":"has-post-thumbnail","6":"product_cat-osta-kannabis-vaha","8":"first","9":"instock","10":"shipping-taxable","11":"purchasable","12":"product-type-variable","13":"has-default-attributes"},"yoast_head":"<!-- This site is optimized with the Yoast SEO plugin v27.3 - https:\/\/yoast.com\/product\/yoast-seo-wordpress\/ -->\n<title>Osta Rasvainen Pink Bubba Budder \u2013 yl\u00e4hylly - Medicinas Inc<\/title>\n<meta name=\"description\" content=\"Osta Greasy Pink Bubba Budder Top Shelf -j\u00e4lleenmyyj\u00e4lt\u00e4.\" \/>\n<meta name=\"robots\" content=\"index, follow, max-snippet:-1, max-image-preview:large, max-video-preview:-1\" \/>\n<link rel=\"canonical\" href=\"https:\/\/medicinasinc.com\/fi\/product\/osta-rasvainen-vaaleanpunainen-bubba-nuppu-ylahylly\/\" \/>\n<meta property=\"og:locale\" content=\"en_US\" \/>\n<meta property=\"og:type\" content=\"article\" \/>\n<meta property=\"og:title\" content=\"Osta Rasvainen Pink Bubba Budder \u2013 yl\u00e4hylly - Medicinas Inc\" \/>\n<meta property=\"og:description\" content=\"Osta Greasy Pink Bubba Budder Top Shelf -j\u00e4lleenmyyj\u00e4lt\u00e4.\" \/>\n<meta property=\"og:url\" content=\"https:\/\/medicinasinc.com\/fi\/product\/osta-rasvainen-vaaleanpunainen-bubba-nuppu-ylahylly\/\" \/>\n<meta property=\"og:site_name\" content=\"Medicinas Inc\" \/>\n<meta property=\"article:modified_time\" content=\"2022-03-22T01:15:38+00:00\" \/>\n<meta property=\"og:image\" content=\"https:\/\/medicinasinc.com\/fi\/wp-content\/uploads\/sites\/12\/2022\/02\/Buy-Greasy-Pink-Bubba-Budder.jpg\" \/>\n\t<meta property=\"og:image:width\" content=\"600\" \/>\n\t<meta property=\"og:image:height\" content=\"600\" \/>\n\t<meta property=\"og:image:type\" content=\"image\/jpeg\" \/>\n<meta name=\"twitter:card\" content=\"summary_large_image\" \/>\n<meta name=\"twitter:label1\" content=\"Est. reading time\" \/>\n\t<meta name=\"twitter:data1\" content=\"1 minute\" \/>\n<script type=\"application\/ld+json\" class=\"yoast-schema-graph\">{\"@context\":\"https:\\\/\\\/schema.org\",\"@graph\":[{\"@type\":\"WebPage\",\"@id\":\"https:\\\/\\\/medicinasinc.com\\\/fi\\\/product\\\/osta-rasvainen-vaaleanpunainen-bubba-nuppu-ylahylly\\\/\",\"url\":\"https:\\\/\\\/medicinasinc.com\\\/fi\\\/product\\\/osta-rasvainen-vaaleanpunainen-bubba-nuppu-ylahylly\\\/\",\"name\":\"Osta Rasvainen Pink Bubba Budder \u2013 yl\u00e4hylly - Medicinas Inc\",\"isPartOf\":{\"@id\":\"https:\\\/\\\/medicinasinc.com\\\/fi\\\/#website\"},\"primaryImageOfPage\":{\"@id\":\"https:\\\/\\\/medicinasinc.com\\\/fi\\\/product\\\/osta-rasvainen-vaaleanpunainen-bubba-nuppu-ylahylly\\\/#primaryimage\"},\"image\":{\"@id\":\"https:\\\/\\\/medicinasinc.com\\\/fi\\\/product\\\/osta-rasvainen-vaaleanpunainen-bubba-nuppu-ylahylly\\\/#primaryimage\"},\"thumbnailUrl\":\"https:\\\/\\\/medicinasinc.com\\\/fi\\\/wp-content\\\/uploads\\\/sites\\\/12\\\/2022\\\/02\\\/Buy-Greasy-Pink-Bubba-Budder.jpg\",\"datePublished\":\"2022-02-20T15:56:42+00:00\",\"dateModified\":\"2022-03-22T01:15:38+00:00\",\"description\":\"Osta Greasy Pink Bubba Budder Top Shelf -j\u00e4lleenmyyj\u00e4lt\u00e4.\",\"breadcrumb\":{\"@id\":\"https:\\\/\\\/medicinasinc.com\\\/fi\\\/product\\\/osta-rasvainen-vaaleanpunainen-bubba-nuppu-ylahylly\\\/#breadcrumb\"},\"inLanguage\":\"en-US\",\"potentialAction\":[{\"@type\":\"ReadAction\",\"target\":[\"https:\\\/\\\/medicinasinc.com\\\/fi\\\/product\\\/osta-rasvainen-vaaleanpunainen-bubba-nuppu-ylahylly\\\/\"]}]},{\"@type\":\"ImageObject\",\"inLanguage\":\"en-US\",\"@id\":\"https:\\\/\\\/medicinasinc.com\\\/fi\\\/product\\\/osta-rasvainen-vaaleanpunainen-bubba-nuppu-ylahylly\\\/#primaryimage\",\"url\":\"https:\\\/\\\/medicinasinc.com\\\/fi\\\/wp-content\\\/uploads\\\/sites\\\/12\\\/2022\\\/02\\\/Buy-Greasy-Pink-Bubba-Budder.jpg\",\"contentUrl\":\"https:\\\/\\\/medicinasinc.com\\\/fi\\\/wp-content\\\/uploads\\\/sites\\\/12\\\/2022\\\/02\\\/Buy-Greasy-Pink-Bubba-Budder.jpg\",\"width\":600,\"height\":600},{\"@type\":\"BreadcrumbList\",\"@id\":\"https:\\\/\\\/medicinasinc.com\\\/fi\\\/product\\\/osta-rasvainen-vaaleanpunainen-bubba-nuppu-ylahylly\\\/#breadcrumb\",\"itemListElement\":[{\"@type\":\"ListItem\",\"position\":1,\"name\":\"Myym\u00e4l\u00e4\",\"item\":\"https:\\\/\\\/medicinasinc.com\\\/fi\\\/myymala\\\/\"},{\"@type\":\"ListItem\",\"position\":2,\"name\":\"Osta Rasvainen Pink Bubba Budder \u2013 yl\u00e4hylly\"}]},{\"@type\":\"WebSite\",\"@id\":\"https:\\\/\\\/medicinasinc.com\\\/fi\\\/#website\",\"url\":\"https:\\\/\\\/medicinasinc.com\\\/fi\\\/\",\"name\":\"Medicinas Inc\",\"description\":\"Health Medical Clinic\",\"potentialAction\":[{\"@type\":\"SearchAction\",\"target\":{\"@type\":\"EntryPoint\",\"urlTemplate\":\"https:\\\/\\\/medicinasinc.com\\\/fi\\\/?s={search_term_string}\"},\"query-input\":{\"@type\":\"PropertyValueSpecification\",\"valueRequired\":true,\"valueName\":\"search_term_string\"}}],\"inLanguage\":\"en-US\"}]}<\/script>\n<!-- \/ Yoast SEO plugin. -->","yoast_head_json":{"title":"Osta Rasvainen Pink Bubba Budder \u2013 yl\u00e4hylly - Medicinas Inc","description":"Osta Greasy Pink Bubba Budder Top Shelf -j\u00e4lleenmyyj\u00e4lt\u00e4.","robots":{"index":"index","follow":"follow","max-snippet":"max-snippet:-1","max-image-preview":"max-image-preview:large","max-video-preview":"max-video-preview:-1"},"canonical":"https:\/\/medicinasinc.com\/fi\/product\/osta-rasvainen-vaaleanpunainen-bubba-nuppu-ylahylly\/","og_locale":"en_US","og_type":"article","og_title":"Osta Rasvainen Pink Bubba Budder \u2013 yl\u00e4hylly - Medicinas Inc","og_description":"Osta Greasy Pink Bubba Budder Top Shelf -j\u00e4lleenmyyj\u00e4lt\u00e4.","og_url":"https:\/\/medicinasinc.com\/fi\/product\/osta-rasvainen-vaaleanpunainen-bubba-nuppu-ylahylly\/","og_site_name":"Medicinas Inc","article_modified_time":"2022-03-22T01:15:38+00:00","og_image":[{"width":600,"height":600,"url":"https:\/\/medicinasinc.com\/fi\/wp-content\/uploads\/sites\/12\/2022\/02\/Buy-Greasy-Pink-Bubba-Budder.jpg","type":"image\/jpeg"}],"twitter_card":"summary_large_image","twitter_misc":{"Est. reading time":"1 minute"},"schema":{"@context":"https:\/\/schema.org","@graph":[{"@type":"WebPage","@id":"https:\/\/medicinasinc.com\/fi\/product\/osta-rasvainen-vaaleanpunainen-bubba-nuppu-ylahylly\/","url":"https:\/\/medicinasinc.com\/fi\/product\/osta-rasvainen-vaaleanpunainen-bubba-nuppu-ylahylly\/","name":"Osta Rasvainen Pink Bubba Budder \u2013 yl\u00e4hylly - Medicinas Inc","isPartOf":{"@id":"https:\/\/medicinasinc.com\/fi\/#website"},"primaryImageOfPage":{"@id":"https:\/\/medicinasinc.com\/fi\/product\/osta-rasvainen-vaaleanpunainen-bubba-nuppu-ylahylly\/#primaryimage"},"image":{"@id":"https:\/\/medicinasinc.com\/fi\/product\/osta-rasvainen-vaaleanpunainen-bubba-nuppu-ylahylly\/#primaryimage"},"thumbnailUrl":"https:\/\/medicinasinc.com\/fi\/wp-content\/uploads\/sites\/12\/2022\/02\/Buy-Greasy-Pink-Bubba-Budder.jpg","datePublished":"2022-02-20T15:56:42+00:00","dateModified":"2022-03-22T01:15:38+00:00","description":"Osta Greasy Pink Bubba Budder Top Shelf -j\u00e4lleenmyyj\u00e4lt\u00e4.","breadcrumb":{"@id":"https:\/\/medicinasinc.com\/fi\/product\/osta-rasvainen-vaaleanpunainen-bubba-nuppu-ylahylly\/#breadcrumb"},"inLanguage":"en-US","potentialAction":[{"@type":"ReadAction","target":["https:\/\/medicinasinc.com\/fi\/product\/osta-rasvainen-vaaleanpunainen-bubba-nuppu-ylahylly\/"]}]},{"@type":"ImageObject","inLanguage":"en-US","@id":"https:\/\/medicinasinc.com\/fi\/product\/osta-rasvainen-vaaleanpunainen-bubba-nuppu-ylahylly\/#primaryimage","url":"https:\/\/medicinasinc.com\/fi\/wp-content\/uploads\/sites\/12\/2022\/02\/Buy-Greasy-Pink-Bubba-Budder.jpg","contentUrl":"https:\/\/medicinasinc.com\/fi\/wp-content\/uploads\/sites\/12\/2022\/02\/Buy-Greasy-Pink-Bubba-Budder.jpg","width":600,"height":600},{"@type":"BreadcrumbList","@id":"https:\/\/medicinasinc.com\/fi\/product\/osta-rasvainen-vaaleanpunainen-bubba-nuppu-ylahylly\/#breadcrumb","itemListElement":[{"@type":"ListItem","position":1,"name":"Myym\u00e4l\u00e4","item":"https:\/\/medicinasinc.com\/fi\/myymala\/"},{"@type":"ListItem","position":2,"name":"Osta Rasvainen Pink Bubba Budder \u2013 yl\u00e4hylly"}]},{"@type":"WebSite","@id":"https:\/\/medicinasinc.com\/fi\/#website","url":"https:\/\/medicinasinc.com\/fi\/","name":"Medicinas Inc","description":"Health Medical Clinic","potentialAction":[{"@type":"SearchAction","target":{"@type":"EntryPoint","urlTemplate":"https:\/\/medicinasinc.com\/fi\/?s={search_term_string}"},"query-input":{"@type":"PropertyValueSpecification","valueRequired":true,"valueName":"search_term_string"}}],"inLanguage":"en-US"}]}},"_links":{"self":[{"href":"https:\/\/medicinasinc.com\/fi\/wp-json\/wp\/v2\/product\/4780","targetHints":{"allow":["GET"]}}],"collection":[{"href":"https:\/\/medicinasinc.com\/fi\/wp-json\/wp\/v2\/product"}],"about":[{"href":"https:\/\/medicinasinc.com\/fi\/wp-json\/wp\/v2\/types\/product"}],"replies":[{"embeddable":true,"href":"https:\/\/medicinasinc.com\/fi\/wp-json\/wp\/v2\/comments?post=4780"}],"wp:featuredmedia":[{"embeddable":true,"href":"https:\/\/medicinasinc.com\/fi\/wp-json\/wp\/v2\/media\/4795"}],"wp:attachment":[{"href":"https:\/\/medicinasinc.com\/fi\/wp-json\/wp\/v2\/media?parent=4780"}],"wp:term":[{"taxonomy":"product_brand","embeddable":true,"href":"https:\/\/medicinasinc.com\/fi\/wp-json\/wp\/v2\/product_brand?post=4780"},{"taxonomy":"product_cat","embeddable":true,"href":"https:\/\/medicinasinc.com\/fi\/wp-json\/wp\/v2\/product_cat?post=4780"},{"taxonomy":"product_tag","embeddable":true,"href":"https:\/\/medicinasinc.com\/fi\/wp-json\/wp\/v2\/product_tag?post=4780"}],"curies":[{"name":"wp","href":"https:\/\/api.w.org\/{rel}","templated":true}]}}