{"id":4779,"date":"2022-02-20T15:55:42","date_gmt":"2022-02-20T15:55:42","guid":{"rendered":"https:\/\/medicinasinc.com\/fi\/?post_type=product&#038;p=4779"},"modified":"2022-03-22T01:15:46","modified_gmt":"2022-03-22T01:15:46","slug":"osta-alaskan-ukkonen-vitut-budder-ylahylly","status":"publish","type":"product","link":"https:\/\/medicinasinc.com\/fi\/product\/osta-alaskan-ukkonen-vitut-budder-ylahylly\/","title":{"rendered":"Osta Alaskan Thunder Fuck Budder \u2013 yl\u00e4hylly"},"content":{"rendered":"<p>Osta Alaskan Thunder Fuck Budder \u2013 ensiluokkainen laatu<\/p>\n<p>Alaskan Thunder Fuck, lyhennettyn\u00e4 ATF, Matanuska Thunder Fuck tai Matanuska Tundra, on harvinainen sativadominoiva kanta, joka on per\u00e4isin Alaskan Matanuska-laaksosta. Sen uskotaan syntyneen Pohjois-Kalifornian sativan ja ven\u00e4l\u00e4isen ruderaliksen risteytyksen\u00e4, ennen kuin se risteytyi afgaanigenetiikan kanssa 1970-luvun lopulla. T\u00e4ll\u00e4 lajikkeella on pist\u00e4v\u00e4 tuoksu, jossa m\u00e4nty ja sitruuna yhdistyv\u00e4t haisunpuun ja mentolin tuoksuihin. ATF on ihastunut ruokahalua stimuloivien ominaisuuksiensa ja k\u00f6ynn\u00f6sten kaltaisten ominaisuuksiensa vuoksi. ATF-korkeus alkaa aivostimulaatiolla, joka edist\u00e4\u00e4 sosiaalista vuorovaikutusta ja luovuutta. Kun euforian voimakkuus lis\u00e4\u00e4ntyy, keho alkaa rentoutua ja n\u00e4lk\u00e4 iskee. Alaskan Thunder Fuckia voidaan k\u00e4ytt\u00e4\u00e4 kroonisen stressin, masennuksen ja liev\u00e4n tai kohtalaisen kivun hoitoon.<\/p>\n","protected":false},"excerpt":{"rendered":"<p>Osta Alaskan Thunder Fuck Budder \u2013 ensiluokkainen laatu<\/p>\n<p>&nbsp;<\/p>\n<ul>\n<li>Maailmanlaajuinen toimitus<\/li>\n<li>Tilauksen v\u00e4himm\u00e4ism\u00e4\u00e4r\u00e4 on <strong>3<\/p>\n<p> strong&gt;<\/li>\n<li><strong>Ota yhteytt\u00e4<\/strong>\u00a0jos tarvitset suurempia tilauksia.<\/li>\n<\/ul>\n","protected":false},"featured_media":4793,"comment_status":"open","ping_status":"closed","template":"","meta":[],"product_brand":[],"product_cat":[702],"product_tag":[],"class_list":{"0":"post-4779","1":"product","2":"type-product","3":"status-publish","4":"has-post-thumbnail","6":"product_cat-osta-kannabis-vaha","8":"first","9":"instock","10":"shipping-taxable","11":"purchasable","12":"product-type-variable","13":"has-default-attributes"},"yoast_head":"<!-- This site is optimized with the Yoast SEO plugin v27.3 - https:\/\/yoast.com\/product\/yoast-seo-wordpress\/ -->\n<title>Osta Alaskan Thunder Fuck Budder \u2013 yl\u00e4hylly - Medicinas Inc<\/title>\n<meta name=\"description\" content=\"Osta Alaskan Thunder Fuck Budder \u2013 ensiluokkaista laatua\" \/>\n<meta name=\"robots\" content=\"index, follow, max-snippet:-1, max-image-preview:large, max-video-preview:-1\" \/>\n<link rel=\"canonical\" href=\"https:\/\/medicinasinc.com\/fi\/product\/osta-alaskan-ukkonen-vitut-budder-ylahylly\/\" \/>\n<meta property=\"og:locale\" content=\"en_US\" \/>\n<meta property=\"og:type\" content=\"article\" \/>\n<meta property=\"og:title\" content=\"Osta Alaskan Thunder Fuck Budder \u2013 yl\u00e4hylly - Medicinas Inc\" \/>\n<meta property=\"og:description\" content=\"Osta Alaskan Thunder Fuck Budder \u2013 ensiluokkaista laatua\" \/>\n<meta property=\"og:url\" content=\"https:\/\/medicinasinc.com\/fi\/product\/osta-alaskan-ukkonen-vitut-budder-ylahylly\/\" \/>\n<meta property=\"og:site_name\" content=\"Medicinas Inc\" \/>\n<meta property=\"article:modified_time\" content=\"2022-03-22T01:15:46+00:00\" \/>\n<meta property=\"og:image\" content=\"https:\/\/medicinasinc.com\/fi\/wp-content\/uploads\/sites\/12\/2022\/02\/Buy-Alaskan-Thunder-Fuck-Budder.jpg\" \/>\n\t<meta property=\"og:image:width\" content=\"600\" \/>\n\t<meta property=\"og:image:height\" content=\"600\" \/>\n\t<meta property=\"og:image:type\" content=\"image\/jpeg\" \/>\n<meta name=\"twitter:card\" content=\"summary_large_image\" \/>\n<meta name=\"twitter:label1\" content=\"Est. reading time\" \/>\n\t<meta name=\"twitter:data1\" content=\"1 minute\" \/>\n<script type=\"application\/ld+json\" class=\"yoast-schema-graph\">{\"@context\":\"https:\\\/\\\/schema.org\",\"@graph\":[{\"@type\":\"WebPage\",\"@id\":\"https:\\\/\\\/medicinasinc.com\\\/fi\\\/product\\\/osta-alaskan-ukkonen-vitut-budder-ylahylly\\\/\",\"url\":\"https:\\\/\\\/medicinasinc.com\\\/fi\\\/product\\\/osta-alaskan-ukkonen-vitut-budder-ylahylly\\\/\",\"name\":\"Osta Alaskan Thunder Fuck Budder \u2013 yl\u00e4hylly - Medicinas Inc\",\"isPartOf\":{\"@id\":\"https:\\\/\\\/medicinasinc.com\\\/fi\\\/#website\"},\"primaryImageOfPage\":{\"@id\":\"https:\\\/\\\/medicinasinc.com\\\/fi\\\/product\\\/osta-alaskan-ukkonen-vitut-budder-ylahylly\\\/#primaryimage\"},\"image\":{\"@id\":\"https:\\\/\\\/medicinasinc.com\\\/fi\\\/product\\\/osta-alaskan-ukkonen-vitut-budder-ylahylly\\\/#primaryimage\"},\"thumbnailUrl\":\"https:\\\/\\\/medicinasinc.com\\\/fi\\\/wp-content\\\/uploads\\\/sites\\\/12\\\/2022\\\/02\\\/Buy-Alaskan-Thunder-Fuck-Budder.jpg\",\"datePublished\":\"2022-02-20T15:55:42+00:00\",\"dateModified\":\"2022-03-22T01:15:46+00:00\",\"description\":\"Osta Alaskan Thunder Fuck Budder \u2013 ensiluokkaista laatua\",\"breadcrumb\":{\"@id\":\"https:\\\/\\\/medicinasinc.com\\\/fi\\\/product\\\/osta-alaskan-ukkonen-vitut-budder-ylahylly\\\/#breadcrumb\"},\"inLanguage\":\"en-US\",\"potentialAction\":[{\"@type\":\"ReadAction\",\"target\":[\"https:\\\/\\\/medicinasinc.com\\\/fi\\\/product\\\/osta-alaskan-ukkonen-vitut-budder-ylahylly\\\/\"]}]},{\"@type\":\"ImageObject\",\"inLanguage\":\"en-US\",\"@id\":\"https:\\\/\\\/medicinasinc.com\\\/fi\\\/product\\\/osta-alaskan-ukkonen-vitut-budder-ylahylly\\\/#primaryimage\",\"url\":\"https:\\\/\\\/medicinasinc.com\\\/fi\\\/wp-content\\\/uploads\\\/sites\\\/12\\\/2022\\\/02\\\/Buy-Alaskan-Thunder-Fuck-Budder.jpg\",\"contentUrl\":\"https:\\\/\\\/medicinasinc.com\\\/fi\\\/wp-content\\\/uploads\\\/sites\\\/12\\\/2022\\\/02\\\/Buy-Alaskan-Thunder-Fuck-Budder.jpg\",\"width\":600,\"height\":600},{\"@type\":\"BreadcrumbList\",\"@id\":\"https:\\\/\\\/medicinasinc.com\\\/fi\\\/product\\\/osta-alaskan-ukkonen-vitut-budder-ylahylly\\\/#breadcrumb\",\"itemListElement\":[{\"@type\":\"ListItem\",\"position\":1,\"name\":\"Myym\u00e4l\u00e4\",\"item\":\"https:\\\/\\\/medicinasinc.com\\\/fi\\\/myymala\\\/\"},{\"@type\":\"ListItem\",\"position\":2,\"name\":\"Osta Alaskan Thunder Fuck Budder \u2013 yl\u00e4hylly\"}]},{\"@type\":\"WebSite\",\"@id\":\"https:\\\/\\\/medicinasinc.com\\\/fi\\\/#website\",\"url\":\"https:\\\/\\\/medicinasinc.com\\\/fi\\\/\",\"name\":\"Medicinas Inc\",\"description\":\"Health Medical Clinic\",\"potentialAction\":[{\"@type\":\"SearchAction\",\"target\":{\"@type\":\"EntryPoint\",\"urlTemplate\":\"https:\\\/\\\/medicinasinc.com\\\/fi\\\/?s={search_term_string}\"},\"query-input\":{\"@type\":\"PropertyValueSpecification\",\"valueRequired\":true,\"valueName\":\"search_term_string\"}}],\"inLanguage\":\"en-US\"}]}<\/script>\n<!-- \/ Yoast SEO plugin. -->","yoast_head_json":{"title":"Osta Alaskan Thunder Fuck Budder \u2013 yl\u00e4hylly - Medicinas Inc","description":"Osta Alaskan Thunder Fuck Budder \u2013 ensiluokkaista laatua","robots":{"index":"index","follow":"follow","max-snippet":"max-snippet:-1","max-image-preview":"max-image-preview:large","max-video-preview":"max-video-preview:-1"},"canonical":"https:\/\/medicinasinc.com\/fi\/product\/osta-alaskan-ukkonen-vitut-budder-ylahylly\/","og_locale":"en_US","og_type":"article","og_title":"Osta Alaskan Thunder Fuck Budder \u2013 yl\u00e4hylly - Medicinas Inc","og_description":"Osta Alaskan Thunder Fuck Budder \u2013 ensiluokkaista laatua","og_url":"https:\/\/medicinasinc.com\/fi\/product\/osta-alaskan-ukkonen-vitut-budder-ylahylly\/","og_site_name":"Medicinas Inc","article_modified_time":"2022-03-22T01:15:46+00:00","og_image":[{"width":600,"height":600,"url":"https:\/\/medicinasinc.com\/fi\/wp-content\/uploads\/sites\/12\/2022\/02\/Buy-Alaskan-Thunder-Fuck-Budder.jpg","type":"image\/jpeg"}],"twitter_card":"summary_large_image","twitter_misc":{"Est. reading time":"1 minute"},"schema":{"@context":"https:\/\/schema.org","@graph":[{"@type":"WebPage","@id":"https:\/\/medicinasinc.com\/fi\/product\/osta-alaskan-ukkonen-vitut-budder-ylahylly\/","url":"https:\/\/medicinasinc.com\/fi\/product\/osta-alaskan-ukkonen-vitut-budder-ylahylly\/","name":"Osta Alaskan Thunder Fuck Budder \u2013 yl\u00e4hylly - Medicinas Inc","isPartOf":{"@id":"https:\/\/medicinasinc.com\/fi\/#website"},"primaryImageOfPage":{"@id":"https:\/\/medicinasinc.com\/fi\/product\/osta-alaskan-ukkonen-vitut-budder-ylahylly\/#primaryimage"},"image":{"@id":"https:\/\/medicinasinc.com\/fi\/product\/osta-alaskan-ukkonen-vitut-budder-ylahylly\/#primaryimage"},"thumbnailUrl":"https:\/\/medicinasinc.com\/fi\/wp-content\/uploads\/sites\/12\/2022\/02\/Buy-Alaskan-Thunder-Fuck-Budder.jpg","datePublished":"2022-02-20T15:55:42+00:00","dateModified":"2022-03-22T01:15:46+00:00","description":"Osta Alaskan Thunder Fuck Budder \u2013 ensiluokkaista laatua","breadcrumb":{"@id":"https:\/\/medicinasinc.com\/fi\/product\/osta-alaskan-ukkonen-vitut-budder-ylahylly\/#breadcrumb"},"inLanguage":"en-US","potentialAction":[{"@type":"ReadAction","target":["https:\/\/medicinasinc.com\/fi\/product\/osta-alaskan-ukkonen-vitut-budder-ylahylly\/"]}]},{"@type":"ImageObject","inLanguage":"en-US","@id":"https:\/\/medicinasinc.com\/fi\/product\/osta-alaskan-ukkonen-vitut-budder-ylahylly\/#primaryimage","url":"https:\/\/medicinasinc.com\/fi\/wp-content\/uploads\/sites\/12\/2022\/02\/Buy-Alaskan-Thunder-Fuck-Budder.jpg","contentUrl":"https:\/\/medicinasinc.com\/fi\/wp-content\/uploads\/sites\/12\/2022\/02\/Buy-Alaskan-Thunder-Fuck-Budder.jpg","width":600,"height":600},{"@type":"BreadcrumbList","@id":"https:\/\/medicinasinc.com\/fi\/product\/osta-alaskan-ukkonen-vitut-budder-ylahylly\/#breadcrumb","itemListElement":[{"@type":"ListItem","position":1,"name":"Myym\u00e4l\u00e4","item":"https:\/\/medicinasinc.com\/fi\/myymala\/"},{"@type":"ListItem","position":2,"name":"Osta Alaskan Thunder Fuck Budder \u2013 yl\u00e4hylly"}]},{"@type":"WebSite","@id":"https:\/\/medicinasinc.com\/fi\/#website","url":"https:\/\/medicinasinc.com\/fi\/","name":"Medicinas Inc","description":"Health Medical Clinic","potentialAction":[{"@type":"SearchAction","target":{"@type":"EntryPoint","urlTemplate":"https:\/\/medicinasinc.com\/fi\/?s={search_term_string}"},"query-input":{"@type":"PropertyValueSpecification","valueRequired":true,"valueName":"search_term_string"}}],"inLanguage":"en-US"}]}},"_links":{"self":[{"href":"https:\/\/medicinasinc.com\/fi\/wp-json\/wp\/v2\/product\/4779","targetHints":{"allow":["GET"]}}],"collection":[{"href":"https:\/\/medicinasinc.com\/fi\/wp-json\/wp\/v2\/product"}],"about":[{"href":"https:\/\/medicinasinc.com\/fi\/wp-json\/wp\/v2\/types\/product"}],"replies":[{"embeddable":true,"href":"https:\/\/medicinasinc.com\/fi\/wp-json\/wp\/v2\/comments?post=4779"}],"wp:featuredmedia":[{"embeddable":true,"href":"https:\/\/medicinasinc.com\/fi\/wp-json\/wp\/v2\/media\/4793"}],"wp:attachment":[{"href":"https:\/\/medicinasinc.com\/fi\/wp-json\/wp\/v2\/media?parent=4779"}],"wp:term":[{"taxonomy":"product_brand","embeddable":true,"href":"https:\/\/medicinasinc.com\/fi\/wp-json\/wp\/v2\/product_brand?post=4779"},{"taxonomy":"product_cat","embeddable":true,"href":"https:\/\/medicinasinc.com\/fi\/wp-json\/wp\/v2\/product_cat?post=4779"},{"taxonomy":"product_tag","embeddable":true,"href":"https:\/\/medicinasinc.com\/fi\/wp-json\/wp\/v2\/product_tag?post=4779"}],"curies":[{"name":"wp","href":"https:\/\/api.w.org\/{rel}","templated":true}]}}