{"id":4768,"date":"2022-02-20T15:46:58","date_gmt":"2022-02-20T15:46:58","guid":{"rendered":"https:\/\/medicinasinc.com\/fi\/?post_type=product&#038;p=4768"},"modified":"2022-03-22T01:15:56","modified_gmt":"2022-03-22T01:15:56","slug":"osta-k2-suitsuke-spray","status":"publish","type":"product","link":"https:\/\/medicinasinc.com\/fi\/product\/osta-k2-suitsuke-spray\/","title":{"rendered":"Osta K2 Suitsuke Spray"},"content":{"rendered":"<p>K2-suitsusuihkeen online-osto<\/p>\n<p>Lis\u00e4ksi myymme K2-paperia.<\/p>\n<p>K2-suihke on ostettavissa. Se on hajuton ja v\u00e4rit\u00f6n.<\/p>\n<p>25 ml riitt\u00e4\u00e4 ruiskuttamaan koko A4-paperiarkin.<\/p>\n<p>Maku ja K2 ovat synteettisen marihuanan kaksi yleisint\u00e4 nime\u00e4. Ne on rakennettu kuivatusta kasvimateriaalista, johon on infusoitu muokattu kannabinoidi. Suunnitellut kannabinoidit ovat synteettisi\u00e4 yhdisteit\u00e4, jotka vaikuttavat aivojen kannabinoidireseptoreihin samalla tavalla kuin Delta9-tetrahydrokannabinoli (THC). Spicea k\u00e4ytt\u00e4v\u00e4t henkil\u00f6t kertovat kokeneensa samanlaisia \u200b\u200btuntemuksia kuin marihuanaan liittyv\u00e4t. Marihuana on kasvi, joka sis\u00e4lt\u00e4\u00e4 kannabinoideja, jotka ovat sekoituksia. Flavor ja K2 ovat kaksi termi\u00e4, jotka viittaavat kokoelmaan reseptej\u00e4, joita kutsutaan suunnitelluiksi (suunniteltuiksi) kannabinoideiksi. Ne on valmistettu kuivatuista kasvimateriaaleista, joihin on ruiskutettu mielt\u00e4 muuttavia synteettisi\u00e4 kemikaaleja. Analyytikot alun perin j\u00e4rjestiv\u00e4t n\u00e4m\u00e4 valmistetut l\u00e4\u00e4kkeet voidakseen k\u00e4ytt\u00e4\u00e4 niit\u00e4 tutkimuksessa.<\/p>\n<p>Lis\u00e4ksi K2:ta on saatavana nestem\u00e4isess\u00e4 muodossa, joka hajoaa s\u00e4hk\u00f6savukkeissa. Lis\u00e4ksi sit\u00e4 savustetaan piippuissa, niveliss\u00e4 tai tehd\u00e4\u00e4n teet\u00e4. K2 sirotellaan sitten kasveille, paperille ja kuiduille sen nestem\u00e4isess\u00e4 tilassa. Vaikka Spice-tupakan vaikutukset saattavat muistuttaa marihuanan tupakoinnin vaikutuksia, p\u00e4\u00e4asiallinen syy, miksi Spicea poltetaan, on se, ett\u00e4 se on vaatimaton, ja kun otetaan huomioon, kuinka sen tiedet\u00e4\u00e4n olevan&#8230; Tyypillisesti t\u00e4t\u00e4 ainetta myyd\u00e4\u00e4n kasviper\u00e4isen\u00e4 aineksena. Huolimatta siit\u00e4, ett\u00e4 myymme poikkeuksellista k2-makua, valmistettujen seostemme aggregaatti noudattaa kaikkia voimassa olevia s\u00e4\u00e4d\u00f6ksi\u00e4. Osta yrttisuitsukkeita verkosta Sytyt\u00e4 aistisi vahvalla K2-yrttisuitsukkeella! Toiset myyv\u00e4t kuolleita sekoituksia ilman voimaper\u00e4ist\u00e4 matkimista, kun ostat meilt\u00e4 K2:n, laatumme puhuu puolestaan! Myymme poikkeuksellisia yrttisuitsukkeita ja olemme ainutlaatuisia yrttitukkukauppiaiden keskuudessa. Lis\u00e4ksi K2-, synteettinen marihuana- ja synteettinen rikkaruoho-suihkusuihke, myyt\u00e4v\u00e4n\u00e4 oleva k2-spray on keinotekoinen katurauhoittaja, joka sis\u00e4lt\u00e4\u00e4 makuihin ruiskutettuja aineita. Paperilla nestem\u00e4inen k2. Verkosta voit ostaa K2-suihkeita ja nestem\u00e4isi\u00e4 suitsukkeita. Osta korkealaatuista K2-singlepaperia ja toimita se kotiovellesi. Olet tullut oikeaan paikkaan, jos etsit parhaita K2 paikallisia suitsutusnesteit\u00e4 ja E-Liquids sprinklej\u00e4 verkosta. Myymme suurimman osan K2 nestem\u00e4isest\u00e4 paikallisesta vihaisesta alhaisin mahdollisin hinnoin t\u00e4ytt\u00e4\u00e4ksemme kaikkien asiakkaiden vaatimukset Yhdysvalloissa ja kaikkialla maailmassa. Toinen merkitt\u00e4v\u00e4 sovellus on K2-suihkun luominen, jota k\u00e4ytet\u00e4\u00e4n yleisesti paikallisesti. Se on ehdottoman v\u00e4ltt\u00e4m\u00e4t\u00f6nt\u00e4. Tuotetut kannabinoidit, joita kutsutaan yleisesti nimell\u00e4 &#8220;Flavor&#8221; tai &#8220;K2&#8221;, tulivat laillisiksi Yhdysvalloissa 2000-luvun alussa. Aito K2-maustepaperi. Myymme parasta verkossa saatavilla olevaa K2-sekoitettua paperia. Osta heti. Mit\u00e4 on luotu marihuana (tunnetaan my\u00f6s synteettisin\u00e4 kannabinoideina, K2 tai Spice)? Meill\u00e4 on verkon paras valikoima paikallisia suitsukkeita.<\/p>\n","protected":false},"excerpt":{"rendered":"<div class=\"woocommerce-product-details__short-description\">\n<p>Osta K2 Incense Spray, hajuton ja v\u00e4rit\u00f6n suitsuke. 25 ml riitt\u00e4\u00e4 ruiskuttamaan koko A4-paperiarkin. Lis\u00e4ksi myymme K2-paperia.<\/p>\n<p>K2-maustespray diablo amazon, k2-spray tukkumyynti, vahvin k2-spray myyt\u00e4v\u00e4n\u00e4, laillinen korkea k2-spray myyt\u00e4v\u00e4n\u00e4, k2-spray myyt\u00e4v\u00e4n\u00e4 verkossa uk, nestem\u00e4inen spray-suitsuke, k2-paperi ainekset, k2 maustepaperiarkkia<\/p>\n<\/p><\/div>\n","protected":false},"featured_media":4783,"comment_status":"open","ping_status":"closed","template":"","meta":[],"product_brand":[],"product_cat":[690],"product_tag":[695,696,694,697,698,699,701,700],"class_list":{"0":"post-4768","1":"product","2":"type-product","3":"status-publish","4":"has-post-thumbnail","6":"product_cat-osta-k2-paperi","7":"product_tag-k2-maustepaperi-arkkeja","8":"product_tag-k2-spice-spray-diablo-amazon","9":"product_tag-k2-paperi-ainekset","10":"product_tag-k2-spray-myynniss-online-uk","11":"product_tag-legal-high-spice-spray-for-sale","12":"product_tag-neste-spray-suitsuke","13":"product_tag-tukku-k2-spray","14":"product_tag-vahvin-k2-spray-myynniss","16":"first","17":"instock","18":"shipping-taxable","19":"purchasable","20":"product-type-variable","21":"has-default-attributes"},"yoast_head":"<!-- This site is optimized with the Yoast SEO plugin v27.3 - https:\/\/yoast.com\/product\/yoast-seo-wordpress\/ -->\n<title>Osta K2 Incense Spray verkosta \u2013 parhaat maailmanlaajuiset l\u00e4\u00e4kkeet<\/title>\n<meta name=\"description\" content=\"Osta K2 Incense Spray, hajuton ja v\u00e4rit\u00f6n K2 spray myynniss\u00e4. Tarvitset 25 ml ruiskuttaaksesi koko A4-paperiarkin. Meill\u00e4 on my\u00f6s myynniss\u00e4 K2-paperia.\" \/>\n<meta name=\"robots\" content=\"index, follow, max-snippet:-1, max-image-preview:large, max-video-preview:-1\" \/>\n<link rel=\"canonical\" href=\"https:\/\/medicinasinc.com\/fi\/product\/osta-k2-suitsuke-spray\/\" \/>\n<meta property=\"og:locale\" content=\"en_US\" \/>\n<meta property=\"og:type\" content=\"article\" \/>\n<meta property=\"og:title\" content=\"Osta K2 Incense Spray verkosta \u2013 parhaat maailmanlaajuiset l\u00e4\u00e4kkeet\" \/>\n<meta property=\"og:description\" content=\"Osta K2 Incense Spray, hajuton ja v\u00e4rit\u00f6n K2 spray myynniss\u00e4. Tarvitset 25 ml ruiskuttaaksesi koko A4-paperiarkin. Meill\u00e4 on my\u00f6s myynniss\u00e4 K2-paperia.\" \/>\n<meta property=\"og:url\" content=\"https:\/\/medicinasinc.com\/fi\/product\/osta-k2-suitsuke-spray\/\" \/>\n<meta property=\"og:site_name\" content=\"Medicinas Inc\" \/>\n<meta property=\"article:modified_time\" content=\"2022-03-22T01:15:56+00:00\" \/>\n<meta property=\"og:image\" content=\"https:\/\/medicinasinc.com\/fi\/wp-content\/uploads\/sites\/12\/2022\/02\/Buy-K2-Incense-Spray.png\" \/>\n\t<meta property=\"og:image:width\" content=\"873\" \/>\n\t<meta property=\"og:image:height\" content=\"433\" \/>\n\t<meta property=\"og:image:type\" content=\"image\/png\" \/>\n<meta name=\"twitter:card\" content=\"summary_large_image\" \/>\n<meta name=\"twitter:label1\" content=\"Est. reading time\" \/>\n\t<meta name=\"twitter:data1\" content=\"3 minutes\" \/>\n<script type=\"application\/ld+json\" class=\"yoast-schema-graph\">{\"@context\":\"https:\\\/\\\/schema.org\",\"@graph\":[{\"@type\":\"WebPage\",\"@id\":\"https:\\\/\\\/medicinasinc.com\\\/fi\\\/product\\\/osta-k2-suitsuke-spray\\\/\",\"url\":\"https:\\\/\\\/medicinasinc.com\\\/fi\\\/product\\\/osta-k2-suitsuke-spray\\\/\",\"name\":\"Osta K2 Incense Spray verkosta \u2013 parhaat maailmanlaajuiset l\u00e4\u00e4kkeet\",\"isPartOf\":{\"@id\":\"https:\\\/\\\/medicinasinc.com\\\/fi\\\/#website\"},\"primaryImageOfPage\":{\"@id\":\"https:\\\/\\\/medicinasinc.com\\\/fi\\\/product\\\/osta-k2-suitsuke-spray\\\/#primaryimage\"},\"image\":{\"@id\":\"https:\\\/\\\/medicinasinc.com\\\/fi\\\/product\\\/osta-k2-suitsuke-spray\\\/#primaryimage\"},\"thumbnailUrl\":\"https:\\\/\\\/medicinasinc.com\\\/fi\\\/wp-content\\\/uploads\\\/sites\\\/12\\\/2022\\\/02\\\/Buy-K2-Incense-Spray.png\",\"datePublished\":\"2022-02-20T15:46:58+00:00\",\"dateModified\":\"2022-03-22T01:15:56+00:00\",\"description\":\"Osta K2 Incense Spray, hajuton ja v\u00e4rit\u00f6n K2 spray myynniss\u00e4. Tarvitset 25 ml ruiskuttaaksesi koko A4-paperiarkin. Meill\u00e4 on my\u00f6s myynniss\u00e4 K2-paperia.\",\"breadcrumb\":{\"@id\":\"https:\\\/\\\/medicinasinc.com\\\/fi\\\/product\\\/osta-k2-suitsuke-spray\\\/#breadcrumb\"},\"inLanguage\":\"en-US\",\"potentialAction\":[{\"@type\":\"ReadAction\",\"target\":[\"https:\\\/\\\/medicinasinc.com\\\/fi\\\/product\\\/osta-k2-suitsuke-spray\\\/\"]}]},{\"@type\":\"ImageObject\",\"inLanguage\":\"en-US\",\"@id\":\"https:\\\/\\\/medicinasinc.com\\\/fi\\\/product\\\/osta-k2-suitsuke-spray\\\/#primaryimage\",\"url\":\"https:\\\/\\\/medicinasinc.com\\\/fi\\\/wp-content\\\/uploads\\\/sites\\\/12\\\/2022\\\/02\\\/Buy-K2-Incense-Spray.png\",\"contentUrl\":\"https:\\\/\\\/medicinasinc.com\\\/fi\\\/wp-content\\\/uploads\\\/sites\\\/12\\\/2022\\\/02\\\/Buy-K2-Incense-Spray.png\",\"width\":873,\"height\":433},{\"@type\":\"BreadcrumbList\",\"@id\":\"https:\\\/\\\/medicinasinc.com\\\/fi\\\/product\\\/osta-k2-suitsuke-spray\\\/#breadcrumb\",\"itemListElement\":[{\"@type\":\"ListItem\",\"position\":1,\"name\":\"Myym\u00e4l\u00e4\",\"item\":\"https:\\\/\\\/medicinasinc.com\\\/fi\\\/myymala\\\/\"},{\"@type\":\"ListItem\",\"position\":2,\"name\":\"Osta K2 Suitsuke Spray\"}]},{\"@type\":\"WebSite\",\"@id\":\"https:\\\/\\\/medicinasinc.com\\\/fi\\\/#website\",\"url\":\"https:\\\/\\\/medicinasinc.com\\\/fi\\\/\",\"name\":\"Medicinas Inc\",\"description\":\"Health Medical Clinic\",\"potentialAction\":[{\"@type\":\"SearchAction\",\"target\":{\"@type\":\"EntryPoint\",\"urlTemplate\":\"https:\\\/\\\/medicinasinc.com\\\/fi\\\/?s={search_term_string}\"},\"query-input\":{\"@type\":\"PropertyValueSpecification\",\"valueRequired\":true,\"valueName\":\"search_term_string\"}}],\"inLanguage\":\"en-US\"}]}<\/script>\n<!-- \/ Yoast SEO plugin. -->","yoast_head_json":{"title":"Osta K2 Incense Spray verkosta \u2013 parhaat maailmanlaajuiset l\u00e4\u00e4kkeet","description":"Osta K2 Incense Spray, hajuton ja v\u00e4rit\u00f6n K2 spray myynniss\u00e4. Tarvitset 25 ml ruiskuttaaksesi koko A4-paperiarkin. Meill\u00e4 on my\u00f6s myynniss\u00e4 K2-paperia.","robots":{"index":"index","follow":"follow","max-snippet":"max-snippet:-1","max-image-preview":"max-image-preview:large","max-video-preview":"max-video-preview:-1"},"canonical":"https:\/\/medicinasinc.com\/fi\/product\/osta-k2-suitsuke-spray\/","og_locale":"en_US","og_type":"article","og_title":"Osta K2 Incense Spray verkosta \u2013 parhaat maailmanlaajuiset l\u00e4\u00e4kkeet","og_description":"Osta K2 Incense Spray, hajuton ja v\u00e4rit\u00f6n K2 spray myynniss\u00e4. Tarvitset 25 ml ruiskuttaaksesi koko A4-paperiarkin. Meill\u00e4 on my\u00f6s myynniss\u00e4 K2-paperia.","og_url":"https:\/\/medicinasinc.com\/fi\/product\/osta-k2-suitsuke-spray\/","og_site_name":"Medicinas Inc","article_modified_time":"2022-03-22T01:15:56+00:00","og_image":[{"width":873,"height":433,"url":"https:\/\/medicinasinc.com\/fi\/wp-content\/uploads\/sites\/12\/2022\/02\/Buy-K2-Incense-Spray.png","type":"image\/png"}],"twitter_card":"summary_large_image","twitter_misc":{"Est. reading time":"3 minutes"},"schema":{"@context":"https:\/\/schema.org","@graph":[{"@type":"WebPage","@id":"https:\/\/medicinasinc.com\/fi\/product\/osta-k2-suitsuke-spray\/","url":"https:\/\/medicinasinc.com\/fi\/product\/osta-k2-suitsuke-spray\/","name":"Osta K2 Incense Spray verkosta \u2013 parhaat maailmanlaajuiset l\u00e4\u00e4kkeet","isPartOf":{"@id":"https:\/\/medicinasinc.com\/fi\/#website"},"primaryImageOfPage":{"@id":"https:\/\/medicinasinc.com\/fi\/product\/osta-k2-suitsuke-spray\/#primaryimage"},"image":{"@id":"https:\/\/medicinasinc.com\/fi\/product\/osta-k2-suitsuke-spray\/#primaryimage"},"thumbnailUrl":"https:\/\/medicinasinc.com\/fi\/wp-content\/uploads\/sites\/12\/2022\/02\/Buy-K2-Incense-Spray.png","datePublished":"2022-02-20T15:46:58+00:00","dateModified":"2022-03-22T01:15:56+00:00","description":"Osta K2 Incense Spray, hajuton ja v\u00e4rit\u00f6n K2 spray myynniss\u00e4. Tarvitset 25 ml ruiskuttaaksesi koko A4-paperiarkin. Meill\u00e4 on my\u00f6s myynniss\u00e4 K2-paperia.","breadcrumb":{"@id":"https:\/\/medicinasinc.com\/fi\/product\/osta-k2-suitsuke-spray\/#breadcrumb"},"inLanguage":"en-US","potentialAction":[{"@type":"ReadAction","target":["https:\/\/medicinasinc.com\/fi\/product\/osta-k2-suitsuke-spray\/"]}]},{"@type":"ImageObject","inLanguage":"en-US","@id":"https:\/\/medicinasinc.com\/fi\/product\/osta-k2-suitsuke-spray\/#primaryimage","url":"https:\/\/medicinasinc.com\/fi\/wp-content\/uploads\/sites\/12\/2022\/02\/Buy-K2-Incense-Spray.png","contentUrl":"https:\/\/medicinasinc.com\/fi\/wp-content\/uploads\/sites\/12\/2022\/02\/Buy-K2-Incense-Spray.png","width":873,"height":433},{"@type":"BreadcrumbList","@id":"https:\/\/medicinasinc.com\/fi\/product\/osta-k2-suitsuke-spray\/#breadcrumb","itemListElement":[{"@type":"ListItem","position":1,"name":"Myym\u00e4l\u00e4","item":"https:\/\/medicinasinc.com\/fi\/myymala\/"},{"@type":"ListItem","position":2,"name":"Osta K2 Suitsuke Spray"}]},{"@type":"WebSite","@id":"https:\/\/medicinasinc.com\/fi\/#website","url":"https:\/\/medicinasinc.com\/fi\/","name":"Medicinas Inc","description":"Health Medical Clinic","potentialAction":[{"@type":"SearchAction","target":{"@type":"EntryPoint","urlTemplate":"https:\/\/medicinasinc.com\/fi\/?s={search_term_string}"},"query-input":{"@type":"PropertyValueSpecification","valueRequired":true,"valueName":"search_term_string"}}],"inLanguage":"en-US"}]}},"_links":{"self":[{"href":"https:\/\/medicinasinc.com\/fi\/wp-json\/wp\/v2\/product\/4768","targetHints":{"allow":["GET"]}}],"collection":[{"href":"https:\/\/medicinasinc.com\/fi\/wp-json\/wp\/v2\/product"}],"about":[{"href":"https:\/\/medicinasinc.com\/fi\/wp-json\/wp\/v2\/types\/product"}],"replies":[{"embeddable":true,"href":"https:\/\/medicinasinc.com\/fi\/wp-json\/wp\/v2\/comments?post=4768"}],"wp:featuredmedia":[{"embeddable":true,"href":"https:\/\/medicinasinc.com\/fi\/wp-json\/wp\/v2\/media\/4783"}],"wp:attachment":[{"href":"https:\/\/medicinasinc.com\/fi\/wp-json\/wp\/v2\/media?parent=4768"}],"wp:term":[{"taxonomy":"product_brand","embeddable":true,"href":"https:\/\/medicinasinc.com\/fi\/wp-json\/wp\/v2\/product_brand?post=4768"},{"taxonomy":"product_cat","embeddable":true,"href":"https:\/\/medicinasinc.com\/fi\/wp-json\/wp\/v2\/product_cat?post=4768"},{"taxonomy":"product_tag","embeddable":true,"href":"https:\/\/medicinasinc.com\/fi\/wp-json\/wp\/v2\/product_tag?post=4768"}],"curies":[{"name":"wp","href":"https:\/\/api.w.org\/{rel}","templated":true}]}}