{"id":4767,"date":"2022-02-20T15:46:01","date_gmt":"2022-02-20T15:46:01","guid":{"rendered":"https:\/\/medicinasinc.com\/fi\/?post_type=product&#038;p=4767"},"modified":"2022-03-22T01:16:08","modified_gmt":"2022-03-22T01:16:08","slug":"osta-k2-paperia","status":"publish","type":"product","link":"https:\/\/medicinasinc.com\/fi\/product\/osta-k2-paperia\/","title":{"rendered":"Osta K2-paperia"},"content":{"rendered":"<p>Haluat K2-paperiarkit toimitetaan suoraan kotiovellesi.<\/p>\n<p>Synteettinen marihuana on saamassa nopeasti suosiota marihuanan kuluttajien keskuudessa. K2-infuusiopaperi on sekoitus silputtua kasvimateriaalia ja synteettisi\u00e4 kemikaaleja, joilla on psykedeelisi\u00e4 ominaisuuksia. Tutkimusten mukaan kemikaalit sitoutuvat samoihin hermosolureseptoreihin aivoissa kuin THC ja aiheuttavat hyvinvoinnin tunteita, rentoutumista, muuttuneita havaintoja ja psykoosia. Jos etsit hyv\u00e4maineista verkkokauppaa ostaaksesi korkealaatuisen tuotteen, \u00e4l\u00e4 etsi kauempaa kuin hyv\u00e4maineinen verkkokauppamme. Varmistaaksemme asiakkaidemme turvallisuuden hankimme varastomme arvostetuilta valmistajilta. Kokeile; takaamme, ett\u00e4 et tule pettym\u00e4\u00e4n.<\/p>\n<p>Kannabinoidit ovat kemiallisia yhdisteit\u00e4, joita esiintyy luonnollisesti marihuanakasveissa ja jotka toimivat useiden synteettisten huumeiden perustana. Kemiallisesti K2-synteettinen rikkakasvipaperi on sukua marihuanan aktiiviseen ainesosaan. Vaikutukset ovat voimakkaampia, ja istunnon p\u00e4\u00e4tteeksi voi tuntea olonsa rentoutuneeksi ja kohonneeksi. Kun yh\u00e4 useammat ihmiset tulevat tietoisiksi marihuanan todellisista eduista, t\u00e4t\u00e4 tuotetta k\u00e4ytet\u00e4\u00e4n turvallisena vaihtoehtona erilaisiin l\u00e4\u00e4ketieteellisiin ja virkistystarkoituksiin. Sinun tulee kuitenkin olla varovainen, sill\u00e4 liiallinen k\u00e4ytt\u00f6 voi aiheuttaa haitallisia sivuvaikutuksia, kuten ahdistusta, hallusinaatioita, kohonnutta verenpainetta, rintakipua, hengenahdistusta, kouristuksia ja oksentelua. Tietyt markkinoilla olevat K2-maustetuotteet voivat my\u00f6s sis\u00e4lt\u00e4\u00e4 myrkyllisi\u00e4 ainesosia. T\u00e4st\u00e4 syyst\u00e4 on t\u00e4rke\u00e4\u00e4 ostaa hyv\u00e4maineiselta myyj\u00e4lt\u00e4.<\/p>\n<p>Haluatko ostaa korkealaatuisia kasviper\u00e4isi\u00e4 tuotteita? Maailmanlaajuisen asiakaskunnan ansiosta tarjoamme sinulle erinomaisen mahdollisuuden ostaa K2-paperia verkosta kilpailukykyiseen hintaan. Suurimman valikoiman lis\u00e4ksi tarjoamme turvallisia maksutapoja ja huomaamattoman toimituksen. Sinun ei tarvitse k\u00e4yd\u00e4 l\u00e4hell\u00e4 olevissa p\u00e4ivitt\u00e4istavarakaupoissa tai taukopaikoissa. Yhti\u00f6n tavoitteena on jatkuvasti parantaa tuotteiden laatua ja asiakaspalvelua pysy\u00e4kseen kilpailijoiden edell\u00e4. Ensisijainen prioriteettimme on sinun tyytyv\u00e4isyytesi, ja meill\u00e4 on kokenut tiimi k\u00e4sittelem\u00e4\u00e4n mahdolliset hikkaukset. \u00c4l\u00e4 ep\u00e4r\u00f6i ottaa meihin yhteytt\u00e4, jos sinulla on kysytt\u00e4v\u00e4\u00e4 tai huolenaiheita.<\/p>\n","protected":false},"excerpt":{"rendered":"<div class=\"woocommerce-product-details__short-description\">\n<p>Jokaiseen A4-arkkiin on t\u00e4ytetty\u00a0<em><strong>25 ml=0,845351 neste unssia<\/strong><\/em>\u00a0nestett\u00e4 K2. Myyd\u00e4\u00e4n <strong>Hajuton ja v\u00e4rit\u00f6n<\/strong> K2-paperi. <strong>Meill\u00e4 on my\u00f6s myynniss\u00e4 K2 Spray<\/strong><\/p>\n<\/p><\/div>\n","protected":false},"featured_media":4781,"comment_status":"open","ping_status":"closed","template":"","meta":[],"product_brand":[],"product_cat":[690],"product_tag":[691,692,693],"class_list":{"0":"post-4767","1":"product","2":"type-product","3":"status-publish","4":"has-post-thumbnail","6":"product_cat-osta-k2-paperi","7":"product_tag-osta-k2-paperia-online-uk","8":"product_tag-osta-k2-paperia","9":"product_tag-osta-k2-paperiarkki","11":"first","12":"instock","13":"shipping-taxable","14":"purchasable","15":"product-type-variable","16":"has-default-attributes"},"yoast_head":"<!-- This site is optimized with the Yoast SEO plugin v27.3 - https:\/\/yoast.com\/product\/yoast-seo-wordpress\/ -->\n<title>Osta K2-paperia verkosta - Best Best Global Meds<\/title>\n<meta name=\"description\" content=\"Osta K2-paperia verkosta edulliseen hintaan Jokainen A4-arkki on t\u00e4ynn\u00e4 25 ml = 0,845351 nestem\u00e4ist\u00e4 unssia nestett\u00e4 K2. Myyd\u00e4\u00e4n hajuton ja v\u00e4rit\u00f6n K2-paperi. Meill\u00e4 on my\u00f6s myynniss\u00e4 K2 Spray\" \/>\n<meta name=\"robots\" content=\"index, follow, max-snippet:-1, max-image-preview:large, max-video-preview:-1\" \/>\n<link rel=\"canonical\" href=\"https:\/\/medicinasinc.com\/fi\/product\/osta-k2-paperia\/\" \/>\n<meta property=\"og:locale\" content=\"en_US\" \/>\n<meta property=\"og:type\" content=\"article\" \/>\n<meta property=\"og:title\" content=\"Osta K2-paperia verkosta - Best Best Global Meds\" \/>\n<meta property=\"og:description\" content=\"Osta K2-paperia verkosta edulliseen hintaan Jokainen A4-arkki on t\u00e4ynn\u00e4 25 ml = 0,845351 nestem\u00e4ist\u00e4 unssia nestett\u00e4 K2. Myyd\u00e4\u00e4n hajuton ja v\u00e4rit\u00f6n K2-paperi. Meill\u00e4 on my\u00f6s myynniss\u00e4 K2 Spray\" \/>\n<meta property=\"og:url\" content=\"https:\/\/medicinasinc.com\/fi\/product\/osta-k2-paperia\/\" \/>\n<meta property=\"og:site_name\" content=\"Medicinas Inc\" \/>\n<meta property=\"article:modified_time\" content=\"2022-03-22T01:16:08+00:00\" \/>\n<meta property=\"og:image\" content=\"https:\/\/medicinasinc.com\/fi\/wp-content\/uploads\/sites\/12\/2022\/02\/Buy-K2-paper-online.jpg\" \/>\n\t<meta property=\"og:image:width\" content=\"600\" \/>\n\t<meta property=\"og:image:height\" content=\"600\" \/>\n\t<meta property=\"og:image:type\" content=\"image\/jpeg\" \/>\n<meta name=\"twitter:card\" content=\"summary_large_image\" \/>\n<meta name=\"twitter:label1\" content=\"Est. reading time\" \/>\n\t<meta name=\"twitter:data1\" content=\"2 minutes\" \/>\n<script type=\"application\/ld+json\" class=\"yoast-schema-graph\">{\"@context\":\"https:\\\/\\\/schema.org\",\"@graph\":[{\"@type\":\"WebPage\",\"@id\":\"https:\\\/\\\/medicinasinc.com\\\/fi\\\/product\\\/osta-k2-paperia\\\/\",\"url\":\"https:\\\/\\\/medicinasinc.com\\\/fi\\\/product\\\/osta-k2-paperia\\\/\",\"name\":\"Osta K2-paperia verkosta - Best Best Global Meds\",\"isPartOf\":{\"@id\":\"https:\\\/\\\/medicinasinc.com\\\/fi\\\/#website\"},\"primaryImageOfPage\":{\"@id\":\"https:\\\/\\\/medicinasinc.com\\\/fi\\\/product\\\/osta-k2-paperia\\\/#primaryimage\"},\"image\":{\"@id\":\"https:\\\/\\\/medicinasinc.com\\\/fi\\\/product\\\/osta-k2-paperia\\\/#primaryimage\"},\"thumbnailUrl\":\"https:\\\/\\\/medicinasinc.com\\\/fi\\\/wp-content\\\/uploads\\\/sites\\\/12\\\/2022\\\/02\\\/Buy-K2-paper-online.jpg\",\"datePublished\":\"2022-02-20T15:46:01+00:00\",\"dateModified\":\"2022-03-22T01:16:08+00:00\",\"description\":\"Osta K2-paperia verkosta edulliseen hintaan Jokainen A4-arkki on t\u00e4ynn\u00e4 25 ml = 0,845351 nestem\u00e4ist\u00e4 unssia nestett\u00e4 K2. Myyd\u00e4\u00e4n hajuton ja v\u00e4rit\u00f6n K2-paperi. Meill\u00e4 on my\u00f6s myynniss\u00e4 K2 Spray\",\"breadcrumb\":{\"@id\":\"https:\\\/\\\/medicinasinc.com\\\/fi\\\/product\\\/osta-k2-paperia\\\/#breadcrumb\"},\"inLanguage\":\"en-US\",\"potentialAction\":[{\"@type\":\"ReadAction\",\"target\":[\"https:\\\/\\\/medicinasinc.com\\\/fi\\\/product\\\/osta-k2-paperia\\\/\"]}]},{\"@type\":\"ImageObject\",\"inLanguage\":\"en-US\",\"@id\":\"https:\\\/\\\/medicinasinc.com\\\/fi\\\/product\\\/osta-k2-paperia\\\/#primaryimage\",\"url\":\"https:\\\/\\\/medicinasinc.com\\\/fi\\\/wp-content\\\/uploads\\\/sites\\\/12\\\/2022\\\/02\\\/Buy-K2-paper-online.jpg\",\"contentUrl\":\"https:\\\/\\\/medicinasinc.com\\\/fi\\\/wp-content\\\/uploads\\\/sites\\\/12\\\/2022\\\/02\\\/Buy-K2-paper-online.jpg\",\"width\":600,\"height\":600},{\"@type\":\"BreadcrumbList\",\"@id\":\"https:\\\/\\\/medicinasinc.com\\\/fi\\\/product\\\/osta-k2-paperia\\\/#breadcrumb\",\"itemListElement\":[{\"@type\":\"ListItem\",\"position\":1,\"name\":\"Myym\u00e4l\u00e4\",\"item\":\"https:\\\/\\\/medicinasinc.com\\\/fi\\\/myymala\\\/\"},{\"@type\":\"ListItem\",\"position\":2,\"name\":\"Osta K2-paperia\"}]},{\"@type\":\"WebSite\",\"@id\":\"https:\\\/\\\/medicinasinc.com\\\/fi\\\/#website\",\"url\":\"https:\\\/\\\/medicinasinc.com\\\/fi\\\/\",\"name\":\"Medicinas Inc\",\"description\":\"Health Medical Clinic\",\"potentialAction\":[{\"@type\":\"SearchAction\",\"target\":{\"@type\":\"EntryPoint\",\"urlTemplate\":\"https:\\\/\\\/medicinasinc.com\\\/fi\\\/?s={search_term_string}\"},\"query-input\":{\"@type\":\"PropertyValueSpecification\",\"valueRequired\":true,\"valueName\":\"search_term_string\"}}],\"inLanguage\":\"en-US\"}]}<\/script>\n<!-- \/ Yoast SEO plugin. -->","yoast_head_json":{"title":"Osta K2-paperia verkosta - Best Best Global Meds","description":"Osta K2-paperia verkosta edulliseen hintaan Jokainen A4-arkki on t\u00e4ynn\u00e4 25 ml = 0,845351 nestem\u00e4ist\u00e4 unssia nestett\u00e4 K2. Myyd\u00e4\u00e4n hajuton ja v\u00e4rit\u00f6n K2-paperi. Meill\u00e4 on my\u00f6s myynniss\u00e4 K2 Spray","robots":{"index":"index","follow":"follow","max-snippet":"max-snippet:-1","max-image-preview":"max-image-preview:large","max-video-preview":"max-video-preview:-1"},"canonical":"https:\/\/medicinasinc.com\/fi\/product\/osta-k2-paperia\/","og_locale":"en_US","og_type":"article","og_title":"Osta K2-paperia verkosta - Best Best Global Meds","og_description":"Osta K2-paperia verkosta edulliseen hintaan Jokainen A4-arkki on t\u00e4ynn\u00e4 25 ml = 0,845351 nestem\u00e4ist\u00e4 unssia nestett\u00e4 K2. Myyd\u00e4\u00e4n hajuton ja v\u00e4rit\u00f6n K2-paperi. Meill\u00e4 on my\u00f6s myynniss\u00e4 K2 Spray","og_url":"https:\/\/medicinasinc.com\/fi\/product\/osta-k2-paperia\/","og_site_name":"Medicinas Inc","article_modified_time":"2022-03-22T01:16:08+00:00","og_image":[{"width":600,"height":600,"url":"https:\/\/medicinasinc.com\/fi\/wp-content\/uploads\/sites\/12\/2022\/02\/Buy-K2-paper-online.jpg","type":"image\/jpeg"}],"twitter_card":"summary_large_image","twitter_misc":{"Est. reading time":"2 minutes"},"schema":{"@context":"https:\/\/schema.org","@graph":[{"@type":"WebPage","@id":"https:\/\/medicinasinc.com\/fi\/product\/osta-k2-paperia\/","url":"https:\/\/medicinasinc.com\/fi\/product\/osta-k2-paperia\/","name":"Osta K2-paperia verkosta - Best Best Global Meds","isPartOf":{"@id":"https:\/\/medicinasinc.com\/fi\/#website"},"primaryImageOfPage":{"@id":"https:\/\/medicinasinc.com\/fi\/product\/osta-k2-paperia\/#primaryimage"},"image":{"@id":"https:\/\/medicinasinc.com\/fi\/product\/osta-k2-paperia\/#primaryimage"},"thumbnailUrl":"https:\/\/medicinasinc.com\/fi\/wp-content\/uploads\/sites\/12\/2022\/02\/Buy-K2-paper-online.jpg","datePublished":"2022-02-20T15:46:01+00:00","dateModified":"2022-03-22T01:16:08+00:00","description":"Osta K2-paperia verkosta edulliseen hintaan Jokainen A4-arkki on t\u00e4ynn\u00e4 25 ml = 0,845351 nestem\u00e4ist\u00e4 unssia nestett\u00e4 K2. Myyd\u00e4\u00e4n hajuton ja v\u00e4rit\u00f6n K2-paperi. Meill\u00e4 on my\u00f6s myynniss\u00e4 K2 Spray","breadcrumb":{"@id":"https:\/\/medicinasinc.com\/fi\/product\/osta-k2-paperia\/#breadcrumb"},"inLanguage":"en-US","potentialAction":[{"@type":"ReadAction","target":["https:\/\/medicinasinc.com\/fi\/product\/osta-k2-paperia\/"]}]},{"@type":"ImageObject","inLanguage":"en-US","@id":"https:\/\/medicinasinc.com\/fi\/product\/osta-k2-paperia\/#primaryimage","url":"https:\/\/medicinasinc.com\/fi\/wp-content\/uploads\/sites\/12\/2022\/02\/Buy-K2-paper-online.jpg","contentUrl":"https:\/\/medicinasinc.com\/fi\/wp-content\/uploads\/sites\/12\/2022\/02\/Buy-K2-paper-online.jpg","width":600,"height":600},{"@type":"BreadcrumbList","@id":"https:\/\/medicinasinc.com\/fi\/product\/osta-k2-paperia\/#breadcrumb","itemListElement":[{"@type":"ListItem","position":1,"name":"Myym\u00e4l\u00e4","item":"https:\/\/medicinasinc.com\/fi\/myymala\/"},{"@type":"ListItem","position":2,"name":"Osta K2-paperia"}]},{"@type":"WebSite","@id":"https:\/\/medicinasinc.com\/fi\/#website","url":"https:\/\/medicinasinc.com\/fi\/","name":"Medicinas Inc","description":"Health Medical Clinic","potentialAction":[{"@type":"SearchAction","target":{"@type":"EntryPoint","urlTemplate":"https:\/\/medicinasinc.com\/fi\/?s={search_term_string}"},"query-input":{"@type":"PropertyValueSpecification","valueRequired":true,"valueName":"search_term_string"}}],"inLanguage":"en-US"}]}},"_links":{"self":[{"href":"https:\/\/medicinasinc.com\/fi\/wp-json\/wp\/v2\/product\/4767","targetHints":{"allow":["GET"]}}],"collection":[{"href":"https:\/\/medicinasinc.com\/fi\/wp-json\/wp\/v2\/product"}],"about":[{"href":"https:\/\/medicinasinc.com\/fi\/wp-json\/wp\/v2\/types\/product"}],"replies":[{"embeddable":true,"href":"https:\/\/medicinasinc.com\/fi\/wp-json\/wp\/v2\/comments?post=4767"}],"wp:featuredmedia":[{"embeddable":true,"href":"https:\/\/medicinasinc.com\/fi\/wp-json\/wp\/v2\/media\/4781"}],"wp:attachment":[{"href":"https:\/\/medicinasinc.com\/fi\/wp-json\/wp\/v2\/media?parent=4767"}],"wp:term":[{"taxonomy":"product_brand","embeddable":true,"href":"https:\/\/medicinasinc.com\/fi\/wp-json\/wp\/v2\/product_brand?post=4767"},{"taxonomy":"product_cat","embeddable":true,"href":"https:\/\/medicinasinc.com\/fi\/wp-json\/wp\/v2\/product_cat?post=4767"},{"taxonomy":"product_tag","embeddable":true,"href":"https:\/\/medicinasinc.com\/fi\/wp-json\/wp\/v2\/product_tag?post=4767"}],"curies":[{"name":"wp","href":"https:\/\/api.w.org\/{rel}","templated":true}]}}