{"id":4761,"date":"2022-02-20T15:41:01","date_gmt":"2022-02-20T15:41:01","guid":{"rendered":"https:\/\/medicinasinc.com\/fi\/?post_type=product&#038;p=4761"},"modified":"2022-03-22T01:16:17","modified_gmt":"2022-03-22T01:16:17","slug":"osta-sour-diesel-cbd-hamppu-kukka-verkosta","status":"publish","type":"product","link":"https:\/\/medicinasinc.com\/fi\/product\/osta-sour-diesel-cbd-hamppu-kukka-verkosta\/","title":{"rendered":"Osta Sour Diesel CBD Hamp Flower verkosta"},"content":{"rendered":"<div class=\"woocommerce-tabs wc-tabs-wrapper\">\n<div id=\"tab-description\" class=\"woocommerce-Tabs-panel woocommerce-Tabs-panel--description panel entry-content wc-tab\" role=\"tabpanel\" aria-labelledby=\"tab-title-description\">\n<p>Sour Diesel on legendaarinen lajike, joka on per\u00e4isin kahdesta klassikosta. Siin\u00e4 yhdistyy bensiinin ylivoimainen katkeruus ja happaman sitrushedelm\u00e4n huulten heikent\u00e4v\u00e4 pistely. Ikoninen yrtti on tuottanut lukuisia kantoja ylivertaisen geneettisen rakenteensa ja erillisten vaikutustensa ansiosta, mik\u00e4 tekee siit\u00e4 suosikin viljelij\u00f6iden keskuudessa, jotka haluavat viljell\u00e4 hampputeollisuuden seuraavaa suurta asiaa.<\/p>\n<p>Sour Diesel -kanta on nopeavaikutteinen. ja eritt\u00e4in voimakas, tuottavat tehosteita, jotka voivat ylitt\u00e4\u00e4 elimist\u00f6si sativa-kannan olennaisilla eduilla. Toisin sanoen mahdollisuus kovaan, n\u00e4ytt\u00e4v\u00e4\u00e4n, kehoa kohottavaan her\u00e4\u00e4miseen, joka voi edist\u00e4\u00e4 energiaa, tuottavuutta, motivaatiota ja luovuutta.<\/p>\n<p>&nbsp;<\/p>\n<p>The History of Sour Diesel<\/p>\n<p>Sour Dieseli\u00e4 pidet\u00e4\u00e4n usein yhten\u00e4 t\u00e4rkeimmist\u00e4 saatavilla olevista hamppulajeista. Jokainen hampun asiantuntija kertoo, ett\u00e4 Sour Diesel on pakollinen kokeilu kaikille, jotka tunnustavat arvostavansa yrtin etuja. Suurimmaksi osaksi kannan suosio johtuu sen vanhempien \u2013 Chemdog 91:st\u00e4 ja Super Skunkista \u2013 maineesta. N\u00e4m\u00e4 hamppulegendat nostivat Sour Diesel -kannan maineen uusiin korkeuksiin ja antoivat sille vertaansa vailla olevan geneettisen rakenteen, jonka seurauksena kannan j\u00e4lkel\u00e4isist\u00e4 on tullut nykyinen hamppumenestys.<\/p>\n<p>Chemdog 91 on arvoituksellinen kanta, jonka uskotaan ovat tehneet debyyttins\u00e4 markkinoilla vuonna 1991. Tuntematon lajike s\u00e4teilee pist\u00e4v\u00e4\u00e4, haisevaa aromia, jota koristavat ankarat bensiinin vivahteet. N\u00e4m\u00e4 ominaisuudet n\u00e4kyv\u00e4t Sour Diesel -yrtiss\u00e4, ja sen makuprofiili muistuttaa l\u00e4heisesti Chemdog 91 -kannan makua.<\/p>\n<p>Toisaalta Super Skunk on kanta, joka on nimetty ilmeisist\u00e4 syist\u00e4. \u00c4\u00e4rimm\u00e4isen kuohkea lajike tuottaa tuoksun (tai tuoksun, sietokykysi mukaan), joka karkottaa hajuaistisi pois puistosta. Kannan loukkaavasta aromista huolimatta se tuottaa ilahduttavan yll\u00e4tt\u00e4v\u00e4\u00e4, herkk\u00e4\u00e4 makeutta, joka peitt\u00e4\u00e4 kielen kihelm\u00f6iv\u00e4ll\u00e4 hunajamaisella hyvyydell\u00e4.<\/p>\n<p>&nbsp;<\/p>\n<p>Estetiikka ja aromi<\/p>\n<p>Ensimm\u00e4inen vaikutelmasi Sour Diesel -kannasta voi olla h\u00e4mment\u00e4v\u00e4. Loppujen lopuksi se on vain pieni vihreys, ja muut vihert\u00e4v\u00e4t s\u00e4vyt levi\u00e4v\u00e4t sis\u00e4tiloihin luoden yksiv\u00e4risen ruohos\u00e4vyjen paletin. Mansikanvaaleat karvat kietoutuvat lehtien ulkopinnalle luoden keltaisten lonkeroiden verkoston, jotka on p\u00f6lyttyneet sokerimaisten trikomien huurteisella pinnoitteella. T\u00e4m\u00e4n lis\u00e4ksi lajikkeesta ei ole juuri muuta huomautettavaa. Kuitenkin, mit\u00e4 siit\u00e4 puuttuu v\u00e4ri, se kompensoi tuoksullaan.<\/p>\n<p>Kun molemmilla vanhemmilla on eritt\u00e4in pist\u00e4vi\u00e4 tuoksuja, ei ole yll\u00e4tt\u00e4v\u00e4\u00e4, ett\u00e4 Sour Dieselill\u00e4 on niin outo aromi. Kummalliselta tuoksuva kanta hy\u00f6kk\u00e4\u00e4 hajureseptoreihisi kuin haisunvaimentava tavarajuna. Loukkaavaa ja ylivoimaista, jotkut k\u00e4ytt\u00e4j\u00e4t v\u00e4itt\u00e4v\u00e4t havaitsevansa ter\u00e4vi\u00e4 juuston vivahteita, jotka sekoittuvat bensiinin kanssa hampun aromin p\u00e4\u00e4lle luodakseen hamppukokemuksen, joka on muistettava.<\/p>\n<p>&nbsp;<\/p>\n<p>Kokemukset ja seuraukset<\/p>\n<p>Aluksi Sour Diesel ei ole vitsi makujen suhteen. Kannan savu sis\u00e4lt\u00e4\u00e4 \u00e4\u00e4rimm\u00e4isen voimakkaan aromin, joka voi helposti hukuttaa aloittelijat ja matalan sietokyvyn omaavat k\u00e4ytt\u00e4j\u00e4t. Siksi pid\u00e4 t\u00e4t\u00e4 oikeudenmukaisena varoituksena \u2013 Sour Diesel pilaa paskaasi, alkaen siit\u00e4, milt\u00e4 se maistuu. Yksinkertaisesti sanottuna kanta tuottaa maun, joka on melkein identtinen sen hajun kanssa. Eli suuri m\u00e4\u00e4r\u00e4 skunkia yhdistettyn\u00e4 vahvoihin bensiinin t\u00f6ihin.<\/p>\n<p>Piihke\u00e4n maun vastustamattomien hy\u00f6kyaaltojen v\u00e4liss\u00e4 happamien sitrushedelmien aallot rikkovat haisun. Herk\u00e4t nuotit lis\u00e4\u00e4v\u00e4t kokemukseen riitt\u00e4v\u00e4sti nautintoa ja muuttavat sen todella dynaamiseksi ja mielenkiintoiseksi makukohtaamiseksi.<\/p>\n<p>Toinen Sour Dieselin vieh\u00e4tt\u00e4vyytt\u00e4 lis\u00e4\u00e4v\u00e4 n\u00e4k\u00f6kohta on sen v\u00e4lit\u00f6n vaikutus. Vaikutukset alkavat minuuteissa sis\u00e4\u00e4nhengityksen j\u00e4lkeen ja tarjoavat korkealentoisia sativaan nojautuvia vaikutuksia, jotka stimuloivat aisteja ja her\u00e4t\u00e4 voimasi uudelleen. Monella tapaa rasituksen voidaan sanoa auttavan sinua voittamaan estosi ja saamaan sinut tuntemaan olosi rohkeammaksi, rohkeammaksi ja itsevarmemmaksi.<\/p>\n<p>Sour Diesel -kanta, joka pystyy lievitt\u00e4m\u00e4\u00e4n fyysisi\u00e4 ja kognitiivisia vaivoja, lis\u00e4\u00e4 j\u00e4rjestelm\u00e4\u00e4si lis\u00e4energiaa, joka antaa sinulle voimaa ja motivaatiota selviyty\u00e4 p\u00e4iv\u00e4n ty\u00f6st\u00e4 ja velvollisuuksista. Kuitenkin varoituksen sana \u2013 Sour Diesel ei ole heikkohermoisille. Ennen kuin k\u00e4yt\u00e4t t\u00e4t\u00e4 hirvi\u00f6kantaa, varmista, ett\u00e4 sied\u00e4t voimakkaita sativavaikutuksia ja voimakasta makua.<\/p>\n<p>&nbsp;<\/p>\n<p>Istutus ja k\u00e4sittely<\/p>\n<p> Vaikka Sour Diesel -kanta on kohtalaisen vaikea aloitteleville viljelij\u00f6ille, sen ainutlaatuinen genetiikka tekee siit\u00e4 erinomaisen valinnan niille, jotka etsiv\u00e4t tehokkaita vaikutuksia pienell\u00e4 vaivalla. Kannat, joilla on erityisi\u00e4 kasvuvaatimuksia, soveltuvat tyypillisesti paljon paremmin uuttamiseen, jolloin saadaan tehokkaampia t\u00e4yden spektrin tiivisteit\u00e4 korkealaatuisille hampputuotteille. Siten kohtuullisesta vaikeudesta huolimatta Sour Diesel maksaa itsens\u00e4 takaisin erinomaisella hampulla, joka sopii erinomaisesti erilaisiin sadonkorjuun j\u00e4lkeisiin prosesseihin.<\/p>\n<p>Noin 11 viikossa, anna tai ota viikko, Sour Diesel -kukkia. Kohtuullinen sato on rajoitettu 3 unssiin per jalka kasvin korkeutta. Yrttisi saavuttaa korkeintaan yli 7 metrin korkeuden, joten se on hieman korkeampi kuin useimmat muut lajikkeet.<\/p>\n<p>Kasvin tilantarpeen vuoksi sen kasvattaminen ulkona voi olla ihanteellista, varsinkin jos ty\u00f6skentelet rajoitetulla tilassa. Sis\u00e4olosuhteet voivat kuitenkin olla suotuisat Sour Dieselille, kunhan tarjotaan riitt\u00e4v\u00e4 l\u00e4mp\u00f6, \u200b\u200bvalo ja alhainen kosteus. T\u00e4ydent\u00e4m\u00e4ll\u00e4 fosforipitoisia ravinteita kasvin kasvukauden loppupuolella ja lopettamalla kastelun noin kolme p\u00e4iv\u00e4\u00e4 ennen sadonkorjuuta saat aikaan suolen raastavan, pist\u00e4v\u00e4n tuoksun ja tiiviin trikoomakerroksen, joka takaa erinomaisen matkan.<\/p>\n<p>&nbsp;<\/p>\n<p>Kenelle se on suunniteltu?<\/p>\n<p>Sour Dieselin voimakkaan maun ja hirvitt\u00e4vien vaikutusten vuoksi kaikki eiv\u00e4t nauti sen tarjoamasta kokemuksesta. Alhaisen sietokyvyn k\u00e4ytt\u00e4ji\u00e4 ja aloittelijoita saattaa yll\u00e4tt\u00e4\u00e4 paitsi uskomaton maku, my\u00f6s ylivoimaiset vaikutukset, jotka voivat aiheuttaa ahdistusta ja levottomuutta joissakin.<\/p>\n<p>Kuitenkin Sour Diesel on edelleen legendaarinen kanta veteraaneille ja puristeille. jotka arvostavat voimakasta hamppua. Niille, joilla on enemm\u00e4n kokemusta, ennenn\u00e4kem\u00e4tt\u00f6m\u00e4n energiavirran jylisev\u00e4 tunne, joka kulkee heid\u00e4n j\u00e4rjestelm\u00e4ns\u00e4 l\u00e4pi, voi tarjota voimaa, motivaatiota ja ajattelutapaa, joita tarvitaan p\u00e4iv\u00e4n velvollisuuksien suorittamiseen \u2013 ja paljon muuta.<\/p>\n<\/p><\/div><\/div>\n<section class=\"related products\">\n<h2><\/h2>\n<\/section>\n<div class=\"product-next-previous\">\n<div class=\"product-prev\"><\/div><\/div>\n","protected":false},"excerpt":{"rendered":"<div class=\"woocommerce-product-details__short-description\">\n<p>Osta Sour Diesel -CBD-kukka myyt\u00e4v\u00e4n\u00e4 Isossa-Britanniassa, Euroopassa. Se on energisoiva Sativa-dominoiva lajike, joka auttaa sinua pysym\u00e4\u00e4n keskittyneen\u00e4, tuottavana ja tasapainoisena koko ajan p\u00e4iv\u00e4.<\/p>\n<\/div>\n","protected":false},"featured_media":4775,"comment_status":"open","ping_status":"closed","template":"","meta":[],"product_brand":[],"product_cat":[689],"product_tag":[],"class_list":{"0":"post-4761","1":"product","2":"type-product","3":"status-publish","4":"has-post-thumbnail","6":"product_cat-osta-hampun-kukka","8":"first","9":"instock","10":"shipping-taxable","11":"purchasable","12":"product-type-variable","13":"has-default-attributes"},"yoast_head":"<!-- This site is optimized with the Yoast SEO plugin v27.3 - https:\/\/yoast.com\/product\/yoast-seo-wordpress\/ -->\n<title>Osta hapandiesel CBD-hamppukukkia verkosta - parhaat maailmanlaajuiset l\u00e4\u00e4kkeet<\/title>\n<meta name=\"description\" content=\"Osta Sour Diesel CBD flower UK, Europe on energisoiva Sativa-dominoiva kanta, joka auttaa sinua pysym\u00e4\u00e4n keskittyneen\u00e4, tuottavana ja tasapainoisena koko p\u00e4iv\u00e4n.\" \/>\n<meta name=\"robots\" content=\"index, follow, max-snippet:-1, max-image-preview:large, max-video-preview:-1\" \/>\n<link rel=\"canonical\" href=\"https:\/\/medicinasinc.com\/fi\/product\/osta-sour-diesel-cbd-hamppu-kukka-verkosta\/\" \/>\n<meta property=\"og:locale\" content=\"en_US\" \/>\n<meta property=\"og:type\" content=\"article\" \/>\n<meta property=\"og:title\" content=\"Osta hapandiesel CBD-hamppukukkia verkosta - parhaat maailmanlaajuiset l\u00e4\u00e4kkeet\" \/>\n<meta property=\"og:description\" content=\"Osta Sour Diesel CBD flower UK, Europe on energisoiva Sativa-dominoiva kanta, joka auttaa sinua pysym\u00e4\u00e4n keskittyneen\u00e4, tuottavana ja tasapainoisena koko p\u00e4iv\u00e4n.\" \/>\n<meta property=\"og:url\" content=\"https:\/\/medicinasinc.com\/fi\/product\/osta-sour-diesel-cbd-hamppu-kukka-verkosta\/\" \/>\n<meta property=\"og:site_name\" content=\"Medicinas Inc\" \/>\n<meta property=\"article:modified_time\" content=\"2022-03-22T01:16:17+00:00\" \/>\n<meta property=\"og:image\" content=\"https:\/\/medicinasinc.com\/fi\/wp-content\/uploads\/sites\/12\/2022\/02\/Buy-Sour-Diesel-CBD-Hemp-Flower-Online.jpg\" \/>\n\t<meta property=\"og:image:width\" content=\"600\" \/>\n\t<meta property=\"og:image:height\" content=\"600\" \/>\n\t<meta property=\"og:image:type\" content=\"image\/jpeg\" \/>\n<meta name=\"twitter:card\" content=\"summary_large_image\" \/>\n<meta name=\"twitter:label1\" content=\"Est. reading time\" \/>\n\t<meta name=\"twitter:data1\" content=\"5 minutes\" \/>\n<script type=\"application\/ld+json\" class=\"yoast-schema-graph\">{\"@context\":\"https:\\\/\\\/schema.org\",\"@graph\":[{\"@type\":\"WebPage\",\"@id\":\"https:\\\/\\\/medicinasinc.com\\\/fi\\\/product\\\/osta-sour-diesel-cbd-hamppu-kukka-verkosta\\\/\",\"url\":\"https:\\\/\\\/medicinasinc.com\\\/fi\\\/product\\\/osta-sour-diesel-cbd-hamppu-kukka-verkosta\\\/\",\"name\":\"Osta hapandiesel CBD-hamppukukkia verkosta - parhaat maailmanlaajuiset l\u00e4\u00e4kkeet\",\"isPartOf\":{\"@id\":\"https:\\\/\\\/medicinasinc.com\\\/fi\\\/#website\"},\"primaryImageOfPage\":{\"@id\":\"https:\\\/\\\/medicinasinc.com\\\/fi\\\/product\\\/osta-sour-diesel-cbd-hamppu-kukka-verkosta\\\/#primaryimage\"},\"image\":{\"@id\":\"https:\\\/\\\/medicinasinc.com\\\/fi\\\/product\\\/osta-sour-diesel-cbd-hamppu-kukka-verkosta\\\/#primaryimage\"},\"thumbnailUrl\":\"https:\\\/\\\/medicinasinc.com\\\/fi\\\/wp-content\\\/uploads\\\/sites\\\/12\\\/2022\\\/02\\\/Buy-Sour-Diesel-CBD-Hemp-Flower-Online.jpg\",\"datePublished\":\"2022-02-20T15:41:01+00:00\",\"dateModified\":\"2022-03-22T01:16:17+00:00\",\"description\":\"Osta Sour Diesel CBD flower UK, Europe on energisoiva Sativa-dominoiva kanta, joka auttaa sinua pysym\u00e4\u00e4n keskittyneen\u00e4, tuottavana ja tasapainoisena koko p\u00e4iv\u00e4n.\",\"breadcrumb\":{\"@id\":\"https:\\\/\\\/medicinasinc.com\\\/fi\\\/product\\\/osta-sour-diesel-cbd-hamppu-kukka-verkosta\\\/#breadcrumb\"},\"inLanguage\":\"en-US\",\"potentialAction\":[{\"@type\":\"ReadAction\",\"target\":[\"https:\\\/\\\/medicinasinc.com\\\/fi\\\/product\\\/osta-sour-diesel-cbd-hamppu-kukka-verkosta\\\/\"]}]},{\"@type\":\"ImageObject\",\"inLanguage\":\"en-US\",\"@id\":\"https:\\\/\\\/medicinasinc.com\\\/fi\\\/product\\\/osta-sour-diesel-cbd-hamppu-kukka-verkosta\\\/#primaryimage\",\"url\":\"https:\\\/\\\/medicinasinc.com\\\/fi\\\/wp-content\\\/uploads\\\/sites\\\/12\\\/2022\\\/02\\\/Buy-Sour-Diesel-CBD-Hemp-Flower-Online.jpg\",\"contentUrl\":\"https:\\\/\\\/medicinasinc.com\\\/fi\\\/wp-content\\\/uploads\\\/sites\\\/12\\\/2022\\\/02\\\/Buy-Sour-Diesel-CBD-Hemp-Flower-Online.jpg\",\"width\":600,\"height\":600},{\"@type\":\"BreadcrumbList\",\"@id\":\"https:\\\/\\\/medicinasinc.com\\\/fi\\\/product\\\/osta-sour-diesel-cbd-hamppu-kukka-verkosta\\\/#breadcrumb\",\"itemListElement\":[{\"@type\":\"ListItem\",\"position\":1,\"name\":\"Myym\u00e4l\u00e4\",\"item\":\"https:\\\/\\\/medicinasinc.com\\\/fi\\\/myymala\\\/\"},{\"@type\":\"ListItem\",\"position\":2,\"name\":\"Osta Sour Diesel CBD Hamp Flower verkosta\"}]},{\"@type\":\"WebSite\",\"@id\":\"https:\\\/\\\/medicinasinc.com\\\/fi\\\/#website\",\"url\":\"https:\\\/\\\/medicinasinc.com\\\/fi\\\/\",\"name\":\"Medicinas Inc\",\"description\":\"Health Medical Clinic\",\"potentialAction\":[{\"@type\":\"SearchAction\",\"target\":{\"@type\":\"EntryPoint\",\"urlTemplate\":\"https:\\\/\\\/medicinasinc.com\\\/fi\\\/?s={search_term_string}\"},\"query-input\":{\"@type\":\"PropertyValueSpecification\",\"valueRequired\":true,\"valueName\":\"search_term_string\"}}],\"inLanguage\":\"en-US\"}]}<\/script>\n<!-- \/ Yoast SEO plugin. -->","yoast_head_json":{"title":"Osta hapandiesel CBD-hamppukukkia verkosta - parhaat maailmanlaajuiset l\u00e4\u00e4kkeet","description":"Osta Sour Diesel CBD flower UK, Europe on energisoiva Sativa-dominoiva kanta, joka auttaa sinua pysym\u00e4\u00e4n keskittyneen\u00e4, tuottavana ja tasapainoisena koko p\u00e4iv\u00e4n.","robots":{"index":"index","follow":"follow","max-snippet":"max-snippet:-1","max-image-preview":"max-image-preview:large","max-video-preview":"max-video-preview:-1"},"canonical":"https:\/\/medicinasinc.com\/fi\/product\/osta-sour-diesel-cbd-hamppu-kukka-verkosta\/","og_locale":"en_US","og_type":"article","og_title":"Osta hapandiesel CBD-hamppukukkia verkosta - parhaat maailmanlaajuiset l\u00e4\u00e4kkeet","og_description":"Osta Sour Diesel CBD flower UK, Europe on energisoiva Sativa-dominoiva kanta, joka auttaa sinua pysym\u00e4\u00e4n keskittyneen\u00e4, tuottavana ja tasapainoisena koko p\u00e4iv\u00e4n.","og_url":"https:\/\/medicinasinc.com\/fi\/product\/osta-sour-diesel-cbd-hamppu-kukka-verkosta\/","og_site_name":"Medicinas Inc","article_modified_time":"2022-03-22T01:16:17+00:00","og_image":[{"width":600,"height":600,"url":"https:\/\/medicinasinc.com\/fi\/wp-content\/uploads\/sites\/12\/2022\/02\/Buy-Sour-Diesel-CBD-Hemp-Flower-Online.jpg","type":"image\/jpeg"}],"twitter_card":"summary_large_image","twitter_misc":{"Est. reading time":"5 minutes"},"schema":{"@context":"https:\/\/schema.org","@graph":[{"@type":"WebPage","@id":"https:\/\/medicinasinc.com\/fi\/product\/osta-sour-diesel-cbd-hamppu-kukka-verkosta\/","url":"https:\/\/medicinasinc.com\/fi\/product\/osta-sour-diesel-cbd-hamppu-kukka-verkosta\/","name":"Osta hapandiesel CBD-hamppukukkia verkosta - parhaat maailmanlaajuiset l\u00e4\u00e4kkeet","isPartOf":{"@id":"https:\/\/medicinasinc.com\/fi\/#website"},"primaryImageOfPage":{"@id":"https:\/\/medicinasinc.com\/fi\/product\/osta-sour-diesel-cbd-hamppu-kukka-verkosta\/#primaryimage"},"image":{"@id":"https:\/\/medicinasinc.com\/fi\/product\/osta-sour-diesel-cbd-hamppu-kukka-verkosta\/#primaryimage"},"thumbnailUrl":"https:\/\/medicinasinc.com\/fi\/wp-content\/uploads\/sites\/12\/2022\/02\/Buy-Sour-Diesel-CBD-Hemp-Flower-Online.jpg","datePublished":"2022-02-20T15:41:01+00:00","dateModified":"2022-03-22T01:16:17+00:00","description":"Osta Sour Diesel CBD flower UK, Europe on energisoiva Sativa-dominoiva kanta, joka auttaa sinua pysym\u00e4\u00e4n keskittyneen\u00e4, tuottavana ja tasapainoisena koko p\u00e4iv\u00e4n.","breadcrumb":{"@id":"https:\/\/medicinasinc.com\/fi\/product\/osta-sour-diesel-cbd-hamppu-kukka-verkosta\/#breadcrumb"},"inLanguage":"en-US","potentialAction":[{"@type":"ReadAction","target":["https:\/\/medicinasinc.com\/fi\/product\/osta-sour-diesel-cbd-hamppu-kukka-verkosta\/"]}]},{"@type":"ImageObject","inLanguage":"en-US","@id":"https:\/\/medicinasinc.com\/fi\/product\/osta-sour-diesel-cbd-hamppu-kukka-verkosta\/#primaryimage","url":"https:\/\/medicinasinc.com\/fi\/wp-content\/uploads\/sites\/12\/2022\/02\/Buy-Sour-Diesel-CBD-Hemp-Flower-Online.jpg","contentUrl":"https:\/\/medicinasinc.com\/fi\/wp-content\/uploads\/sites\/12\/2022\/02\/Buy-Sour-Diesel-CBD-Hemp-Flower-Online.jpg","width":600,"height":600},{"@type":"BreadcrumbList","@id":"https:\/\/medicinasinc.com\/fi\/product\/osta-sour-diesel-cbd-hamppu-kukka-verkosta\/#breadcrumb","itemListElement":[{"@type":"ListItem","position":1,"name":"Myym\u00e4l\u00e4","item":"https:\/\/medicinasinc.com\/fi\/myymala\/"},{"@type":"ListItem","position":2,"name":"Osta Sour Diesel CBD Hamp Flower verkosta"}]},{"@type":"WebSite","@id":"https:\/\/medicinasinc.com\/fi\/#website","url":"https:\/\/medicinasinc.com\/fi\/","name":"Medicinas Inc","description":"Health Medical Clinic","potentialAction":[{"@type":"SearchAction","target":{"@type":"EntryPoint","urlTemplate":"https:\/\/medicinasinc.com\/fi\/?s={search_term_string}"},"query-input":{"@type":"PropertyValueSpecification","valueRequired":true,"valueName":"search_term_string"}}],"inLanguage":"en-US"}]}},"_links":{"self":[{"href":"https:\/\/medicinasinc.com\/fi\/wp-json\/wp\/v2\/product\/4761","targetHints":{"allow":["GET"]}}],"collection":[{"href":"https:\/\/medicinasinc.com\/fi\/wp-json\/wp\/v2\/product"}],"about":[{"href":"https:\/\/medicinasinc.com\/fi\/wp-json\/wp\/v2\/types\/product"}],"replies":[{"embeddable":true,"href":"https:\/\/medicinasinc.com\/fi\/wp-json\/wp\/v2\/comments?post=4761"}],"wp:featuredmedia":[{"embeddable":true,"href":"https:\/\/medicinasinc.com\/fi\/wp-json\/wp\/v2\/media\/4775"}],"wp:attachment":[{"href":"https:\/\/medicinasinc.com\/fi\/wp-json\/wp\/v2\/media?parent=4761"}],"wp:term":[{"taxonomy":"product_brand","embeddable":true,"href":"https:\/\/medicinasinc.com\/fi\/wp-json\/wp\/v2\/product_brand?post=4761"},{"taxonomy":"product_cat","embeddable":true,"href":"https:\/\/medicinasinc.com\/fi\/wp-json\/wp\/v2\/product_cat?post=4761"},{"taxonomy":"product_tag","embeddable":true,"href":"https:\/\/medicinasinc.com\/fi\/wp-json\/wp\/v2\/product_tag?post=4761"}],"curies":[{"name":"wp","href":"https:\/\/api.w.org\/{rel}","templated":true}]}}