{"id":4759,"date":"2022-02-20T15:39:59","date_gmt":"2022-02-20T15:39:59","guid":{"rendered":"https:\/\/medicinasinc.com\/fi\/?post_type=product&#038;p=4759"},"modified":"2022-03-22T01:16:26","modified_gmt":"2022-03-22T01:16:26","slug":"osta-suzy-q-cbd-hamppukukka","status":"publish","type":"product","link":"https:\/\/medicinasinc.com\/fi\/product\/osta-suzy-q-cbd-hamppukukka\/","title":{"rendered":"Osta Suzy Q CBD Hamp Flower"},"content":{"rendered":"<p>Suzy Q on keskitihe\u00e4, oliivinvihre\u00e4 lajike, jossa on tummat meripihkan s\u00e4vyiset karvat. Sit\u00e4 suositellaan kannabiksen yst\u00e4ville, jotka haluavat selkeit\u00e4, kohottavia vaikutuksia. T\u00e4m\u00e4n lajikkeen voimakkaalle maulle on ominaista puumaiset nuotit ja ripaus mausteisuutta. Suzy Q on tunnettu makeasta, maanl\u00e4heisest\u00e4 aromistaan \u200b\u200bja terpeeniprofiilistaan, jossa on m\u00e4ntyj\u00e4, mausteisia terpeeni\u00e4.<\/p>\n<p>Tasapainoinen hybridi sis\u00e4lt\u00e4\u00e4 50 % sativaa (stimuloivampi kanta) ja 50 % indicaa (rentouttavampi). kanta), mik\u00e4 johtaa synergistiseen vaikutukseen. Suhteellisen korkean CBD-pitoisuutensa ansiosta se on erinomainen valinta rauhoittavaa kokemusta etsiville. Sit\u00e4 pidet\u00e4\u00e4n laajalti yhten\u00e4 rauhoittavimmista saatavilla olevista kannoista.<\/p>\n<p>Suzy Q sis\u00e4lt\u00e4\u00e4 korkean pitoisuuden CBD:t\u00e4 ja vain hivenen THC:t\u00e4, selv\u00e4sti alle hampun laillisen rajan. T\u00e4m\u00e4 suhde osoittaa, ett\u00e4 sinun pit\u00e4isi odottaa liev\u00e4sti kohottavaa kokemusta.<\/p>\n<p>Hampunkukkien laadun varmistaminen maatilalta myyntiin<\/p>\n<p>Suzy Q hampunkukkia kasvatetaan vieh\u00e4tt\u00e4v\u00e4ll\u00e4 100 hehtaarin maatilalla pohjois-Kalifornia. Pohjois-Kalifornian idyllinen ilmasto luo illuusion loputtomasta kes\u00e4st\u00e4, ja kuivat, kirkkaat p\u00e4iv\u00e4t saavat aikaan upeita kukkia, joissa ei ole hometta tai h\u00e4rm\u00e4sient\u00e4.<\/p>\n<p>Tilamme on luomusertifioitu, mik\u00e4 tarkoittaa, ett\u00e4 kemikaaleja ei k\u00e4ytet\u00e4. k\u00e4ytet\u00e4\u00e4n lannoitteita tai torjunta-aineita. Pid\u00e4mme suurta huolta oikean permakulttuurin \u2013 omavaraisen ja omavaraisen maatalouden ekosysteemin viljelyn \u2013 takaamisesta. Yksi tapa tehd\u00e4 t\u00e4m\u00e4 on pintak\u00e4sittelyrehu, joka pakottaa juuret ty\u00f6skentelem\u00e4\u00e4n kovemmin edist\u00e4\u00e4kseen tervett\u00e4 maaper\u00e4\u00e4, joka edist\u00e4\u00e4 kasvien kasvua.<\/p>\n<p>Kun hamppukasvit saavuttavat t\u00e4yden potentiaalinsa, ne ripustetaan yl\u00f6salaisin alas kuivumaan, sitten kuivakovetettu ja k\u00e4sin leikattu. Kannabis on eritt\u00e4in herkk\u00e4 kasvi. Pienetkin virheet viljelyn tai sadonkorjuun aikana voivat nopeasti heikent\u00e4\u00e4 silmujen laatua. Edellyt\u00e4mme t\u00e4ydellist\u00e4 l\u00e4pin\u00e4kyvyytt\u00e4 ja laadunvalvontaa&#8230; ja sinun pit\u00e4isi my\u00f6s. Hampunkukilta ei vaadita mit\u00e4\u00e4n v\u00e4hemp\u00e4\u00e4.<\/p>\n<p>CBD-hamppukukkimme on l\u00e4p\u00e4issyt riippumattoman testauksen<\/p>\n<p>Jokaisen sadon puhtaus ja teho testataan DEA-rekister\u00f6idyss\u00e4, ISO 17025 -akkreditoidussa AHCA:ssa. -akkreditoitu ja CLIA-akkreditoitu riippumaton laboratorio. Koko paneelitesti tutkii seuraavia:<\/p>\n<p>CBD:n, THC:n ja muiden kannabinoidien teho.<br \/> Metallit (lyijy, elohopea, arseeni, kadmium).<br \/> Bakteerit, kuten esim. E. coli sek\u00e4 muut patogeenit<br \/> Ep\u00e4puhtaudet, kuten mykotoksiinit.<\/p>\n<p>Jokaisen tilauksen mukana tulee analyysitodistus, joka varmistaa, ett\u00e4 tied\u00e4t aina tarkasti, mit\u00e4 saat ostaessasi Crescent Flowerin .<\/p>\n","protected":false},"excerpt":{"rendered":"<p>Suzy Q CBD hamppukukka t\u00e4yden spektrin hamppukukka &#8211; Osta Suzy Q CBD Hampun kukka Full Spectrum Hamp Flower. Suzy Q on paljon CBD:t\u00e4 ja v\u00e4h\u00e4n THC:t\u00e4 sis\u00e4lt\u00e4v\u00e4 kanta, jolla on m\u00e4nnyn maku, joka auttaa oireiden hoidossa, mutta tuottaa vain v\u00e4h\u00e4n tai ei ollenkaan euforiaa.<\/p>\n<p>Suzy Q on korkea CBD:t\u00e4 ja v\u00e4h\u00e4n THC:t\u00e4 sis\u00e4lt\u00e4v\u00e4 kanta. m\u00e4nnyn maku, joka auttaa oireiden hoidossa ilman psykoaktiivista vaikutusta. T\u00e4m\u00e4 on erinomainen kanta lis\u00e4tt\u00e4v\u00e4ksi CBD-perheeseen.<br \/> Cbd: 15\u201317 %<\/p>\n<p>0,2 prosenttia thc<\/p>\n","protected":false},"featured_media":4773,"comment_status":"open","ping_status":"closed","template":"","meta":[],"product_brand":[],"product_cat":[689],"product_tag":[],"class_list":{"0":"post-4759","1":"product","2":"type-product","3":"status-publish","4":"has-post-thumbnail","6":"product_cat-osta-hampun-kukka","8":"first","9":"instock","10":"shipping-taxable","11":"purchasable","12":"product-type-variable","13":"has-default-attributes"},"yoast_head":"<!-- This site is optimized with the Yoast SEO plugin v27.3 - https:\/\/yoast.com\/product\/yoast-seo-wordpress\/ -->\n<title>Osta Suzy Q CBD Hamp Flower - parhaat maailmanlaajuiset l\u00e4\u00e4kkeet<\/title>\n<meta name=\"description\" content=\"Osta Suzy Q CBD Hampun kukka Full Spectrum Hamp Flower. Suzy Q on paljon CBD:t\u00e4 ja v\u00e4h\u00e4n THC:t\u00e4 sis\u00e4lt\u00e4v\u00e4 lajike, jolla on m\u00e4nnyn maku ja joka auttaa hoitamaan oireita v\u00e4h\u00e4n tai ei lainkaan euforisesti.\" \/>\n<meta name=\"robots\" content=\"index, follow, max-snippet:-1, max-image-preview:large, max-video-preview:-1\" \/>\n<link rel=\"canonical\" href=\"https:\/\/medicinasinc.com\/fi\/product\/osta-suzy-q-cbd-hamppukukka\/\" \/>\n<meta property=\"og:locale\" content=\"en_US\" \/>\n<meta property=\"og:type\" content=\"article\" \/>\n<meta property=\"og:title\" content=\"Osta Suzy Q CBD Hamp Flower - parhaat maailmanlaajuiset l\u00e4\u00e4kkeet\" \/>\n<meta property=\"og:description\" content=\"Osta Suzy Q CBD Hampun kukka Full Spectrum Hamp Flower. Suzy Q on paljon CBD:t\u00e4 ja v\u00e4h\u00e4n THC:t\u00e4 sis\u00e4lt\u00e4v\u00e4 lajike, jolla on m\u00e4nnyn maku ja joka auttaa hoitamaan oireita v\u00e4h\u00e4n tai ei lainkaan euforisesti.\" \/>\n<meta property=\"og:url\" content=\"https:\/\/medicinasinc.com\/fi\/product\/osta-suzy-q-cbd-hamppukukka\/\" \/>\n<meta property=\"og:site_name\" content=\"Medicinas Inc\" \/>\n<meta property=\"article:modified_time\" content=\"2022-03-22T01:16:26+00:00\" \/>\n<meta property=\"og:image\" content=\"https:\/\/medicinasinc.com\/fi\/wp-content\/uploads\/sites\/12\/2022\/02\/Buy-Suzy-Q-CBD-Hemp-Flower-Online.jpg\" \/>\n\t<meta property=\"og:image:width\" content=\"600\" \/>\n\t<meta property=\"og:image:height\" content=\"600\" \/>\n\t<meta property=\"og:image:type\" content=\"image\/jpeg\" \/>\n<meta name=\"twitter:card\" content=\"summary_large_image\" \/>\n<meta name=\"twitter:label1\" content=\"Est. reading time\" \/>\n\t<meta name=\"twitter:data1\" content=\"2 minutes\" \/>\n<script type=\"application\/ld+json\" class=\"yoast-schema-graph\">{\"@context\":\"https:\\\/\\\/schema.org\",\"@graph\":[{\"@type\":\"WebPage\",\"@id\":\"https:\\\/\\\/medicinasinc.com\\\/fi\\\/product\\\/osta-suzy-q-cbd-hamppukukka\\\/\",\"url\":\"https:\\\/\\\/medicinasinc.com\\\/fi\\\/product\\\/osta-suzy-q-cbd-hamppukukka\\\/\",\"name\":\"Osta Suzy Q CBD Hamp Flower - parhaat maailmanlaajuiset l\u00e4\u00e4kkeet\",\"isPartOf\":{\"@id\":\"https:\\\/\\\/medicinasinc.com\\\/fi\\\/#website\"},\"primaryImageOfPage\":{\"@id\":\"https:\\\/\\\/medicinasinc.com\\\/fi\\\/product\\\/osta-suzy-q-cbd-hamppukukka\\\/#primaryimage\"},\"image\":{\"@id\":\"https:\\\/\\\/medicinasinc.com\\\/fi\\\/product\\\/osta-suzy-q-cbd-hamppukukka\\\/#primaryimage\"},\"thumbnailUrl\":\"https:\\\/\\\/medicinasinc.com\\\/fi\\\/wp-content\\\/uploads\\\/sites\\\/12\\\/2022\\\/02\\\/Buy-Suzy-Q-CBD-Hemp-Flower-Online.jpg\",\"datePublished\":\"2022-02-20T15:39:59+00:00\",\"dateModified\":\"2022-03-22T01:16:26+00:00\",\"description\":\"Osta Suzy Q CBD Hampun kukka Full Spectrum Hamp Flower. Suzy Q on paljon CBD:t\u00e4 ja v\u00e4h\u00e4n THC:t\u00e4 sis\u00e4lt\u00e4v\u00e4 lajike, jolla on m\u00e4nnyn maku ja joka auttaa hoitamaan oireita v\u00e4h\u00e4n tai ei lainkaan euforisesti.\",\"breadcrumb\":{\"@id\":\"https:\\\/\\\/medicinasinc.com\\\/fi\\\/product\\\/osta-suzy-q-cbd-hamppukukka\\\/#breadcrumb\"},\"inLanguage\":\"en-US\",\"potentialAction\":[{\"@type\":\"ReadAction\",\"target\":[\"https:\\\/\\\/medicinasinc.com\\\/fi\\\/product\\\/osta-suzy-q-cbd-hamppukukka\\\/\"]}]},{\"@type\":\"ImageObject\",\"inLanguage\":\"en-US\",\"@id\":\"https:\\\/\\\/medicinasinc.com\\\/fi\\\/product\\\/osta-suzy-q-cbd-hamppukukka\\\/#primaryimage\",\"url\":\"https:\\\/\\\/medicinasinc.com\\\/fi\\\/wp-content\\\/uploads\\\/sites\\\/12\\\/2022\\\/02\\\/Buy-Suzy-Q-CBD-Hemp-Flower-Online.jpg\",\"contentUrl\":\"https:\\\/\\\/medicinasinc.com\\\/fi\\\/wp-content\\\/uploads\\\/sites\\\/12\\\/2022\\\/02\\\/Buy-Suzy-Q-CBD-Hemp-Flower-Online.jpg\",\"width\":600,\"height\":600},{\"@type\":\"BreadcrumbList\",\"@id\":\"https:\\\/\\\/medicinasinc.com\\\/fi\\\/product\\\/osta-suzy-q-cbd-hamppukukka\\\/#breadcrumb\",\"itemListElement\":[{\"@type\":\"ListItem\",\"position\":1,\"name\":\"Myym\u00e4l\u00e4\",\"item\":\"https:\\\/\\\/medicinasinc.com\\\/fi\\\/myymala\\\/\"},{\"@type\":\"ListItem\",\"position\":2,\"name\":\"Osta Suzy Q CBD Hamp Flower\"}]},{\"@type\":\"WebSite\",\"@id\":\"https:\\\/\\\/medicinasinc.com\\\/fi\\\/#website\",\"url\":\"https:\\\/\\\/medicinasinc.com\\\/fi\\\/\",\"name\":\"Medicinas Inc\",\"description\":\"Health Medical Clinic\",\"potentialAction\":[{\"@type\":\"SearchAction\",\"target\":{\"@type\":\"EntryPoint\",\"urlTemplate\":\"https:\\\/\\\/medicinasinc.com\\\/fi\\\/?s={search_term_string}\"},\"query-input\":{\"@type\":\"PropertyValueSpecification\",\"valueRequired\":true,\"valueName\":\"search_term_string\"}}],\"inLanguage\":\"en-US\"}]}<\/script>\n<!-- \/ Yoast SEO plugin. -->","yoast_head_json":{"title":"Osta Suzy Q CBD Hamp Flower - parhaat maailmanlaajuiset l\u00e4\u00e4kkeet","description":"Osta Suzy Q CBD Hampun kukka Full Spectrum Hamp Flower. Suzy Q on paljon CBD:t\u00e4 ja v\u00e4h\u00e4n THC:t\u00e4 sis\u00e4lt\u00e4v\u00e4 lajike, jolla on m\u00e4nnyn maku ja joka auttaa hoitamaan oireita v\u00e4h\u00e4n tai ei lainkaan euforisesti.","robots":{"index":"index","follow":"follow","max-snippet":"max-snippet:-1","max-image-preview":"max-image-preview:large","max-video-preview":"max-video-preview:-1"},"canonical":"https:\/\/medicinasinc.com\/fi\/product\/osta-suzy-q-cbd-hamppukukka\/","og_locale":"en_US","og_type":"article","og_title":"Osta Suzy Q CBD Hamp Flower - parhaat maailmanlaajuiset l\u00e4\u00e4kkeet","og_description":"Osta Suzy Q CBD Hampun kukka Full Spectrum Hamp Flower. Suzy Q on paljon CBD:t\u00e4 ja v\u00e4h\u00e4n THC:t\u00e4 sis\u00e4lt\u00e4v\u00e4 lajike, jolla on m\u00e4nnyn maku ja joka auttaa hoitamaan oireita v\u00e4h\u00e4n tai ei lainkaan euforisesti.","og_url":"https:\/\/medicinasinc.com\/fi\/product\/osta-suzy-q-cbd-hamppukukka\/","og_site_name":"Medicinas Inc","article_modified_time":"2022-03-22T01:16:26+00:00","og_image":[{"width":600,"height":600,"url":"https:\/\/medicinasinc.com\/fi\/wp-content\/uploads\/sites\/12\/2022\/02\/Buy-Suzy-Q-CBD-Hemp-Flower-Online.jpg","type":"image\/jpeg"}],"twitter_card":"summary_large_image","twitter_misc":{"Est. reading time":"2 minutes"},"schema":{"@context":"https:\/\/schema.org","@graph":[{"@type":"WebPage","@id":"https:\/\/medicinasinc.com\/fi\/product\/osta-suzy-q-cbd-hamppukukka\/","url":"https:\/\/medicinasinc.com\/fi\/product\/osta-suzy-q-cbd-hamppukukka\/","name":"Osta Suzy Q CBD Hamp Flower - parhaat maailmanlaajuiset l\u00e4\u00e4kkeet","isPartOf":{"@id":"https:\/\/medicinasinc.com\/fi\/#website"},"primaryImageOfPage":{"@id":"https:\/\/medicinasinc.com\/fi\/product\/osta-suzy-q-cbd-hamppukukka\/#primaryimage"},"image":{"@id":"https:\/\/medicinasinc.com\/fi\/product\/osta-suzy-q-cbd-hamppukukka\/#primaryimage"},"thumbnailUrl":"https:\/\/medicinasinc.com\/fi\/wp-content\/uploads\/sites\/12\/2022\/02\/Buy-Suzy-Q-CBD-Hemp-Flower-Online.jpg","datePublished":"2022-02-20T15:39:59+00:00","dateModified":"2022-03-22T01:16:26+00:00","description":"Osta Suzy Q CBD Hampun kukka Full Spectrum Hamp Flower. Suzy Q on paljon CBD:t\u00e4 ja v\u00e4h\u00e4n THC:t\u00e4 sis\u00e4lt\u00e4v\u00e4 lajike, jolla on m\u00e4nnyn maku ja joka auttaa hoitamaan oireita v\u00e4h\u00e4n tai ei lainkaan euforisesti.","breadcrumb":{"@id":"https:\/\/medicinasinc.com\/fi\/product\/osta-suzy-q-cbd-hamppukukka\/#breadcrumb"},"inLanguage":"en-US","potentialAction":[{"@type":"ReadAction","target":["https:\/\/medicinasinc.com\/fi\/product\/osta-suzy-q-cbd-hamppukukka\/"]}]},{"@type":"ImageObject","inLanguage":"en-US","@id":"https:\/\/medicinasinc.com\/fi\/product\/osta-suzy-q-cbd-hamppukukka\/#primaryimage","url":"https:\/\/medicinasinc.com\/fi\/wp-content\/uploads\/sites\/12\/2022\/02\/Buy-Suzy-Q-CBD-Hemp-Flower-Online.jpg","contentUrl":"https:\/\/medicinasinc.com\/fi\/wp-content\/uploads\/sites\/12\/2022\/02\/Buy-Suzy-Q-CBD-Hemp-Flower-Online.jpg","width":600,"height":600},{"@type":"BreadcrumbList","@id":"https:\/\/medicinasinc.com\/fi\/product\/osta-suzy-q-cbd-hamppukukka\/#breadcrumb","itemListElement":[{"@type":"ListItem","position":1,"name":"Myym\u00e4l\u00e4","item":"https:\/\/medicinasinc.com\/fi\/myymala\/"},{"@type":"ListItem","position":2,"name":"Osta Suzy Q CBD Hamp Flower"}]},{"@type":"WebSite","@id":"https:\/\/medicinasinc.com\/fi\/#website","url":"https:\/\/medicinasinc.com\/fi\/","name":"Medicinas Inc","description":"Health Medical Clinic","potentialAction":[{"@type":"SearchAction","target":{"@type":"EntryPoint","urlTemplate":"https:\/\/medicinasinc.com\/fi\/?s={search_term_string}"},"query-input":{"@type":"PropertyValueSpecification","valueRequired":true,"valueName":"search_term_string"}}],"inLanguage":"en-US"}]}},"_links":{"self":[{"href":"https:\/\/medicinasinc.com\/fi\/wp-json\/wp\/v2\/product\/4759","targetHints":{"allow":["GET"]}}],"collection":[{"href":"https:\/\/medicinasinc.com\/fi\/wp-json\/wp\/v2\/product"}],"about":[{"href":"https:\/\/medicinasinc.com\/fi\/wp-json\/wp\/v2\/types\/product"}],"replies":[{"embeddable":true,"href":"https:\/\/medicinasinc.com\/fi\/wp-json\/wp\/v2\/comments?post=4759"}],"wp:featuredmedia":[{"embeddable":true,"href":"https:\/\/medicinasinc.com\/fi\/wp-json\/wp\/v2\/media\/4773"}],"wp:attachment":[{"href":"https:\/\/medicinasinc.com\/fi\/wp-json\/wp\/v2\/media?parent=4759"}],"wp:term":[{"taxonomy":"product_brand","embeddable":true,"href":"https:\/\/medicinasinc.com\/fi\/wp-json\/wp\/v2\/product_brand?post=4759"},{"taxonomy":"product_cat","embeddable":true,"href":"https:\/\/medicinasinc.com\/fi\/wp-json\/wp\/v2\/product_cat?post=4759"},{"taxonomy":"product_tag","embeddable":true,"href":"https:\/\/medicinasinc.com\/fi\/wp-json\/wp\/v2\/product_tag?post=4759"}],"curies":[{"name":"wp","href":"https:\/\/api.w.org\/{rel}","templated":true}]}}