{"id":4748,"date":"2022-02-20T15:30:50","date_gmt":"2022-02-20T15:30:50","guid":{"rendered":"https:\/\/medicinasinc.com\/fi\/?post_type=product&#038;p=4748"},"modified":"2022-03-22T01:16:45","modified_gmt":"2022-03-22T01:16:45","slug":"osta-havaiji-manty-hamppu-kukka","status":"publish","type":"product","link":"https:\/\/medicinasinc.com\/fi\/product\/osta-havaiji-manty-hamppu-kukka\/","title":{"rendered":"Osta Hawaiian Pine Hamp Flower"},"content":{"rendered":"<div class=\"woocommerce-tabs wc-tabs-wrapper\">\n<div id=\"tab-description\" class=\"woocommerce-Tabs-panel woocommerce-Tabs-panel--description panel entry-content wc-tab\" role=\"tabpanel\" aria-labelledby=\"tab-title-description\">\n<p>Havaijin m\u00e4nnyn CBD:t\u00e4 sis\u00e4lt\u00e4v\u00e4 hamppukukka<\/p>\n<p>Hawaiian Pine CBD Hampun kukkakanta sis\u00e4lt\u00e4\u00e4 alle 2 % Delta 9 THC:t\u00e4, joka on laillinen THC-raja, ja jos sit\u00e4 k\u00e4ytet\u00e4\u00e4n kohtuudella, se ei aiheuta sinua ep\u00e4onnistumaan huumetestiss\u00e4, mutta emme anna takuita.<\/p>\n<p>Me Bud Chasersilla panostamme laatuun ja turvallisuuteen, mink\u00e4 vuoksi jokainen Maatalousministeri\u00f6 on testannut ja hyv\u00e4ksynyt er\u00e4n CBD-kukkia ennen jakelua.<\/p>\n<p>CBD-rikkaat l\u00e4\u00e4kkeet voivat auttaa tulehduksissa ja kohtauksissa, mutta niill\u00e4 on vain v\u00e4h\u00e4n psykoaktiivisia vaikutuksia. Korkean alkoholipitoisuuden vuoksi suosittelemme sen asettamista suun puolelle (poskea vasten) ja pit\u00e4mist\u00e4 30-60 sekuntia. Tinktuura voidaan laimentaa mehuun tai teehen, mutta sen vaikutus kest\u00e4\u00e4 kauemmin.<\/p>\n<p>Hawaiian Pine CBD hamppukukka on nyt saatavilla.<\/p>\n<p>Osta Hawaiian Pine CBD Hampun kukka hampusta Online juuri nyt; Lis\u00e4ksi voit tehd\u00e4 tilauksen t\u00e4\u00e4lt\u00e4 ja tehd\u00e4 ostoksen v\u00e4litt\u00f6m\u00e4sti.<\/p>\n<p>CBD-kukka Hawaiian Pinesta<\/p>\n<\/p><\/div><\/div>\n","protected":false},"excerpt":{"rendered":"<div class=\"woocommerce-product-details__short-description\">\n<p>Osta Havaijin m\u00e4nnyn CBD-hamppukukkaa verkosta osoitteesta bestglobalmeds.com. Osta erilaisia \u200b\u200bmarihuaanaan liittyvi\u00e4 tuotteita ja paljon muuta. Toimitus on ilmainen.<\/p>\n<p>Tarjoamme ylivertaista Hawaiian Pine CBD -hamppukukkaa l\u00e4\u00e4ketieteellisiin tai virkistystarkoituksiin.<\/p>\n<\/p><\/div>\n","protected":false},"featured_media":4760,"comment_status":"open","ping_status":"closed","template":"","meta":[],"product_brand":[],"product_cat":[689],"product_tag":[],"class_list":{"0":"post-4748","1":"product","2":"type-product","3":"status-publish","4":"has-post-thumbnail","6":"product_cat-osta-hampun-kukka","8":"first","9":"instock","10":"shipping-taxable","11":"purchasable","12":"product-type-variable","13":"has-default-attributes"},"yoast_head":"<!-- This site is optimized with the Yoast SEO plugin v27.3 - https:\/\/yoast.com\/product\/yoast-seo-wordpress\/ -->\n<title>Osta Havaijin m\u00e4ntyhampun kukka - parhaat maailmanlaajuiset l\u00e4\u00e4kkeet<\/title>\n<meta name=\"description\" content=\"Osta Havaijin m\u00e4nty CBD hampun kukka (1 puntaa) verkosta bestglobalmeds.com. Osta laaja valikoima marihuanatuotteita ja paljon muuta. Ilmainen toimitus.\" \/>\n<meta name=\"robots\" content=\"index, follow, max-snippet:-1, max-image-preview:large, max-video-preview:-1\" \/>\n<link rel=\"canonical\" href=\"https:\/\/medicinasinc.com\/fi\/product\/osta-havaiji-manty-hamppu-kukka\/\" \/>\n<meta property=\"og:locale\" content=\"en_US\" \/>\n<meta property=\"og:type\" content=\"article\" \/>\n<meta property=\"og:title\" content=\"Osta Havaijin m\u00e4ntyhampun kukka - parhaat maailmanlaajuiset l\u00e4\u00e4kkeet\" \/>\n<meta property=\"og:description\" content=\"Osta Havaijin m\u00e4nty CBD hampun kukka (1 puntaa) verkosta bestglobalmeds.com. Osta laaja valikoima marihuanatuotteita ja paljon muuta. Ilmainen toimitus.\" \/>\n<meta property=\"og:url\" content=\"https:\/\/medicinasinc.com\/fi\/product\/osta-havaiji-manty-hamppu-kukka\/\" \/>\n<meta property=\"og:site_name\" content=\"Medicinas Inc\" \/>\n<meta property=\"article:modified_time\" content=\"2022-03-22T01:16:45+00:00\" \/>\n<meta property=\"og:image\" content=\"https:\/\/medicinasinc.com\/fi\/wp-content\/uploads\/sites\/12\/2022\/02\/Buy-Hawaiian-Pine-Hemp-Flower-Onlin.jpg\" \/>\n\t<meta property=\"og:image:width\" content=\"600\" \/>\n\t<meta property=\"og:image:height\" content=\"600\" \/>\n\t<meta property=\"og:image:type\" content=\"image\/jpeg\" \/>\n<meta name=\"twitter:card\" content=\"summary_large_image\" \/>\n<meta name=\"twitter:label1\" content=\"Est. reading time\" \/>\n\t<meta name=\"twitter:data1\" content=\"1 minute\" \/>\n<script type=\"application\/ld+json\" class=\"yoast-schema-graph\">{\"@context\":\"https:\\\/\\\/schema.org\",\"@graph\":[{\"@type\":\"WebPage\",\"@id\":\"https:\\\/\\\/medicinasinc.com\\\/fi\\\/product\\\/osta-havaiji-manty-hamppu-kukka\\\/\",\"url\":\"https:\\\/\\\/medicinasinc.com\\\/fi\\\/product\\\/osta-havaiji-manty-hamppu-kukka\\\/\",\"name\":\"Osta Havaijin m\u00e4ntyhampun kukka - parhaat maailmanlaajuiset l\u00e4\u00e4kkeet\",\"isPartOf\":{\"@id\":\"https:\\\/\\\/medicinasinc.com\\\/fi\\\/#website\"},\"primaryImageOfPage\":{\"@id\":\"https:\\\/\\\/medicinasinc.com\\\/fi\\\/product\\\/osta-havaiji-manty-hamppu-kukka\\\/#primaryimage\"},\"image\":{\"@id\":\"https:\\\/\\\/medicinasinc.com\\\/fi\\\/product\\\/osta-havaiji-manty-hamppu-kukka\\\/#primaryimage\"},\"thumbnailUrl\":\"https:\\\/\\\/medicinasinc.com\\\/fi\\\/wp-content\\\/uploads\\\/sites\\\/12\\\/2022\\\/02\\\/Buy-Hawaiian-Pine-Hemp-Flower-Onlin.jpg\",\"datePublished\":\"2022-02-20T15:30:50+00:00\",\"dateModified\":\"2022-03-22T01:16:45+00:00\",\"description\":\"Osta Havaijin m\u00e4nty CBD hampun kukka (1 puntaa) verkosta bestglobalmeds.com. Osta laaja valikoima marihuanatuotteita ja paljon muuta. Ilmainen toimitus.\",\"breadcrumb\":{\"@id\":\"https:\\\/\\\/medicinasinc.com\\\/fi\\\/product\\\/osta-havaiji-manty-hamppu-kukka\\\/#breadcrumb\"},\"inLanguage\":\"en-US\",\"potentialAction\":[{\"@type\":\"ReadAction\",\"target\":[\"https:\\\/\\\/medicinasinc.com\\\/fi\\\/product\\\/osta-havaiji-manty-hamppu-kukka\\\/\"]}]},{\"@type\":\"ImageObject\",\"inLanguage\":\"en-US\",\"@id\":\"https:\\\/\\\/medicinasinc.com\\\/fi\\\/product\\\/osta-havaiji-manty-hamppu-kukka\\\/#primaryimage\",\"url\":\"https:\\\/\\\/medicinasinc.com\\\/fi\\\/wp-content\\\/uploads\\\/sites\\\/12\\\/2022\\\/02\\\/Buy-Hawaiian-Pine-Hemp-Flower-Onlin.jpg\",\"contentUrl\":\"https:\\\/\\\/medicinasinc.com\\\/fi\\\/wp-content\\\/uploads\\\/sites\\\/12\\\/2022\\\/02\\\/Buy-Hawaiian-Pine-Hemp-Flower-Onlin.jpg\",\"width\":600,\"height\":600},{\"@type\":\"BreadcrumbList\",\"@id\":\"https:\\\/\\\/medicinasinc.com\\\/fi\\\/product\\\/osta-havaiji-manty-hamppu-kukka\\\/#breadcrumb\",\"itemListElement\":[{\"@type\":\"ListItem\",\"position\":1,\"name\":\"Myym\u00e4l\u00e4\",\"item\":\"https:\\\/\\\/medicinasinc.com\\\/fi\\\/myymala\\\/\"},{\"@type\":\"ListItem\",\"position\":2,\"name\":\"Osta Hawaiian Pine Hamp Flower\"}]},{\"@type\":\"WebSite\",\"@id\":\"https:\\\/\\\/medicinasinc.com\\\/fi\\\/#website\",\"url\":\"https:\\\/\\\/medicinasinc.com\\\/fi\\\/\",\"name\":\"Medicinas Inc\",\"description\":\"Health Medical Clinic\",\"potentialAction\":[{\"@type\":\"SearchAction\",\"target\":{\"@type\":\"EntryPoint\",\"urlTemplate\":\"https:\\\/\\\/medicinasinc.com\\\/fi\\\/?s={search_term_string}\"},\"query-input\":{\"@type\":\"PropertyValueSpecification\",\"valueRequired\":true,\"valueName\":\"search_term_string\"}}],\"inLanguage\":\"en-US\"}]}<\/script>\n<!-- \/ Yoast SEO plugin. -->","yoast_head_json":{"title":"Osta Havaijin m\u00e4ntyhampun kukka - parhaat maailmanlaajuiset l\u00e4\u00e4kkeet","description":"Osta Havaijin m\u00e4nty CBD hampun kukka (1 puntaa) verkosta bestglobalmeds.com. Osta laaja valikoima marihuanatuotteita ja paljon muuta. Ilmainen toimitus.","robots":{"index":"index","follow":"follow","max-snippet":"max-snippet:-1","max-image-preview":"max-image-preview:large","max-video-preview":"max-video-preview:-1"},"canonical":"https:\/\/medicinasinc.com\/fi\/product\/osta-havaiji-manty-hamppu-kukka\/","og_locale":"en_US","og_type":"article","og_title":"Osta Havaijin m\u00e4ntyhampun kukka - parhaat maailmanlaajuiset l\u00e4\u00e4kkeet","og_description":"Osta Havaijin m\u00e4nty CBD hampun kukka (1 puntaa) verkosta bestglobalmeds.com. Osta laaja valikoima marihuanatuotteita ja paljon muuta. Ilmainen toimitus.","og_url":"https:\/\/medicinasinc.com\/fi\/product\/osta-havaiji-manty-hamppu-kukka\/","og_site_name":"Medicinas Inc","article_modified_time":"2022-03-22T01:16:45+00:00","og_image":[{"width":600,"height":600,"url":"https:\/\/medicinasinc.com\/fi\/wp-content\/uploads\/sites\/12\/2022\/02\/Buy-Hawaiian-Pine-Hemp-Flower-Onlin.jpg","type":"image\/jpeg"}],"twitter_card":"summary_large_image","twitter_misc":{"Est. reading time":"1 minute"},"schema":{"@context":"https:\/\/schema.org","@graph":[{"@type":"WebPage","@id":"https:\/\/medicinasinc.com\/fi\/product\/osta-havaiji-manty-hamppu-kukka\/","url":"https:\/\/medicinasinc.com\/fi\/product\/osta-havaiji-manty-hamppu-kukka\/","name":"Osta Havaijin m\u00e4ntyhampun kukka - parhaat maailmanlaajuiset l\u00e4\u00e4kkeet","isPartOf":{"@id":"https:\/\/medicinasinc.com\/fi\/#website"},"primaryImageOfPage":{"@id":"https:\/\/medicinasinc.com\/fi\/product\/osta-havaiji-manty-hamppu-kukka\/#primaryimage"},"image":{"@id":"https:\/\/medicinasinc.com\/fi\/product\/osta-havaiji-manty-hamppu-kukka\/#primaryimage"},"thumbnailUrl":"https:\/\/medicinasinc.com\/fi\/wp-content\/uploads\/sites\/12\/2022\/02\/Buy-Hawaiian-Pine-Hemp-Flower-Onlin.jpg","datePublished":"2022-02-20T15:30:50+00:00","dateModified":"2022-03-22T01:16:45+00:00","description":"Osta Havaijin m\u00e4nty CBD hampun kukka (1 puntaa) verkosta bestglobalmeds.com. Osta laaja valikoima marihuanatuotteita ja paljon muuta. Ilmainen toimitus.","breadcrumb":{"@id":"https:\/\/medicinasinc.com\/fi\/product\/osta-havaiji-manty-hamppu-kukka\/#breadcrumb"},"inLanguage":"en-US","potentialAction":[{"@type":"ReadAction","target":["https:\/\/medicinasinc.com\/fi\/product\/osta-havaiji-manty-hamppu-kukka\/"]}]},{"@type":"ImageObject","inLanguage":"en-US","@id":"https:\/\/medicinasinc.com\/fi\/product\/osta-havaiji-manty-hamppu-kukka\/#primaryimage","url":"https:\/\/medicinasinc.com\/fi\/wp-content\/uploads\/sites\/12\/2022\/02\/Buy-Hawaiian-Pine-Hemp-Flower-Onlin.jpg","contentUrl":"https:\/\/medicinasinc.com\/fi\/wp-content\/uploads\/sites\/12\/2022\/02\/Buy-Hawaiian-Pine-Hemp-Flower-Onlin.jpg","width":600,"height":600},{"@type":"BreadcrumbList","@id":"https:\/\/medicinasinc.com\/fi\/product\/osta-havaiji-manty-hamppu-kukka\/#breadcrumb","itemListElement":[{"@type":"ListItem","position":1,"name":"Myym\u00e4l\u00e4","item":"https:\/\/medicinasinc.com\/fi\/myymala\/"},{"@type":"ListItem","position":2,"name":"Osta Hawaiian Pine Hamp Flower"}]},{"@type":"WebSite","@id":"https:\/\/medicinasinc.com\/fi\/#website","url":"https:\/\/medicinasinc.com\/fi\/","name":"Medicinas Inc","description":"Health Medical Clinic","potentialAction":[{"@type":"SearchAction","target":{"@type":"EntryPoint","urlTemplate":"https:\/\/medicinasinc.com\/fi\/?s={search_term_string}"},"query-input":{"@type":"PropertyValueSpecification","valueRequired":true,"valueName":"search_term_string"}}],"inLanguage":"en-US"}]}},"_links":{"self":[{"href":"https:\/\/medicinasinc.com\/fi\/wp-json\/wp\/v2\/product\/4748","targetHints":{"allow":["GET"]}}],"collection":[{"href":"https:\/\/medicinasinc.com\/fi\/wp-json\/wp\/v2\/product"}],"about":[{"href":"https:\/\/medicinasinc.com\/fi\/wp-json\/wp\/v2\/types\/product"}],"replies":[{"embeddable":true,"href":"https:\/\/medicinasinc.com\/fi\/wp-json\/wp\/v2\/comments?post=4748"}],"wp:featuredmedia":[{"embeddable":true,"href":"https:\/\/medicinasinc.com\/fi\/wp-json\/wp\/v2\/media\/4760"}],"wp:attachment":[{"href":"https:\/\/medicinasinc.com\/fi\/wp-json\/wp\/v2\/media?parent=4748"}],"wp:term":[{"taxonomy":"product_brand","embeddable":true,"href":"https:\/\/medicinasinc.com\/fi\/wp-json\/wp\/v2\/product_brand?post=4748"},{"taxonomy":"product_cat","embeddable":true,"href":"https:\/\/medicinasinc.com\/fi\/wp-json\/wp\/v2\/product_cat?post=4748"},{"taxonomy":"product_tag","embeddable":true,"href":"https:\/\/medicinasinc.com\/fi\/wp-json\/wp\/v2\/product_tag?post=4748"}],"curies":[{"name":"wp","href":"https:\/\/api.w.org\/{rel}","templated":true}]}}