{"id":4733,"date":"2022-02-20T15:18:37","date_gmt":"2022-02-20T15:18:37","guid":{"rendered":"https:\/\/medicinasinc.com\/fi\/?post_type=product&#038;p=4733"},"modified":"2022-03-22T01:17:01","modified_gmt":"2022-03-22T01:17:01","slug":"osta-vaaleanpunainen-kush-hash","status":"publish","type":"product","link":"https:\/\/medicinasinc.com\/fi\/product\/osta-vaaleanpunainen-kush-hash\/","title":{"rendered":"Osta Pink Kush Hash"},"content":{"rendered":"<p>Pink Kush Hashin verkko-ostos<\/p>\n<p>Ennen kuin ostat laillista tiivistett\u00e4 verkosta, on t\u00e4rke\u00e4\u00e4 ymm\u00e4rt\u00e4\u00e4, mit\u00e4 se on, miten se liittyy kannabikseen ja mik\u00e4 erottaa sen muista rikkakasvituotteista. Hash, toinen termi &#8220;ha\u0161ikselle&#8221;, on kannabistiiviste, joka v\u00e4litet\u00e4\u00e4n marihuanakasvin pikell\u00e4. T\u00e4m\u00e4 saavutetaan erottamalla kannabiskasvin mahlaelimet, joita kutsutaan yhteisesti trichomeiksi, sen kukista. N\u00e4iden trikomien tiedet\u00e4\u00e4n sis\u00e4lt\u00e4v\u00e4n suurimmat pitoisuudet kannabinoideja ja terpeenej\u00e4, jotka ovat kemiallisia yhdisteit\u00e4, jotka ovat vastuussa Maryjanen ainutlaatuisista ominaisuuksista ja ominaisuuksista. Kannabinoidien ja terpeenien korkean pitoisuuden ansiosta hashissa sill\u00e4 on poikkeuksellinen kyky luoda h\u00e4mm\u00e4stytt\u00e4vi\u00e4 psykoaktiivisia ja l\u00e4\u00e4ketieteellisi\u00e4 kohtaamisia kannabisasiakkaille. Hash\u00f6ljy on eritt\u00e4in tiivistetty kannabiksen muoto, jota voidaan polttaa, h\u00f6yryst\u00e4\u00e4, kuluttaa tai hankaamalla iholle. Joskus hash\u00f6ljyn k\u00e4ytt\u00f6\u00e4 kutsutaan &#8220;tavoittelemiseksi&#8221; tai &#8220;kulutukseksi&#8221;. Hash\u00f6ljy on johdettu kannabiskasveista ja sis\u00e4lt\u00e4\u00e4 THC:t\u00e4 (delta-9-tetrahydrokannabinolia), samaa vallankumouksellista yhdistett\u00e4, joka l\u00f6ytyy muista Maryjane-tuotteista.<\/p>\n<p>Joka tapauksessa hash\u00f6ljy on tehokkaampaa, sill\u00e4 se sis\u00e4lt\u00e4\u00e4 jopa 90 %. puhdas THC. Tietenkin muissa kannabiskasvin osissa tyypillinen THC-pitoisuus on noin 12 %. Luotettu<\/p>\n<p>CO2-uutto on t\u00e4ll\u00e4 hetkell\u00e4 tehokkain menetelm\u00e4 THC-\u00f6ljyn uuttamiseen. Lis\u00e4ksi se on yleisin ja turvallisin menetelm\u00e4 kannabis\u00f6ljyn, tisleen ja el\u00e4vien purukumien tuotantoon. Syy siihen, ett\u00e4 t\u00e4m\u00e4 THC-\u00f6ljy on niin yleist\u00e4 nyky\u00e4\u00e4n, on se, ett\u00e4 t\u00e4m\u00e4 THC-\u00f6ljy ei sis\u00e4ll\u00e4 muita liuottimia, kuten lipe\u00e4\u00e4 tai butaania.<\/p>\n<p>Suurin osa THC-\u00f6ljyist\u00e4 sis\u00e4lt\u00e4\u00e4 er\u00e4\u00e4nlaista heikent\u00e4v\u00e4\u00e4 valmiutta. T\u00e4m\u00e4 on tarpeen sen varmistamiseksi, ett\u00e4 \u00f6ljy s\u00e4ilytt\u00e4\u00e4 ihanteellisen koostumuksen h\u00f6yrystyst\u00e4 varten. Tehokkaimpia pelkist\u00e4vi\u00e4 aineita ovat kasviper\u00e4inen glyseriini ja propyleeniglykoli (VG ja PG), joita esiintyy yleisesti perinteisess\u00e4 e-nesteess\u00e4. Muutamat sis\u00e4lt\u00e4v\u00e4t erilaisia \u200b\u200bt\u00e4yteaineita, kuten PEG, ja huomattavasti viime aikoina TEC Temper, joka on toinen tavanomaisista terpeeneista johdettu tila. Hash-\u00f6ljy\u00e4 on ostettavissa.<\/p>\n","protected":false},"excerpt":{"rendered":"<p>Osta Pink Kush Hash myyt\u00e4v\u00e4n\u00e4 Isossa-Britanniassa, Euroopassa verkosta. Pink Kush, yht\u00e4 haluttu kuin sen OG Kush -sukulainen, on indica-dominoiva hybridi, jolla on voimakkaat kehoon keskittyv\u00e4t efektit. Tilaa verkosta NYT!<\/p>\n<ul>\n<li>Toimitus maailmanlaajuisesti<\/li>\n<li>Ota yhteytt\u00e4 suurempien tilausten saamiseksi.<\/li>\n<\/ul>\n","protected":false},"featured_media":4745,"comment_status":"open","ping_status":"closed","template":"","meta":[],"product_brand":[],"product_cat":[610],"product_tag":[],"class_list":{"0":"post-4733","1":"product","2":"type-product","3":"status-publish","4":"has-post-thumbnail","6":"product_cat-osta-hash-hashish","8":"first","9":"instock","10":"shipping-taxable","11":"purchasable","12":"product-type-variable","13":"has-default-attributes"},"yoast_head":"<!-- This site is optimized with the Yoast SEO plugin v27.3 - https:\/\/yoast.com\/product\/yoast-seo-wordpress\/ -->\n<title>Osta Pink Kush Hash verkosta \u2013 parhaat maailmanlaajuiset l\u00e4\u00e4kkeet<\/title>\n<meta name=\"description\" content=\"Osta Pink Kush Hash myyt\u00e4v\u00e4n\u00e4 Isossa-Britanniassa, Euroopassa verkosta. Pink Kush, yht\u00e4 haluttu kuin sen OG Kush -sukulainen, on indica-dominoiva hybridi, jolla on voimakkaat kehoon keskittyv\u00e4t efektit. Tilaa verkosta NYT!\" \/>\n<meta name=\"robots\" content=\"index, follow, max-snippet:-1, max-image-preview:large, max-video-preview:-1\" \/>\n<link rel=\"canonical\" href=\"https:\/\/medicinasinc.com\/fi\/product\/osta-vaaleanpunainen-kush-hash\/\" \/>\n<meta property=\"og:locale\" content=\"en_US\" \/>\n<meta property=\"og:type\" content=\"article\" \/>\n<meta property=\"og:title\" content=\"Osta Pink Kush Hash verkosta \u2013 parhaat maailmanlaajuiset l\u00e4\u00e4kkeet\" \/>\n<meta property=\"og:description\" content=\"Osta Pink Kush Hash myyt\u00e4v\u00e4n\u00e4 Isossa-Britanniassa, Euroopassa verkosta. Pink Kush, yht\u00e4 haluttu kuin sen OG Kush -sukulainen, on indica-dominoiva hybridi, jolla on voimakkaat kehoon keskittyv\u00e4t efektit. Tilaa verkosta NYT!\" \/>\n<meta property=\"og:url\" content=\"https:\/\/medicinasinc.com\/fi\/product\/osta-vaaleanpunainen-kush-hash\/\" \/>\n<meta property=\"og:site_name\" content=\"Medicinas Inc\" \/>\n<meta property=\"article:modified_time\" content=\"2022-03-22T01:17:01+00:00\" \/>\n<meta property=\"og:image\" content=\"https:\/\/medicinasinc.com\/fi\/wp-content\/uploads\/sites\/12\/2022\/02\/buy-pink-kush-hash.jpg\" \/>\n\t<meta property=\"og:image:width\" content=\"600\" \/>\n\t<meta property=\"og:image:height\" content=\"600\" \/>\n\t<meta property=\"og:image:type\" content=\"image\/jpeg\" \/>\n<meta name=\"twitter:card\" content=\"summary_large_image\" \/>\n<meta name=\"twitter:label1\" content=\"Est. reading time\" \/>\n\t<meta name=\"twitter:data1\" content=\"2 minutes\" \/>\n<script type=\"application\/ld+json\" class=\"yoast-schema-graph\">{\"@context\":\"https:\\\/\\\/schema.org\",\"@graph\":[{\"@type\":\"WebPage\",\"@id\":\"https:\\\/\\\/medicinasinc.com\\\/fi\\\/product\\\/osta-vaaleanpunainen-kush-hash\\\/\",\"url\":\"https:\\\/\\\/medicinasinc.com\\\/fi\\\/product\\\/osta-vaaleanpunainen-kush-hash\\\/\",\"name\":\"Osta Pink Kush Hash verkosta \u2013 parhaat maailmanlaajuiset l\u00e4\u00e4kkeet\",\"isPartOf\":{\"@id\":\"https:\\\/\\\/medicinasinc.com\\\/fi\\\/#website\"},\"primaryImageOfPage\":{\"@id\":\"https:\\\/\\\/medicinasinc.com\\\/fi\\\/product\\\/osta-vaaleanpunainen-kush-hash\\\/#primaryimage\"},\"image\":{\"@id\":\"https:\\\/\\\/medicinasinc.com\\\/fi\\\/product\\\/osta-vaaleanpunainen-kush-hash\\\/#primaryimage\"},\"thumbnailUrl\":\"https:\\\/\\\/medicinasinc.com\\\/fi\\\/wp-content\\\/uploads\\\/sites\\\/12\\\/2022\\\/02\\\/buy-pink-kush-hash.jpg\",\"datePublished\":\"2022-02-20T15:18:37+00:00\",\"dateModified\":\"2022-03-22T01:17:01+00:00\",\"description\":\"Osta Pink Kush Hash myyt\u00e4v\u00e4n\u00e4 Isossa-Britanniassa, Euroopassa verkosta. Pink Kush, yht\u00e4 haluttu kuin sen OG Kush -sukulainen, on indica-dominoiva hybridi, jolla on voimakkaat kehoon keskittyv\u00e4t efektit. Tilaa verkosta NYT!\",\"breadcrumb\":{\"@id\":\"https:\\\/\\\/medicinasinc.com\\\/fi\\\/product\\\/osta-vaaleanpunainen-kush-hash\\\/#breadcrumb\"},\"inLanguage\":\"en-US\",\"potentialAction\":[{\"@type\":\"ReadAction\",\"target\":[\"https:\\\/\\\/medicinasinc.com\\\/fi\\\/product\\\/osta-vaaleanpunainen-kush-hash\\\/\"]}]},{\"@type\":\"ImageObject\",\"inLanguage\":\"en-US\",\"@id\":\"https:\\\/\\\/medicinasinc.com\\\/fi\\\/product\\\/osta-vaaleanpunainen-kush-hash\\\/#primaryimage\",\"url\":\"https:\\\/\\\/medicinasinc.com\\\/fi\\\/wp-content\\\/uploads\\\/sites\\\/12\\\/2022\\\/02\\\/buy-pink-kush-hash.jpg\",\"contentUrl\":\"https:\\\/\\\/medicinasinc.com\\\/fi\\\/wp-content\\\/uploads\\\/sites\\\/12\\\/2022\\\/02\\\/buy-pink-kush-hash.jpg\",\"width\":600,\"height\":600},{\"@type\":\"BreadcrumbList\",\"@id\":\"https:\\\/\\\/medicinasinc.com\\\/fi\\\/product\\\/osta-vaaleanpunainen-kush-hash\\\/#breadcrumb\",\"itemListElement\":[{\"@type\":\"ListItem\",\"position\":1,\"name\":\"Myym\u00e4l\u00e4\",\"item\":\"https:\\\/\\\/medicinasinc.com\\\/fi\\\/myymala\\\/\"},{\"@type\":\"ListItem\",\"position\":2,\"name\":\"Osta Pink Kush Hash\"}]},{\"@type\":\"WebSite\",\"@id\":\"https:\\\/\\\/medicinasinc.com\\\/fi\\\/#website\",\"url\":\"https:\\\/\\\/medicinasinc.com\\\/fi\\\/\",\"name\":\"Medicinas Inc\",\"description\":\"Health Medical Clinic\",\"potentialAction\":[{\"@type\":\"SearchAction\",\"target\":{\"@type\":\"EntryPoint\",\"urlTemplate\":\"https:\\\/\\\/medicinasinc.com\\\/fi\\\/?s={search_term_string}\"},\"query-input\":{\"@type\":\"PropertyValueSpecification\",\"valueRequired\":true,\"valueName\":\"search_term_string\"}}],\"inLanguage\":\"en-US\"}]}<\/script>\n<!-- \/ Yoast SEO plugin. -->","yoast_head_json":{"title":"Osta Pink Kush Hash verkosta \u2013 parhaat maailmanlaajuiset l\u00e4\u00e4kkeet","description":"Osta Pink Kush Hash myyt\u00e4v\u00e4n\u00e4 Isossa-Britanniassa, Euroopassa verkosta. Pink Kush, yht\u00e4 haluttu kuin sen OG Kush -sukulainen, on indica-dominoiva hybridi, jolla on voimakkaat kehoon keskittyv\u00e4t efektit. Tilaa verkosta NYT!","robots":{"index":"index","follow":"follow","max-snippet":"max-snippet:-1","max-image-preview":"max-image-preview:large","max-video-preview":"max-video-preview:-1"},"canonical":"https:\/\/medicinasinc.com\/fi\/product\/osta-vaaleanpunainen-kush-hash\/","og_locale":"en_US","og_type":"article","og_title":"Osta Pink Kush Hash verkosta \u2013 parhaat maailmanlaajuiset l\u00e4\u00e4kkeet","og_description":"Osta Pink Kush Hash myyt\u00e4v\u00e4n\u00e4 Isossa-Britanniassa, Euroopassa verkosta. Pink Kush, yht\u00e4 haluttu kuin sen OG Kush -sukulainen, on indica-dominoiva hybridi, jolla on voimakkaat kehoon keskittyv\u00e4t efektit. Tilaa verkosta NYT!","og_url":"https:\/\/medicinasinc.com\/fi\/product\/osta-vaaleanpunainen-kush-hash\/","og_site_name":"Medicinas Inc","article_modified_time":"2022-03-22T01:17:01+00:00","og_image":[{"width":600,"height":600,"url":"https:\/\/medicinasinc.com\/fi\/wp-content\/uploads\/sites\/12\/2022\/02\/buy-pink-kush-hash.jpg","type":"image\/jpeg"}],"twitter_card":"summary_large_image","twitter_misc":{"Est. reading time":"2 minutes"},"schema":{"@context":"https:\/\/schema.org","@graph":[{"@type":"WebPage","@id":"https:\/\/medicinasinc.com\/fi\/product\/osta-vaaleanpunainen-kush-hash\/","url":"https:\/\/medicinasinc.com\/fi\/product\/osta-vaaleanpunainen-kush-hash\/","name":"Osta Pink Kush Hash verkosta \u2013 parhaat maailmanlaajuiset l\u00e4\u00e4kkeet","isPartOf":{"@id":"https:\/\/medicinasinc.com\/fi\/#website"},"primaryImageOfPage":{"@id":"https:\/\/medicinasinc.com\/fi\/product\/osta-vaaleanpunainen-kush-hash\/#primaryimage"},"image":{"@id":"https:\/\/medicinasinc.com\/fi\/product\/osta-vaaleanpunainen-kush-hash\/#primaryimage"},"thumbnailUrl":"https:\/\/medicinasinc.com\/fi\/wp-content\/uploads\/sites\/12\/2022\/02\/buy-pink-kush-hash.jpg","datePublished":"2022-02-20T15:18:37+00:00","dateModified":"2022-03-22T01:17:01+00:00","description":"Osta Pink Kush Hash myyt\u00e4v\u00e4n\u00e4 Isossa-Britanniassa, Euroopassa verkosta. Pink Kush, yht\u00e4 haluttu kuin sen OG Kush -sukulainen, on indica-dominoiva hybridi, jolla on voimakkaat kehoon keskittyv\u00e4t efektit. Tilaa verkosta NYT!","breadcrumb":{"@id":"https:\/\/medicinasinc.com\/fi\/product\/osta-vaaleanpunainen-kush-hash\/#breadcrumb"},"inLanguage":"en-US","potentialAction":[{"@type":"ReadAction","target":["https:\/\/medicinasinc.com\/fi\/product\/osta-vaaleanpunainen-kush-hash\/"]}]},{"@type":"ImageObject","inLanguage":"en-US","@id":"https:\/\/medicinasinc.com\/fi\/product\/osta-vaaleanpunainen-kush-hash\/#primaryimage","url":"https:\/\/medicinasinc.com\/fi\/wp-content\/uploads\/sites\/12\/2022\/02\/buy-pink-kush-hash.jpg","contentUrl":"https:\/\/medicinasinc.com\/fi\/wp-content\/uploads\/sites\/12\/2022\/02\/buy-pink-kush-hash.jpg","width":600,"height":600},{"@type":"BreadcrumbList","@id":"https:\/\/medicinasinc.com\/fi\/product\/osta-vaaleanpunainen-kush-hash\/#breadcrumb","itemListElement":[{"@type":"ListItem","position":1,"name":"Myym\u00e4l\u00e4","item":"https:\/\/medicinasinc.com\/fi\/myymala\/"},{"@type":"ListItem","position":2,"name":"Osta Pink Kush Hash"}]},{"@type":"WebSite","@id":"https:\/\/medicinasinc.com\/fi\/#website","url":"https:\/\/medicinasinc.com\/fi\/","name":"Medicinas Inc","description":"Health Medical Clinic","potentialAction":[{"@type":"SearchAction","target":{"@type":"EntryPoint","urlTemplate":"https:\/\/medicinasinc.com\/fi\/?s={search_term_string}"},"query-input":{"@type":"PropertyValueSpecification","valueRequired":true,"valueName":"search_term_string"}}],"inLanguage":"en-US"}]}},"_links":{"self":[{"href":"https:\/\/medicinasinc.com\/fi\/wp-json\/wp\/v2\/product\/4733","targetHints":{"allow":["GET"]}}],"collection":[{"href":"https:\/\/medicinasinc.com\/fi\/wp-json\/wp\/v2\/product"}],"about":[{"href":"https:\/\/medicinasinc.com\/fi\/wp-json\/wp\/v2\/types\/product"}],"replies":[{"embeddable":true,"href":"https:\/\/medicinasinc.com\/fi\/wp-json\/wp\/v2\/comments?post=4733"}],"wp:featuredmedia":[{"embeddable":true,"href":"https:\/\/medicinasinc.com\/fi\/wp-json\/wp\/v2\/media\/4745"}],"wp:attachment":[{"href":"https:\/\/medicinasinc.com\/fi\/wp-json\/wp\/v2\/media?parent=4733"}],"wp:term":[{"taxonomy":"product_brand","embeddable":true,"href":"https:\/\/medicinasinc.com\/fi\/wp-json\/wp\/v2\/product_brand?post=4733"},{"taxonomy":"product_cat","embeddable":true,"href":"https:\/\/medicinasinc.com\/fi\/wp-json\/wp\/v2\/product_cat?post=4733"},{"taxonomy":"product_tag","embeddable":true,"href":"https:\/\/medicinasinc.com\/fi\/wp-json\/wp\/v2\/product_tag?post=4733"}],"curies":[{"name":"wp","href":"https:\/\/api.w.org\/{rel}","templated":true}]}}