{"id":4717,"date":"2022-02-20T15:05:15","date_gmt":"2022-02-20T15:05:15","guid":{"rendered":"https:\/\/medicinasinc.com\/fi\/?post_type=product&#038;p=4717"},"modified":"2022-03-22T01:17:10","modified_gmt":"2022-03-22T01:17:10","slug":"osta-nepalilainen-stick-hash","status":"publish","type":"product","link":"https:\/\/medicinasinc.com\/fi\/product\/osta-nepalilainen-stick-hash\/","title":{"rendered":"Osta Nepalilainen Stick Hash"},"content":{"rendered":"<p>Nepalin Stick Hash -ostos verkossa<\/p>\n<p>Nepalin Stick Hash valmistetaan samalla tavalla kuin temppelipallot. Kannabiskasvit viljelev\u00e4t n\u00e4it\u00e4. Kannabiksen silmut tai kukat ker\u00e4t\u00e4\u00e4n ensin ja korjataan. Hiero n\u00e4it\u00e4 silmuja k\u00e4siesi v\u00e4liss\u00e4 hartsin tai trikomien poistamiseksi. Temppelipallot luodaan saaduista hartseista. Sen j\u00e4lkeen temppelipallot painetaan paksua, kovaa hylly\u00e4 tai laattaa vasten.<\/p>\n<p>Nepalin Stick hash on ulkopuolelta mustaa ja sis\u00e4lt\u00e4 ruskehtavaa. Ne sis\u00e4lt\u00e4v\u00e4t l\u00e4hes 15-20 % THC:t\u00e4. N\u00e4m\u00e4 ovat eritt\u00e4in v\u00e4kevi\u00e4 ja niill\u00e4 on mausteinen tai makeutettu maku.<\/p>\n<p>Vaikutukset:<\/p>\n<p>Stick Hashin vaikutukset ovat tyypillisesti riippuvaisia \u200b\u200bTHC- ja hartsipitoisuuksista. Heill\u00e4 on taipumus nostaa kehon l\u00e4mp\u00f6tilaa ja nostaa sinut vaarallisen korkealle tasolle, jopa pienin\u00e4 m\u00e4\u00e4rin\u00e4. Se on yleens\u00e4 turvallista k\u00e4ytt\u00e4\u00e4 ja sen puoliintumisaika on 6-7 tuntia. N\u00e4m\u00e4 hash-tikut ovat ihanteellisia niille, joiden on pysytt\u00e4v\u00e4 korkealla pitk\u00e4n aikaa.<\/p>\n<p>K\u00e4ytt\u00f6:<\/p>\n<p>Nepalin Stick Hash on nepalilainen tuote. Ne voidaan savustaa, infusoida piippuun, sis\u00e4llytt\u00e4\u00e4 sy\u00f6t\u00e4v\u00e4ksi tai taputtelemalla. Kun Stick Hashia k\u00e4ytet\u00e4\u00e4n sy\u00f6t\u00e4viss\u00e4 tuotteissa, tehosteiden k\u00e4ynnistyminen ja n\u00e4ytt\u00e4minen kest\u00e4\u00e4 noin 1\u20132 tuntia.<\/p>\n<p>Mist\u00e4 voin ostaa nepalilaista Stick Hashia Internetist\u00e4?<\/p>\n<p>Voit ostaa juuri valmistettu Nepalilainen Stick Hash verkkosivuillamme, Tarjoamme sinulle korkealaatuisia ja eritt\u00e4in tehokkaita hash-tikkuja. N\u00e4m\u00e4 valmistetaan luonnollisella tavalla Nepalissa. Voit ostaa niit\u00e4 kohtuulliseen hintaan ja saada ne nopeasti.<\/p>\n","protected":false},"excerpt":{"rendered":"<p>Osta Nepalilainen Stick Hash verkosta Nepalin kielell\u00e4 tarkoitetaan mit\u00e4 tahansa kantaa, joka kasvaa naiivisti Nepalin alueella. Tilaa Weed verkosta, n\u00e4m\u00e4 alkuper\u00e4iset lajikkeet.<\/p>\n","protected":false},"featured_media":4730,"comment_status":"open","ping_status":"closed","template":"","meta":[],"product_brand":[],"product_cat":[610],"product_tag":[],"class_list":{"0":"post-4717","1":"product","2":"type-product","3":"status-publish","4":"has-post-thumbnail","6":"product_cat-osta-hash-hashish","8":"first","9":"instock","10":"shipping-taxable","11":"purchasable","12":"product-type-variable","13":"has-default-attributes"},"yoast_head":"<!-- This site is optimized with the Yoast SEO plugin v27.3 - https:\/\/yoast.com\/product\/yoast-seo-wordpress\/ -->\n<title>Osta Nepalilainen Stick Hash - parhaat maailmanlaajuiset l\u00e4\u00e4kkeet<\/title>\n<meta name=\"description\" content=\"Osta Nepalilainen Stick Hash Online Nepalin kielell\u00e4 tarkoitetaan mit\u00e4 tahansa kantaa, joka kasvaa naiivisti Nepalin alueella. Tilaa Weed verkossa, n\u00e4m\u00e4 alkuper\u00e4iset lajikkeet.\" \/>\n<meta name=\"robots\" content=\"index, follow, max-snippet:-1, max-image-preview:large, max-video-preview:-1\" \/>\n<link rel=\"canonical\" href=\"https:\/\/medicinasinc.com\/fi\/product\/osta-nepalilainen-stick-hash\/\" \/>\n<meta property=\"og:locale\" content=\"en_US\" \/>\n<meta property=\"og:type\" content=\"article\" \/>\n<meta property=\"og:title\" content=\"Osta Nepalilainen Stick Hash - parhaat maailmanlaajuiset l\u00e4\u00e4kkeet\" \/>\n<meta property=\"og:description\" content=\"Osta Nepalilainen Stick Hash Online Nepalin kielell\u00e4 tarkoitetaan mit\u00e4 tahansa kantaa, joka kasvaa naiivisti Nepalin alueella. Tilaa Weed verkossa, n\u00e4m\u00e4 alkuper\u00e4iset lajikkeet.\" \/>\n<meta property=\"og:url\" content=\"https:\/\/medicinasinc.com\/fi\/product\/osta-nepalilainen-stick-hash\/\" \/>\n<meta property=\"og:site_name\" content=\"Medicinas Inc\" \/>\n<meta property=\"article:modified_time\" content=\"2022-03-22T01:17:10+00:00\" \/>\n<meta property=\"og:image\" content=\"https:\/\/medicinasinc.com\/fi\/wp-content\/uploads\/sites\/12\/2022\/02\/Buy-Nepalese-Stick-Hash.jpg\" \/>\n\t<meta property=\"og:image:width\" content=\"600\" \/>\n\t<meta property=\"og:image:height\" content=\"600\" \/>\n\t<meta property=\"og:image:type\" content=\"image\/jpeg\" \/>\n<meta name=\"twitter:card\" content=\"summary_large_image\" \/>\n<meta name=\"twitter:label1\" content=\"Est. reading time\" \/>\n\t<meta name=\"twitter:data1\" content=\"2 minutes\" \/>\n<script type=\"application\/ld+json\" class=\"yoast-schema-graph\">{\"@context\":\"https:\\\/\\\/schema.org\",\"@graph\":[{\"@type\":\"WebPage\",\"@id\":\"https:\\\/\\\/medicinasinc.com\\\/fi\\\/product\\\/osta-nepalilainen-stick-hash\\\/\",\"url\":\"https:\\\/\\\/medicinasinc.com\\\/fi\\\/product\\\/osta-nepalilainen-stick-hash\\\/\",\"name\":\"Osta Nepalilainen Stick Hash - parhaat maailmanlaajuiset l\u00e4\u00e4kkeet\",\"isPartOf\":{\"@id\":\"https:\\\/\\\/medicinasinc.com\\\/fi\\\/#website\"},\"primaryImageOfPage\":{\"@id\":\"https:\\\/\\\/medicinasinc.com\\\/fi\\\/product\\\/osta-nepalilainen-stick-hash\\\/#primaryimage\"},\"image\":{\"@id\":\"https:\\\/\\\/medicinasinc.com\\\/fi\\\/product\\\/osta-nepalilainen-stick-hash\\\/#primaryimage\"},\"thumbnailUrl\":\"https:\\\/\\\/medicinasinc.com\\\/fi\\\/wp-content\\\/uploads\\\/sites\\\/12\\\/2022\\\/02\\\/Buy-Nepalese-Stick-Hash.jpg\",\"datePublished\":\"2022-02-20T15:05:15+00:00\",\"dateModified\":\"2022-03-22T01:17:10+00:00\",\"description\":\"Osta Nepalilainen Stick Hash Online Nepalin kielell\u00e4 tarkoitetaan mit\u00e4 tahansa kantaa, joka kasvaa naiivisti Nepalin alueella. Tilaa Weed verkossa, n\u00e4m\u00e4 alkuper\u00e4iset lajikkeet.\",\"breadcrumb\":{\"@id\":\"https:\\\/\\\/medicinasinc.com\\\/fi\\\/product\\\/osta-nepalilainen-stick-hash\\\/#breadcrumb\"},\"inLanguage\":\"en-US\",\"potentialAction\":[{\"@type\":\"ReadAction\",\"target\":[\"https:\\\/\\\/medicinasinc.com\\\/fi\\\/product\\\/osta-nepalilainen-stick-hash\\\/\"]}]},{\"@type\":\"ImageObject\",\"inLanguage\":\"en-US\",\"@id\":\"https:\\\/\\\/medicinasinc.com\\\/fi\\\/product\\\/osta-nepalilainen-stick-hash\\\/#primaryimage\",\"url\":\"https:\\\/\\\/medicinasinc.com\\\/fi\\\/wp-content\\\/uploads\\\/sites\\\/12\\\/2022\\\/02\\\/Buy-Nepalese-Stick-Hash.jpg\",\"contentUrl\":\"https:\\\/\\\/medicinasinc.com\\\/fi\\\/wp-content\\\/uploads\\\/sites\\\/12\\\/2022\\\/02\\\/Buy-Nepalese-Stick-Hash.jpg\",\"width\":600,\"height\":600},{\"@type\":\"BreadcrumbList\",\"@id\":\"https:\\\/\\\/medicinasinc.com\\\/fi\\\/product\\\/osta-nepalilainen-stick-hash\\\/#breadcrumb\",\"itemListElement\":[{\"@type\":\"ListItem\",\"position\":1,\"name\":\"Myym\u00e4l\u00e4\",\"item\":\"https:\\\/\\\/medicinasinc.com\\\/fi\\\/myymala\\\/\"},{\"@type\":\"ListItem\",\"position\":2,\"name\":\"Osta Nepalilainen Stick Hash\"}]},{\"@type\":\"WebSite\",\"@id\":\"https:\\\/\\\/medicinasinc.com\\\/fi\\\/#website\",\"url\":\"https:\\\/\\\/medicinasinc.com\\\/fi\\\/\",\"name\":\"Medicinas Inc\",\"description\":\"Health Medical Clinic\",\"potentialAction\":[{\"@type\":\"SearchAction\",\"target\":{\"@type\":\"EntryPoint\",\"urlTemplate\":\"https:\\\/\\\/medicinasinc.com\\\/fi\\\/?s={search_term_string}\"},\"query-input\":{\"@type\":\"PropertyValueSpecification\",\"valueRequired\":true,\"valueName\":\"search_term_string\"}}],\"inLanguage\":\"en-US\"}]}<\/script>\n<!-- \/ Yoast SEO plugin. -->","yoast_head_json":{"title":"Osta Nepalilainen Stick Hash - parhaat maailmanlaajuiset l\u00e4\u00e4kkeet","description":"Osta Nepalilainen Stick Hash Online Nepalin kielell\u00e4 tarkoitetaan mit\u00e4 tahansa kantaa, joka kasvaa naiivisti Nepalin alueella. Tilaa Weed verkossa, n\u00e4m\u00e4 alkuper\u00e4iset lajikkeet.","robots":{"index":"index","follow":"follow","max-snippet":"max-snippet:-1","max-image-preview":"max-image-preview:large","max-video-preview":"max-video-preview:-1"},"canonical":"https:\/\/medicinasinc.com\/fi\/product\/osta-nepalilainen-stick-hash\/","og_locale":"en_US","og_type":"article","og_title":"Osta Nepalilainen Stick Hash - parhaat maailmanlaajuiset l\u00e4\u00e4kkeet","og_description":"Osta Nepalilainen Stick Hash Online Nepalin kielell\u00e4 tarkoitetaan mit\u00e4 tahansa kantaa, joka kasvaa naiivisti Nepalin alueella. Tilaa Weed verkossa, n\u00e4m\u00e4 alkuper\u00e4iset lajikkeet.","og_url":"https:\/\/medicinasinc.com\/fi\/product\/osta-nepalilainen-stick-hash\/","og_site_name":"Medicinas Inc","article_modified_time":"2022-03-22T01:17:10+00:00","og_image":[{"width":600,"height":600,"url":"https:\/\/medicinasinc.com\/fi\/wp-content\/uploads\/sites\/12\/2022\/02\/Buy-Nepalese-Stick-Hash.jpg","type":"image\/jpeg"}],"twitter_card":"summary_large_image","twitter_misc":{"Est. reading time":"2 minutes"},"schema":{"@context":"https:\/\/schema.org","@graph":[{"@type":"WebPage","@id":"https:\/\/medicinasinc.com\/fi\/product\/osta-nepalilainen-stick-hash\/","url":"https:\/\/medicinasinc.com\/fi\/product\/osta-nepalilainen-stick-hash\/","name":"Osta Nepalilainen Stick Hash - parhaat maailmanlaajuiset l\u00e4\u00e4kkeet","isPartOf":{"@id":"https:\/\/medicinasinc.com\/fi\/#website"},"primaryImageOfPage":{"@id":"https:\/\/medicinasinc.com\/fi\/product\/osta-nepalilainen-stick-hash\/#primaryimage"},"image":{"@id":"https:\/\/medicinasinc.com\/fi\/product\/osta-nepalilainen-stick-hash\/#primaryimage"},"thumbnailUrl":"https:\/\/medicinasinc.com\/fi\/wp-content\/uploads\/sites\/12\/2022\/02\/Buy-Nepalese-Stick-Hash.jpg","datePublished":"2022-02-20T15:05:15+00:00","dateModified":"2022-03-22T01:17:10+00:00","description":"Osta Nepalilainen Stick Hash Online Nepalin kielell\u00e4 tarkoitetaan mit\u00e4 tahansa kantaa, joka kasvaa naiivisti Nepalin alueella. Tilaa Weed verkossa, n\u00e4m\u00e4 alkuper\u00e4iset lajikkeet.","breadcrumb":{"@id":"https:\/\/medicinasinc.com\/fi\/product\/osta-nepalilainen-stick-hash\/#breadcrumb"},"inLanguage":"en-US","potentialAction":[{"@type":"ReadAction","target":["https:\/\/medicinasinc.com\/fi\/product\/osta-nepalilainen-stick-hash\/"]}]},{"@type":"ImageObject","inLanguage":"en-US","@id":"https:\/\/medicinasinc.com\/fi\/product\/osta-nepalilainen-stick-hash\/#primaryimage","url":"https:\/\/medicinasinc.com\/fi\/wp-content\/uploads\/sites\/12\/2022\/02\/Buy-Nepalese-Stick-Hash.jpg","contentUrl":"https:\/\/medicinasinc.com\/fi\/wp-content\/uploads\/sites\/12\/2022\/02\/Buy-Nepalese-Stick-Hash.jpg","width":600,"height":600},{"@type":"BreadcrumbList","@id":"https:\/\/medicinasinc.com\/fi\/product\/osta-nepalilainen-stick-hash\/#breadcrumb","itemListElement":[{"@type":"ListItem","position":1,"name":"Myym\u00e4l\u00e4","item":"https:\/\/medicinasinc.com\/fi\/myymala\/"},{"@type":"ListItem","position":2,"name":"Osta Nepalilainen Stick Hash"}]},{"@type":"WebSite","@id":"https:\/\/medicinasinc.com\/fi\/#website","url":"https:\/\/medicinasinc.com\/fi\/","name":"Medicinas Inc","description":"Health Medical Clinic","potentialAction":[{"@type":"SearchAction","target":{"@type":"EntryPoint","urlTemplate":"https:\/\/medicinasinc.com\/fi\/?s={search_term_string}"},"query-input":{"@type":"PropertyValueSpecification","valueRequired":true,"valueName":"search_term_string"}}],"inLanguage":"en-US"}]}},"_links":{"self":[{"href":"https:\/\/medicinasinc.com\/fi\/wp-json\/wp\/v2\/product\/4717","targetHints":{"allow":["GET"]}}],"collection":[{"href":"https:\/\/medicinasinc.com\/fi\/wp-json\/wp\/v2\/product"}],"about":[{"href":"https:\/\/medicinasinc.com\/fi\/wp-json\/wp\/v2\/types\/product"}],"replies":[{"embeddable":true,"href":"https:\/\/medicinasinc.com\/fi\/wp-json\/wp\/v2\/comments?post=4717"}],"wp:featuredmedia":[{"embeddable":true,"href":"https:\/\/medicinasinc.com\/fi\/wp-json\/wp\/v2\/media\/4730"}],"wp:attachment":[{"href":"https:\/\/medicinasinc.com\/fi\/wp-json\/wp\/v2\/media?parent=4717"}],"wp:term":[{"taxonomy":"product_brand","embeddable":true,"href":"https:\/\/medicinasinc.com\/fi\/wp-json\/wp\/v2\/product_brand?post=4717"},{"taxonomy":"product_cat","embeddable":true,"href":"https:\/\/medicinasinc.com\/fi\/wp-json\/wp\/v2\/product_cat?post=4717"},{"taxonomy":"product_tag","embeddable":true,"href":"https:\/\/medicinasinc.com\/fi\/wp-json\/wp\/v2\/product_tag?post=4717"}],"curies":[{"name":"wp","href":"https:\/\/api.w.org\/{rel}","templated":true}]}}