{"id":4716,"date":"2022-02-20T15:05:01","date_gmt":"2022-02-20T15:05:01","guid":{"rendered":"https:\/\/medicinasinc.com\/fi\/?post_type=product&#038;p=4716"},"modified":"2022-03-22T01:17:23","modified_gmt":"2022-03-22T01:17:23","slug":"osta-nederhash-hashish","status":"publish","type":"product","link":"https:\/\/medicinasinc.com\/fi\/product\/osta-nederhash-hashish\/","title":{"rendered":"Osta Nederhash Hashish"},"content":{"rendered":"<p>Nederhash Hashishin verkko-ostos<\/p>\n<p>Mik\u00e4 tarkalleen on hash? Hash uutetaan Alankomaissa kasvatetuista kannabiskasveista. Kasveja kasvatetaan tyypillisesti sis\u00e4tiloissa, mutta siell\u00e4 on my\u00f6s muutamia ulko- ja kasvihuonekehityksi\u00e4. Sukupolvi: Kokoamistekniikat vaihtelevat valmistajan mukaan. Vaikka suurin osa Hashista toimitetaan seulonnan kautta, kuten Marokossa, pieni m\u00e4\u00e4r\u00e4 k\u00e4sin puhdistettua hashia tuotetaan my\u00f6s Afganistanin strategialla (joka on ilmeisesti huomattavasti parannettu). Joka tapauksessa vain pieni m\u00e4\u00e4r\u00e4 Rikkaruohoa muutetaan hasishissa. Varjostus: Yleens\u00e4 hyvin vihre\u00e4, mutta t\u00e4m\u00e4 vaihtelee k\u00e4ytetyn rikkaruohon tyypin ja valmistajan mukaan. Tuoksu: Tyypillisesti ruohoinen tai haiseva, mutta t\u00e4m\u00e4 riippuu rikkakasvien tyypist\u00e4. Maku: Samanlainen kuin aiemmin. Johdonmukaisuus: Suurta osaa hollantilaisesta hasisista ei puristeta tarkasti (t\u00e4m\u00e4 on ty\u00f6ntekoa), ja kuonot erotetaan tyypillisesti liian tehokkaasti. Joka tapauksessa johdonmukaisuus on parantunut viime aikoina, ja ne n\u00e4ytt\u00e4v\u00e4t mukautuvan nopeasti. Ilmeisesti edellinen ei viittaa k\u00e4sin hankaatuun Hashiin, joka on \u00e4\u00e4rimm\u00e4isen herkk\u00e4, samanlainen kuin afgaani. Tyypillisesti hash koostuu naisten p\u00e4ist\u00e4, jotka on murskattu ja puristettu valtavien kuormien alaisena, jotta saadaan aikaan vahva ep\u00e4s\u00e4\u00e4nn\u00f6llisyys, joka jauheutuu kokonaan. Korkean tyyppi vaihtelee k\u00e4ytetyn Weed-kannan mukaan, mutta suurimmaksi osaksi korkea on eritt\u00e4in dynaaminen ja aivollinen. Voimakkuus: Voimakkaasta tehokkaaseen t\u00e4m\u00e4 materiaali ylitt\u00e4\u00e4 kaikki muut keskim\u00e4\u00e4r\u00e4isen k\u00e4ytt\u00e4j\u00e4n saatavilla olevat hash-tyypit. Se ylitt\u00e4\u00e4 jopa suurimman osan nepalilaisista ja l\u00e4hes kaikista hyv\u00e4ntahtoisista afgaaneista. (Sis\u00e4lt\u00e4\u00e4 jopa 59 prosenttia THC:t\u00e4) Saatavuus: Eritt\u00e4in harvinainen Alankomaiden ja naapurimaiden ulkopuolella. En pid\u00e4tt\u00e4isi hengityst\u00e4ni odottaessani t\u00e4m\u00e4n ilmestymist\u00e4 Britannian markkinoille. Yleens\u00e4 laatu vaihtelee, mutta hinta on aina korkea. Dutch Hashilla ei ole standardiluokitusta. Sensi-Hash on nimi poikkeukselliselle jauheelle, joka on pohjimmiltaan eritt\u00e4in tiiviisti pakattuja THC-helmi\u00e4.<\/p>\n<p>Miten hash syntyy?<\/p>\n<p>Suurin osa hashista valmistetaan hankaamalla kuivattuja kasveja. eritt\u00e4in hienoa verkkoa vasten. Sen j\u00e4lkeen trikomit putoavat seulan l\u00e4pi erottaen ne kasvimateriaalista. Hartsirauhasia kuumennetaan ja puristetaan sitten yhten\u00e4iseksi hasismassaksi.<\/p>\n<p>Hashis vs. marihuana?<\/p>\n<p>Aluksi, ilmeinen yhteys marihuanan ja hasiksen v\u00e4lill\u00e4 on se, ett\u00e4 molemmat ovat per\u00e4isin. samasta kannabiksesta. Kuten luultavasti jo tied\u00e4t, ruukku on naaraskannabiskasvin kukkanuppu. Hash rikkakasvi koostuu samoista silmuista kuin marihuana, mutta sit\u00e4 k\u00e4sitell\u00e4\u00e4n eri tavalla. Kannabiksen kukinnan aikana kukkanuput ker\u00e4t\u00e4\u00e4n ja viljelij\u00e4 jatkaa jompaankumpaan kahdesta suunnasta. Hashin tapauksessa kukat ripustetaan kuivumaan. Tuloksena oleva tuote on meille kaikille tuttu kasvi, kun jokainen siemen, kev\u00e4t ja ylim\u00e4\u00e4r\u00e4inen lehti on poistettu. On t\u00e4ysin sinun p\u00e4\u00e4tett\u00e4viss\u00e4si, pid\u00e4tk\u00f6 marihuanasta vai hasista, mutta ainoa tapa saada k\u00e4ytt\u00f6\u00f6si kaikki kannabiksen edut on henkil\u00f6kohtainen koulutus. Tee tutkimusta ennen tupakointia ja kuten aina, tilaa uutiskirjeemme saadaksesi lis\u00e4vinkkej\u00e4 ja temppuja!<\/p>\n<p>Mit\u00e4 hasis tarkalleen ottaen on?<\/p>\n<p>Mik\u00e4 on hasis-aine? Hasis, jota kutsutaan my\u00f6s nimell\u00e4 &#8220;hash&#8221;, on er\u00e4\u00e4nlainen marihuanasilmu, joka syntyy puristamalla ja prosessoimalla kannabiskasvin trikoomeja. Se savustetaan tyypillisesti piippussa, bongissa, h\u00f6yrystimess\u00e4 tai niveless\u00e4, mutta sit\u00e4 voidaan my\u00f6s nauttia suun kautta. Miten hasista valmistetaan? Nederhashin verkkoostos Hashish, Hashish valmistetaan erottamalla n\u00e4m\u00e4 trichomit kasvin silmuista, lehdist\u00e4 ja varresta ja kuumentamalla\/puristamalla niit\u00e4 tehokkaan aineen muodostamiseksi.<\/p>\n<p>Kuinka rullata liitos hashilla?<\/p>\n<p> p&gt; <\/p>\n<p>Yhdist\u00e4 se rikkaruohoon ja tupakkaan. Jos sinulla on kuivaharkko, voit yksinkertaisesti murskata sen tai murskata pieni\u00e4 kivi\u00e4 ja liitt\u00e4\u00e4 sen saumaan. Yhdist\u00e4 se tupakan tai marihuanan kanssa. Toinen menetelm\u00e4 tarkoittaa voimakkaampaa huippua, jota todenn\u00e4k\u00f6isesti etsit jos olet seikkailun etsij\u00e4. Paras tapa rullata tiiviste on hajottaa tiiviste ja yhdist\u00e4\u00e4 se rikkaruohoon. T\u00e4m\u00e4 on todellakin paras tapa polttaa hashia, koska sit\u00e4 on helppo jakaa ja hash-maku lis\u00e4\u00e4 doobiea. Onko Hashish laillista Yhdysvalloissa? Vaikka kannabiksen myynti kiellettiin vuonna 1989, lakeja pannaan t\u00e4yt\u00e4nt\u00f6\u00f6n harvoin, ja huumetta myyd\u00e4\u00e4n avoimesti monissa osissa maata. Barbados, rekister\u00f6ityjen uskonnollisten organisaatioiden hengelliseen k\u00e4ytt\u00f6\u00f6n tarkoitettu laki<\/p>\n<p>Mit\u00e4 hasisvaikutukset ovat?<\/p>\n<p>Lyhyell\u00e4 aikav\u00e4lill\u00e4 hasiksen k\u00e4ytt\u00f6 voi aiheuttaa muisti- ja oppimisongelmia; v\u00e4\u00e4ristynyt havainto (n\u00e4ht\u00e4vyydet, \u00e4\u00e4net, aika, kosketus); vaikeus ajattelua ja ongelmanratkaisua; koordinaation menetys; ja lis\u00e4\u00e4ntynyt syke, ahdistus ja paniikkikohtaukset. Hashissa ja muissa tiivisteiss\u00e4 olevan korkean THC-pitoisuuden vuoksi vaikutukset voivat olla voimakkaampia.<\/p>\n<p>Bubble hash on kannabistiiviste, joka koostuu tuhansista trikoomeista eli hartsirauhasista, jotka on uutettu kasvi j\u00e4\u00e4vett\u00e4, sekoitusta ja seulaa k\u00e4ytt\u00e4m\u00e4ll\u00e4. Termi &#8220;kuplatiiviste&#8221; viittaa tapaan, jolla se kuplii, kun se altistetaan liekille. Lis\u00e4ksi kotona valmistukseen k\u00e4ytettyj\u00e4 pusseja kutsutaan &#8220;kuplapussiksi&#8221;.<\/p>\n<p>Hash Plant, Sensi Seedsin klassikko, pysyy kompaktina koko eritt\u00e4in lyhyen kukinta-aikansa. T\u00e4m\u00e4 90-prosenttisesti intialainen tuote on seurausta huolellisesta geneettisest\u00e4 valinnasta, johon sis\u00e4ltyi arvoituksellisen yhdysvaltalaisen hash-kasvin risteytt\u00e4minen revontulien kanssa.<\/p>\n","protected":false},"excerpt":{"rendered":"<p>Nederhash Hashishin verkko-ostos,\u00a0L\u00e4\u00e4kinn\u00e4llinen marihuana Saksasta Mist\u00e4 voin ostaa laittomia huumeita verkosta? Verkkoapteekit l\u00e4hell\u00e4 minua Pime\u00e4 verkkokauppa.<\/p>\n<p>&nbsp;<\/p>\n","protected":false},"featured_media":4728,"comment_status":"open","ping_status":"closed","template":"","meta":[],"product_brand":[],"product_cat":[610],"product_tag":[],"class_list":{"0":"post-4716","1":"product","2":"type-product","3":"status-publish","4":"has-post-thumbnail","6":"product_cat-osta-hash-hashish","8":"first","9":"instock","10":"shipping-taxable","11":"purchasable","12":"product-type-variable","13":"has-default-attributes"},"yoast_head":"<!-- This site is optimized with the Yoast SEO plugin v27.3 - https:\/\/yoast.com\/product\/yoast-seo-wordpress\/ -->\n<title>Osta Nederhash Hashish - parhaat maailmanlaajuiset l\u00e4\u00e4kkeet<\/title>\n<meta name=\"description\" content=\"Osta Nederhash Hashish verkosta Osta Medical Weed Saksasta Mist\u00e4 ostaa laittomia huumeita verkosta Myyt\u00e4v\u00e4n\u00e4 huumeita verkossa l\u00e4hell\u00e4ni Huumeet pime\u00e4st\u00e4 verkkomyynnist\u00e4.\" \/>\n<meta name=\"robots\" content=\"index, follow, max-snippet:-1, max-image-preview:large, max-video-preview:-1\" \/>\n<link rel=\"canonical\" href=\"https:\/\/medicinasinc.com\/fi\/product\/osta-nederhash-hashish\/\" \/>\n<meta property=\"og:locale\" content=\"en_US\" \/>\n<meta property=\"og:type\" content=\"article\" \/>\n<meta property=\"og:title\" content=\"Osta Nederhash Hashish - parhaat maailmanlaajuiset l\u00e4\u00e4kkeet\" \/>\n<meta property=\"og:description\" content=\"Osta Nederhash Hashish verkosta Osta Medical Weed Saksasta Mist\u00e4 ostaa laittomia huumeita verkosta Myyt\u00e4v\u00e4n\u00e4 huumeita verkossa l\u00e4hell\u00e4ni Huumeet pime\u00e4st\u00e4 verkkomyynnist\u00e4.\" \/>\n<meta property=\"og:url\" content=\"https:\/\/medicinasinc.com\/fi\/product\/osta-nederhash-hashish\/\" \/>\n<meta property=\"og:site_name\" content=\"Medicinas Inc\" \/>\n<meta property=\"article:modified_time\" content=\"2022-03-22T01:17:23+00:00\" \/>\n<meta property=\"og:image\" content=\"https:\/\/medicinasinc.com\/fi\/wp-content\/uploads\/sites\/12\/2022\/02\/Buy-Nederhash-Hashish-Online.jpg\" \/>\n\t<meta property=\"og:image:width\" content=\"600\" \/>\n\t<meta property=\"og:image:height\" content=\"600\" \/>\n\t<meta property=\"og:image:type\" content=\"image\/jpeg\" \/>\n<meta name=\"twitter:card\" content=\"summary_large_image\" \/>\n<meta name=\"twitter:label1\" content=\"Est. reading time\" \/>\n\t<meta name=\"twitter:data1\" content=\"4 minutes\" \/>\n<script type=\"application\/ld+json\" class=\"yoast-schema-graph\">{\"@context\":\"https:\\\/\\\/schema.org\",\"@graph\":[{\"@type\":\"WebPage\",\"@id\":\"https:\\\/\\\/medicinasinc.com\\\/fi\\\/product\\\/osta-nederhash-hashish\\\/\",\"url\":\"https:\\\/\\\/medicinasinc.com\\\/fi\\\/product\\\/osta-nederhash-hashish\\\/\",\"name\":\"Osta Nederhash Hashish - parhaat maailmanlaajuiset l\u00e4\u00e4kkeet\",\"isPartOf\":{\"@id\":\"https:\\\/\\\/medicinasinc.com\\\/fi\\\/#website\"},\"primaryImageOfPage\":{\"@id\":\"https:\\\/\\\/medicinasinc.com\\\/fi\\\/product\\\/osta-nederhash-hashish\\\/#primaryimage\"},\"image\":{\"@id\":\"https:\\\/\\\/medicinasinc.com\\\/fi\\\/product\\\/osta-nederhash-hashish\\\/#primaryimage\"},\"thumbnailUrl\":\"https:\\\/\\\/medicinasinc.com\\\/fi\\\/wp-content\\\/uploads\\\/sites\\\/12\\\/2022\\\/02\\\/Buy-Nederhash-Hashish-Online.jpg\",\"datePublished\":\"2022-02-20T15:05:01+00:00\",\"dateModified\":\"2022-03-22T01:17:23+00:00\",\"description\":\"Osta Nederhash Hashish verkosta Osta Medical Weed Saksasta Mist\u00e4 ostaa laittomia huumeita verkosta Myyt\u00e4v\u00e4n\u00e4 huumeita verkossa l\u00e4hell\u00e4ni Huumeet pime\u00e4st\u00e4 verkkomyynnist\u00e4.\",\"breadcrumb\":{\"@id\":\"https:\\\/\\\/medicinasinc.com\\\/fi\\\/product\\\/osta-nederhash-hashish\\\/#breadcrumb\"},\"inLanguage\":\"en-US\",\"potentialAction\":[{\"@type\":\"ReadAction\",\"target\":[\"https:\\\/\\\/medicinasinc.com\\\/fi\\\/product\\\/osta-nederhash-hashish\\\/\"]}]},{\"@type\":\"ImageObject\",\"inLanguage\":\"en-US\",\"@id\":\"https:\\\/\\\/medicinasinc.com\\\/fi\\\/product\\\/osta-nederhash-hashish\\\/#primaryimage\",\"url\":\"https:\\\/\\\/medicinasinc.com\\\/fi\\\/wp-content\\\/uploads\\\/sites\\\/12\\\/2022\\\/02\\\/Buy-Nederhash-Hashish-Online.jpg\",\"contentUrl\":\"https:\\\/\\\/medicinasinc.com\\\/fi\\\/wp-content\\\/uploads\\\/sites\\\/12\\\/2022\\\/02\\\/Buy-Nederhash-Hashish-Online.jpg\",\"width\":600,\"height\":600},{\"@type\":\"BreadcrumbList\",\"@id\":\"https:\\\/\\\/medicinasinc.com\\\/fi\\\/product\\\/osta-nederhash-hashish\\\/#breadcrumb\",\"itemListElement\":[{\"@type\":\"ListItem\",\"position\":1,\"name\":\"Myym\u00e4l\u00e4\",\"item\":\"https:\\\/\\\/medicinasinc.com\\\/fi\\\/myymala\\\/\"},{\"@type\":\"ListItem\",\"position\":2,\"name\":\"Osta Nederhash Hashish\"}]},{\"@type\":\"WebSite\",\"@id\":\"https:\\\/\\\/medicinasinc.com\\\/fi\\\/#website\",\"url\":\"https:\\\/\\\/medicinasinc.com\\\/fi\\\/\",\"name\":\"Medicinas Inc\",\"description\":\"Health Medical Clinic\",\"potentialAction\":[{\"@type\":\"SearchAction\",\"target\":{\"@type\":\"EntryPoint\",\"urlTemplate\":\"https:\\\/\\\/medicinasinc.com\\\/fi\\\/?s={search_term_string}\"},\"query-input\":{\"@type\":\"PropertyValueSpecification\",\"valueRequired\":true,\"valueName\":\"search_term_string\"}}],\"inLanguage\":\"en-US\"}]}<\/script>\n<!-- \/ Yoast SEO plugin. -->","yoast_head_json":{"title":"Osta Nederhash Hashish - parhaat maailmanlaajuiset l\u00e4\u00e4kkeet","description":"Osta Nederhash Hashish verkosta Osta Medical Weed Saksasta Mist\u00e4 ostaa laittomia huumeita verkosta Myyt\u00e4v\u00e4n\u00e4 huumeita verkossa l\u00e4hell\u00e4ni Huumeet pime\u00e4st\u00e4 verkkomyynnist\u00e4.","robots":{"index":"index","follow":"follow","max-snippet":"max-snippet:-1","max-image-preview":"max-image-preview:large","max-video-preview":"max-video-preview:-1"},"canonical":"https:\/\/medicinasinc.com\/fi\/product\/osta-nederhash-hashish\/","og_locale":"en_US","og_type":"article","og_title":"Osta Nederhash Hashish - parhaat maailmanlaajuiset l\u00e4\u00e4kkeet","og_description":"Osta Nederhash Hashish verkosta Osta Medical Weed Saksasta Mist\u00e4 ostaa laittomia huumeita verkosta Myyt\u00e4v\u00e4n\u00e4 huumeita verkossa l\u00e4hell\u00e4ni Huumeet pime\u00e4st\u00e4 verkkomyynnist\u00e4.","og_url":"https:\/\/medicinasinc.com\/fi\/product\/osta-nederhash-hashish\/","og_site_name":"Medicinas Inc","article_modified_time":"2022-03-22T01:17:23+00:00","og_image":[{"width":600,"height":600,"url":"https:\/\/medicinasinc.com\/fi\/wp-content\/uploads\/sites\/12\/2022\/02\/Buy-Nederhash-Hashish-Online.jpg","type":"image\/jpeg"}],"twitter_card":"summary_large_image","twitter_misc":{"Est. reading time":"4 minutes"},"schema":{"@context":"https:\/\/schema.org","@graph":[{"@type":"WebPage","@id":"https:\/\/medicinasinc.com\/fi\/product\/osta-nederhash-hashish\/","url":"https:\/\/medicinasinc.com\/fi\/product\/osta-nederhash-hashish\/","name":"Osta Nederhash Hashish - parhaat maailmanlaajuiset l\u00e4\u00e4kkeet","isPartOf":{"@id":"https:\/\/medicinasinc.com\/fi\/#website"},"primaryImageOfPage":{"@id":"https:\/\/medicinasinc.com\/fi\/product\/osta-nederhash-hashish\/#primaryimage"},"image":{"@id":"https:\/\/medicinasinc.com\/fi\/product\/osta-nederhash-hashish\/#primaryimage"},"thumbnailUrl":"https:\/\/medicinasinc.com\/fi\/wp-content\/uploads\/sites\/12\/2022\/02\/Buy-Nederhash-Hashish-Online.jpg","datePublished":"2022-02-20T15:05:01+00:00","dateModified":"2022-03-22T01:17:23+00:00","description":"Osta Nederhash Hashish verkosta Osta Medical Weed Saksasta Mist\u00e4 ostaa laittomia huumeita verkosta Myyt\u00e4v\u00e4n\u00e4 huumeita verkossa l\u00e4hell\u00e4ni Huumeet pime\u00e4st\u00e4 verkkomyynnist\u00e4.","breadcrumb":{"@id":"https:\/\/medicinasinc.com\/fi\/product\/osta-nederhash-hashish\/#breadcrumb"},"inLanguage":"en-US","potentialAction":[{"@type":"ReadAction","target":["https:\/\/medicinasinc.com\/fi\/product\/osta-nederhash-hashish\/"]}]},{"@type":"ImageObject","inLanguage":"en-US","@id":"https:\/\/medicinasinc.com\/fi\/product\/osta-nederhash-hashish\/#primaryimage","url":"https:\/\/medicinasinc.com\/fi\/wp-content\/uploads\/sites\/12\/2022\/02\/Buy-Nederhash-Hashish-Online.jpg","contentUrl":"https:\/\/medicinasinc.com\/fi\/wp-content\/uploads\/sites\/12\/2022\/02\/Buy-Nederhash-Hashish-Online.jpg","width":600,"height":600},{"@type":"BreadcrumbList","@id":"https:\/\/medicinasinc.com\/fi\/product\/osta-nederhash-hashish\/#breadcrumb","itemListElement":[{"@type":"ListItem","position":1,"name":"Myym\u00e4l\u00e4","item":"https:\/\/medicinasinc.com\/fi\/myymala\/"},{"@type":"ListItem","position":2,"name":"Osta Nederhash Hashish"}]},{"@type":"WebSite","@id":"https:\/\/medicinasinc.com\/fi\/#website","url":"https:\/\/medicinasinc.com\/fi\/","name":"Medicinas Inc","description":"Health Medical Clinic","potentialAction":[{"@type":"SearchAction","target":{"@type":"EntryPoint","urlTemplate":"https:\/\/medicinasinc.com\/fi\/?s={search_term_string}"},"query-input":{"@type":"PropertyValueSpecification","valueRequired":true,"valueName":"search_term_string"}}],"inLanguage":"en-US"}]}},"_links":{"self":[{"href":"https:\/\/medicinasinc.com\/fi\/wp-json\/wp\/v2\/product\/4716","targetHints":{"allow":["GET"]}}],"collection":[{"href":"https:\/\/medicinasinc.com\/fi\/wp-json\/wp\/v2\/product"}],"about":[{"href":"https:\/\/medicinasinc.com\/fi\/wp-json\/wp\/v2\/types\/product"}],"replies":[{"embeddable":true,"href":"https:\/\/medicinasinc.com\/fi\/wp-json\/wp\/v2\/comments?post=4716"}],"wp:featuredmedia":[{"embeddable":true,"href":"https:\/\/medicinasinc.com\/fi\/wp-json\/wp\/v2\/media\/4728"}],"wp:attachment":[{"href":"https:\/\/medicinasinc.com\/fi\/wp-json\/wp\/v2\/media?parent=4716"}],"wp:term":[{"taxonomy":"product_brand","embeddable":true,"href":"https:\/\/medicinasinc.com\/fi\/wp-json\/wp\/v2\/product_brand?post=4716"},{"taxonomy":"product_cat","embeddable":true,"href":"https:\/\/medicinasinc.com\/fi\/wp-json\/wp\/v2\/product_cat?post=4716"},{"taxonomy":"product_tag","embeddable":true,"href":"https:\/\/medicinasinc.com\/fi\/wp-json\/wp\/v2\/product_tag?post=4716"}],"curies":[{"name":"wp","href":"https:\/\/api.w.org\/{rel}","templated":true}]}}