{"id":4701,"date":"2022-02-20T14:53:39","date_gmt":"2022-02-20T14:53:39","guid":{"rendered":"https:\/\/medicinasinc.com\/fi\/?post_type=product&#038;p=4701"},"modified":"2022-03-22T01:17:31","modified_gmt":"2022-03-22T01:17:31","slug":"osta-marokkolainen-caramello-hash","status":"publish","type":"product","link":"https:\/\/medicinasinc.com\/fi\/product\/osta-marokkolainen-caramello-hash\/","title":{"rendered":"Osta Marokon Caramello Hash"},"content":{"rendered":"<p>Osta Caramello Hash Marokosta<\/p>\n<p>Osta Caramello Hash Marokosta. Marokkolainen Caramello Hash on hash-kasvin klooni. Se on yleens\u00e4 laillista ja pysyy laillisena aikojen loppuun asti. Se ei sis\u00e4ll\u00e4 THC:t\u00e4, muokattuja kannabinoideja ja muita tutkimustason synteettisi\u00e4 kannabinoideja (kuten JWH-018, JWH-073, JWH-250, AM-2209 ja niin edelleen). Se on l\u00e4hes varmasti paras saatavilla oleva laillinen hash. K\u00e4yt\u00e4mme vain luonnollisia, ravinnetiiviit\u00e4 materiaaleja. N\u00e4ytt\u00e4\u00e4 silt\u00e4, \u200b\u200bett\u00e4 hash n\u00e4ytt\u00e4\u00e4 hashilta, tuntuu hashilta, tuoksuu hampulta ja sill\u00e4 on kaiken kaikkiaan erinomainen maku. Marokkolainen Caramello Hash hasis on vain hieman tummempaa kuin muut tuotteemme. Jos olet kiinnostunut tuotteistamme, suosittelemme ostamaan ensin esimerkkipaketin. Osta laillisia l\u00e4\u00e4kkeit\u00e4 verkosta.<\/p>\n","protected":false},"excerpt":{"rendered":"<div class=\"woocommerce-product-details__short-description\">\n<p>Marokkolainen Caramello Hash on ostettavissa verkosta, ja se sis\u00e4lt\u00e4\u00e4 5 g eteerist\u00e4 hamppu\u00f6ljy\u00e4. Marokkolainen Caramello Hash on t\u00e4ysin luonnollinen kannabistuote.<\/p>\n<p>HYV\u00c4KSYMME MAKSUJA VAIN WESTERN UNIONIN, MONEY GRAMIN TAI BTC:n KAUTTA. Toimitusaika on noin kolme p\u00e4iv\u00e4\u00e4 tai kaksikymment\u00e4nelj\u00e4 tuntia.<\/p>\n<\/p><\/div>\n","protected":false},"featured_media":4714,"comment_status":"open","ping_status":"closed","template":"","meta":[],"product_brand":[],"product_cat":[610],"product_tag":[],"class_list":{"0":"post-4701","1":"product","2":"type-product","3":"status-publish","4":"has-post-thumbnail","6":"product_cat-osta-hash-hashish","8":"first","9":"instock","10":"shipping-taxable","11":"purchasable","12":"product-type-variable","13":"has-default-attributes"},"yoast_head":"<!-- This site is optimized with the Yoast SEO plugin v27.3 - https:\/\/yoast.com\/product\/yoast-seo-wordpress\/ -->\n<title>Osta Marokon Caramello Hash - parhaat maailmanlaajuiset l\u00e4\u00e4kkeet<\/title>\n<meta name=\"description\" content=\"Osta Marokon Caramello Hash verkosta, se sis\u00e4lt\u00e4\u00e4 5g eteerist\u00e4 hamppu\u00f6ljy\u00e4. Marokon Caramello Hash on 100% luonnollinen hash-tuote.\" \/>\n<meta name=\"robots\" content=\"index, follow, max-snippet:-1, max-image-preview:large, max-video-preview:-1\" \/>\n<link rel=\"canonical\" href=\"https:\/\/medicinasinc.com\/fi\/product\/osta-marokkolainen-caramello-hash\/\" \/>\n<meta property=\"og:locale\" content=\"en_US\" \/>\n<meta property=\"og:type\" content=\"article\" \/>\n<meta property=\"og:title\" content=\"Osta Marokon Caramello Hash - parhaat maailmanlaajuiset l\u00e4\u00e4kkeet\" \/>\n<meta property=\"og:description\" content=\"Osta Marokon Caramello Hash verkosta, se sis\u00e4lt\u00e4\u00e4 5g eteerist\u00e4 hamppu\u00f6ljy\u00e4. Marokon Caramello Hash on 100% luonnollinen hash-tuote.\" \/>\n<meta property=\"og:url\" content=\"https:\/\/medicinasinc.com\/fi\/product\/osta-marokkolainen-caramello-hash\/\" \/>\n<meta property=\"og:site_name\" content=\"Medicinas Inc\" \/>\n<meta property=\"article:modified_time\" content=\"2022-03-22T01:17:31+00:00\" \/>\n<meta property=\"og:image\" content=\"https:\/\/medicinasinc.com\/fi\/wp-content\/uploads\/sites\/12\/2022\/02\/Buy-Moroccan-Caramello-Hash.jpg\" \/>\n\t<meta property=\"og:image:width\" content=\"600\" \/>\n\t<meta property=\"og:image:height\" content=\"600\" \/>\n\t<meta property=\"og:image:type\" content=\"image\/jpeg\" \/>\n<meta name=\"twitter:card\" content=\"summary_large_image\" \/>\n<meta name=\"twitter:label1\" content=\"Est. reading time\" \/>\n\t<meta name=\"twitter:data1\" content=\"1 minute\" \/>\n<script type=\"application\/ld+json\" class=\"yoast-schema-graph\">{\"@context\":\"https:\\\/\\\/schema.org\",\"@graph\":[{\"@type\":\"WebPage\",\"@id\":\"https:\\\/\\\/medicinasinc.com\\\/fi\\\/product\\\/osta-marokkolainen-caramello-hash\\\/\",\"url\":\"https:\\\/\\\/medicinasinc.com\\\/fi\\\/product\\\/osta-marokkolainen-caramello-hash\\\/\",\"name\":\"Osta Marokon Caramello Hash - parhaat maailmanlaajuiset l\u00e4\u00e4kkeet\",\"isPartOf\":{\"@id\":\"https:\\\/\\\/medicinasinc.com\\\/fi\\\/#website\"},\"primaryImageOfPage\":{\"@id\":\"https:\\\/\\\/medicinasinc.com\\\/fi\\\/product\\\/osta-marokkolainen-caramello-hash\\\/#primaryimage\"},\"image\":{\"@id\":\"https:\\\/\\\/medicinasinc.com\\\/fi\\\/product\\\/osta-marokkolainen-caramello-hash\\\/#primaryimage\"},\"thumbnailUrl\":\"https:\\\/\\\/medicinasinc.com\\\/fi\\\/wp-content\\\/uploads\\\/sites\\\/12\\\/2022\\\/02\\\/Buy-Moroccan-Caramello-Hash.jpg\",\"datePublished\":\"2022-02-20T14:53:39+00:00\",\"dateModified\":\"2022-03-22T01:17:31+00:00\",\"description\":\"Osta Marokon Caramello Hash verkosta, se sis\u00e4lt\u00e4\u00e4 5g eteerist\u00e4 hamppu\u00f6ljy\u00e4. Marokon Caramello Hash on 100% luonnollinen hash-tuote.\",\"breadcrumb\":{\"@id\":\"https:\\\/\\\/medicinasinc.com\\\/fi\\\/product\\\/osta-marokkolainen-caramello-hash\\\/#breadcrumb\"},\"inLanguage\":\"en-US\",\"potentialAction\":[{\"@type\":\"ReadAction\",\"target\":[\"https:\\\/\\\/medicinasinc.com\\\/fi\\\/product\\\/osta-marokkolainen-caramello-hash\\\/\"]}]},{\"@type\":\"ImageObject\",\"inLanguage\":\"en-US\",\"@id\":\"https:\\\/\\\/medicinasinc.com\\\/fi\\\/product\\\/osta-marokkolainen-caramello-hash\\\/#primaryimage\",\"url\":\"https:\\\/\\\/medicinasinc.com\\\/fi\\\/wp-content\\\/uploads\\\/sites\\\/12\\\/2022\\\/02\\\/Buy-Moroccan-Caramello-Hash.jpg\",\"contentUrl\":\"https:\\\/\\\/medicinasinc.com\\\/fi\\\/wp-content\\\/uploads\\\/sites\\\/12\\\/2022\\\/02\\\/Buy-Moroccan-Caramello-Hash.jpg\",\"width\":600,\"height\":600},{\"@type\":\"BreadcrumbList\",\"@id\":\"https:\\\/\\\/medicinasinc.com\\\/fi\\\/product\\\/osta-marokkolainen-caramello-hash\\\/#breadcrumb\",\"itemListElement\":[{\"@type\":\"ListItem\",\"position\":1,\"name\":\"Myym\u00e4l\u00e4\",\"item\":\"https:\\\/\\\/medicinasinc.com\\\/fi\\\/myymala\\\/\"},{\"@type\":\"ListItem\",\"position\":2,\"name\":\"Osta Marokon Caramello Hash\"}]},{\"@type\":\"WebSite\",\"@id\":\"https:\\\/\\\/medicinasinc.com\\\/fi\\\/#website\",\"url\":\"https:\\\/\\\/medicinasinc.com\\\/fi\\\/\",\"name\":\"Medicinas Inc\",\"description\":\"Health Medical Clinic\",\"potentialAction\":[{\"@type\":\"SearchAction\",\"target\":{\"@type\":\"EntryPoint\",\"urlTemplate\":\"https:\\\/\\\/medicinasinc.com\\\/fi\\\/?s={search_term_string}\"},\"query-input\":{\"@type\":\"PropertyValueSpecification\",\"valueRequired\":true,\"valueName\":\"search_term_string\"}}],\"inLanguage\":\"en-US\"}]}<\/script>\n<!-- \/ Yoast SEO plugin. -->","yoast_head_json":{"title":"Osta Marokon Caramello Hash - parhaat maailmanlaajuiset l\u00e4\u00e4kkeet","description":"Osta Marokon Caramello Hash verkosta, se sis\u00e4lt\u00e4\u00e4 5g eteerist\u00e4 hamppu\u00f6ljy\u00e4. Marokon Caramello Hash on 100% luonnollinen hash-tuote.","robots":{"index":"index","follow":"follow","max-snippet":"max-snippet:-1","max-image-preview":"max-image-preview:large","max-video-preview":"max-video-preview:-1"},"canonical":"https:\/\/medicinasinc.com\/fi\/product\/osta-marokkolainen-caramello-hash\/","og_locale":"en_US","og_type":"article","og_title":"Osta Marokon Caramello Hash - parhaat maailmanlaajuiset l\u00e4\u00e4kkeet","og_description":"Osta Marokon Caramello Hash verkosta, se sis\u00e4lt\u00e4\u00e4 5g eteerist\u00e4 hamppu\u00f6ljy\u00e4. Marokon Caramello Hash on 100% luonnollinen hash-tuote.","og_url":"https:\/\/medicinasinc.com\/fi\/product\/osta-marokkolainen-caramello-hash\/","og_site_name":"Medicinas Inc","article_modified_time":"2022-03-22T01:17:31+00:00","og_image":[{"width":600,"height":600,"url":"https:\/\/medicinasinc.com\/fi\/wp-content\/uploads\/sites\/12\/2022\/02\/Buy-Moroccan-Caramello-Hash.jpg","type":"image\/jpeg"}],"twitter_card":"summary_large_image","twitter_misc":{"Est. reading time":"1 minute"},"schema":{"@context":"https:\/\/schema.org","@graph":[{"@type":"WebPage","@id":"https:\/\/medicinasinc.com\/fi\/product\/osta-marokkolainen-caramello-hash\/","url":"https:\/\/medicinasinc.com\/fi\/product\/osta-marokkolainen-caramello-hash\/","name":"Osta Marokon Caramello Hash - parhaat maailmanlaajuiset l\u00e4\u00e4kkeet","isPartOf":{"@id":"https:\/\/medicinasinc.com\/fi\/#website"},"primaryImageOfPage":{"@id":"https:\/\/medicinasinc.com\/fi\/product\/osta-marokkolainen-caramello-hash\/#primaryimage"},"image":{"@id":"https:\/\/medicinasinc.com\/fi\/product\/osta-marokkolainen-caramello-hash\/#primaryimage"},"thumbnailUrl":"https:\/\/medicinasinc.com\/fi\/wp-content\/uploads\/sites\/12\/2022\/02\/Buy-Moroccan-Caramello-Hash.jpg","datePublished":"2022-02-20T14:53:39+00:00","dateModified":"2022-03-22T01:17:31+00:00","description":"Osta Marokon Caramello Hash verkosta, se sis\u00e4lt\u00e4\u00e4 5g eteerist\u00e4 hamppu\u00f6ljy\u00e4. Marokon Caramello Hash on 100% luonnollinen hash-tuote.","breadcrumb":{"@id":"https:\/\/medicinasinc.com\/fi\/product\/osta-marokkolainen-caramello-hash\/#breadcrumb"},"inLanguage":"en-US","potentialAction":[{"@type":"ReadAction","target":["https:\/\/medicinasinc.com\/fi\/product\/osta-marokkolainen-caramello-hash\/"]}]},{"@type":"ImageObject","inLanguage":"en-US","@id":"https:\/\/medicinasinc.com\/fi\/product\/osta-marokkolainen-caramello-hash\/#primaryimage","url":"https:\/\/medicinasinc.com\/fi\/wp-content\/uploads\/sites\/12\/2022\/02\/Buy-Moroccan-Caramello-Hash.jpg","contentUrl":"https:\/\/medicinasinc.com\/fi\/wp-content\/uploads\/sites\/12\/2022\/02\/Buy-Moroccan-Caramello-Hash.jpg","width":600,"height":600},{"@type":"BreadcrumbList","@id":"https:\/\/medicinasinc.com\/fi\/product\/osta-marokkolainen-caramello-hash\/#breadcrumb","itemListElement":[{"@type":"ListItem","position":1,"name":"Myym\u00e4l\u00e4","item":"https:\/\/medicinasinc.com\/fi\/myymala\/"},{"@type":"ListItem","position":2,"name":"Osta Marokon Caramello Hash"}]},{"@type":"WebSite","@id":"https:\/\/medicinasinc.com\/fi\/#website","url":"https:\/\/medicinasinc.com\/fi\/","name":"Medicinas Inc","description":"Health Medical Clinic","potentialAction":[{"@type":"SearchAction","target":{"@type":"EntryPoint","urlTemplate":"https:\/\/medicinasinc.com\/fi\/?s={search_term_string}"},"query-input":{"@type":"PropertyValueSpecification","valueRequired":true,"valueName":"search_term_string"}}],"inLanguage":"en-US"}]}},"_links":{"self":[{"href":"https:\/\/medicinasinc.com\/fi\/wp-json\/wp\/v2\/product\/4701","targetHints":{"allow":["GET"]}}],"collection":[{"href":"https:\/\/medicinasinc.com\/fi\/wp-json\/wp\/v2\/product"}],"about":[{"href":"https:\/\/medicinasinc.com\/fi\/wp-json\/wp\/v2\/types\/product"}],"replies":[{"embeddable":true,"href":"https:\/\/medicinasinc.com\/fi\/wp-json\/wp\/v2\/comments?post=4701"}],"wp:featuredmedia":[{"embeddable":true,"href":"https:\/\/medicinasinc.com\/fi\/wp-json\/wp\/v2\/media\/4714"}],"wp:attachment":[{"href":"https:\/\/medicinasinc.com\/fi\/wp-json\/wp\/v2\/media?parent=4701"}],"wp:term":[{"taxonomy":"product_brand","embeddable":true,"href":"https:\/\/medicinasinc.com\/fi\/wp-json\/wp\/v2\/product_brand?post=4701"},{"taxonomy":"product_cat","embeddable":true,"href":"https:\/\/medicinasinc.com\/fi\/wp-json\/wp\/v2\/product_cat?post=4701"},{"taxonomy":"product_tag","embeddable":true,"href":"https:\/\/medicinasinc.com\/fi\/wp-json\/wp\/v2\/product_tag?post=4701"}],"curies":[{"name":"wp","href":"https:\/\/api.w.org\/{rel}","templated":true}]}}