{"id":4700,"date":"2022-02-20T14:53:18","date_gmt":"2022-02-20T14:53:18","guid":{"rendered":"https:\/\/medicinasinc.com\/fi\/?post_type=product&#038;p=4700"},"modified":"2022-03-22T01:17:42","modified_gmt":"2022-03-22T01:17:42","slug":"osta-marokkolainen-primero-hash","status":"publish","type":"product","link":"https:\/\/medicinasinc.com\/fi\/product\/osta-marokkolainen-primero-hash\/","title":{"rendered":"Osta Marokon Primero Hash"},"content":{"rendered":"<p>Osta Marokkolainen Primo Hash<\/p>\n<p>Osta Marokkolainen Primo Hash. Marokon Primero Hash on kunnioitettava hashin klooni. Se on yleens\u00e4 laillista ja pysyy laillisena aikojen loppuun asti. Se ei sis\u00e4ll\u00e4 THC:t\u00e4, synteettisi\u00e4 kannabinoideja ja muita tutkimussynteettisi\u00e4 aineita (kuten JWH-018, JWH-073, JWH-250, AM-2209 ja niin edelleen). Se on luultavasti paras saatavilla oleva laillinen hasisklooni. K\u00e4yt\u00e4mme vain luonnollisia, ravinnetiiviit\u00e4 materiaaleja. N\u00e4ytt\u00e4\u00e4 silt\u00e4, \u200b\u200b\u200b\u200bett\u00e4 hash n\u00e4ytt\u00e4\u00e4 hashilta, tuntuu hashilta, tuoksuu hampulta ja sill\u00e4 on mahtava maku. Marokkolainen Primero hasis on vain hieman tummempaa kuin muut tuotteemme. Jos olet kiinnostunut tuotteistamme, suosittelemme ostamaan ensin esimerkkipaketin. Osta lis\u00e4\u00e4 laillisia hash-kloonituotteitamme s\u00e4\u00e4st\u00e4\u00e4ksesi rahaa.<\/p>\n","protected":false},"excerpt":{"rendered":"<div class=\"woocommerce-product-details__short-description\">\n<p>osta marokkolainen premiero hash verkosta parhaimmillaan maailmanlaajuisesti nopealla maailmanlaajuisella toimituksella. Myyd\u00e4\u00e4n laadukas marokkolainen hash. osta nyt.<\/p>\n<\/div>\n","protected":false},"featured_media":4712,"comment_status":"open","ping_status":"closed","template":"","meta":[],"product_brand":[],"product_cat":[610],"product_tag":[684,687,688,685,686,683],"class_list":{"0":"post-4700","1":"product","2":"type-product","3":"status-publish","4":"has-post-thumbnail","6":"product_cat-osta-hash-hashish","7":"product_tag-buy-cannabis-coconut-oil","8":"product_tag-hallit-mansikka-yskpisarat","9":"product_tag-honey-moroccan-blonde-hash","10":"product_tag-osta-moroc-caramel-verkosta","11":"product_tag-osta-nepalilaiset-temppelipallot","12":"product_tag-osta-osta-bubble-hash-online","14":"first","15":"instock","16":"shipping-taxable","17":"purchasable","18":"product-type-variable","19":"has-default-attributes"},"yoast_head":"<!-- This site is optimized with the Yoast SEO plugin v27.3 - https:\/\/yoast.com\/product\/yoast-seo-wordpress\/ -->\n<title>Osta Marokon Primero Hash - parhaat maailmanlaajuiset l\u00e4\u00e4kkeet<\/title>\n<meta name=\"description\" content=\"osta marokkolainen premiero hash verkosta bestglobalmedista nopealla maailmanlaajuisella toimituksella. Myyd\u00e4\u00e4n laadukas marokkolainen hash. osta nyt.\" \/>\n<meta name=\"robots\" content=\"index, follow, max-snippet:-1, max-image-preview:large, max-video-preview:-1\" \/>\n<link rel=\"canonical\" href=\"https:\/\/medicinasinc.com\/fi\/product\/osta-marokkolainen-primero-hash\/\" \/>\n<meta property=\"og:locale\" content=\"en_US\" \/>\n<meta property=\"og:type\" content=\"article\" \/>\n<meta property=\"og:title\" content=\"Osta Marokon Primero Hash - parhaat maailmanlaajuiset l\u00e4\u00e4kkeet\" \/>\n<meta property=\"og:description\" content=\"osta marokkolainen premiero hash verkosta bestglobalmedista nopealla maailmanlaajuisella toimituksella. Myyd\u00e4\u00e4n laadukas marokkolainen hash. osta nyt.\" \/>\n<meta property=\"og:url\" content=\"https:\/\/medicinasinc.com\/fi\/product\/osta-marokkolainen-primero-hash\/\" \/>\n<meta property=\"og:site_name\" content=\"Medicinas Inc\" \/>\n<meta property=\"article:modified_time\" content=\"2022-03-22T01:17:42+00:00\" \/>\n<meta property=\"og:image\" content=\"https:\/\/medicinasinc.com\/fi\/wp-content\/uploads\/sites\/12\/2022\/02\/Buy-Moroccan-Primero-Hash.jpg\" \/>\n\t<meta property=\"og:image:width\" content=\"600\" \/>\n\t<meta property=\"og:image:height\" content=\"600\" \/>\n\t<meta property=\"og:image:type\" content=\"image\/jpeg\" \/>\n<meta name=\"twitter:card\" content=\"summary_large_image\" \/>\n<meta name=\"twitter:label1\" content=\"Est. reading time\" \/>\n\t<meta name=\"twitter:data1\" content=\"1 minute\" \/>\n<script type=\"application\/ld+json\" class=\"yoast-schema-graph\">{\"@context\":\"https:\\\/\\\/schema.org\",\"@graph\":[{\"@type\":\"WebPage\",\"@id\":\"https:\\\/\\\/medicinasinc.com\\\/fi\\\/product\\\/osta-marokkolainen-primero-hash\\\/\",\"url\":\"https:\\\/\\\/medicinasinc.com\\\/fi\\\/product\\\/osta-marokkolainen-primero-hash\\\/\",\"name\":\"Osta Marokon Primero Hash - parhaat maailmanlaajuiset l\u00e4\u00e4kkeet\",\"isPartOf\":{\"@id\":\"https:\\\/\\\/medicinasinc.com\\\/fi\\\/#website\"},\"primaryImageOfPage\":{\"@id\":\"https:\\\/\\\/medicinasinc.com\\\/fi\\\/product\\\/osta-marokkolainen-primero-hash\\\/#primaryimage\"},\"image\":{\"@id\":\"https:\\\/\\\/medicinasinc.com\\\/fi\\\/product\\\/osta-marokkolainen-primero-hash\\\/#primaryimage\"},\"thumbnailUrl\":\"https:\\\/\\\/medicinasinc.com\\\/fi\\\/wp-content\\\/uploads\\\/sites\\\/12\\\/2022\\\/02\\\/Buy-Moroccan-Primero-Hash.jpg\",\"datePublished\":\"2022-02-20T14:53:18+00:00\",\"dateModified\":\"2022-03-22T01:17:42+00:00\",\"description\":\"osta marokkolainen premiero hash verkosta bestglobalmedista nopealla maailmanlaajuisella toimituksella. Myyd\u00e4\u00e4n laadukas marokkolainen hash. osta nyt.\",\"breadcrumb\":{\"@id\":\"https:\\\/\\\/medicinasinc.com\\\/fi\\\/product\\\/osta-marokkolainen-primero-hash\\\/#breadcrumb\"},\"inLanguage\":\"en-US\",\"potentialAction\":[{\"@type\":\"ReadAction\",\"target\":[\"https:\\\/\\\/medicinasinc.com\\\/fi\\\/product\\\/osta-marokkolainen-primero-hash\\\/\"]}]},{\"@type\":\"ImageObject\",\"inLanguage\":\"en-US\",\"@id\":\"https:\\\/\\\/medicinasinc.com\\\/fi\\\/product\\\/osta-marokkolainen-primero-hash\\\/#primaryimage\",\"url\":\"https:\\\/\\\/medicinasinc.com\\\/fi\\\/wp-content\\\/uploads\\\/sites\\\/12\\\/2022\\\/02\\\/Buy-Moroccan-Primero-Hash.jpg\",\"contentUrl\":\"https:\\\/\\\/medicinasinc.com\\\/fi\\\/wp-content\\\/uploads\\\/sites\\\/12\\\/2022\\\/02\\\/Buy-Moroccan-Primero-Hash.jpg\",\"width\":600,\"height\":600},{\"@type\":\"BreadcrumbList\",\"@id\":\"https:\\\/\\\/medicinasinc.com\\\/fi\\\/product\\\/osta-marokkolainen-primero-hash\\\/#breadcrumb\",\"itemListElement\":[{\"@type\":\"ListItem\",\"position\":1,\"name\":\"Myym\u00e4l\u00e4\",\"item\":\"https:\\\/\\\/medicinasinc.com\\\/fi\\\/myymala\\\/\"},{\"@type\":\"ListItem\",\"position\":2,\"name\":\"Osta Marokon Primero Hash\"}]},{\"@type\":\"WebSite\",\"@id\":\"https:\\\/\\\/medicinasinc.com\\\/fi\\\/#website\",\"url\":\"https:\\\/\\\/medicinasinc.com\\\/fi\\\/\",\"name\":\"Medicinas Inc\",\"description\":\"Health Medical Clinic\",\"potentialAction\":[{\"@type\":\"SearchAction\",\"target\":{\"@type\":\"EntryPoint\",\"urlTemplate\":\"https:\\\/\\\/medicinasinc.com\\\/fi\\\/?s={search_term_string}\"},\"query-input\":{\"@type\":\"PropertyValueSpecification\",\"valueRequired\":true,\"valueName\":\"search_term_string\"}}],\"inLanguage\":\"en-US\"}]}<\/script>\n<!-- \/ Yoast SEO plugin. -->","yoast_head_json":{"title":"Osta Marokon Primero Hash - parhaat maailmanlaajuiset l\u00e4\u00e4kkeet","description":"osta marokkolainen premiero hash verkosta bestglobalmedista nopealla maailmanlaajuisella toimituksella. Myyd\u00e4\u00e4n laadukas marokkolainen hash. osta nyt.","robots":{"index":"index","follow":"follow","max-snippet":"max-snippet:-1","max-image-preview":"max-image-preview:large","max-video-preview":"max-video-preview:-1"},"canonical":"https:\/\/medicinasinc.com\/fi\/product\/osta-marokkolainen-primero-hash\/","og_locale":"en_US","og_type":"article","og_title":"Osta Marokon Primero Hash - parhaat maailmanlaajuiset l\u00e4\u00e4kkeet","og_description":"osta marokkolainen premiero hash verkosta bestglobalmedista nopealla maailmanlaajuisella toimituksella. Myyd\u00e4\u00e4n laadukas marokkolainen hash. osta nyt.","og_url":"https:\/\/medicinasinc.com\/fi\/product\/osta-marokkolainen-primero-hash\/","og_site_name":"Medicinas Inc","article_modified_time":"2022-03-22T01:17:42+00:00","og_image":[{"width":600,"height":600,"url":"https:\/\/medicinasinc.com\/fi\/wp-content\/uploads\/sites\/12\/2022\/02\/Buy-Moroccan-Primero-Hash.jpg","type":"image\/jpeg"}],"twitter_card":"summary_large_image","twitter_misc":{"Est. reading time":"1 minute"},"schema":{"@context":"https:\/\/schema.org","@graph":[{"@type":"WebPage","@id":"https:\/\/medicinasinc.com\/fi\/product\/osta-marokkolainen-primero-hash\/","url":"https:\/\/medicinasinc.com\/fi\/product\/osta-marokkolainen-primero-hash\/","name":"Osta Marokon Primero Hash - parhaat maailmanlaajuiset l\u00e4\u00e4kkeet","isPartOf":{"@id":"https:\/\/medicinasinc.com\/fi\/#website"},"primaryImageOfPage":{"@id":"https:\/\/medicinasinc.com\/fi\/product\/osta-marokkolainen-primero-hash\/#primaryimage"},"image":{"@id":"https:\/\/medicinasinc.com\/fi\/product\/osta-marokkolainen-primero-hash\/#primaryimage"},"thumbnailUrl":"https:\/\/medicinasinc.com\/fi\/wp-content\/uploads\/sites\/12\/2022\/02\/Buy-Moroccan-Primero-Hash.jpg","datePublished":"2022-02-20T14:53:18+00:00","dateModified":"2022-03-22T01:17:42+00:00","description":"osta marokkolainen premiero hash verkosta bestglobalmedista nopealla maailmanlaajuisella toimituksella. Myyd\u00e4\u00e4n laadukas marokkolainen hash. osta nyt.","breadcrumb":{"@id":"https:\/\/medicinasinc.com\/fi\/product\/osta-marokkolainen-primero-hash\/#breadcrumb"},"inLanguage":"en-US","potentialAction":[{"@type":"ReadAction","target":["https:\/\/medicinasinc.com\/fi\/product\/osta-marokkolainen-primero-hash\/"]}]},{"@type":"ImageObject","inLanguage":"en-US","@id":"https:\/\/medicinasinc.com\/fi\/product\/osta-marokkolainen-primero-hash\/#primaryimage","url":"https:\/\/medicinasinc.com\/fi\/wp-content\/uploads\/sites\/12\/2022\/02\/Buy-Moroccan-Primero-Hash.jpg","contentUrl":"https:\/\/medicinasinc.com\/fi\/wp-content\/uploads\/sites\/12\/2022\/02\/Buy-Moroccan-Primero-Hash.jpg","width":600,"height":600},{"@type":"BreadcrumbList","@id":"https:\/\/medicinasinc.com\/fi\/product\/osta-marokkolainen-primero-hash\/#breadcrumb","itemListElement":[{"@type":"ListItem","position":1,"name":"Myym\u00e4l\u00e4","item":"https:\/\/medicinasinc.com\/fi\/myymala\/"},{"@type":"ListItem","position":2,"name":"Osta Marokon Primero Hash"}]},{"@type":"WebSite","@id":"https:\/\/medicinasinc.com\/fi\/#website","url":"https:\/\/medicinasinc.com\/fi\/","name":"Medicinas Inc","description":"Health Medical Clinic","potentialAction":[{"@type":"SearchAction","target":{"@type":"EntryPoint","urlTemplate":"https:\/\/medicinasinc.com\/fi\/?s={search_term_string}"},"query-input":{"@type":"PropertyValueSpecification","valueRequired":true,"valueName":"search_term_string"}}],"inLanguage":"en-US"}]}},"_links":{"self":[{"href":"https:\/\/medicinasinc.com\/fi\/wp-json\/wp\/v2\/product\/4700","targetHints":{"allow":["GET"]}}],"collection":[{"href":"https:\/\/medicinasinc.com\/fi\/wp-json\/wp\/v2\/product"}],"about":[{"href":"https:\/\/medicinasinc.com\/fi\/wp-json\/wp\/v2\/types\/product"}],"replies":[{"embeddable":true,"href":"https:\/\/medicinasinc.com\/fi\/wp-json\/wp\/v2\/comments?post=4700"}],"wp:featuredmedia":[{"embeddable":true,"href":"https:\/\/medicinasinc.com\/fi\/wp-json\/wp\/v2\/media\/4712"}],"wp:attachment":[{"href":"https:\/\/medicinasinc.com\/fi\/wp-json\/wp\/v2\/media?parent=4700"}],"wp:term":[{"taxonomy":"product_brand","embeddable":true,"href":"https:\/\/medicinasinc.com\/fi\/wp-json\/wp\/v2\/product_brand?post=4700"},{"taxonomy":"product_cat","embeddable":true,"href":"https:\/\/medicinasinc.com\/fi\/wp-json\/wp\/v2\/product_cat?post=4700"},{"taxonomy":"product_tag","embeddable":true,"href":"https:\/\/medicinasinc.com\/fi\/wp-json\/wp\/v2\/product_tag?post=4700"}],"curies":[{"name":"wp","href":"https:\/\/api.w.org\/{rel}","templated":true}]}}