{"id":4684,"date":"2022-02-20T14:40:34","date_gmt":"2022-02-20T14:40:34","guid":{"rendered":"https:\/\/medicinasinc.com\/fi\/?post_type=product&#038;p=4684"},"modified":"2022-03-22T01:18:01","modified_gmt":"2022-03-22T01:18:01","slug":"osta-mercedez-lebanon-hash","status":"publish","type":"product","link":"https:\/\/medicinasinc.com\/fi\/product\/osta-mercedez-lebanon-hash\/","title":{"rendered":"Osta Mercedez Lebanon Hash"},"content":{"rendered":"<p>Hashia on k\u00e4ytetty tuhansia vuosia siit\u00e4 l\u00e4htien, kun ihmiset l\u00f6ysiv\u00e4t kannabiskasvin oudon tahmean sivutuotteen. Hash on usein noin 40 % THC:t\u00e4, ja sit\u00e4 voidaan polttaa tai k\u00e4ytt\u00e4\u00e4 ruoanlaitossa\/sy\u00f6t\u00e4v\u00e4ksi. Joillekin kannabiksen yst\u00e4ville hashin runsas aromaattinen tuoksu ja maku tekev\u00e4t siit\u00e4 ainutlaatuisen herkkupalan. Se on k\u00e4tev\u00e4 s\u00e4ilytt\u00e4\u00e4, kuljettaa ja k\u00e4ytt\u00e4\u00e4. 1980-luvulla hashia vietiin useilta suurilta tuotantoalueilta (Nepalista, Intiasta, Pakistanista ja Afganistanista), ja jokaiseen lohkoon oli painettu ainutlaatuinen sinetti, ja se pakattiin usein punaiseen tai kultaiseen pakkaukseen ennen vienti\u00e4.<\/p>\n","protected":false},"excerpt":{"rendered":"<p>Iso-Britanniassa ja Euroopassa myyt\u00e4v\u00e4n\u00e4 Mercedes Lebanese Hash on kevyesti aromaattinen, mausteinen ja maanl\u00e4heinen makuprofiili. Se on hyvin muokattavaa, pehme\u00e4\u00e4 koostumusta.<\/p>\n<p>Musta Mercedes on Libanonista tuotu keskitason hash. Siin\u00e4 on tummanruskea ulkopinta ja vaaleamman ruskea sis\u00e4puoli sek\u00e4 liev\u00e4sti aromaattinen makuprofiili, jossa on mausteita ja maanl\u00e4heinen makuprofiili. Sen koostumus on pehme\u00e4, muokattava, mik\u00e4 tekee siit\u00e4 eritt\u00e4in helpon ty\u00f6skennell\u00e4, etenkin kuumennettaessa.<\/p>\n","protected":false},"featured_media":4696,"comment_status":"open","ping_status":"closed","template":"","meta":[],"product_brand":[],"product_cat":[610],"product_tag":[],"class_list":{"0":"post-4684","1":"product","2":"type-product","3":"status-publish","4":"has-post-thumbnail","6":"product_cat-osta-hash-hashish","8":"first","9":"instock","10":"shipping-taxable","11":"purchasable","12":"product-type-variable","13":"has-default-attributes"},"yoast_head":"<!-- This site is optimized with the Yoast SEO plugin v27.3 - https:\/\/yoast.com\/product\/yoast-seo-wordpress\/ -->\n<title>Osta Mercedez Lebanon Hash - parhaat maailmanlaajuiset l\u00e4\u00e4kkeet<\/title>\n<meta name=\"description\" content=\"Osta Mercedes Lebanese Hash UK, Eurooppa on kevyesti aromaattinen, mausteinen ja maanl\u00e4heinen makuprofiili. Se on melko pehme\u00e4\u00e4, muokattavaa koostumusta.\" \/>\n<meta name=\"robots\" content=\"index, follow, max-snippet:-1, max-image-preview:large, max-video-preview:-1\" \/>\n<link rel=\"canonical\" href=\"https:\/\/medicinasinc.com\/fi\/product\/osta-mercedez-lebanon-hash\/\" \/>\n<meta property=\"og:locale\" content=\"en_US\" \/>\n<meta property=\"og:type\" content=\"article\" \/>\n<meta property=\"og:title\" content=\"Osta Mercedez Lebanon Hash - parhaat maailmanlaajuiset l\u00e4\u00e4kkeet\" \/>\n<meta property=\"og:description\" content=\"Osta Mercedes Lebanese Hash UK, Eurooppa on kevyesti aromaattinen, mausteinen ja maanl\u00e4heinen makuprofiili. Se on melko pehme\u00e4\u00e4, muokattavaa koostumusta.\" \/>\n<meta property=\"og:url\" content=\"https:\/\/medicinasinc.com\/fi\/product\/osta-mercedez-lebanon-hash\/\" \/>\n<meta property=\"og:site_name\" content=\"Medicinas Inc\" \/>\n<meta property=\"article:modified_time\" content=\"2022-03-22T01:18:01+00:00\" \/>\n<meta property=\"og:image\" content=\"https:\/\/medicinasinc.com\/fi\/wp-content\/uploads\/sites\/12\/2022\/02\/Buy-Mercedez-Lebanon-Hash.jpg\" \/>\n\t<meta property=\"og:image:width\" content=\"600\" \/>\n\t<meta property=\"og:image:height\" content=\"600\" \/>\n\t<meta property=\"og:image:type\" content=\"image\/jpeg\" \/>\n<meta name=\"twitter:card\" content=\"summary_large_image\" \/>\n<meta name=\"twitter:label1\" content=\"Est. reading time\" \/>\n\t<meta name=\"twitter:data1\" content=\"1 minute\" \/>\n<script type=\"application\/ld+json\" class=\"yoast-schema-graph\">{\"@context\":\"https:\\\/\\\/schema.org\",\"@graph\":[{\"@type\":\"WebPage\",\"@id\":\"https:\\\/\\\/medicinasinc.com\\\/fi\\\/product\\\/osta-mercedez-lebanon-hash\\\/\",\"url\":\"https:\\\/\\\/medicinasinc.com\\\/fi\\\/product\\\/osta-mercedez-lebanon-hash\\\/\",\"name\":\"Osta Mercedez Lebanon Hash - parhaat maailmanlaajuiset l\u00e4\u00e4kkeet\",\"isPartOf\":{\"@id\":\"https:\\\/\\\/medicinasinc.com\\\/fi\\\/#website\"},\"primaryImageOfPage\":{\"@id\":\"https:\\\/\\\/medicinasinc.com\\\/fi\\\/product\\\/osta-mercedez-lebanon-hash\\\/#primaryimage\"},\"image\":{\"@id\":\"https:\\\/\\\/medicinasinc.com\\\/fi\\\/product\\\/osta-mercedez-lebanon-hash\\\/#primaryimage\"},\"thumbnailUrl\":\"https:\\\/\\\/medicinasinc.com\\\/fi\\\/wp-content\\\/uploads\\\/sites\\\/12\\\/2022\\\/02\\\/Buy-Mercedez-Lebanon-Hash.jpg\",\"datePublished\":\"2022-02-20T14:40:34+00:00\",\"dateModified\":\"2022-03-22T01:18:01+00:00\",\"description\":\"Osta Mercedes Lebanese Hash UK, Eurooppa on kevyesti aromaattinen, mausteinen ja maanl\u00e4heinen makuprofiili. Se on melko pehme\u00e4\u00e4, muokattavaa koostumusta.\",\"breadcrumb\":{\"@id\":\"https:\\\/\\\/medicinasinc.com\\\/fi\\\/product\\\/osta-mercedez-lebanon-hash\\\/#breadcrumb\"},\"inLanguage\":\"en-US\",\"potentialAction\":[{\"@type\":\"ReadAction\",\"target\":[\"https:\\\/\\\/medicinasinc.com\\\/fi\\\/product\\\/osta-mercedez-lebanon-hash\\\/\"]}]},{\"@type\":\"ImageObject\",\"inLanguage\":\"en-US\",\"@id\":\"https:\\\/\\\/medicinasinc.com\\\/fi\\\/product\\\/osta-mercedez-lebanon-hash\\\/#primaryimage\",\"url\":\"https:\\\/\\\/medicinasinc.com\\\/fi\\\/wp-content\\\/uploads\\\/sites\\\/12\\\/2022\\\/02\\\/Buy-Mercedez-Lebanon-Hash.jpg\",\"contentUrl\":\"https:\\\/\\\/medicinasinc.com\\\/fi\\\/wp-content\\\/uploads\\\/sites\\\/12\\\/2022\\\/02\\\/Buy-Mercedez-Lebanon-Hash.jpg\",\"width\":600,\"height\":600},{\"@type\":\"BreadcrumbList\",\"@id\":\"https:\\\/\\\/medicinasinc.com\\\/fi\\\/product\\\/osta-mercedez-lebanon-hash\\\/#breadcrumb\",\"itemListElement\":[{\"@type\":\"ListItem\",\"position\":1,\"name\":\"Myym\u00e4l\u00e4\",\"item\":\"https:\\\/\\\/medicinasinc.com\\\/fi\\\/myymala\\\/\"},{\"@type\":\"ListItem\",\"position\":2,\"name\":\"Osta Mercedez Lebanon Hash\"}]},{\"@type\":\"WebSite\",\"@id\":\"https:\\\/\\\/medicinasinc.com\\\/fi\\\/#website\",\"url\":\"https:\\\/\\\/medicinasinc.com\\\/fi\\\/\",\"name\":\"Medicinas Inc\",\"description\":\"Health Medical Clinic\",\"potentialAction\":[{\"@type\":\"SearchAction\",\"target\":{\"@type\":\"EntryPoint\",\"urlTemplate\":\"https:\\\/\\\/medicinasinc.com\\\/fi\\\/?s={search_term_string}\"},\"query-input\":{\"@type\":\"PropertyValueSpecification\",\"valueRequired\":true,\"valueName\":\"search_term_string\"}}],\"inLanguage\":\"en-US\"}]}<\/script>\n<!-- \/ Yoast SEO plugin. -->","yoast_head_json":{"title":"Osta Mercedez Lebanon Hash - parhaat maailmanlaajuiset l\u00e4\u00e4kkeet","description":"Osta Mercedes Lebanese Hash UK, Eurooppa on kevyesti aromaattinen, mausteinen ja maanl\u00e4heinen makuprofiili. Se on melko pehme\u00e4\u00e4, muokattavaa koostumusta.","robots":{"index":"index","follow":"follow","max-snippet":"max-snippet:-1","max-image-preview":"max-image-preview:large","max-video-preview":"max-video-preview:-1"},"canonical":"https:\/\/medicinasinc.com\/fi\/product\/osta-mercedez-lebanon-hash\/","og_locale":"en_US","og_type":"article","og_title":"Osta Mercedez Lebanon Hash - parhaat maailmanlaajuiset l\u00e4\u00e4kkeet","og_description":"Osta Mercedes Lebanese Hash UK, Eurooppa on kevyesti aromaattinen, mausteinen ja maanl\u00e4heinen makuprofiili. Se on melko pehme\u00e4\u00e4, muokattavaa koostumusta.","og_url":"https:\/\/medicinasinc.com\/fi\/product\/osta-mercedez-lebanon-hash\/","og_site_name":"Medicinas Inc","article_modified_time":"2022-03-22T01:18:01+00:00","og_image":[{"width":600,"height":600,"url":"https:\/\/medicinasinc.com\/fi\/wp-content\/uploads\/sites\/12\/2022\/02\/Buy-Mercedez-Lebanon-Hash.jpg","type":"image\/jpeg"}],"twitter_card":"summary_large_image","twitter_misc":{"Est. reading time":"1 minute"},"schema":{"@context":"https:\/\/schema.org","@graph":[{"@type":"WebPage","@id":"https:\/\/medicinasinc.com\/fi\/product\/osta-mercedez-lebanon-hash\/","url":"https:\/\/medicinasinc.com\/fi\/product\/osta-mercedez-lebanon-hash\/","name":"Osta Mercedez Lebanon Hash - parhaat maailmanlaajuiset l\u00e4\u00e4kkeet","isPartOf":{"@id":"https:\/\/medicinasinc.com\/fi\/#website"},"primaryImageOfPage":{"@id":"https:\/\/medicinasinc.com\/fi\/product\/osta-mercedez-lebanon-hash\/#primaryimage"},"image":{"@id":"https:\/\/medicinasinc.com\/fi\/product\/osta-mercedez-lebanon-hash\/#primaryimage"},"thumbnailUrl":"https:\/\/medicinasinc.com\/fi\/wp-content\/uploads\/sites\/12\/2022\/02\/Buy-Mercedez-Lebanon-Hash.jpg","datePublished":"2022-02-20T14:40:34+00:00","dateModified":"2022-03-22T01:18:01+00:00","description":"Osta Mercedes Lebanese Hash UK, Eurooppa on kevyesti aromaattinen, mausteinen ja maanl\u00e4heinen makuprofiili. Se on melko pehme\u00e4\u00e4, muokattavaa koostumusta.","breadcrumb":{"@id":"https:\/\/medicinasinc.com\/fi\/product\/osta-mercedez-lebanon-hash\/#breadcrumb"},"inLanguage":"en-US","potentialAction":[{"@type":"ReadAction","target":["https:\/\/medicinasinc.com\/fi\/product\/osta-mercedez-lebanon-hash\/"]}]},{"@type":"ImageObject","inLanguage":"en-US","@id":"https:\/\/medicinasinc.com\/fi\/product\/osta-mercedez-lebanon-hash\/#primaryimage","url":"https:\/\/medicinasinc.com\/fi\/wp-content\/uploads\/sites\/12\/2022\/02\/Buy-Mercedez-Lebanon-Hash.jpg","contentUrl":"https:\/\/medicinasinc.com\/fi\/wp-content\/uploads\/sites\/12\/2022\/02\/Buy-Mercedez-Lebanon-Hash.jpg","width":600,"height":600},{"@type":"BreadcrumbList","@id":"https:\/\/medicinasinc.com\/fi\/product\/osta-mercedez-lebanon-hash\/#breadcrumb","itemListElement":[{"@type":"ListItem","position":1,"name":"Myym\u00e4l\u00e4","item":"https:\/\/medicinasinc.com\/fi\/myymala\/"},{"@type":"ListItem","position":2,"name":"Osta Mercedez Lebanon Hash"}]},{"@type":"WebSite","@id":"https:\/\/medicinasinc.com\/fi\/#website","url":"https:\/\/medicinasinc.com\/fi\/","name":"Medicinas Inc","description":"Health Medical Clinic","potentialAction":[{"@type":"SearchAction","target":{"@type":"EntryPoint","urlTemplate":"https:\/\/medicinasinc.com\/fi\/?s={search_term_string}"},"query-input":{"@type":"PropertyValueSpecification","valueRequired":true,"valueName":"search_term_string"}}],"inLanguage":"en-US"}]}},"_links":{"self":[{"href":"https:\/\/medicinasinc.com\/fi\/wp-json\/wp\/v2\/product\/4684","targetHints":{"allow":["GET"]}}],"collection":[{"href":"https:\/\/medicinasinc.com\/fi\/wp-json\/wp\/v2\/product"}],"about":[{"href":"https:\/\/medicinasinc.com\/fi\/wp-json\/wp\/v2\/types\/product"}],"replies":[{"embeddable":true,"href":"https:\/\/medicinasinc.com\/fi\/wp-json\/wp\/v2\/comments?post=4684"}],"wp:featuredmedia":[{"embeddable":true,"href":"https:\/\/medicinasinc.com\/fi\/wp-json\/wp\/v2\/media\/4696"}],"wp:attachment":[{"href":"https:\/\/medicinasinc.com\/fi\/wp-json\/wp\/v2\/media?parent=4684"}],"wp:term":[{"taxonomy":"product_brand","embeddable":true,"href":"https:\/\/medicinasinc.com\/fi\/wp-json\/wp\/v2\/product_brand?post=4684"},{"taxonomy":"product_cat","embeddable":true,"href":"https:\/\/medicinasinc.com\/fi\/wp-json\/wp\/v2\/product_cat?post=4684"},{"taxonomy":"product_tag","embeddable":true,"href":"https:\/\/medicinasinc.com\/fi\/wp-json\/wp\/v2\/product_tag?post=4684"}],"curies":[{"name":"wp","href":"https:\/\/api.w.org\/{rel}","templated":true}]}}