{"id":4667,"date":"2022-02-20T14:27:35","date_gmt":"2022-02-20T14:27:35","guid":{"rendered":"https:\/\/medicinasinc.com\/fi\/?post_type=product&#038;p=4667"},"modified":"2022-03-22T01:18:09","modified_gmt":"2022-03-22T01:18:09","slug":"osta-india-charas-black-hash","status":"publish","type":"product","link":"https:\/\/medicinasinc.com\/fi\/product\/osta-india-charas-black-hash\/","title":{"rendered":"Osta Intia Charas Black Hash"},"content":{"rendered":"<p>Intian Charas Black Hashin verkko-ostos| Intia Charas Black Hashin verkkoostos<\/p>\n<p>India Charas Black Hashin verkkoosto. Sen kanssa on helppo ty\u00f6skennell\u00e4, sill\u00e4 on ter\u00e4v\u00e4, mausteinen tuoksu ja se tarjoaa k\u00e4ytt\u00e4jille voimakkaan koko kehon surinan. Kasvatettu ja tuotettu Parvati Valleyssa, joka on kuuluisa ainutlaatuisesta Charas-kannasta nimelt\u00e4 Malana Cream, jota arvostetaan korkeasta THC-pitoisuudestaan. Se on erinomainen p\u00e4iv\u00e4saikaan kokeneille tupakoitsijoille, jotka kest\u00e4v\u00e4t voimakkaan korkean tupakoinnin. Termi &#8220;Intian Charas Black Hash&#8221; tarkoittaa hasista, joka on valmistettu k\u00e4sin Intiassa, Pakistanissa tai Nepalissa. Ulkopuolelta hasis on tummanruskeaa. Kun hasis avataan, se paljastaa tumman vihert\u00e4v\u00e4n\/ruskean sisustuksen. Selke\u00e4 aromi vaihtelee mausteisesta eritt\u00e4in mausteiseen. Se tuottaa eritt\u00e4in kivist\u00e4 ja fyysist\u00e4 korkeaa. India Charas Black Hash on ostettavissa verkosta.<\/p>\n<p>Edut<\/p>\n<p>Se auttaa lievitt\u00e4m\u00e4\u00e4n seuraavia oireita:<\/p>\n<p>Stressit Masennuskivut P\u00e4\u00e4ns\u00e4rky <br \/> Unettomuus<br \/> Mist\u00e4 ostaa Intiassa Online Charas Black Hash<\/p>\n<p>Tavoitteemme on miellytt\u00e4\u00e4 asiakkaitamme ja tarjota heille paras mahdollinen verkkokauppakokemus. Varmistamme, ett\u00e4 kaikki tuotteemme ovat korkealaatuisia, jotta asiakkaamme saavat vain parasta. Tarjoamme aitoa India Charas Black Hashia. Hintamme ovat halvimmat saatavilla verkossa. Osta laatua ja l\u00f6yd\u00e4 mist\u00e4 kaikki puhuvat. Tee tilauksesi India Charas Black Hash verkosta jo t\u00e4n\u00e4\u00e4n ja ole varma turvallisuudesta ja parhaista toimituspalveluista. Olet vain muutaman napsautuksen p\u00e4\u00e4ss\u00e4 India Charas Black Hash -verkkokaupan ostosta.<\/p>\n","protected":false},"excerpt":{"rendered":"<p>Osta Intia Charas Black Hash verkosta. Helppo ty\u00f6st\u00e4\u00e4, siin\u00e4 on ter\u00e4v\u00e4, mausteinen tuoksu ja voimakas kuhina. Tilaa musta hash t\u00e4\u00e4lt\u00e4.<\/p>\n<ul>\n<li>Maailmanlaajuinen toimitus<\/li>\n<li><strong>Arvo: AAAAA<\/strong><\/li>\n<li>Isompia tilauksia varten ota meihin yhteytt\u00e4<\/li>\n<\/ul>\n","protected":false},"featured_media":4681,"comment_status":"open","ping_status":"closed","template":"","meta":[],"product_brand":[],"product_cat":[610],"product_tag":[],"class_list":{"0":"post-4667","1":"product","2":"type-product","3":"status-publish","4":"has-post-thumbnail","6":"product_cat-osta-hash-hashish","8":"first","9":"instock","10":"shipping-taxable","11":"purchasable","12":"product-type-variable","13":"has-default-attributes"},"yoast_head":"<!-- This site is optimized with the Yoast SEO plugin v27.3 - https:\/\/yoast.com\/product\/yoast-seo-wordpress\/ -->\n<title>Osta Intia Charas Black Hash - parhaat maailmanlaajuiset l\u00e4\u00e4kkeet<\/title>\n<meta name=\"description\" content=\"Osta Intia Charas Black Hash verkosta. Helppo ty\u00f6skennell\u00e4, siin\u00e4 on ter\u00e4v\u00e4, mausteinen aromi ja voimakas kehon surina. Tilaa musta hash t\u00e4\u00e4lt\u00e4.\" \/>\n<meta name=\"robots\" content=\"index, follow, max-snippet:-1, max-image-preview:large, max-video-preview:-1\" \/>\n<link rel=\"canonical\" href=\"https:\/\/medicinasinc.com\/fi\/product\/osta-india-charas-black-hash\/\" \/>\n<meta property=\"og:locale\" content=\"en_US\" \/>\n<meta property=\"og:type\" content=\"article\" \/>\n<meta property=\"og:title\" content=\"Osta Intia Charas Black Hash - parhaat maailmanlaajuiset l\u00e4\u00e4kkeet\" \/>\n<meta property=\"og:description\" content=\"Osta Intia Charas Black Hash verkosta. Helppo ty\u00f6skennell\u00e4, siin\u00e4 on ter\u00e4v\u00e4, mausteinen aromi ja voimakas kehon surina. Tilaa musta hash t\u00e4\u00e4lt\u00e4.\" \/>\n<meta property=\"og:url\" content=\"https:\/\/medicinasinc.com\/fi\/product\/osta-india-charas-black-hash\/\" \/>\n<meta property=\"og:site_name\" content=\"Medicinas Inc\" \/>\n<meta property=\"article:modified_time\" content=\"2022-03-22T01:18:09+00:00\" \/>\n<meta property=\"og:image\" content=\"https:\/\/medicinasinc.com\/fi\/wp-content\/uploads\/sites\/12\/2022\/02\/Buy-India-Charas-Black-Hash.jpg\" \/>\n\t<meta property=\"og:image:width\" content=\"600\" \/>\n\t<meta property=\"og:image:height\" content=\"600\" \/>\n\t<meta property=\"og:image:type\" content=\"image\/jpeg\" \/>\n<meta name=\"twitter:card\" content=\"summary_large_image\" \/>\n<meta name=\"twitter:label1\" content=\"Est. reading time\" \/>\n\t<meta name=\"twitter:data1\" content=\"2 minutes\" \/>\n<script type=\"application\/ld+json\" class=\"yoast-schema-graph\">{\"@context\":\"https:\\\/\\\/schema.org\",\"@graph\":[{\"@type\":\"WebPage\",\"@id\":\"https:\\\/\\\/medicinasinc.com\\\/fi\\\/product\\\/osta-india-charas-black-hash\\\/\",\"url\":\"https:\\\/\\\/medicinasinc.com\\\/fi\\\/product\\\/osta-india-charas-black-hash\\\/\",\"name\":\"Osta Intia Charas Black Hash - parhaat maailmanlaajuiset l\u00e4\u00e4kkeet\",\"isPartOf\":{\"@id\":\"https:\\\/\\\/medicinasinc.com\\\/fi\\\/#website\"},\"primaryImageOfPage\":{\"@id\":\"https:\\\/\\\/medicinasinc.com\\\/fi\\\/product\\\/osta-india-charas-black-hash\\\/#primaryimage\"},\"image\":{\"@id\":\"https:\\\/\\\/medicinasinc.com\\\/fi\\\/product\\\/osta-india-charas-black-hash\\\/#primaryimage\"},\"thumbnailUrl\":\"https:\\\/\\\/medicinasinc.com\\\/fi\\\/wp-content\\\/uploads\\\/sites\\\/12\\\/2022\\\/02\\\/Buy-India-Charas-Black-Hash.jpg\",\"datePublished\":\"2022-02-20T14:27:35+00:00\",\"dateModified\":\"2022-03-22T01:18:09+00:00\",\"description\":\"Osta Intia Charas Black Hash verkosta. Helppo ty\u00f6skennell\u00e4, siin\u00e4 on ter\u00e4v\u00e4, mausteinen aromi ja voimakas kehon surina. Tilaa musta hash t\u00e4\u00e4lt\u00e4.\",\"breadcrumb\":{\"@id\":\"https:\\\/\\\/medicinasinc.com\\\/fi\\\/product\\\/osta-india-charas-black-hash\\\/#breadcrumb\"},\"inLanguage\":\"en-US\",\"potentialAction\":[{\"@type\":\"ReadAction\",\"target\":[\"https:\\\/\\\/medicinasinc.com\\\/fi\\\/product\\\/osta-india-charas-black-hash\\\/\"]}]},{\"@type\":\"ImageObject\",\"inLanguage\":\"en-US\",\"@id\":\"https:\\\/\\\/medicinasinc.com\\\/fi\\\/product\\\/osta-india-charas-black-hash\\\/#primaryimage\",\"url\":\"https:\\\/\\\/medicinasinc.com\\\/fi\\\/wp-content\\\/uploads\\\/sites\\\/12\\\/2022\\\/02\\\/Buy-India-Charas-Black-Hash.jpg\",\"contentUrl\":\"https:\\\/\\\/medicinasinc.com\\\/fi\\\/wp-content\\\/uploads\\\/sites\\\/12\\\/2022\\\/02\\\/Buy-India-Charas-Black-Hash.jpg\",\"width\":600,\"height\":600},{\"@type\":\"BreadcrumbList\",\"@id\":\"https:\\\/\\\/medicinasinc.com\\\/fi\\\/product\\\/osta-india-charas-black-hash\\\/#breadcrumb\",\"itemListElement\":[{\"@type\":\"ListItem\",\"position\":1,\"name\":\"Myym\u00e4l\u00e4\",\"item\":\"https:\\\/\\\/medicinasinc.com\\\/fi\\\/myymala\\\/\"},{\"@type\":\"ListItem\",\"position\":2,\"name\":\"Osta Intia Charas Black Hash\"}]},{\"@type\":\"WebSite\",\"@id\":\"https:\\\/\\\/medicinasinc.com\\\/fi\\\/#website\",\"url\":\"https:\\\/\\\/medicinasinc.com\\\/fi\\\/\",\"name\":\"Medicinas Inc\",\"description\":\"Health Medical Clinic\",\"potentialAction\":[{\"@type\":\"SearchAction\",\"target\":{\"@type\":\"EntryPoint\",\"urlTemplate\":\"https:\\\/\\\/medicinasinc.com\\\/fi\\\/?s={search_term_string}\"},\"query-input\":{\"@type\":\"PropertyValueSpecification\",\"valueRequired\":true,\"valueName\":\"search_term_string\"}}],\"inLanguage\":\"en-US\"}]}<\/script>\n<!-- \/ Yoast SEO plugin. -->","yoast_head_json":{"title":"Osta Intia Charas Black Hash - parhaat maailmanlaajuiset l\u00e4\u00e4kkeet","description":"Osta Intia Charas Black Hash verkosta. Helppo ty\u00f6skennell\u00e4, siin\u00e4 on ter\u00e4v\u00e4, mausteinen aromi ja voimakas kehon surina. Tilaa musta hash t\u00e4\u00e4lt\u00e4.","robots":{"index":"index","follow":"follow","max-snippet":"max-snippet:-1","max-image-preview":"max-image-preview:large","max-video-preview":"max-video-preview:-1"},"canonical":"https:\/\/medicinasinc.com\/fi\/product\/osta-india-charas-black-hash\/","og_locale":"en_US","og_type":"article","og_title":"Osta Intia Charas Black Hash - parhaat maailmanlaajuiset l\u00e4\u00e4kkeet","og_description":"Osta Intia Charas Black Hash verkosta. Helppo ty\u00f6skennell\u00e4, siin\u00e4 on ter\u00e4v\u00e4, mausteinen aromi ja voimakas kehon surina. Tilaa musta hash t\u00e4\u00e4lt\u00e4.","og_url":"https:\/\/medicinasinc.com\/fi\/product\/osta-india-charas-black-hash\/","og_site_name":"Medicinas Inc","article_modified_time":"2022-03-22T01:18:09+00:00","og_image":[{"width":600,"height":600,"url":"https:\/\/medicinasinc.com\/fi\/wp-content\/uploads\/sites\/12\/2022\/02\/Buy-India-Charas-Black-Hash.jpg","type":"image\/jpeg"}],"twitter_card":"summary_large_image","twitter_misc":{"Est. reading time":"2 minutes"},"schema":{"@context":"https:\/\/schema.org","@graph":[{"@type":"WebPage","@id":"https:\/\/medicinasinc.com\/fi\/product\/osta-india-charas-black-hash\/","url":"https:\/\/medicinasinc.com\/fi\/product\/osta-india-charas-black-hash\/","name":"Osta Intia Charas Black Hash - parhaat maailmanlaajuiset l\u00e4\u00e4kkeet","isPartOf":{"@id":"https:\/\/medicinasinc.com\/fi\/#website"},"primaryImageOfPage":{"@id":"https:\/\/medicinasinc.com\/fi\/product\/osta-india-charas-black-hash\/#primaryimage"},"image":{"@id":"https:\/\/medicinasinc.com\/fi\/product\/osta-india-charas-black-hash\/#primaryimage"},"thumbnailUrl":"https:\/\/medicinasinc.com\/fi\/wp-content\/uploads\/sites\/12\/2022\/02\/Buy-India-Charas-Black-Hash.jpg","datePublished":"2022-02-20T14:27:35+00:00","dateModified":"2022-03-22T01:18:09+00:00","description":"Osta Intia Charas Black Hash verkosta. Helppo ty\u00f6skennell\u00e4, siin\u00e4 on ter\u00e4v\u00e4, mausteinen aromi ja voimakas kehon surina. Tilaa musta hash t\u00e4\u00e4lt\u00e4.","breadcrumb":{"@id":"https:\/\/medicinasinc.com\/fi\/product\/osta-india-charas-black-hash\/#breadcrumb"},"inLanguage":"en-US","potentialAction":[{"@type":"ReadAction","target":["https:\/\/medicinasinc.com\/fi\/product\/osta-india-charas-black-hash\/"]}]},{"@type":"ImageObject","inLanguage":"en-US","@id":"https:\/\/medicinasinc.com\/fi\/product\/osta-india-charas-black-hash\/#primaryimage","url":"https:\/\/medicinasinc.com\/fi\/wp-content\/uploads\/sites\/12\/2022\/02\/Buy-India-Charas-Black-Hash.jpg","contentUrl":"https:\/\/medicinasinc.com\/fi\/wp-content\/uploads\/sites\/12\/2022\/02\/Buy-India-Charas-Black-Hash.jpg","width":600,"height":600},{"@type":"BreadcrumbList","@id":"https:\/\/medicinasinc.com\/fi\/product\/osta-india-charas-black-hash\/#breadcrumb","itemListElement":[{"@type":"ListItem","position":1,"name":"Myym\u00e4l\u00e4","item":"https:\/\/medicinasinc.com\/fi\/myymala\/"},{"@type":"ListItem","position":2,"name":"Osta Intia Charas Black Hash"}]},{"@type":"WebSite","@id":"https:\/\/medicinasinc.com\/fi\/#website","url":"https:\/\/medicinasinc.com\/fi\/","name":"Medicinas Inc","description":"Health Medical Clinic","potentialAction":[{"@type":"SearchAction","target":{"@type":"EntryPoint","urlTemplate":"https:\/\/medicinasinc.com\/fi\/?s={search_term_string}"},"query-input":{"@type":"PropertyValueSpecification","valueRequired":true,"valueName":"search_term_string"}}],"inLanguage":"en-US"}]}},"_links":{"self":[{"href":"https:\/\/medicinasinc.com\/fi\/wp-json\/wp\/v2\/product\/4667","targetHints":{"allow":["GET"]}}],"collection":[{"href":"https:\/\/medicinasinc.com\/fi\/wp-json\/wp\/v2\/product"}],"about":[{"href":"https:\/\/medicinasinc.com\/fi\/wp-json\/wp\/v2\/types\/product"}],"replies":[{"embeddable":true,"href":"https:\/\/medicinasinc.com\/fi\/wp-json\/wp\/v2\/comments?post=4667"}],"wp:featuredmedia":[{"embeddable":true,"href":"https:\/\/medicinasinc.com\/fi\/wp-json\/wp\/v2\/media\/4681"}],"wp:attachment":[{"href":"https:\/\/medicinasinc.com\/fi\/wp-json\/wp\/v2\/media?parent=4667"}],"wp:term":[{"taxonomy":"product_brand","embeddable":true,"href":"https:\/\/medicinasinc.com\/fi\/wp-json\/wp\/v2\/product_brand?post=4667"},{"taxonomy":"product_cat","embeddable":true,"href":"https:\/\/medicinasinc.com\/fi\/wp-json\/wp\/v2\/product_cat?post=4667"},{"taxonomy":"product_tag","embeddable":true,"href":"https:\/\/medicinasinc.com\/fi\/wp-json\/wp\/v2\/product_tag?post=4667"}],"curies":[{"name":"wp","href":"https:\/\/api.w.org\/{rel}","templated":true}]}}