{"id":4666,"date":"2022-02-20T14:26:53","date_gmt":"2022-02-20T14:26:53","guid":{"rendered":"https:\/\/medicinasinc.com\/fi\/?post_type=product&#038;p=4666"},"modified":"2022-03-22T01:18:17","modified_gmt":"2022-03-22T01:18:17","slug":"osta-jaa-hash-tikkuja","status":"publish","type":"product","link":"https:\/\/medicinasinc.com\/fi\/product\/osta-jaa-hash-tikkuja\/","title":{"rendered":"Osta Ice Hash Sticks"},"content":{"rendered":"<p>Ice Hash on saamassa nopeasti suosiota v\u00e4h\u00e4n huoltoa vaativana menetelm\u00e4n\u00e4 korkealaatuisen tiivisteen tuottamiseksi. Marihuana yhdistet\u00e4\u00e4n veteen ja suodatetaan sitten erityyppisten kankaiden l\u00e4pi. Tuloksena oleva hartsi on uskomaton. Hash Sticks j\u00e4\u00e4st\u00e4. Ice Hashin luomiseen on lukuisia menetelmi\u00e4. Voit ostaa Ice-o-laattoreita verkosta luodaksesi Ice Hash. Osta j\u00e4\u00e4st\u00e4 valmistettuja hash-tikkuja<\/p>\n<p>Kuinka hasis (Hash) m\u00e4\u00e4ritell\u00e4\u00e4n?<\/p>\n<p>&#8220;Hashis on psykoaktiivinen aine, joka on johdettu naaraspuolisen kannabiskasvin (pistillaatti) hartsirauhasista. [\u2026 ] Tavoitteena on erist\u00e4\u00e4 (ja siten konsentroida) THC:t\u00e4 sis\u00e4lt\u00e4v\u00e4 hartsi hasiksen tuottamiseksi.&#8221; J\u00e4\u00e4st\u00e4 tehdyt tiivistetikut<\/p>\n<p>Osta j\u00e4\u00e4hashtikkuja | Osta Ice Hash Sticks | Osta Ice Hash Sticks<\/p>\n<p>Yksinkertaisesti sanottuna hasis (jota kutsumme nyt hashiksi) on kannabiskasvin eristettyj\u00e4 hartsirauhasia. Viel\u00e4 yksinkertaisempaa hash on, kun hyv\u00e4 tahmea aines erotetaan kannabiksesta kokonaan itsest\u00e4\u00e4n. Hash on tietyss\u00e4 mieless\u00e4 tislattua kannabista! J\u00e4\u00e4st\u00e4 tehdyt hash-tangot<\/p>\n<p>Hashin valmistaminen kuivaj\u00e4\u00e4ll\u00e4 on yksinkertaisin, nopein ja tehokkain menetelm\u00e4 hartsin uuttamiseen kannabiksesta. Lyhyesti sanottuna t\u00e4m\u00e4 on yhteinen mielipiteemme. Dry Ice Hash on optimaalinen menetelm\u00e4 hashin tuotantoon. J\u00e4\u00e4st\u00e4 tehdyt hash-tikut<\/p>\n<p>&nbsp;<\/p>\n<p>Mik\u00e4 tekee Dry Ice Hashista ainutlaatuisen?<\/p>\n<p>Vaikka kaikki tiivisteet eiv\u00e4t ole identtisi\u00e4, monet ovat melko samanlaisia.<\/p>\n<p> &gt; <\/p>\n<p>Vesi hash \u2013 jota kutsutaan vaihtoehtoisesti ice hashiksi, kuplahaksiksi, gravity (Gumby) hashiksi ja kuivaj\u00e4\u00e4haksiksi \u2013 kaikki tuottavat eristettyj\u00e4 hartsirauhasia.<\/p>\n<p>J\u00e4\u00e4st\u00e4 tehdyt tiivisteet<\/p>\n<p>Vaikka monet menetelm\u00e4t tuottavat saman tai samanlaisen tuotteen, kuivaj\u00e4\u00e4n k\u00e4yt\u00f6ll\u00e4 on useita etuja muihin hartsin keruumenetelmiin verrattuna:<\/p>\n<p>Se on tarkoituksenmukaisempi kuin vaihtoehtoiset menetelm\u00e4t.<br \/> Voit Suorita kuivaj\u00e4\u00e4hash noin 1\/25:ss\u00e4 gravitaatiohajautuksen suorittamiseen kuluvasta ajasta! Vaikka esimerkki on \u00e4\u00e4rimm\u00e4inen, kuivaj\u00e4\u00e4hashin valmistaminen kest\u00e4\u00e4 vain muutaman minuutin ja on huomattavasti nopeampaa kuin muut menetelm\u00e4t. J\u00e4\u00e4st\u00e4 tehdyt hash-tikut<br \/> Se on naurettavan yksinkertaista, ja yksinkertaisuus merkitsee v\u00e4lit\u00f6nt\u00e4 tyydytyst\u00e4. Saat ensiluokkaista tiivistett\u00e4 alle 15 minuutiksi ravistamalla \u00e4mp\u00e4ri\u00e4 ja pussia.<br \/> Kosteutta ei ole!<br \/> T\u00e4m\u00e4 tarkoittaa, ett\u00e4 hartsi on heti valmis ravistelun j\u00e4lkeen!<\/p>\n","protected":false},"excerpt":{"rendered":"<div class=\"woocommerce-product-details__short-description\">\n<p>Ice Hash Sticks, joka tunnetaan my\u00f6s nimell\u00e4 Thai Sticks, on puhdas sativa maarotu, joka on per\u00e4isin Thaimaasta ja saapunut Yhdysvaltoihin 1970-luvulla.<\/p>\n<p>Ice Hash on saamassa nopeasti suosiota v\u00e4h\u00e4n huoltoa vaativana menetelm\u00e4n\u00e4 korkealaatuisen tiivisteen tuottamiseksi. Marihuana yhdistet\u00e4\u00e4n veteen ja suodatetaan sitten erityyppisten kankaiden l\u00e4pi. Tuloksena oleva hartsi on uskomaton. Hash Sticks j\u00e4\u00e4st\u00e4. Ice Hashin luomiseen on lukuisia menetelmi\u00e4. Voit ostaa Ice-o-laattoreita verkosta luodaksesi Ice Hash. Osta j\u00e4\u00e4st\u00e4 valmistettuja hash-tikkuja<\/p>\n<\/p><\/div>\n","protected":false},"featured_media":4679,"comment_status":"open","ping_status":"closed","template":"","meta":[],"product_brand":[],"product_cat":[610],"product_tag":[],"class_list":{"0":"post-4666","1":"product","2":"type-product","3":"status-publish","4":"has-post-thumbnail","6":"product_cat-osta-hash-hashish","8":"first","9":"instock","10":"shipping-taxable","11":"purchasable","12":"product-type-variable","13":"has-default-attributes"},"yoast_head":"<!-- This site is optimized with the Yoast SEO plugin v27.3 - https:\/\/yoast.com\/product\/yoast-seo-wordpress\/ -->\n<title>Osta Ice Hash Sticks - parhaat maailmanlaajuiset l\u00e4\u00e4kkeet<\/title>\n<meta name=\"description\" content=\"Osta Ice Hash Sticks myyt\u00e4v\u00e4n\u00e4 Iso-Britannia, Eurooppa Online, joka tunnetaan my\u00f6s nimell\u00e4 Thai Sticks, on puhdas sativa-maarotu, joka sai alkunsa Thaimaasta ja saapui Yhdysvaltoihin vasta 70-luvulla.\" \/>\n<meta name=\"robots\" content=\"index, follow, max-snippet:-1, max-image-preview:large, max-video-preview:-1\" \/>\n<link rel=\"canonical\" href=\"https:\/\/medicinasinc.com\/fi\/product\/osta-jaa-hash-tikkuja\/\" \/>\n<meta property=\"og:locale\" content=\"en_US\" \/>\n<meta property=\"og:type\" content=\"article\" \/>\n<meta property=\"og:title\" content=\"Osta Ice Hash Sticks - parhaat maailmanlaajuiset l\u00e4\u00e4kkeet\" \/>\n<meta property=\"og:description\" content=\"Osta Ice Hash Sticks myyt\u00e4v\u00e4n\u00e4 Iso-Britannia, Eurooppa Online, joka tunnetaan my\u00f6s nimell\u00e4 Thai Sticks, on puhdas sativa-maarotu, joka sai alkunsa Thaimaasta ja saapui Yhdysvaltoihin vasta 70-luvulla.\" \/>\n<meta property=\"og:url\" content=\"https:\/\/medicinasinc.com\/fi\/product\/osta-jaa-hash-tikkuja\/\" \/>\n<meta property=\"og:site_name\" content=\"Medicinas Inc\" \/>\n<meta property=\"article:modified_time\" content=\"2022-03-22T01:18:17+00:00\" \/>\n<meta property=\"og:image\" content=\"https:\/\/medicinasinc.com\/fi\/wp-content\/uploads\/sites\/12\/2022\/02\/Buy-Ice-Hash-Sticks.jpg\" \/>\n\t<meta property=\"og:image:width\" content=\"600\" \/>\n\t<meta property=\"og:image:height\" content=\"600\" \/>\n\t<meta property=\"og:image:type\" content=\"image\/jpeg\" \/>\n<meta name=\"twitter:card\" content=\"summary_large_image\" \/>\n<meta name=\"twitter:label1\" content=\"Est. reading time\" \/>\n\t<meta name=\"twitter:data1\" content=\"2 minutes\" \/>\n<script type=\"application\/ld+json\" class=\"yoast-schema-graph\">{\"@context\":\"https:\\\/\\\/schema.org\",\"@graph\":[{\"@type\":\"WebPage\",\"@id\":\"https:\\\/\\\/medicinasinc.com\\\/fi\\\/product\\\/osta-jaa-hash-tikkuja\\\/\",\"url\":\"https:\\\/\\\/medicinasinc.com\\\/fi\\\/product\\\/osta-jaa-hash-tikkuja\\\/\",\"name\":\"Osta Ice Hash Sticks - parhaat maailmanlaajuiset l\u00e4\u00e4kkeet\",\"isPartOf\":{\"@id\":\"https:\\\/\\\/medicinasinc.com\\\/fi\\\/#website\"},\"primaryImageOfPage\":{\"@id\":\"https:\\\/\\\/medicinasinc.com\\\/fi\\\/product\\\/osta-jaa-hash-tikkuja\\\/#primaryimage\"},\"image\":{\"@id\":\"https:\\\/\\\/medicinasinc.com\\\/fi\\\/product\\\/osta-jaa-hash-tikkuja\\\/#primaryimage\"},\"thumbnailUrl\":\"https:\\\/\\\/medicinasinc.com\\\/fi\\\/wp-content\\\/uploads\\\/sites\\\/12\\\/2022\\\/02\\\/Buy-Ice-Hash-Sticks.jpg\",\"datePublished\":\"2022-02-20T14:26:53+00:00\",\"dateModified\":\"2022-03-22T01:18:17+00:00\",\"description\":\"Osta Ice Hash Sticks myyt\u00e4v\u00e4n\u00e4 Iso-Britannia, Eurooppa Online, joka tunnetaan my\u00f6s nimell\u00e4 Thai Sticks, on puhdas sativa-maarotu, joka sai alkunsa Thaimaasta ja saapui Yhdysvaltoihin vasta 70-luvulla.\",\"breadcrumb\":{\"@id\":\"https:\\\/\\\/medicinasinc.com\\\/fi\\\/product\\\/osta-jaa-hash-tikkuja\\\/#breadcrumb\"},\"inLanguage\":\"en-US\",\"potentialAction\":[{\"@type\":\"ReadAction\",\"target\":[\"https:\\\/\\\/medicinasinc.com\\\/fi\\\/product\\\/osta-jaa-hash-tikkuja\\\/\"]}]},{\"@type\":\"ImageObject\",\"inLanguage\":\"en-US\",\"@id\":\"https:\\\/\\\/medicinasinc.com\\\/fi\\\/product\\\/osta-jaa-hash-tikkuja\\\/#primaryimage\",\"url\":\"https:\\\/\\\/medicinasinc.com\\\/fi\\\/wp-content\\\/uploads\\\/sites\\\/12\\\/2022\\\/02\\\/Buy-Ice-Hash-Sticks.jpg\",\"contentUrl\":\"https:\\\/\\\/medicinasinc.com\\\/fi\\\/wp-content\\\/uploads\\\/sites\\\/12\\\/2022\\\/02\\\/Buy-Ice-Hash-Sticks.jpg\",\"width\":600,\"height\":600},{\"@type\":\"BreadcrumbList\",\"@id\":\"https:\\\/\\\/medicinasinc.com\\\/fi\\\/product\\\/osta-jaa-hash-tikkuja\\\/#breadcrumb\",\"itemListElement\":[{\"@type\":\"ListItem\",\"position\":1,\"name\":\"Myym\u00e4l\u00e4\",\"item\":\"https:\\\/\\\/medicinasinc.com\\\/fi\\\/myymala\\\/\"},{\"@type\":\"ListItem\",\"position\":2,\"name\":\"Osta Ice Hash Sticks\"}]},{\"@type\":\"WebSite\",\"@id\":\"https:\\\/\\\/medicinasinc.com\\\/fi\\\/#website\",\"url\":\"https:\\\/\\\/medicinasinc.com\\\/fi\\\/\",\"name\":\"Medicinas Inc\",\"description\":\"Health Medical Clinic\",\"potentialAction\":[{\"@type\":\"SearchAction\",\"target\":{\"@type\":\"EntryPoint\",\"urlTemplate\":\"https:\\\/\\\/medicinasinc.com\\\/fi\\\/?s={search_term_string}\"},\"query-input\":{\"@type\":\"PropertyValueSpecification\",\"valueRequired\":true,\"valueName\":\"search_term_string\"}}],\"inLanguage\":\"en-US\"}]}<\/script>\n<!-- \/ Yoast SEO plugin. -->","yoast_head_json":{"title":"Osta Ice Hash Sticks - parhaat maailmanlaajuiset l\u00e4\u00e4kkeet","description":"Osta Ice Hash Sticks myyt\u00e4v\u00e4n\u00e4 Iso-Britannia, Eurooppa Online, joka tunnetaan my\u00f6s nimell\u00e4 Thai Sticks, on puhdas sativa-maarotu, joka sai alkunsa Thaimaasta ja saapui Yhdysvaltoihin vasta 70-luvulla.","robots":{"index":"index","follow":"follow","max-snippet":"max-snippet:-1","max-image-preview":"max-image-preview:large","max-video-preview":"max-video-preview:-1"},"canonical":"https:\/\/medicinasinc.com\/fi\/product\/osta-jaa-hash-tikkuja\/","og_locale":"en_US","og_type":"article","og_title":"Osta Ice Hash Sticks - parhaat maailmanlaajuiset l\u00e4\u00e4kkeet","og_description":"Osta Ice Hash Sticks myyt\u00e4v\u00e4n\u00e4 Iso-Britannia, Eurooppa Online, joka tunnetaan my\u00f6s nimell\u00e4 Thai Sticks, on puhdas sativa-maarotu, joka sai alkunsa Thaimaasta ja saapui Yhdysvaltoihin vasta 70-luvulla.","og_url":"https:\/\/medicinasinc.com\/fi\/product\/osta-jaa-hash-tikkuja\/","og_site_name":"Medicinas Inc","article_modified_time":"2022-03-22T01:18:17+00:00","og_image":[{"width":600,"height":600,"url":"https:\/\/medicinasinc.com\/fi\/wp-content\/uploads\/sites\/12\/2022\/02\/Buy-Ice-Hash-Sticks.jpg","type":"image\/jpeg"}],"twitter_card":"summary_large_image","twitter_misc":{"Est. reading time":"2 minutes"},"schema":{"@context":"https:\/\/schema.org","@graph":[{"@type":"WebPage","@id":"https:\/\/medicinasinc.com\/fi\/product\/osta-jaa-hash-tikkuja\/","url":"https:\/\/medicinasinc.com\/fi\/product\/osta-jaa-hash-tikkuja\/","name":"Osta Ice Hash Sticks - parhaat maailmanlaajuiset l\u00e4\u00e4kkeet","isPartOf":{"@id":"https:\/\/medicinasinc.com\/fi\/#website"},"primaryImageOfPage":{"@id":"https:\/\/medicinasinc.com\/fi\/product\/osta-jaa-hash-tikkuja\/#primaryimage"},"image":{"@id":"https:\/\/medicinasinc.com\/fi\/product\/osta-jaa-hash-tikkuja\/#primaryimage"},"thumbnailUrl":"https:\/\/medicinasinc.com\/fi\/wp-content\/uploads\/sites\/12\/2022\/02\/Buy-Ice-Hash-Sticks.jpg","datePublished":"2022-02-20T14:26:53+00:00","dateModified":"2022-03-22T01:18:17+00:00","description":"Osta Ice Hash Sticks myyt\u00e4v\u00e4n\u00e4 Iso-Britannia, Eurooppa Online, joka tunnetaan my\u00f6s nimell\u00e4 Thai Sticks, on puhdas sativa-maarotu, joka sai alkunsa Thaimaasta ja saapui Yhdysvaltoihin vasta 70-luvulla.","breadcrumb":{"@id":"https:\/\/medicinasinc.com\/fi\/product\/osta-jaa-hash-tikkuja\/#breadcrumb"},"inLanguage":"en-US","potentialAction":[{"@type":"ReadAction","target":["https:\/\/medicinasinc.com\/fi\/product\/osta-jaa-hash-tikkuja\/"]}]},{"@type":"ImageObject","inLanguage":"en-US","@id":"https:\/\/medicinasinc.com\/fi\/product\/osta-jaa-hash-tikkuja\/#primaryimage","url":"https:\/\/medicinasinc.com\/fi\/wp-content\/uploads\/sites\/12\/2022\/02\/Buy-Ice-Hash-Sticks.jpg","contentUrl":"https:\/\/medicinasinc.com\/fi\/wp-content\/uploads\/sites\/12\/2022\/02\/Buy-Ice-Hash-Sticks.jpg","width":600,"height":600},{"@type":"BreadcrumbList","@id":"https:\/\/medicinasinc.com\/fi\/product\/osta-jaa-hash-tikkuja\/#breadcrumb","itemListElement":[{"@type":"ListItem","position":1,"name":"Myym\u00e4l\u00e4","item":"https:\/\/medicinasinc.com\/fi\/myymala\/"},{"@type":"ListItem","position":2,"name":"Osta Ice Hash Sticks"}]},{"@type":"WebSite","@id":"https:\/\/medicinasinc.com\/fi\/#website","url":"https:\/\/medicinasinc.com\/fi\/","name":"Medicinas Inc","description":"Health Medical Clinic","potentialAction":[{"@type":"SearchAction","target":{"@type":"EntryPoint","urlTemplate":"https:\/\/medicinasinc.com\/fi\/?s={search_term_string}"},"query-input":{"@type":"PropertyValueSpecification","valueRequired":true,"valueName":"search_term_string"}}],"inLanguage":"en-US"}]}},"_links":{"self":[{"href":"https:\/\/medicinasinc.com\/fi\/wp-json\/wp\/v2\/product\/4666","targetHints":{"allow":["GET"]}}],"collection":[{"href":"https:\/\/medicinasinc.com\/fi\/wp-json\/wp\/v2\/product"}],"about":[{"href":"https:\/\/medicinasinc.com\/fi\/wp-json\/wp\/v2\/types\/product"}],"replies":[{"embeddable":true,"href":"https:\/\/medicinasinc.com\/fi\/wp-json\/wp\/v2\/comments?post=4666"}],"wp:featuredmedia":[{"embeddable":true,"href":"https:\/\/medicinasinc.com\/fi\/wp-json\/wp\/v2\/media\/4679"}],"wp:attachment":[{"href":"https:\/\/medicinasinc.com\/fi\/wp-json\/wp\/v2\/media?parent=4666"}],"wp:term":[{"taxonomy":"product_brand","embeddable":true,"href":"https:\/\/medicinasinc.com\/fi\/wp-json\/wp\/v2\/product_brand?post=4666"},{"taxonomy":"product_cat","embeddable":true,"href":"https:\/\/medicinasinc.com\/fi\/wp-json\/wp\/v2\/product_cat?post=4666"},{"taxonomy":"product_tag","embeddable":true,"href":"https:\/\/medicinasinc.com\/fi\/wp-json\/wp\/v2\/product_tag?post=4666"}],"curies":[{"name":"wp","href":"https:\/\/api.w.org\/{rel}","templated":true}]}}