{"id":4651,"date":"2022-02-20T14:16:39","date_gmt":"2022-02-20T14:16:39","guid":{"rendered":"https:\/\/medicinasinc.com\/fi\/?post_type=product&#038;p=4651"},"modified":"2022-03-22T01:18:36","modified_gmt":"2022-03-22T01:18:36","slug":"osta-gelato-hash-verkosta","status":"publish","type":"product","link":"https:\/\/medicinasinc.com\/fi\/product\/osta-gelato-hash-verkosta\/","title":{"rendered":"Osta Gelato Hash verkosta"},"content":{"rendered":"<p>Osta Gelato Hashia verkosta Yhdistyneess\u00e4 kuningaskunnassa<\/p>\n<p>T\u00e4n\u00e4\u00e4n Astra Weed tarjoaa Gelato Hashia verkkomyyntiin Isossa-Britanniassa ja Euroopassa. Gelato-hash on herkullista herkkua hasiksen autuaan maailman yst\u00e4ville ja uusille tulokkaille. Yksi kannabiksen maineikkaimmista ja kest\u00e4vimmist\u00e4 perinteist\u00e4. T\u00e4m\u00e4 hash on valmistettu kukista, joita on kuivattu kahdeksan viikkoa. T\u00e4m\u00e4 hasis on korkealaatuisinta.<\/p>\n","protected":false},"excerpt":{"rendered":"<p>Osta Gelato Hash myyt\u00e4v\u00e4n\u00e4 verkossa Isossa-Britanniassa, Euroopassa! Gelato-hash on jotain maukasta hash-tutkijoillemme ja niille, jotka haluavat uskaltaa hasiksen autuaan maailmaan.<\/p>\n<p>Toimitus maailmanlaajuisesti<\/p>\n<ul>\n<li><strong>Arvo: AAAAA<\/strong> &gt;<\/li>\n<li><strong>Ota yhteytt\u00e4<\/strong>\u00a0jos tarvitset suurempia tilauksia.<\/li>\n<\/ul>\n","protected":false},"featured_media":4663,"comment_status":"open","ping_status":"closed","template":"","meta":[],"product_brand":[],"product_cat":[610],"product_tag":[],"class_list":{"0":"post-4651","1":"product","2":"type-product","3":"status-publish","4":"has-post-thumbnail","6":"product_cat-osta-hash-hashish","8":"first","9":"instock","10":"shipping-taxable","11":"purchasable","12":"product-type-variable","13":"has-default-attributes"},"yoast_head":"<!-- This site is optimized with the Yoast SEO plugin v27.3 - https:\/\/yoast.com\/product\/yoast-seo-wordpress\/ -->\n<title>Osta Gelato Hash verkossa - parhaat maailmanlaajuiset l\u00e4\u00e4kkeet<\/title>\n<meta name=\"description\" content=\"Osta Gelato Hash myyt\u00e4v\u00e4n\u00e4 verkossa Isossa-Britanniassa, Euroopassa! Gelato-kansi hash on jotain maukasta hash-tutkijoillemme ja niille, jotka haluavat seikkailla hasiksen autuaaseen maailmaan.\" \/>\n<meta name=\"robots\" content=\"index, follow, max-snippet:-1, max-image-preview:large, max-video-preview:-1\" \/>\n<link rel=\"canonical\" href=\"https:\/\/medicinasinc.com\/fi\/product\/osta-gelato-hash-verkosta\/\" \/>\n<meta property=\"og:locale\" content=\"en_US\" \/>\n<meta property=\"og:type\" content=\"article\" \/>\n<meta property=\"og:title\" content=\"Osta Gelato Hash verkossa - parhaat maailmanlaajuiset l\u00e4\u00e4kkeet\" \/>\n<meta property=\"og:description\" content=\"Osta Gelato Hash myyt\u00e4v\u00e4n\u00e4 verkossa Isossa-Britanniassa, Euroopassa! Gelato-kansi hash on jotain maukasta hash-tutkijoillemme ja niille, jotka haluavat seikkailla hasiksen autuaaseen maailmaan.\" \/>\n<meta property=\"og:url\" content=\"https:\/\/medicinasinc.com\/fi\/product\/osta-gelato-hash-verkosta\/\" \/>\n<meta property=\"og:site_name\" content=\"Medicinas Inc\" \/>\n<meta property=\"article:modified_time\" content=\"2022-03-22T01:18:36+00:00\" \/>\n<meta property=\"og:image\" content=\"https:\/\/medicinasinc.com\/fi\/wp-content\/uploads\/sites\/12\/2022\/02\/Buy-Gelato-Hash-Online.jpg\" \/>\n\t<meta property=\"og:image:width\" content=\"600\" \/>\n\t<meta property=\"og:image:height\" content=\"600\" \/>\n\t<meta property=\"og:image:type\" content=\"image\/jpeg\" \/>\n<meta name=\"twitter:card\" content=\"summary_large_image\" \/>\n<meta name=\"twitter:label1\" content=\"Est. reading time\" \/>\n\t<meta name=\"twitter:data1\" content=\"1 minute\" \/>\n<script type=\"application\/ld+json\" class=\"yoast-schema-graph\">{\"@context\":\"https:\\\/\\\/schema.org\",\"@graph\":[{\"@type\":\"WebPage\",\"@id\":\"https:\\\/\\\/medicinasinc.com\\\/fi\\\/product\\\/osta-gelato-hash-verkosta\\\/\",\"url\":\"https:\\\/\\\/medicinasinc.com\\\/fi\\\/product\\\/osta-gelato-hash-verkosta\\\/\",\"name\":\"Osta Gelato Hash verkossa - parhaat maailmanlaajuiset l\u00e4\u00e4kkeet\",\"isPartOf\":{\"@id\":\"https:\\\/\\\/medicinasinc.com\\\/fi\\\/#website\"},\"primaryImageOfPage\":{\"@id\":\"https:\\\/\\\/medicinasinc.com\\\/fi\\\/product\\\/osta-gelato-hash-verkosta\\\/#primaryimage\"},\"image\":{\"@id\":\"https:\\\/\\\/medicinasinc.com\\\/fi\\\/product\\\/osta-gelato-hash-verkosta\\\/#primaryimage\"},\"thumbnailUrl\":\"https:\\\/\\\/medicinasinc.com\\\/fi\\\/wp-content\\\/uploads\\\/sites\\\/12\\\/2022\\\/02\\\/Buy-Gelato-Hash-Online.jpg\",\"datePublished\":\"2022-02-20T14:16:39+00:00\",\"dateModified\":\"2022-03-22T01:18:36+00:00\",\"description\":\"Osta Gelato Hash myyt\u00e4v\u00e4n\u00e4 verkossa Isossa-Britanniassa, Euroopassa! Gelato-kansi hash on jotain maukasta hash-tutkijoillemme ja niille, jotka haluavat seikkailla hasiksen autuaaseen maailmaan.\",\"breadcrumb\":{\"@id\":\"https:\\\/\\\/medicinasinc.com\\\/fi\\\/product\\\/osta-gelato-hash-verkosta\\\/#breadcrumb\"},\"inLanguage\":\"en-US\",\"potentialAction\":[{\"@type\":\"ReadAction\",\"target\":[\"https:\\\/\\\/medicinasinc.com\\\/fi\\\/product\\\/osta-gelato-hash-verkosta\\\/\"]}]},{\"@type\":\"ImageObject\",\"inLanguage\":\"en-US\",\"@id\":\"https:\\\/\\\/medicinasinc.com\\\/fi\\\/product\\\/osta-gelato-hash-verkosta\\\/#primaryimage\",\"url\":\"https:\\\/\\\/medicinasinc.com\\\/fi\\\/wp-content\\\/uploads\\\/sites\\\/12\\\/2022\\\/02\\\/Buy-Gelato-Hash-Online.jpg\",\"contentUrl\":\"https:\\\/\\\/medicinasinc.com\\\/fi\\\/wp-content\\\/uploads\\\/sites\\\/12\\\/2022\\\/02\\\/Buy-Gelato-Hash-Online.jpg\",\"width\":600,\"height\":600},{\"@type\":\"BreadcrumbList\",\"@id\":\"https:\\\/\\\/medicinasinc.com\\\/fi\\\/product\\\/osta-gelato-hash-verkosta\\\/#breadcrumb\",\"itemListElement\":[{\"@type\":\"ListItem\",\"position\":1,\"name\":\"Myym\u00e4l\u00e4\",\"item\":\"https:\\\/\\\/medicinasinc.com\\\/fi\\\/myymala\\\/\"},{\"@type\":\"ListItem\",\"position\":2,\"name\":\"Osta Gelato Hash verkosta\"}]},{\"@type\":\"WebSite\",\"@id\":\"https:\\\/\\\/medicinasinc.com\\\/fi\\\/#website\",\"url\":\"https:\\\/\\\/medicinasinc.com\\\/fi\\\/\",\"name\":\"Medicinas Inc\",\"description\":\"Health Medical Clinic\",\"potentialAction\":[{\"@type\":\"SearchAction\",\"target\":{\"@type\":\"EntryPoint\",\"urlTemplate\":\"https:\\\/\\\/medicinasinc.com\\\/fi\\\/?s={search_term_string}\"},\"query-input\":{\"@type\":\"PropertyValueSpecification\",\"valueRequired\":true,\"valueName\":\"search_term_string\"}}],\"inLanguage\":\"en-US\"}]}<\/script>\n<!-- \/ Yoast SEO plugin. -->","yoast_head_json":{"title":"Osta Gelato Hash verkossa - parhaat maailmanlaajuiset l\u00e4\u00e4kkeet","description":"Osta Gelato Hash myyt\u00e4v\u00e4n\u00e4 verkossa Isossa-Britanniassa, Euroopassa! Gelato-kansi hash on jotain maukasta hash-tutkijoillemme ja niille, jotka haluavat seikkailla hasiksen autuaaseen maailmaan.","robots":{"index":"index","follow":"follow","max-snippet":"max-snippet:-1","max-image-preview":"max-image-preview:large","max-video-preview":"max-video-preview:-1"},"canonical":"https:\/\/medicinasinc.com\/fi\/product\/osta-gelato-hash-verkosta\/","og_locale":"en_US","og_type":"article","og_title":"Osta Gelato Hash verkossa - parhaat maailmanlaajuiset l\u00e4\u00e4kkeet","og_description":"Osta Gelato Hash myyt\u00e4v\u00e4n\u00e4 verkossa Isossa-Britanniassa, Euroopassa! Gelato-kansi hash on jotain maukasta hash-tutkijoillemme ja niille, jotka haluavat seikkailla hasiksen autuaaseen maailmaan.","og_url":"https:\/\/medicinasinc.com\/fi\/product\/osta-gelato-hash-verkosta\/","og_site_name":"Medicinas Inc","article_modified_time":"2022-03-22T01:18:36+00:00","og_image":[{"width":600,"height":600,"url":"https:\/\/medicinasinc.com\/fi\/wp-content\/uploads\/sites\/12\/2022\/02\/Buy-Gelato-Hash-Online.jpg","type":"image\/jpeg"}],"twitter_card":"summary_large_image","twitter_misc":{"Est. reading time":"1 minute"},"schema":{"@context":"https:\/\/schema.org","@graph":[{"@type":"WebPage","@id":"https:\/\/medicinasinc.com\/fi\/product\/osta-gelato-hash-verkosta\/","url":"https:\/\/medicinasinc.com\/fi\/product\/osta-gelato-hash-verkosta\/","name":"Osta Gelato Hash verkossa - parhaat maailmanlaajuiset l\u00e4\u00e4kkeet","isPartOf":{"@id":"https:\/\/medicinasinc.com\/fi\/#website"},"primaryImageOfPage":{"@id":"https:\/\/medicinasinc.com\/fi\/product\/osta-gelato-hash-verkosta\/#primaryimage"},"image":{"@id":"https:\/\/medicinasinc.com\/fi\/product\/osta-gelato-hash-verkosta\/#primaryimage"},"thumbnailUrl":"https:\/\/medicinasinc.com\/fi\/wp-content\/uploads\/sites\/12\/2022\/02\/Buy-Gelato-Hash-Online.jpg","datePublished":"2022-02-20T14:16:39+00:00","dateModified":"2022-03-22T01:18:36+00:00","description":"Osta Gelato Hash myyt\u00e4v\u00e4n\u00e4 verkossa Isossa-Britanniassa, Euroopassa! Gelato-kansi hash on jotain maukasta hash-tutkijoillemme ja niille, jotka haluavat seikkailla hasiksen autuaaseen maailmaan.","breadcrumb":{"@id":"https:\/\/medicinasinc.com\/fi\/product\/osta-gelato-hash-verkosta\/#breadcrumb"},"inLanguage":"en-US","potentialAction":[{"@type":"ReadAction","target":["https:\/\/medicinasinc.com\/fi\/product\/osta-gelato-hash-verkosta\/"]}]},{"@type":"ImageObject","inLanguage":"en-US","@id":"https:\/\/medicinasinc.com\/fi\/product\/osta-gelato-hash-verkosta\/#primaryimage","url":"https:\/\/medicinasinc.com\/fi\/wp-content\/uploads\/sites\/12\/2022\/02\/Buy-Gelato-Hash-Online.jpg","contentUrl":"https:\/\/medicinasinc.com\/fi\/wp-content\/uploads\/sites\/12\/2022\/02\/Buy-Gelato-Hash-Online.jpg","width":600,"height":600},{"@type":"BreadcrumbList","@id":"https:\/\/medicinasinc.com\/fi\/product\/osta-gelato-hash-verkosta\/#breadcrumb","itemListElement":[{"@type":"ListItem","position":1,"name":"Myym\u00e4l\u00e4","item":"https:\/\/medicinasinc.com\/fi\/myymala\/"},{"@type":"ListItem","position":2,"name":"Osta Gelato Hash verkosta"}]},{"@type":"WebSite","@id":"https:\/\/medicinasinc.com\/fi\/#website","url":"https:\/\/medicinasinc.com\/fi\/","name":"Medicinas Inc","description":"Health Medical Clinic","potentialAction":[{"@type":"SearchAction","target":{"@type":"EntryPoint","urlTemplate":"https:\/\/medicinasinc.com\/fi\/?s={search_term_string}"},"query-input":{"@type":"PropertyValueSpecification","valueRequired":true,"valueName":"search_term_string"}}],"inLanguage":"en-US"}]}},"_links":{"self":[{"href":"https:\/\/medicinasinc.com\/fi\/wp-json\/wp\/v2\/product\/4651","targetHints":{"allow":["GET"]}}],"collection":[{"href":"https:\/\/medicinasinc.com\/fi\/wp-json\/wp\/v2\/product"}],"about":[{"href":"https:\/\/medicinasinc.com\/fi\/wp-json\/wp\/v2\/types\/product"}],"replies":[{"embeddable":true,"href":"https:\/\/medicinasinc.com\/fi\/wp-json\/wp\/v2\/comments?post=4651"}],"wp:featuredmedia":[{"embeddable":true,"href":"https:\/\/medicinasinc.com\/fi\/wp-json\/wp\/v2\/media\/4663"}],"wp:attachment":[{"href":"https:\/\/medicinasinc.com\/fi\/wp-json\/wp\/v2\/media?parent=4651"}],"wp:term":[{"taxonomy":"product_brand","embeddable":true,"href":"https:\/\/medicinasinc.com\/fi\/wp-json\/wp\/v2\/product_brand?post=4651"},{"taxonomy":"product_cat","embeddable":true,"href":"https:\/\/medicinasinc.com\/fi\/wp-json\/wp\/v2\/product_cat?post=4651"},{"taxonomy":"product_tag","embeddable":true,"href":"https:\/\/medicinasinc.com\/fi\/wp-json\/wp\/v2\/product_tag?post=4651"}],"curies":[{"name":"wp","href":"https:\/\/api.w.org\/{rel}","templated":true}]}}