{"id":4627,"date":"2022-02-20T13:57:00","date_gmt":"2022-02-20T13:57:00","guid":{"rendered":"https:\/\/medicinasinc.com\/fi\/?post_type=product&#038;p=4627"},"modified":"2022-03-22T01:19:05","modified_gmt":"2022-03-22T01:19:05","slug":"osta-bc-hash","status":"publish","type":"product","link":"https:\/\/medicinasinc.com\/fi\/product\/osta-bc-hash\/","title":{"rendered":"Osta BC Hash"},"content":{"rendered":"<div class=\"woocommerce-tabs wc-tabs-wrapper\">\n<div id=\"tab-description\" class=\"woocommerce-Tabs-panel woocommerce-Tabs-panel--description panel entry-content wc-tab\" role=\"tabpanel\" aria-labelledby=\"tab-title-description\">\n<p>BC-Hashia voi ostaa verkosta.<\/p>\n<p>Haluatko kokeilla jotain uutta t\u00e4n\u00e4\u00e4n? Suosittelemme tutustumaan t\u00e4h\u00e4n korkealaatuiseen hashiin, joka on suosittu sek\u00e4 aloittelevien ett\u00e4 kokeneiden marihuanan k\u00e4ytt\u00e4jien keskuudessa. BC-Hashia voi ostaa verkosta.<\/p>\n<p>BC Hashilla on selke\u00e4 m\u00e4nnyn tuoksu ja maku.<\/p>\n<p>Vaikka monet ihmiset odottavat vahvaa tuoksua, tosiasia on, ett\u00e4 se on melko mieto, joten T\u00e4m\u00e4 tuote on my\u00f6s varsin k\u00e4yt\u00e4nn\u00f6llinen. Parasta on, ett\u00e4 huippu ei ala heti, joten voit ottaa aikaa ja odottaa sen kest\u00e4v\u00e4n pitk\u00e4\u00e4n. T\u00e4m\u00e4 on erinomainen vaihtoehto niille, jotka etsiv\u00e4t rentoutumisp\u00e4iv\u00e4\u00e4 sek\u00e4 niille, jotka haluavat torjua ahdistusta. Toimitamme Yhdysvaltoihin, Isoon-Britanniaan, Australiaan, Kanadaan ja Eurooppaan sek\u00e4 kansainv\u00e4lisesti.<\/p>\n<\/p><\/div><\/div>\n","protected":false},"excerpt":{"rendered":"<p>Osta BC Hash myyt\u00e4v\u00e4n\u00e4 Isossa-Britanniassa verkossa parhaimmillaan maailmanlaajuisesti. Tilaa hash \u00f6ljytuotteita ja BC hash. Osta weed verkosta t\u00e4\u00e4lt\u00e4 ja saat nopean toimituksen kaikkialle Eurooppaan, Isoon-Britanniaan.<\/p>\n<p>&nbsp;<\/p>\n<ul>\n<li>Maailmanlaajuinen toimitus<\/li>\n<li><strong>Arvo: AAAA<\/p>\n<p> strong&gt;<\/li>\n<li><strong>Ota yhteytt\u00e4<\/strong>\u00a0jos tarvitset suurempia tilauksia.<\/li>\n<\/ul>\n","protected":false},"featured_media":4639,"comment_status":"open","ping_status":"closed","template":"","meta":[],"product_brand":[],"product_cat":[610],"product_tag":[611,612,614,615,616,617,621,624,625,454,455,627,631,632,635,461,640,642,643,645,646,647,648,649,650,651,653,654,657,659,658,656,682,661,662,664,665,652,666,667,668,670,669,671,672,679,620,641,618,622,619,626,634,636,637,630,628,629,633,459,638,639,475,644,473,470,623,613,660,663,681,680,655,673,676,674,675,678,677],"class_list":{"0":"post-4627","1":"product","2":"type-product","3":"status-publish","4":"has-post-thumbnail","6":"product_cat-osta-hash-hashish","7":"product_tag-420-postimyynti-marihuana-usa","8":"product_tag-420-postimyynti-usa","9":"product_tag-best-online-dispensary","10":"product_tag-buy-cannabis-oil-online","11":"product_tag-buy-cannabis-online-kuwait","12":"product_tag-buy-cannabis-online-malaysia","13":"product_tag-buy-hash-oil-online-australia","14":"product_tag-buy-kush-online","15":"product_tag-buy-kush-online-usa","16":"product_tag-buy-marijuana-edibles-online","17":"product_tag-buy-marijuana-online","18":"product_tag-buy-marijuana-online-australia","19":"product_tag-buy-marijuana-online-latin-american","20":"product_tag-buy-marijuana-online-malaysia","21":"product_tag-buy-marijuana-online-with-worldwide-shipping","22":"product_tag-buy-medical-marijuana-online","23":"product_tag-buy-moon-rocks-online","24":"product_tag-buy-shatter-wax-online","25":"product_tag-buy-thc-oil-online","26":"product_tag-buy-wax-online-with-worldwide-shipping","27":"product_tag-buy-weed-edibles-online","28":"product_tag-buy-weed-online-asia","29":"product_tag-buy-weed-online-australia","30":"product_tag-buy-weed-online-usa","31":"product_tag-buy-weed-online-with-worldwide-shipping","32":"product_tag-buy-weed-wax-online-with-worldwide-shipping","33":"product_tag-buying-weed-online-usa-reviews","34":"product_tag-california-dispensary-shipping-worldwide","35":"product_tag-legit-online-apteekki","36":"product_tag-legit-online-dispensary-shipping-worldwide","37":"product_tag-legit-online-dispensary-shipping-usa","38":"product_tag-laillinen-marihuana-myynniss-usa","39":"product_tag-maailmanlaajuinen-kannabis-verkkokauppa","40":"product_tag-mail-order-marijuana-online-usa","41":"product_tag-mail-order-marijuana-online-with-worldwide-shipping","42":"product_tag-marihuana-myynniss-usa","43":"product_tag-marihuana-online-usa","44":"product_tag-ostaa-marihuana-verkosta-usa","45":"product_tag-online-dispensary-shipping","46":"product_tag-online-dispansary-shipping-uk","47":"product_tag-online-dispansary-shipping-usa","48":"product_tag-online-apteekki-lhetys-worldwide-arvostelut","49":"product_tag-online-apteekki-toimitus-maailmanlaajuinen","50":"product_tag-order-kush-online-usa","51":"product_tag-order-marijuana-online","52":"product_tag-order-weed-online-usa","53":"product_tag-osta-dabs-online-postitilaus","54":"product_tag-osta-valssatut-liitokset-verkosta","55":"product_tag-osta-halpa-weed-online-usa","56":"product_tag-osta-hash-online-uk","57":"product_tag-buy-dabs-online","58":"product_tag-osta-laillinen-weed-verkosta","59":"product_tag-osta-marihuana-verkossa-uk","60":"product_tag-osta-marihuana-shatter-wax-online-ja-maailmanlaajuinen-toimitus","61":"product_tag-osta-marihuana-shatterwax-verkosta-ja-maailmanlaajuinen-toimitus","62":"product_tag-osta-marihuana-verkosta-hillitty-pakkaus","63":"product_tag-osta-marihuana-verkosta-brasilia","64":"product_tag-osta-marihuana-verkosta-ca","65":"product_tag-osta-marihuana-verkosta-lhi-it","66":"product_tag-osta-marihuana-verkosta-usa","67":"product_tag-osta-marihuana-vaha-verkosta-australia","68":"product_tag-osta-marihuana-vaha-verkosta-uk","69":"product_tag-osta-weed-online-uk","70":"product_tag-osta-thc-wax-verkosta","71":"product_tag-osta-weed-online-europe","72":"product_tag-osta-weed-online-c3-a4","73":"product_tag-osta-korkea-thc-kannabisljy-verkosta","74":"product_tag-paras-marihuana-verkkokauppa-usa","75":"product_tag-postimyynti-marihuana-verkossa","76":"product_tag-postimyynti-weed-online-ja-maailmanlaajuinen-toimitus","77":"product_tag-weed-for-sale-online-usa","78":"product_tag-tilaus-weed-verkosta-usa","79":"product_tag-sytvt-tuotteet-maailmanlaajuinen-toimitus","80":"product_tag-tilaa-marihuana-verkosta-europe","81":"product_tag-tilaa-marihuana-verkosta-maailmanlaajuinen-toimitus","82":"product_tag-tilaa-marihuana-verkossa-ranska","83":"product_tag-tilaa-marihuana-verkossa-usa","84":"product_tag-tilaa-weed-verkosta","85":"product_tag-order-shatter-online-usa","87":"first","88":"instock","89":"shipping-taxable","90":"purchasable","91":"product-type-variable","92":"has-default-attributes"},"yoast_head":"<!-- This site is optimized with the Yoast SEO plugin v27.3 - https:\/\/yoast.com\/product\/yoast-seo-wordpress\/ -->\n<title>Osta BC Hash verkossa - parhaat maailmanlaajuiset l\u00e4\u00e4kkeet<\/title>\n<meta name=\"description\" content=\"Osta BC Hash myyt\u00e4v\u00e4n\u00e4 Isossa-Britanniassa verkossa parhaimmillaan maailmanlaajuisesti. Tilaa hash \u00f6ljytuotteita ja BC hash. Osta weed verkosta t\u00e4\u00e4lt\u00e4 ja saat nopean toimituksen kaikkialle Eurooppaan, Iso-Britanniaan.\" \/>\n<meta name=\"robots\" content=\"index, follow, max-snippet:-1, max-image-preview:large, max-video-preview:-1\" \/>\n<link rel=\"canonical\" href=\"https:\/\/medicinasinc.com\/fi\/product\/osta-bc-hash\/\" \/>\n<meta property=\"og:locale\" content=\"en_US\" \/>\n<meta property=\"og:type\" content=\"article\" \/>\n<meta property=\"og:title\" content=\"Osta BC Hash verkossa - parhaat maailmanlaajuiset l\u00e4\u00e4kkeet\" \/>\n<meta property=\"og:description\" content=\"Osta BC Hash myyt\u00e4v\u00e4n\u00e4 Isossa-Britanniassa verkossa parhaimmillaan maailmanlaajuisesti. Tilaa hash \u00f6ljytuotteita ja BC hash. Osta weed verkosta t\u00e4\u00e4lt\u00e4 ja saat nopean toimituksen kaikkialle Eurooppaan, Iso-Britanniaan.\" \/>\n<meta property=\"og:url\" content=\"https:\/\/medicinasinc.com\/fi\/product\/osta-bc-hash\/\" \/>\n<meta property=\"og:site_name\" content=\"Medicinas Inc\" \/>\n<meta property=\"article:modified_time\" content=\"2022-03-22T01:19:05+00:00\" \/>\n<meta property=\"og:image\" content=\"https:\/\/medicinasinc.com\/fi\/wp-content\/uploads\/sites\/12\/2022\/02\/Buy-BC-Hash.jpg\" \/>\n\t<meta property=\"og:image:width\" content=\"600\" \/>\n\t<meta property=\"og:image:height\" content=\"600\" \/>\n\t<meta property=\"og:image:type\" content=\"image\/jpeg\" \/>\n<meta name=\"twitter:card\" content=\"summary_large_image\" \/>\n<meta name=\"twitter:label1\" content=\"Est. reading time\" \/>\n\t<meta name=\"twitter:data1\" content=\"1 minute\" \/>\n<script type=\"application\/ld+json\" class=\"yoast-schema-graph\">{\"@context\":\"https:\\\/\\\/schema.org\",\"@graph\":[{\"@type\":\"WebPage\",\"@id\":\"https:\\\/\\\/medicinasinc.com\\\/fi\\\/product\\\/osta-bc-hash\\\/\",\"url\":\"https:\\\/\\\/medicinasinc.com\\\/fi\\\/product\\\/osta-bc-hash\\\/\",\"name\":\"Osta BC Hash verkossa - parhaat maailmanlaajuiset l\u00e4\u00e4kkeet\",\"isPartOf\":{\"@id\":\"https:\\\/\\\/medicinasinc.com\\\/fi\\\/#website\"},\"primaryImageOfPage\":{\"@id\":\"https:\\\/\\\/medicinasinc.com\\\/fi\\\/product\\\/osta-bc-hash\\\/#primaryimage\"},\"image\":{\"@id\":\"https:\\\/\\\/medicinasinc.com\\\/fi\\\/product\\\/osta-bc-hash\\\/#primaryimage\"},\"thumbnailUrl\":\"https:\\\/\\\/medicinasinc.com\\\/fi\\\/wp-content\\\/uploads\\\/sites\\\/12\\\/2022\\\/02\\\/Buy-BC-Hash.jpg\",\"datePublished\":\"2022-02-20T13:57:00+00:00\",\"dateModified\":\"2022-03-22T01:19:05+00:00\",\"description\":\"Osta BC Hash myyt\u00e4v\u00e4n\u00e4 Isossa-Britanniassa verkossa parhaimmillaan maailmanlaajuisesti. Tilaa hash \u00f6ljytuotteita ja BC hash. Osta weed verkosta t\u00e4\u00e4lt\u00e4 ja saat nopean toimituksen kaikkialle Eurooppaan, Iso-Britanniaan.\",\"breadcrumb\":{\"@id\":\"https:\\\/\\\/medicinasinc.com\\\/fi\\\/product\\\/osta-bc-hash\\\/#breadcrumb\"},\"inLanguage\":\"en-US\",\"potentialAction\":[{\"@type\":\"ReadAction\",\"target\":[\"https:\\\/\\\/medicinasinc.com\\\/fi\\\/product\\\/osta-bc-hash\\\/\"]}]},{\"@type\":\"ImageObject\",\"inLanguage\":\"en-US\",\"@id\":\"https:\\\/\\\/medicinasinc.com\\\/fi\\\/product\\\/osta-bc-hash\\\/#primaryimage\",\"url\":\"https:\\\/\\\/medicinasinc.com\\\/fi\\\/wp-content\\\/uploads\\\/sites\\\/12\\\/2022\\\/02\\\/Buy-BC-Hash.jpg\",\"contentUrl\":\"https:\\\/\\\/medicinasinc.com\\\/fi\\\/wp-content\\\/uploads\\\/sites\\\/12\\\/2022\\\/02\\\/Buy-BC-Hash.jpg\",\"width\":600,\"height\":600},{\"@type\":\"BreadcrumbList\",\"@id\":\"https:\\\/\\\/medicinasinc.com\\\/fi\\\/product\\\/osta-bc-hash\\\/#breadcrumb\",\"itemListElement\":[{\"@type\":\"ListItem\",\"position\":1,\"name\":\"Myym\u00e4l\u00e4\",\"item\":\"https:\\\/\\\/medicinasinc.com\\\/fi\\\/myymala\\\/\"},{\"@type\":\"ListItem\",\"position\":2,\"name\":\"Osta BC Hash\"}]},{\"@type\":\"WebSite\",\"@id\":\"https:\\\/\\\/medicinasinc.com\\\/fi\\\/#website\",\"url\":\"https:\\\/\\\/medicinasinc.com\\\/fi\\\/\",\"name\":\"Medicinas Inc\",\"description\":\"Health Medical Clinic\",\"potentialAction\":[{\"@type\":\"SearchAction\",\"target\":{\"@type\":\"EntryPoint\",\"urlTemplate\":\"https:\\\/\\\/medicinasinc.com\\\/fi\\\/?s={search_term_string}\"},\"query-input\":{\"@type\":\"PropertyValueSpecification\",\"valueRequired\":true,\"valueName\":\"search_term_string\"}}],\"inLanguage\":\"en-US\"}]}<\/script>\n<!-- \/ Yoast SEO plugin. -->","yoast_head_json":{"title":"Osta BC Hash verkossa - parhaat maailmanlaajuiset l\u00e4\u00e4kkeet","description":"Osta BC Hash myyt\u00e4v\u00e4n\u00e4 Isossa-Britanniassa verkossa parhaimmillaan maailmanlaajuisesti. Tilaa hash \u00f6ljytuotteita ja BC hash. Osta weed verkosta t\u00e4\u00e4lt\u00e4 ja saat nopean toimituksen kaikkialle Eurooppaan, Iso-Britanniaan.","robots":{"index":"index","follow":"follow","max-snippet":"max-snippet:-1","max-image-preview":"max-image-preview:large","max-video-preview":"max-video-preview:-1"},"canonical":"https:\/\/medicinasinc.com\/fi\/product\/osta-bc-hash\/","og_locale":"en_US","og_type":"article","og_title":"Osta BC Hash verkossa - parhaat maailmanlaajuiset l\u00e4\u00e4kkeet","og_description":"Osta BC Hash myyt\u00e4v\u00e4n\u00e4 Isossa-Britanniassa verkossa parhaimmillaan maailmanlaajuisesti. Tilaa hash \u00f6ljytuotteita ja BC hash. Osta weed verkosta t\u00e4\u00e4lt\u00e4 ja saat nopean toimituksen kaikkialle Eurooppaan, Iso-Britanniaan.","og_url":"https:\/\/medicinasinc.com\/fi\/product\/osta-bc-hash\/","og_site_name":"Medicinas Inc","article_modified_time":"2022-03-22T01:19:05+00:00","og_image":[{"width":600,"height":600,"url":"https:\/\/medicinasinc.com\/fi\/wp-content\/uploads\/sites\/12\/2022\/02\/Buy-BC-Hash.jpg","type":"image\/jpeg"}],"twitter_card":"summary_large_image","twitter_misc":{"Est. reading time":"1 minute"},"schema":{"@context":"https:\/\/schema.org","@graph":[{"@type":"WebPage","@id":"https:\/\/medicinasinc.com\/fi\/product\/osta-bc-hash\/","url":"https:\/\/medicinasinc.com\/fi\/product\/osta-bc-hash\/","name":"Osta BC Hash verkossa - parhaat maailmanlaajuiset l\u00e4\u00e4kkeet","isPartOf":{"@id":"https:\/\/medicinasinc.com\/fi\/#website"},"primaryImageOfPage":{"@id":"https:\/\/medicinasinc.com\/fi\/product\/osta-bc-hash\/#primaryimage"},"image":{"@id":"https:\/\/medicinasinc.com\/fi\/product\/osta-bc-hash\/#primaryimage"},"thumbnailUrl":"https:\/\/medicinasinc.com\/fi\/wp-content\/uploads\/sites\/12\/2022\/02\/Buy-BC-Hash.jpg","datePublished":"2022-02-20T13:57:00+00:00","dateModified":"2022-03-22T01:19:05+00:00","description":"Osta BC Hash myyt\u00e4v\u00e4n\u00e4 Isossa-Britanniassa verkossa parhaimmillaan maailmanlaajuisesti. Tilaa hash \u00f6ljytuotteita ja BC hash. Osta weed verkosta t\u00e4\u00e4lt\u00e4 ja saat nopean toimituksen kaikkialle Eurooppaan, Iso-Britanniaan.","breadcrumb":{"@id":"https:\/\/medicinasinc.com\/fi\/product\/osta-bc-hash\/#breadcrumb"},"inLanguage":"en-US","potentialAction":[{"@type":"ReadAction","target":["https:\/\/medicinasinc.com\/fi\/product\/osta-bc-hash\/"]}]},{"@type":"ImageObject","inLanguage":"en-US","@id":"https:\/\/medicinasinc.com\/fi\/product\/osta-bc-hash\/#primaryimage","url":"https:\/\/medicinasinc.com\/fi\/wp-content\/uploads\/sites\/12\/2022\/02\/Buy-BC-Hash.jpg","contentUrl":"https:\/\/medicinasinc.com\/fi\/wp-content\/uploads\/sites\/12\/2022\/02\/Buy-BC-Hash.jpg","width":600,"height":600},{"@type":"BreadcrumbList","@id":"https:\/\/medicinasinc.com\/fi\/product\/osta-bc-hash\/#breadcrumb","itemListElement":[{"@type":"ListItem","position":1,"name":"Myym\u00e4l\u00e4","item":"https:\/\/medicinasinc.com\/fi\/myymala\/"},{"@type":"ListItem","position":2,"name":"Osta BC Hash"}]},{"@type":"WebSite","@id":"https:\/\/medicinasinc.com\/fi\/#website","url":"https:\/\/medicinasinc.com\/fi\/","name":"Medicinas Inc","description":"Health Medical Clinic","potentialAction":[{"@type":"SearchAction","target":{"@type":"EntryPoint","urlTemplate":"https:\/\/medicinasinc.com\/fi\/?s={search_term_string}"},"query-input":{"@type":"PropertyValueSpecification","valueRequired":true,"valueName":"search_term_string"}}],"inLanguage":"en-US"}]}},"_links":{"self":[{"href":"https:\/\/medicinasinc.com\/fi\/wp-json\/wp\/v2\/product\/4627","targetHints":{"allow":["GET"]}}],"collection":[{"href":"https:\/\/medicinasinc.com\/fi\/wp-json\/wp\/v2\/product"}],"about":[{"href":"https:\/\/medicinasinc.com\/fi\/wp-json\/wp\/v2\/types\/product"}],"replies":[{"embeddable":true,"href":"https:\/\/medicinasinc.com\/fi\/wp-json\/wp\/v2\/comments?post=4627"}],"wp:featuredmedia":[{"embeddable":true,"href":"https:\/\/medicinasinc.com\/fi\/wp-json\/wp\/v2\/media\/4639"}],"wp:attachment":[{"href":"https:\/\/medicinasinc.com\/fi\/wp-json\/wp\/v2\/media?parent=4627"}],"wp:term":[{"taxonomy":"product_brand","embeddable":true,"href":"https:\/\/medicinasinc.com\/fi\/wp-json\/wp\/v2\/product_brand?post=4627"},{"taxonomy":"product_cat","embeddable":true,"href":"https:\/\/medicinasinc.com\/fi\/wp-json\/wp\/v2\/product_cat?post=4627"},{"taxonomy":"product_tag","embeddable":true,"href":"https:\/\/medicinasinc.com\/fi\/wp-json\/wp\/v2\/product_tag?post=4627"}],"curies":[{"name":"wp","href":"https:\/\/api.w.org\/{rel}","templated":true}]}}