{"id":4610,"date":"2022-02-20T13:45:31","date_gmt":"2022-02-20T13:45:31","guid":{"rendered":"https:\/\/medicinasinc.com\/fi\/?post_type=product&#038;p=4610"},"modified":"2022-03-22T01:19:20","modified_gmt":"2022-03-22T01:19:20","slug":"tilaa-valkoiset-mercedes-ecstasy-pillerit","status":"publish","type":"product","link":"https:\/\/medicinasinc.com\/fi\/product\/tilaa-valkoiset-mercedes-ecstasy-pillerit\/","title":{"rendered":"Tilaa valkoisia Mercedes-ecstasy-pillereit\u00e4"},"content":{"rendered":"<h1>Tilaa valkoisia Mercedes-ecstasy-pillereit\u00e4 verkosta 295 mg<\/h1>\n<table style=\"height: 70px\" width=\"686\">\n<tbody>\n<tr>\n<th>V\u00e4ri:<\/th>\n<td>Off White <\/td>\n<\/tr>\n<tr>\n<th>Koko:<\/th>\n<td>295 mg<\/td>\n<\/tr>\n<\/tbody>\n<\/table>\n","protected":false},"excerpt":{"rendered":"<div class=\"woocommerce-product-details__short-description\">\n<p>Osta valkoisia Mercedes-ecstasy-pillereit\u00e4 Myyt\u00e4v\u00e4n\u00e4 Isossa-Britanniassa, Euroopassa parhailla hinnoilla, takaamme huomaamattoman ja turvallisen toimituksen maailmanlaajuisesti seuratulla l\u00e4hetyksell\u00e4<\/p>\n<p><strong>Minimitilaus<\/strong><strong> on 50 pilleri\u00e4.<\/strong><\/p>\n<\/p><\/div>\n","protected":false},"featured_media":4623,"comment_status":"open","ping_status":"closed","template":"","meta":[],"product_brand":[],"product_cat":[498],"product_tag":[],"class_list":{"0":"post-4610","1":"product","2":"type-product","3":"status-publish","4":"has-post-thumbnail","6":"product_cat-osta-ecstasy-pillereit","8":"first","9":"instock","10":"shipping-taxable","11":"purchasable","12":"product-type-variable","13":"has-default-attributes"},"yoast_head":"<!-- This site is optimized with the Yoast SEO plugin v27.3 - https:\/\/yoast.com\/product\/yoast-seo-wordpress\/ -->\n<title>Osta valkoisia Mercedes-ecstasy-pillereit\u00e4 verkosta \u2013 parhaat maailmanlaajuiset l\u00e4\u00e4kkeet<\/title>\n<meta name=\"description\" content=\"Osta White Mercedes ecstasy Pills Myyt\u00e4v\u00e4n\u00e4 Isossa-Britanniassa, Euroopassa parhailla hinnoilla, takaamme huomaamattoman ja turvallisen toimituksen maailmanlaajuisesti seuratulla ja j\u00e4ljitetyll\u00e4 l\u00e4hetyksell\u00e4\" \/>\n<meta name=\"robots\" content=\"index, follow, max-snippet:-1, max-image-preview:large, max-video-preview:-1\" \/>\n<link rel=\"canonical\" href=\"https:\/\/medicinasinc.com\/fi\/product\/tilaa-valkoiset-mercedes-ecstasy-pillerit\/\" \/>\n<meta property=\"og:locale\" content=\"en_US\" \/>\n<meta property=\"og:type\" content=\"article\" \/>\n<meta property=\"og:title\" content=\"Osta valkoisia Mercedes-ecstasy-pillereit\u00e4 verkosta \u2013 parhaat maailmanlaajuiset l\u00e4\u00e4kkeet\" \/>\n<meta property=\"og:description\" content=\"Osta White Mercedes ecstasy Pills Myyt\u00e4v\u00e4n\u00e4 Isossa-Britanniassa, Euroopassa parhailla hinnoilla, takaamme huomaamattoman ja turvallisen toimituksen maailmanlaajuisesti seuratulla ja j\u00e4ljitetyll\u00e4 l\u00e4hetyksell\u00e4\" \/>\n<meta property=\"og:url\" content=\"https:\/\/medicinasinc.com\/fi\/product\/tilaa-valkoiset-mercedes-ecstasy-pillerit\/\" \/>\n<meta property=\"og:site_name\" content=\"Medicinas Inc\" \/>\n<meta property=\"article:modified_time\" content=\"2022-03-22T01:19:20+00:00\" \/>\n<meta property=\"og:image\" content=\"https:\/\/medicinasinc.com\/fi\/wp-content\/uploads\/sites\/12\/2022\/02\/order-white-mercedes-ecstasy-pills-online.jpg\" \/>\n\t<meta property=\"og:image:width\" content=\"600\" \/>\n\t<meta property=\"og:image:height\" content=\"600\" \/>\n\t<meta property=\"og:image:type\" content=\"image\/jpeg\" \/>\n<meta name=\"twitter:card\" content=\"summary_large_image\" \/>\n<meta name=\"twitter:label1\" content=\"Est. reading time\" \/>\n\t<meta name=\"twitter:data1\" content=\"1 minute\" \/>\n<script type=\"application\/ld+json\" class=\"yoast-schema-graph\">{\"@context\":\"https:\\\/\\\/schema.org\",\"@graph\":[{\"@type\":\"WebPage\",\"@id\":\"https:\\\/\\\/medicinasinc.com\\\/fi\\\/product\\\/tilaa-valkoiset-mercedes-ecstasy-pillerit\\\/\",\"url\":\"https:\\\/\\\/medicinasinc.com\\\/fi\\\/product\\\/tilaa-valkoiset-mercedes-ecstasy-pillerit\\\/\",\"name\":\"Osta valkoisia Mercedes-ecstasy-pillereit\u00e4 verkosta \u2013 parhaat maailmanlaajuiset l\u00e4\u00e4kkeet\",\"isPartOf\":{\"@id\":\"https:\\\/\\\/medicinasinc.com\\\/fi\\\/#website\"},\"primaryImageOfPage\":{\"@id\":\"https:\\\/\\\/medicinasinc.com\\\/fi\\\/product\\\/tilaa-valkoiset-mercedes-ecstasy-pillerit\\\/#primaryimage\"},\"image\":{\"@id\":\"https:\\\/\\\/medicinasinc.com\\\/fi\\\/product\\\/tilaa-valkoiset-mercedes-ecstasy-pillerit\\\/#primaryimage\"},\"thumbnailUrl\":\"https:\\\/\\\/medicinasinc.com\\\/fi\\\/wp-content\\\/uploads\\\/sites\\\/12\\\/2022\\\/02\\\/order-white-mercedes-ecstasy-pills-online.jpg\",\"datePublished\":\"2022-02-20T13:45:31+00:00\",\"dateModified\":\"2022-03-22T01:19:20+00:00\",\"description\":\"Osta White Mercedes ecstasy Pills Myyt\u00e4v\u00e4n\u00e4 Isossa-Britanniassa, Euroopassa parhailla hinnoilla, takaamme huomaamattoman ja turvallisen toimituksen maailmanlaajuisesti seuratulla ja j\u00e4ljitetyll\u00e4 l\u00e4hetyksell\u00e4\",\"breadcrumb\":{\"@id\":\"https:\\\/\\\/medicinasinc.com\\\/fi\\\/product\\\/tilaa-valkoiset-mercedes-ecstasy-pillerit\\\/#breadcrumb\"},\"inLanguage\":\"en-US\",\"potentialAction\":[{\"@type\":\"ReadAction\",\"target\":[\"https:\\\/\\\/medicinasinc.com\\\/fi\\\/product\\\/tilaa-valkoiset-mercedes-ecstasy-pillerit\\\/\"]}]},{\"@type\":\"ImageObject\",\"inLanguage\":\"en-US\",\"@id\":\"https:\\\/\\\/medicinasinc.com\\\/fi\\\/product\\\/tilaa-valkoiset-mercedes-ecstasy-pillerit\\\/#primaryimage\",\"url\":\"https:\\\/\\\/medicinasinc.com\\\/fi\\\/wp-content\\\/uploads\\\/sites\\\/12\\\/2022\\\/02\\\/order-white-mercedes-ecstasy-pills-online.jpg\",\"contentUrl\":\"https:\\\/\\\/medicinasinc.com\\\/fi\\\/wp-content\\\/uploads\\\/sites\\\/12\\\/2022\\\/02\\\/order-white-mercedes-ecstasy-pills-online.jpg\",\"width\":600,\"height\":600},{\"@type\":\"BreadcrumbList\",\"@id\":\"https:\\\/\\\/medicinasinc.com\\\/fi\\\/product\\\/tilaa-valkoiset-mercedes-ecstasy-pillerit\\\/#breadcrumb\",\"itemListElement\":[{\"@type\":\"ListItem\",\"position\":1,\"name\":\"Myym\u00e4l\u00e4\",\"item\":\"https:\\\/\\\/medicinasinc.com\\\/fi\\\/myymala\\\/\"},{\"@type\":\"ListItem\",\"position\":2,\"name\":\"Tilaa valkoisia Mercedes-ecstasy-pillereit\u00e4\"}]},{\"@type\":\"WebSite\",\"@id\":\"https:\\\/\\\/medicinasinc.com\\\/fi\\\/#website\",\"url\":\"https:\\\/\\\/medicinasinc.com\\\/fi\\\/\",\"name\":\"Medicinas Inc\",\"description\":\"Health Medical Clinic\",\"potentialAction\":[{\"@type\":\"SearchAction\",\"target\":{\"@type\":\"EntryPoint\",\"urlTemplate\":\"https:\\\/\\\/medicinasinc.com\\\/fi\\\/?s={search_term_string}\"},\"query-input\":{\"@type\":\"PropertyValueSpecification\",\"valueRequired\":true,\"valueName\":\"search_term_string\"}}],\"inLanguage\":\"en-US\"}]}<\/script>\n<!-- \/ Yoast SEO plugin. -->","yoast_head_json":{"title":"Osta valkoisia Mercedes-ecstasy-pillereit\u00e4 verkosta \u2013 parhaat maailmanlaajuiset l\u00e4\u00e4kkeet","description":"Osta White Mercedes ecstasy Pills Myyt\u00e4v\u00e4n\u00e4 Isossa-Britanniassa, Euroopassa parhailla hinnoilla, takaamme huomaamattoman ja turvallisen toimituksen maailmanlaajuisesti seuratulla ja j\u00e4ljitetyll\u00e4 l\u00e4hetyksell\u00e4","robots":{"index":"index","follow":"follow","max-snippet":"max-snippet:-1","max-image-preview":"max-image-preview:large","max-video-preview":"max-video-preview:-1"},"canonical":"https:\/\/medicinasinc.com\/fi\/product\/tilaa-valkoiset-mercedes-ecstasy-pillerit\/","og_locale":"en_US","og_type":"article","og_title":"Osta valkoisia Mercedes-ecstasy-pillereit\u00e4 verkosta \u2013 parhaat maailmanlaajuiset l\u00e4\u00e4kkeet","og_description":"Osta White Mercedes ecstasy Pills Myyt\u00e4v\u00e4n\u00e4 Isossa-Britanniassa, Euroopassa parhailla hinnoilla, takaamme huomaamattoman ja turvallisen toimituksen maailmanlaajuisesti seuratulla ja j\u00e4ljitetyll\u00e4 l\u00e4hetyksell\u00e4","og_url":"https:\/\/medicinasinc.com\/fi\/product\/tilaa-valkoiset-mercedes-ecstasy-pillerit\/","og_site_name":"Medicinas Inc","article_modified_time":"2022-03-22T01:19:20+00:00","og_image":[{"width":600,"height":600,"url":"https:\/\/medicinasinc.com\/fi\/wp-content\/uploads\/sites\/12\/2022\/02\/order-white-mercedes-ecstasy-pills-online.jpg","type":"image\/jpeg"}],"twitter_card":"summary_large_image","twitter_misc":{"Est. reading time":"1 minute"},"schema":{"@context":"https:\/\/schema.org","@graph":[{"@type":"WebPage","@id":"https:\/\/medicinasinc.com\/fi\/product\/tilaa-valkoiset-mercedes-ecstasy-pillerit\/","url":"https:\/\/medicinasinc.com\/fi\/product\/tilaa-valkoiset-mercedes-ecstasy-pillerit\/","name":"Osta valkoisia Mercedes-ecstasy-pillereit\u00e4 verkosta \u2013 parhaat maailmanlaajuiset l\u00e4\u00e4kkeet","isPartOf":{"@id":"https:\/\/medicinasinc.com\/fi\/#website"},"primaryImageOfPage":{"@id":"https:\/\/medicinasinc.com\/fi\/product\/tilaa-valkoiset-mercedes-ecstasy-pillerit\/#primaryimage"},"image":{"@id":"https:\/\/medicinasinc.com\/fi\/product\/tilaa-valkoiset-mercedes-ecstasy-pillerit\/#primaryimage"},"thumbnailUrl":"https:\/\/medicinasinc.com\/fi\/wp-content\/uploads\/sites\/12\/2022\/02\/order-white-mercedes-ecstasy-pills-online.jpg","datePublished":"2022-02-20T13:45:31+00:00","dateModified":"2022-03-22T01:19:20+00:00","description":"Osta White Mercedes ecstasy Pills Myyt\u00e4v\u00e4n\u00e4 Isossa-Britanniassa, Euroopassa parhailla hinnoilla, takaamme huomaamattoman ja turvallisen toimituksen maailmanlaajuisesti seuratulla ja j\u00e4ljitetyll\u00e4 l\u00e4hetyksell\u00e4","breadcrumb":{"@id":"https:\/\/medicinasinc.com\/fi\/product\/tilaa-valkoiset-mercedes-ecstasy-pillerit\/#breadcrumb"},"inLanguage":"en-US","potentialAction":[{"@type":"ReadAction","target":["https:\/\/medicinasinc.com\/fi\/product\/tilaa-valkoiset-mercedes-ecstasy-pillerit\/"]}]},{"@type":"ImageObject","inLanguage":"en-US","@id":"https:\/\/medicinasinc.com\/fi\/product\/tilaa-valkoiset-mercedes-ecstasy-pillerit\/#primaryimage","url":"https:\/\/medicinasinc.com\/fi\/wp-content\/uploads\/sites\/12\/2022\/02\/order-white-mercedes-ecstasy-pills-online.jpg","contentUrl":"https:\/\/medicinasinc.com\/fi\/wp-content\/uploads\/sites\/12\/2022\/02\/order-white-mercedes-ecstasy-pills-online.jpg","width":600,"height":600},{"@type":"BreadcrumbList","@id":"https:\/\/medicinasinc.com\/fi\/product\/tilaa-valkoiset-mercedes-ecstasy-pillerit\/#breadcrumb","itemListElement":[{"@type":"ListItem","position":1,"name":"Myym\u00e4l\u00e4","item":"https:\/\/medicinasinc.com\/fi\/myymala\/"},{"@type":"ListItem","position":2,"name":"Tilaa valkoisia Mercedes-ecstasy-pillereit\u00e4"}]},{"@type":"WebSite","@id":"https:\/\/medicinasinc.com\/fi\/#website","url":"https:\/\/medicinasinc.com\/fi\/","name":"Medicinas Inc","description":"Health Medical Clinic","potentialAction":[{"@type":"SearchAction","target":{"@type":"EntryPoint","urlTemplate":"https:\/\/medicinasinc.com\/fi\/?s={search_term_string}"},"query-input":{"@type":"PropertyValueSpecification","valueRequired":true,"valueName":"search_term_string"}}],"inLanguage":"en-US"}]}},"_links":{"self":[{"href":"https:\/\/medicinasinc.com\/fi\/wp-json\/wp\/v2\/product\/4610","targetHints":{"allow":["GET"]}}],"collection":[{"href":"https:\/\/medicinasinc.com\/fi\/wp-json\/wp\/v2\/product"}],"about":[{"href":"https:\/\/medicinasinc.com\/fi\/wp-json\/wp\/v2\/types\/product"}],"replies":[{"embeddable":true,"href":"https:\/\/medicinasinc.com\/fi\/wp-json\/wp\/v2\/comments?post=4610"}],"wp:featuredmedia":[{"embeddable":true,"href":"https:\/\/medicinasinc.com\/fi\/wp-json\/wp\/v2\/media\/4623"}],"wp:attachment":[{"href":"https:\/\/medicinasinc.com\/fi\/wp-json\/wp\/v2\/media?parent=4610"}],"wp:term":[{"taxonomy":"product_brand","embeddable":true,"href":"https:\/\/medicinasinc.com\/fi\/wp-json\/wp\/v2\/product_brand?post=4610"},{"taxonomy":"product_cat","embeddable":true,"href":"https:\/\/medicinasinc.com\/fi\/wp-json\/wp\/v2\/product_cat?post=4610"},{"taxonomy":"product_tag","embeddable":true,"href":"https:\/\/medicinasinc.com\/fi\/wp-json\/wp\/v2\/product_tag?post=4610"}],"curies":[{"name":"wp","href":"https:\/\/api.w.org\/{rel}","templated":true}]}}