{"id":4609,"date":"2022-02-20T13:44:35","date_gmt":"2022-02-20T13:44:35","guid":{"rendered":"https:\/\/medicinasinc.com\/fi\/?post_type=product&#038;p=4609"},"modified":"2022-03-22T01:19:29","modified_gmt":"2022-03-22T01:19:29","slug":"osta-oikea-vihrea-omena-ecstasy-pillerit","status":"publish","type":"product","link":"https:\/\/medicinasinc.com\/fi\/product\/osta-oikea-vihrea-omena-ecstasy-pillerit\/","title":{"rendered":"Osta Real Green Apple -ecstasy-pillereit\u00e4"},"content":{"rendered":"<p>Osta Genuine Green Apple Ecstasy verkosta.<\/p>\n<p>Olet varma, ett\u00e4 olet tunnettu t\u00e4st\u00e4 aksioomasta. &#8220;Omena p\u00e4iv\u00e4ss\u00e4 karkottaa asiantuntijan&#8221;, kuuluu sananlasku. Ottaen huomioon omenoiden sy\u00f6miseen liittyv\u00e4t lukuisat terveyshy\u00f6dyt, t\u00e4m\u00e4 ravitsemussanonta ei v\u00e4ltt\u00e4m\u00e4tt\u00e4 ole liian kaukana merkist\u00e4. T\u00e4ss\u00e4 on muutamia vihreiden omenoiden sy\u00f6miseen liittyvi\u00e4 terveyshy\u00f6tyj\u00e4.<\/p>\n<p>Omenoiden kulutuksen on osoitettu parantavan syd\u00e4men terveytt\u00e4 ja v\u00e4hent\u00e4v\u00e4n riski\u00e4 sairastua syd\u00e4n- ja verisuonitauteihin.<\/p>\n<p>Tarkka mekanismi mitk\u00e4 omenat parantavat syd\u00e4men terveytt\u00e4, on sekava. Yksi mahdollinen selitys on, ett\u00e4 omenat sis\u00e4lt\u00e4v\u00e4t runsaasti ravintokuitua, mik\u00e4 on yhdistetty LDL-kolesterolin alentamiseen.<\/p>\n<p>V\u00e4henn\u00e4 riski\u00e4 sairastua tyypin 2 diabetekseen<\/p>\n<p>Sy\u00f6 vain v\u00e4h\u00e4n Er\u00e4\u00e4n tutkimuksen mukaan muutama vihre\u00e4 omena viikossa voi v\u00e4hent\u00e4\u00e4 riski\u00e4si sairastua tyypin 2 diabetekseen; lis\u00e4tutkimuksia on kuitenkin teht\u00e4v\u00e4. On edelleen ep\u00e4selv\u00e4\u00e4, auttavatko vihreiden omenoiden yhdisteet yksil\u00f6it\u00e4 hallitsemaan diabetesoireitaan.<\/p>\n<p>Koska vihre\u00e4ll\u00e4 omenalla on monia etuja, my\u00f6s vihre\u00e4n omenan pillereill\u00e4 on monia etuja. Vihre\u00e4omenapillereist\u00e4 pit\u00e4isi keskustella.<br \/> Jos nautit tuoreen omenamehun juomisesta kuumana kes\u00e4p\u00e4iv\u00e4n\u00e4, Green and Apple -pillerit lis\u00e4\u00e4v\u00e4t kokemustasi ja tyytyv\u00e4isyytt\u00e4si parilla pyk\u00e4l\u00e4ll\u00e4. Valmistettu Washingtonissa vihreiden omenapillereill\u00e4, ryhm\u00e4 on infusoinut n\u00e4ihin pillereihin osavaltion parasta kannabista.<\/p>\n<p>THC:t\u00e4 voi olla vaikea polttaa l\u00e4pi annostelun n\u00e4k\u00f6kulmasta, varsinkin jos pidikkeit\u00e4 ei ole merkitty poikkeuksellisen hyvin. Green Apple -pillerit ovat muuttaneet t\u00e4m\u00e4n kaiken, sill\u00e4 ne tarjoavat nyt kolme erilaista kantaa tunnetusta 12 unssin sekoituksesta eri vahvuuksilla. Merkitt\u00e4v\u00e4t ly\u00f6j\u00e4t arvostavat heid\u00e4n maadoitettua sekoitustaan, joka sis\u00e4lt\u00e4\u00e4 100 mg per 12 unssia.<\/p>\n<p>Koska Green Apple -pillerit sis\u00e4lt\u00e4v\u00e4t kannabista uudella menetelm\u00e4ll\u00e4, asiakkaille ei j\u00e4\u00e4 havaittavaa rikkaruohon hajua tai makua, joten ne ovat ihanteellisia henkil\u00f6ille, jotka haluavat p\u00e4\u00e4st\u00e4 korkealle, mutta jotka eiv\u00e4t voi siirty\u00e4 muita pillereit\u00e4 pidemm\u00e4lle. Lis\u00e4ksi kannabiksen nauttiminen edist\u00e4\u00e4 terveellisempien el\u00e4m\u00e4ntapojen edist\u00e4mist\u00e4, sill\u00e4 kukkien tai h\u00f6yryjen savu voi muuttua haitalliseksi hetken kuluttua. Vihre\u00e4 omena -pilleri on hy\u00f6dyllinen yhden vuoden ja sis\u00e4lt\u00e4\u00e4 v\u00e4h\u00e4n kaloreita, joten ainoa asia, josta sinun on huolehdittava, on pid\u00e4tt\u00e4yty\u00e4 ruoasta l\u00e4\u00e4kkeen ottamisen j\u00e4lkeen.<\/p>\n<table style=\"height: 104px\" width=\"508\">\n<tbody>\n<tr>\n<th><span style=\"font-weight: 400\">V\u00e4ri:<\/span><\/th>\n<td>Vihre\u00e4<\/td>\n<\/tr>\n<tr>\n<th> <span style=\"font-weight: 400\">Koko:<\/span><\/th>\n<td>279 mg<\/td>\n<\/tr>\n<\/tbody>\n<\/table>\n","protected":false},"excerpt":{"rendered":"<div class=\"woocommerce-product-details__short-description\">\n<p>Osta aitoja vihreit\u00e4 omena-ecstasy-pillereit\u00e4 myyt\u00e4v\u00e4n\u00e4 verkosta Isossa-Britanniassa, Euroopassa parhaaseen hintaan parhaalta luotettavalta MDMA-myyj\u00e4lt\u00e4. Takaamme huomaamattoman ja turvallisen toimituksen maailmanlaajuisesti<\/p>\n<p><strong>Minimitilaus<\/strong><strong> on 50 pilleri\u00e4.<\/strong><\/p>\n<\/p><\/div>\n","protected":false},"featured_media":4620,"comment_status":"open","ping_status":"closed","template":"","meta":[],"product_brand":[],"product_cat":[498],"product_tag":[594,595,596,597,602,603,604,605,593,609,599,598,600,601,606,607,608],"class_list":{"0":"post-4609","1":"product","2":"type-product","3":"status-publish","4":"has-post-thumbnail","6":"product_cat-osta-ecstasy-pillereit","7":"product_tag-apple-ecstasy","8":"product_tag-applepills","9":"product_tag-e-pilleri-vaaleanpunainen","10":"product_tag-green-apple-drug","11":"product_tag-green-ecstasy-pill","12":"product_tag-green-extacy-pills","13":"product_tag-green-pills","14":"product_tag-green-pills-drugs","15":"product_tag-omena-lke","16":"product_tag-pienet-vihret-pillerit","17":"product_tag-vihre-omena-ekstaasi","18":"product_tag-vihre-omena-lkkeet","19":"product_tag-vihre-omena-logo","20":"product_tag-vihre-omena-pillerit","21":"product_tag-vihre-rolex-pilleri","22":"product_tag-green-rolex-pill-raportti","23":"product_tag-vihre-tabletti-pilleri","25":"first","26":"instock","27":"shipping-taxable","28":"purchasable","29":"product-type-variable","30":"has-default-attributes"},"yoast_head":"<!-- This site is optimized with the Yoast SEO plugin v27.3 - https:\/\/yoast.com\/product\/yoast-seo-wordpress\/ -->\n<title>Osta oikeita vihreit\u00e4 omena-ecstasy-pillereit\u00e4 verkosta \u2013 parhaat maailmanlaajuiset l\u00e4\u00e4kkeet<\/title>\n<meta name=\"description\" content=\"Osta Real Green Apple Ecstasy Pills Myyt\u00e4v\u00e4n\u00e4 verkossa Isossa-Britanniassa, Euroopassa parhaaseen hintaan parhaalta luotettavalta MDMA-myyj\u00e4lt\u00e4, takaamme huomaamattoman ja turvallisen toimituksen maailmanlaajuisesti\" \/>\n<meta name=\"robots\" content=\"index, follow, max-snippet:-1, max-image-preview:large, max-video-preview:-1\" \/>\n<link rel=\"canonical\" href=\"https:\/\/medicinasinc.com\/fi\/product\/osta-oikea-vihrea-omena-ecstasy-pillerit\/\" \/>\n<meta property=\"og:locale\" content=\"en_US\" \/>\n<meta property=\"og:type\" content=\"article\" \/>\n<meta property=\"og:title\" content=\"Osta oikeita vihreit\u00e4 omena-ecstasy-pillereit\u00e4 verkosta \u2013 parhaat maailmanlaajuiset l\u00e4\u00e4kkeet\" \/>\n<meta property=\"og:description\" content=\"Osta Real Green Apple Ecstasy Pills Myyt\u00e4v\u00e4n\u00e4 verkossa Isossa-Britanniassa, Euroopassa parhaaseen hintaan parhaalta luotettavalta MDMA-myyj\u00e4lt\u00e4, takaamme huomaamattoman ja turvallisen toimituksen maailmanlaajuisesti\" \/>\n<meta property=\"og:url\" content=\"https:\/\/medicinasinc.com\/fi\/product\/osta-oikea-vihrea-omena-ecstasy-pillerit\/\" \/>\n<meta property=\"og:site_name\" content=\"Medicinas Inc\" \/>\n<meta property=\"article:modified_time\" content=\"2022-03-22T01:19:29+00:00\" \/>\n<meta property=\"og:image\" content=\"https:\/\/medicinasinc.com\/fi\/wp-content\/uploads\/sites\/12\/2022\/02\/order-real-green-apple-ecstasy-pills-online.jpg\" \/>\n\t<meta property=\"og:image:width\" content=\"600\" \/>\n\t<meta property=\"og:image:height\" content=\"600\" \/>\n\t<meta property=\"og:image:type\" content=\"image\/jpeg\" \/>\n<meta name=\"twitter:card\" content=\"summary_large_image\" \/>\n<meta name=\"twitter:label1\" content=\"Est. reading time\" \/>\n\t<meta name=\"twitter:data1\" content=\"2 minutes\" \/>\n<script type=\"application\/ld+json\" class=\"yoast-schema-graph\">{\"@context\":\"https:\\\/\\\/schema.org\",\"@graph\":[{\"@type\":\"WebPage\",\"@id\":\"https:\\\/\\\/medicinasinc.com\\\/fi\\\/product\\\/osta-oikea-vihrea-omena-ecstasy-pillerit\\\/\",\"url\":\"https:\\\/\\\/medicinasinc.com\\\/fi\\\/product\\\/osta-oikea-vihrea-omena-ecstasy-pillerit\\\/\",\"name\":\"Osta oikeita vihreit\u00e4 omena-ecstasy-pillereit\u00e4 verkosta \u2013 parhaat maailmanlaajuiset l\u00e4\u00e4kkeet\",\"isPartOf\":{\"@id\":\"https:\\\/\\\/medicinasinc.com\\\/fi\\\/#website\"},\"primaryImageOfPage\":{\"@id\":\"https:\\\/\\\/medicinasinc.com\\\/fi\\\/product\\\/osta-oikea-vihrea-omena-ecstasy-pillerit\\\/#primaryimage\"},\"image\":{\"@id\":\"https:\\\/\\\/medicinasinc.com\\\/fi\\\/product\\\/osta-oikea-vihrea-omena-ecstasy-pillerit\\\/#primaryimage\"},\"thumbnailUrl\":\"https:\\\/\\\/medicinasinc.com\\\/fi\\\/wp-content\\\/uploads\\\/sites\\\/12\\\/2022\\\/02\\\/order-real-green-apple-ecstasy-pills-online.jpg\",\"datePublished\":\"2022-02-20T13:44:35+00:00\",\"dateModified\":\"2022-03-22T01:19:29+00:00\",\"description\":\"Osta Real Green Apple Ecstasy Pills Myyt\u00e4v\u00e4n\u00e4 verkossa Isossa-Britanniassa, Euroopassa parhaaseen hintaan parhaalta luotettavalta MDMA-myyj\u00e4lt\u00e4, takaamme huomaamattoman ja turvallisen toimituksen maailmanlaajuisesti\",\"breadcrumb\":{\"@id\":\"https:\\\/\\\/medicinasinc.com\\\/fi\\\/product\\\/osta-oikea-vihrea-omena-ecstasy-pillerit\\\/#breadcrumb\"},\"inLanguage\":\"en-US\",\"potentialAction\":[{\"@type\":\"ReadAction\",\"target\":[\"https:\\\/\\\/medicinasinc.com\\\/fi\\\/product\\\/osta-oikea-vihrea-omena-ecstasy-pillerit\\\/\"]}]},{\"@type\":\"ImageObject\",\"inLanguage\":\"en-US\",\"@id\":\"https:\\\/\\\/medicinasinc.com\\\/fi\\\/product\\\/osta-oikea-vihrea-omena-ecstasy-pillerit\\\/#primaryimage\",\"url\":\"https:\\\/\\\/medicinasinc.com\\\/fi\\\/wp-content\\\/uploads\\\/sites\\\/12\\\/2022\\\/02\\\/order-real-green-apple-ecstasy-pills-online.jpg\",\"contentUrl\":\"https:\\\/\\\/medicinasinc.com\\\/fi\\\/wp-content\\\/uploads\\\/sites\\\/12\\\/2022\\\/02\\\/order-real-green-apple-ecstasy-pills-online.jpg\",\"width\":600,\"height\":600},{\"@type\":\"BreadcrumbList\",\"@id\":\"https:\\\/\\\/medicinasinc.com\\\/fi\\\/product\\\/osta-oikea-vihrea-omena-ecstasy-pillerit\\\/#breadcrumb\",\"itemListElement\":[{\"@type\":\"ListItem\",\"position\":1,\"name\":\"Myym\u00e4l\u00e4\",\"item\":\"https:\\\/\\\/medicinasinc.com\\\/fi\\\/myymala\\\/\"},{\"@type\":\"ListItem\",\"position\":2,\"name\":\"Osta Real Green Apple -ecstasy-pillereit\u00e4\"}]},{\"@type\":\"WebSite\",\"@id\":\"https:\\\/\\\/medicinasinc.com\\\/fi\\\/#website\",\"url\":\"https:\\\/\\\/medicinasinc.com\\\/fi\\\/\",\"name\":\"Medicinas Inc\",\"description\":\"Health Medical Clinic\",\"potentialAction\":[{\"@type\":\"SearchAction\",\"target\":{\"@type\":\"EntryPoint\",\"urlTemplate\":\"https:\\\/\\\/medicinasinc.com\\\/fi\\\/?s={search_term_string}\"},\"query-input\":{\"@type\":\"PropertyValueSpecification\",\"valueRequired\":true,\"valueName\":\"search_term_string\"}}],\"inLanguage\":\"en-US\"}]}<\/script>\n<!-- \/ Yoast SEO plugin. -->","yoast_head_json":{"title":"Osta oikeita vihreit\u00e4 omena-ecstasy-pillereit\u00e4 verkosta \u2013 parhaat maailmanlaajuiset l\u00e4\u00e4kkeet","description":"Osta Real Green Apple Ecstasy Pills Myyt\u00e4v\u00e4n\u00e4 verkossa Isossa-Britanniassa, Euroopassa parhaaseen hintaan parhaalta luotettavalta MDMA-myyj\u00e4lt\u00e4, takaamme huomaamattoman ja turvallisen toimituksen maailmanlaajuisesti","robots":{"index":"index","follow":"follow","max-snippet":"max-snippet:-1","max-image-preview":"max-image-preview:large","max-video-preview":"max-video-preview:-1"},"canonical":"https:\/\/medicinasinc.com\/fi\/product\/osta-oikea-vihrea-omena-ecstasy-pillerit\/","og_locale":"en_US","og_type":"article","og_title":"Osta oikeita vihreit\u00e4 omena-ecstasy-pillereit\u00e4 verkosta \u2013 parhaat maailmanlaajuiset l\u00e4\u00e4kkeet","og_description":"Osta Real Green Apple Ecstasy Pills Myyt\u00e4v\u00e4n\u00e4 verkossa Isossa-Britanniassa, Euroopassa parhaaseen hintaan parhaalta luotettavalta MDMA-myyj\u00e4lt\u00e4, takaamme huomaamattoman ja turvallisen toimituksen maailmanlaajuisesti","og_url":"https:\/\/medicinasinc.com\/fi\/product\/osta-oikea-vihrea-omena-ecstasy-pillerit\/","og_site_name":"Medicinas Inc","article_modified_time":"2022-03-22T01:19:29+00:00","og_image":[{"width":600,"height":600,"url":"https:\/\/medicinasinc.com\/fi\/wp-content\/uploads\/sites\/12\/2022\/02\/order-real-green-apple-ecstasy-pills-online.jpg","type":"image\/jpeg"}],"twitter_card":"summary_large_image","twitter_misc":{"Est. reading time":"2 minutes"},"schema":{"@context":"https:\/\/schema.org","@graph":[{"@type":"WebPage","@id":"https:\/\/medicinasinc.com\/fi\/product\/osta-oikea-vihrea-omena-ecstasy-pillerit\/","url":"https:\/\/medicinasinc.com\/fi\/product\/osta-oikea-vihrea-omena-ecstasy-pillerit\/","name":"Osta oikeita vihreit\u00e4 omena-ecstasy-pillereit\u00e4 verkosta \u2013 parhaat maailmanlaajuiset l\u00e4\u00e4kkeet","isPartOf":{"@id":"https:\/\/medicinasinc.com\/fi\/#website"},"primaryImageOfPage":{"@id":"https:\/\/medicinasinc.com\/fi\/product\/osta-oikea-vihrea-omena-ecstasy-pillerit\/#primaryimage"},"image":{"@id":"https:\/\/medicinasinc.com\/fi\/product\/osta-oikea-vihrea-omena-ecstasy-pillerit\/#primaryimage"},"thumbnailUrl":"https:\/\/medicinasinc.com\/fi\/wp-content\/uploads\/sites\/12\/2022\/02\/order-real-green-apple-ecstasy-pills-online.jpg","datePublished":"2022-02-20T13:44:35+00:00","dateModified":"2022-03-22T01:19:29+00:00","description":"Osta Real Green Apple Ecstasy Pills Myyt\u00e4v\u00e4n\u00e4 verkossa Isossa-Britanniassa, Euroopassa parhaaseen hintaan parhaalta luotettavalta MDMA-myyj\u00e4lt\u00e4, takaamme huomaamattoman ja turvallisen toimituksen maailmanlaajuisesti","breadcrumb":{"@id":"https:\/\/medicinasinc.com\/fi\/product\/osta-oikea-vihrea-omena-ecstasy-pillerit\/#breadcrumb"},"inLanguage":"en-US","potentialAction":[{"@type":"ReadAction","target":["https:\/\/medicinasinc.com\/fi\/product\/osta-oikea-vihrea-omena-ecstasy-pillerit\/"]}]},{"@type":"ImageObject","inLanguage":"en-US","@id":"https:\/\/medicinasinc.com\/fi\/product\/osta-oikea-vihrea-omena-ecstasy-pillerit\/#primaryimage","url":"https:\/\/medicinasinc.com\/fi\/wp-content\/uploads\/sites\/12\/2022\/02\/order-real-green-apple-ecstasy-pills-online.jpg","contentUrl":"https:\/\/medicinasinc.com\/fi\/wp-content\/uploads\/sites\/12\/2022\/02\/order-real-green-apple-ecstasy-pills-online.jpg","width":600,"height":600},{"@type":"BreadcrumbList","@id":"https:\/\/medicinasinc.com\/fi\/product\/osta-oikea-vihrea-omena-ecstasy-pillerit\/#breadcrumb","itemListElement":[{"@type":"ListItem","position":1,"name":"Myym\u00e4l\u00e4","item":"https:\/\/medicinasinc.com\/fi\/myymala\/"},{"@type":"ListItem","position":2,"name":"Osta Real Green Apple -ecstasy-pillereit\u00e4"}]},{"@type":"WebSite","@id":"https:\/\/medicinasinc.com\/fi\/#website","url":"https:\/\/medicinasinc.com\/fi\/","name":"Medicinas Inc","description":"Health Medical Clinic","potentialAction":[{"@type":"SearchAction","target":{"@type":"EntryPoint","urlTemplate":"https:\/\/medicinasinc.com\/fi\/?s={search_term_string}"},"query-input":{"@type":"PropertyValueSpecification","valueRequired":true,"valueName":"search_term_string"}}],"inLanguage":"en-US"}]}},"_links":{"self":[{"href":"https:\/\/medicinasinc.com\/fi\/wp-json\/wp\/v2\/product\/4609","targetHints":{"allow":["GET"]}}],"collection":[{"href":"https:\/\/medicinasinc.com\/fi\/wp-json\/wp\/v2\/product"}],"about":[{"href":"https:\/\/medicinasinc.com\/fi\/wp-json\/wp\/v2\/types\/product"}],"replies":[{"embeddable":true,"href":"https:\/\/medicinasinc.com\/fi\/wp-json\/wp\/v2\/comments?post=4609"}],"wp:featuredmedia":[{"embeddable":true,"href":"https:\/\/medicinasinc.com\/fi\/wp-json\/wp\/v2\/media\/4620"}],"wp:attachment":[{"href":"https:\/\/medicinasinc.com\/fi\/wp-json\/wp\/v2\/media?parent=4609"}],"wp:term":[{"taxonomy":"product_brand","embeddable":true,"href":"https:\/\/medicinasinc.com\/fi\/wp-json\/wp\/v2\/product_brand?post=4609"},{"taxonomy":"product_cat","embeddable":true,"href":"https:\/\/medicinasinc.com\/fi\/wp-json\/wp\/v2\/product_cat?post=4609"},{"taxonomy":"product_tag","embeddable":true,"href":"https:\/\/medicinasinc.com\/fi\/wp-json\/wp\/v2\/product_tag?post=4609"}],"curies":[{"name":"wp","href":"https:\/\/api.w.org\/{rel}","templated":true}]}}