{"id":4592,"date":"2022-02-20T13:31:58","date_gmt":"2022-02-20T13:31:58","guid":{"rendered":"https:\/\/medicinasinc.com\/fi\/?post_type=product&#038;p=4592"},"modified":"2022-03-22T01:19:38","modified_gmt":"2022-03-22T01:19:38","slug":"osta-ecstasy-philipp-plein-blue-524-mg-mdma-pills","status":"publish","type":"product","link":"https:\/\/medicinasinc.com\/fi\/product\/osta-ecstasy-philipp-plein-blue-524-mg-mdma-pills\/","title":{"rendered":"Osta ekstaasi &#8211; Philipp Plein Blue &#8211; 524 mg MDMA-pillereit\u00e4"},"content":{"rendered":"<div class=\"woocommerce-tabs wc-tabs-wrapper\">\n<div id=\"tab-description\" class=\"woocommerce-Tabs-panel woocommerce-Tabs-panel--description panel entry-content wc-tab\" role=\"tabpanel\" aria-labelledby=\"tab-title-description\">\n<p>XTC-Philipp Plein Blue-524 mg MDMA-pillereiden verkkoosto.<\/p>\n<p>\u2013 Philipp Plein 524MG tarjoaa poikkeuksellisen kokemuksen. Se on t\u00e4ysin turvallinen ja hygieeninen tuote. Erinomainen laatu edulliseen hintaan. \u2013 Vaikutus alkaa noin 30 minuuttia my\u00f6hemmin ja kest\u00e4\u00e4 noin 6 tuntia.<br \/> \u2013 K\u00e4yt\u00e4 puolet t\u00e4st\u00e4 pillerist\u00e4 kerrallaan. Juo riitt\u00e4v\u00e4 m\u00e4\u00e4r\u00e4 vett\u00e4 l\u00e4\u00e4kityksen aikana.<\/p>\n<h1><a style=\"font-size: 16px\" href=\"https:\/\/merrydrug.com\/\">.<\/a><\/h1>\n<\/p><\/div><\/div>\n<div class=\"liittyv\u00e4t tuotteet\"><\/div>\n","protected":false},"excerpt":{"rendered":"<div class=\"woocommerce-product-details__short-description\">\n<p>Osta Philipp Plein Blue &#8211; 524 Mg MDMA Iso-Britanniasta ja Euroopasta parhaaseen markkinahintaan. Kaikki tuotteemme on valmistettu t\u00e4ysin luonnollisista, THC-vapaista ainesosista. Tee tilauksesi verkossa nyt!<\/p>\n<p>Philipp Blue-524 on \u00e4\u00e4rimm\u00e4inen juhlapilleri ja MDMA-l\u00e4\u00e4ke, jota k\u00e4ytet\u00e4\u00e4n laajalti Yhdysvalloissa ja Koreassa. Sen psykoaktiiviset ominaisuudet l\u00f6ydettiin 1750-luvun puoliv\u00e4liss\u00e4. Jos joku haluaa kokea \u00e4\u00e4rimm\u00e4isen korkean tason, h\u00e4n ei j\u00e4t\u00e4 t\u00e4t\u00e4 tuotetta kokeiltuaan sit\u00e4. Philipp Blueta k\u00e4ytet\u00e4\u00e4n my\u00f6s uskonnollisissa seremonioissa, ja se on pysynyt korkealaatuisena tuotteena vuosia, koska ihmiset ovat tietoisia sen eduista eiv\u00e4tk\u00e4 voi el\u00e4\u00e4 ilman sit\u00e4.<\/p>\n<p>Yksil\u00f6t tilaavat t\u00e4m\u00e4n uudelleen sen voimakkaiden vaikutusten ja nopeiden tulosten vuoksi. Tehokkuutensa ansiosta se ei koskaan s\u00e4ily varastossa pitk\u00e4\u00e4n aikaan.<\/p>\n<p>Philipp Plein Blue-524 -pillereiden ostaminen<\/p>\n<p>Pienin tilausm\u00e4\u00e4r\u00e4 on viisikymment\u00e4 pilleri\u00e4.<\/p>\n<p> &gt; <\/p><\/div>\n","protected":false},"featured_media":4605,"comment_status":"open","ping_status":"closed","template":"","meta":[],"product_brand":[],"product_cat":[498],"product_tag":[501,584,588,587,589,586,512,591,585,583,590,592],"class_list":{"0":"post-4592","1":"product","2":"type-product","3":"status-publish","4":"has-post-thumbnail","6":"product_cat-osta-ecstasy-pillereit","7":"product_tag-buy-mdma-online","8":"product_tag-buy-xtc-pills-online","9":"product_tag-ecstasy-tablets","10":"product_tag-ekstaasi","11":"product_tag-ghb","12":"product_tag-huumeita","13":"product_tag-mdma","14":"product_tag-mg-mdma","15":"product_tag-osta-ecstasy-philipp-plein-blue-524-mg-mdma-pills-verkosta","16":"product_tag-osta-ecstasy-pills-verkosta","17":"product_tag-rakkaushuumeita","18":"product_tag-xtc-pills","20":"first","21":"instock","22":"shipping-taxable","23":"purchasable","24":"product-type-variable","25":"has-default-attributes"},"yoast_head":"<!-- This site is optimized with the Yoast SEO plugin v27.3 - https:\/\/yoast.com\/product\/yoast-seo-wordpress\/ -->\n<title>Osta ekstaasi - Philipp Plein Blue - 524 mg MDMA-pillerit - Global Medicina<\/title>\n<meta name=\"description\" content=\"Osta Philipp Plein Blue- 524 Mg MDMA UK, Europe parhaaseen markkinahintaan. Kaikki tuotteemme on valmistettu puhtaista luonnollisista ainesosista ilman THC:t\u00e4. Tilaa verkossa nyt!\" \/>\n<meta name=\"robots\" content=\"index, follow, max-snippet:-1, max-image-preview:large, max-video-preview:-1\" \/>\n<link rel=\"canonical\" href=\"https:\/\/medicinasinc.com\/fi\/product\/osta-ecstasy-philipp-plein-blue-524-mg-mdma-pills\/\" \/>\n<meta property=\"og:locale\" content=\"en_US\" \/>\n<meta property=\"og:type\" content=\"article\" \/>\n<meta property=\"og:title\" content=\"Osta ekstaasi - Philipp Plein Blue - 524 mg MDMA-pillerit - Global Medicina\" \/>\n<meta property=\"og:description\" content=\"Osta Philipp Plein Blue- 524 Mg MDMA UK, Europe parhaaseen markkinahintaan. Kaikki tuotteemme on valmistettu puhtaista luonnollisista ainesosista ilman THC:t\u00e4. Tilaa verkossa nyt!\" \/>\n<meta property=\"og:url\" content=\"https:\/\/medicinasinc.com\/fi\/product\/osta-ecstasy-philipp-plein-blue-524-mg-mdma-pills\/\" \/>\n<meta property=\"og:site_name\" content=\"Medicinas Inc\" \/>\n<meta property=\"article:modified_time\" content=\"2022-03-22T01:19:38+00:00\" \/>\n<meta property=\"og:image\" content=\"https:\/\/medicinasinc.com\/fi\/wp-content\/uploads\/sites\/12\/2022\/02\/buy-xtc-philipp-plein-blue-524-mg-mdma-pills-online.jpg\" \/>\n\t<meta property=\"og:image:width\" content=\"600\" \/>\n\t<meta property=\"og:image:height\" content=\"600\" \/>\n\t<meta property=\"og:image:type\" content=\"image\/jpeg\" \/>\n<meta name=\"twitter:card\" content=\"summary_large_image\" \/>\n<meta name=\"twitter:label1\" content=\"Est. reading time\" \/>\n\t<meta name=\"twitter:data1\" content=\"1 minute\" \/>\n<script type=\"application\/ld+json\" class=\"yoast-schema-graph\">{\"@context\":\"https:\\\/\\\/schema.org\",\"@graph\":[{\"@type\":\"WebPage\",\"@id\":\"https:\\\/\\\/medicinasinc.com\\\/fi\\\/product\\\/osta-ecstasy-philipp-plein-blue-524-mg-mdma-pills\\\/\",\"url\":\"https:\\\/\\\/medicinasinc.com\\\/fi\\\/product\\\/osta-ecstasy-philipp-plein-blue-524-mg-mdma-pills\\\/\",\"name\":\"Osta ekstaasi - Philipp Plein Blue - 524 mg MDMA-pillerit - Global Medicina\",\"isPartOf\":{\"@id\":\"https:\\\/\\\/medicinasinc.com\\\/fi\\\/#website\"},\"primaryImageOfPage\":{\"@id\":\"https:\\\/\\\/medicinasinc.com\\\/fi\\\/product\\\/osta-ecstasy-philipp-plein-blue-524-mg-mdma-pills\\\/#primaryimage\"},\"image\":{\"@id\":\"https:\\\/\\\/medicinasinc.com\\\/fi\\\/product\\\/osta-ecstasy-philipp-plein-blue-524-mg-mdma-pills\\\/#primaryimage\"},\"thumbnailUrl\":\"https:\\\/\\\/medicinasinc.com\\\/fi\\\/wp-content\\\/uploads\\\/sites\\\/12\\\/2022\\\/02\\\/buy-xtc-philipp-plein-blue-524-mg-mdma-pills-online.jpg\",\"datePublished\":\"2022-02-20T13:31:58+00:00\",\"dateModified\":\"2022-03-22T01:19:38+00:00\",\"description\":\"Osta Philipp Plein Blue- 524 Mg MDMA UK, Europe parhaaseen markkinahintaan. Kaikki tuotteemme on valmistettu puhtaista luonnollisista ainesosista ilman THC:t\u00e4. Tilaa verkossa nyt!\",\"breadcrumb\":{\"@id\":\"https:\\\/\\\/medicinasinc.com\\\/fi\\\/product\\\/osta-ecstasy-philipp-plein-blue-524-mg-mdma-pills\\\/#breadcrumb\"},\"inLanguage\":\"en-US\",\"potentialAction\":[{\"@type\":\"ReadAction\",\"target\":[\"https:\\\/\\\/medicinasinc.com\\\/fi\\\/product\\\/osta-ecstasy-philipp-plein-blue-524-mg-mdma-pills\\\/\"]}]},{\"@type\":\"ImageObject\",\"inLanguage\":\"en-US\",\"@id\":\"https:\\\/\\\/medicinasinc.com\\\/fi\\\/product\\\/osta-ecstasy-philipp-plein-blue-524-mg-mdma-pills\\\/#primaryimage\",\"url\":\"https:\\\/\\\/medicinasinc.com\\\/fi\\\/wp-content\\\/uploads\\\/sites\\\/12\\\/2022\\\/02\\\/buy-xtc-philipp-plein-blue-524-mg-mdma-pills-online.jpg\",\"contentUrl\":\"https:\\\/\\\/medicinasinc.com\\\/fi\\\/wp-content\\\/uploads\\\/sites\\\/12\\\/2022\\\/02\\\/buy-xtc-philipp-plein-blue-524-mg-mdma-pills-online.jpg\",\"width\":600,\"height\":600},{\"@type\":\"BreadcrumbList\",\"@id\":\"https:\\\/\\\/medicinasinc.com\\\/fi\\\/product\\\/osta-ecstasy-philipp-plein-blue-524-mg-mdma-pills\\\/#breadcrumb\",\"itemListElement\":[{\"@type\":\"ListItem\",\"position\":1,\"name\":\"Myym\u00e4l\u00e4\",\"item\":\"https:\\\/\\\/medicinasinc.com\\\/fi\\\/myymala\\\/\"},{\"@type\":\"ListItem\",\"position\":2,\"name\":\"Osta ekstaasi &#8211; Philipp Plein Blue &#8211; 524 mg MDMA-pillereit\u00e4\"}]},{\"@type\":\"WebSite\",\"@id\":\"https:\\\/\\\/medicinasinc.com\\\/fi\\\/#website\",\"url\":\"https:\\\/\\\/medicinasinc.com\\\/fi\\\/\",\"name\":\"Medicinas Inc\",\"description\":\"Health Medical Clinic\",\"potentialAction\":[{\"@type\":\"SearchAction\",\"target\":{\"@type\":\"EntryPoint\",\"urlTemplate\":\"https:\\\/\\\/medicinasinc.com\\\/fi\\\/?s={search_term_string}\"},\"query-input\":{\"@type\":\"PropertyValueSpecification\",\"valueRequired\":true,\"valueName\":\"search_term_string\"}}],\"inLanguage\":\"en-US\"}]}<\/script>\n<!-- \/ Yoast SEO plugin. -->","yoast_head_json":{"title":"Osta ekstaasi - Philipp Plein Blue - 524 mg MDMA-pillerit - Global Medicina","description":"Osta Philipp Plein Blue- 524 Mg MDMA UK, Europe parhaaseen markkinahintaan. Kaikki tuotteemme on valmistettu puhtaista luonnollisista ainesosista ilman THC:t\u00e4. Tilaa verkossa nyt!","robots":{"index":"index","follow":"follow","max-snippet":"max-snippet:-1","max-image-preview":"max-image-preview:large","max-video-preview":"max-video-preview:-1"},"canonical":"https:\/\/medicinasinc.com\/fi\/product\/osta-ecstasy-philipp-plein-blue-524-mg-mdma-pills\/","og_locale":"en_US","og_type":"article","og_title":"Osta ekstaasi - Philipp Plein Blue - 524 mg MDMA-pillerit - Global Medicina","og_description":"Osta Philipp Plein Blue- 524 Mg MDMA UK, Europe parhaaseen markkinahintaan. Kaikki tuotteemme on valmistettu puhtaista luonnollisista ainesosista ilman THC:t\u00e4. Tilaa verkossa nyt!","og_url":"https:\/\/medicinasinc.com\/fi\/product\/osta-ecstasy-philipp-plein-blue-524-mg-mdma-pills\/","og_site_name":"Medicinas Inc","article_modified_time":"2022-03-22T01:19:38+00:00","og_image":[{"width":600,"height":600,"url":"https:\/\/medicinasinc.com\/fi\/wp-content\/uploads\/sites\/12\/2022\/02\/buy-xtc-philipp-plein-blue-524-mg-mdma-pills-online.jpg","type":"image\/jpeg"}],"twitter_card":"summary_large_image","twitter_misc":{"Est. reading time":"1 minute"},"schema":{"@context":"https:\/\/schema.org","@graph":[{"@type":"WebPage","@id":"https:\/\/medicinasinc.com\/fi\/product\/osta-ecstasy-philipp-plein-blue-524-mg-mdma-pills\/","url":"https:\/\/medicinasinc.com\/fi\/product\/osta-ecstasy-philipp-plein-blue-524-mg-mdma-pills\/","name":"Osta ekstaasi - Philipp Plein Blue - 524 mg MDMA-pillerit - Global Medicina","isPartOf":{"@id":"https:\/\/medicinasinc.com\/fi\/#website"},"primaryImageOfPage":{"@id":"https:\/\/medicinasinc.com\/fi\/product\/osta-ecstasy-philipp-plein-blue-524-mg-mdma-pills\/#primaryimage"},"image":{"@id":"https:\/\/medicinasinc.com\/fi\/product\/osta-ecstasy-philipp-plein-blue-524-mg-mdma-pills\/#primaryimage"},"thumbnailUrl":"https:\/\/medicinasinc.com\/fi\/wp-content\/uploads\/sites\/12\/2022\/02\/buy-xtc-philipp-plein-blue-524-mg-mdma-pills-online.jpg","datePublished":"2022-02-20T13:31:58+00:00","dateModified":"2022-03-22T01:19:38+00:00","description":"Osta Philipp Plein Blue- 524 Mg MDMA UK, Europe parhaaseen markkinahintaan. Kaikki tuotteemme on valmistettu puhtaista luonnollisista ainesosista ilman THC:t\u00e4. Tilaa verkossa nyt!","breadcrumb":{"@id":"https:\/\/medicinasinc.com\/fi\/product\/osta-ecstasy-philipp-plein-blue-524-mg-mdma-pills\/#breadcrumb"},"inLanguage":"en-US","potentialAction":[{"@type":"ReadAction","target":["https:\/\/medicinasinc.com\/fi\/product\/osta-ecstasy-philipp-plein-blue-524-mg-mdma-pills\/"]}]},{"@type":"ImageObject","inLanguage":"en-US","@id":"https:\/\/medicinasinc.com\/fi\/product\/osta-ecstasy-philipp-plein-blue-524-mg-mdma-pills\/#primaryimage","url":"https:\/\/medicinasinc.com\/fi\/wp-content\/uploads\/sites\/12\/2022\/02\/buy-xtc-philipp-plein-blue-524-mg-mdma-pills-online.jpg","contentUrl":"https:\/\/medicinasinc.com\/fi\/wp-content\/uploads\/sites\/12\/2022\/02\/buy-xtc-philipp-plein-blue-524-mg-mdma-pills-online.jpg","width":600,"height":600},{"@type":"BreadcrumbList","@id":"https:\/\/medicinasinc.com\/fi\/product\/osta-ecstasy-philipp-plein-blue-524-mg-mdma-pills\/#breadcrumb","itemListElement":[{"@type":"ListItem","position":1,"name":"Myym\u00e4l\u00e4","item":"https:\/\/medicinasinc.com\/fi\/myymala\/"},{"@type":"ListItem","position":2,"name":"Osta ekstaasi &#8211; Philipp Plein Blue &#8211; 524 mg MDMA-pillereit\u00e4"}]},{"@type":"WebSite","@id":"https:\/\/medicinasinc.com\/fi\/#website","url":"https:\/\/medicinasinc.com\/fi\/","name":"Medicinas Inc","description":"Health Medical Clinic","potentialAction":[{"@type":"SearchAction","target":{"@type":"EntryPoint","urlTemplate":"https:\/\/medicinasinc.com\/fi\/?s={search_term_string}"},"query-input":{"@type":"PropertyValueSpecification","valueRequired":true,"valueName":"search_term_string"}}],"inLanguage":"en-US"}]}},"_links":{"self":[{"href":"https:\/\/medicinasinc.com\/fi\/wp-json\/wp\/v2\/product\/4592","targetHints":{"allow":["GET"]}}],"collection":[{"href":"https:\/\/medicinasinc.com\/fi\/wp-json\/wp\/v2\/product"}],"about":[{"href":"https:\/\/medicinasinc.com\/fi\/wp-json\/wp\/v2\/types\/product"}],"replies":[{"embeddable":true,"href":"https:\/\/medicinasinc.com\/fi\/wp-json\/wp\/v2\/comments?post=4592"}],"wp:featuredmedia":[{"embeddable":true,"href":"https:\/\/medicinasinc.com\/fi\/wp-json\/wp\/v2\/media\/4605"}],"wp:attachment":[{"href":"https:\/\/medicinasinc.com\/fi\/wp-json\/wp\/v2\/media?parent=4592"}],"wp:term":[{"taxonomy":"product_brand","embeddable":true,"href":"https:\/\/medicinasinc.com\/fi\/wp-json\/wp\/v2\/product_brand?post=4592"},{"taxonomy":"product_cat","embeddable":true,"href":"https:\/\/medicinasinc.com\/fi\/wp-json\/wp\/v2\/product_cat?post=4592"},{"taxonomy":"product_tag","embeddable":true,"href":"https:\/\/medicinasinc.com\/fi\/wp-json\/wp\/v2\/product_tag?post=4592"}],"curies":[{"name":"wp","href":"https:\/\/api.w.org\/{rel}","templated":true}]}}