{"id":4576,"date":"2022-02-20T13:20:42","date_gmt":"2022-02-20T13:20:42","guid":{"rendered":"https:\/\/medicinasinc.com\/fi\/?post_type=product&#038;p=4576"},"modified":"2022-03-22T01:20:00","modified_gmt":"2022-03-22T01:20:00","slug":"osta-oranssi-tesla-ecstasy-pillereita","status":"publish","type":"product","link":"https:\/\/medicinasinc.com\/fi\/product\/osta-oranssi-tesla-ecstasy-pillereita\/","title":{"rendered":"Osta Orange Tesla Ecstasy Pills"},"content":{"rendered":"<p>Orange Tesla Ecstasy Pills Osta<\/p>\n<p>3,4-metyleenidioksimetamfetamiini on Orange Tesla -ecstasy-pillereiden (MDMA) aktiivinen ainesosa. Pienet oranssit tabletit ovat kilven muotoisia, ja niiss\u00e4 on sana &#8220;Tesla&#8221; Teslan logon yl\u00e4puolella t-kirjaimen muodossa.<\/p>\n<p>Ne hohtavat pime\u00e4ss\u00e4, ja joissakin on purppuraa glitteri\u00e4.<\/p>\n<p>Ne ovat suosittuja, koska ne ovat vahvoja, niill\u00e4 on hauska muotoilu ja ne yhdistet\u00e4\u00e4n tunnettuun br\u00e4ndiin, jolla on positiivinen maine. Suurin osa ihmisist\u00e4 ostaa todenn\u00e4k\u00f6isemmin tunnetulla logolla varustetun ekstaasipillerin kuin kenenk\u00e4\u00e4n valmistaman tavallisen valkoisen pillerin.<\/p>\n<p>Oransseilla Tesla-pillereill\u00e4 ei kuitenkaan ole mit\u00e4\u00e4n tekemist\u00e4 Elon Muskin Teslan, yhdysvaltalaisen autonvalmistajan ja puhtaan energian yritys.<\/p>\n<p>Br\u00e4ndi ei tarkoita, ett\u00e4 ne ovat korkealaatuisia tai jopa tasalaatuisia. K\u00e4ytt\u00e4m\u00e4ll\u00e4 samanlaista puristinta ja v\u00e4riainetta kuka tahansa voi kopioida oranssin Tesla-ecstasy-pillerin.<\/p>\n","protected":false},"excerpt":{"rendered":"<p>Osta Orange Tesla Ecstasy -pillereit\u00e4 myyt\u00e4v\u00e4ksi Euroopassa, Isossa-Britanniassa. Osta Ecstasy verkossa, Ecstasy-myyj\u00e4, tilaa ekstaasipillereit\u00e4 verkosta, me k\u00e4sittelemme puhtaimpia ja parhaita tuotteita.<\/p>\n<p>Best maailmanlaajuisista l\u00e4\u00e4kkeist\u00e4\u00a0voit ostaa aitoja Tesla-ecstasy-pillereit\u00e4 edulliseen hintaan. Kaikki tuotteet ovat laboratoriotestattuja ja korkealaatuisia.<\/p>\n","protected":false},"featured_media":4589,"comment_status":"open","ping_status":"closed","template":"","meta":[],"product_brand":[],"product_cat":[498],"product_tag":[556,559,560,558,557,561,575,563,564,562,565,566,567,554,555,569,570,571,568,572,573,574],"class_list":{"0":"post-4576","1":"product","2":"type-product","3":"status-publish","4":"has-post-thumbnail","6":"product_cat-osta-ecstasy-pillereit","7":"product_tag-bluelight-orange-tesla-ecstasy-vs-molly","8":"product_tag-ecstasy-press-pills-tesla","9":"product_tag-ecstasy-tesla","10":"product_tag-ecstasy-pills-tesla-stamp-from-the-lands","11":"product_tag-eri-extacy-pills-lista","12":"product_tag-extacy-pill-kuvat","13":"product_tag-keltainen-tesla-ecstasy-tampa","14":"product_tag-orange-tesla-ecstasy-mg","15":"product_tag-orange-tesla-ecstasy-pills-los-angeles-2019","16":"product_tag-oranssi-tesla-2021","17":"product_tag-oranssi-tesla-pilleri-vaikutukset","18":"product_tag-persikka-kova-tesla-ecstasy-pisteet-selss","19":"product_tag-reddit-ecstasy-pill-rating-tesla-vs-punisher-vs","20":"product_tag-sininen-tesla-ecstasy","21":"product_tag-blue-tesla-pill-mg","22":"product_tag-tesla-ecstasy-pilleri","23":"product_tag-tesla-ecstasy-review","24":"product_tag-tesla-ecstasy-tampa","25":"product_tag-tesla-ecstasy","26":"product_tag-tesla-pilleri-sininen-efektit","27":"product_tag-tesla-pilleri-varoitus","28":"product_tag-tesla-pills-sininen","30":"first","31":"instock","32":"shipping-taxable","33":"purchasable","34":"product-type-variable","35":"has-default-attributes"},"yoast_head":"<!-- This site is optimized with the Yoast SEO plugin v27.3 - https:\/\/yoast.com\/product\/yoast-seo-wordpress\/ -->\n<title>Osta Orange Tesla Ecstasy -pillereit\u00e4 \u2013 parhaat maailmanlaajuiset l\u00e4\u00e4kkeet<\/title>\n<meta name=\"description\" content=\"Osta Orange Tesla Ecstasy -pillereit\u00e4 myyt\u00e4v\u00e4ksi Euroopassa, Isossa-Britanniassa. Osta Ecstasy Online, Ecstasy Myyj\u00e4, Tilaa ekstaasipillereit\u00e4 verkosta, k\u00e4sittelemme puhtaimpia ja parhaita tuotteita.\" \/>\n<meta name=\"robots\" content=\"index, follow, max-snippet:-1, max-image-preview:large, max-video-preview:-1\" \/>\n<link rel=\"canonical\" href=\"https:\/\/medicinasinc.com\/fi\/product\/osta-oranssi-tesla-ecstasy-pillereita\/\" \/>\n<meta property=\"og:locale\" content=\"en_US\" \/>\n<meta property=\"og:type\" content=\"article\" \/>\n<meta property=\"og:title\" content=\"Osta Orange Tesla Ecstasy -pillereit\u00e4 \u2013 parhaat maailmanlaajuiset l\u00e4\u00e4kkeet\" \/>\n<meta property=\"og:description\" content=\"Osta Orange Tesla Ecstasy -pillereit\u00e4 myyt\u00e4v\u00e4ksi Euroopassa, Isossa-Britanniassa. Osta Ecstasy Online, Ecstasy Myyj\u00e4, Tilaa ekstaasipillereit\u00e4 verkosta, k\u00e4sittelemme puhtaimpia ja parhaita tuotteita.\" \/>\n<meta property=\"og:url\" content=\"https:\/\/medicinasinc.com\/fi\/product\/osta-oranssi-tesla-ecstasy-pillereita\/\" \/>\n<meta property=\"og:site_name\" content=\"Medicinas Inc\" \/>\n<meta property=\"article:modified_time\" content=\"2022-03-22T01:20:00+00:00\" \/>\n<meta property=\"og:image\" content=\"https:\/\/medicinasinc.com\/fi\/wp-content\/uploads\/sites\/12\/2022\/02\/Buy-Orange-Tesla-Ecstasy-Pills.jpg\" \/>\n\t<meta property=\"og:image:width\" content=\"747\" \/>\n\t<meta property=\"og:image:height\" content=\"560\" \/>\n\t<meta property=\"og:image:type\" content=\"image\/jpeg\" \/>\n<meta name=\"twitter:card\" content=\"summary_large_image\" \/>\n<meta name=\"twitter:label1\" content=\"Est. reading time\" \/>\n\t<meta name=\"twitter:data1\" content=\"1 minute\" \/>\n<script type=\"application\/ld+json\" class=\"yoast-schema-graph\">{\"@context\":\"https:\\\/\\\/schema.org\",\"@graph\":[{\"@type\":\"WebPage\",\"@id\":\"https:\\\/\\\/medicinasinc.com\\\/fi\\\/product\\\/osta-oranssi-tesla-ecstasy-pillereita\\\/\",\"url\":\"https:\\\/\\\/medicinasinc.com\\\/fi\\\/product\\\/osta-oranssi-tesla-ecstasy-pillereita\\\/\",\"name\":\"Osta Orange Tesla Ecstasy -pillereit\u00e4 \u2013 parhaat maailmanlaajuiset l\u00e4\u00e4kkeet\",\"isPartOf\":{\"@id\":\"https:\\\/\\\/medicinasinc.com\\\/fi\\\/#website\"},\"primaryImageOfPage\":{\"@id\":\"https:\\\/\\\/medicinasinc.com\\\/fi\\\/product\\\/osta-oranssi-tesla-ecstasy-pillereita\\\/#primaryimage\"},\"image\":{\"@id\":\"https:\\\/\\\/medicinasinc.com\\\/fi\\\/product\\\/osta-oranssi-tesla-ecstasy-pillereita\\\/#primaryimage\"},\"thumbnailUrl\":\"https:\\\/\\\/medicinasinc.com\\\/fi\\\/wp-content\\\/uploads\\\/sites\\\/12\\\/2022\\\/02\\\/Buy-Orange-Tesla-Ecstasy-Pills.jpg\",\"datePublished\":\"2022-02-20T13:20:42+00:00\",\"dateModified\":\"2022-03-22T01:20:00+00:00\",\"description\":\"Osta Orange Tesla Ecstasy -pillereit\u00e4 myyt\u00e4v\u00e4ksi Euroopassa, Isossa-Britanniassa. Osta Ecstasy Online, Ecstasy Myyj\u00e4, Tilaa ekstaasipillereit\u00e4 verkosta, k\u00e4sittelemme puhtaimpia ja parhaita tuotteita.\",\"breadcrumb\":{\"@id\":\"https:\\\/\\\/medicinasinc.com\\\/fi\\\/product\\\/osta-oranssi-tesla-ecstasy-pillereita\\\/#breadcrumb\"},\"inLanguage\":\"en-US\",\"potentialAction\":[{\"@type\":\"ReadAction\",\"target\":[\"https:\\\/\\\/medicinasinc.com\\\/fi\\\/product\\\/osta-oranssi-tesla-ecstasy-pillereita\\\/\"]}]},{\"@type\":\"ImageObject\",\"inLanguage\":\"en-US\",\"@id\":\"https:\\\/\\\/medicinasinc.com\\\/fi\\\/product\\\/osta-oranssi-tesla-ecstasy-pillereita\\\/#primaryimage\",\"url\":\"https:\\\/\\\/medicinasinc.com\\\/fi\\\/wp-content\\\/uploads\\\/sites\\\/12\\\/2022\\\/02\\\/Buy-Orange-Tesla-Ecstasy-Pills.jpg\",\"contentUrl\":\"https:\\\/\\\/medicinasinc.com\\\/fi\\\/wp-content\\\/uploads\\\/sites\\\/12\\\/2022\\\/02\\\/Buy-Orange-Tesla-Ecstasy-Pills.jpg\",\"width\":747,\"height\":560},{\"@type\":\"BreadcrumbList\",\"@id\":\"https:\\\/\\\/medicinasinc.com\\\/fi\\\/product\\\/osta-oranssi-tesla-ecstasy-pillereita\\\/#breadcrumb\",\"itemListElement\":[{\"@type\":\"ListItem\",\"position\":1,\"name\":\"Myym\u00e4l\u00e4\",\"item\":\"https:\\\/\\\/medicinasinc.com\\\/fi\\\/myymala\\\/\"},{\"@type\":\"ListItem\",\"position\":2,\"name\":\"Osta Orange Tesla Ecstasy Pills\"}]},{\"@type\":\"WebSite\",\"@id\":\"https:\\\/\\\/medicinasinc.com\\\/fi\\\/#website\",\"url\":\"https:\\\/\\\/medicinasinc.com\\\/fi\\\/\",\"name\":\"Medicinas Inc\",\"description\":\"Health Medical Clinic\",\"potentialAction\":[{\"@type\":\"SearchAction\",\"target\":{\"@type\":\"EntryPoint\",\"urlTemplate\":\"https:\\\/\\\/medicinasinc.com\\\/fi\\\/?s={search_term_string}\"},\"query-input\":{\"@type\":\"PropertyValueSpecification\",\"valueRequired\":true,\"valueName\":\"search_term_string\"}}],\"inLanguage\":\"en-US\"}]}<\/script>\n<!-- \/ Yoast SEO plugin. -->","yoast_head_json":{"title":"Osta Orange Tesla Ecstasy -pillereit\u00e4 \u2013 parhaat maailmanlaajuiset l\u00e4\u00e4kkeet","description":"Osta Orange Tesla Ecstasy -pillereit\u00e4 myyt\u00e4v\u00e4ksi Euroopassa, Isossa-Britanniassa. Osta Ecstasy Online, Ecstasy Myyj\u00e4, Tilaa ekstaasipillereit\u00e4 verkosta, k\u00e4sittelemme puhtaimpia ja parhaita tuotteita.","robots":{"index":"index","follow":"follow","max-snippet":"max-snippet:-1","max-image-preview":"max-image-preview:large","max-video-preview":"max-video-preview:-1"},"canonical":"https:\/\/medicinasinc.com\/fi\/product\/osta-oranssi-tesla-ecstasy-pillereita\/","og_locale":"en_US","og_type":"article","og_title":"Osta Orange Tesla Ecstasy -pillereit\u00e4 \u2013 parhaat maailmanlaajuiset l\u00e4\u00e4kkeet","og_description":"Osta Orange Tesla Ecstasy -pillereit\u00e4 myyt\u00e4v\u00e4ksi Euroopassa, Isossa-Britanniassa. Osta Ecstasy Online, Ecstasy Myyj\u00e4, Tilaa ekstaasipillereit\u00e4 verkosta, k\u00e4sittelemme puhtaimpia ja parhaita tuotteita.","og_url":"https:\/\/medicinasinc.com\/fi\/product\/osta-oranssi-tesla-ecstasy-pillereita\/","og_site_name":"Medicinas Inc","article_modified_time":"2022-03-22T01:20:00+00:00","og_image":[{"width":747,"height":560,"url":"https:\/\/medicinasinc.com\/fi\/wp-content\/uploads\/sites\/12\/2022\/02\/Buy-Orange-Tesla-Ecstasy-Pills.jpg","type":"image\/jpeg"}],"twitter_card":"summary_large_image","twitter_misc":{"Est. reading time":"1 minute"},"schema":{"@context":"https:\/\/schema.org","@graph":[{"@type":"WebPage","@id":"https:\/\/medicinasinc.com\/fi\/product\/osta-oranssi-tesla-ecstasy-pillereita\/","url":"https:\/\/medicinasinc.com\/fi\/product\/osta-oranssi-tesla-ecstasy-pillereita\/","name":"Osta Orange Tesla Ecstasy -pillereit\u00e4 \u2013 parhaat maailmanlaajuiset l\u00e4\u00e4kkeet","isPartOf":{"@id":"https:\/\/medicinasinc.com\/fi\/#website"},"primaryImageOfPage":{"@id":"https:\/\/medicinasinc.com\/fi\/product\/osta-oranssi-tesla-ecstasy-pillereita\/#primaryimage"},"image":{"@id":"https:\/\/medicinasinc.com\/fi\/product\/osta-oranssi-tesla-ecstasy-pillereita\/#primaryimage"},"thumbnailUrl":"https:\/\/medicinasinc.com\/fi\/wp-content\/uploads\/sites\/12\/2022\/02\/Buy-Orange-Tesla-Ecstasy-Pills.jpg","datePublished":"2022-02-20T13:20:42+00:00","dateModified":"2022-03-22T01:20:00+00:00","description":"Osta Orange Tesla Ecstasy -pillereit\u00e4 myyt\u00e4v\u00e4ksi Euroopassa, Isossa-Britanniassa. Osta Ecstasy Online, Ecstasy Myyj\u00e4, Tilaa ekstaasipillereit\u00e4 verkosta, k\u00e4sittelemme puhtaimpia ja parhaita tuotteita.","breadcrumb":{"@id":"https:\/\/medicinasinc.com\/fi\/product\/osta-oranssi-tesla-ecstasy-pillereita\/#breadcrumb"},"inLanguage":"en-US","potentialAction":[{"@type":"ReadAction","target":["https:\/\/medicinasinc.com\/fi\/product\/osta-oranssi-tesla-ecstasy-pillereita\/"]}]},{"@type":"ImageObject","inLanguage":"en-US","@id":"https:\/\/medicinasinc.com\/fi\/product\/osta-oranssi-tesla-ecstasy-pillereita\/#primaryimage","url":"https:\/\/medicinasinc.com\/fi\/wp-content\/uploads\/sites\/12\/2022\/02\/Buy-Orange-Tesla-Ecstasy-Pills.jpg","contentUrl":"https:\/\/medicinasinc.com\/fi\/wp-content\/uploads\/sites\/12\/2022\/02\/Buy-Orange-Tesla-Ecstasy-Pills.jpg","width":747,"height":560},{"@type":"BreadcrumbList","@id":"https:\/\/medicinasinc.com\/fi\/product\/osta-oranssi-tesla-ecstasy-pillereita\/#breadcrumb","itemListElement":[{"@type":"ListItem","position":1,"name":"Myym\u00e4l\u00e4","item":"https:\/\/medicinasinc.com\/fi\/myymala\/"},{"@type":"ListItem","position":2,"name":"Osta Orange Tesla Ecstasy Pills"}]},{"@type":"WebSite","@id":"https:\/\/medicinasinc.com\/fi\/#website","url":"https:\/\/medicinasinc.com\/fi\/","name":"Medicinas Inc","description":"Health Medical Clinic","potentialAction":[{"@type":"SearchAction","target":{"@type":"EntryPoint","urlTemplate":"https:\/\/medicinasinc.com\/fi\/?s={search_term_string}"},"query-input":{"@type":"PropertyValueSpecification","valueRequired":true,"valueName":"search_term_string"}}],"inLanguage":"en-US"}]}},"_links":{"self":[{"href":"https:\/\/medicinasinc.com\/fi\/wp-json\/wp\/v2\/product\/4576","targetHints":{"allow":["GET"]}}],"collection":[{"href":"https:\/\/medicinasinc.com\/fi\/wp-json\/wp\/v2\/product"}],"about":[{"href":"https:\/\/medicinasinc.com\/fi\/wp-json\/wp\/v2\/types\/product"}],"replies":[{"embeddable":true,"href":"https:\/\/medicinasinc.com\/fi\/wp-json\/wp\/v2\/comments?post=4576"}],"wp:featuredmedia":[{"embeddable":true,"href":"https:\/\/medicinasinc.com\/fi\/wp-json\/wp\/v2\/media\/4589"}],"wp:attachment":[{"href":"https:\/\/medicinasinc.com\/fi\/wp-json\/wp\/v2\/media?parent=4576"}],"wp:term":[{"taxonomy":"product_brand","embeddable":true,"href":"https:\/\/medicinasinc.com\/fi\/wp-json\/wp\/v2\/product_brand?post=4576"},{"taxonomy":"product_cat","embeddable":true,"href":"https:\/\/medicinasinc.com\/fi\/wp-json\/wp\/v2\/product_cat?post=4576"},{"taxonomy":"product_tag","embeddable":true,"href":"https:\/\/medicinasinc.com\/fi\/wp-json\/wp\/v2\/product_tag?post=4576"}],"curies":[{"name":"wp","href":"https:\/\/api.w.org\/{rel}","templated":true}]}}