{"id":4575,"date":"2022-02-20T13:20:33","date_gmt":"2022-02-20T13:20:33","guid":{"rendered":"https:\/\/medicinasinc.com\/fi\/?post_type=product&#038;p=4575"},"modified":"2022-03-22T01:20:09","modified_gmt":"2022-03-22T01:20:09","slug":"osta-blue-rolex-ecstasy-pills","status":"publish","type":"product","link":"https:\/\/medicinasinc.com\/fi\/product\/osta-blue-rolex-ecstasy-pills\/","title":{"rendered":"Osta Blue Rolex ekstaasipillereit\u00e4"},"content":{"rendered":"<p>Osta Blue Rolex -ecstasy-pillereit\u00e4 irtotavarana verkosta.<\/p>\n<p>Osta Blue Rolex -ecstasy-pillereit\u00e4 irtotavarana verkosta.<\/p>\n<p>Ecstasy keksi vuonna 1912 Merckin huumesuhteessa. Se nimettiin &#8220;MDMA:ksi&#8221; uuden rakenteensa vuoksi. Yhdysvaltain armeija k\u00e4ytti sit\u00e4 ensimm\u00e4isen kerran vuonna 1953 henkisen sitoutumisen testeihin, ja se palasi hetkeksi 1960-luvulla psykoterapiaratkaisuna &#8220;alempiin estoihin&#8221;. 1 MDMA:ta k\u00e4ytettiin ker\u00e4ilyreseptin\u00e4 vasta 1970-luvulla.<\/p>\n<p>1980-luvun puoliv\u00e4liin menness\u00e4 MDMA:ta mainostettiin &#8220;tekniikan kuohuvimpana asiana, jonka teht\u00e4v\u00e4n\u00e4 on miellytt\u00e4\u00e4 ihmisi\u00e4 tieteen avulla&#8221; ja &#8220;ratkaisussa&#8221; pitkiin juhliin. MDMA oli edelleen laajalti saatavilla vuonna 1984 tuotenimell\u00e4 &#8220;Joy&#8221;, mutta vuoteen 1985 menness\u00e4 l\u00e4\u00e4kett\u00e4 oli rajoitettu turvallisuussyist\u00e4.<br \/> Sininen Rolex-pilleri voi olla erityisen hy\u00f6dyllinen henkil\u00f6ille, joilla on \u00e4llistytt\u00e4v\u00e4n murskauskomponentti-ongelmia. (PTSD). Monet potilaat eiv\u00e4t pysty keskustelemaan vaarallisista tapahtumista, jotka saivat aikaan heid\u00e4n ongelmansa. T\u00e4yttymisen arvellaan voivan auttaa yksil\u00f6it\u00e4 laajentamaan n\u00e4it\u00e4 haavoja.<\/p>\n<p>Doblin, 50, ei todellakaan ole valmis kyky tai monitori; H\u00e4nell\u00e4 on kuitenkin laaja vastuu huumeista, koska h\u00e4n on k\u00e4ytt\u00e4nyt niit\u00e4 useaan otteeseen. &#8220;Se on tehnyt merkitt\u00e4v\u00e4n muutoksen el\u00e4m\u00e4\u00e4ni&#8221;, h\u00e4n selitti. Muutaman viime vuoden aikana h\u00e4n on panostanut viestin levitt\u00e4miseen, ett\u00e4 Joylla ja muilla energisoivilla l\u00e4\u00e4kkeill\u00e4 on perustavanlaatuinen menestys ihanteellisissa olosuhteissa.<br \/> Jos todella etsit sidosryhm\u00e4\u00e4, joka voi tarjota sinulle parasta laatua, sinulla on tule oikeaan paikkaan. S\u00e4\u00e4ti\u00f6ss\u00e4mme voit valita parhaat tuotteet, jotka auttavat sinua rakentamaan luottamustasi ja luomaan kohtuullisen suhteen kanssamme tuotteidemme mahdollisuuksien vuoksi. Tee ostoksesi nyt ja saat Blue Blue Rolex -pillereit\u00e4 kotiovellesi viiden ty\u00f6p\u00e4iv\u00e4n kuluessa.<\/p>\n","protected":false},"excerpt":{"rendered":"<div class=\"woocommerce-product-details__short-description\">\n<p>Osta Blue Rolex -ecstasy-pillereit\u00e4 Iso-Britanniasta, Euroopasta verkosta luotettavalta ja luotettavalta toimittajalta. Vieraile myym\u00e4l\u00e4ss\u00e4mme ja hanki huippulaadukkaita pillereit\u00e4 ja tutkimuskemikaaleja ly\u00f6m\u00e4tt\u00f6min hinnoin.<\/p>\n<\/p><\/div>\n","protected":false},"featured_media":4587,"comment_status":"open","ping_status":"closed","template":"","meta":[],"product_brand":[],"product_cat":[498],"product_tag":[],"class_list":{"0":"post-4575","1":"product","2":"type-product","3":"status-publish","4":"has-post-thumbnail","6":"product_cat-osta-ecstasy-pillereit","8":"first","9":"instock","10":"shipping-taxable","11":"purchasable","12":"product-type-variable","13":"has-default-attributes"},"yoast_head":"<!-- This site is optimized with the Yoast SEO plugin v27.3 - https:\/\/yoast.com\/product\/yoast-seo-wordpress\/ -->\n<title>Osta Blue Rolex -ekstaasipillereit\u00e4 \u2013 parhaat maailmanlaajuiset l\u00e4\u00e4kkeet<\/title>\n<meta name=\"description\" content=\"Osta Blue Rolex ecstasy pills UK, Europe verkosta luotettavalta ja luotettavalta toimittajalta. Vieraile myym\u00e4l\u00e4ss\u00e4mme ja hanki huippulaadukkaita pillereit\u00e4 ja tutki kemikaaleja ly\u00f6m\u00e4tt\u00f6min hinnoin.\" \/>\n<meta name=\"robots\" content=\"index, follow, max-snippet:-1, max-image-preview:large, max-video-preview:-1\" \/>\n<link rel=\"canonical\" href=\"https:\/\/medicinasinc.com\/fi\/product\/osta-blue-rolex-ecstasy-pills\/\" \/>\n<meta property=\"og:locale\" content=\"en_US\" \/>\n<meta property=\"og:type\" content=\"article\" \/>\n<meta property=\"og:title\" content=\"Osta Blue Rolex -ekstaasipillereit\u00e4 \u2013 parhaat maailmanlaajuiset l\u00e4\u00e4kkeet\" \/>\n<meta property=\"og:description\" content=\"Osta Blue Rolex ecstasy pills UK, Europe verkosta luotettavalta ja luotettavalta toimittajalta. Vieraile myym\u00e4l\u00e4ss\u00e4mme ja hanki huippulaadukkaita pillereit\u00e4 ja tutki kemikaaleja ly\u00f6m\u00e4tt\u00f6min hinnoin.\" \/>\n<meta property=\"og:url\" content=\"https:\/\/medicinasinc.com\/fi\/product\/osta-blue-rolex-ecstasy-pills\/\" \/>\n<meta property=\"og:site_name\" content=\"Medicinas Inc\" \/>\n<meta property=\"article:modified_time\" content=\"2022-03-22T01:20:09+00:00\" \/>\n<meta property=\"og:image\" content=\"https:\/\/medicinasinc.com\/fi\/wp-content\/uploads\/sites\/12\/2022\/02\/buy-quality-blue-rolex-ecstasy-pills-online.jpg\" \/>\n\t<meta property=\"og:image:width\" content=\"600\" \/>\n\t<meta property=\"og:image:height\" content=\"600\" \/>\n\t<meta property=\"og:image:type\" content=\"image\/jpeg\" \/>\n<meta name=\"twitter:card\" content=\"summary_large_image\" \/>\n<script type=\"application\/ld+json\" class=\"yoast-schema-graph\">{\"@context\":\"https:\\\/\\\/schema.org\",\"@graph\":[{\"@type\":\"WebPage\",\"@id\":\"https:\\\/\\\/medicinasinc.com\\\/fi\\\/product\\\/osta-blue-rolex-ecstasy-pills\\\/\",\"url\":\"https:\\\/\\\/medicinasinc.com\\\/fi\\\/product\\\/osta-blue-rolex-ecstasy-pills\\\/\",\"name\":\"Osta Blue Rolex -ekstaasipillereit\u00e4 \u2013 parhaat maailmanlaajuiset l\u00e4\u00e4kkeet\",\"isPartOf\":{\"@id\":\"https:\\\/\\\/medicinasinc.com\\\/fi\\\/#website\"},\"primaryImageOfPage\":{\"@id\":\"https:\\\/\\\/medicinasinc.com\\\/fi\\\/product\\\/osta-blue-rolex-ecstasy-pills\\\/#primaryimage\"},\"image\":{\"@id\":\"https:\\\/\\\/medicinasinc.com\\\/fi\\\/product\\\/osta-blue-rolex-ecstasy-pills\\\/#primaryimage\"},\"thumbnailUrl\":\"https:\\\/\\\/medicinasinc.com\\\/fi\\\/wp-content\\\/uploads\\\/sites\\\/12\\\/2022\\\/02\\\/buy-quality-blue-rolex-ecstasy-pills-online.jpg\",\"datePublished\":\"2022-02-20T13:20:33+00:00\",\"dateModified\":\"2022-03-22T01:20:09+00:00\",\"description\":\"Osta Blue Rolex ecstasy pills UK, Europe verkosta luotettavalta ja luotettavalta toimittajalta. Vieraile myym\u00e4l\u00e4ss\u00e4mme ja hanki huippulaadukkaita pillereit\u00e4 ja tutki kemikaaleja ly\u00f6m\u00e4tt\u00f6min hinnoin.\",\"breadcrumb\":{\"@id\":\"https:\\\/\\\/medicinasinc.com\\\/fi\\\/product\\\/osta-blue-rolex-ecstasy-pills\\\/#breadcrumb\"},\"inLanguage\":\"en-US\",\"potentialAction\":[{\"@type\":\"ReadAction\",\"target\":[\"https:\\\/\\\/medicinasinc.com\\\/fi\\\/product\\\/osta-blue-rolex-ecstasy-pills\\\/\"]}]},{\"@type\":\"ImageObject\",\"inLanguage\":\"en-US\",\"@id\":\"https:\\\/\\\/medicinasinc.com\\\/fi\\\/product\\\/osta-blue-rolex-ecstasy-pills\\\/#primaryimage\",\"url\":\"https:\\\/\\\/medicinasinc.com\\\/fi\\\/wp-content\\\/uploads\\\/sites\\\/12\\\/2022\\\/02\\\/buy-quality-blue-rolex-ecstasy-pills-online.jpg\",\"contentUrl\":\"https:\\\/\\\/medicinasinc.com\\\/fi\\\/wp-content\\\/uploads\\\/sites\\\/12\\\/2022\\\/02\\\/buy-quality-blue-rolex-ecstasy-pills-online.jpg\",\"width\":600,\"height\":600},{\"@type\":\"BreadcrumbList\",\"@id\":\"https:\\\/\\\/medicinasinc.com\\\/fi\\\/product\\\/osta-blue-rolex-ecstasy-pills\\\/#breadcrumb\",\"itemListElement\":[{\"@type\":\"ListItem\",\"position\":1,\"name\":\"Myym\u00e4l\u00e4\",\"item\":\"https:\\\/\\\/medicinasinc.com\\\/fi\\\/myymala\\\/\"},{\"@type\":\"ListItem\",\"position\":2,\"name\":\"Osta Blue Rolex ekstaasipillereit\u00e4\"}]},{\"@type\":\"WebSite\",\"@id\":\"https:\\\/\\\/medicinasinc.com\\\/fi\\\/#website\",\"url\":\"https:\\\/\\\/medicinasinc.com\\\/fi\\\/\",\"name\":\"Medicinas Inc\",\"description\":\"Health Medical Clinic\",\"potentialAction\":[{\"@type\":\"SearchAction\",\"target\":{\"@type\":\"EntryPoint\",\"urlTemplate\":\"https:\\\/\\\/medicinasinc.com\\\/fi\\\/?s={search_term_string}\"},\"query-input\":{\"@type\":\"PropertyValueSpecification\",\"valueRequired\":true,\"valueName\":\"search_term_string\"}}],\"inLanguage\":\"en-US\"}]}<\/script>\n<!-- \/ Yoast SEO plugin. -->","yoast_head_json":{"title":"Osta Blue Rolex -ekstaasipillereit\u00e4 \u2013 parhaat maailmanlaajuiset l\u00e4\u00e4kkeet","description":"Osta Blue Rolex ecstasy pills UK, Europe verkosta luotettavalta ja luotettavalta toimittajalta. Vieraile myym\u00e4l\u00e4ss\u00e4mme ja hanki huippulaadukkaita pillereit\u00e4 ja tutki kemikaaleja ly\u00f6m\u00e4tt\u00f6min hinnoin.","robots":{"index":"index","follow":"follow","max-snippet":"max-snippet:-1","max-image-preview":"max-image-preview:large","max-video-preview":"max-video-preview:-1"},"canonical":"https:\/\/medicinasinc.com\/fi\/product\/osta-blue-rolex-ecstasy-pills\/","og_locale":"en_US","og_type":"article","og_title":"Osta Blue Rolex -ekstaasipillereit\u00e4 \u2013 parhaat maailmanlaajuiset l\u00e4\u00e4kkeet","og_description":"Osta Blue Rolex ecstasy pills UK, Europe verkosta luotettavalta ja luotettavalta toimittajalta. Vieraile myym\u00e4l\u00e4ss\u00e4mme ja hanki huippulaadukkaita pillereit\u00e4 ja tutki kemikaaleja ly\u00f6m\u00e4tt\u00f6min hinnoin.","og_url":"https:\/\/medicinasinc.com\/fi\/product\/osta-blue-rolex-ecstasy-pills\/","og_site_name":"Medicinas Inc","article_modified_time":"2022-03-22T01:20:09+00:00","og_image":[{"width":600,"height":600,"url":"https:\/\/medicinasinc.com\/fi\/wp-content\/uploads\/sites\/12\/2022\/02\/buy-quality-blue-rolex-ecstasy-pills-online.jpg","type":"image\/jpeg"}],"twitter_card":"summary_large_image","schema":{"@context":"https:\/\/schema.org","@graph":[{"@type":"WebPage","@id":"https:\/\/medicinasinc.com\/fi\/product\/osta-blue-rolex-ecstasy-pills\/","url":"https:\/\/medicinasinc.com\/fi\/product\/osta-blue-rolex-ecstasy-pills\/","name":"Osta Blue Rolex -ekstaasipillereit\u00e4 \u2013 parhaat maailmanlaajuiset l\u00e4\u00e4kkeet","isPartOf":{"@id":"https:\/\/medicinasinc.com\/fi\/#website"},"primaryImageOfPage":{"@id":"https:\/\/medicinasinc.com\/fi\/product\/osta-blue-rolex-ecstasy-pills\/#primaryimage"},"image":{"@id":"https:\/\/medicinasinc.com\/fi\/product\/osta-blue-rolex-ecstasy-pills\/#primaryimage"},"thumbnailUrl":"https:\/\/medicinasinc.com\/fi\/wp-content\/uploads\/sites\/12\/2022\/02\/buy-quality-blue-rolex-ecstasy-pills-online.jpg","datePublished":"2022-02-20T13:20:33+00:00","dateModified":"2022-03-22T01:20:09+00:00","description":"Osta Blue Rolex ecstasy pills UK, Europe verkosta luotettavalta ja luotettavalta toimittajalta. Vieraile myym\u00e4l\u00e4ss\u00e4mme ja hanki huippulaadukkaita pillereit\u00e4 ja tutki kemikaaleja ly\u00f6m\u00e4tt\u00f6min hinnoin.","breadcrumb":{"@id":"https:\/\/medicinasinc.com\/fi\/product\/osta-blue-rolex-ecstasy-pills\/#breadcrumb"},"inLanguage":"en-US","potentialAction":[{"@type":"ReadAction","target":["https:\/\/medicinasinc.com\/fi\/product\/osta-blue-rolex-ecstasy-pills\/"]}]},{"@type":"ImageObject","inLanguage":"en-US","@id":"https:\/\/medicinasinc.com\/fi\/product\/osta-blue-rolex-ecstasy-pills\/#primaryimage","url":"https:\/\/medicinasinc.com\/fi\/wp-content\/uploads\/sites\/12\/2022\/02\/buy-quality-blue-rolex-ecstasy-pills-online.jpg","contentUrl":"https:\/\/medicinasinc.com\/fi\/wp-content\/uploads\/sites\/12\/2022\/02\/buy-quality-blue-rolex-ecstasy-pills-online.jpg","width":600,"height":600},{"@type":"BreadcrumbList","@id":"https:\/\/medicinasinc.com\/fi\/product\/osta-blue-rolex-ecstasy-pills\/#breadcrumb","itemListElement":[{"@type":"ListItem","position":1,"name":"Myym\u00e4l\u00e4","item":"https:\/\/medicinasinc.com\/fi\/myymala\/"},{"@type":"ListItem","position":2,"name":"Osta Blue Rolex ekstaasipillereit\u00e4"}]},{"@type":"WebSite","@id":"https:\/\/medicinasinc.com\/fi\/#website","url":"https:\/\/medicinasinc.com\/fi\/","name":"Medicinas Inc","description":"Health Medical Clinic","potentialAction":[{"@type":"SearchAction","target":{"@type":"EntryPoint","urlTemplate":"https:\/\/medicinasinc.com\/fi\/?s={search_term_string}"},"query-input":{"@type":"PropertyValueSpecification","valueRequired":true,"valueName":"search_term_string"}}],"inLanguage":"en-US"}]}},"_links":{"self":[{"href":"https:\/\/medicinasinc.com\/fi\/wp-json\/wp\/v2\/product\/4575","targetHints":{"allow":["GET"]}}],"collection":[{"href":"https:\/\/medicinasinc.com\/fi\/wp-json\/wp\/v2\/product"}],"about":[{"href":"https:\/\/medicinasinc.com\/fi\/wp-json\/wp\/v2\/types\/product"}],"replies":[{"embeddable":true,"href":"https:\/\/medicinasinc.com\/fi\/wp-json\/wp\/v2\/comments?post=4575"}],"wp:featuredmedia":[{"embeddable":true,"href":"https:\/\/medicinasinc.com\/fi\/wp-json\/wp\/v2\/media\/4587"}],"wp:attachment":[{"href":"https:\/\/medicinasinc.com\/fi\/wp-json\/wp\/v2\/media?parent=4575"}],"wp:term":[{"taxonomy":"product_brand","embeddable":true,"href":"https:\/\/medicinasinc.com\/fi\/wp-json\/wp\/v2\/product_brand?post=4575"},{"taxonomy":"product_cat","embeddable":true,"href":"https:\/\/medicinasinc.com\/fi\/wp-json\/wp\/v2\/product_cat?post=4575"},{"taxonomy":"product_tag","embeddable":true,"href":"https:\/\/medicinasinc.com\/fi\/wp-json\/wp\/v2\/product_tag?post=4575"}],"curies":[{"name":"wp","href":"https:\/\/api.w.org\/{rel}","templated":true}]}}