{"id":4535,"date":"2022-02-20T10:31:14","date_gmt":"2022-02-20T10:31:14","guid":{"rendered":"https:\/\/medicinasinc.com\/fi\/?post_type=product&#038;p=4535"},"modified":"2022-03-22T01:20:37","modified_gmt":"2022-03-22T01:20:37","slug":"osta-grey-bugatti-mdma-pills","status":"publish","type":"product","link":"https:\/\/medicinasinc.com\/fi\/product\/osta-grey-bugatti-mdma-pills\/","title":{"rendered":"Osta harmaita Bugatti MDMA -pillereit\u00e4"},"content":{"rendered":"<p>OSTA VERKOSSA HARMAA BUGATTI MDMA PILLERIT<\/p>\n<p>MDMA (metamfetamiini-metyleenidioksimetamfetamiini) on synteettinen stimulantti, joka muuttaa havaintokyky\u00e4 ja mielialaa (tietoisuutta ymp\u00e4r\u00f6ivist\u00e4 olosuhteista ja esineist\u00e4). Kemiallisesti se on samanlainen kuin hallusinogeenit ja piristeet, mik\u00e4 saa aikaan lis\u00e4\u00e4ntyneen nautinnon, energian, tunnel\u00e4mm\u00f6n, ajan havainnon ja v\u00e4\u00e4ristyneen aistihavainnon tunteita. Osta puhdasta mdmaa verkosta.<\/p>\n<p>MDMA oli alun perin suosittu koko y\u00f6n kest\u00e4viss\u00e4 tanssijuhlissa ja y\u00f6kerhoissa, mutta nyt huume vaikuttaa moniin ihmisryhmiin, jotka kutsuvat sit\u00e4 Mollyksi tai Ecstasyksi. Grey Bugatti MDMA -pillereiden ostaminen verkossa<\/p>\n<p>Ecstasy on pirist\u00e4v\u00e4 huume, joka voi aiheuttaa hallusinaatioita. Yksil\u00f6j\u00e4 kutsutaan design-huumeiksi, koska ne saavat ihmisen tuntemaan olonsa rentoutuneeksi, energiseksi ja korkeaksi. L\u00e4\u00e4ke on erityisen suosittu nuorten aikuisten ja teini-ik\u00e4isten keskuudessa, jotka osallistuvat konsertteihin, klubeihin ja &#8220;rave&#8221;-juhliin. Osta mdma verkosta<\/p>\n<p>Ecstasysta k\u00e4ytet\u00e4\u00e4n usein nimityst\u00e4 &#8220;rakkauspilleri&#8221;, koska se parantaa \u00e4\u00e4ni- ja v\u00e4rik\u00e4sityst\u00e4 ja v\u00e4itetysti voimistaa aistimuksia, kun joku hyv\u00e4ilee tai koskettaa toista, etenkin seksin aikana. Voit my\u00f6s ostaa Viagraa parantaaksesi seksisuorituskyky\u00e4.<\/p>\n<p>K\u00e4ytt\u00e4j\u00e4t uskovat, ett\u00e4 l\u00e4\u00e4ke saa heid\u00e4t tuntemaan olonsa rentoutuneeksi ja terveeksi ja pit\u00e4\u00e4 heid\u00e4t hengiss\u00e4 p\u00e4ivi\u00e4 ilman lepoa. Ekstaasia k\u00e4ytt\u00e4v\u00e4t ihmiset eiv\u00e4t ole tietoisia t\u00e4h\u00e4n l\u00e4\u00e4kkeeseen liittyvist\u00e4 vaaroista. Mist\u00e4 voin ostaa puhdasta mdmaa verkosta?<\/p>\n<p>Ecstasysta on tullut yksi laajimmin saatavilla olevista katuhuumeista. Ekstaasi on l\u00e4hett\u00e4nyt joukon meist\u00e4 ensiapuun parin viime vuoden aikana vaarallisten sivuvaikutustensa vuoksi. Tilaa MDMA Euroopan unionista, voinko ostaa MDMA:ta verkosta, tukkumyynti MDMA:ta verkosta, puhdasta MDMA:ta verkossa myyt\u00e4v\u00e4n\u00e4, aitoa mdma:ta myyt\u00e4v\u00e4n\u00e4 verkossa Amerikan yhdysvalloissa<\/p>\n","protected":false},"excerpt":{"rendered":"<p>Osta Harmaa Bugatti MDMA -pillereit\u00e4 myyt\u00e4v\u00e4ksi verkossa parhaaseen hintaan. Takaamme turvallisen ja turvallisen toimituksen maailmanlaajuisesti. Tilaa MDMA:ta EU:sta, voinko ostaa MDMA:ta verkosta, tukkumyynti MDMA:ta verkosta<\/p>\n<p><em>Osta Grey Bugatti MDMA -pillereit\u00e4<\/em>\u00a0Verkosta parhaaseen hintaan. Takaamme turvallisen ja turvallisen toimituksen maailmanlaajuisesti. WhatsApp meille nyt<\/p>\n","protected":false},"featured_media":4558,"comment_status":"open","ping_status":"closed","template":"","meta":[],"product_brand":[],"product_cat":[498],"product_tag":[499,501,502,503,506,508,509,510,511,512,513,514,515,516,520,531,521,524,522,523,517,518,519,526,527,528,532,533,534,535,530,529,525,544,545,546,547,536,538,539,500,504,505,507,542,541,543,540,537],"class_list":{"0":"post-4535","1":"product","2":"type-product","3":"status-publish","4":"has-post-thumbnail","6":"product_cat-osta-ecstasy-pillereit","7":"product_tag-buy-gray-bugatti-mdma-pills-online","8":"product_tag-buy-mdma-online","9":"product_tag-buy-mdma-pills","10":"product_tag-buy-mdma-pills-online","11":"product_tag-buy-pure-mdma-online","12":"product_tag-can-i-order-mdma-online","13":"product_tag-get-mdma-online","14":"product_tag-miten-tilaa-mdma","15":"product_tag-laittomat-huumeet-myynniss-online-mdma","16":"product_tag-mdma","17":"product_tag-mdma-100-mg","18":"product_tag-mdma-1g","19":"product_tag-mdma-3-4-metyleenidioksi-n-metyyliamfetamiini","20":"product_tag-mdma-3g","21":"product_tag-mdma-for-sale-order-online","22":"product_tag-mdma-kuvat","23":"product_tag-mdma-molly","24":"product_tag-mdma-molly-jauhe","25":"product_tag-mdma-molly-kiteit","26":"product_tag-mdma-molly-myynniss","27":"product_tag-mdma-myynniss","28":"product_tag-mdma-myynniss-verkossa","29":"product_tag-mdma-myynniss-online-usa","30":"product_tag-mdma-online-sale","31":"product_tag-mdma-online-sales","32":"product_tag-mdma-online-myynti-myyjt","33":"product_tag-mdma-pill","34":"product_tag-mdma-pills-for-sale-online","35":"product_tag-mdma-sale","36":"product_tag-mdma-sales","37":"product_tag-mdma-tilaus-verkossa","38":"product_tag-mdma-verkkokauppa","39":"product_tag-mdma-online-tilaus","40":"product_tag-mist-ostaa-mdma-pillereit","41":"product_tag-mist-ostaa-mdma-pillereit-verkosta","42":"product_tag-mist-osta-pure-mdma-online","43":"product_tag-mist-osta-pure-molly-verkosta","44":"product_tag-molly-mdma-jauhe","45":"product_tag-online-mdma-sales","46":"product_tag-order-mdma-online","47":"product_tag-osta-mdma","48":"product_tag-osta-molly-verkosta","49":"product_tag-osta-mollymdma-verkosta","50":"product_tag-osta-tutkimus-kemikaalit-verkosta","51":"product_tag-pure-mdma-myynniss-verkossa","52":"product_tag-pure-mdma","53":"product_tag-real-mdma-myynniss-online","54":"product_tag-tilaa-pure-mdma-online","55":"product_tag-verkossa","57":"first","58":"instock","59":"shipping-taxable","60":"purchasable","61":"product-type-variable","62":"has-default-attributes"},"yoast_head":"<!-- This site is optimized with the Yoast SEO plugin v27.3 - https:\/\/yoast.com\/product\/yoast-seo-wordpress\/ -->\n<title>Osta harmaita Bugatti MDMA -pillereit\u00e4 - parhaat maailmanlaajuiset l\u00e4\u00e4kkeet<\/title>\n<meta name=\"description\" content=\"Osta Harmaa Bugatti MDMA -pillerit netist\u00e4 parhaaseen hintaan. Takaamme turvallisen ja turvallisen toimituksen maailmanlaajuisesti. Tilaa MDMA EU:sta, voinko ostaa MDMA:ta verkosta, tukkumyynti MDMA:ta verkossa\" \/>\n<meta name=\"robots\" content=\"index, follow, max-snippet:-1, max-image-preview:large, max-video-preview:-1\" \/>\n<link rel=\"canonical\" href=\"https:\/\/medicinasinc.com\/fi\/product\/osta-grey-bugatti-mdma-pills\/\" \/>\n<meta property=\"og:locale\" content=\"en_US\" \/>\n<meta property=\"og:type\" content=\"article\" \/>\n<meta property=\"og:title\" content=\"Osta harmaita Bugatti MDMA -pillereit\u00e4 - parhaat maailmanlaajuiset l\u00e4\u00e4kkeet\" \/>\n<meta property=\"og:description\" content=\"Osta Harmaa Bugatti MDMA -pillerit netist\u00e4 parhaaseen hintaan. Takaamme turvallisen ja turvallisen toimituksen maailmanlaajuisesti. Tilaa MDMA EU:sta, voinko ostaa MDMA:ta verkosta, tukkumyynti MDMA:ta verkossa\" \/>\n<meta property=\"og:url\" content=\"https:\/\/medicinasinc.com\/fi\/product\/osta-grey-bugatti-mdma-pills\/\" \/>\n<meta property=\"og:site_name\" content=\"Medicinas Inc\" \/>\n<meta property=\"article:modified_time\" content=\"2022-03-22T01:20:37+00:00\" \/>\n<meta property=\"og:image\" content=\"https:\/\/medicinasinc.com\/fi\/wp-content\/uploads\/sites\/12\/2022\/02\/buy-gray-bugatti-mdma-pills-online.jpg\" \/>\n\t<meta property=\"og:image:width\" content=\"600\" \/>\n\t<meta property=\"og:image:height\" content=\"600\" \/>\n\t<meta property=\"og:image:type\" content=\"image\/jpeg\" \/>\n<meta name=\"twitter:card\" content=\"summary_large_image\" \/>\n<meta name=\"twitter:label1\" content=\"Est. reading time\" \/>\n\t<meta name=\"twitter:data1\" content=\"2 minutes\" \/>\n<script type=\"application\/ld+json\" class=\"yoast-schema-graph\">{\"@context\":\"https:\\\/\\\/schema.org\",\"@graph\":[{\"@type\":\"WebPage\",\"@id\":\"https:\\\/\\\/medicinasinc.com\\\/fi\\\/product\\\/osta-grey-bugatti-mdma-pills\\\/\",\"url\":\"https:\\\/\\\/medicinasinc.com\\\/fi\\\/product\\\/osta-grey-bugatti-mdma-pills\\\/\",\"name\":\"Osta harmaita Bugatti MDMA -pillereit\u00e4 - parhaat maailmanlaajuiset l\u00e4\u00e4kkeet\",\"isPartOf\":{\"@id\":\"https:\\\/\\\/medicinasinc.com\\\/fi\\\/#website\"},\"primaryImageOfPage\":{\"@id\":\"https:\\\/\\\/medicinasinc.com\\\/fi\\\/product\\\/osta-grey-bugatti-mdma-pills\\\/#primaryimage\"},\"image\":{\"@id\":\"https:\\\/\\\/medicinasinc.com\\\/fi\\\/product\\\/osta-grey-bugatti-mdma-pills\\\/#primaryimage\"},\"thumbnailUrl\":\"https:\\\/\\\/medicinasinc.com\\\/fi\\\/wp-content\\\/uploads\\\/sites\\\/12\\\/2022\\\/02\\\/buy-gray-bugatti-mdma-pills-online.jpg\",\"datePublished\":\"2022-02-20T10:31:14+00:00\",\"dateModified\":\"2022-03-22T01:20:37+00:00\",\"description\":\"Osta Harmaa Bugatti MDMA -pillerit netist\u00e4 parhaaseen hintaan. Takaamme turvallisen ja turvallisen toimituksen maailmanlaajuisesti. Tilaa MDMA EU:sta, voinko ostaa MDMA:ta verkosta, tukkumyynti MDMA:ta verkossa\",\"breadcrumb\":{\"@id\":\"https:\\\/\\\/medicinasinc.com\\\/fi\\\/product\\\/osta-grey-bugatti-mdma-pills\\\/#breadcrumb\"},\"inLanguage\":\"en-US\",\"potentialAction\":[{\"@type\":\"ReadAction\",\"target\":[\"https:\\\/\\\/medicinasinc.com\\\/fi\\\/product\\\/osta-grey-bugatti-mdma-pills\\\/\"]}]},{\"@type\":\"ImageObject\",\"inLanguage\":\"en-US\",\"@id\":\"https:\\\/\\\/medicinasinc.com\\\/fi\\\/product\\\/osta-grey-bugatti-mdma-pills\\\/#primaryimage\",\"url\":\"https:\\\/\\\/medicinasinc.com\\\/fi\\\/wp-content\\\/uploads\\\/sites\\\/12\\\/2022\\\/02\\\/buy-gray-bugatti-mdma-pills-online.jpg\",\"contentUrl\":\"https:\\\/\\\/medicinasinc.com\\\/fi\\\/wp-content\\\/uploads\\\/sites\\\/12\\\/2022\\\/02\\\/buy-gray-bugatti-mdma-pills-online.jpg\",\"width\":600,\"height\":600},{\"@type\":\"BreadcrumbList\",\"@id\":\"https:\\\/\\\/medicinasinc.com\\\/fi\\\/product\\\/osta-grey-bugatti-mdma-pills\\\/#breadcrumb\",\"itemListElement\":[{\"@type\":\"ListItem\",\"position\":1,\"name\":\"Myym\u00e4l\u00e4\",\"item\":\"https:\\\/\\\/medicinasinc.com\\\/fi\\\/myymala\\\/\"},{\"@type\":\"ListItem\",\"position\":2,\"name\":\"Osta harmaita Bugatti MDMA -pillereit\u00e4\"}]},{\"@type\":\"WebSite\",\"@id\":\"https:\\\/\\\/medicinasinc.com\\\/fi\\\/#website\",\"url\":\"https:\\\/\\\/medicinasinc.com\\\/fi\\\/\",\"name\":\"Medicinas Inc\",\"description\":\"Health Medical Clinic\",\"potentialAction\":[{\"@type\":\"SearchAction\",\"target\":{\"@type\":\"EntryPoint\",\"urlTemplate\":\"https:\\\/\\\/medicinasinc.com\\\/fi\\\/?s={search_term_string}\"},\"query-input\":{\"@type\":\"PropertyValueSpecification\",\"valueRequired\":true,\"valueName\":\"search_term_string\"}}],\"inLanguage\":\"en-US\"}]}<\/script>\n<!-- \/ Yoast SEO plugin. -->","yoast_head_json":{"title":"Osta harmaita Bugatti MDMA -pillereit\u00e4 - parhaat maailmanlaajuiset l\u00e4\u00e4kkeet","description":"Osta Harmaa Bugatti MDMA -pillerit netist\u00e4 parhaaseen hintaan. Takaamme turvallisen ja turvallisen toimituksen maailmanlaajuisesti. Tilaa MDMA EU:sta, voinko ostaa MDMA:ta verkosta, tukkumyynti MDMA:ta verkossa","robots":{"index":"index","follow":"follow","max-snippet":"max-snippet:-1","max-image-preview":"max-image-preview:large","max-video-preview":"max-video-preview:-1"},"canonical":"https:\/\/medicinasinc.com\/fi\/product\/osta-grey-bugatti-mdma-pills\/","og_locale":"en_US","og_type":"article","og_title":"Osta harmaita Bugatti MDMA -pillereit\u00e4 - parhaat maailmanlaajuiset l\u00e4\u00e4kkeet","og_description":"Osta Harmaa Bugatti MDMA -pillerit netist\u00e4 parhaaseen hintaan. Takaamme turvallisen ja turvallisen toimituksen maailmanlaajuisesti. Tilaa MDMA EU:sta, voinko ostaa MDMA:ta verkosta, tukkumyynti MDMA:ta verkossa","og_url":"https:\/\/medicinasinc.com\/fi\/product\/osta-grey-bugatti-mdma-pills\/","og_site_name":"Medicinas Inc","article_modified_time":"2022-03-22T01:20:37+00:00","og_image":[{"width":600,"height":600,"url":"https:\/\/medicinasinc.com\/fi\/wp-content\/uploads\/sites\/12\/2022\/02\/buy-gray-bugatti-mdma-pills-online.jpg","type":"image\/jpeg"}],"twitter_card":"summary_large_image","twitter_misc":{"Est. reading time":"2 minutes"},"schema":{"@context":"https:\/\/schema.org","@graph":[{"@type":"WebPage","@id":"https:\/\/medicinasinc.com\/fi\/product\/osta-grey-bugatti-mdma-pills\/","url":"https:\/\/medicinasinc.com\/fi\/product\/osta-grey-bugatti-mdma-pills\/","name":"Osta harmaita Bugatti MDMA -pillereit\u00e4 - parhaat maailmanlaajuiset l\u00e4\u00e4kkeet","isPartOf":{"@id":"https:\/\/medicinasinc.com\/fi\/#website"},"primaryImageOfPage":{"@id":"https:\/\/medicinasinc.com\/fi\/product\/osta-grey-bugatti-mdma-pills\/#primaryimage"},"image":{"@id":"https:\/\/medicinasinc.com\/fi\/product\/osta-grey-bugatti-mdma-pills\/#primaryimage"},"thumbnailUrl":"https:\/\/medicinasinc.com\/fi\/wp-content\/uploads\/sites\/12\/2022\/02\/buy-gray-bugatti-mdma-pills-online.jpg","datePublished":"2022-02-20T10:31:14+00:00","dateModified":"2022-03-22T01:20:37+00:00","description":"Osta Harmaa Bugatti MDMA -pillerit netist\u00e4 parhaaseen hintaan. Takaamme turvallisen ja turvallisen toimituksen maailmanlaajuisesti. Tilaa MDMA EU:sta, voinko ostaa MDMA:ta verkosta, tukkumyynti MDMA:ta verkossa","breadcrumb":{"@id":"https:\/\/medicinasinc.com\/fi\/product\/osta-grey-bugatti-mdma-pills\/#breadcrumb"},"inLanguage":"en-US","potentialAction":[{"@type":"ReadAction","target":["https:\/\/medicinasinc.com\/fi\/product\/osta-grey-bugatti-mdma-pills\/"]}]},{"@type":"ImageObject","inLanguage":"en-US","@id":"https:\/\/medicinasinc.com\/fi\/product\/osta-grey-bugatti-mdma-pills\/#primaryimage","url":"https:\/\/medicinasinc.com\/fi\/wp-content\/uploads\/sites\/12\/2022\/02\/buy-gray-bugatti-mdma-pills-online.jpg","contentUrl":"https:\/\/medicinasinc.com\/fi\/wp-content\/uploads\/sites\/12\/2022\/02\/buy-gray-bugatti-mdma-pills-online.jpg","width":600,"height":600},{"@type":"BreadcrumbList","@id":"https:\/\/medicinasinc.com\/fi\/product\/osta-grey-bugatti-mdma-pills\/#breadcrumb","itemListElement":[{"@type":"ListItem","position":1,"name":"Myym\u00e4l\u00e4","item":"https:\/\/medicinasinc.com\/fi\/myymala\/"},{"@type":"ListItem","position":2,"name":"Osta harmaita Bugatti MDMA -pillereit\u00e4"}]},{"@type":"WebSite","@id":"https:\/\/medicinasinc.com\/fi\/#website","url":"https:\/\/medicinasinc.com\/fi\/","name":"Medicinas Inc","description":"Health Medical Clinic","potentialAction":[{"@type":"SearchAction","target":{"@type":"EntryPoint","urlTemplate":"https:\/\/medicinasinc.com\/fi\/?s={search_term_string}"},"query-input":{"@type":"PropertyValueSpecification","valueRequired":true,"valueName":"search_term_string"}}],"inLanguage":"en-US"}]}},"_links":{"self":[{"href":"https:\/\/medicinasinc.com\/fi\/wp-json\/wp\/v2\/product\/4535","targetHints":{"allow":["GET"]}}],"collection":[{"href":"https:\/\/medicinasinc.com\/fi\/wp-json\/wp\/v2\/product"}],"about":[{"href":"https:\/\/medicinasinc.com\/fi\/wp-json\/wp\/v2\/types\/product"}],"replies":[{"embeddable":true,"href":"https:\/\/medicinasinc.com\/fi\/wp-json\/wp\/v2\/comments?post=4535"}],"wp:featuredmedia":[{"embeddable":true,"href":"https:\/\/medicinasinc.com\/fi\/wp-json\/wp\/v2\/media\/4558"}],"wp:attachment":[{"href":"https:\/\/medicinasinc.com\/fi\/wp-json\/wp\/v2\/media?parent=4535"}],"wp:term":[{"taxonomy":"product_brand","embeddable":true,"href":"https:\/\/medicinasinc.com\/fi\/wp-json\/wp\/v2\/product_brand?post=4535"},{"taxonomy":"product_cat","embeddable":true,"href":"https:\/\/medicinasinc.com\/fi\/wp-json\/wp\/v2\/product_cat?post=4535"},{"taxonomy":"product_tag","embeddable":true,"href":"https:\/\/medicinasinc.com\/fi\/wp-json\/wp\/v2\/product_tag?post=4535"}],"curies":[{"name":"wp","href":"https:\/\/api.w.org\/{rel}","templated":true}]}}