{"id":4534,"date":"2022-02-20T10:30:39","date_gmt":"2022-02-20T10:30:39","guid":{"rendered":"https:\/\/medicinasinc.com\/fi\/?post_type=product&#038;p=4534"},"modified":"2022-03-22T01:20:46","modified_gmt":"2022-03-22T01:20:46","slug":"osta-vihrea-tahti-ecstasy-pillereita","status":"publish","type":"product","link":"https:\/\/medicinasinc.com\/fi\/product\/osta-vihrea-tahti-ecstasy-pillereita\/","title":{"rendered":"Osta Green Star -ecstasy-pillereit\u00e4"},"content":{"rendered":"<p>Ecstasy Green Star 254 mg Osta verkosta<\/p>\n<p>Green Star -ecstasy-pillereit\u00e4 myynniss\u00e4 verkossa.<\/p>\n<p>Ecstasy syntyi vuonna 1912 Merckin huumesuhteen seurauksena. Se nimettiin &#8220;MDMA:ksi&#8221; uuden rakenteensa vuoksi. Yhdysvaltain armeija k\u00e4ytti sit\u00e4 ensimm\u00e4isen kerran vuonna 1953 henkisen taistelun testeihin, ja se otettiin uudelleen k\u00e4ytt\u00f6\u00f6n 1960-luvulla psykoterapian reseptin\u00e4 &#8220;alenemaan estoja&#8221;. 1 MDMA:ta k\u00e4ytettiin sosiaalisena l\u00e4\u00e4keaineena vasta 1970-luvulla.<\/p>\n<p>1980-luvun puoliv\u00e4liin menness\u00e4 MDMA:ta oli mainostettu &#8220;metodin kuplivimpana asiana, joka etsii hauskaa tieteen kautta&#8221; ja &#8220;l\u00e4\u00e4kkeiss\u00e4&#8221; pitkiin juhliin. MDMA:ta myytiin edelleen tuotenimell\u00e4 &#8220;Delight&#8221; vuonna 1984, mutta vuoteen 1985 menness\u00e4 l\u00e4\u00e4kkeit\u00e4 oli rajoitettu turvallisuussyist\u00e4.<br \/> Vihre\u00e4 t\u00e4hti Ecstacy saattaa olla erityisen hy\u00f6dyllinen niille, jotka k\u00e4sittelev\u00e4t post-terriblea. PTSD. Monet potilaat eiv\u00e4t pysty keskustelemaan ahdistavista tapahtumista, jotka saivat aikaan heid\u00e4n ongelmansa. T\u00e4m\u00e4n teorian mukaan ilo voi auttaa yksil\u00f6it\u00e4 kohtaamaan n\u00e4m\u00e4 haavat.<\/p>\n<p>Doblin, 50, ei ole aiheen asiantuntija tai tutkija, mutta h\u00e4nell\u00e4 on laaja yhteys l\u00e4\u00e4ketieteeseen, koska h\u00e4n k\u00e4ytt\u00e4\u00e4 sit\u00e4 usein. . &#8220;Se on tehnyt merkitt\u00e4v\u00e4n muutoksen el\u00e4m\u00e4\u00e4ni&#8221;, h\u00e4n selitti. H\u00e4n on vuosien ajan my\u00f6nt\u00e4nyt levitt\u00e4neens\u00e4 viesti\u00e4 siit\u00e4, ett\u00e4 Rapturella ja erilaisilla hallusinogeenisilla l\u00e4\u00e4kkeill\u00e4 on kriittisi\u00e4 terveysvaikutuksia.<br \/> Jos todella etsit yrityst\u00e4, joka pystyy toimittamaan korkealaatuisimpia tuotteita, olet tullut oikeaan paikka. S\u00e4\u00e4ti\u00f6ss\u00e4mme voit valita parhaat tuotteet, jotka auttavat sinua rakentamaan luottamustasi ja luomaan laillisen suhteen kanssamme tuotteidemme korkean laadun ansiosta. L\u00e4het\u00e4 pyynt\u00f6si nyt, niin Green star ecstasy toimitetaan kotiovellesi viiden arkip\u00e4iv\u00e4n kuluessa.<\/p>\n","protected":false},"excerpt":{"rendered":"<p>Osta Green Star -ecstasy-pillereit\u00e4 myyt\u00e4v\u00e4n\u00e4 Isossa-Britanniassa, Euroopassa verkossa. Osta Green Star -ecstasy-pillereit\u00e4 verkosta luotettavimmalta mdma-toimittajalta, takaamme huomaamattoman ja turvallisen toimituksen<\/p>\n","protected":false},"featured_media":4557,"comment_status":"open","ping_status":"closed","template":"","meta":[],"product_brand":[],"product_cat":[498],"product_tag":[],"class_list":{"0":"post-4534","1":"product","2":"type-product","3":"status-publish","4":"has-post-thumbnail","6":"product_cat-osta-ecstasy-pillereit","8":"first","9":"instock","10":"shipping-taxable","11":"purchasable","12":"product-type-variable","13":"has-default-attributes"},"yoast_head":"<!-- This site is optimized with the Yoast SEO plugin v27.3 - https:\/\/yoast.com\/product\/yoast-seo-wordpress\/ -->\n<title>Osta Green Star -ecstasy-pillereit\u00e4 \u2013 parhaat maailmanlaajuiset l\u00e4\u00e4kkeet<\/title>\n<meta name=\"description\" content=\"Osta Green Star -ecstasy-pillereit\u00e4 myyt\u00e4v\u00e4n\u00e4 Isossa-Britanniassa, Euroopassa verkossa. Osta Green Star -ecstasy-pillereit\u00e4 verkosta luotettavimmalta mdma-toimittajalta, takaamme huomaamattoman ja turvallisen toimituksen\" \/>\n<meta name=\"robots\" content=\"index, follow, max-snippet:-1, max-image-preview:large, max-video-preview:-1\" \/>\n<link rel=\"canonical\" href=\"https:\/\/medicinasinc.com\/fi\/product\/osta-vihrea-tahti-ecstasy-pillereita\/\" \/>\n<meta property=\"og:locale\" content=\"en_US\" \/>\n<meta property=\"og:type\" content=\"article\" \/>\n<meta property=\"og:title\" content=\"Osta Green Star -ecstasy-pillereit\u00e4 \u2013 parhaat maailmanlaajuiset l\u00e4\u00e4kkeet\" \/>\n<meta property=\"og:description\" content=\"Osta Green Star -ecstasy-pillereit\u00e4 myyt\u00e4v\u00e4n\u00e4 Isossa-Britanniassa, Euroopassa verkossa. Osta Green Star -ecstasy-pillereit\u00e4 verkosta luotettavimmalta mdma-toimittajalta, takaamme huomaamattoman ja turvallisen toimituksen\" \/>\n<meta property=\"og:url\" content=\"https:\/\/medicinasinc.com\/fi\/product\/osta-vihrea-tahti-ecstasy-pillereita\/\" \/>\n<meta property=\"og:site_name\" content=\"Medicinas Inc\" \/>\n<meta property=\"article:modified_time\" content=\"2022-03-22T01:20:46+00:00\" \/>\n<meta property=\"og:image\" content=\"https:\/\/medicinasinc.com\/fi\/wp-content\/uploads\/sites\/12\/2022\/02\/buy-green-star-ecstasy-pills-online.jpg\" \/>\n\t<meta property=\"og:image:width\" content=\"600\" \/>\n\t<meta property=\"og:image:height\" content=\"600\" \/>\n\t<meta property=\"og:image:type\" content=\"image\/jpeg\" \/>\n<meta name=\"twitter:card\" content=\"summary_large_image\" \/>\n<meta name=\"twitter:label1\" content=\"Est. reading time\" \/>\n\t<meta name=\"twitter:data1\" content=\"2 minutes\" \/>\n<script type=\"application\/ld+json\" class=\"yoast-schema-graph\">{\"@context\":\"https:\\\/\\\/schema.org\",\"@graph\":[{\"@type\":\"WebPage\",\"@id\":\"https:\\\/\\\/medicinasinc.com\\\/fi\\\/product\\\/osta-vihrea-tahti-ecstasy-pillereita\\\/\",\"url\":\"https:\\\/\\\/medicinasinc.com\\\/fi\\\/product\\\/osta-vihrea-tahti-ecstasy-pillereita\\\/\",\"name\":\"Osta Green Star -ecstasy-pillereit\u00e4 \u2013 parhaat maailmanlaajuiset l\u00e4\u00e4kkeet\",\"isPartOf\":{\"@id\":\"https:\\\/\\\/medicinasinc.com\\\/fi\\\/#website\"},\"primaryImageOfPage\":{\"@id\":\"https:\\\/\\\/medicinasinc.com\\\/fi\\\/product\\\/osta-vihrea-tahti-ecstasy-pillereita\\\/#primaryimage\"},\"image\":{\"@id\":\"https:\\\/\\\/medicinasinc.com\\\/fi\\\/product\\\/osta-vihrea-tahti-ecstasy-pillereita\\\/#primaryimage\"},\"thumbnailUrl\":\"https:\\\/\\\/medicinasinc.com\\\/fi\\\/wp-content\\\/uploads\\\/sites\\\/12\\\/2022\\\/02\\\/buy-green-star-ecstasy-pills-online.jpg\",\"datePublished\":\"2022-02-20T10:30:39+00:00\",\"dateModified\":\"2022-03-22T01:20:46+00:00\",\"description\":\"Osta Green Star -ecstasy-pillereit\u00e4 myyt\u00e4v\u00e4n\u00e4 Isossa-Britanniassa, Euroopassa verkossa. Osta Green Star -ecstasy-pillereit\u00e4 verkosta luotettavimmalta mdma-toimittajalta, takaamme huomaamattoman ja turvallisen toimituksen\",\"breadcrumb\":{\"@id\":\"https:\\\/\\\/medicinasinc.com\\\/fi\\\/product\\\/osta-vihrea-tahti-ecstasy-pillereita\\\/#breadcrumb\"},\"inLanguage\":\"en-US\",\"potentialAction\":[{\"@type\":\"ReadAction\",\"target\":[\"https:\\\/\\\/medicinasinc.com\\\/fi\\\/product\\\/osta-vihrea-tahti-ecstasy-pillereita\\\/\"]}]},{\"@type\":\"ImageObject\",\"inLanguage\":\"en-US\",\"@id\":\"https:\\\/\\\/medicinasinc.com\\\/fi\\\/product\\\/osta-vihrea-tahti-ecstasy-pillereita\\\/#primaryimage\",\"url\":\"https:\\\/\\\/medicinasinc.com\\\/fi\\\/wp-content\\\/uploads\\\/sites\\\/12\\\/2022\\\/02\\\/buy-green-star-ecstasy-pills-online.jpg\",\"contentUrl\":\"https:\\\/\\\/medicinasinc.com\\\/fi\\\/wp-content\\\/uploads\\\/sites\\\/12\\\/2022\\\/02\\\/buy-green-star-ecstasy-pills-online.jpg\",\"width\":600,\"height\":600},{\"@type\":\"BreadcrumbList\",\"@id\":\"https:\\\/\\\/medicinasinc.com\\\/fi\\\/product\\\/osta-vihrea-tahti-ecstasy-pillereita\\\/#breadcrumb\",\"itemListElement\":[{\"@type\":\"ListItem\",\"position\":1,\"name\":\"Myym\u00e4l\u00e4\",\"item\":\"https:\\\/\\\/medicinasinc.com\\\/fi\\\/myymala\\\/\"},{\"@type\":\"ListItem\",\"position\":2,\"name\":\"Osta Green Star -ecstasy-pillereit\u00e4\"}]},{\"@type\":\"WebSite\",\"@id\":\"https:\\\/\\\/medicinasinc.com\\\/fi\\\/#website\",\"url\":\"https:\\\/\\\/medicinasinc.com\\\/fi\\\/\",\"name\":\"Medicinas Inc\",\"description\":\"Health Medical Clinic\",\"potentialAction\":[{\"@type\":\"SearchAction\",\"target\":{\"@type\":\"EntryPoint\",\"urlTemplate\":\"https:\\\/\\\/medicinasinc.com\\\/fi\\\/?s={search_term_string}\"},\"query-input\":{\"@type\":\"PropertyValueSpecification\",\"valueRequired\":true,\"valueName\":\"search_term_string\"}}],\"inLanguage\":\"en-US\"}]}<\/script>\n<!-- \/ Yoast SEO plugin. -->","yoast_head_json":{"title":"Osta Green Star -ecstasy-pillereit\u00e4 \u2013 parhaat maailmanlaajuiset l\u00e4\u00e4kkeet","description":"Osta Green Star -ecstasy-pillereit\u00e4 myyt\u00e4v\u00e4n\u00e4 Isossa-Britanniassa, Euroopassa verkossa. Osta Green Star -ecstasy-pillereit\u00e4 verkosta luotettavimmalta mdma-toimittajalta, takaamme huomaamattoman ja turvallisen toimituksen","robots":{"index":"index","follow":"follow","max-snippet":"max-snippet:-1","max-image-preview":"max-image-preview:large","max-video-preview":"max-video-preview:-1"},"canonical":"https:\/\/medicinasinc.com\/fi\/product\/osta-vihrea-tahti-ecstasy-pillereita\/","og_locale":"en_US","og_type":"article","og_title":"Osta Green Star -ecstasy-pillereit\u00e4 \u2013 parhaat maailmanlaajuiset l\u00e4\u00e4kkeet","og_description":"Osta Green Star -ecstasy-pillereit\u00e4 myyt\u00e4v\u00e4n\u00e4 Isossa-Britanniassa, Euroopassa verkossa. Osta Green Star -ecstasy-pillereit\u00e4 verkosta luotettavimmalta mdma-toimittajalta, takaamme huomaamattoman ja turvallisen toimituksen","og_url":"https:\/\/medicinasinc.com\/fi\/product\/osta-vihrea-tahti-ecstasy-pillereita\/","og_site_name":"Medicinas Inc","article_modified_time":"2022-03-22T01:20:46+00:00","og_image":[{"width":600,"height":600,"url":"https:\/\/medicinasinc.com\/fi\/wp-content\/uploads\/sites\/12\/2022\/02\/buy-green-star-ecstasy-pills-online.jpg","type":"image\/jpeg"}],"twitter_card":"summary_large_image","twitter_misc":{"Est. reading time":"2 minutes"},"schema":{"@context":"https:\/\/schema.org","@graph":[{"@type":"WebPage","@id":"https:\/\/medicinasinc.com\/fi\/product\/osta-vihrea-tahti-ecstasy-pillereita\/","url":"https:\/\/medicinasinc.com\/fi\/product\/osta-vihrea-tahti-ecstasy-pillereita\/","name":"Osta Green Star -ecstasy-pillereit\u00e4 \u2013 parhaat maailmanlaajuiset l\u00e4\u00e4kkeet","isPartOf":{"@id":"https:\/\/medicinasinc.com\/fi\/#website"},"primaryImageOfPage":{"@id":"https:\/\/medicinasinc.com\/fi\/product\/osta-vihrea-tahti-ecstasy-pillereita\/#primaryimage"},"image":{"@id":"https:\/\/medicinasinc.com\/fi\/product\/osta-vihrea-tahti-ecstasy-pillereita\/#primaryimage"},"thumbnailUrl":"https:\/\/medicinasinc.com\/fi\/wp-content\/uploads\/sites\/12\/2022\/02\/buy-green-star-ecstasy-pills-online.jpg","datePublished":"2022-02-20T10:30:39+00:00","dateModified":"2022-03-22T01:20:46+00:00","description":"Osta Green Star -ecstasy-pillereit\u00e4 myyt\u00e4v\u00e4n\u00e4 Isossa-Britanniassa, Euroopassa verkossa. Osta Green Star -ecstasy-pillereit\u00e4 verkosta luotettavimmalta mdma-toimittajalta, takaamme huomaamattoman ja turvallisen toimituksen","breadcrumb":{"@id":"https:\/\/medicinasinc.com\/fi\/product\/osta-vihrea-tahti-ecstasy-pillereita\/#breadcrumb"},"inLanguage":"en-US","potentialAction":[{"@type":"ReadAction","target":["https:\/\/medicinasinc.com\/fi\/product\/osta-vihrea-tahti-ecstasy-pillereita\/"]}]},{"@type":"ImageObject","inLanguage":"en-US","@id":"https:\/\/medicinasinc.com\/fi\/product\/osta-vihrea-tahti-ecstasy-pillereita\/#primaryimage","url":"https:\/\/medicinasinc.com\/fi\/wp-content\/uploads\/sites\/12\/2022\/02\/buy-green-star-ecstasy-pills-online.jpg","contentUrl":"https:\/\/medicinasinc.com\/fi\/wp-content\/uploads\/sites\/12\/2022\/02\/buy-green-star-ecstasy-pills-online.jpg","width":600,"height":600},{"@type":"BreadcrumbList","@id":"https:\/\/medicinasinc.com\/fi\/product\/osta-vihrea-tahti-ecstasy-pillereita\/#breadcrumb","itemListElement":[{"@type":"ListItem","position":1,"name":"Myym\u00e4l\u00e4","item":"https:\/\/medicinasinc.com\/fi\/myymala\/"},{"@type":"ListItem","position":2,"name":"Osta Green Star -ecstasy-pillereit\u00e4"}]},{"@type":"WebSite","@id":"https:\/\/medicinasinc.com\/fi\/#website","url":"https:\/\/medicinasinc.com\/fi\/","name":"Medicinas Inc","description":"Health Medical Clinic","potentialAction":[{"@type":"SearchAction","target":{"@type":"EntryPoint","urlTemplate":"https:\/\/medicinasinc.com\/fi\/?s={search_term_string}"},"query-input":{"@type":"PropertyValueSpecification","valueRequired":true,"valueName":"search_term_string"}}],"inLanguage":"en-US"}]}},"_links":{"self":[{"href":"https:\/\/medicinasinc.com\/fi\/wp-json\/wp\/v2\/product\/4534","targetHints":{"allow":["GET"]}}],"collection":[{"href":"https:\/\/medicinasinc.com\/fi\/wp-json\/wp\/v2\/product"}],"about":[{"href":"https:\/\/medicinasinc.com\/fi\/wp-json\/wp\/v2\/types\/product"}],"replies":[{"embeddable":true,"href":"https:\/\/medicinasinc.com\/fi\/wp-json\/wp\/v2\/comments?post=4534"}],"wp:featuredmedia":[{"embeddable":true,"href":"https:\/\/medicinasinc.com\/fi\/wp-json\/wp\/v2\/media\/4557"}],"wp:attachment":[{"href":"https:\/\/medicinasinc.com\/fi\/wp-json\/wp\/v2\/media?parent=4534"}],"wp:term":[{"taxonomy":"product_brand","embeddable":true,"href":"https:\/\/medicinasinc.com\/fi\/wp-json\/wp\/v2\/product_brand?post=4534"},{"taxonomy":"product_cat","embeddable":true,"href":"https:\/\/medicinasinc.com\/fi\/wp-json\/wp\/v2\/product_cat?post=4534"},{"taxonomy":"product_tag","embeddable":true,"href":"https:\/\/medicinasinc.com\/fi\/wp-json\/wp\/v2\/product_tag?post=4534"}],"curies":[{"name":"wp","href":"https:\/\/api.w.org\/{rel}","templated":true}]}}