{"id":4479,"date":"2022-02-20T09:44:15","date_gmt":"2022-02-20T09:44:15","guid":{"rendered":"https:\/\/medicinasinc.com\/fi\/?post_type=product&#038;p=4479"},"modified":"2022-03-22T01:21:35","modified_gmt":"2022-03-22T01:21:35","slug":"osta-blue-delphin-ecstasy-pillereita","status":"publish","type":"product","link":"https:\/\/medicinasinc.com\/fi\/product\/osta-blue-delphin-ecstasy-pillereita\/","title":{"rendered":"Osta Blue Dolphin Ecstasy -pillereit\u00e4"},"content":{"rendered":"<p>Osta Blue Dolphin 295 mg ekstaasipillereit\u00e4 verkosta.<\/p>\n<p>Blue Dolphin Substance<\/p>\n<p>Ecstasyn keksi vuonna 1912 Merckin huumesuhde. Se nimettiin &#8220;MDMA:ksi&#8221; uuden rakenteensa vuoksi. Yhdysvaltain armeija k\u00e4ytti sit\u00e4 ensimm\u00e4isen kerran vuonna 1953 henkisen sitoutumisen testeihin, ja se palasi hetkeksi 1960-luvulla psykoterapiaratkaisuna &#8220;alempiin estoihin&#8221;. 1 MDMA:ta k\u00e4ytettiin ker\u00e4ilyreseptin\u00e4 vasta 1970-luvulla.<\/p>\n<p>1980-luvun puoliv\u00e4liin menness\u00e4 MDMA:ta mainostettiin &#8220;tekniikan kuohuvimpana asiana, jonka teht\u00e4v\u00e4n\u00e4 on miellytt\u00e4\u00e4 ihmisi\u00e4 tieteen avulla&#8221; ja &#8220;ratkaisussa&#8221; pitkiin juhliin. MDMA:ta oli edelleen laajalti saatavilla vuonna 1984 tuotenimell\u00e4 &#8220;Joy&#8221;, mutta vuoteen 1985 menness\u00e4 l\u00e4\u00e4kkeit\u00e4 oli rajoitettu turvallisuussyist\u00e4.<br \/> Sinisten delfiinien l\u00e4\u00e4kitys voi olla erityisen hy\u00f6dyllinen henkil\u00f6ille, joilla on ollut j\u00e4risytt\u00e4vien murskauskomponenttien ongelmia ( PTSD). Monet potilaat eiv\u00e4t pysty keskustelemaan vaarallisista tapahtumista, jotka saivat aikaan heid\u00e4n ongelmansa. T\u00e4yttymisen arvellaan voivan auttaa ihmisi\u00e4 laajentamaan n\u00e4it\u00e4 haavoja.<\/p>\n<p>Ecstasy of the Blue Dolphin<\/p>\n<p>Doblin, 50, ei ole aidosti valmis kyky tai monitori; H\u00e4nell\u00e4 on kuitenkin laaja vastuu huumeista, koska h\u00e4n on k\u00e4ytt\u00e4nyt niit\u00e4 useaan otteeseen. &#8220;Se on tehnyt merkitt\u00e4v\u00e4n muutoksen el\u00e4m\u00e4\u00e4ni&#8221;, h\u00e4n selitti. Muutaman viime vuoden aikana h\u00e4n on panostanut viestin levitt\u00e4miseen, ett\u00e4 Joylla ja muilla energisoivilla l\u00e4\u00e4kkeill\u00e4 on perustavanlaatuinen menestys ihanteellisissa olosuhteissa.<br \/> Jos todella etsit sidosryhm\u00e4\u00e4, joka voi tarjota sinulle parasta laatua, sinulla on tule oikeaan paikkaan. S\u00e4\u00e4ti\u00f6ss\u00e4mme voit valita parhaat tuotteet, jotka auttavat sinua rakentamaan luottamustasi ja luomaan kohtuullisen suhteen kanssamme tuotteidemme mahdollisuuksien vuoksi. Tee tilauksesi nyt ja saat Blue Dolphin ecstasyn kotiovellesi viiden arkip\u00e4iv\u00e4n kuluessa. Ecstacy, sininen delfiini<\/p>\n<p>Ecstacy kehitettiin Merckin huumesuhteessa vuonna 1912. Se nimettiin &#8220;MDMA:ksi&#8221; sen uudenlaisen rakenteensa vuoksi. Yhdysvaltain armeija k\u00e4ytti sit\u00e4 ensimm\u00e4isen kerran vuonna 1953 henkisen sitoutumisen testeihin, ja se palasi hetkeksi 1960-luvulla psykoterapiaratkaisuna &#8220;alempiin estoihin&#8221;. 1 MDMA:ta k\u00e4ytettiin ker\u00e4ilyreseptin\u00e4 vasta 1970-luvulla.<\/p>\n<p>1980-luvun puoliv\u00e4liin menness\u00e4 MDMA:ta mainostettiin &#8220;tekniikan kuohuvimpana asiana, jonka teht\u00e4v\u00e4n\u00e4 on miellytt\u00e4\u00e4 ihmisi\u00e4 tieteen avulla&#8221; ja &#8220;ratkaisussa&#8221; pitkiin juhliin. MDMA oli edelleen laajalti saatavilla vuonna 1984 tuotenimell\u00e4 &#8220;Joy&#8221;, mutta vuoteen 1985 menness\u00e4 l\u00e4\u00e4kityst\u00e4 oli rajoitettu turvallisuussyist\u00e4.<\/p>\n<p>Blue Dolphin ecstasy, Blue Dolphin -l\u00e4\u00e4kkeet, Blue Dolphin ecstasy<\/p>\n<table>\n<tbody>\n<tr>\n<th><span style=\"font-weight: 400\">V\u00e4ri:<\/span><\/th>\n<td>Sininen<\/td>\n<\/tr>\n<tr>\n<th><span style=\"font-weight: 400\">Koko:<\/span><\/th>\n<td>295 mg<\/td>\n<\/tr>\n<\/tbody>\n<\/table>\n","protected":false},"excerpt":{"rendered":"<p>Osta ekstaasipillereit\u00e4 verkosta. Osta Blue Dolphin ecstasy -pillereit\u00e4 myyt\u00e4v\u00e4n\u00e4 Isossa-Britanniassa, Euroopassa erinomaisin hinnoin meilt\u00e4. Pakkauksen tekev\u00e4t ammattilaiset ja toimitus on 100 % taattu.<\/p>\n","protected":false},"featured_media":4516,"comment_status":"open","ping_status":"closed","template":"","meta":[],"product_brand":[],"product_cat":[498],"product_tag":[],"class_list":{"0":"post-4479","1":"product","2":"type-product","3":"status-publish","4":"has-post-thumbnail","6":"product_cat-osta-ecstasy-pillereit","8":"first","9":"instock","10":"shipping-taxable","11":"purchasable","12":"product-type-variable","13":"has-default-attributes"},"yoast_head":"<!-- This site is optimized with the Yoast SEO plugin v27.3 - https:\/\/yoast.com\/product\/yoast-seo-wordpress\/ -->\n<title>Osta Blue Dolphin Ecstasy -pillereit\u00e4 verkosta \u2013 parhaat maailmanlaajuiset l\u00e4\u00e4kkeet<\/title>\n<meta name=\"description\" content=\"Osta ekstaasipillereit\u00e4 verkosta. Osta Blue Dolphin ecstasy pillereit\u00e4 myyt\u00e4v\u00e4n\u00e4 Isossa-Britanniassa, Euroopassa erinomaisin hinnoin meilt\u00e4. Pakkaaminen on ammattilaisten tekem\u00e4 ja toimitus on 100% taattu.\" \/>\n<meta name=\"robots\" content=\"index, follow, max-snippet:-1, max-image-preview:large, max-video-preview:-1\" \/>\n<link rel=\"canonical\" href=\"https:\/\/medicinasinc.com\/fi\/product\/osta-blue-delphin-ecstasy-pillereita\/\" \/>\n<meta property=\"og:locale\" content=\"en_US\" \/>\n<meta property=\"og:type\" content=\"article\" \/>\n<meta property=\"og:title\" content=\"Osta Blue Dolphin Ecstasy -pillereit\u00e4 verkosta \u2013 parhaat maailmanlaajuiset l\u00e4\u00e4kkeet\" \/>\n<meta property=\"og:description\" content=\"Osta ekstaasipillereit\u00e4 verkosta. Osta Blue Dolphin ecstasy pillereit\u00e4 myyt\u00e4v\u00e4n\u00e4 Isossa-Britanniassa, Euroopassa erinomaisin hinnoin meilt\u00e4. Pakkaaminen on ammattilaisten tekem\u00e4 ja toimitus on 100% taattu.\" \/>\n<meta property=\"og:url\" content=\"https:\/\/medicinasinc.com\/fi\/product\/osta-blue-delphin-ecstasy-pillereita\/\" \/>\n<meta property=\"og:site_name\" content=\"Medicinas Inc\" \/>\n<meta property=\"article:modified_time\" content=\"2022-03-22T01:21:35+00:00\" \/>\n<meta property=\"og:image\" content=\"https:\/\/medicinasinc.com\/fi\/wp-content\/uploads\/sites\/12\/2022\/02\/buy-blue-dolphin-ecstasy-pills-online.jpg\" \/>\n\t<meta property=\"og:image:width\" content=\"600\" \/>\n\t<meta property=\"og:image:height\" content=\"600\" \/>\n\t<meta property=\"og:image:type\" content=\"image\/jpeg\" \/>\n<meta name=\"twitter:card\" content=\"summary_large_image\" \/>\n<meta name=\"twitter:label1\" content=\"Est. reading time\" \/>\n\t<meta name=\"twitter:data1\" content=\"2 minutes\" \/>\n<script type=\"application\/ld+json\" class=\"yoast-schema-graph\">{\"@context\":\"https:\\\/\\\/schema.org\",\"@graph\":[{\"@type\":\"WebPage\",\"@id\":\"https:\\\/\\\/medicinasinc.com\\\/fi\\\/product\\\/osta-blue-delphin-ecstasy-pillereita\\\/\",\"url\":\"https:\\\/\\\/medicinasinc.com\\\/fi\\\/product\\\/osta-blue-delphin-ecstasy-pillereita\\\/\",\"name\":\"Osta Blue Dolphin Ecstasy -pillereit\u00e4 verkosta \u2013 parhaat maailmanlaajuiset l\u00e4\u00e4kkeet\",\"isPartOf\":{\"@id\":\"https:\\\/\\\/medicinasinc.com\\\/fi\\\/#website\"},\"primaryImageOfPage\":{\"@id\":\"https:\\\/\\\/medicinasinc.com\\\/fi\\\/product\\\/osta-blue-delphin-ecstasy-pillereita\\\/#primaryimage\"},\"image\":{\"@id\":\"https:\\\/\\\/medicinasinc.com\\\/fi\\\/product\\\/osta-blue-delphin-ecstasy-pillereita\\\/#primaryimage\"},\"thumbnailUrl\":\"https:\\\/\\\/medicinasinc.com\\\/fi\\\/wp-content\\\/uploads\\\/sites\\\/12\\\/2022\\\/02\\\/buy-blue-dolphin-ecstasy-pills-online.jpg\",\"datePublished\":\"2022-02-20T09:44:15+00:00\",\"dateModified\":\"2022-03-22T01:21:35+00:00\",\"description\":\"Osta ekstaasipillereit\u00e4 verkosta. Osta Blue Dolphin ecstasy pillereit\u00e4 myyt\u00e4v\u00e4n\u00e4 Isossa-Britanniassa, Euroopassa erinomaisin hinnoin meilt\u00e4. Pakkaaminen on ammattilaisten tekem\u00e4 ja toimitus on 100% taattu.\",\"breadcrumb\":{\"@id\":\"https:\\\/\\\/medicinasinc.com\\\/fi\\\/product\\\/osta-blue-delphin-ecstasy-pillereita\\\/#breadcrumb\"},\"inLanguage\":\"en-US\",\"potentialAction\":[{\"@type\":\"ReadAction\",\"target\":[\"https:\\\/\\\/medicinasinc.com\\\/fi\\\/product\\\/osta-blue-delphin-ecstasy-pillereita\\\/\"]}]},{\"@type\":\"ImageObject\",\"inLanguage\":\"en-US\",\"@id\":\"https:\\\/\\\/medicinasinc.com\\\/fi\\\/product\\\/osta-blue-delphin-ecstasy-pillereita\\\/#primaryimage\",\"url\":\"https:\\\/\\\/medicinasinc.com\\\/fi\\\/wp-content\\\/uploads\\\/sites\\\/12\\\/2022\\\/02\\\/buy-blue-dolphin-ecstasy-pills-online.jpg\",\"contentUrl\":\"https:\\\/\\\/medicinasinc.com\\\/fi\\\/wp-content\\\/uploads\\\/sites\\\/12\\\/2022\\\/02\\\/buy-blue-dolphin-ecstasy-pills-online.jpg\",\"width\":600,\"height\":600},{\"@type\":\"BreadcrumbList\",\"@id\":\"https:\\\/\\\/medicinasinc.com\\\/fi\\\/product\\\/osta-blue-delphin-ecstasy-pillereita\\\/#breadcrumb\",\"itemListElement\":[{\"@type\":\"ListItem\",\"position\":1,\"name\":\"Myym\u00e4l\u00e4\",\"item\":\"https:\\\/\\\/medicinasinc.com\\\/fi\\\/myymala\\\/\"},{\"@type\":\"ListItem\",\"position\":2,\"name\":\"Osta Blue Dolphin Ecstasy -pillereit\u00e4\"}]},{\"@type\":\"WebSite\",\"@id\":\"https:\\\/\\\/medicinasinc.com\\\/fi\\\/#website\",\"url\":\"https:\\\/\\\/medicinasinc.com\\\/fi\\\/\",\"name\":\"Medicinas Inc\",\"description\":\"Health Medical Clinic\",\"potentialAction\":[{\"@type\":\"SearchAction\",\"target\":{\"@type\":\"EntryPoint\",\"urlTemplate\":\"https:\\\/\\\/medicinasinc.com\\\/fi\\\/?s={search_term_string}\"},\"query-input\":{\"@type\":\"PropertyValueSpecification\",\"valueRequired\":true,\"valueName\":\"search_term_string\"}}],\"inLanguage\":\"en-US\"}]}<\/script>\n<!-- \/ Yoast SEO plugin. -->","yoast_head_json":{"title":"Osta Blue Dolphin Ecstasy -pillereit\u00e4 verkosta \u2013 parhaat maailmanlaajuiset l\u00e4\u00e4kkeet","description":"Osta ekstaasipillereit\u00e4 verkosta. Osta Blue Dolphin ecstasy pillereit\u00e4 myyt\u00e4v\u00e4n\u00e4 Isossa-Britanniassa, Euroopassa erinomaisin hinnoin meilt\u00e4. Pakkaaminen on ammattilaisten tekem\u00e4 ja toimitus on 100% taattu.","robots":{"index":"index","follow":"follow","max-snippet":"max-snippet:-1","max-image-preview":"max-image-preview:large","max-video-preview":"max-video-preview:-1"},"canonical":"https:\/\/medicinasinc.com\/fi\/product\/osta-blue-delphin-ecstasy-pillereita\/","og_locale":"en_US","og_type":"article","og_title":"Osta Blue Dolphin Ecstasy -pillereit\u00e4 verkosta \u2013 parhaat maailmanlaajuiset l\u00e4\u00e4kkeet","og_description":"Osta ekstaasipillereit\u00e4 verkosta. Osta Blue Dolphin ecstasy pillereit\u00e4 myyt\u00e4v\u00e4n\u00e4 Isossa-Britanniassa, Euroopassa erinomaisin hinnoin meilt\u00e4. Pakkaaminen on ammattilaisten tekem\u00e4 ja toimitus on 100% taattu.","og_url":"https:\/\/medicinasinc.com\/fi\/product\/osta-blue-delphin-ecstasy-pillereita\/","og_site_name":"Medicinas Inc","article_modified_time":"2022-03-22T01:21:35+00:00","og_image":[{"width":600,"height":600,"url":"https:\/\/medicinasinc.com\/fi\/wp-content\/uploads\/sites\/12\/2022\/02\/buy-blue-dolphin-ecstasy-pills-online.jpg","type":"image\/jpeg"}],"twitter_card":"summary_large_image","twitter_misc":{"Est. reading time":"2 minutes"},"schema":{"@context":"https:\/\/schema.org","@graph":[{"@type":"WebPage","@id":"https:\/\/medicinasinc.com\/fi\/product\/osta-blue-delphin-ecstasy-pillereita\/","url":"https:\/\/medicinasinc.com\/fi\/product\/osta-blue-delphin-ecstasy-pillereita\/","name":"Osta Blue Dolphin Ecstasy -pillereit\u00e4 verkosta \u2013 parhaat maailmanlaajuiset l\u00e4\u00e4kkeet","isPartOf":{"@id":"https:\/\/medicinasinc.com\/fi\/#website"},"primaryImageOfPage":{"@id":"https:\/\/medicinasinc.com\/fi\/product\/osta-blue-delphin-ecstasy-pillereita\/#primaryimage"},"image":{"@id":"https:\/\/medicinasinc.com\/fi\/product\/osta-blue-delphin-ecstasy-pillereita\/#primaryimage"},"thumbnailUrl":"https:\/\/medicinasinc.com\/fi\/wp-content\/uploads\/sites\/12\/2022\/02\/buy-blue-dolphin-ecstasy-pills-online.jpg","datePublished":"2022-02-20T09:44:15+00:00","dateModified":"2022-03-22T01:21:35+00:00","description":"Osta ekstaasipillereit\u00e4 verkosta. Osta Blue Dolphin ecstasy pillereit\u00e4 myyt\u00e4v\u00e4n\u00e4 Isossa-Britanniassa, Euroopassa erinomaisin hinnoin meilt\u00e4. Pakkaaminen on ammattilaisten tekem\u00e4 ja toimitus on 100% taattu.","breadcrumb":{"@id":"https:\/\/medicinasinc.com\/fi\/product\/osta-blue-delphin-ecstasy-pillereita\/#breadcrumb"},"inLanguage":"en-US","potentialAction":[{"@type":"ReadAction","target":["https:\/\/medicinasinc.com\/fi\/product\/osta-blue-delphin-ecstasy-pillereita\/"]}]},{"@type":"ImageObject","inLanguage":"en-US","@id":"https:\/\/medicinasinc.com\/fi\/product\/osta-blue-delphin-ecstasy-pillereita\/#primaryimage","url":"https:\/\/medicinasinc.com\/fi\/wp-content\/uploads\/sites\/12\/2022\/02\/buy-blue-dolphin-ecstasy-pills-online.jpg","contentUrl":"https:\/\/medicinasinc.com\/fi\/wp-content\/uploads\/sites\/12\/2022\/02\/buy-blue-dolphin-ecstasy-pills-online.jpg","width":600,"height":600},{"@type":"BreadcrumbList","@id":"https:\/\/medicinasinc.com\/fi\/product\/osta-blue-delphin-ecstasy-pillereita\/#breadcrumb","itemListElement":[{"@type":"ListItem","position":1,"name":"Myym\u00e4l\u00e4","item":"https:\/\/medicinasinc.com\/fi\/myymala\/"},{"@type":"ListItem","position":2,"name":"Osta Blue Dolphin Ecstasy -pillereit\u00e4"}]},{"@type":"WebSite","@id":"https:\/\/medicinasinc.com\/fi\/#website","url":"https:\/\/medicinasinc.com\/fi\/","name":"Medicinas Inc","description":"Health Medical Clinic","potentialAction":[{"@type":"SearchAction","target":{"@type":"EntryPoint","urlTemplate":"https:\/\/medicinasinc.com\/fi\/?s={search_term_string}"},"query-input":{"@type":"PropertyValueSpecification","valueRequired":true,"valueName":"search_term_string"}}],"inLanguage":"en-US"}]}},"_links":{"self":[{"href":"https:\/\/medicinasinc.com\/fi\/wp-json\/wp\/v2\/product\/4479","targetHints":{"allow":["GET"]}}],"collection":[{"href":"https:\/\/medicinasinc.com\/fi\/wp-json\/wp\/v2\/product"}],"about":[{"href":"https:\/\/medicinasinc.com\/fi\/wp-json\/wp\/v2\/types\/product"}],"replies":[{"embeddable":true,"href":"https:\/\/medicinasinc.com\/fi\/wp-json\/wp\/v2\/comments?post=4479"}],"wp:featuredmedia":[{"embeddable":true,"href":"https:\/\/medicinasinc.com\/fi\/wp-json\/wp\/v2\/media\/4516"}],"wp:attachment":[{"href":"https:\/\/medicinasinc.com\/fi\/wp-json\/wp\/v2\/media?parent=4479"}],"wp:term":[{"taxonomy":"product_brand","embeddable":true,"href":"https:\/\/medicinasinc.com\/fi\/wp-json\/wp\/v2\/product_brand?post=4479"},{"taxonomy":"product_cat","embeddable":true,"href":"https:\/\/medicinasinc.com\/fi\/wp-json\/wp\/v2\/product_cat?post=4479"},{"taxonomy":"product_tag","embeddable":true,"href":"https:\/\/medicinasinc.com\/fi\/wp-json\/wp\/v2\/product_tag?post=4479"}],"curies":[{"name":"wp","href":"https:\/\/api.w.org\/{rel}","templated":true}]}}