{"id":4460,"date":"2022-02-20T09:31:07","date_gmt":"2022-02-20T09:31:07","guid":{"rendered":"https:\/\/medicinasinc.com\/fi\/?post_type=product&#038;p=4460"},"modified":"2022-03-22T01:22:12","modified_gmt":"2022-03-22T01:22:12","slug":"osta-prometatsiini-siirappi","status":"publish","type":"product","link":"https:\/\/medicinasinc.com\/fi\/product\/osta-prometatsiini-siirappi\/","title":{"rendered":"Osta Promethazine Siirappi"},"content":{"rendered":"<h1>Osta Promethazine DM Syrup Qualitest.<\/h1>\n<p>Osta Promethazine DM Syrup Qualitest. Meill\u00e4 on my\u00f6s kristallimeta. Suurin osa tutkimuskemikaaleistamme on l\u00e4p\u00e4issyt laadunvalvontamenettelyt onnistuneesti.<\/p>\n","protected":false},"excerpt":{"rendered":"<p>Osta Promethazine Siirappi myyt\u00e4v\u00e4n\u00e4 Isossa-Britanniassa, Euroopassa. Taatusti halvimmat hinnat. huomaamaton toimitus! Parhaat maailmanlaajuiset l\u00e4\u00e4kkeet. Edullinen geneerinen kodeiini.<\/p>\n<p>Osta Promethazine DM -siirappia Qualitestilt\u00e4.<\/p>\n<p>Promethazine DM -siirappia Qualitestilt\u00e4\u2026<\/p>\n<p>Promethazine (Phenergan\u00ae) ja kodeiinisiirappia 6,25 mg\/10 mg per 5 ml, 473 ml pullo<\/p>\n","protected":false},"featured_media":4495,"comment_status":"open","ping_status":"closed","template":"","meta":[],"product_brand":[],"product_cat":[497],"product_tag":[],"class_list":{"0":"post-4460","1":"product","2":"type-product","3":"status-publish","4":"has-post-thumbnail","6":"product_cat-osta-ysksiirappia","8":"first","9":"instock","10":"shipping-taxable","11":"purchasable","12":"product-type-variable"},"yoast_head":"<!-- This site is optimized with the Yoast SEO plugin v27.3 - https:\/\/yoast.com\/product\/yoast-seo-wordpress\/ -->\n<title>Osta prometatsiinisiirappia - parhaat maailmanlaajuiset l\u00e4\u00e4kkeet<\/title>\n<meta name=\"description\" content=\"Osta prometatsiinisiirappia myyt\u00e4v\u00e4ksi Isossa-Britanniassa, Euroopassa. Taatusti halvimmat hinnat. huomaamaton toimitus! Parhaat maailmanlaajuiset l\u00e4\u00e4kkeet. Halpa yleinen kodeiini.\" \/>\n<meta name=\"robots\" content=\"index, follow, max-snippet:-1, max-image-preview:large, max-video-preview:-1\" \/>\n<link rel=\"canonical\" href=\"https:\/\/medicinasinc.com\/fi\/product\/osta-prometatsiini-siirappi\/\" \/>\n<meta property=\"og:locale\" content=\"en_US\" \/>\n<meta property=\"og:type\" content=\"article\" \/>\n<meta property=\"og:title\" content=\"Osta prometatsiinisiirappia - parhaat maailmanlaajuiset l\u00e4\u00e4kkeet\" \/>\n<meta property=\"og:description\" content=\"Osta prometatsiinisiirappia myyt\u00e4v\u00e4ksi Isossa-Britanniassa, Euroopassa. Taatusti halvimmat hinnat. huomaamaton toimitus! Parhaat maailmanlaajuiset l\u00e4\u00e4kkeet. Halpa yleinen kodeiini.\" \/>\n<meta property=\"og:url\" content=\"https:\/\/medicinasinc.com\/fi\/product\/osta-prometatsiini-siirappi\/\" \/>\n<meta property=\"og:site_name\" content=\"Medicinas Inc\" \/>\n<meta property=\"article:modified_time\" content=\"2022-03-22T01:22:12+00:00\" \/>\n<meta property=\"og:image\" content=\"https:\/\/medicinasinc.com\/fi\/wp-content\/uploads\/sites\/12\/2022\/02\/buy-promethazine-dm-syrup-qualitest.jpg\" \/>\n\t<meta property=\"og:image:width\" content=\"600\" \/>\n\t<meta property=\"og:image:height\" content=\"600\" \/>\n\t<meta property=\"og:image:type\" content=\"image\/jpeg\" \/>\n<meta name=\"twitter:card\" content=\"summary_large_image\" \/>\n<meta name=\"twitter:label1\" content=\"Est. reading time\" \/>\n\t<meta name=\"twitter:data1\" content=\"1 minute\" \/>\n<script type=\"application\/ld+json\" class=\"yoast-schema-graph\">{\"@context\":\"https:\\\/\\\/schema.org\",\"@graph\":[{\"@type\":\"WebPage\",\"@id\":\"https:\\\/\\\/medicinasinc.com\\\/fi\\\/product\\\/osta-prometatsiini-siirappi\\\/\",\"url\":\"https:\\\/\\\/medicinasinc.com\\\/fi\\\/product\\\/osta-prometatsiini-siirappi\\\/\",\"name\":\"Osta prometatsiinisiirappia - parhaat maailmanlaajuiset l\u00e4\u00e4kkeet\",\"isPartOf\":{\"@id\":\"https:\\\/\\\/medicinasinc.com\\\/fi\\\/#website\"},\"primaryImageOfPage\":{\"@id\":\"https:\\\/\\\/medicinasinc.com\\\/fi\\\/product\\\/osta-prometatsiini-siirappi\\\/#primaryimage\"},\"image\":{\"@id\":\"https:\\\/\\\/medicinasinc.com\\\/fi\\\/product\\\/osta-prometatsiini-siirappi\\\/#primaryimage\"},\"thumbnailUrl\":\"https:\\\/\\\/medicinasinc.com\\\/fi\\\/wp-content\\\/uploads\\\/sites\\\/12\\\/2022\\\/02\\\/buy-promethazine-dm-syrup-qualitest.jpg\",\"datePublished\":\"2022-02-20T09:31:07+00:00\",\"dateModified\":\"2022-03-22T01:22:12+00:00\",\"description\":\"Osta prometatsiinisiirappia myyt\u00e4v\u00e4ksi Isossa-Britanniassa, Euroopassa. Taatusti halvimmat hinnat. huomaamaton toimitus! Parhaat maailmanlaajuiset l\u00e4\u00e4kkeet. Halpa yleinen kodeiini.\",\"breadcrumb\":{\"@id\":\"https:\\\/\\\/medicinasinc.com\\\/fi\\\/product\\\/osta-prometatsiini-siirappi\\\/#breadcrumb\"},\"inLanguage\":\"en-US\",\"potentialAction\":[{\"@type\":\"ReadAction\",\"target\":[\"https:\\\/\\\/medicinasinc.com\\\/fi\\\/product\\\/osta-prometatsiini-siirappi\\\/\"]}]},{\"@type\":\"ImageObject\",\"inLanguage\":\"en-US\",\"@id\":\"https:\\\/\\\/medicinasinc.com\\\/fi\\\/product\\\/osta-prometatsiini-siirappi\\\/#primaryimage\",\"url\":\"https:\\\/\\\/medicinasinc.com\\\/fi\\\/wp-content\\\/uploads\\\/sites\\\/12\\\/2022\\\/02\\\/buy-promethazine-dm-syrup-qualitest.jpg\",\"contentUrl\":\"https:\\\/\\\/medicinasinc.com\\\/fi\\\/wp-content\\\/uploads\\\/sites\\\/12\\\/2022\\\/02\\\/buy-promethazine-dm-syrup-qualitest.jpg\",\"width\":600,\"height\":600},{\"@type\":\"BreadcrumbList\",\"@id\":\"https:\\\/\\\/medicinasinc.com\\\/fi\\\/product\\\/osta-prometatsiini-siirappi\\\/#breadcrumb\",\"itemListElement\":[{\"@type\":\"ListItem\",\"position\":1,\"name\":\"Myym\u00e4l\u00e4\",\"item\":\"https:\\\/\\\/medicinasinc.com\\\/fi\\\/myymala\\\/\"},{\"@type\":\"ListItem\",\"position\":2,\"name\":\"Osta Promethazine Siirappi\"}]},{\"@type\":\"WebSite\",\"@id\":\"https:\\\/\\\/medicinasinc.com\\\/fi\\\/#website\",\"url\":\"https:\\\/\\\/medicinasinc.com\\\/fi\\\/\",\"name\":\"Medicinas Inc\",\"description\":\"Health Medical Clinic\",\"potentialAction\":[{\"@type\":\"SearchAction\",\"target\":{\"@type\":\"EntryPoint\",\"urlTemplate\":\"https:\\\/\\\/medicinasinc.com\\\/fi\\\/?s={search_term_string}\"},\"query-input\":{\"@type\":\"PropertyValueSpecification\",\"valueRequired\":true,\"valueName\":\"search_term_string\"}}],\"inLanguage\":\"en-US\"}]}<\/script>\n<!-- \/ Yoast SEO plugin. -->","yoast_head_json":{"title":"Osta prometatsiinisiirappia - parhaat maailmanlaajuiset l\u00e4\u00e4kkeet","description":"Osta prometatsiinisiirappia myyt\u00e4v\u00e4ksi Isossa-Britanniassa, Euroopassa. Taatusti halvimmat hinnat. huomaamaton toimitus! Parhaat maailmanlaajuiset l\u00e4\u00e4kkeet. Halpa yleinen kodeiini.","robots":{"index":"index","follow":"follow","max-snippet":"max-snippet:-1","max-image-preview":"max-image-preview:large","max-video-preview":"max-video-preview:-1"},"canonical":"https:\/\/medicinasinc.com\/fi\/product\/osta-prometatsiini-siirappi\/","og_locale":"en_US","og_type":"article","og_title":"Osta prometatsiinisiirappia - parhaat maailmanlaajuiset l\u00e4\u00e4kkeet","og_description":"Osta prometatsiinisiirappia myyt\u00e4v\u00e4ksi Isossa-Britanniassa, Euroopassa. Taatusti halvimmat hinnat. huomaamaton toimitus! Parhaat maailmanlaajuiset l\u00e4\u00e4kkeet. Halpa yleinen kodeiini.","og_url":"https:\/\/medicinasinc.com\/fi\/product\/osta-prometatsiini-siirappi\/","og_site_name":"Medicinas Inc","article_modified_time":"2022-03-22T01:22:12+00:00","og_image":[{"width":600,"height":600,"url":"https:\/\/medicinasinc.com\/fi\/wp-content\/uploads\/sites\/12\/2022\/02\/buy-promethazine-dm-syrup-qualitest.jpg","type":"image\/jpeg"}],"twitter_card":"summary_large_image","twitter_misc":{"Est. reading time":"1 minute"},"schema":{"@context":"https:\/\/schema.org","@graph":[{"@type":"WebPage","@id":"https:\/\/medicinasinc.com\/fi\/product\/osta-prometatsiini-siirappi\/","url":"https:\/\/medicinasinc.com\/fi\/product\/osta-prometatsiini-siirappi\/","name":"Osta prometatsiinisiirappia - parhaat maailmanlaajuiset l\u00e4\u00e4kkeet","isPartOf":{"@id":"https:\/\/medicinasinc.com\/fi\/#website"},"primaryImageOfPage":{"@id":"https:\/\/medicinasinc.com\/fi\/product\/osta-prometatsiini-siirappi\/#primaryimage"},"image":{"@id":"https:\/\/medicinasinc.com\/fi\/product\/osta-prometatsiini-siirappi\/#primaryimage"},"thumbnailUrl":"https:\/\/medicinasinc.com\/fi\/wp-content\/uploads\/sites\/12\/2022\/02\/buy-promethazine-dm-syrup-qualitest.jpg","datePublished":"2022-02-20T09:31:07+00:00","dateModified":"2022-03-22T01:22:12+00:00","description":"Osta prometatsiinisiirappia myyt\u00e4v\u00e4ksi Isossa-Britanniassa, Euroopassa. Taatusti halvimmat hinnat. huomaamaton toimitus! Parhaat maailmanlaajuiset l\u00e4\u00e4kkeet. Halpa yleinen kodeiini.","breadcrumb":{"@id":"https:\/\/medicinasinc.com\/fi\/product\/osta-prometatsiini-siirappi\/#breadcrumb"},"inLanguage":"en-US","potentialAction":[{"@type":"ReadAction","target":["https:\/\/medicinasinc.com\/fi\/product\/osta-prometatsiini-siirappi\/"]}]},{"@type":"ImageObject","inLanguage":"en-US","@id":"https:\/\/medicinasinc.com\/fi\/product\/osta-prometatsiini-siirappi\/#primaryimage","url":"https:\/\/medicinasinc.com\/fi\/wp-content\/uploads\/sites\/12\/2022\/02\/buy-promethazine-dm-syrup-qualitest.jpg","contentUrl":"https:\/\/medicinasinc.com\/fi\/wp-content\/uploads\/sites\/12\/2022\/02\/buy-promethazine-dm-syrup-qualitest.jpg","width":600,"height":600},{"@type":"BreadcrumbList","@id":"https:\/\/medicinasinc.com\/fi\/product\/osta-prometatsiini-siirappi\/#breadcrumb","itemListElement":[{"@type":"ListItem","position":1,"name":"Myym\u00e4l\u00e4","item":"https:\/\/medicinasinc.com\/fi\/myymala\/"},{"@type":"ListItem","position":2,"name":"Osta Promethazine Siirappi"}]},{"@type":"WebSite","@id":"https:\/\/medicinasinc.com\/fi\/#website","url":"https:\/\/medicinasinc.com\/fi\/","name":"Medicinas Inc","description":"Health Medical Clinic","potentialAction":[{"@type":"SearchAction","target":{"@type":"EntryPoint","urlTemplate":"https:\/\/medicinasinc.com\/fi\/?s={search_term_string}"},"query-input":{"@type":"PropertyValueSpecification","valueRequired":true,"valueName":"search_term_string"}}],"inLanguage":"en-US"}]}},"_links":{"self":[{"href":"https:\/\/medicinasinc.com\/fi\/wp-json\/wp\/v2\/product\/4460","targetHints":{"allow":["GET"]}}],"collection":[{"href":"https:\/\/medicinasinc.com\/fi\/wp-json\/wp\/v2\/product"}],"about":[{"href":"https:\/\/medicinasinc.com\/fi\/wp-json\/wp\/v2\/types\/product"}],"replies":[{"embeddable":true,"href":"https:\/\/medicinasinc.com\/fi\/wp-json\/wp\/v2\/comments?post=4460"}],"wp:featuredmedia":[{"embeddable":true,"href":"https:\/\/medicinasinc.com\/fi\/wp-json\/wp\/v2\/media\/4495"}],"wp:attachment":[{"href":"https:\/\/medicinasinc.com\/fi\/wp-json\/wp\/v2\/media?parent=4460"}],"wp:term":[{"taxonomy":"product_brand","embeddable":true,"href":"https:\/\/medicinasinc.com\/fi\/wp-json\/wp\/v2\/product_brand?post=4460"},{"taxonomy":"product_cat","embeddable":true,"href":"https:\/\/medicinasinc.com\/fi\/wp-json\/wp\/v2\/product_cat?post=4460"},{"taxonomy":"product_tag","embeddable":true,"href":"https:\/\/medicinasinc.com\/fi\/wp-json\/wp\/v2\/product_tag?post=4460"}],"curies":[{"name":"wp","href":"https:\/\/api.w.org\/{rel}","templated":true}]}}