{"id":4455,"date":"2022-02-20T09:28:05","date_gmt":"2022-02-20T09:28:05","guid":{"rendered":"https:\/\/medicinasinc.com\/fi\/?post_type=product&#038;p=4455"},"modified":"2022-03-22T01:22:34","modified_gmt":"2022-03-22T01:22:34","slug":"osta-hi-tech-yskasiirappia","status":"publish","type":"product","link":"https:\/\/medicinasinc.com\/fi\/product\/osta-hi-tech-yskasiirappia\/","title":{"rendered":"Osta Hi-Tech ysk\u00e4siirappia"},"content":{"rendered":"<p>Hi-Tech-ysk\u00e4nsiirapin verkkoostos.<\/p>\n<p>Osta Hi-Tech-ysk\u00e4siirappia verkosta eritt\u00e4in alhaisilla hinnoilla. lis\u00e4ksi ostaa kokaiinia j\u00e4lleenmyynti\u00e4 varten. Myymme erilaisia \u200b\u200bpiristeit\u00e4 ja huumeita, mukaan lukien GHB.<\/p>\n<p>Vaikka arvostan kunnollista makua, uskon, ett\u00e4 niiden k\u00e4ytt\u00f6\u00f6notossa kest\u00e4\u00e4 aivan liian kauan. Voimakkuutensa ja makunsa ansiosta THC-siirappi voi olla uusi tuotteesi. apua varten.<\/p>\n<p>Kannabissiirappi on loistava sek\u00e4 kuntouttaville ett\u00e4 virkistysasiakkaille. Se on vahva ja tehokas \u2013 vaikuttaa usein 20\u201330 minuutissa \u2013 ja j\u00e4rkev\u00e4\u00e4 k\u00e4ytt\u00e4\u00e4. Lis\u00e4\u00e4 vain annoksesi mihin tahansa ruokaan tai juomaan ja olet valmis. Voit kuitenkin juoda pienen annoksen ilman tapauksia. Siin\u00e4 kaikki!<\/p>\n<p>Ysk\u00e4siirappi myynniss\u00e4, high tech thc siirappi, ysk\u00e4nl\u00e4\u00e4ke verkossa, hi-tech alhainen hinta, hi-tech ysk\u00e4siirappi verkossa, hi-tech verkossa. Niit\u00e4, jotka eiv\u00e4t kest\u00e4 ajatusta rikkaruohon polttamisesta (tai ovat ehk\u00e4 liian kyvytt\u00f6mi\u00e4 harkitsemaan sit\u00e4), mutta haluavat silti hy\u00f6ty\u00e4 t\u00e4st\u00e4 todella upeasta kasvista, rohkaistaan \u200b\u200bharkitsemaan THC-siirappia vaihtoehtoisena kulutustapana. Tarkkaan terapeuttiset asiakkaat ovat iloisia kuullessaan, ett\u00e4 saatavilla on my\u00f6s CBD-siirappia. Se on kuitenkin toisen artikkelin aihe!<\/p>\n<p>VALMISTA THC-SIIRAPPI: VAIHE VAIHEELTA OHJEET<\/p>\n<p>Jos etsit yksinkertaista THC-siirappiresepti\u00e4, \u00e4l\u00e4 etsi en\u00e4\u00e4. Voit ep\u00e4ilem\u00e4tt\u00e4 valmistaa kaadettavan THC-siirapin kotona vain muutamalla ainesosalla ja minimaalisella laitteistolla. Se on luultavasti yksinkertaisin itse valmistava esine, sill\u00e4 mink\u00e4\u00e4n mahdollisesti vaarallisen synteettisen aineen ei odoteta uuttavan THC:t\u00e4 kasvimateriaalista.<\/p>\n<p>Oman THC-siirapin luomiseksi tarvitset&#8230;<\/p>\n<p>Vesi. Noin 200 ml:sta tulee kohtuullinen m\u00e4\u00e4r\u00e4 siirappia. Koska kaava on niin yksinkertainen, voit yleens\u00e4 tehd\u00e4 niin monta kuin haluat my\u00f6hemmin.<\/p>\n<p>Sokeria. K\u00e4ytt\u00e4m\u00e4si sokerin m\u00e4\u00e4r\u00e4 vaikuttaa siihen, kuinka kauan kannabissiirappisi s\u00e4ilyy. Kahdesta osasta sokeria ja yhdest\u00e4 vedest\u00e4 valmistettu siirappi s\u00e4ilyy noin nelj\u00e4nnesvuoden ajan). My\u00f6s 1:1 siirappi voidaan valmistaa, vaikka se ei kest\u00e4 niin kauan.<\/p>\n<p>Erilaisia \u200b\u200bkarkeasti dekarboksyloidun THC:n muotoja (bloom, trimmaus, shake, hash, oil, break, vaha, varsinaisessa merkityksess\u00e4 mit\u00e4 tahansa voidaan k\u00e4ytt\u00e4\u00e4).<\/p>\n<p>THC-SIIRAPIN ANNOSTUS<\/p>\n<p>Kulutetun THC-siirapin m\u00e4\u00e4r\u00e4 vaihtelee merkitt\u00e4v\u00e4sti yksil\u00f6iden v\u00e4lill\u00e4. On eritt\u00e4in t\u00e4rke\u00e4\u00e4 olla varovainen ja punnita kyky\u00e4si THC:t\u00e4 sis\u00e4lt\u00e4vien esineiden vahvuuteen. ysk\u00e4siirappi verkossa, korkean teknologian thc-siirappi, korkean teknologian alhainen hinta, korkean teknologian ysk\u00e4siirappi verkossa, hi-tech verkossa, ysk\u00e4nl\u00e4\u00e4ke myyt\u00e4v\u00e4n\u00e4<\/p>\n<p>Kotitekoisten THC-seossiirappien ongelma on, ett\u00e4 niiden tiivisteen vahvuus on usein tuntematon. Jos olet huolissasi t\u00e4st\u00e4 tai et yksinkertaisesti halua k\u00e4sitell\u00e4 (merkitt\u00e4m\u00e4t\u00f6nt\u00e4) omasi perustamista, katso alta t\u00e4m\u00e4n p\u00e4iv\u00e4n markkinoiden parhaat vaihtoehdot.<\/p>\n","protected":false},"excerpt":{"rendered":"<p>Osta Hi-Tech ysk\u00e4siirappia myyt\u00e4v\u00e4ksi Isossa-Britanniassa, Euroopassa verkosta. Hi-Tech prometatsiinihydrokloridi ja kodeiinifosfaattisiirappi\u2026 jokainen 5 ml sis\u00e4lt\u00e4\u00e4: Prometatsiinihydrokloridia 6,25 mg; kodeiinifosfaatti 10 mg. Alkoholi 7 % K\u00e4ytt\u00f6aihe: ysk\u00e4\u00e4 hillitsev\u00e4<\/p>\n","protected":false},"featured_media":4489,"comment_status":"open","ping_status":"closed","template":"","meta":[],"product_brand":[],"product_cat":[497],"product_tag":[],"class_list":{"0":"post-4455","1":"product","2":"type-product","3":"status-publish","4":"has-post-thumbnail","6":"product_cat-osta-ysksiirappia","8":"first","9":"instock","10":"shipping-taxable","11":"purchasable","12":"product-type-variable","13":"has-default-attributes"},"yoast_head":"<!-- This site is optimized with the Yoast SEO plugin v27.3 - https:\/\/yoast.com\/product\/yoast-seo-wordpress\/ -->\n<title>Osta Hi-Tech-ysk\u00e4nsiirappia - parhaat maailmanlaajuiset l\u00e4\u00e4kkeet<\/title>\n<meta name=\"description\" content=\"Osta Hi-Tech ysk\u00e4siirappia myyt\u00e4v\u00e4ksi Isossa-Britanniassa, Euroopassa verkosta. Hi-Tech prometatsiinihydrokloridi ja kodeiinifosfaattisiirappi\u2026 jokainen 5 ml sis\u00e4lt\u00e4\u00e4: Prometatsiinihydrokloridia 6,25 mg; kodeiinifosfaatti 10 mg. Alkoholi 7 % K\u00e4ytt\u00f6aihe: ysk\u00e4nl\u00e4\u00e4ke\" \/>\n<meta name=\"robots\" content=\"index, follow, max-snippet:-1, max-image-preview:large, max-video-preview:-1\" \/>\n<link rel=\"canonical\" href=\"https:\/\/medicinasinc.com\/fi\/product\/osta-hi-tech-yskasiirappia\/\" \/>\n<meta property=\"og:locale\" content=\"en_US\" \/>\n<meta property=\"og:type\" content=\"article\" \/>\n<meta property=\"og:title\" content=\"Osta Hi-Tech-ysk\u00e4nsiirappia - parhaat maailmanlaajuiset l\u00e4\u00e4kkeet\" \/>\n<meta property=\"og:description\" content=\"Osta Hi-Tech ysk\u00e4siirappia myyt\u00e4v\u00e4ksi Isossa-Britanniassa, Euroopassa verkosta. Hi-Tech prometatsiinihydrokloridi ja kodeiinifosfaattisiirappi\u2026 jokainen 5 ml sis\u00e4lt\u00e4\u00e4: Prometatsiinihydrokloridia 6,25 mg; kodeiinifosfaatti 10 mg. Alkoholi 7 % K\u00e4ytt\u00f6aihe: ysk\u00e4nl\u00e4\u00e4ke\" \/>\n<meta property=\"og:url\" content=\"https:\/\/medicinasinc.com\/fi\/product\/osta-hi-tech-yskasiirappia\/\" \/>\n<meta property=\"og:site_name\" content=\"Medicinas Inc\" \/>\n<meta property=\"article:modified_time\" content=\"2022-03-22T01:22:34+00:00\" \/>\n<meta property=\"og:image\" content=\"https:\/\/medicinasinc.com\/fi\/wp-content\/uploads\/sites\/12\/2022\/02\/buy-hi-tech-cough-syrup-online.jpg\" \/>\n\t<meta property=\"og:image:width\" content=\"600\" \/>\n\t<meta property=\"og:image:height\" content=\"600\" \/>\n\t<meta property=\"og:image:type\" content=\"image\/jpeg\" \/>\n<meta name=\"twitter:card\" content=\"summary_large_image\" \/>\n<meta name=\"twitter:label1\" content=\"Est. reading time\" \/>\n\t<meta name=\"twitter:data1\" content=\"3 minutes\" \/>\n<script type=\"application\/ld+json\" class=\"yoast-schema-graph\">{\"@context\":\"https:\\\/\\\/schema.org\",\"@graph\":[{\"@type\":\"WebPage\",\"@id\":\"https:\\\/\\\/medicinasinc.com\\\/fi\\\/product\\\/osta-hi-tech-yskasiirappia\\\/\",\"url\":\"https:\\\/\\\/medicinasinc.com\\\/fi\\\/product\\\/osta-hi-tech-yskasiirappia\\\/\",\"name\":\"Osta Hi-Tech-ysk\u00e4nsiirappia - parhaat maailmanlaajuiset l\u00e4\u00e4kkeet\",\"isPartOf\":{\"@id\":\"https:\\\/\\\/medicinasinc.com\\\/fi\\\/#website\"},\"primaryImageOfPage\":{\"@id\":\"https:\\\/\\\/medicinasinc.com\\\/fi\\\/product\\\/osta-hi-tech-yskasiirappia\\\/#primaryimage\"},\"image\":{\"@id\":\"https:\\\/\\\/medicinasinc.com\\\/fi\\\/product\\\/osta-hi-tech-yskasiirappia\\\/#primaryimage\"},\"thumbnailUrl\":\"https:\\\/\\\/medicinasinc.com\\\/fi\\\/wp-content\\\/uploads\\\/sites\\\/12\\\/2022\\\/02\\\/buy-hi-tech-cough-syrup-online.jpg\",\"datePublished\":\"2022-02-20T09:28:05+00:00\",\"dateModified\":\"2022-03-22T01:22:34+00:00\",\"description\":\"Osta Hi-Tech ysk\u00e4siirappia myyt\u00e4v\u00e4ksi Isossa-Britanniassa, Euroopassa verkosta. Hi-Tech prometatsiinihydrokloridi ja kodeiinifosfaattisiirappi\u2026 jokainen 5 ml sis\u00e4lt\u00e4\u00e4: Prometatsiinihydrokloridia 6,25 mg; kodeiinifosfaatti 10 mg. Alkoholi 7 % K\u00e4ytt\u00f6aihe: ysk\u00e4nl\u00e4\u00e4ke\",\"breadcrumb\":{\"@id\":\"https:\\\/\\\/medicinasinc.com\\\/fi\\\/product\\\/osta-hi-tech-yskasiirappia\\\/#breadcrumb\"},\"inLanguage\":\"en-US\",\"potentialAction\":[{\"@type\":\"ReadAction\",\"target\":[\"https:\\\/\\\/medicinasinc.com\\\/fi\\\/product\\\/osta-hi-tech-yskasiirappia\\\/\"]}]},{\"@type\":\"ImageObject\",\"inLanguage\":\"en-US\",\"@id\":\"https:\\\/\\\/medicinasinc.com\\\/fi\\\/product\\\/osta-hi-tech-yskasiirappia\\\/#primaryimage\",\"url\":\"https:\\\/\\\/medicinasinc.com\\\/fi\\\/wp-content\\\/uploads\\\/sites\\\/12\\\/2022\\\/02\\\/buy-hi-tech-cough-syrup-online.jpg\",\"contentUrl\":\"https:\\\/\\\/medicinasinc.com\\\/fi\\\/wp-content\\\/uploads\\\/sites\\\/12\\\/2022\\\/02\\\/buy-hi-tech-cough-syrup-online.jpg\",\"width\":600,\"height\":600},{\"@type\":\"BreadcrumbList\",\"@id\":\"https:\\\/\\\/medicinasinc.com\\\/fi\\\/product\\\/osta-hi-tech-yskasiirappia\\\/#breadcrumb\",\"itemListElement\":[{\"@type\":\"ListItem\",\"position\":1,\"name\":\"Myym\u00e4l\u00e4\",\"item\":\"https:\\\/\\\/medicinasinc.com\\\/fi\\\/myymala\\\/\"},{\"@type\":\"ListItem\",\"position\":2,\"name\":\"Osta Hi-Tech ysk\u00e4siirappia\"}]},{\"@type\":\"WebSite\",\"@id\":\"https:\\\/\\\/medicinasinc.com\\\/fi\\\/#website\",\"url\":\"https:\\\/\\\/medicinasinc.com\\\/fi\\\/\",\"name\":\"Medicinas Inc\",\"description\":\"Health Medical Clinic\",\"potentialAction\":[{\"@type\":\"SearchAction\",\"target\":{\"@type\":\"EntryPoint\",\"urlTemplate\":\"https:\\\/\\\/medicinasinc.com\\\/fi\\\/?s={search_term_string}\"},\"query-input\":{\"@type\":\"PropertyValueSpecification\",\"valueRequired\":true,\"valueName\":\"search_term_string\"}}],\"inLanguage\":\"en-US\"}]}<\/script>\n<!-- \/ Yoast SEO plugin. -->","yoast_head_json":{"title":"Osta Hi-Tech-ysk\u00e4nsiirappia - parhaat maailmanlaajuiset l\u00e4\u00e4kkeet","description":"Osta Hi-Tech ysk\u00e4siirappia myyt\u00e4v\u00e4ksi Isossa-Britanniassa, Euroopassa verkosta. Hi-Tech prometatsiinihydrokloridi ja kodeiinifosfaattisiirappi\u2026 jokainen 5 ml sis\u00e4lt\u00e4\u00e4: Prometatsiinihydrokloridia 6,25 mg; kodeiinifosfaatti 10 mg. Alkoholi 7 % K\u00e4ytt\u00f6aihe: ysk\u00e4nl\u00e4\u00e4ke","robots":{"index":"index","follow":"follow","max-snippet":"max-snippet:-1","max-image-preview":"max-image-preview:large","max-video-preview":"max-video-preview:-1"},"canonical":"https:\/\/medicinasinc.com\/fi\/product\/osta-hi-tech-yskasiirappia\/","og_locale":"en_US","og_type":"article","og_title":"Osta Hi-Tech-ysk\u00e4nsiirappia - parhaat maailmanlaajuiset l\u00e4\u00e4kkeet","og_description":"Osta Hi-Tech ysk\u00e4siirappia myyt\u00e4v\u00e4ksi Isossa-Britanniassa, Euroopassa verkosta. Hi-Tech prometatsiinihydrokloridi ja kodeiinifosfaattisiirappi\u2026 jokainen 5 ml sis\u00e4lt\u00e4\u00e4: Prometatsiinihydrokloridia 6,25 mg; kodeiinifosfaatti 10 mg. Alkoholi 7 % K\u00e4ytt\u00f6aihe: ysk\u00e4nl\u00e4\u00e4ke","og_url":"https:\/\/medicinasinc.com\/fi\/product\/osta-hi-tech-yskasiirappia\/","og_site_name":"Medicinas Inc","article_modified_time":"2022-03-22T01:22:34+00:00","og_image":[{"width":600,"height":600,"url":"https:\/\/medicinasinc.com\/fi\/wp-content\/uploads\/sites\/12\/2022\/02\/buy-hi-tech-cough-syrup-online.jpg","type":"image\/jpeg"}],"twitter_card":"summary_large_image","twitter_misc":{"Est. reading time":"3 minutes"},"schema":{"@context":"https:\/\/schema.org","@graph":[{"@type":"WebPage","@id":"https:\/\/medicinasinc.com\/fi\/product\/osta-hi-tech-yskasiirappia\/","url":"https:\/\/medicinasinc.com\/fi\/product\/osta-hi-tech-yskasiirappia\/","name":"Osta Hi-Tech-ysk\u00e4nsiirappia - parhaat maailmanlaajuiset l\u00e4\u00e4kkeet","isPartOf":{"@id":"https:\/\/medicinasinc.com\/fi\/#website"},"primaryImageOfPage":{"@id":"https:\/\/medicinasinc.com\/fi\/product\/osta-hi-tech-yskasiirappia\/#primaryimage"},"image":{"@id":"https:\/\/medicinasinc.com\/fi\/product\/osta-hi-tech-yskasiirappia\/#primaryimage"},"thumbnailUrl":"https:\/\/medicinasinc.com\/fi\/wp-content\/uploads\/sites\/12\/2022\/02\/buy-hi-tech-cough-syrup-online.jpg","datePublished":"2022-02-20T09:28:05+00:00","dateModified":"2022-03-22T01:22:34+00:00","description":"Osta Hi-Tech ysk\u00e4siirappia myyt\u00e4v\u00e4ksi Isossa-Britanniassa, Euroopassa verkosta. Hi-Tech prometatsiinihydrokloridi ja kodeiinifosfaattisiirappi\u2026 jokainen 5 ml sis\u00e4lt\u00e4\u00e4: Prometatsiinihydrokloridia 6,25 mg; kodeiinifosfaatti 10 mg. Alkoholi 7 % K\u00e4ytt\u00f6aihe: ysk\u00e4nl\u00e4\u00e4ke","breadcrumb":{"@id":"https:\/\/medicinasinc.com\/fi\/product\/osta-hi-tech-yskasiirappia\/#breadcrumb"},"inLanguage":"en-US","potentialAction":[{"@type":"ReadAction","target":["https:\/\/medicinasinc.com\/fi\/product\/osta-hi-tech-yskasiirappia\/"]}]},{"@type":"ImageObject","inLanguage":"en-US","@id":"https:\/\/medicinasinc.com\/fi\/product\/osta-hi-tech-yskasiirappia\/#primaryimage","url":"https:\/\/medicinasinc.com\/fi\/wp-content\/uploads\/sites\/12\/2022\/02\/buy-hi-tech-cough-syrup-online.jpg","contentUrl":"https:\/\/medicinasinc.com\/fi\/wp-content\/uploads\/sites\/12\/2022\/02\/buy-hi-tech-cough-syrup-online.jpg","width":600,"height":600},{"@type":"BreadcrumbList","@id":"https:\/\/medicinasinc.com\/fi\/product\/osta-hi-tech-yskasiirappia\/#breadcrumb","itemListElement":[{"@type":"ListItem","position":1,"name":"Myym\u00e4l\u00e4","item":"https:\/\/medicinasinc.com\/fi\/myymala\/"},{"@type":"ListItem","position":2,"name":"Osta Hi-Tech ysk\u00e4siirappia"}]},{"@type":"WebSite","@id":"https:\/\/medicinasinc.com\/fi\/#website","url":"https:\/\/medicinasinc.com\/fi\/","name":"Medicinas Inc","description":"Health Medical Clinic","potentialAction":[{"@type":"SearchAction","target":{"@type":"EntryPoint","urlTemplate":"https:\/\/medicinasinc.com\/fi\/?s={search_term_string}"},"query-input":{"@type":"PropertyValueSpecification","valueRequired":true,"valueName":"search_term_string"}}],"inLanguage":"en-US"}]}},"_links":{"self":[{"href":"https:\/\/medicinasinc.com\/fi\/wp-json\/wp\/v2\/product\/4455","targetHints":{"allow":["GET"]}}],"collection":[{"href":"https:\/\/medicinasinc.com\/fi\/wp-json\/wp\/v2\/product"}],"about":[{"href":"https:\/\/medicinasinc.com\/fi\/wp-json\/wp\/v2\/types\/product"}],"replies":[{"embeddable":true,"href":"https:\/\/medicinasinc.com\/fi\/wp-json\/wp\/v2\/comments?post=4455"}],"wp:featuredmedia":[{"embeddable":true,"href":"https:\/\/medicinasinc.com\/fi\/wp-json\/wp\/v2\/media\/4489"}],"wp:attachment":[{"href":"https:\/\/medicinasinc.com\/fi\/wp-json\/wp\/v2\/media?parent=4455"}],"wp:term":[{"taxonomy":"product_brand","embeddable":true,"href":"https:\/\/medicinasinc.com\/fi\/wp-json\/wp\/v2\/product_brand?post=4455"},{"taxonomy":"product_cat","embeddable":true,"href":"https:\/\/medicinasinc.com\/fi\/wp-json\/wp\/v2\/product_cat?post=4455"},{"taxonomy":"product_tag","embeddable":true,"href":"https:\/\/medicinasinc.com\/fi\/wp-json\/wp\/v2\/product_tag?post=4455"}],"curies":[{"name":"wp","href":"https:\/\/api.w.org\/{rel}","templated":true}]}}