{"id":4440,"date":"2022-02-20T09:19:13","date_gmt":"2022-02-20T09:19:13","guid":{"rendered":"https:\/\/medicinasinc.com\/fi\/?post_type=product&#038;p=4440"},"modified":"2022-03-22T01:22:51","modified_gmt":"2022-03-22T01:22:51","slug":"osta-haakakku-thc-tisle-ylahylly","status":"publish","type":"product","link":"https:\/\/medicinasinc.com\/fi\/product\/osta-haakakku-thc-tisle-ylahylly\/","title":{"rendered":"Osta h\u00e4\u00e4kakku THC-tisle \u2013 yl\u00e4hylly"},"content":{"rendered":"<h1 class=\"product_title entry-title\">Osta h\u00e4\u00e4kakku THC-tisle \u2013 yl\u00e4hylly<\/h1>\n<div class=\"product-next-previous\">\n<div class=\"product-prev\"><\/div><\/div>\n","protected":false},"excerpt":{"rendered":"<p>Osta h\u00e4\u00e4kakun THC-tisle Iso-Britannia, Eurooppa \u2013 Ylin hylly \u2013 THC-tisle on puhdistettu, liuotinvapaa kannabisuute, jonka THC-taso on 98 %.<\/p>\n<p>&nbsp;<\/p>\n<ul>\n<li>Maailmanlaajuinen toimitus<\/li>\n<li><strong>Ota yhteytt\u00e4<\/strong>\u00a0suurimpia tilauksia varten.<\/li>\n<\/ul>\n","protected":false},"featured_media":4474,"comment_status":"open","ping_status":"closed","template":"","meta":[],"product_brand":[],"product_cat":[440],"product_tag":[],"class_list":{"0":"post-4440","1":"product","2":"type-product","3":"status-publish","4":"has-post-thumbnail","6":"product_cat-osta-kannabis-cbd-ljy","8":"first","9":"instock","10":"shipping-taxable","11":"purchasable","12":"product-type-variable","13":"has-default-attributes"},"yoast_head":"<!-- This site is optimized with the Yoast SEO plugin v27.3 - https:\/\/yoast.com\/product\/yoast-seo-wordpress\/ -->\n<title>Osta h\u00e4\u00e4kakku THC-tisle \u2013 ylin hylly \u2013 parhaat maailmanlaajuiset l\u00e4\u00e4kkeet<\/title>\n<meta name=\"description\" content=\"Osta h\u00e4\u00e4kakku THC-tisle myyt\u00e4v\u00e4n\u00e4 Iso-Britannia, Eurooppa \u2013 Top Shelf \u2013 THC-tisle on puhdistettu, liuotinvapaa kannabisuute, jonka THC-taso on 98 %.\" \/>\n<meta name=\"robots\" content=\"index, follow, max-snippet:-1, max-image-preview:large, max-video-preview:-1\" \/>\n<link rel=\"canonical\" href=\"https:\/\/medicinasinc.com\/fi\/product\/osta-haakakku-thc-tisle-ylahylly\/\" \/>\n<meta property=\"og:locale\" content=\"en_US\" \/>\n<meta property=\"og:type\" content=\"article\" \/>\n<meta property=\"og:title\" content=\"Osta h\u00e4\u00e4kakku THC-tisle \u2013 ylin hylly \u2013 parhaat maailmanlaajuiset l\u00e4\u00e4kkeet\" \/>\n<meta property=\"og:description\" content=\"Osta h\u00e4\u00e4kakku THC-tisle myyt\u00e4v\u00e4n\u00e4 Iso-Britannia, Eurooppa \u2013 Top Shelf \u2013 THC-tisle on puhdistettu, liuotinvapaa kannabisuute, jonka THC-taso on 98 %.\" \/>\n<meta property=\"og:url\" content=\"https:\/\/medicinasinc.com\/fi\/product\/osta-haakakku-thc-tisle-ylahylly\/\" \/>\n<meta property=\"og:site_name\" content=\"Medicinas Inc\" \/>\n<meta property=\"article:modified_time\" content=\"2022-03-22T01:22:51+00:00\" \/>\n<meta property=\"og:image\" content=\"https:\/\/medicinasinc.com\/fi\/wp-content\/uploads\/sites\/12\/2022\/02\/thcv.jpg\" \/>\n\t<meta property=\"og:image:width\" content=\"600\" \/>\n\t<meta property=\"og:image:height\" content=\"600\" \/>\n\t<meta property=\"og:image:type\" content=\"image\/jpeg\" \/>\n<meta name=\"twitter:card\" content=\"summary_large_image\" \/>\n<meta name=\"twitter:label1\" content=\"Est. reading time\" \/>\n\t<meta name=\"twitter:data1\" content=\"1 minute\" \/>\n<script type=\"application\/ld+json\" class=\"yoast-schema-graph\">{\"@context\":\"https:\\\/\\\/schema.org\",\"@graph\":[{\"@type\":\"WebPage\",\"@id\":\"https:\\\/\\\/medicinasinc.com\\\/fi\\\/product\\\/osta-haakakku-thc-tisle-ylahylly\\\/\",\"url\":\"https:\\\/\\\/medicinasinc.com\\\/fi\\\/product\\\/osta-haakakku-thc-tisle-ylahylly\\\/\",\"name\":\"Osta h\u00e4\u00e4kakku THC-tisle \u2013 ylin hylly \u2013 parhaat maailmanlaajuiset l\u00e4\u00e4kkeet\",\"isPartOf\":{\"@id\":\"https:\\\/\\\/medicinasinc.com\\\/fi\\\/#website\"},\"primaryImageOfPage\":{\"@id\":\"https:\\\/\\\/medicinasinc.com\\\/fi\\\/product\\\/osta-haakakku-thc-tisle-ylahylly\\\/#primaryimage\"},\"image\":{\"@id\":\"https:\\\/\\\/medicinasinc.com\\\/fi\\\/product\\\/osta-haakakku-thc-tisle-ylahylly\\\/#primaryimage\"},\"thumbnailUrl\":\"https:\\\/\\\/medicinasinc.com\\\/fi\\\/wp-content\\\/uploads\\\/sites\\\/12\\\/2022\\\/02\\\/thcv.jpg\",\"datePublished\":\"2022-02-20T09:19:13+00:00\",\"dateModified\":\"2022-03-22T01:22:51+00:00\",\"description\":\"Osta h\u00e4\u00e4kakku THC-tisle myyt\u00e4v\u00e4n\u00e4 Iso-Britannia, Eurooppa \u2013 Top Shelf \u2013 THC-tisle on puhdistettu, liuotinvapaa kannabisuute, jonka THC-taso on 98 %.\",\"breadcrumb\":{\"@id\":\"https:\\\/\\\/medicinasinc.com\\\/fi\\\/product\\\/osta-haakakku-thc-tisle-ylahylly\\\/#breadcrumb\"},\"inLanguage\":\"en-US\",\"potentialAction\":[{\"@type\":\"ReadAction\",\"target\":[\"https:\\\/\\\/medicinasinc.com\\\/fi\\\/product\\\/osta-haakakku-thc-tisle-ylahylly\\\/\"]}]},{\"@type\":\"ImageObject\",\"inLanguage\":\"en-US\",\"@id\":\"https:\\\/\\\/medicinasinc.com\\\/fi\\\/product\\\/osta-haakakku-thc-tisle-ylahylly\\\/#primaryimage\",\"url\":\"https:\\\/\\\/medicinasinc.com\\\/fi\\\/wp-content\\\/uploads\\\/sites\\\/12\\\/2022\\\/02\\\/thcv.jpg\",\"contentUrl\":\"https:\\\/\\\/medicinasinc.com\\\/fi\\\/wp-content\\\/uploads\\\/sites\\\/12\\\/2022\\\/02\\\/thcv.jpg\",\"width\":600,\"height\":600},{\"@type\":\"BreadcrumbList\",\"@id\":\"https:\\\/\\\/medicinasinc.com\\\/fi\\\/product\\\/osta-haakakku-thc-tisle-ylahylly\\\/#breadcrumb\",\"itemListElement\":[{\"@type\":\"ListItem\",\"position\":1,\"name\":\"Myym\u00e4l\u00e4\",\"item\":\"https:\\\/\\\/medicinasinc.com\\\/fi\\\/myymala\\\/\"},{\"@type\":\"ListItem\",\"position\":2,\"name\":\"Osta h\u00e4\u00e4kakku THC-tisle \u2013 yl\u00e4hylly\"}]},{\"@type\":\"WebSite\",\"@id\":\"https:\\\/\\\/medicinasinc.com\\\/fi\\\/#website\",\"url\":\"https:\\\/\\\/medicinasinc.com\\\/fi\\\/\",\"name\":\"Medicinas Inc\",\"description\":\"Health Medical Clinic\",\"potentialAction\":[{\"@type\":\"SearchAction\",\"target\":{\"@type\":\"EntryPoint\",\"urlTemplate\":\"https:\\\/\\\/medicinasinc.com\\\/fi\\\/?s={search_term_string}\"},\"query-input\":{\"@type\":\"PropertyValueSpecification\",\"valueRequired\":true,\"valueName\":\"search_term_string\"}}],\"inLanguage\":\"en-US\"}]}<\/script>\n<!-- \/ Yoast SEO plugin. -->","yoast_head_json":{"title":"Osta h\u00e4\u00e4kakku THC-tisle \u2013 ylin hylly \u2013 parhaat maailmanlaajuiset l\u00e4\u00e4kkeet","description":"Osta h\u00e4\u00e4kakku THC-tisle myyt\u00e4v\u00e4n\u00e4 Iso-Britannia, Eurooppa \u2013 Top Shelf \u2013 THC-tisle on puhdistettu, liuotinvapaa kannabisuute, jonka THC-taso on 98 %.","robots":{"index":"index","follow":"follow","max-snippet":"max-snippet:-1","max-image-preview":"max-image-preview:large","max-video-preview":"max-video-preview:-1"},"canonical":"https:\/\/medicinasinc.com\/fi\/product\/osta-haakakku-thc-tisle-ylahylly\/","og_locale":"en_US","og_type":"article","og_title":"Osta h\u00e4\u00e4kakku THC-tisle \u2013 ylin hylly \u2013 parhaat maailmanlaajuiset l\u00e4\u00e4kkeet","og_description":"Osta h\u00e4\u00e4kakku THC-tisle myyt\u00e4v\u00e4n\u00e4 Iso-Britannia, Eurooppa \u2013 Top Shelf \u2013 THC-tisle on puhdistettu, liuotinvapaa kannabisuute, jonka THC-taso on 98 %.","og_url":"https:\/\/medicinasinc.com\/fi\/product\/osta-haakakku-thc-tisle-ylahylly\/","og_site_name":"Medicinas Inc","article_modified_time":"2022-03-22T01:22:51+00:00","og_image":[{"width":600,"height":600,"url":"https:\/\/medicinasinc.com\/fi\/wp-content\/uploads\/sites\/12\/2022\/02\/thcv.jpg","type":"image\/jpeg"}],"twitter_card":"summary_large_image","twitter_misc":{"Est. reading time":"1 minute"},"schema":{"@context":"https:\/\/schema.org","@graph":[{"@type":"WebPage","@id":"https:\/\/medicinasinc.com\/fi\/product\/osta-haakakku-thc-tisle-ylahylly\/","url":"https:\/\/medicinasinc.com\/fi\/product\/osta-haakakku-thc-tisle-ylahylly\/","name":"Osta h\u00e4\u00e4kakku THC-tisle \u2013 ylin hylly \u2013 parhaat maailmanlaajuiset l\u00e4\u00e4kkeet","isPartOf":{"@id":"https:\/\/medicinasinc.com\/fi\/#website"},"primaryImageOfPage":{"@id":"https:\/\/medicinasinc.com\/fi\/product\/osta-haakakku-thc-tisle-ylahylly\/#primaryimage"},"image":{"@id":"https:\/\/medicinasinc.com\/fi\/product\/osta-haakakku-thc-tisle-ylahylly\/#primaryimage"},"thumbnailUrl":"https:\/\/medicinasinc.com\/fi\/wp-content\/uploads\/sites\/12\/2022\/02\/thcv.jpg","datePublished":"2022-02-20T09:19:13+00:00","dateModified":"2022-03-22T01:22:51+00:00","description":"Osta h\u00e4\u00e4kakku THC-tisle myyt\u00e4v\u00e4n\u00e4 Iso-Britannia, Eurooppa \u2013 Top Shelf \u2013 THC-tisle on puhdistettu, liuotinvapaa kannabisuute, jonka THC-taso on 98 %.","breadcrumb":{"@id":"https:\/\/medicinasinc.com\/fi\/product\/osta-haakakku-thc-tisle-ylahylly\/#breadcrumb"},"inLanguage":"en-US","potentialAction":[{"@type":"ReadAction","target":["https:\/\/medicinasinc.com\/fi\/product\/osta-haakakku-thc-tisle-ylahylly\/"]}]},{"@type":"ImageObject","inLanguage":"en-US","@id":"https:\/\/medicinasinc.com\/fi\/product\/osta-haakakku-thc-tisle-ylahylly\/#primaryimage","url":"https:\/\/medicinasinc.com\/fi\/wp-content\/uploads\/sites\/12\/2022\/02\/thcv.jpg","contentUrl":"https:\/\/medicinasinc.com\/fi\/wp-content\/uploads\/sites\/12\/2022\/02\/thcv.jpg","width":600,"height":600},{"@type":"BreadcrumbList","@id":"https:\/\/medicinasinc.com\/fi\/product\/osta-haakakku-thc-tisle-ylahylly\/#breadcrumb","itemListElement":[{"@type":"ListItem","position":1,"name":"Myym\u00e4l\u00e4","item":"https:\/\/medicinasinc.com\/fi\/myymala\/"},{"@type":"ListItem","position":2,"name":"Osta h\u00e4\u00e4kakku THC-tisle \u2013 yl\u00e4hylly"}]},{"@type":"WebSite","@id":"https:\/\/medicinasinc.com\/fi\/#website","url":"https:\/\/medicinasinc.com\/fi\/","name":"Medicinas Inc","description":"Health Medical Clinic","potentialAction":[{"@type":"SearchAction","target":{"@type":"EntryPoint","urlTemplate":"https:\/\/medicinasinc.com\/fi\/?s={search_term_string}"},"query-input":{"@type":"PropertyValueSpecification","valueRequired":true,"valueName":"search_term_string"}}],"inLanguage":"en-US"}]}},"_links":{"self":[{"href":"https:\/\/medicinasinc.com\/fi\/wp-json\/wp\/v2\/product\/4440","targetHints":{"allow":["GET"]}}],"collection":[{"href":"https:\/\/medicinasinc.com\/fi\/wp-json\/wp\/v2\/product"}],"about":[{"href":"https:\/\/medicinasinc.com\/fi\/wp-json\/wp\/v2\/types\/product"}],"replies":[{"embeddable":true,"href":"https:\/\/medicinasinc.com\/fi\/wp-json\/wp\/v2\/comments?post=4440"}],"wp:featuredmedia":[{"embeddable":true,"href":"https:\/\/medicinasinc.com\/fi\/wp-json\/wp\/v2\/media\/4474"}],"wp:attachment":[{"href":"https:\/\/medicinasinc.com\/fi\/wp-json\/wp\/v2\/media?parent=4440"}],"wp:term":[{"taxonomy":"product_brand","embeddable":true,"href":"https:\/\/medicinasinc.com\/fi\/wp-json\/wp\/v2\/product_brand?post=4440"},{"taxonomy":"product_cat","embeddable":true,"href":"https:\/\/medicinasinc.com\/fi\/wp-json\/wp\/v2\/product_cat?post=4440"},{"taxonomy":"product_tag","embeddable":true,"href":"https:\/\/medicinasinc.com\/fi\/wp-json\/wp\/v2\/product_tag?post=4440"}],"curies":[{"name":"wp","href":"https:\/\/api.w.org\/{rel}","templated":true}]}}