{"id":4431,"date":"2022-02-20T09:14:34","date_gmt":"2022-02-20T09:14:34","guid":{"rendered":"https:\/\/medicinasinc.com\/fi\/?post_type=product&#038;p=4431"},"modified":"2022-03-22T01:23:02","modified_gmt":"2022-03-22T01:23:02","slug":"osta-thc-tisle-superior-uute","status":"publish","type":"product","link":"https:\/\/medicinasinc.com\/fi\/product\/osta-thc-tisle-superior-uute\/","title":{"rendered":"Osta THC-tisle \u2013 Superior Extract"},"content":{"rendered":"<p>Osta THC-tisle \u2013 Premium-uute<\/p>\n<p>Premium-THC-tisle on Kanadassa valmistettu kannabistiiviste. T\u00e4m\u00e4 tuote on testattu laboratoriossa ja sen on todettu sis\u00e4lt\u00e4v\u00e4n korkean pitoisuuden THC:t\u00e4, joka vaihtelee v\u00e4lill\u00e4 95-98 prosenttia. THC-tisleemme on eritt\u00e4in stabiili huoneenl\u00e4mm\u00f6ss\u00e4, eik\u00e4 siit\u00e4 tule juoksevaa. Lis\u00e4ksi se on poikkeuksellisen laadukas, liuotinvapaa, kristallinkirkas ja l\u00e4pin\u00e4kyv\u00e4. Tisle on er\u00e4\u00e4nlainen uute, jota k\u00e4ytet\u00e4\u00e4n monin eri tavoin. N\u00e4it\u00e4 ovat muun muassa vape-patruunoiden t\u00e4ytt\u00f6, sy\u00f6t\u00e4vien tuotteiden luominen ja taputteleminen takkiin.<\/p>\n","protected":false},"excerpt":{"rendered":"<ul>\n<li>Maailmanlaajuinen toimitus<\/li>\n<li>V\u00e4himm\u00e4istilausm\u00e4\u00e4r\u00e4 on <strong>2<\/strong><\/li>\n<li><strong>Ota meihin yhteytt\u00e4<\/strong>\u00a0suurempia tilauksia varten<\/li>\n<\/ul>\n","protected":false},"featured_media":4465,"comment_status":"open","ping_status":"closed","template":"","meta":[],"product_brand":[],"product_cat":[440],"product_tag":[],"class_list":{"0":"post-4431","1":"product","2":"type-product","3":"status-publish","4":"has-post-thumbnail","6":"product_cat-osta-kannabis-cbd-ljy","8":"first","9":"instock","10":"shipping-taxable","11":"purchasable","12":"product-type-variable","13":"has-default-attributes"},"yoast_head":"<!-- This site is optimized with the Yoast SEO plugin v27.3 - https:\/\/yoast.com\/product\/yoast-seo-wordpress\/ -->\n<title>Osta THC-tisle \u2013 erinomainen uute \u2013 parhaat maailmanlaajuiset l\u00e4\u00e4kkeet<\/title>\n<meta name=\"description\" content=\"Osta THC Distillate Superior Extract -uutetta ja THC-tiivisteit\u00e4 myyt\u00e4v\u00e4ksi Iso-Britannian, Euroopan parhaasta online-ambulanssista. Tilaa nyt ja saat ilmaisen toimituksen yli 150 dollarin ostoksille!\" \/>\n<meta name=\"robots\" content=\"index, follow, max-snippet:-1, max-image-preview:large, max-video-preview:-1\" \/>\n<link rel=\"canonical\" href=\"https:\/\/medicinasinc.com\/fi\/product\/osta-thc-tisle-superior-uute\/\" \/>\n<meta property=\"og:locale\" content=\"en_US\" \/>\n<meta property=\"og:type\" content=\"article\" \/>\n<meta property=\"og:title\" content=\"Osta THC-tisle \u2013 erinomainen uute \u2013 parhaat maailmanlaajuiset l\u00e4\u00e4kkeet\" \/>\n<meta property=\"og:description\" content=\"Osta THC Distillate Superior Extract -uutetta ja THC-tiivisteit\u00e4 myyt\u00e4v\u00e4ksi Iso-Britannian, Euroopan parhaasta online-ambulanssista. Tilaa nyt ja saat ilmaisen toimituksen yli 150 dollarin ostoksille!\" \/>\n<meta property=\"og:url\" content=\"https:\/\/medicinasinc.com\/fi\/product\/osta-thc-tisle-superior-uute\/\" \/>\n<meta property=\"og:site_name\" content=\"Medicinas Inc\" \/>\n<meta property=\"article:modified_time\" content=\"2022-03-22T01:23:02+00:00\" \/>\n<meta property=\"og:image\" content=\"https:\/\/medicinasinc.com\/fi\/wp-content\/uploads\/sites\/12\/2022\/02\/Buy-THC-DISTILLATE-1.jpg\" \/>\n\t<meta property=\"og:image:width\" content=\"800\" \/>\n\t<meta property=\"og:image:height\" content=\"800\" \/>\n\t<meta property=\"og:image:type\" content=\"image\/jpeg\" \/>\n<meta name=\"twitter:card\" content=\"summary_large_image\" \/>\n<meta name=\"twitter:label1\" content=\"Est. reading time\" \/>\n\t<meta name=\"twitter:data1\" content=\"1 minute\" \/>\n<script type=\"application\/ld+json\" class=\"yoast-schema-graph\">{\"@context\":\"https:\\\/\\\/schema.org\",\"@graph\":[{\"@type\":\"WebPage\",\"@id\":\"https:\\\/\\\/medicinasinc.com\\\/fi\\\/product\\\/osta-thc-tisle-superior-uute\\\/\",\"url\":\"https:\\\/\\\/medicinasinc.com\\\/fi\\\/product\\\/osta-thc-tisle-superior-uute\\\/\",\"name\":\"Osta THC-tisle \u2013 erinomainen uute \u2013 parhaat maailmanlaajuiset l\u00e4\u00e4kkeet\",\"isPartOf\":{\"@id\":\"https:\\\/\\\/medicinasinc.com\\\/fi\\\/#website\"},\"primaryImageOfPage\":{\"@id\":\"https:\\\/\\\/medicinasinc.com\\\/fi\\\/product\\\/osta-thc-tisle-superior-uute\\\/#primaryimage\"},\"image\":{\"@id\":\"https:\\\/\\\/medicinasinc.com\\\/fi\\\/product\\\/osta-thc-tisle-superior-uute\\\/#primaryimage\"},\"thumbnailUrl\":\"https:\\\/\\\/medicinasinc.com\\\/fi\\\/wp-content\\\/uploads\\\/sites\\\/12\\\/2022\\\/02\\\/Buy-THC-DISTILLATE-1.jpg\",\"datePublished\":\"2022-02-20T09:14:34+00:00\",\"dateModified\":\"2022-03-22T01:23:02+00:00\",\"description\":\"Osta THC Distillate Superior Extract -uutetta ja THC-tiivisteit\u00e4 myyt\u00e4v\u00e4ksi Iso-Britannian, Euroopan parhaasta online-ambulanssista. Tilaa nyt ja saat ilmaisen toimituksen yli 150 dollarin ostoksille!\",\"breadcrumb\":{\"@id\":\"https:\\\/\\\/medicinasinc.com\\\/fi\\\/product\\\/osta-thc-tisle-superior-uute\\\/#breadcrumb\"},\"inLanguage\":\"en-US\",\"potentialAction\":[{\"@type\":\"ReadAction\",\"target\":[\"https:\\\/\\\/medicinasinc.com\\\/fi\\\/product\\\/osta-thc-tisle-superior-uute\\\/\"]}]},{\"@type\":\"ImageObject\",\"inLanguage\":\"en-US\",\"@id\":\"https:\\\/\\\/medicinasinc.com\\\/fi\\\/product\\\/osta-thc-tisle-superior-uute\\\/#primaryimage\",\"url\":\"https:\\\/\\\/medicinasinc.com\\\/fi\\\/wp-content\\\/uploads\\\/sites\\\/12\\\/2022\\\/02\\\/Buy-THC-DISTILLATE-1.jpg\",\"contentUrl\":\"https:\\\/\\\/medicinasinc.com\\\/fi\\\/wp-content\\\/uploads\\\/sites\\\/12\\\/2022\\\/02\\\/Buy-THC-DISTILLATE-1.jpg\",\"width\":800,\"height\":800},{\"@type\":\"BreadcrumbList\",\"@id\":\"https:\\\/\\\/medicinasinc.com\\\/fi\\\/product\\\/osta-thc-tisle-superior-uute\\\/#breadcrumb\",\"itemListElement\":[{\"@type\":\"ListItem\",\"position\":1,\"name\":\"Myym\u00e4l\u00e4\",\"item\":\"https:\\\/\\\/medicinasinc.com\\\/fi\\\/myymala\\\/\"},{\"@type\":\"ListItem\",\"position\":2,\"name\":\"Osta THC-tisle \u2013 Superior Extract\"}]},{\"@type\":\"WebSite\",\"@id\":\"https:\\\/\\\/medicinasinc.com\\\/fi\\\/#website\",\"url\":\"https:\\\/\\\/medicinasinc.com\\\/fi\\\/\",\"name\":\"Medicinas Inc\",\"description\":\"Health Medical Clinic\",\"potentialAction\":[{\"@type\":\"SearchAction\",\"target\":{\"@type\":\"EntryPoint\",\"urlTemplate\":\"https:\\\/\\\/medicinasinc.com\\\/fi\\\/?s={search_term_string}\"},\"query-input\":{\"@type\":\"PropertyValueSpecification\",\"valueRequired\":true,\"valueName\":\"search_term_string\"}}],\"inLanguage\":\"en-US\"}]}<\/script>\n<!-- \/ Yoast SEO plugin. -->","yoast_head_json":{"title":"Osta THC-tisle \u2013 erinomainen uute \u2013 parhaat maailmanlaajuiset l\u00e4\u00e4kkeet","description":"Osta THC Distillate Superior Extract -uutetta ja THC-tiivisteit\u00e4 myyt\u00e4v\u00e4ksi Iso-Britannian, Euroopan parhaasta online-ambulanssista. Tilaa nyt ja saat ilmaisen toimituksen yli 150 dollarin ostoksille!","robots":{"index":"index","follow":"follow","max-snippet":"max-snippet:-1","max-image-preview":"max-image-preview:large","max-video-preview":"max-video-preview:-1"},"canonical":"https:\/\/medicinasinc.com\/fi\/product\/osta-thc-tisle-superior-uute\/","og_locale":"en_US","og_type":"article","og_title":"Osta THC-tisle \u2013 erinomainen uute \u2013 parhaat maailmanlaajuiset l\u00e4\u00e4kkeet","og_description":"Osta THC Distillate Superior Extract -uutetta ja THC-tiivisteit\u00e4 myyt\u00e4v\u00e4ksi Iso-Britannian, Euroopan parhaasta online-ambulanssista. Tilaa nyt ja saat ilmaisen toimituksen yli 150 dollarin ostoksille!","og_url":"https:\/\/medicinasinc.com\/fi\/product\/osta-thc-tisle-superior-uute\/","og_site_name":"Medicinas Inc","article_modified_time":"2022-03-22T01:23:02+00:00","og_image":[{"width":800,"height":800,"url":"https:\/\/medicinasinc.com\/fi\/wp-content\/uploads\/sites\/12\/2022\/02\/Buy-THC-DISTILLATE-1.jpg","type":"image\/jpeg"}],"twitter_card":"summary_large_image","twitter_misc":{"Est. reading time":"1 minute"},"schema":{"@context":"https:\/\/schema.org","@graph":[{"@type":"WebPage","@id":"https:\/\/medicinasinc.com\/fi\/product\/osta-thc-tisle-superior-uute\/","url":"https:\/\/medicinasinc.com\/fi\/product\/osta-thc-tisle-superior-uute\/","name":"Osta THC-tisle \u2013 erinomainen uute \u2013 parhaat maailmanlaajuiset l\u00e4\u00e4kkeet","isPartOf":{"@id":"https:\/\/medicinasinc.com\/fi\/#website"},"primaryImageOfPage":{"@id":"https:\/\/medicinasinc.com\/fi\/product\/osta-thc-tisle-superior-uute\/#primaryimage"},"image":{"@id":"https:\/\/medicinasinc.com\/fi\/product\/osta-thc-tisle-superior-uute\/#primaryimage"},"thumbnailUrl":"https:\/\/medicinasinc.com\/fi\/wp-content\/uploads\/sites\/12\/2022\/02\/Buy-THC-DISTILLATE-1.jpg","datePublished":"2022-02-20T09:14:34+00:00","dateModified":"2022-03-22T01:23:02+00:00","description":"Osta THC Distillate Superior Extract -uutetta ja THC-tiivisteit\u00e4 myyt\u00e4v\u00e4ksi Iso-Britannian, Euroopan parhaasta online-ambulanssista. Tilaa nyt ja saat ilmaisen toimituksen yli 150 dollarin ostoksille!","breadcrumb":{"@id":"https:\/\/medicinasinc.com\/fi\/product\/osta-thc-tisle-superior-uute\/#breadcrumb"},"inLanguage":"en-US","potentialAction":[{"@type":"ReadAction","target":["https:\/\/medicinasinc.com\/fi\/product\/osta-thc-tisle-superior-uute\/"]}]},{"@type":"ImageObject","inLanguage":"en-US","@id":"https:\/\/medicinasinc.com\/fi\/product\/osta-thc-tisle-superior-uute\/#primaryimage","url":"https:\/\/medicinasinc.com\/fi\/wp-content\/uploads\/sites\/12\/2022\/02\/Buy-THC-DISTILLATE-1.jpg","contentUrl":"https:\/\/medicinasinc.com\/fi\/wp-content\/uploads\/sites\/12\/2022\/02\/Buy-THC-DISTILLATE-1.jpg","width":800,"height":800},{"@type":"BreadcrumbList","@id":"https:\/\/medicinasinc.com\/fi\/product\/osta-thc-tisle-superior-uute\/#breadcrumb","itemListElement":[{"@type":"ListItem","position":1,"name":"Myym\u00e4l\u00e4","item":"https:\/\/medicinasinc.com\/fi\/myymala\/"},{"@type":"ListItem","position":2,"name":"Osta THC-tisle \u2013 Superior Extract"}]},{"@type":"WebSite","@id":"https:\/\/medicinasinc.com\/fi\/#website","url":"https:\/\/medicinasinc.com\/fi\/","name":"Medicinas Inc","description":"Health Medical Clinic","potentialAction":[{"@type":"SearchAction","target":{"@type":"EntryPoint","urlTemplate":"https:\/\/medicinasinc.com\/fi\/?s={search_term_string}"},"query-input":{"@type":"PropertyValueSpecification","valueRequired":true,"valueName":"search_term_string"}}],"inLanguage":"en-US"}]}},"_links":{"self":[{"href":"https:\/\/medicinasinc.com\/fi\/wp-json\/wp\/v2\/product\/4431","targetHints":{"allow":["GET"]}}],"collection":[{"href":"https:\/\/medicinasinc.com\/fi\/wp-json\/wp\/v2\/product"}],"about":[{"href":"https:\/\/medicinasinc.com\/fi\/wp-json\/wp\/v2\/types\/product"}],"replies":[{"embeddable":true,"href":"https:\/\/medicinasinc.com\/fi\/wp-json\/wp\/v2\/comments?post=4431"}],"wp:featuredmedia":[{"embeddable":true,"href":"https:\/\/medicinasinc.com\/fi\/wp-json\/wp\/v2\/media\/4465"}],"wp:attachment":[{"href":"https:\/\/medicinasinc.com\/fi\/wp-json\/wp\/v2\/media?parent=4431"}],"wp:term":[{"taxonomy":"product_brand","embeddable":true,"href":"https:\/\/medicinasinc.com\/fi\/wp-json\/wp\/v2\/product_brand?post=4431"},{"taxonomy":"product_cat","embeddable":true,"href":"https:\/\/medicinasinc.com\/fi\/wp-json\/wp\/v2\/product_cat?post=4431"},{"taxonomy":"product_tag","embeddable":true,"href":"https:\/\/medicinasinc.com\/fi\/wp-json\/wp\/v2\/product_tag?post=4431"}],"curies":[{"name":"wp","href":"https:\/\/api.w.org\/{rel}","templated":true}]}}