{"id":4425,"date":"2022-02-20T09:10:27","date_gmt":"2022-02-20T09:10:27","guid":{"rendered":"https:\/\/medicinasinc.com\/fi\/?post_type=product&#038;p=4425"},"modified":"2022-03-22T01:23:13","modified_gmt":"2022-03-22T01:23:13","slug":"osta-skywalker-og-thc-tisle-kosher-uute","status":"publish","type":"product","link":"https:\/\/medicinasinc.com\/fi\/product\/osta-skywalker-og-thc-tisle-kosher-uute\/","title":{"rendered":"Osta Skywalker OG THC -tisle \u2013 Kosher-uute"},"content":{"rendered":"<p>THC Distillate Extract Kosher<\/p>\n<p>THC Distillate on yksi markkinoiden puhtaimmista ja tehokkaimmista kannabisuutteista, joka tarjoaa laajan valikoiman l\u00e4\u00e4kinn\u00e4llisi\u00e4 etuja ja ominaisuuksia. Kannabis hajotetaan k\u00e4ytt\u00e4m\u00e4ll\u00e4 molekyylin lyhyen polun tislausta, kunnes k\u00e4yt\u00e4nn\u00f6llisesti katsoen jokainen komponentti on erotettu THC:st\u00e4 (t\u00e4m\u00e4 sis\u00e4lt\u00e4\u00e4: terpeenit, kasvien lipidit, torjunta-aineet ja muut ep\u00e4puhtaudet). T\u00e4m\u00e4 menetelm\u00e4 tuottaa eritt\u00e4in puhtaan kannabisuutteen ilman liuottimien k\u00e4ytt\u00f6\u00e4 THC:n uuttamiseen. T\u00e4m\u00e4n puhtauden ohella tislaus tuottaa tuotteen, joka on huomattavasti tehokkaampi kuin kuivat yrtit tai muut kannabisuutteet. THC-tisle voi sis\u00e4lt\u00e4\u00e4 85\u201399 prosenttia THC:t\u00e4!<\/p>\n","protected":false},"excerpt":{"rendered":"<p><em>Osta Skywalker OG Distillate<\/em>\u00a0Syringe on rentouttava indica\u00f6ljy, joka rauhoittaa mielt\u00e4, rentouttaa kehoa ja saa sinut t\u00e4ydelliseen euforian tilaan.<\/p>\n<p><em>Osta. Skywalker OG THC -tisle<\/em>\u00a0&#8211; kosher-uute online Kanadan suurimmasta online-apteekista, Buy My Weed Onlinesta.<\/p>\n<ul>\n<li><\/li>\n<li>Toimitus maailmanlaajuisesti<\/li>\n<li>V\u00e4hint\u00e4\u00e4n 5 kpl tilausm\u00e4\u00e4r\u00e4.<\/li>\n<p> &gt; <\/p>\n<li><strong>Ota meihin yhteytt\u00e4<\/strong>, jos tarvitset suurempia tilauksia<\/li>\n<\/ul>\n","protected":false},"featured_media":4459,"comment_status":"open","ping_status":"closed","template":"","meta":[],"product_brand":[],"product_cat":[440],"product_tag":[],"class_list":{"0":"post-4425","1":"product","2":"type-product","3":"status-publish","4":"has-post-thumbnail","6":"product_cat-osta-kannabis-cbd-ljy","8":"first","9":"instock","10":"shipping-taxable","11":"purchasable","12":"product-type-variable","13":"has-default-attributes"},"yoast_head":"<!-- This site is optimized with the Yoast SEO plugin v27.3 - https:\/\/yoast.com\/product\/yoast-seo-wordpress\/ -->\n<title>Osta Skywalker OG THC -tisle \u2013 kosher-uute - Best Global MedsMeta -kuvauksen esikatselu:<\/title>\n<meta name=\"description\" content=\"Osta Skywalker OG THC -tisle - kosher-uute verkossa Euroopan suurimmasta online-apteekista,Buy My Weed Online.\" \/>\n<meta name=\"robots\" content=\"index, follow, max-snippet:-1, max-image-preview:large, max-video-preview:-1\" \/>\n<link rel=\"canonical\" href=\"https:\/\/medicinasinc.com\/fi\/product\/osta-skywalker-og-thc-tisle-kosher-uute\/\" \/>\n<meta property=\"og:locale\" content=\"en_US\" \/>\n<meta property=\"og:type\" content=\"article\" \/>\n<meta property=\"og:title\" content=\"Osta Skywalker OG THC -tisle \u2013 kosher-uute - Best Global MedsMeta -kuvauksen esikatselu:\" \/>\n<meta property=\"og:description\" content=\"Osta Skywalker OG THC -tisle - kosher-uute verkossa Euroopan suurimmasta online-apteekista,Buy My Weed Online.\" \/>\n<meta property=\"og:url\" content=\"https:\/\/medicinasinc.com\/fi\/product\/osta-skywalker-og-thc-tisle-kosher-uute\/\" \/>\n<meta property=\"og:site_name\" content=\"Medicinas Inc\" \/>\n<meta property=\"article:modified_time\" content=\"2022-03-22T01:23:13+00:00\" \/>\n<meta property=\"og:image\" content=\"https:\/\/medicinasinc.com\/fi\/wp-content\/uploads\/sites\/12\/2022\/02\/Buy-Skywalker-OG-THC-Distillate.jpg\" \/>\n\t<meta property=\"og:image:width\" content=\"980\" \/>\n\t<meta property=\"og:image:height\" content=\"980\" \/>\n\t<meta property=\"og:image:type\" content=\"image\/jpeg\" \/>\n<meta name=\"twitter:card\" content=\"summary_large_image\" \/>\n<meta name=\"twitter:label1\" content=\"Est. reading time\" \/>\n\t<meta name=\"twitter:data1\" content=\"1 minute\" \/>\n<script type=\"application\/ld+json\" class=\"yoast-schema-graph\">{\"@context\":\"https:\\\/\\\/schema.org\",\"@graph\":[{\"@type\":\"WebPage\",\"@id\":\"https:\\\/\\\/medicinasinc.com\\\/fi\\\/product\\\/osta-skywalker-og-thc-tisle-kosher-uute\\\/\",\"url\":\"https:\\\/\\\/medicinasinc.com\\\/fi\\\/product\\\/osta-skywalker-og-thc-tisle-kosher-uute\\\/\",\"name\":\"Osta Skywalker OG THC -tisle \u2013 kosher-uute - Best Global MedsMeta -kuvauksen esikatselu:\",\"isPartOf\":{\"@id\":\"https:\\\/\\\/medicinasinc.com\\\/fi\\\/#website\"},\"primaryImageOfPage\":{\"@id\":\"https:\\\/\\\/medicinasinc.com\\\/fi\\\/product\\\/osta-skywalker-og-thc-tisle-kosher-uute\\\/#primaryimage\"},\"image\":{\"@id\":\"https:\\\/\\\/medicinasinc.com\\\/fi\\\/product\\\/osta-skywalker-og-thc-tisle-kosher-uute\\\/#primaryimage\"},\"thumbnailUrl\":\"https:\\\/\\\/medicinasinc.com\\\/fi\\\/wp-content\\\/uploads\\\/sites\\\/12\\\/2022\\\/02\\\/Buy-Skywalker-OG-THC-Distillate.jpg\",\"datePublished\":\"2022-02-20T09:10:27+00:00\",\"dateModified\":\"2022-03-22T01:23:13+00:00\",\"description\":\"Osta Skywalker OG THC -tisle - kosher-uute verkossa Euroopan suurimmasta online-apteekista,Buy My Weed Online.\",\"breadcrumb\":{\"@id\":\"https:\\\/\\\/medicinasinc.com\\\/fi\\\/product\\\/osta-skywalker-og-thc-tisle-kosher-uute\\\/#breadcrumb\"},\"inLanguage\":\"en-US\",\"potentialAction\":[{\"@type\":\"ReadAction\",\"target\":[\"https:\\\/\\\/medicinasinc.com\\\/fi\\\/product\\\/osta-skywalker-og-thc-tisle-kosher-uute\\\/\"]}]},{\"@type\":\"ImageObject\",\"inLanguage\":\"en-US\",\"@id\":\"https:\\\/\\\/medicinasinc.com\\\/fi\\\/product\\\/osta-skywalker-og-thc-tisle-kosher-uute\\\/#primaryimage\",\"url\":\"https:\\\/\\\/medicinasinc.com\\\/fi\\\/wp-content\\\/uploads\\\/sites\\\/12\\\/2022\\\/02\\\/Buy-Skywalker-OG-THC-Distillate.jpg\",\"contentUrl\":\"https:\\\/\\\/medicinasinc.com\\\/fi\\\/wp-content\\\/uploads\\\/sites\\\/12\\\/2022\\\/02\\\/Buy-Skywalker-OG-THC-Distillate.jpg\",\"width\":980,\"height\":980},{\"@type\":\"BreadcrumbList\",\"@id\":\"https:\\\/\\\/medicinasinc.com\\\/fi\\\/product\\\/osta-skywalker-og-thc-tisle-kosher-uute\\\/#breadcrumb\",\"itemListElement\":[{\"@type\":\"ListItem\",\"position\":1,\"name\":\"Myym\u00e4l\u00e4\",\"item\":\"https:\\\/\\\/medicinasinc.com\\\/fi\\\/myymala\\\/\"},{\"@type\":\"ListItem\",\"position\":2,\"name\":\"Osta Skywalker OG THC -tisle \u2013 Kosher-uute\"}]},{\"@type\":\"WebSite\",\"@id\":\"https:\\\/\\\/medicinasinc.com\\\/fi\\\/#website\",\"url\":\"https:\\\/\\\/medicinasinc.com\\\/fi\\\/\",\"name\":\"Medicinas Inc\",\"description\":\"Health Medical Clinic\",\"potentialAction\":[{\"@type\":\"SearchAction\",\"target\":{\"@type\":\"EntryPoint\",\"urlTemplate\":\"https:\\\/\\\/medicinasinc.com\\\/fi\\\/?s={search_term_string}\"},\"query-input\":{\"@type\":\"PropertyValueSpecification\",\"valueRequired\":true,\"valueName\":\"search_term_string\"}}],\"inLanguage\":\"en-US\"}]}<\/script>\n<!-- \/ Yoast SEO plugin. -->","yoast_head_json":{"title":"Osta Skywalker OG THC -tisle \u2013 kosher-uute - Best Global MedsMeta -kuvauksen esikatselu:","description":"Osta Skywalker OG THC -tisle - kosher-uute verkossa Euroopan suurimmasta online-apteekista,Buy My Weed Online.","robots":{"index":"index","follow":"follow","max-snippet":"max-snippet:-1","max-image-preview":"max-image-preview:large","max-video-preview":"max-video-preview:-1"},"canonical":"https:\/\/medicinasinc.com\/fi\/product\/osta-skywalker-og-thc-tisle-kosher-uute\/","og_locale":"en_US","og_type":"article","og_title":"Osta Skywalker OG THC -tisle \u2013 kosher-uute - Best Global MedsMeta -kuvauksen esikatselu:","og_description":"Osta Skywalker OG THC -tisle - kosher-uute verkossa Euroopan suurimmasta online-apteekista,Buy My Weed Online.","og_url":"https:\/\/medicinasinc.com\/fi\/product\/osta-skywalker-og-thc-tisle-kosher-uute\/","og_site_name":"Medicinas Inc","article_modified_time":"2022-03-22T01:23:13+00:00","og_image":[{"width":980,"height":980,"url":"https:\/\/medicinasinc.com\/fi\/wp-content\/uploads\/sites\/12\/2022\/02\/Buy-Skywalker-OG-THC-Distillate.jpg","type":"image\/jpeg"}],"twitter_card":"summary_large_image","twitter_misc":{"Est. reading time":"1 minute"},"schema":{"@context":"https:\/\/schema.org","@graph":[{"@type":"WebPage","@id":"https:\/\/medicinasinc.com\/fi\/product\/osta-skywalker-og-thc-tisle-kosher-uute\/","url":"https:\/\/medicinasinc.com\/fi\/product\/osta-skywalker-og-thc-tisle-kosher-uute\/","name":"Osta Skywalker OG THC -tisle \u2013 kosher-uute - Best Global MedsMeta -kuvauksen esikatselu:","isPartOf":{"@id":"https:\/\/medicinasinc.com\/fi\/#website"},"primaryImageOfPage":{"@id":"https:\/\/medicinasinc.com\/fi\/product\/osta-skywalker-og-thc-tisle-kosher-uute\/#primaryimage"},"image":{"@id":"https:\/\/medicinasinc.com\/fi\/product\/osta-skywalker-og-thc-tisle-kosher-uute\/#primaryimage"},"thumbnailUrl":"https:\/\/medicinasinc.com\/fi\/wp-content\/uploads\/sites\/12\/2022\/02\/Buy-Skywalker-OG-THC-Distillate.jpg","datePublished":"2022-02-20T09:10:27+00:00","dateModified":"2022-03-22T01:23:13+00:00","description":"Osta Skywalker OG THC -tisle - kosher-uute verkossa Euroopan suurimmasta online-apteekista,Buy My Weed Online.","breadcrumb":{"@id":"https:\/\/medicinasinc.com\/fi\/product\/osta-skywalker-og-thc-tisle-kosher-uute\/#breadcrumb"},"inLanguage":"en-US","potentialAction":[{"@type":"ReadAction","target":["https:\/\/medicinasinc.com\/fi\/product\/osta-skywalker-og-thc-tisle-kosher-uute\/"]}]},{"@type":"ImageObject","inLanguage":"en-US","@id":"https:\/\/medicinasinc.com\/fi\/product\/osta-skywalker-og-thc-tisle-kosher-uute\/#primaryimage","url":"https:\/\/medicinasinc.com\/fi\/wp-content\/uploads\/sites\/12\/2022\/02\/Buy-Skywalker-OG-THC-Distillate.jpg","contentUrl":"https:\/\/medicinasinc.com\/fi\/wp-content\/uploads\/sites\/12\/2022\/02\/Buy-Skywalker-OG-THC-Distillate.jpg","width":980,"height":980},{"@type":"BreadcrumbList","@id":"https:\/\/medicinasinc.com\/fi\/product\/osta-skywalker-og-thc-tisle-kosher-uute\/#breadcrumb","itemListElement":[{"@type":"ListItem","position":1,"name":"Myym\u00e4l\u00e4","item":"https:\/\/medicinasinc.com\/fi\/myymala\/"},{"@type":"ListItem","position":2,"name":"Osta Skywalker OG THC -tisle \u2013 Kosher-uute"}]},{"@type":"WebSite","@id":"https:\/\/medicinasinc.com\/fi\/#website","url":"https:\/\/medicinasinc.com\/fi\/","name":"Medicinas Inc","description":"Health Medical Clinic","potentialAction":[{"@type":"SearchAction","target":{"@type":"EntryPoint","urlTemplate":"https:\/\/medicinasinc.com\/fi\/?s={search_term_string}"},"query-input":{"@type":"PropertyValueSpecification","valueRequired":true,"valueName":"search_term_string"}}],"inLanguage":"en-US"}]}},"_links":{"self":[{"href":"https:\/\/medicinasinc.com\/fi\/wp-json\/wp\/v2\/product\/4425","targetHints":{"allow":["GET"]}}],"collection":[{"href":"https:\/\/medicinasinc.com\/fi\/wp-json\/wp\/v2\/product"}],"about":[{"href":"https:\/\/medicinasinc.com\/fi\/wp-json\/wp\/v2\/types\/product"}],"replies":[{"embeddable":true,"href":"https:\/\/medicinasinc.com\/fi\/wp-json\/wp\/v2\/comments?post=4425"}],"wp:featuredmedia":[{"embeddable":true,"href":"https:\/\/medicinasinc.com\/fi\/wp-json\/wp\/v2\/media\/4459"}],"wp:attachment":[{"href":"https:\/\/medicinasinc.com\/fi\/wp-json\/wp\/v2\/media?parent=4425"}],"wp:term":[{"taxonomy":"product_brand","embeddable":true,"href":"https:\/\/medicinasinc.com\/fi\/wp-json\/wp\/v2\/product_brand?post=4425"},{"taxonomy":"product_cat","embeddable":true,"href":"https:\/\/medicinasinc.com\/fi\/wp-json\/wp\/v2\/product_cat?post=4425"},{"taxonomy":"product_tag","embeddable":true,"href":"https:\/\/medicinasinc.com\/fi\/wp-json\/wp\/v2\/product_tag?post=4425"}],"curies":[{"name":"wp","href":"https:\/\/api.w.org\/{rel}","templated":true}]}}