{"id":4413,"date":"2022-02-20T09:01:25","date_gmt":"2022-02-20T09:01:25","guid":{"rendered":"https:\/\/medicinasinc.com\/fi\/?post_type=product&#038;p=4413"},"modified":"2022-03-22T01:23:21","modified_gmt":"2022-03-22T01:23:21","slug":"rso-pink-kush-oljy-5-ml","status":"publish","type":"product","link":"https:\/\/medicinasinc.com\/fi\/product\/rso-pink-kush-oljy-5-ml\/","title":{"rendered":"RSO | Pink Kush Oil &#8211; 5 ml"},"content":{"rendered":"<p>Kush Pink (Rick Simpson Oil)<\/p>\n<p>5 ml polypropeenista valmistetussa Eos-annostelijassa, jossa on vihre\u00e4 lanka tarkkaa annostelua varten.<\/p>\n<p>T\u00e4m\u00e4 Rick Simpson Oil on per\u00e4isin Pinkist\u00e4. Brittil\u00e4isen Kolumbian rehev\u00e4ss\u00e4 sisustuksessa kasvatettuja Kush-kukkia!<\/p>\n<p>Pink Kushin uskotaan olevan legendaarisen OG Kushin (yksi kannabiksen historian suosituimmista kannoista) kaukainen sukulainen. Pink Kush jatkaa perinnett\u00e4 tarjoamalla vahvan rungon korkealle, mik\u00e4 tekee siit\u00e4 yhden l\u00e4\u00e4kinn\u00e4llisimmist\u00e4 saatavilla olevista kannoista. T\u00e4m\u00e4n kannan vaikutukset ovat l\u00e4hes v\u00e4litt\u00f6mi\u00e4. K\u00e4ytt\u00e4j\u00e4 tulvii l\u00e4mmitt\u00e4v\u00e4n kehon tunteen, johon liittyy voimakas euforinen aivokuhina. Sativa-dominoiva hybridi, joka tarjoaa intensiivisen vartalokeskeisen korkean. Pink Kush on siksi tehokas hoito ahdistuneisuuteen, masennukseen, tulehdukseen, krooniseen kipuun, p\u00e4\u00e4ns\u00e4rkyyn, unettomuuteen ja ruokahaluttomuuteen.<\/p>\n<p>MB-laboratorioissa tehdyt riippumattomat testit paljastivat, ett\u00e4 t\u00e4m\u00e4 korkealuokkainen RSO sis\u00e4lt\u00e4\u00e4 yli 73,27 prosenttia kannabinoideja, joista 68,80 prosenttia THC:t\u00e4!<\/p>\n<p>M\u00e4\u00e4ritimme, ett\u00e4 t\u00e4m\u00e4 tuote sis\u00e4lt\u00e4\u00e4 90 % indikaa.<\/p>\n<p>1) Delta-9 THC = 68,80 %<br \/> 2) CBG = 1,80 %<br \/> 3) CBC = 0,96 %<br \/> 4) CBN = 0,89 %<br \/> 5) CBD = 0,44 %<\/p>\n<div class=\"product-next-previous\">\n<div class=\"product-prev \"><\/div><\/div>\n","protected":false},"excerpt":{"rendered":"<p>Osta RSO | Pink Kush Oil &#8211; 5 ml myyt\u00e4v\u00e4n\u00e4 verkossa USA:sta, Euroopasta suurimmasta verkkoapteekista, Osta My Weed Online -myynniss\u00e4.<\/p>\n<p><em>Osta<\/em>\u00a0Viridescon\u00a0<em>RSO Pink Kush 5 ml<\/em> &gt;\u00a0t\u00e4n\u00e4\u00e4n mukavasti kotoa k\u00e4sin. <em>Osta RSO:ta<\/em> turvallisesti ja huomaamattomasti mist\u00e4 tahansa Kanadan maakunnasta. Tilaa verkosta jo t\u00e4n\u00e4\u00e4n!<\/p>\n<ul>\n<li><\/li>\n<li>Toimitus maailmanlaajuisesti<\/li>\n<li>Tilauksen v\u00e4himm\u00e4ism\u00e4\u00e4r\u00e4 on 5<\/li>\n<li><strong>Ota yhteytt\u00e4<\/li>\n<p> strong&gt;\u00a0suuremmille tilauksille<\/li>\n<\/ul>\n","protected":false},"featured_media":4447,"comment_status":"open","ping_status":"closed","template":"","meta":[],"product_brand":[],"product_cat":[440],"product_tag":[],"class_list":{"0":"post-4413","1":"product","2":"type-product","3":"status-publish","4":"has-post-thumbnail","6":"product_cat-osta-kannabis-cbd-ljy","8":"first","9":"instock","10":"shipping-taxable","11":"purchasable","12":"product-type-variable","13":"has-default-attributes"},"yoast_head":"<!-- This site is optimized with the Yoast SEO plugin v27.3 - https:\/\/yoast.com\/product\/yoast-seo-wordpress\/ -->\n<title>RSO | Pink Kush Oil - 5 ml - Osta My Weed Online - Global Medicnas<\/title>\n<meta name=\"description\" content=\"Osta RSO | Pink Kush Oil - 5 ml myyt\u00e4v\u00e4n\u00e4 verkossa USA:ssa, Euroopassa suurimmasta online-apteekista, Osta My Weed Online -myynniss\u00e4.\" \/>\n<meta name=\"robots\" content=\"index, follow, max-snippet:-1, max-image-preview:large, max-video-preview:-1\" \/>\n<link rel=\"canonical\" href=\"https:\/\/medicinasinc.com\/fi\/product\/rso-pink-kush-oljy-5-ml\/\" \/>\n<meta property=\"og:locale\" content=\"en_US\" \/>\n<meta property=\"og:type\" content=\"article\" \/>\n<meta property=\"og:title\" content=\"RSO | Pink Kush Oil - 5 ml - Osta My Weed Online - Global Medicnas\" \/>\n<meta property=\"og:description\" content=\"Osta RSO | Pink Kush Oil - 5 ml myyt\u00e4v\u00e4n\u00e4 verkossa USA:ssa, Euroopassa suurimmasta online-apteekista, Osta My Weed Online -myynniss\u00e4.\" \/>\n<meta property=\"og:url\" content=\"https:\/\/medicinasinc.com\/fi\/product\/rso-pink-kush-oljy-5-ml\/\" \/>\n<meta property=\"og:site_name\" content=\"Medicinas Inc\" \/>\n<meta property=\"article:modified_time\" content=\"2022-03-22T01:23:21+00:00\" \/>\n<meta property=\"og:image\" content=\"https:\/\/medicinasinc.com\/fi\/wp-content\/uploads\/sites\/12\/2022\/02\/Buy-RSO-Pink-Kush-Oil-\u2013-5ml.jpg\" \/>\n\t<meta property=\"og:image:width\" content=\"800\" \/>\n\t<meta property=\"og:image:height\" content=\"800\" \/>\n\t<meta property=\"og:image:type\" content=\"image\/jpeg\" \/>\n<meta name=\"twitter:card\" content=\"summary_large_image\" \/>\n<meta name=\"twitter:label1\" content=\"Est. reading time\" \/>\n\t<meta name=\"twitter:data1\" content=\"1 minute\" \/>\n<script type=\"application\/ld+json\" class=\"yoast-schema-graph\">{\"@context\":\"https:\\\/\\\/schema.org\",\"@graph\":[{\"@type\":\"WebPage\",\"@id\":\"https:\\\/\\\/medicinasinc.com\\\/fi\\\/product\\\/rso-pink-kush-oljy-5-ml\\\/\",\"url\":\"https:\\\/\\\/medicinasinc.com\\\/fi\\\/product\\\/rso-pink-kush-oljy-5-ml\\\/\",\"name\":\"RSO | Pink Kush Oil - 5 ml - Osta My Weed Online - Global Medicnas\",\"isPartOf\":{\"@id\":\"https:\\\/\\\/medicinasinc.com\\\/fi\\\/#website\"},\"primaryImageOfPage\":{\"@id\":\"https:\\\/\\\/medicinasinc.com\\\/fi\\\/product\\\/rso-pink-kush-oljy-5-ml\\\/#primaryimage\"},\"image\":{\"@id\":\"https:\\\/\\\/medicinasinc.com\\\/fi\\\/product\\\/rso-pink-kush-oljy-5-ml\\\/#primaryimage\"},\"thumbnailUrl\":\"https:\\\/\\\/medicinasinc.com\\\/fi\\\/wp-content\\\/uploads\\\/sites\\\/12\\\/2022\\\/02\\\/Buy-RSO-Pink-Kush-Oil-\u2013-5ml.jpg\",\"datePublished\":\"2022-02-20T09:01:25+00:00\",\"dateModified\":\"2022-03-22T01:23:21+00:00\",\"description\":\"Osta RSO | Pink Kush Oil - 5 ml myyt\u00e4v\u00e4n\u00e4 verkossa USA:ssa, Euroopassa suurimmasta online-apteekista, Osta My Weed Online -myynniss\u00e4.\",\"breadcrumb\":{\"@id\":\"https:\\\/\\\/medicinasinc.com\\\/fi\\\/product\\\/rso-pink-kush-oljy-5-ml\\\/#breadcrumb\"},\"inLanguage\":\"en-US\",\"potentialAction\":[{\"@type\":\"ReadAction\",\"target\":[\"https:\\\/\\\/medicinasinc.com\\\/fi\\\/product\\\/rso-pink-kush-oljy-5-ml\\\/\"]}]},{\"@type\":\"ImageObject\",\"inLanguage\":\"en-US\",\"@id\":\"https:\\\/\\\/medicinasinc.com\\\/fi\\\/product\\\/rso-pink-kush-oljy-5-ml\\\/#primaryimage\",\"url\":\"https:\\\/\\\/medicinasinc.com\\\/fi\\\/wp-content\\\/uploads\\\/sites\\\/12\\\/2022\\\/02\\\/Buy-RSO-Pink-Kush-Oil-\u2013-5ml.jpg\",\"contentUrl\":\"https:\\\/\\\/medicinasinc.com\\\/fi\\\/wp-content\\\/uploads\\\/sites\\\/12\\\/2022\\\/02\\\/Buy-RSO-Pink-Kush-Oil-\u2013-5ml.jpg\",\"width\":800,\"height\":800},{\"@type\":\"BreadcrumbList\",\"@id\":\"https:\\\/\\\/medicinasinc.com\\\/fi\\\/product\\\/rso-pink-kush-oljy-5-ml\\\/#breadcrumb\",\"itemListElement\":[{\"@type\":\"ListItem\",\"position\":1,\"name\":\"Myym\u00e4l\u00e4\",\"item\":\"https:\\\/\\\/medicinasinc.com\\\/fi\\\/myymala\\\/\"},{\"@type\":\"ListItem\",\"position\":2,\"name\":\"RSO | Pink Kush Oil &#8211; 5 ml\"}]},{\"@type\":\"WebSite\",\"@id\":\"https:\\\/\\\/medicinasinc.com\\\/fi\\\/#website\",\"url\":\"https:\\\/\\\/medicinasinc.com\\\/fi\\\/\",\"name\":\"Medicinas Inc\",\"description\":\"Health Medical Clinic\",\"potentialAction\":[{\"@type\":\"SearchAction\",\"target\":{\"@type\":\"EntryPoint\",\"urlTemplate\":\"https:\\\/\\\/medicinasinc.com\\\/fi\\\/?s={search_term_string}\"},\"query-input\":{\"@type\":\"PropertyValueSpecification\",\"valueRequired\":true,\"valueName\":\"search_term_string\"}}],\"inLanguage\":\"en-US\"}]}<\/script>\n<!-- \/ Yoast SEO plugin. -->","yoast_head_json":{"title":"RSO | Pink Kush Oil - 5 ml - Osta My Weed Online - Global Medicnas","description":"Osta RSO | Pink Kush Oil - 5 ml myyt\u00e4v\u00e4n\u00e4 verkossa USA:ssa, Euroopassa suurimmasta online-apteekista, Osta My Weed Online -myynniss\u00e4.","robots":{"index":"index","follow":"follow","max-snippet":"max-snippet:-1","max-image-preview":"max-image-preview:large","max-video-preview":"max-video-preview:-1"},"canonical":"https:\/\/medicinasinc.com\/fi\/product\/rso-pink-kush-oljy-5-ml\/","og_locale":"en_US","og_type":"article","og_title":"RSO | Pink Kush Oil - 5 ml - Osta My Weed Online - Global Medicnas","og_description":"Osta RSO | Pink Kush Oil - 5 ml myyt\u00e4v\u00e4n\u00e4 verkossa USA:ssa, Euroopassa suurimmasta online-apteekista, Osta My Weed Online -myynniss\u00e4.","og_url":"https:\/\/medicinasinc.com\/fi\/product\/rso-pink-kush-oljy-5-ml\/","og_site_name":"Medicinas Inc","article_modified_time":"2022-03-22T01:23:21+00:00","og_image":[{"width":800,"height":800,"url":"https:\/\/medicinasinc.com\/fi\/wp-content\/uploads\/sites\/12\/2022\/02\/Buy-RSO-Pink-Kush-Oil-\u2013-5ml.jpg","type":"image\/jpeg"}],"twitter_card":"summary_large_image","twitter_misc":{"Est. reading time":"1 minute"},"schema":{"@context":"https:\/\/schema.org","@graph":[{"@type":"WebPage","@id":"https:\/\/medicinasinc.com\/fi\/product\/rso-pink-kush-oljy-5-ml\/","url":"https:\/\/medicinasinc.com\/fi\/product\/rso-pink-kush-oljy-5-ml\/","name":"RSO | Pink Kush Oil - 5 ml - Osta My Weed Online - Global Medicnas","isPartOf":{"@id":"https:\/\/medicinasinc.com\/fi\/#website"},"primaryImageOfPage":{"@id":"https:\/\/medicinasinc.com\/fi\/product\/rso-pink-kush-oljy-5-ml\/#primaryimage"},"image":{"@id":"https:\/\/medicinasinc.com\/fi\/product\/rso-pink-kush-oljy-5-ml\/#primaryimage"},"thumbnailUrl":"https:\/\/medicinasinc.com\/fi\/wp-content\/uploads\/sites\/12\/2022\/02\/Buy-RSO-Pink-Kush-Oil-\u2013-5ml.jpg","datePublished":"2022-02-20T09:01:25+00:00","dateModified":"2022-03-22T01:23:21+00:00","description":"Osta RSO | Pink Kush Oil - 5 ml myyt\u00e4v\u00e4n\u00e4 verkossa USA:ssa, Euroopassa suurimmasta online-apteekista, Osta My Weed Online -myynniss\u00e4.","breadcrumb":{"@id":"https:\/\/medicinasinc.com\/fi\/product\/rso-pink-kush-oljy-5-ml\/#breadcrumb"},"inLanguage":"en-US","potentialAction":[{"@type":"ReadAction","target":["https:\/\/medicinasinc.com\/fi\/product\/rso-pink-kush-oljy-5-ml\/"]}]},{"@type":"ImageObject","inLanguage":"en-US","@id":"https:\/\/medicinasinc.com\/fi\/product\/rso-pink-kush-oljy-5-ml\/#primaryimage","url":"https:\/\/medicinasinc.com\/fi\/wp-content\/uploads\/sites\/12\/2022\/02\/Buy-RSO-Pink-Kush-Oil-\u2013-5ml.jpg","contentUrl":"https:\/\/medicinasinc.com\/fi\/wp-content\/uploads\/sites\/12\/2022\/02\/Buy-RSO-Pink-Kush-Oil-\u2013-5ml.jpg","width":800,"height":800},{"@type":"BreadcrumbList","@id":"https:\/\/medicinasinc.com\/fi\/product\/rso-pink-kush-oljy-5-ml\/#breadcrumb","itemListElement":[{"@type":"ListItem","position":1,"name":"Myym\u00e4l\u00e4","item":"https:\/\/medicinasinc.com\/fi\/myymala\/"},{"@type":"ListItem","position":2,"name":"RSO | Pink Kush Oil &#8211; 5 ml"}]},{"@type":"WebSite","@id":"https:\/\/medicinasinc.com\/fi\/#website","url":"https:\/\/medicinasinc.com\/fi\/","name":"Medicinas Inc","description":"Health Medical Clinic","potentialAction":[{"@type":"SearchAction","target":{"@type":"EntryPoint","urlTemplate":"https:\/\/medicinasinc.com\/fi\/?s={search_term_string}"},"query-input":{"@type":"PropertyValueSpecification","valueRequired":true,"valueName":"search_term_string"}}],"inLanguage":"en-US"}]}},"_links":{"self":[{"href":"https:\/\/medicinasinc.com\/fi\/wp-json\/wp\/v2\/product\/4413","targetHints":{"allow":["GET"]}}],"collection":[{"href":"https:\/\/medicinasinc.com\/fi\/wp-json\/wp\/v2\/product"}],"about":[{"href":"https:\/\/medicinasinc.com\/fi\/wp-json\/wp\/v2\/types\/product"}],"replies":[{"embeddable":true,"href":"https:\/\/medicinasinc.com\/fi\/wp-json\/wp\/v2\/comments?post=4413"}],"wp:featuredmedia":[{"embeddable":true,"href":"https:\/\/medicinasinc.com\/fi\/wp-json\/wp\/v2\/media\/4447"}],"wp:attachment":[{"href":"https:\/\/medicinasinc.com\/fi\/wp-json\/wp\/v2\/media?parent=4413"}],"wp:term":[{"taxonomy":"product_brand","embeddable":true,"href":"https:\/\/medicinasinc.com\/fi\/wp-json\/wp\/v2\/product_brand?post=4413"},{"taxonomy":"product_cat","embeddable":true,"href":"https:\/\/medicinasinc.com\/fi\/wp-json\/wp\/v2\/product_cat?post=4413"},{"taxonomy":"product_tag","embeddable":true,"href":"https:\/\/medicinasinc.com\/fi\/wp-json\/wp\/v2\/product_tag?post=4413"}],"curies":[{"name":"wp","href":"https:\/\/api.w.org\/{rel}","templated":true}]}}