{"id":4404,"date":"2022-02-20T08:55:28","date_gmt":"2022-02-20T08:55:28","guid":{"rendered":"https:\/\/medicinasinc.com\/fi\/?post_type=product&#038;p=4404"},"modified":"2022-03-22T01:23:39","modified_gmt":"2022-03-22T01:23:39","slug":"osta-pink-kush-thc-distillate-dabeast","status":"publish","type":"product","link":"https:\/\/medicinasinc.com\/fi\/product\/osta-pink-kush-thc-distillate-dabeast\/","title":{"rendered":"Osta Pink Kush THC -tisle \u2013 Dabeast"},"content":{"rendered":"<p>Pink Kush THC -tisle myyt\u00e4v\u00e4n\u00e4 \u2013 Dabeast<\/p>\n<p>Sabre Vape Pen ja Pink Kush THC -tisle \u2013 Dabeast<\/p>\n<p>1 x Sabre Electronic -savuke<br \/> 1 x Pink Kush esi- t\u00e4ytetty kotelo<br \/> 1 x Micro USB -kaapeli JA\/TAI 1 x Pink Kush esit\u00e4ytetty kotelo<\/p>\n<p>Aseta kotelo Saber Pen -kyn\u00e4\u00e4n ja aloita h\u00f6yryst\u00e4minen v\u00e4litt\u00f6m\u00e4sti. T\u00e4ysi vaikutus voi kest\u00e4\u00e4 jopa viisitoista minuuttia. Kahdesta nelj\u00e4\u00e4n suihketta suositellaan potilaille, jotka eiv\u00e4t ole juoneet v\u00e4h\u00e4\u00e4n aikaan, mutta useammin nauttiville riitt\u00e4\u00e4 jopa kymmenen imausta.<\/p>\n<p>Kush Pink<br \/> Pink Kushin geneettist\u00e4 syntyper\u00e4\u00e4 ei tunneta \u2013 mutta sen uskotaan laajalti olevan legendaarisen OG Kushin sukulainen. T\u00e4m\u00e4 indica-dominoiva hybridi tuottaa vahvan fyysisen korkean, mik\u00e4 tekee siit\u00e4 yhden l\u00e4\u00e4kinn\u00e4llisimmist\u00e4 saatavilla olevista kannoista. Pink Kush -tuoksussa on makea tuoksu, joka muistuttaa vaniljaa tai sokeroituja karkkeja, ja siin\u00e4 on raikasta m\u00e4nny\u00e4. Pink Kush tarjoaa pitk\u00e4kestoisen, vartaloon keskittyneen korkean s\u00e4vyn, johon liittyy euforisia ja kohottavia vaikutuksia. Suurilla annoksilla jotkut k\u00e4ytt\u00e4j\u00e4t voivat kokea vakavia munseja, mik\u00e4 tekee Pink Kushista erinomaisen ruokahaluttomuuden edist\u00e4j\u00e4n\u00e4. Pink Kush on monipuolinen l\u00e4\u00e4ke, jota voidaan k\u00e4ytt\u00e4\u00e4 masennuksen, ahdistuksen, tulehduksen, kroonisen kivun, migreenin, p\u00e4\u00e4ns\u00e4ryn, unettomuuden ja ruokahaluttomuuden hoitoon.<\/p>\n","protected":false},"excerpt":{"rendered":"<p>Osta Pink Kush THC Distillate Saber Vape -kyn\u00e4t myyt\u00e4v\u00e4ksi Yhdistyneess\u00e4 kuningaskunnassa, Euroopassa ja Yhdysvalloissa maailman suurimmasta online-apteekista, Buy My Weed Online.<\/p>\n<p>Osta. Pink Kush THC Indica -tisleruiskut luotettavimmalta postimyyntimarihuana-verkkosivustolta &#8211; Parhaat yrttil\u00e4\u00e4kkeet ilmaisella toimituksella! Yli 150 dollaria.<\/p>\n<p>&nbsp;<\/p>\n<ul>\n<li>Toimitus maailmanlaajuisesti<\/li>\n<li>Minimitilausm\u00e4\u00e4r\u00e4 on 5 patruunaa<\/li>\n<li><strong>Ota yhteytt\u00e4 <\/strong>\u00a0suuremmille tilauksille<\/li>\n<\/ul>\n","protected":false},"featured_media":4438,"comment_status":"open","ping_status":"closed","template":"","meta":[],"product_brand":[],"product_cat":[440],"product_tag":[],"class_list":{"0":"post-4404","1":"product","2":"type-product","3":"status-publish","4":"has-post-thumbnail","6":"product_cat-osta-kannabis-cbd-ljy","8":"first","9":"instock","10":"shipping-taxable","11":"purchasable","12":"product-type-simple"},"yoast_head":"<!-- This site is optimized with the Yoast SEO plugin v27.3 - https:\/\/yoast.com\/product\/yoast-seo-wordpress\/ -->\n<title>Osta Pink Kush THC-tisle \u2013 Dabeast \u2013 parhaat maailmanlaajuiset l\u00e4\u00e4kkeet<\/title>\n<meta name=\"description\" content=\"Osta Pink Kush THC Distillate Saber Vape Pen myyt\u00e4v\u00e4n\u00e4 Isossa-Britanniassa, Euroopassa- Dabeast verkossa USA:sta suurimmasta online-ampulaatiosta, Osta My Weed Online.\" \/>\n<meta name=\"robots\" content=\"index, follow, max-snippet:-1, max-image-preview:large, max-video-preview:-1\" \/>\n<link rel=\"canonical\" href=\"https:\/\/medicinasinc.com\/fi\/product\/osta-pink-kush-thc-distillate-dabeast\/\" \/>\n<meta property=\"og:locale\" content=\"en_US\" \/>\n<meta property=\"og:type\" content=\"article\" \/>\n<meta property=\"og:title\" content=\"Osta Pink Kush THC-tisle \u2013 Dabeast \u2013 parhaat maailmanlaajuiset l\u00e4\u00e4kkeet\" \/>\n<meta property=\"og:description\" content=\"Osta Pink Kush THC Distillate Saber Vape Pen myyt\u00e4v\u00e4n\u00e4 Isossa-Britanniassa, Euroopassa- Dabeast verkossa USA:sta suurimmasta online-ampulaatiosta, Osta My Weed Online.\" \/>\n<meta property=\"og:url\" content=\"https:\/\/medicinasinc.com\/fi\/product\/osta-pink-kush-thc-distillate-dabeast\/\" \/>\n<meta property=\"og:site_name\" content=\"Medicinas Inc\" \/>\n<meta property=\"article:modified_time\" content=\"2022-03-22T01:23:39+00:00\" \/>\n<meta property=\"og:image\" content=\"https:\/\/medicinasinc.com\/fi\/wp-content\/uploads\/sites\/12\/2022\/02\/Buy-Pink-Kush-THC-Distillate-\u2013-Dabeast.jpg\" \/>\n\t<meta property=\"og:image:width\" content=\"600\" \/>\n\t<meta property=\"og:image:height\" content=\"600\" \/>\n\t<meta property=\"og:image:type\" content=\"image\/jpeg\" \/>\n<meta name=\"twitter:card\" content=\"summary_large_image\" \/>\n<meta name=\"twitter:label1\" content=\"Est. reading time\" \/>\n\t<meta name=\"twitter:data1\" content=\"1 minute\" \/>\n<script type=\"application\/ld+json\" class=\"yoast-schema-graph\">{\"@context\":\"https:\\\/\\\/schema.org\",\"@graph\":[{\"@type\":\"WebPage\",\"@id\":\"https:\\\/\\\/medicinasinc.com\\\/fi\\\/product\\\/osta-pink-kush-thc-distillate-dabeast\\\/\",\"url\":\"https:\\\/\\\/medicinasinc.com\\\/fi\\\/product\\\/osta-pink-kush-thc-distillate-dabeast\\\/\",\"name\":\"Osta Pink Kush THC-tisle \u2013 Dabeast \u2013 parhaat maailmanlaajuiset l\u00e4\u00e4kkeet\",\"isPartOf\":{\"@id\":\"https:\\\/\\\/medicinasinc.com\\\/fi\\\/#website\"},\"primaryImageOfPage\":{\"@id\":\"https:\\\/\\\/medicinasinc.com\\\/fi\\\/product\\\/osta-pink-kush-thc-distillate-dabeast\\\/#primaryimage\"},\"image\":{\"@id\":\"https:\\\/\\\/medicinasinc.com\\\/fi\\\/product\\\/osta-pink-kush-thc-distillate-dabeast\\\/#primaryimage\"},\"thumbnailUrl\":\"https:\\\/\\\/medicinasinc.com\\\/fi\\\/wp-content\\\/uploads\\\/sites\\\/12\\\/2022\\\/02\\\/Buy-Pink-Kush-THC-Distillate-\u2013-Dabeast.jpg\",\"datePublished\":\"2022-02-20T08:55:28+00:00\",\"dateModified\":\"2022-03-22T01:23:39+00:00\",\"description\":\"Osta Pink Kush THC Distillate Saber Vape Pen myyt\u00e4v\u00e4n\u00e4 Isossa-Britanniassa, Euroopassa- Dabeast verkossa USA:sta suurimmasta online-ampulaatiosta, Osta My Weed Online.\",\"breadcrumb\":{\"@id\":\"https:\\\/\\\/medicinasinc.com\\\/fi\\\/product\\\/osta-pink-kush-thc-distillate-dabeast\\\/#breadcrumb\"},\"inLanguage\":\"en-US\",\"potentialAction\":[{\"@type\":\"ReadAction\",\"target\":[\"https:\\\/\\\/medicinasinc.com\\\/fi\\\/product\\\/osta-pink-kush-thc-distillate-dabeast\\\/\"]}]},{\"@type\":\"ImageObject\",\"inLanguage\":\"en-US\",\"@id\":\"https:\\\/\\\/medicinasinc.com\\\/fi\\\/product\\\/osta-pink-kush-thc-distillate-dabeast\\\/#primaryimage\",\"url\":\"https:\\\/\\\/medicinasinc.com\\\/fi\\\/wp-content\\\/uploads\\\/sites\\\/12\\\/2022\\\/02\\\/Buy-Pink-Kush-THC-Distillate-\u2013-Dabeast.jpg\",\"contentUrl\":\"https:\\\/\\\/medicinasinc.com\\\/fi\\\/wp-content\\\/uploads\\\/sites\\\/12\\\/2022\\\/02\\\/Buy-Pink-Kush-THC-Distillate-\u2013-Dabeast.jpg\",\"width\":600,\"height\":600},{\"@type\":\"BreadcrumbList\",\"@id\":\"https:\\\/\\\/medicinasinc.com\\\/fi\\\/product\\\/osta-pink-kush-thc-distillate-dabeast\\\/#breadcrumb\",\"itemListElement\":[{\"@type\":\"ListItem\",\"position\":1,\"name\":\"Myym\u00e4l\u00e4\",\"item\":\"https:\\\/\\\/medicinasinc.com\\\/fi\\\/myymala\\\/\"},{\"@type\":\"ListItem\",\"position\":2,\"name\":\"Osta Pink Kush THC -tisle \u2013 Dabeast\"}]},{\"@type\":\"WebSite\",\"@id\":\"https:\\\/\\\/medicinasinc.com\\\/fi\\\/#website\",\"url\":\"https:\\\/\\\/medicinasinc.com\\\/fi\\\/\",\"name\":\"Medicinas Inc\",\"description\":\"Health Medical Clinic\",\"potentialAction\":[{\"@type\":\"SearchAction\",\"target\":{\"@type\":\"EntryPoint\",\"urlTemplate\":\"https:\\\/\\\/medicinasinc.com\\\/fi\\\/?s={search_term_string}\"},\"query-input\":{\"@type\":\"PropertyValueSpecification\",\"valueRequired\":true,\"valueName\":\"search_term_string\"}}],\"inLanguage\":\"en-US\"}]}<\/script>\n<!-- \/ Yoast SEO plugin. -->","yoast_head_json":{"title":"Osta Pink Kush THC-tisle \u2013 Dabeast \u2013 parhaat maailmanlaajuiset l\u00e4\u00e4kkeet","description":"Osta Pink Kush THC Distillate Saber Vape Pen myyt\u00e4v\u00e4n\u00e4 Isossa-Britanniassa, Euroopassa- Dabeast verkossa USA:sta suurimmasta online-ampulaatiosta, Osta My Weed Online.","robots":{"index":"index","follow":"follow","max-snippet":"max-snippet:-1","max-image-preview":"max-image-preview:large","max-video-preview":"max-video-preview:-1"},"canonical":"https:\/\/medicinasinc.com\/fi\/product\/osta-pink-kush-thc-distillate-dabeast\/","og_locale":"en_US","og_type":"article","og_title":"Osta Pink Kush THC-tisle \u2013 Dabeast \u2013 parhaat maailmanlaajuiset l\u00e4\u00e4kkeet","og_description":"Osta Pink Kush THC Distillate Saber Vape Pen myyt\u00e4v\u00e4n\u00e4 Isossa-Britanniassa, Euroopassa- Dabeast verkossa USA:sta suurimmasta online-ampulaatiosta, Osta My Weed Online.","og_url":"https:\/\/medicinasinc.com\/fi\/product\/osta-pink-kush-thc-distillate-dabeast\/","og_site_name":"Medicinas Inc","article_modified_time":"2022-03-22T01:23:39+00:00","og_image":[{"width":600,"height":600,"url":"https:\/\/medicinasinc.com\/fi\/wp-content\/uploads\/sites\/12\/2022\/02\/Buy-Pink-Kush-THC-Distillate-\u2013-Dabeast.jpg","type":"image\/jpeg"}],"twitter_card":"summary_large_image","twitter_misc":{"Est. reading time":"1 minute"},"schema":{"@context":"https:\/\/schema.org","@graph":[{"@type":"WebPage","@id":"https:\/\/medicinasinc.com\/fi\/product\/osta-pink-kush-thc-distillate-dabeast\/","url":"https:\/\/medicinasinc.com\/fi\/product\/osta-pink-kush-thc-distillate-dabeast\/","name":"Osta Pink Kush THC-tisle \u2013 Dabeast \u2013 parhaat maailmanlaajuiset l\u00e4\u00e4kkeet","isPartOf":{"@id":"https:\/\/medicinasinc.com\/fi\/#website"},"primaryImageOfPage":{"@id":"https:\/\/medicinasinc.com\/fi\/product\/osta-pink-kush-thc-distillate-dabeast\/#primaryimage"},"image":{"@id":"https:\/\/medicinasinc.com\/fi\/product\/osta-pink-kush-thc-distillate-dabeast\/#primaryimage"},"thumbnailUrl":"https:\/\/medicinasinc.com\/fi\/wp-content\/uploads\/sites\/12\/2022\/02\/Buy-Pink-Kush-THC-Distillate-\u2013-Dabeast.jpg","datePublished":"2022-02-20T08:55:28+00:00","dateModified":"2022-03-22T01:23:39+00:00","description":"Osta Pink Kush THC Distillate Saber Vape Pen myyt\u00e4v\u00e4n\u00e4 Isossa-Britanniassa, Euroopassa- Dabeast verkossa USA:sta suurimmasta online-ampulaatiosta, Osta My Weed Online.","breadcrumb":{"@id":"https:\/\/medicinasinc.com\/fi\/product\/osta-pink-kush-thc-distillate-dabeast\/#breadcrumb"},"inLanguage":"en-US","potentialAction":[{"@type":"ReadAction","target":["https:\/\/medicinasinc.com\/fi\/product\/osta-pink-kush-thc-distillate-dabeast\/"]}]},{"@type":"ImageObject","inLanguage":"en-US","@id":"https:\/\/medicinasinc.com\/fi\/product\/osta-pink-kush-thc-distillate-dabeast\/#primaryimage","url":"https:\/\/medicinasinc.com\/fi\/wp-content\/uploads\/sites\/12\/2022\/02\/Buy-Pink-Kush-THC-Distillate-\u2013-Dabeast.jpg","contentUrl":"https:\/\/medicinasinc.com\/fi\/wp-content\/uploads\/sites\/12\/2022\/02\/Buy-Pink-Kush-THC-Distillate-\u2013-Dabeast.jpg","width":600,"height":600},{"@type":"BreadcrumbList","@id":"https:\/\/medicinasinc.com\/fi\/product\/osta-pink-kush-thc-distillate-dabeast\/#breadcrumb","itemListElement":[{"@type":"ListItem","position":1,"name":"Myym\u00e4l\u00e4","item":"https:\/\/medicinasinc.com\/fi\/myymala\/"},{"@type":"ListItem","position":2,"name":"Osta Pink Kush THC -tisle \u2013 Dabeast"}]},{"@type":"WebSite","@id":"https:\/\/medicinasinc.com\/fi\/#website","url":"https:\/\/medicinasinc.com\/fi\/","name":"Medicinas Inc","description":"Health Medical Clinic","potentialAction":[{"@type":"SearchAction","target":{"@type":"EntryPoint","urlTemplate":"https:\/\/medicinasinc.com\/fi\/?s={search_term_string}"},"query-input":{"@type":"PropertyValueSpecification","valueRequired":true,"valueName":"search_term_string"}}],"inLanguage":"en-US"}]}},"_links":{"self":[{"href":"https:\/\/medicinasinc.com\/fi\/wp-json\/wp\/v2\/product\/4404","targetHints":{"allow":["GET"]}}],"collection":[{"href":"https:\/\/medicinasinc.com\/fi\/wp-json\/wp\/v2\/product"}],"about":[{"href":"https:\/\/medicinasinc.com\/fi\/wp-json\/wp\/v2\/types\/product"}],"replies":[{"embeddable":true,"href":"https:\/\/medicinasinc.com\/fi\/wp-json\/wp\/v2\/comments?post=4404"}],"wp:featuredmedia":[{"embeddable":true,"href":"https:\/\/medicinasinc.com\/fi\/wp-json\/wp\/v2\/media\/4438"}],"wp:attachment":[{"href":"https:\/\/medicinasinc.com\/fi\/wp-json\/wp\/v2\/media?parent=4404"}],"wp:term":[{"taxonomy":"product_brand","embeddable":true,"href":"https:\/\/medicinasinc.com\/fi\/wp-json\/wp\/v2\/product_brand?post=4404"},{"taxonomy":"product_cat","embeddable":true,"href":"https:\/\/medicinasinc.com\/fi\/wp-json\/wp\/v2\/product_cat?post=4404"},{"taxonomy":"product_tag","embeddable":true,"href":"https:\/\/medicinasinc.com\/fi\/wp-json\/wp\/v2\/product_tag?post=4404"}],"curies":[{"name":"wp","href":"https:\/\/api.w.org\/{rel}","templated":true}]}}