{"id":4403,"date":"2022-02-20T08:54:28","date_gmt":"2022-02-20T08:54:28","guid":{"rendered":"https:\/\/medicinasinc.com\/fi\/?post_type=product&#038;p=4403"},"modified":"2022-03-22T01:23:51","modified_gmt":"2022-03-22T01:23:51","slug":"osta-sitruuna-lime-thc-tisle-dabeast","status":"publish","type":"product","link":"https:\/\/medicinasinc.com\/fi\/product\/osta-sitruuna-lime-thc-tisle-dabeast\/","title":{"rendered":"Osta Lemon Lime THC-tisle \u2013 Dabeast"},"content":{"rendered":"<p>Mist\u00e4 ostaa Lemon Lime THC-tisle \u2013 Dabeast<\/p>\n<p>Maustettua THC-tisle\u00e4mme on saatavana useissa eri makuissa, jotka varmasti ilahduttavat makuhermojasi!<br \/> THC-tisleemme on parannettu orgaanisia ja luonnollisia terpeenej\u00e4, jotka luovat suussa sulavan kokemuksen, toisin kuin mik\u00e4\u00e4n muu.<\/p>\n<ul>\n<li>1 x Sabre Vape Pen<\/li>\n<li>1 x esit\u00e4ytetty\u00a0<strong>\u00a0<span class=\"hidden- xs\">Lemon Lime -makuinen<\/span>\u00a0THC-tisle<\/strong>-tyyny<\/li>\n<li>1 x Micro USB -kaapeli<\/li>\n<\/ul>\n<div class=\"product-next-previous\">\n<div class=\"product-prev\"><\/div><\/div>\n","protected":false},"excerpt":{"rendered":"<p>Osta Lemon Lime THC Distillate Saber Pen myyt\u00e4v\u00e4n\u00e4 &#8211; Top Shelf verkossa Euroopassa, Isossa-Britanniassa suurimmasta online-apteekista,Buy My Weed Online.<\/p>\n<p><em>Lemon Lime THC Distillate<\/em> Saber Pen \u2013 Top Shelf edulliseen hintaan Parhailla maailmanlaajuisilla l\u00e4\u00e4kkeill\u00e4! Kaikki tuotteet ovat laboratoriohyv\u00e4ksyttyj\u00e4 ja laadukkaita.<\/p>\n<ul>\n<li>Maailmanlaajuinen toimitus<\/li>\n<li>V\u00e4himm\u00e4istilausm\u00e4\u00e4r\u00e4 on 5<\/li>\n<li>Ota yhteytt\u00e4 suurempien tilausten saamiseksi.<\/li>\n<\/ul>\n","protected":false},"featured_media":4436,"comment_status":"open","ping_status":"closed","template":"","meta":[],"product_brand":[],"product_cat":[440],"product_tag":[],"class_list":{"0":"post-4403","1":"product","2":"type-product","3":"status-publish","4":"has-post-thumbnail","6":"product_cat-osta-kannabis-cbd-ljy","8":"first","9":"instock","10":"shipping-taxable","11":"purchasable","12":"product-type-variable","13":"has-default-attributes"},"yoast_head":"<!-- This site is optimized with the Yoast SEO plugin v27.3 - https:\/\/yoast.com\/product\/yoast-seo-wordpress\/ -->\n<title>Osta Lemon Lime THC-tisle \u2013 Dabeast \u2013 parhaat maailmanlaajuiset l\u00e4\u00e4kkeet<\/title>\n<meta name=\"description\" content=\"Osta Lemon Lime THC Distillate Saber Pen myyt\u00e4v\u00e4n\u00e4 - Top Shelf verkossa Euroopassa, Isossa-Britanniassa suurimmasta online-apteekista,Buy My Weed Online.\" \/>\n<meta name=\"robots\" content=\"index, follow, max-snippet:-1, max-image-preview:large, max-video-preview:-1\" \/>\n<link rel=\"canonical\" href=\"https:\/\/medicinasinc.com\/fi\/product\/osta-sitruuna-lime-thc-tisle-dabeast\/\" \/>\n<meta property=\"og:locale\" content=\"en_US\" \/>\n<meta property=\"og:type\" content=\"article\" \/>\n<meta property=\"og:title\" content=\"Osta Lemon Lime THC-tisle \u2013 Dabeast \u2013 parhaat maailmanlaajuiset l\u00e4\u00e4kkeet\" \/>\n<meta property=\"og:description\" content=\"Osta Lemon Lime THC Distillate Saber Pen myyt\u00e4v\u00e4n\u00e4 - Top Shelf verkossa Euroopassa, Isossa-Britanniassa suurimmasta online-apteekista,Buy My Weed Online.\" \/>\n<meta property=\"og:url\" content=\"https:\/\/medicinasinc.com\/fi\/product\/osta-sitruuna-lime-thc-tisle-dabeast\/\" \/>\n<meta property=\"og:site_name\" content=\"Medicinas Inc\" \/>\n<meta property=\"article:modified_time\" content=\"2022-03-22T01:23:51+00:00\" \/>\n<meta property=\"og:image\" content=\"https:\/\/medicinasinc.com\/fi\/wp-content\/uploads\/sites\/12\/2022\/02\/Buy-Lemon-Lime-THC-Distillate.jpg\" \/>\n\t<meta property=\"og:image:width\" content=\"800\" \/>\n\t<meta property=\"og:image:height\" content=\"800\" \/>\n\t<meta property=\"og:image:type\" content=\"image\/jpeg\" \/>\n<meta name=\"twitter:card\" content=\"summary_large_image\" \/>\n<meta name=\"twitter:label1\" content=\"Est. reading time\" \/>\n\t<meta name=\"twitter:data1\" content=\"1 minute\" \/>\n<script type=\"application\/ld+json\" class=\"yoast-schema-graph\">{\"@context\":\"https:\\\/\\\/schema.org\",\"@graph\":[{\"@type\":\"WebPage\",\"@id\":\"https:\\\/\\\/medicinasinc.com\\\/fi\\\/product\\\/osta-sitruuna-lime-thc-tisle-dabeast\\\/\",\"url\":\"https:\\\/\\\/medicinasinc.com\\\/fi\\\/product\\\/osta-sitruuna-lime-thc-tisle-dabeast\\\/\",\"name\":\"Osta Lemon Lime THC-tisle \u2013 Dabeast \u2013 parhaat maailmanlaajuiset l\u00e4\u00e4kkeet\",\"isPartOf\":{\"@id\":\"https:\\\/\\\/medicinasinc.com\\\/fi\\\/#website\"},\"primaryImageOfPage\":{\"@id\":\"https:\\\/\\\/medicinasinc.com\\\/fi\\\/product\\\/osta-sitruuna-lime-thc-tisle-dabeast\\\/#primaryimage\"},\"image\":{\"@id\":\"https:\\\/\\\/medicinasinc.com\\\/fi\\\/product\\\/osta-sitruuna-lime-thc-tisle-dabeast\\\/#primaryimage\"},\"thumbnailUrl\":\"https:\\\/\\\/medicinasinc.com\\\/fi\\\/wp-content\\\/uploads\\\/sites\\\/12\\\/2022\\\/02\\\/Buy-Lemon-Lime-THC-Distillate.jpg\",\"datePublished\":\"2022-02-20T08:54:28+00:00\",\"dateModified\":\"2022-03-22T01:23:51+00:00\",\"description\":\"Osta Lemon Lime THC Distillate Saber Pen myyt\u00e4v\u00e4n\u00e4 - Top Shelf verkossa Euroopassa, Isossa-Britanniassa suurimmasta online-apteekista,Buy My Weed Online.\",\"breadcrumb\":{\"@id\":\"https:\\\/\\\/medicinasinc.com\\\/fi\\\/product\\\/osta-sitruuna-lime-thc-tisle-dabeast\\\/#breadcrumb\"},\"inLanguage\":\"en-US\",\"potentialAction\":[{\"@type\":\"ReadAction\",\"target\":[\"https:\\\/\\\/medicinasinc.com\\\/fi\\\/product\\\/osta-sitruuna-lime-thc-tisle-dabeast\\\/\"]}]},{\"@type\":\"ImageObject\",\"inLanguage\":\"en-US\",\"@id\":\"https:\\\/\\\/medicinasinc.com\\\/fi\\\/product\\\/osta-sitruuna-lime-thc-tisle-dabeast\\\/#primaryimage\",\"url\":\"https:\\\/\\\/medicinasinc.com\\\/fi\\\/wp-content\\\/uploads\\\/sites\\\/12\\\/2022\\\/02\\\/Buy-Lemon-Lime-THC-Distillate.jpg\",\"contentUrl\":\"https:\\\/\\\/medicinasinc.com\\\/fi\\\/wp-content\\\/uploads\\\/sites\\\/12\\\/2022\\\/02\\\/Buy-Lemon-Lime-THC-Distillate.jpg\",\"width\":800,\"height\":800},{\"@type\":\"BreadcrumbList\",\"@id\":\"https:\\\/\\\/medicinasinc.com\\\/fi\\\/product\\\/osta-sitruuna-lime-thc-tisle-dabeast\\\/#breadcrumb\",\"itemListElement\":[{\"@type\":\"ListItem\",\"position\":1,\"name\":\"Myym\u00e4l\u00e4\",\"item\":\"https:\\\/\\\/medicinasinc.com\\\/fi\\\/myymala\\\/\"},{\"@type\":\"ListItem\",\"position\":2,\"name\":\"Osta Lemon Lime THC-tisle \u2013 Dabeast\"}]},{\"@type\":\"WebSite\",\"@id\":\"https:\\\/\\\/medicinasinc.com\\\/fi\\\/#website\",\"url\":\"https:\\\/\\\/medicinasinc.com\\\/fi\\\/\",\"name\":\"Medicinas Inc\",\"description\":\"Health Medical Clinic\",\"potentialAction\":[{\"@type\":\"SearchAction\",\"target\":{\"@type\":\"EntryPoint\",\"urlTemplate\":\"https:\\\/\\\/medicinasinc.com\\\/fi\\\/?s={search_term_string}\"},\"query-input\":{\"@type\":\"PropertyValueSpecification\",\"valueRequired\":true,\"valueName\":\"search_term_string\"}}],\"inLanguage\":\"en-US\"}]}<\/script>\n<!-- \/ Yoast SEO plugin. -->","yoast_head_json":{"title":"Osta Lemon Lime THC-tisle \u2013 Dabeast \u2013 parhaat maailmanlaajuiset l\u00e4\u00e4kkeet","description":"Osta Lemon Lime THC Distillate Saber Pen myyt\u00e4v\u00e4n\u00e4 - Top Shelf verkossa Euroopassa, Isossa-Britanniassa suurimmasta online-apteekista,Buy My Weed Online.","robots":{"index":"index","follow":"follow","max-snippet":"max-snippet:-1","max-image-preview":"max-image-preview:large","max-video-preview":"max-video-preview:-1"},"canonical":"https:\/\/medicinasinc.com\/fi\/product\/osta-sitruuna-lime-thc-tisle-dabeast\/","og_locale":"en_US","og_type":"article","og_title":"Osta Lemon Lime THC-tisle \u2013 Dabeast \u2013 parhaat maailmanlaajuiset l\u00e4\u00e4kkeet","og_description":"Osta Lemon Lime THC Distillate Saber Pen myyt\u00e4v\u00e4n\u00e4 - Top Shelf verkossa Euroopassa, Isossa-Britanniassa suurimmasta online-apteekista,Buy My Weed Online.","og_url":"https:\/\/medicinasinc.com\/fi\/product\/osta-sitruuna-lime-thc-tisle-dabeast\/","og_site_name":"Medicinas Inc","article_modified_time":"2022-03-22T01:23:51+00:00","og_image":[{"width":800,"height":800,"url":"https:\/\/medicinasinc.com\/fi\/wp-content\/uploads\/sites\/12\/2022\/02\/Buy-Lemon-Lime-THC-Distillate.jpg","type":"image\/jpeg"}],"twitter_card":"summary_large_image","twitter_misc":{"Est. reading time":"1 minute"},"schema":{"@context":"https:\/\/schema.org","@graph":[{"@type":"WebPage","@id":"https:\/\/medicinasinc.com\/fi\/product\/osta-sitruuna-lime-thc-tisle-dabeast\/","url":"https:\/\/medicinasinc.com\/fi\/product\/osta-sitruuna-lime-thc-tisle-dabeast\/","name":"Osta Lemon Lime THC-tisle \u2013 Dabeast \u2013 parhaat maailmanlaajuiset l\u00e4\u00e4kkeet","isPartOf":{"@id":"https:\/\/medicinasinc.com\/fi\/#website"},"primaryImageOfPage":{"@id":"https:\/\/medicinasinc.com\/fi\/product\/osta-sitruuna-lime-thc-tisle-dabeast\/#primaryimage"},"image":{"@id":"https:\/\/medicinasinc.com\/fi\/product\/osta-sitruuna-lime-thc-tisle-dabeast\/#primaryimage"},"thumbnailUrl":"https:\/\/medicinasinc.com\/fi\/wp-content\/uploads\/sites\/12\/2022\/02\/Buy-Lemon-Lime-THC-Distillate.jpg","datePublished":"2022-02-20T08:54:28+00:00","dateModified":"2022-03-22T01:23:51+00:00","description":"Osta Lemon Lime THC Distillate Saber Pen myyt\u00e4v\u00e4n\u00e4 - Top Shelf verkossa Euroopassa, Isossa-Britanniassa suurimmasta online-apteekista,Buy My Weed Online.","breadcrumb":{"@id":"https:\/\/medicinasinc.com\/fi\/product\/osta-sitruuna-lime-thc-tisle-dabeast\/#breadcrumb"},"inLanguage":"en-US","potentialAction":[{"@type":"ReadAction","target":["https:\/\/medicinasinc.com\/fi\/product\/osta-sitruuna-lime-thc-tisle-dabeast\/"]}]},{"@type":"ImageObject","inLanguage":"en-US","@id":"https:\/\/medicinasinc.com\/fi\/product\/osta-sitruuna-lime-thc-tisle-dabeast\/#primaryimage","url":"https:\/\/medicinasinc.com\/fi\/wp-content\/uploads\/sites\/12\/2022\/02\/Buy-Lemon-Lime-THC-Distillate.jpg","contentUrl":"https:\/\/medicinasinc.com\/fi\/wp-content\/uploads\/sites\/12\/2022\/02\/Buy-Lemon-Lime-THC-Distillate.jpg","width":800,"height":800},{"@type":"BreadcrumbList","@id":"https:\/\/medicinasinc.com\/fi\/product\/osta-sitruuna-lime-thc-tisle-dabeast\/#breadcrumb","itemListElement":[{"@type":"ListItem","position":1,"name":"Myym\u00e4l\u00e4","item":"https:\/\/medicinasinc.com\/fi\/myymala\/"},{"@type":"ListItem","position":2,"name":"Osta Lemon Lime THC-tisle \u2013 Dabeast"}]},{"@type":"WebSite","@id":"https:\/\/medicinasinc.com\/fi\/#website","url":"https:\/\/medicinasinc.com\/fi\/","name":"Medicinas Inc","description":"Health Medical Clinic","potentialAction":[{"@type":"SearchAction","target":{"@type":"EntryPoint","urlTemplate":"https:\/\/medicinasinc.com\/fi\/?s={search_term_string}"},"query-input":{"@type":"PropertyValueSpecification","valueRequired":true,"valueName":"search_term_string"}}],"inLanguage":"en-US"}]}},"_links":{"self":[{"href":"https:\/\/medicinasinc.com\/fi\/wp-json\/wp\/v2\/product\/4403","targetHints":{"allow":["GET"]}}],"collection":[{"href":"https:\/\/medicinasinc.com\/fi\/wp-json\/wp\/v2\/product"}],"about":[{"href":"https:\/\/medicinasinc.com\/fi\/wp-json\/wp\/v2\/types\/product"}],"replies":[{"embeddable":true,"href":"https:\/\/medicinasinc.com\/fi\/wp-json\/wp\/v2\/comments?post=4403"}],"wp:featuredmedia":[{"embeddable":true,"href":"https:\/\/medicinasinc.com\/fi\/wp-json\/wp\/v2\/media\/4436"}],"wp:attachment":[{"href":"https:\/\/medicinasinc.com\/fi\/wp-json\/wp\/v2\/media?parent=4403"}],"wp:term":[{"taxonomy":"product_brand","embeddable":true,"href":"https:\/\/medicinasinc.com\/fi\/wp-json\/wp\/v2\/product_brand?post=4403"},{"taxonomy":"product_cat","embeddable":true,"href":"https:\/\/medicinasinc.com\/fi\/wp-json\/wp\/v2\/product_cat?post=4403"},{"taxonomy":"product_tag","embeddable":true,"href":"https:\/\/medicinasinc.com\/fi\/wp-json\/wp\/v2\/product_tag?post=4403"}],"curies":[{"name":"wp","href":"https:\/\/api.w.org\/{rel}","templated":true}]}}