{"id":4390,"date":"2022-02-20T08:47:42","date_gmt":"2022-02-20T08:47:42","guid":{"rendered":"https:\/\/medicinasinc.com\/fi\/?post_type=product&#038;p=4390"},"modified":"2022-03-22T01:23:59","modified_gmt":"2022-03-22T01:23:59","slug":"osta-lemon-haze-co2-1g-vape-patruuna","status":"publish","type":"product","link":"https:\/\/medicinasinc.com\/fi\/product\/osta-lemon-haze-co2-1g-vape-patruuna\/","title":{"rendered":"Osta Lemon Haze CO2 1g vape patruuna"},"content":{"rendered":"<p>Lemon Haze CO2 1g vape patruuna myyt\u00e4v\u00e4n\u00e4.<\/p>\n<p>Lemon Haze CO2 1g vape patruuna myyt\u00e4v\u00e4n\u00e4.<\/p>\n<p>Lemon Haze CO2 vape patruuna myyt\u00e4v\u00e4n\u00e4. Pure pyrkii tarjoamaan puhtaimman, turvallisimman ja johdonmukaisimman saatavilla olevan \u00f6ljyn. Makumme on valmistettu kokonaan luonnossa esiintyvist\u00e4 hedelm\u00e4terpeeneist\u00e4. 1 gramma v\u00e4\u00e4rent\u00e4m\u00e4t\u00f6nt\u00e4 kannabis\u00f6ljy\u00e4<br \/> Green House Seedsin Lemon Skunk Super Silver Haze on Sativa-dominoiva Lemon Skunkin ja Super Silver Hazen hybridi, joka on voittanut kaksi Cannabis Cupia. Super Lemon Haze on moniv\u00e4rinen kief-pakattu ihme. Kuten nimest\u00e4 k\u00e4y ilmi, t\u00e4ll\u00e4 kannalla on selkeit\u00e4 sitruunaisia \u200b\u200bominaisuuksia. Tuoksu on sitrusmainen, raikas ja hieman makea. Maku on juuri sit\u00e4 mit\u00e4 kaimalta voi odottaa; hapokas ja makea, samanlainen kuin Lemonheads-karamelli \u2013 joskaan ei aivan niin ter\u00e4v\u00e4 kuin voisi odottaa.<\/p>\n<p>THC-pitoisuus: 65,22 prosenttia CBD-pitoisuus: 2,86 prosenttia<\/p>\n","protected":false},"excerpt":{"rendered":"<p>Co2 Vape Cartridge Super Lemon Haze<\/p>\n<p>Osta Super Lemon Haze Cannabis Oil Vape Cartridge Strain Yhdistyneest\u00e4 kuningaskunnasta ja Euroopasta. SativaOil-uuttomenetelm\u00e4: Alikriittinen CO2. Vape-patruuna Super Lemon Haze -kannabis\u00f6ljylle.<\/p>\n<p>Yksi \u200b\u200bmarkkinoiden parhaista hiilidioksidikaasupatruunoista on Super Lemon Haze. Tarkemmin sanottuna tuoksu on raikas, sitruksinen ja hieman makea. Maku on hapokas ja makea, muistuttaa sitruunanp\u00e4it\u00e4. X-trates CO2 vape -patruunat sis\u00e4lt\u00e4v\u00e4t vain puhdasta kannabis\u00f6ljy\u00e4, joka sis\u00e4lt\u00e4\u00e4 laajan kirjon orgaanisia kannabinoideja ja terpeenej\u00e4. Lis\u00e4ksi saatavilla on 1g ja 0,5ml patruunat.<\/p>\n<p>Tuotteen hinta on seuraava: per 1g patruuna<br \/> V\u00e4himm\u00e4istilausm\u00e4\u00e4r\u00e4 on 5 patruunaa.<\/p>\n","protected":false},"featured_media":4423,"comment_status":"open","ping_status":"closed","template":"","meta":[],"product_brand":[],"product_cat":[440],"product_tag":[481,483,486,484,485,482,488,487],"class_list":{"0":"post-4390","1":"product","2":"type-product","3":"status-publish","4":"has-post-thumbnail","6":"product_cat-osta-kannabis-cbd-ljy","7":"product_tag-esitytetyt-vape-patruunat-europe-tags-super-lemon-haze-allbud","8":"product_tag-super-lemon-haze-co2-vape-patruuna","9":"product_tag-super-sitruuna-usu-hinta","10":"product_tag-super-sitruuna-haze-kingpen","11":"product_tag-super-lemon-haze-oil-cartridge","12":"product_tag-super-sitruuna-haze-patruuna","13":"product_tag-super-lemon-haze-yield-description-reviews-0","14":"product_tag-super-sitruuna-haze-siemeni","16":"first","17":"instock","18":"shipping-taxable","19":"purchasable","20":"product-type-variable","21":"has-default-attributes"},"yoast_head":"<!-- This site is optimized with the Yoast SEO plugin v27.3 - https:\/\/yoast.com\/product\/yoast-seo-wordpress\/ -->\n<title>Osta Lemon Haze CO2 vape -patruuna - parhaat maailmanlaajuiset l\u00e4\u00e4kkeet<\/title>\n<meta name=\"description\" content=\"Osta Super Lemon Haze Cannabis Oil Vape Cartridge Strain myyt\u00e4v\u00e4n\u00e4 Isossa-Britanniassa, Euroopassa. SativaOil-uuttomenetelm\u00e4: Alikriittinen CO2. Super Lemon Haze Cannabis Oil Vape patruuna.\" \/>\n<meta name=\"robots\" content=\"index, follow, max-snippet:-1, max-image-preview:large, max-video-preview:-1\" \/>\n<link rel=\"canonical\" href=\"https:\/\/medicinasinc.com\/fi\/product\/osta-lemon-haze-co2-1g-vape-patruuna\/\" \/>\n<meta property=\"og:locale\" content=\"en_US\" \/>\n<meta property=\"og:type\" content=\"article\" \/>\n<meta property=\"og:title\" content=\"Osta Lemon Haze CO2 vape -patruuna - parhaat maailmanlaajuiset l\u00e4\u00e4kkeet\" \/>\n<meta property=\"og:description\" content=\"Osta Super Lemon Haze Cannabis Oil Vape Cartridge Strain myyt\u00e4v\u00e4n\u00e4 Isossa-Britanniassa, Euroopassa. SativaOil-uuttomenetelm\u00e4: Alikriittinen CO2. Super Lemon Haze Cannabis Oil Vape patruuna.\" \/>\n<meta property=\"og:url\" content=\"https:\/\/medicinasinc.com\/fi\/product\/osta-lemon-haze-co2-1g-vape-patruuna\/\" \/>\n<meta property=\"og:site_name\" content=\"Medicinas Inc\" \/>\n<meta property=\"article:modified_time\" content=\"2022-03-22T01:23:59+00:00\" \/>\n<meta property=\"og:image\" content=\"https:\/\/medicinasinc.com\/fi\/wp-content\/uploads\/sites\/12\/2022\/02\/Buy-High-THC-Cannabis-Oil-1g-cartridge-online.jpg\" \/>\n\t<meta property=\"og:image:width\" content=\"600\" \/>\n\t<meta property=\"og:image:height\" content=\"600\" \/>\n\t<meta property=\"og:image:type\" content=\"image\/jpeg\" \/>\n<meta name=\"twitter:card\" content=\"summary_large_image\" \/>\n<meta name=\"twitter:label1\" content=\"Est. reading time\" \/>\n\t<meta name=\"twitter:data1\" content=\"1 minute\" \/>\n<script type=\"application\/ld+json\" class=\"yoast-schema-graph\">{\"@context\":\"https:\\\/\\\/schema.org\",\"@graph\":[{\"@type\":\"WebPage\",\"@id\":\"https:\\\/\\\/medicinasinc.com\\\/fi\\\/product\\\/osta-lemon-haze-co2-1g-vape-patruuna\\\/\",\"url\":\"https:\\\/\\\/medicinasinc.com\\\/fi\\\/product\\\/osta-lemon-haze-co2-1g-vape-patruuna\\\/\",\"name\":\"Osta Lemon Haze CO2 vape -patruuna - parhaat maailmanlaajuiset l\u00e4\u00e4kkeet\",\"isPartOf\":{\"@id\":\"https:\\\/\\\/medicinasinc.com\\\/fi\\\/#website\"},\"primaryImageOfPage\":{\"@id\":\"https:\\\/\\\/medicinasinc.com\\\/fi\\\/product\\\/osta-lemon-haze-co2-1g-vape-patruuna\\\/#primaryimage\"},\"image\":{\"@id\":\"https:\\\/\\\/medicinasinc.com\\\/fi\\\/product\\\/osta-lemon-haze-co2-1g-vape-patruuna\\\/#primaryimage\"},\"thumbnailUrl\":\"https:\\\/\\\/medicinasinc.com\\\/fi\\\/wp-content\\\/uploads\\\/sites\\\/12\\\/2022\\\/02\\\/Buy-High-THC-Cannabis-Oil-1g-cartridge-online.jpg\",\"datePublished\":\"2022-02-20T08:47:42+00:00\",\"dateModified\":\"2022-03-22T01:23:59+00:00\",\"description\":\"Osta Super Lemon Haze Cannabis Oil Vape Cartridge Strain myyt\u00e4v\u00e4n\u00e4 Isossa-Britanniassa, Euroopassa. SativaOil-uuttomenetelm\u00e4: Alikriittinen CO2. Super Lemon Haze Cannabis Oil Vape patruuna.\",\"breadcrumb\":{\"@id\":\"https:\\\/\\\/medicinasinc.com\\\/fi\\\/product\\\/osta-lemon-haze-co2-1g-vape-patruuna\\\/#breadcrumb\"},\"inLanguage\":\"en-US\",\"potentialAction\":[{\"@type\":\"ReadAction\",\"target\":[\"https:\\\/\\\/medicinasinc.com\\\/fi\\\/product\\\/osta-lemon-haze-co2-1g-vape-patruuna\\\/\"]}]},{\"@type\":\"ImageObject\",\"inLanguage\":\"en-US\",\"@id\":\"https:\\\/\\\/medicinasinc.com\\\/fi\\\/product\\\/osta-lemon-haze-co2-1g-vape-patruuna\\\/#primaryimage\",\"url\":\"https:\\\/\\\/medicinasinc.com\\\/fi\\\/wp-content\\\/uploads\\\/sites\\\/12\\\/2022\\\/02\\\/Buy-High-THC-Cannabis-Oil-1g-cartridge-online.jpg\",\"contentUrl\":\"https:\\\/\\\/medicinasinc.com\\\/fi\\\/wp-content\\\/uploads\\\/sites\\\/12\\\/2022\\\/02\\\/Buy-High-THC-Cannabis-Oil-1g-cartridge-online.jpg\",\"width\":600,\"height\":600},{\"@type\":\"BreadcrumbList\",\"@id\":\"https:\\\/\\\/medicinasinc.com\\\/fi\\\/product\\\/osta-lemon-haze-co2-1g-vape-patruuna\\\/#breadcrumb\",\"itemListElement\":[{\"@type\":\"ListItem\",\"position\":1,\"name\":\"Myym\u00e4l\u00e4\",\"item\":\"https:\\\/\\\/medicinasinc.com\\\/fi\\\/myymala\\\/\"},{\"@type\":\"ListItem\",\"position\":2,\"name\":\"Osta Lemon Haze CO2 1g vape patruuna\"}]},{\"@type\":\"WebSite\",\"@id\":\"https:\\\/\\\/medicinasinc.com\\\/fi\\\/#website\",\"url\":\"https:\\\/\\\/medicinasinc.com\\\/fi\\\/\",\"name\":\"Medicinas Inc\",\"description\":\"Health Medical Clinic\",\"potentialAction\":[{\"@type\":\"SearchAction\",\"target\":{\"@type\":\"EntryPoint\",\"urlTemplate\":\"https:\\\/\\\/medicinasinc.com\\\/fi\\\/?s={search_term_string}\"},\"query-input\":{\"@type\":\"PropertyValueSpecification\",\"valueRequired\":true,\"valueName\":\"search_term_string\"}}],\"inLanguage\":\"en-US\"}]}<\/script>\n<!-- \/ Yoast SEO plugin. -->","yoast_head_json":{"title":"Osta Lemon Haze CO2 vape -patruuna - parhaat maailmanlaajuiset l\u00e4\u00e4kkeet","description":"Osta Super Lemon Haze Cannabis Oil Vape Cartridge Strain myyt\u00e4v\u00e4n\u00e4 Isossa-Britanniassa, Euroopassa. SativaOil-uuttomenetelm\u00e4: Alikriittinen CO2. Super Lemon Haze Cannabis Oil Vape patruuna.","robots":{"index":"index","follow":"follow","max-snippet":"max-snippet:-1","max-image-preview":"max-image-preview:large","max-video-preview":"max-video-preview:-1"},"canonical":"https:\/\/medicinasinc.com\/fi\/product\/osta-lemon-haze-co2-1g-vape-patruuna\/","og_locale":"en_US","og_type":"article","og_title":"Osta Lemon Haze CO2 vape -patruuna - parhaat maailmanlaajuiset l\u00e4\u00e4kkeet","og_description":"Osta Super Lemon Haze Cannabis Oil Vape Cartridge Strain myyt\u00e4v\u00e4n\u00e4 Isossa-Britanniassa, Euroopassa. SativaOil-uuttomenetelm\u00e4: Alikriittinen CO2. Super Lemon Haze Cannabis Oil Vape patruuna.","og_url":"https:\/\/medicinasinc.com\/fi\/product\/osta-lemon-haze-co2-1g-vape-patruuna\/","og_site_name":"Medicinas Inc","article_modified_time":"2022-03-22T01:23:59+00:00","og_image":[{"width":600,"height":600,"url":"https:\/\/medicinasinc.com\/fi\/wp-content\/uploads\/sites\/12\/2022\/02\/Buy-High-THC-Cannabis-Oil-1g-cartridge-online.jpg","type":"image\/jpeg"}],"twitter_card":"summary_large_image","twitter_misc":{"Est. reading time":"1 minute"},"schema":{"@context":"https:\/\/schema.org","@graph":[{"@type":"WebPage","@id":"https:\/\/medicinasinc.com\/fi\/product\/osta-lemon-haze-co2-1g-vape-patruuna\/","url":"https:\/\/medicinasinc.com\/fi\/product\/osta-lemon-haze-co2-1g-vape-patruuna\/","name":"Osta Lemon Haze CO2 vape -patruuna - parhaat maailmanlaajuiset l\u00e4\u00e4kkeet","isPartOf":{"@id":"https:\/\/medicinasinc.com\/fi\/#website"},"primaryImageOfPage":{"@id":"https:\/\/medicinasinc.com\/fi\/product\/osta-lemon-haze-co2-1g-vape-patruuna\/#primaryimage"},"image":{"@id":"https:\/\/medicinasinc.com\/fi\/product\/osta-lemon-haze-co2-1g-vape-patruuna\/#primaryimage"},"thumbnailUrl":"https:\/\/medicinasinc.com\/fi\/wp-content\/uploads\/sites\/12\/2022\/02\/Buy-High-THC-Cannabis-Oil-1g-cartridge-online.jpg","datePublished":"2022-02-20T08:47:42+00:00","dateModified":"2022-03-22T01:23:59+00:00","description":"Osta Super Lemon Haze Cannabis Oil Vape Cartridge Strain myyt\u00e4v\u00e4n\u00e4 Isossa-Britanniassa, Euroopassa. SativaOil-uuttomenetelm\u00e4: Alikriittinen CO2. Super Lemon Haze Cannabis Oil Vape patruuna.","breadcrumb":{"@id":"https:\/\/medicinasinc.com\/fi\/product\/osta-lemon-haze-co2-1g-vape-patruuna\/#breadcrumb"},"inLanguage":"en-US","potentialAction":[{"@type":"ReadAction","target":["https:\/\/medicinasinc.com\/fi\/product\/osta-lemon-haze-co2-1g-vape-patruuna\/"]}]},{"@type":"ImageObject","inLanguage":"en-US","@id":"https:\/\/medicinasinc.com\/fi\/product\/osta-lemon-haze-co2-1g-vape-patruuna\/#primaryimage","url":"https:\/\/medicinasinc.com\/fi\/wp-content\/uploads\/sites\/12\/2022\/02\/Buy-High-THC-Cannabis-Oil-1g-cartridge-online.jpg","contentUrl":"https:\/\/medicinasinc.com\/fi\/wp-content\/uploads\/sites\/12\/2022\/02\/Buy-High-THC-Cannabis-Oil-1g-cartridge-online.jpg","width":600,"height":600},{"@type":"BreadcrumbList","@id":"https:\/\/medicinasinc.com\/fi\/product\/osta-lemon-haze-co2-1g-vape-patruuna\/#breadcrumb","itemListElement":[{"@type":"ListItem","position":1,"name":"Myym\u00e4l\u00e4","item":"https:\/\/medicinasinc.com\/fi\/myymala\/"},{"@type":"ListItem","position":2,"name":"Osta Lemon Haze CO2 1g vape patruuna"}]},{"@type":"WebSite","@id":"https:\/\/medicinasinc.com\/fi\/#website","url":"https:\/\/medicinasinc.com\/fi\/","name":"Medicinas Inc","description":"Health Medical Clinic","potentialAction":[{"@type":"SearchAction","target":{"@type":"EntryPoint","urlTemplate":"https:\/\/medicinasinc.com\/fi\/?s={search_term_string}"},"query-input":{"@type":"PropertyValueSpecification","valueRequired":true,"valueName":"search_term_string"}}],"inLanguage":"en-US"}]}},"_links":{"self":[{"href":"https:\/\/medicinasinc.com\/fi\/wp-json\/wp\/v2\/product\/4390","targetHints":{"allow":["GET"]}}],"collection":[{"href":"https:\/\/medicinasinc.com\/fi\/wp-json\/wp\/v2\/product"}],"about":[{"href":"https:\/\/medicinasinc.com\/fi\/wp-json\/wp\/v2\/types\/product"}],"replies":[{"embeddable":true,"href":"https:\/\/medicinasinc.com\/fi\/wp-json\/wp\/v2\/comments?post=4390"}],"wp:featuredmedia":[{"embeddable":true,"href":"https:\/\/medicinasinc.com\/fi\/wp-json\/wp\/v2\/media\/4423"}],"wp:attachment":[{"href":"https:\/\/medicinasinc.com\/fi\/wp-json\/wp\/v2\/media?parent=4390"}],"wp:term":[{"taxonomy":"product_brand","embeddable":true,"href":"https:\/\/medicinasinc.com\/fi\/wp-json\/wp\/v2\/product_brand?post=4390"},{"taxonomy":"product_cat","embeddable":true,"href":"https:\/\/medicinasinc.com\/fi\/wp-json\/wp\/v2\/product_cat?post=4390"},{"taxonomy":"product_tag","embeddable":true,"href":"https:\/\/medicinasinc.com\/fi\/wp-json\/wp\/v2\/product_tag?post=4390"}],"curies":[{"name":"wp","href":"https:\/\/api.w.org\/{rel}","templated":true}]}}