{"id":4388,"date":"2022-02-20T08:46:53","date_gmt":"2022-02-20T08:46:53","guid":{"rendered":"https:\/\/medicinasinc.com\/fi\/?post_type=product&#038;p=4388"},"modified":"2022-03-22T01:24:09","modified_gmt":"2022-03-22T01:24:09","slug":"osta-korkea-thc-kannabis-oljy-1g-patruuna-verkosta","status":"publish","type":"product","link":"https:\/\/medicinasinc.com\/fi\/product\/osta-korkea-thc-kannabis-oljy-1g-patruuna-verkosta\/","title":{"rendered":"Osta korkea-THC-kannabis\u00f6ljyn 1 g patruuna verkosta"},"content":{"rendered":"<p>Osta 1 g:n patruuna korkea-THC-kannabis\u00f6ljy\u00e4 verkosta.<\/p>\n<p>Kannabisten sekoittamisen sijaan tarjoamme patruunoita 18 eri lajikkeessa. Emme k\u00e4yt\u00e4 mit\u00e4\u00e4n lis\u00e4aineita. Kannabiksemme kasvatetaan luonnollisesti Pohjois-Kalifornian korkealuokkaisella kannabisalueella ja uutetaan sitten puhtaasti k\u00e4ytt\u00e4m\u00e4ll\u00e4 patentoitua superkriittist\u00e4 CO2-menetelm\u00e4\u00e4.<\/p>\n<p>Kannabis\u00f6ljy l\u00e4\u00e4ketieteelliseen k\u00e4ytt\u00f6\u00f6n. Hybridi, sativa ja indica<\/p>\n<p>kannabis\u00f6ljyn l\u00e4\u00e4ketieteelliset hy\u00f6dyt<br \/> Immuunij\u00e4rjestelm\u00e4n suojaaminen Lis\u00e4\u00e4 merkitt\u00e4v\u00e4sti mahdollisuuksiasi saada remissio<br \/> Auttaa vakauttamaan ja h\u00e4vitt\u00e4m\u00e4\u00e4n akuutin tai kroonisen kivun<br \/> Poistaa mahdollisesti haitalliset l\u00e4\u00e4keprotokollat<br \/> V\u00e4hent\u00e4\u00e4 tai eliminoi pahanlaatuisten solujen kasvua. V\u00e4hent\u00e4\u00e4 tai poistaa pahoinvointia.<\/p>\n<p>Kannabis on historiallisesti sis\u00e4lt\u00e4nyt 12\u201321 prosentin THC-pitoisuudet.<\/p>\n<p>CBD-pitoisuudet ovat useimmissa kannabiskasveissa 0,1\u20130,3 prosenttia. Kuitenkin korkeampia CBD:t\u00e4 sis\u00e4lt\u00e4vi\u00e4 kannabiskantoja on nyt saatavilla, mik\u00e4 tekee CBD-rikkaista kannabis\u00f6ljyist\u00e4 helpommin saatavilla. N\u00e4m\u00e4 kannabis\u00f6ljyt ovat ostettavissa, ja ne voidaan tilata turvallisesti netist\u00e4 meilt\u00e4. hash \u00f6ljy\u00e4 myyt\u00e4v\u00e4n\u00e4 verkossa, kuinka ostaa hash \u00f6ljy\u00e4 verkosta, korkea thc \u00f6ljy myyt\u00e4v\u00e4n\u00e4, tilata hash \u00f6ljy\u00e4 verkosta, ostaa hash \u00f6ljy\u00e4 verkosta, hash \u00f6ljykasetti myyt\u00e4v\u00e4n\u00e4, mist\u00e4 voin ostaa thc \u00f6ljy\u00e4 verkosta, thc hash \u00f6ljy myyt\u00e4v\u00e4n\u00e4, hash \u00f6ljypatruunoita myyt\u00e4v\u00e4n\u00e4 verkossa, mist\u00e4 ostaa thc-\u00f6ljy\u00e4 verkosta, ostaa hash-\u00f6ljypatruunoita verkosta<\/p>\n<p>Lis\u00e4ksi runsaasti CBD:t\u00e4 sis\u00e4lt\u00e4vi\u00e4 \u00f6ljyj\u00e4 suositellaan epilepsian, ahdistuksen, stressin ja pahoinvoinnin kaltaisten sairauksien hoitoon. CBD-\u00f6ljyt auttavat my\u00f6s rentoutumaan ja auttavat unettomuuden, j\u00e4nnitysp\u00e4\u00e4ns\u00e4rkyjen, mielialah\u00e4iri\u00f6iden ja tarkkaavaisuush\u00e4iri\u00f6iden hoidossa.<\/p>\n<p>Ennen kuin ostat hash-\u00f6ljy\u00e4 verkosta, on t\u00e4rke\u00e4\u00e4 ymm\u00e4rt\u00e4\u00e4 sen vaikutus ja miten se liittyy kannabikseen, ja mik\u00e4 erottaa sen muista rikkaruohoista. Hash, toinen termi &#8220;hasish&#8221; osavaltiossa, on kannabistiiviste, joka kuljetetaan marihuanakasvin pikell\u00e4. T\u00e4m\u00e4 saavutetaan erottamalla kannabiskasvin mahlaelimet, joita kutsutaan yhteisesti trichomeiksi, sen kukista. N\u00e4iden trikomien tiedet\u00e4\u00e4n sis\u00e4lt\u00e4v\u00e4n suurimmat pitoisuudet kannabinoideja ja terpeenej\u00e4, jotka ovat kemiallisia yhdisteit\u00e4, jotka ovat vastuussa Maryjanen ainutlaatuisista ominaisuuksista ja ominaisuuksista. Kannabinoidien ja terpeenien korkean pitoisuuden vuoksi hashissa sill\u00e4 on poikkeuksellinen kyky luoda mieleenpainuvia psykoaktiivisia ja l\u00e4\u00e4ketieteellisi\u00e4 kohtaamisia kannabisasiakkaille. Hash\u00f6ljy on eritt\u00e4in tiivistetty kannabiksen muoto, jota voidaan polttaa, h\u00f6yryst\u00e4\u00e4, kuluttaa tai hankaamalla iholle. Joskus hash\u00f6ljyn k\u00e4ytt\u00f6\u00e4 kutsutaan &#8220;tavoittelemiseksi&#8221; tai &#8220;kulutukseksi&#8221;. Hash\u00f6ljy on per\u00e4isin kannabiskasveista ja sis\u00e4lt\u00e4\u00e4 THC:t\u00e4 (delta-9-tetrahydrokannabinolia), samaa vallankumouksellista yhdistett\u00e4, joka l\u00f6ytyy muista Maryjane-tuotteista. Siit\u00e4 huolimatta hash\u00f6ljy on tehokkaampaa, sill\u00e4 se sis\u00e4lt\u00e4\u00e4 jopa 90 % puhdasta THC:t\u00e4. Kannabiskasvin muissa osissa THC-pitoisuus on luonnollisesti tyypillisesti noin 12 %. Luotettu CO2-uutto on t\u00e4ll\u00e4 hetkell\u00e4 tehokkain menetelm\u00e4 THC-\u00f6ljyn uuttamiseen. Lis\u00e4ksi se on yleisin ja turvallisin menetelm\u00e4 kannabis\u00f6ljyn, tisleen ja el\u00e4vien purukumien tuotantoon. Syy, miksi se on niin yleist\u00e4 nyky\u00e4\u00e4n, on se, ett\u00e4 t\u00e4m\u00e4 THC-\u00f6ljy ei sis\u00e4ll\u00e4 muita liuottimia, kuten lipe\u00e4\u00e4 tai butaania. Suurin osa THC-\u00f6ljyist\u00e4 sis\u00e4lt\u00e4\u00e4 er\u00e4\u00e4nlaista heikent\u00e4v\u00e4\u00e4 valmiutta. T\u00e4m\u00e4 on tarpeen sen varmistamiseksi, ett\u00e4 \u00f6ljy s\u00e4ilytt\u00e4\u00e4 ihanteellisen koostumuksen h\u00f6yrystyst\u00e4 varten. Merkitt\u00e4vimm\u00e4t v\u00e4henev\u00e4t asiantuntijat ovat kasvisglyseriini ja propyleeniglykoli (VG ja PG), joita l\u00f6ytyy yleisesti tavallisista e-nesteist\u00e4. Muutamat sis\u00e4lt\u00e4v\u00e4t erilaisia \u200b\u200bt\u00e4yteaineita, kuten PEG:t\u00e4 ja viime aikoina TEC Temperia, joka on toinen luonnollisista terpeeneista johdettu tila. Hash-\u00f6ljy\u00e4 on ostettavissa.<\/p>\n","protected":false},"excerpt":{"rendered":"<p>Osta High THC -marihuana\u00f6ljy\u00e4 myyt\u00e4v\u00e4ksi Isossa-Britanniassa, Euroopassa verkossa. Osta 100 % puhdasta thc-kannabis\u00f6ljy\u00e4 myyt\u00e4v\u00e4ksi Yhdysvaltoihin. T\u00e4yden spektrin kannabis\u00f6ljy. THC-\u00f6ljysy\u00f6p\u00e4 myyt\u00e4v\u00e4n\u00e4. Teho: 85 % THC &amp; 15 % CBD<\/p>\n<p>tuotteen hinta on: 5 patruunaa kohden<\/p>\n<p>V\u00e4himm\u00e4istilausm\u00e4\u00e4r\u00e4 on: 5 patruunaa<\/p>\n","protected":false},"featured_media":4423,"comment_status":"open","ping_status":"closed","template":"","meta":[],"product_brand":[],"product_cat":[440],"product_tag":[],"class_list":{"0":"post-4388","1":"product","2":"type-product","3":"status-publish","4":"has-post-thumbnail","6":"product_cat-osta-kannabis-cbd-ljy","8":"first","9":"instock","10":"shipping-taxable","11":"purchasable","12":"product-type-variable","13":"has-default-attributes"},"yoast_head":"<!-- This site is optimized with the Yoast SEO plugin v27.3 - https:\/\/yoast.com\/product\/yoast-seo-wordpress\/ -->\n<title>Osta korkea-THC:t\u00e4 sis\u00e4lt\u00e4v\u00e4 1 g kannabis\u00f6ljykasetti verkosta \u2013 parhaat maailmanlaajuiset l\u00e4\u00e4kkeet<\/title>\n<meta name=\"description\" content=\"Osta High THC -marihuana\u00f6ljy\u00e4 myyt\u00e4v\u00e4ksi Isossa-Britanniassa, Euroopassa verkossa. Osta 100 % puhdasta thc-kannabis\u00f6ljy\u00e4 myyt\u00e4v\u00e4ksi Yhdysvaltoihin. T\u00e4yden spektrin kannabis\u00f6ljy. THC-\u00f6ljysy\u00f6p\u00e4 myyt\u00e4v\u00e4n\u00e4. Teho: 85 % THC &amp; 15 % CBD\" \/>\n<meta name=\"robots\" content=\"index, follow, max-snippet:-1, max-image-preview:large, max-video-preview:-1\" \/>\n<link rel=\"canonical\" href=\"https:\/\/medicinasinc.com\/fi\/product\/osta-korkea-thc-kannabis-oljy-1g-patruuna-verkosta\/\" \/>\n<meta property=\"og:locale\" content=\"en_US\" \/>\n<meta property=\"og:type\" content=\"article\" \/>\n<meta property=\"og:title\" content=\"Osta korkea-THC:t\u00e4 sis\u00e4lt\u00e4v\u00e4 1 g kannabis\u00f6ljykasetti verkosta \u2013 parhaat maailmanlaajuiset l\u00e4\u00e4kkeet\" \/>\n<meta property=\"og:description\" content=\"Osta High THC -marihuana\u00f6ljy\u00e4 myyt\u00e4v\u00e4ksi Isossa-Britanniassa, Euroopassa verkossa. Osta 100 % puhdasta thc-kannabis\u00f6ljy\u00e4 myyt\u00e4v\u00e4ksi Yhdysvaltoihin. T\u00e4yden spektrin kannabis\u00f6ljy. THC-\u00f6ljysy\u00f6p\u00e4 myyt\u00e4v\u00e4n\u00e4. Teho: 85 % THC &amp; 15 % CBD\" \/>\n<meta property=\"og:url\" content=\"https:\/\/medicinasinc.com\/fi\/product\/osta-korkea-thc-kannabis-oljy-1g-patruuna-verkosta\/\" \/>\n<meta property=\"og:site_name\" content=\"Medicinas Inc\" \/>\n<meta property=\"article:modified_time\" content=\"2022-03-22T01:24:09+00:00\" \/>\n<meta property=\"og:image\" content=\"https:\/\/medicinasinc.com\/fi\/wp-content\/uploads\/sites\/12\/2022\/02\/Buy-High-THC-Cannabis-Oil-1g-cartridge-online.jpg\" \/>\n\t<meta property=\"og:image:width\" content=\"600\" \/>\n\t<meta property=\"og:image:height\" content=\"600\" \/>\n\t<meta property=\"og:image:type\" content=\"image\/jpeg\" \/>\n<meta name=\"twitter:card\" content=\"summary_large_image\" \/>\n<meta name=\"twitter:label1\" content=\"Est. reading time\" \/>\n\t<meta name=\"twitter:data1\" content=\"3 minutes\" \/>\n<script type=\"application\/ld+json\" class=\"yoast-schema-graph\">{\"@context\":\"https:\\\/\\\/schema.org\",\"@graph\":[{\"@type\":\"WebPage\",\"@id\":\"https:\\\/\\\/medicinasinc.com\\\/fi\\\/product\\\/osta-korkea-thc-kannabis-oljy-1g-patruuna-verkosta\\\/\",\"url\":\"https:\\\/\\\/medicinasinc.com\\\/fi\\\/product\\\/osta-korkea-thc-kannabis-oljy-1g-patruuna-verkosta\\\/\",\"name\":\"Osta korkea-THC:t\u00e4 sis\u00e4lt\u00e4v\u00e4 1 g kannabis\u00f6ljykasetti verkosta \u2013 parhaat maailmanlaajuiset l\u00e4\u00e4kkeet\",\"isPartOf\":{\"@id\":\"https:\\\/\\\/medicinasinc.com\\\/fi\\\/#website\"},\"primaryImageOfPage\":{\"@id\":\"https:\\\/\\\/medicinasinc.com\\\/fi\\\/product\\\/osta-korkea-thc-kannabis-oljy-1g-patruuna-verkosta\\\/#primaryimage\"},\"image\":{\"@id\":\"https:\\\/\\\/medicinasinc.com\\\/fi\\\/product\\\/osta-korkea-thc-kannabis-oljy-1g-patruuna-verkosta\\\/#primaryimage\"},\"thumbnailUrl\":\"https:\\\/\\\/medicinasinc.com\\\/fi\\\/wp-content\\\/uploads\\\/sites\\\/12\\\/2022\\\/02\\\/Buy-High-THC-Cannabis-Oil-1g-cartridge-online.jpg\",\"datePublished\":\"2022-02-20T08:46:53+00:00\",\"dateModified\":\"2022-03-22T01:24:09+00:00\",\"description\":\"Osta High THC -marihuana\u00f6ljy\u00e4 myyt\u00e4v\u00e4ksi Isossa-Britanniassa, Euroopassa verkossa. Osta 100 % puhdasta thc-kannabis\u00f6ljy\u00e4 myyt\u00e4v\u00e4ksi Yhdysvaltoihin. T\u00e4yden spektrin kannabis\u00f6ljy. THC-\u00f6ljysy\u00f6p\u00e4 myyt\u00e4v\u00e4n\u00e4. Teho: 85 % THC &amp; 15 % CBD\",\"breadcrumb\":{\"@id\":\"https:\\\/\\\/medicinasinc.com\\\/fi\\\/product\\\/osta-korkea-thc-kannabis-oljy-1g-patruuna-verkosta\\\/#breadcrumb\"},\"inLanguage\":\"en-US\",\"potentialAction\":[{\"@type\":\"ReadAction\",\"target\":[\"https:\\\/\\\/medicinasinc.com\\\/fi\\\/product\\\/osta-korkea-thc-kannabis-oljy-1g-patruuna-verkosta\\\/\"]}]},{\"@type\":\"ImageObject\",\"inLanguage\":\"en-US\",\"@id\":\"https:\\\/\\\/medicinasinc.com\\\/fi\\\/product\\\/osta-korkea-thc-kannabis-oljy-1g-patruuna-verkosta\\\/#primaryimage\",\"url\":\"https:\\\/\\\/medicinasinc.com\\\/fi\\\/wp-content\\\/uploads\\\/sites\\\/12\\\/2022\\\/02\\\/Buy-High-THC-Cannabis-Oil-1g-cartridge-online.jpg\",\"contentUrl\":\"https:\\\/\\\/medicinasinc.com\\\/fi\\\/wp-content\\\/uploads\\\/sites\\\/12\\\/2022\\\/02\\\/Buy-High-THC-Cannabis-Oil-1g-cartridge-online.jpg\",\"width\":600,\"height\":600},{\"@type\":\"BreadcrumbList\",\"@id\":\"https:\\\/\\\/medicinasinc.com\\\/fi\\\/product\\\/osta-korkea-thc-kannabis-oljy-1g-patruuna-verkosta\\\/#breadcrumb\",\"itemListElement\":[{\"@type\":\"ListItem\",\"position\":1,\"name\":\"Myym\u00e4l\u00e4\",\"item\":\"https:\\\/\\\/medicinasinc.com\\\/fi\\\/myymala\\\/\"},{\"@type\":\"ListItem\",\"position\":2,\"name\":\"Osta korkea-THC-kannabis\u00f6ljyn 1 g patruuna verkosta\"}]},{\"@type\":\"WebSite\",\"@id\":\"https:\\\/\\\/medicinasinc.com\\\/fi\\\/#website\",\"url\":\"https:\\\/\\\/medicinasinc.com\\\/fi\\\/\",\"name\":\"Medicinas Inc\",\"description\":\"Health Medical Clinic\",\"potentialAction\":[{\"@type\":\"SearchAction\",\"target\":{\"@type\":\"EntryPoint\",\"urlTemplate\":\"https:\\\/\\\/medicinasinc.com\\\/fi\\\/?s={search_term_string}\"},\"query-input\":{\"@type\":\"PropertyValueSpecification\",\"valueRequired\":true,\"valueName\":\"search_term_string\"}}],\"inLanguage\":\"en-US\"}]}<\/script>\n<!-- \/ Yoast SEO plugin. -->","yoast_head_json":{"title":"Osta korkea-THC:t\u00e4 sis\u00e4lt\u00e4v\u00e4 1 g kannabis\u00f6ljykasetti verkosta \u2013 parhaat maailmanlaajuiset l\u00e4\u00e4kkeet","description":"Osta High THC -marihuana\u00f6ljy\u00e4 myyt\u00e4v\u00e4ksi Isossa-Britanniassa, Euroopassa verkossa. Osta 100 % puhdasta thc-kannabis\u00f6ljy\u00e4 myyt\u00e4v\u00e4ksi Yhdysvaltoihin. T\u00e4yden spektrin kannabis\u00f6ljy. THC-\u00f6ljysy\u00f6p\u00e4 myyt\u00e4v\u00e4n\u00e4. Teho: 85 % THC &amp; 15 % CBD","robots":{"index":"index","follow":"follow","max-snippet":"max-snippet:-1","max-image-preview":"max-image-preview:large","max-video-preview":"max-video-preview:-1"},"canonical":"https:\/\/medicinasinc.com\/fi\/product\/osta-korkea-thc-kannabis-oljy-1g-patruuna-verkosta\/","og_locale":"en_US","og_type":"article","og_title":"Osta korkea-THC:t\u00e4 sis\u00e4lt\u00e4v\u00e4 1 g kannabis\u00f6ljykasetti verkosta \u2013 parhaat maailmanlaajuiset l\u00e4\u00e4kkeet","og_description":"Osta High THC -marihuana\u00f6ljy\u00e4 myyt\u00e4v\u00e4ksi Isossa-Britanniassa, Euroopassa verkossa. Osta 100 % puhdasta thc-kannabis\u00f6ljy\u00e4 myyt\u00e4v\u00e4ksi Yhdysvaltoihin. T\u00e4yden spektrin kannabis\u00f6ljy. THC-\u00f6ljysy\u00f6p\u00e4 myyt\u00e4v\u00e4n\u00e4. Teho: 85 % THC &amp; 15 % CBD","og_url":"https:\/\/medicinasinc.com\/fi\/product\/osta-korkea-thc-kannabis-oljy-1g-patruuna-verkosta\/","og_site_name":"Medicinas Inc","article_modified_time":"2022-03-22T01:24:09+00:00","og_image":[{"width":600,"height":600,"url":"https:\/\/medicinasinc.com\/fi\/wp-content\/uploads\/sites\/12\/2022\/02\/Buy-High-THC-Cannabis-Oil-1g-cartridge-online.jpg","type":"image\/jpeg"}],"twitter_card":"summary_large_image","twitter_misc":{"Est. reading time":"3 minutes"},"schema":{"@context":"https:\/\/schema.org","@graph":[{"@type":"WebPage","@id":"https:\/\/medicinasinc.com\/fi\/product\/osta-korkea-thc-kannabis-oljy-1g-patruuna-verkosta\/","url":"https:\/\/medicinasinc.com\/fi\/product\/osta-korkea-thc-kannabis-oljy-1g-patruuna-verkosta\/","name":"Osta korkea-THC:t\u00e4 sis\u00e4lt\u00e4v\u00e4 1 g kannabis\u00f6ljykasetti verkosta \u2013 parhaat maailmanlaajuiset l\u00e4\u00e4kkeet","isPartOf":{"@id":"https:\/\/medicinasinc.com\/fi\/#website"},"primaryImageOfPage":{"@id":"https:\/\/medicinasinc.com\/fi\/product\/osta-korkea-thc-kannabis-oljy-1g-patruuna-verkosta\/#primaryimage"},"image":{"@id":"https:\/\/medicinasinc.com\/fi\/product\/osta-korkea-thc-kannabis-oljy-1g-patruuna-verkosta\/#primaryimage"},"thumbnailUrl":"https:\/\/medicinasinc.com\/fi\/wp-content\/uploads\/sites\/12\/2022\/02\/Buy-High-THC-Cannabis-Oil-1g-cartridge-online.jpg","datePublished":"2022-02-20T08:46:53+00:00","dateModified":"2022-03-22T01:24:09+00:00","description":"Osta High THC -marihuana\u00f6ljy\u00e4 myyt\u00e4v\u00e4ksi Isossa-Britanniassa, Euroopassa verkossa. Osta 100 % puhdasta thc-kannabis\u00f6ljy\u00e4 myyt\u00e4v\u00e4ksi Yhdysvaltoihin. T\u00e4yden spektrin kannabis\u00f6ljy. THC-\u00f6ljysy\u00f6p\u00e4 myyt\u00e4v\u00e4n\u00e4. Teho: 85 % THC &amp; 15 % CBD","breadcrumb":{"@id":"https:\/\/medicinasinc.com\/fi\/product\/osta-korkea-thc-kannabis-oljy-1g-patruuna-verkosta\/#breadcrumb"},"inLanguage":"en-US","potentialAction":[{"@type":"ReadAction","target":["https:\/\/medicinasinc.com\/fi\/product\/osta-korkea-thc-kannabis-oljy-1g-patruuna-verkosta\/"]}]},{"@type":"ImageObject","inLanguage":"en-US","@id":"https:\/\/medicinasinc.com\/fi\/product\/osta-korkea-thc-kannabis-oljy-1g-patruuna-verkosta\/#primaryimage","url":"https:\/\/medicinasinc.com\/fi\/wp-content\/uploads\/sites\/12\/2022\/02\/Buy-High-THC-Cannabis-Oil-1g-cartridge-online.jpg","contentUrl":"https:\/\/medicinasinc.com\/fi\/wp-content\/uploads\/sites\/12\/2022\/02\/Buy-High-THC-Cannabis-Oil-1g-cartridge-online.jpg","width":600,"height":600},{"@type":"BreadcrumbList","@id":"https:\/\/medicinasinc.com\/fi\/product\/osta-korkea-thc-kannabis-oljy-1g-patruuna-verkosta\/#breadcrumb","itemListElement":[{"@type":"ListItem","position":1,"name":"Myym\u00e4l\u00e4","item":"https:\/\/medicinasinc.com\/fi\/myymala\/"},{"@type":"ListItem","position":2,"name":"Osta korkea-THC-kannabis\u00f6ljyn 1 g patruuna verkosta"}]},{"@type":"WebSite","@id":"https:\/\/medicinasinc.com\/fi\/#website","url":"https:\/\/medicinasinc.com\/fi\/","name":"Medicinas Inc","description":"Health Medical Clinic","potentialAction":[{"@type":"SearchAction","target":{"@type":"EntryPoint","urlTemplate":"https:\/\/medicinasinc.com\/fi\/?s={search_term_string}"},"query-input":{"@type":"PropertyValueSpecification","valueRequired":true,"valueName":"search_term_string"}}],"inLanguage":"en-US"}]}},"_links":{"self":[{"href":"https:\/\/medicinasinc.com\/fi\/wp-json\/wp\/v2\/product\/4388","targetHints":{"allow":["GET"]}}],"collection":[{"href":"https:\/\/medicinasinc.com\/fi\/wp-json\/wp\/v2\/product"}],"about":[{"href":"https:\/\/medicinasinc.com\/fi\/wp-json\/wp\/v2\/types\/product"}],"replies":[{"embeddable":true,"href":"https:\/\/medicinasinc.com\/fi\/wp-json\/wp\/v2\/comments?post=4388"}],"wp:featuredmedia":[{"embeddable":true,"href":"https:\/\/medicinasinc.com\/fi\/wp-json\/wp\/v2\/media\/4423"}],"wp:attachment":[{"href":"https:\/\/medicinasinc.com\/fi\/wp-json\/wp\/v2\/media?parent=4388"}],"wp:term":[{"taxonomy":"product_brand","embeddable":true,"href":"https:\/\/medicinasinc.com\/fi\/wp-json\/wp\/v2\/product_brand?post=4388"},{"taxonomy":"product_cat","embeddable":true,"href":"https:\/\/medicinasinc.com\/fi\/wp-json\/wp\/v2\/product_cat?post=4388"},{"taxonomy":"product_tag","embeddable":true,"href":"https:\/\/medicinasinc.com\/fi\/wp-json\/wp\/v2\/product_tag?post=4388"}],"curies":[{"name":"wp","href":"https:\/\/api.w.org\/{rel}","templated":true}]}}