{"id":4375,"date":"2022-02-20T08:40:25","date_gmt":"2022-02-20T08:40:25","guid":{"rendered":"https:\/\/medicinasinc.com\/fi\/?post_type=product&#038;p=4375"},"modified":"2022-03-22T01:24:18","modified_gmt":"2022-03-22T01:24:18","slug":"osta-korkea-cbd-premium-co2-uutettu-oljy","status":"publish","type":"product","link":"https:\/\/medicinasinc.com\/fi\/product\/osta-korkea-cbd-premium-co2-uutettu-oljy\/","title":{"rendered":"Osta korkea CBD Premium CO2 -uutettu \u00f6ljy"},"content":{"rendered":"<p>Osta High CBD Premium CO2 -uutettua \u00f6ljy\u00e4 verkosta Amerikan yhdysvalloista.<\/p>\n<p>Osta High CBD Premium CO2 -uutettua \u00f6ljy\u00e4 verkosta Amerikan yhdysvalloista.<\/p>\n<p>Kannabinoidit ovat uutetaan CO2:lla. Mik\u00e4 n\u00e4ytt\u00e4\u00e4 johtavan \u00f6ljyyn, jota on paljon miellytt\u00e4v\u00e4mpi hengitt\u00e4\u00e4 ja joka ei sis\u00e4ll\u00e4 kovuutta.<br \/> T\u00e4m\u00e4 l\u00e4\u00e4keer\u00e4 on johdettu ACDC:st\u00e4, korkeasta CBD-pitoisuudestaan \u200b\u200btunnetusta kannabiskannasta.<\/p>\n","protected":false},"excerpt":{"rendered":"<p>Osta High CBD Premium CO2 -uutettua \u00f6ljy\u00e4 myyt\u00e4v\u00e4ksi Isossa-Britanniassa, Euroopassa verkossa. Aktiiviset kannabinoidit yhteens\u00e4 80 % THC: 24 % CBD: 56 % CO2-uuttomarihuana\u00f6ljypatruuna.<\/p>\n<h3>Osta THC-kannabis\u00f6ljypatruunat<\/h3>\n<p>tuotteen hinta on: 5 patruunaa kohden<br \/> <strong>Pienin tilausm\u00e4\u00e4r\u00e4 on: 5 patruunaa<\/strong><\/p>\n","protected":false},"featured_media":4411,"comment_status":"open","ping_status":"closed","template":"","meta":[],"product_brand":[],"product_cat":[440],"product_tag":[],"class_list":{"0":"post-4375","1":"product","2":"type-product","3":"status-publish","4":"has-post-thumbnail","6":"product_cat-osta-kannabis-cbd-ljy","8":"first","9":"instock","10":"shipping-taxable","11":"purchasable","12":"product-type-variable","13":"has-default-attributes"},"yoast_head":"<!-- This site is optimized with the Yoast SEO plugin v27.3 - https:\/\/yoast.com\/product\/yoast-seo-wordpress\/ -->\n<title>Osta korkea CBD Premium CO2 -uutettu \u00f6ljy - parhaat maailmanlaajuiset l\u00e4\u00e4kkeet<\/title>\n<meta name=\"description\" content=\"Osta High CBD Premium CO2 -uutettua \u00f6ljy\u00e4 myyt\u00e4v\u00e4ksi Isossa-Britanniassa, Euroopassa verkossa. Aktiiviset kannabinoidit yhteens\u00e4 80 % THC: 24 % CBD: 56 % CO2 uutettu marihuana\u00f6ljypatruuna.\" \/>\n<meta name=\"robots\" content=\"index, follow, max-snippet:-1, max-image-preview:large, max-video-preview:-1\" \/>\n<link rel=\"canonical\" href=\"https:\/\/medicinasinc.com\/fi\/product\/osta-korkea-cbd-premium-co2-uutettu-oljy\/\" \/>\n<meta property=\"og:locale\" content=\"en_US\" \/>\n<meta property=\"og:type\" content=\"article\" \/>\n<meta property=\"og:title\" content=\"Osta korkea CBD Premium CO2 -uutettu \u00f6ljy - parhaat maailmanlaajuiset l\u00e4\u00e4kkeet\" \/>\n<meta property=\"og:description\" content=\"Osta High CBD Premium CO2 -uutettua \u00f6ljy\u00e4 myyt\u00e4v\u00e4ksi Isossa-Britanniassa, Euroopassa verkossa. Aktiiviset kannabinoidit yhteens\u00e4 80 % THC: 24 % CBD: 56 % CO2 uutettu marihuana\u00f6ljypatruuna.\" \/>\n<meta property=\"og:url\" content=\"https:\/\/medicinasinc.com\/fi\/product\/osta-korkea-cbd-premium-co2-uutettu-oljy\/\" \/>\n<meta property=\"og:site_name\" content=\"Medicinas Inc\" \/>\n<meta property=\"article:modified_time\" content=\"2022-03-22T01:24:18+00:00\" \/>\n<meta property=\"og:image\" content=\"https:\/\/medicinasinc.com\/fi\/wp-content\/uploads\/sites\/12\/2022\/02\/Buy-High-CBD-Premium-CO2-Extracted-Oil.jpg\" \/>\n\t<meta property=\"og:image:width\" content=\"770\" \/>\n\t<meta property=\"og:image:height\" content=\"686\" \/>\n\t<meta property=\"og:image:type\" content=\"image\/jpeg\" \/>\n<meta name=\"twitter:card\" content=\"summary_large_image\" \/>\n<meta name=\"twitter:label1\" content=\"Est. reading time\" \/>\n\t<meta name=\"twitter:data1\" content=\"1 minute\" \/>\n<script type=\"application\/ld+json\" class=\"yoast-schema-graph\">{\"@context\":\"https:\\\/\\\/schema.org\",\"@graph\":[{\"@type\":\"WebPage\",\"@id\":\"https:\\\/\\\/medicinasinc.com\\\/fi\\\/product\\\/osta-korkea-cbd-premium-co2-uutettu-oljy\\\/\",\"url\":\"https:\\\/\\\/medicinasinc.com\\\/fi\\\/product\\\/osta-korkea-cbd-premium-co2-uutettu-oljy\\\/\",\"name\":\"Osta korkea CBD Premium CO2 -uutettu \u00f6ljy - parhaat maailmanlaajuiset l\u00e4\u00e4kkeet\",\"isPartOf\":{\"@id\":\"https:\\\/\\\/medicinasinc.com\\\/fi\\\/#website\"},\"primaryImageOfPage\":{\"@id\":\"https:\\\/\\\/medicinasinc.com\\\/fi\\\/product\\\/osta-korkea-cbd-premium-co2-uutettu-oljy\\\/#primaryimage\"},\"image\":{\"@id\":\"https:\\\/\\\/medicinasinc.com\\\/fi\\\/product\\\/osta-korkea-cbd-premium-co2-uutettu-oljy\\\/#primaryimage\"},\"thumbnailUrl\":\"https:\\\/\\\/medicinasinc.com\\\/fi\\\/wp-content\\\/uploads\\\/sites\\\/12\\\/2022\\\/02\\\/Buy-High-CBD-Premium-CO2-Extracted-Oil.jpg\",\"datePublished\":\"2022-02-20T08:40:25+00:00\",\"dateModified\":\"2022-03-22T01:24:18+00:00\",\"description\":\"Osta High CBD Premium CO2 -uutettua \u00f6ljy\u00e4 myyt\u00e4v\u00e4ksi Isossa-Britanniassa, Euroopassa verkossa. Aktiiviset kannabinoidit yhteens\u00e4 80 % THC: 24 % CBD: 56 % CO2 uutettu marihuana\u00f6ljypatruuna.\",\"breadcrumb\":{\"@id\":\"https:\\\/\\\/medicinasinc.com\\\/fi\\\/product\\\/osta-korkea-cbd-premium-co2-uutettu-oljy\\\/#breadcrumb\"},\"inLanguage\":\"en-US\",\"potentialAction\":[{\"@type\":\"ReadAction\",\"target\":[\"https:\\\/\\\/medicinasinc.com\\\/fi\\\/product\\\/osta-korkea-cbd-premium-co2-uutettu-oljy\\\/\"]}]},{\"@type\":\"ImageObject\",\"inLanguage\":\"en-US\",\"@id\":\"https:\\\/\\\/medicinasinc.com\\\/fi\\\/product\\\/osta-korkea-cbd-premium-co2-uutettu-oljy\\\/#primaryimage\",\"url\":\"https:\\\/\\\/medicinasinc.com\\\/fi\\\/wp-content\\\/uploads\\\/sites\\\/12\\\/2022\\\/02\\\/Buy-High-CBD-Premium-CO2-Extracted-Oil.jpg\",\"contentUrl\":\"https:\\\/\\\/medicinasinc.com\\\/fi\\\/wp-content\\\/uploads\\\/sites\\\/12\\\/2022\\\/02\\\/Buy-High-CBD-Premium-CO2-Extracted-Oil.jpg\",\"width\":770,\"height\":686},{\"@type\":\"BreadcrumbList\",\"@id\":\"https:\\\/\\\/medicinasinc.com\\\/fi\\\/product\\\/osta-korkea-cbd-premium-co2-uutettu-oljy\\\/#breadcrumb\",\"itemListElement\":[{\"@type\":\"ListItem\",\"position\":1,\"name\":\"Myym\u00e4l\u00e4\",\"item\":\"https:\\\/\\\/medicinasinc.com\\\/fi\\\/myymala\\\/\"},{\"@type\":\"ListItem\",\"position\":2,\"name\":\"Osta korkea CBD Premium CO2 -uutettu \u00f6ljy\"}]},{\"@type\":\"WebSite\",\"@id\":\"https:\\\/\\\/medicinasinc.com\\\/fi\\\/#website\",\"url\":\"https:\\\/\\\/medicinasinc.com\\\/fi\\\/\",\"name\":\"Medicinas Inc\",\"description\":\"Health Medical Clinic\",\"potentialAction\":[{\"@type\":\"SearchAction\",\"target\":{\"@type\":\"EntryPoint\",\"urlTemplate\":\"https:\\\/\\\/medicinasinc.com\\\/fi\\\/?s={search_term_string}\"},\"query-input\":{\"@type\":\"PropertyValueSpecification\",\"valueRequired\":true,\"valueName\":\"search_term_string\"}}],\"inLanguage\":\"en-US\"}]}<\/script>\n<!-- \/ Yoast SEO plugin. -->","yoast_head_json":{"title":"Osta korkea CBD Premium CO2 -uutettu \u00f6ljy - parhaat maailmanlaajuiset l\u00e4\u00e4kkeet","description":"Osta High CBD Premium CO2 -uutettua \u00f6ljy\u00e4 myyt\u00e4v\u00e4ksi Isossa-Britanniassa, Euroopassa verkossa. Aktiiviset kannabinoidit yhteens\u00e4 80 % THC: 24 % CBD: 56 % CO2 uutettu marihuana\u00f6ljypatruuna.","robots":{"index":"index","follow":"follow","max-snippet":"max-snippet:-1","max-image-preview":"max-image-preview:large","max-video-preview":"max-video-preview:-1"},"canonical":"https:\/\/medicinasinc.com\/fi\/product\/osta-korkea-cbd-premium-co2-uutettu-oljy\/","og_locale":"en_US","og_type":"article","og_title":"Osta korkea CBD Premium CO2 -uutettu \u00f6ljy - parhaat maailmanlaajuiset l\u00e4\u00e4kkeet","og_description":"Osta High CBD Premium CO2 -uutettua \u00f6ljy\u00e4 myyt\u00e4v\u00e4ksi Isossa-Britanniassa, Euroopassa verkossa. Aktiiviset kannabinoidit yhteens\u00e4 80 % THC: 24 % CBD: 56 % CO2 uutettu marihuana\u00f6ljypatruuna.","og_url":"https:\/\/medicinasinc.com\/fi\/product\/osta-korkea-cbd-premium-co2-uutettu-oljy\/","og_site_name":"Medicinas Inc","article_modified_time":"2022-03-22T01:24:18+00:00","og_image":[{"width":770,"height":686,"url":"https:\/\/medicinasinc.com\/fi\/wp-content\/uploads\/sites\/12\/2022\/02\/Buy-High-CBD-Premium-CO2-Extracted-Oil.jpg","type":"image\/jpeg"}],"twitter_card":"summary_large_image","twitter_misc":{"Est. reading time":"1 minute"},"schema":{"@context":"https:\/\/schema.org","@graph":[{"@type":"WebPage","@id":"https:\/\/medicinasinc.com\/fi\/product\/osta-korkea-cbd-premium-co2-uutettu-oljy\/","url":"https:\/\/medicinasinc.com\/fi\/product\/osta-korkea-cbd-premium-co2-uutettu-oljy\/","name":"Osta korkea CBD Premium CO2 -uutettu \u00f6ljy - parhaat maailmanlaajuiset l\u00e4\u00e4kkeet","isPartOf":{"@id":"https:\/\/medicinasinc.com\/fi\/#website"},"primaryImageOfPage":{"@id":"https:\/\/medicinasinc.com\/fi\/product\/osta-korkea-cbd-premium-co2-uutettu-oljy\/#primaryimage"},"image":{"@id":"https:\/\/medicinasinc.com\/fi\/product\/osta-korkea-cbd-premium-co2-uutettu-oljy\/#primaryimage"},"thumbnailUrl":"https:\/\/medicinasinc.com\/fi\/wp-content\/uploads\/sites\/12\/2022\/02\/Buy-High-CBD-Premium-CO2-Extracted-Oil.jpg","datePublished":"2022-02-20T08:40:25+00:00","dateModified":"2022-03-22T01:24:18+00:00","description":"Osta High CBD Premium CO2 -uutettua \u00f6ljy\u00e4 myyt\u00e4v\u00e4ksi Isossa-Britanniassa, Euroopassa verkossa. Aktiiviset kannabinoidit yhteens\u00e4 80 % THC: 24 % CBD: 56 % CO2 uutettu marihuana\u00f6ljypatruuna.","breadcrumb":{"@id":"https:\/\/medicinasinc.com\/fi\/product\/osta-korkea-cbd-premium-co2-uutettu-oljy\/#breadcrumb"},"inLanguage":"en-US","potentialAction":[{"@type":"ReadAction","target":["https:\/\/medicinasinc.com\/fi\/product\/osta-korkea-cbd-premium-co2-uutettu-oljy\/"]}]},{"@type":"ImageObject","inLanguage":"en-US","@id":"https:\/\/medicinasinc.com\/fi\/product\/osta-korkea-cbd-premium-co2-uutettu-oljy\/#primaryimage","url":"https:\/\/medicinasinc.com\/fi\/wp-content\/uploads\/sites\/12\/2022\/02\/Buy-High-CBD-Premium-CO2-Extracted-Oil.jpg","contentUrl":"https:\/\/medicinasinc.com\/fi\/wp-content\/uploads\/sites\/12\/2022\/02\/Buy-High-CBD-Premium-CO2-Extracted-Oil.jpg","width":770,"height":686},{"@type":"BreadcrumbList","@id":"https:\/\/medicinasinc.com\/fi\/product\/osta-korkea-cbd-premium-co2-uutettu-oljy\/#breadcrumb","itemListElement":[{"@type":"ListItem","position":1,"name":"Myym\u00e4l\u00e4","item":"https:\/\/medicinasinc.com\/fi\/myymala\/"},{"@type":"ListItem","position":2,"name":"Osta korkea CBD Premium CO2 -uutettu \u00f6ljy"}]},{"@type":"WebSite","@id":"https:\/\/medicinasinc.com\/fi\/#website","url":"https:\/\/medicinasinc.com\/fi\/","name":"Medicinas Inc","description":"Health Medical Clinic","potentialAction":[{"@type":"SearchAction","target":{"@type":"EntryPoint","urlTemplate":"https:\/\/medicinasinc.com\/fi\/?s={search_term_string}"},"query-input":{"@type":"PropertyValueSpecification","valueRequired":true,"valueName":"search_term_string"}}],"inLanguage":"en-US"}]}},"_links":{"self":[{"href":"https:\/\/medicinasinc.com\/fi\/wp-json\/wp\/v2\/product\/4375","targetHints":{"allow":["GET"]}}],"collection":[{"href":"https:\/\/medicinasinc.com\/fi\/wp-json\/wp\/v2\/product"}],"about":[{"href":"https:\/\/medicinasinc.com\/fi\/wp-json\/wp\/v2\/types\/product"}],"replies":[{"embeddable":true,"href":"https:\/\/medicinasinc.com\/fi\/wp-json\/wp\/v2\/comments?post=4375"}],"wp:featuredmedia":[{"embeddable":true,"href":"https:\/\/medicinasinc.com\/fi\/wp-json\/wp\/v2\/media\/4411"}],"wp:attachment":[{"href":"https:\/\/medicinasinc.com\/fi\/wp-json\/wp\/v2\/media?parent=4375"}],"wp:term":[{"taxonomy":"product_brand","embeddable":true,"href":"https:\/\/medicinasinc.com\/fi\/wp-json\/wp\/v2\/product_brand?post=4375"},{"taxonomy":"product_cat","embeddable":true,"href":"https:\/\/medicinasinc.com\/fi\/wp-json\/wp\/v2\/product_cat?post=4375"},{"taxonomy":"product_tag","embeddable":true,"href":"https:\/\/medicinasinc.com\/fi\/wp-json\/wp\/v2\/product_tag?post=4375"}],"curies":[{"name":"wp","href":"https:\/\/api.w.org\/{rel}","templated":true}]}}