{"id":4374,"date":"2022-02-20T08:40:15","date_gmt":"2022-02-20T08:40:15","guid":{"rendered":"https:\/\/medicinasinc.com\/fi\/?post_type=product&#038;p=4374"},"modified":"2022-03-22T01:24:30","modified_gmt":"2022-03-22T01:24:30","slug":"osta-harlekiini-co2-oljy-1g-patruuna","status":"publish","type":"product","link":"https:\/\/medicinasinc.com\/fi\/product\/osta-harlekiini-co2-oljy-1g-patruuna\/","title":{"rendered":"Osta Harlequin CO2 Oil 1g patruuna"},"content":{"rendered":"<p>Harlequin CO2 Oil 1g patruunan verkkoosto.<\/p>\n<p>Harlequin CO2 Oil 1g patruunan verkkoosto.<\/p>\n<p>Harlequin CO2 -\u00f6ljypatruunoiden verkkoosto. 13,02 prosenttia THCA | 6,54 prosenttia THC | 49,10 prosenttia CBDA | 5,35 prosenttia CBD:t\u00e4<\/p>\n<p>Harlequin on liev\u00e4sti psykoaktiivinen Sativa-dominoiva kanta, jossa on paahdettuja p\u00e4hkin\u00f6it\u00e4, suklaata ja ennen kaikkea kirsikan tuoksuisia kukkia. Harlequin on korkea CBD-kanta, jolla on mit\u00e4tt\u00f6m\u00e4t psykoaktiiviset ja kipua lievitt\u00e4v\u00e4t ominaisuudet. Harlekiinia k\u00e4ytet\u00e4\u00e4n usein kivun hoitoon, ja se soveltuu p\u00e4iv\u00e4k\u00e4ytt\u00f6\u00f6n korkean CBD-pitoisuuden ja selkeiden vaikutusten vuoksi.<\/p>\n<p>KOLOMBIAN KULLA + NEPALI + THAI + SVEITSIIN LANDRACE LINEAGE<\/p>\n<p>MAA \u2013 MAUSTEINEN \u2013 PUUMAINEN \u2013 MANGOMAKU<\/p>\n<p>KIPU \u2013 STRESSI \u2013 TULEHTEET \u2013 MANNUS \u2013 Pahoinvointi \u2013 L\u00e4\u00e4ketieteellist\u00e4<\/p>\n<p>NOLOTTUNUT \u2013 RENTOTtunut \u2013 pehme\u00e4 \u2013 KESKITTYNYT \u2013 YLEISS\u00c4 HYV\u00c4\/p<\/p>\n","protected":false},"excerpt":{"rendered":"<p>Osta Harlequin Co2 -patruunat myyt\u00e4v\u00e4n\u00e4, harlequin vape patruuna, harlequin cbd vape patruuna, &#8230; Osta THC Vape Pen -\u00f6ljypatruunoita, THC-patruunoita myyt\u00e4v\u00e4n\u00e4 verkossa. Osta Harlequin CO2 Oil 1g patruuna verkosta. Iso-Britannian THC-kasetit myyt\u00e4v\u00e4n\u00e4. Osta co2 Vape -\u00f6ljypatruunoita.<\/p>\n<h2>Osta THC-kannabis\u00f6ljypatruunoita<\/h2>\n<p>tuotteen hinta on: 1 g patruunaa kohti<br \/> <strong>V\u00e4hint\u00e4\u00e4n 5 patruunaa<\/p>\n<p> vahva<\/p>\n","protected":false},"featured_media":4409,"comment_status":"open","ping_status":"closed","template":"","meta":[],"product_brand":[],"product_cat":[440],"product_tag":[],"class_list":{"0":"post-4374","1":"product","2":"type-product","3":"status-publish","4":"has-post-thumbnail","6":"product_cat-osta-kannabis-cbd-ljy","8":"first","9":"instock","10":"shipping-taxable","11":"purchasable","12":"product-type-variable","13":"has-default-attributes"},"yoast_head":"<!-- This site is optimized with the Yoast SEO plugin v27.3 - https:\/\/yoast.com\/product\/yoast-seo-wordpress\/ -->\n<title>Osta Harlequin CO2 Oil 1g patruuna verkosta \u2013 parhaat maailmanlaajuiset l\u00e4\u00e4kkeet<\/title>\n<meta name=\"description\" content=\"Osta Harlequin Co2 patruunat myyt\u00e4v\u00e4n\u00e4, harlequin vape patruuna, harlequin cbd vape patruuna, ... Osta THC Vape Pen Oil patruunat, THC patruunat myyt\u00e4v\u00e4n\u00e4 verkossa. Osta Harlequin CO2 Oil 1g patruuna verkosta. Iso-Britannian THC-kasetit myyt\u00e4v\u00e4n\u00e4. Osta co2 Vape \u00f6ljypatruunat.\" \/>\n<meta name=\"robots\" content=\"index, follow, max-snippet:-1, max-image-preview:large, max-video-preview:-1\" \/>\n<link rel=\"canonical\" href=\"https:\/\/medicinasinc.com\/fi\/product\/osta-harlekiini-co2-oljy-1g-patruuna\/\" \/>\n<meta property=\"og:locale\" content=\"en_US\" \/>\n<meta property=\"og:type\" content=\"article\" \/>\n<meta property=\"og:title\" content=\"Osta Harlequin CO2 Oil 1g patruuna verkosta \u2013 parhaat maailmanlaajuiset l\u00e4\u00e4kkeet\" \/>\n<meta property=\"og:description\" content=\"Osta Harlequin Co2 patruunat myyt\u00e4v\u00e4n\u00e4, harlequin vape patruuna, harlequin cbd vape patruuna, ... Osta THC Vape Pen Oil patruunat, THC patruunat myyt\u00e4v\u00e4n\u00e4 verkossa. Osta Harlequin CO2 Oil 1g patruuna verkosta. Iso-Britannian THC-kasetit myyt\u00e4v\u00e4n\u00e4. Osta co2 Vape \u00f6ljypatruunat.\" \/>\n<meta property=\"og:url\" content=\"https:\/\/medicinasinc.com\/fi\/product\/osta-harlekiini-co2-oljy-1g-patruuna\/\" \/>\n<meta property=\"og:site_name\" content=\"Medicinas Inc\" \/>\n<meta property=\"article:modified_time\" content=\"2022-03-22T01:24:30+00:00\" \/>\n<meta property=\"og:image\" content=\"https:\/\/medicinasinc.com\/fi\/wp-content\/uploads\/sites\/12\/2022\/02\/Buy-Harlequin-CO2-Oil-1g-Cartridge-Online.jpg\" \/>\n\t<meta property=\"og:image:width\" content=\"600\" \/>\n\t<meta property=\"og:image:height\" content=\"600\" \/>\n\t<meta property=\"og:image:type\" content=\"image\/jpeg\" \/>\n<meta name=\"twitter:card\" content=\"summary_large_image\" \/>\n<meta name=\"twitter:label1\" content=\"Est. reading time\" \/>\n\t<meta name=\"twitter:data1\" content=\"1 minute\" \/>\n<script type=\"application\/ld+json\" class=\"yoast-schema-graph\">{\"@context\":\"https:\\\/\\\/schema.org\",\"@graph\":[{\"@type\":\"WebPage\",\"@id\":\"https:\\\/\\\/medicinasinc.com\\\/fi\\\/product\\\/osta-harlekiini-co2-oljy-1g-patruuna\\\/\",\"url\":\"https:\\\/\\\/medicinasinc.com\\\/fi\\\/product\\\/osta-harlekiini-co2-oljy-1g-patruuna\\\/\",\"name\":\"Osta Harlequin CO2 Oil 1g patruuna verkosta \u2013 parhaat maailmanlaajuiset l\u00e4\u00e4kkeet\",\"isPartOf\":{\"@id\":\"https:\\\/\\\/medicinasinc.com\\\/fi\\\/#website\"},\"primaryImageOfPage\":{\"@id\":\"https:\\\/\\\/medicinasinc.com\\\/fi\\\/product\\\/osta-harlekiini-co2-oljy-1g-patruuna\\\/#primaryimage\"},\"image\":{\"@id\":\"https:\\\/\\\/medicinasinc.com\\\/fi\\\/product\\\/osta-harlekiini-co2-oljy-1g-patruuna\\\/#primaryimage\"},\"thumbnailUrl\":\"https:\\\/\\\/medicinasinc.com\\\/fi\\\/wp-content\\\/uploads\\\/sites\\\/12\\\/2022\\\/02\\\/Buy-Harlequin-CO2-Oil-1g-Cartridge-Online.jpg\",\"datePublished\":\"2022-02-20T08:40:15+00:00\",\"dateModified\":\"2022-03-22T01:24:30+00:00\",\"description\":\"Osta Harlequin Co2 patruunat myyt\u00e4v\u00e4n\u00e4, harlequin vape patruuna, harlequin cbd vape patruuna, ... Osta THC Vape Pen Oil patruunat, THC patruunat myyt\u00e4v\u00e4n\u00e4 verkossa. Osta Harlequin CO2 Oil 1g patruuna verkosta. Iso-Britannian THC-kasetit myyt\u00e4v\u00e4n\u00e4. Osta co2 Vape \u00f6ljypatruunat.\",\"breadcrumb\":{\"@id\":\"https:\\\/\\\/medicinasinc.com\\\/fi\\\/product\\\/osta-harlekiini-co2-oljy-1g-patruuna\\\/#breadcrumb\"},\"inLanguage\":\"en-US\",\"potentialAction\":[{\"@type\":\"ReadAction\",\"target\":[\"https:\\\/\\\/medicinasinc.com\\\/fi\\\/product\\\/osta-harlekiini-co2-oljy-1g-patruuna\\\/\"]}]},{\"@type\":\"ImageObject\",\"inLanguage\":\"en-US\",\"@id\":\"https:\\\/\\\/medicinasinc.com\\\/fi\\\/product\\\/osta-harlekiini-co2-oljy-1g-patruuna\\\/#primaryimage\",\"url\":\"https:\\\/\\\/medicinasinc.com\\\/fi\\\/wp-content\\\/uploads\\\/sites\\\/12\\\/2022\\\/02\\\/Buy-Harlequin-CO2-Oil-1g-Cartridge-Online.jpg\",\"contentUrl\":\"https:\\\/\\\/medicinasinc.com\\\/fi\\\/wp-content\\\/uploads\\\/sites\\\/12\\\/2022\\\/02\\\/Buy-Harlequin-CO2-Oil-1g-Cartridge-Online.jpg\",\"width\":600,\"height\":600},{\"@type\":\"BreadcrumbList\",\"@id\":\"https:\\\/\\\/medicinasinc.com\\\/fi\\\/product\\\/osta-harlekiini-co2-oljy-1g-patruuna\\\/#breadcrumb\",\"itemListElement\":[{\"@type\":\"ListItem\",\"position\":1,\"name\":\"Myym\u00e4l\u00e4\",\"item\":\"https:\\\/\\\/medicinasinc.com\\\/fi\\\/myymala\\\/\"},{\"@type\":\"ListItem\",\"position\":2,\"name\":\"Osta Harlequin CO2 Oil 1g patruuna\"}]},{\"@type\":\"WebSite\",\"@id\":\"https:\\\/\\\/medicinasinc.com\\\/fi\\\/#website\",\"url\":\"https:\\\/\\\/medicinasinc.com\\\/fi\\\/\",\"name\":\"Medicinas Inc\",\"description\":\"Health Medical Clinic\",\"potentialAction\":[{\"@type\":\"SearchAction\",\"target\":{\"@type\":\"EntryPoint\",\"urlTemplate\":\"https:\\\/\\\/medicinasinc.com\\\/fi\\\/?s={search_term_string}\"},\"query-input\":{\"@type\":\"PropertyValueSpecification\",\"valueRequired\":true,\"valueName\":\"search_term_string\"}}],\"inLanguage\":\"en-US\"}]}<\/script>\n<!-- \/ Yoast SEO plugin. -->","yoast_head_json":{"title":"Osta Harlequin CO2 Oil 1g patruuna verkosta \u2013 parhaat maailmanlaajuiset l\u00e4\u00e4kkeet","description":"Osta Harlequin Co2 patruunat myyt\u00e4v\u00e4n\u00e4, harlequin vape patruuna, harlequin cbd vape patruuna, ... Osta THC Vape Pen Oil patruunat, THC patruunat myyt\u00e4v\u00e4n\u00e4 verkossa. Osta Harlequin CO2 Oil 1g patruuna verkosta. Iso-Britannian THC-kasetit myyt\u00e4v\u00e4n\u00e4. Osta co2 Vape \u00f6ljypatruunat.","robots":{"index":"index","follow":"follow","max-snippet":"max-snippet:-1","max-image-preview":"max-image-preview:large","max-video-preview":"max-video-preview:-1"},"canonical":"https:\/\/medicinasinc.com\/fi\/product\/osta-harlekiini-co2-oljy-1g-patruuna\/","og_locale":"en_US","og_type":"article","og_title":"Osta Harlequin CO2 Oil 1g patruuna verkosta \u2013 parhaat maailmanlaajuiset l\u00e4\u00e4kkeet","og_description":"Osta Harlequin Co2 patruunat myyt\u00e4v\u00e4n\u00e4, harlequin vape patruuna, harlequin cbd vape patruuna, ... Osta THC Vape Pen Oil patruunat, THC patruunat myyt\u00e4v\u00e4n\u00e4 verkossa. Osta Harlequin CO2 Oil 1g patruuna verkosta. Iso-Britannian THC-kasetit myyt\u00e4v\u00e4n\u00e4. Osta co2 Vape \u00f6ljypatruunat.","og_url":"https:\/\/medicinasinc.com\/fi\/product\/osta-harlekiini-co2-oljy-1g-patruuna\/","og_site_name":"Medicinas Inc","article_modified_time":"2022-03-22T01:24:30+00:00","og_image":[{"width":600,"height":600,"url":"https:\/\/medicinasinc.com\/fi\/wp-content\/uploads\/sites\/12\/2022\/02\/Buy-Harlequin-CO2-Oil-1g-Cartridge-Online.jpg","type":"image\/jpeg"}],"twitter_card":"summary_large_image","twitter_misc":{"Est. reading time":"1 minute"},"schema":{"@context":"https:\/\/schema.org","@graph":[{"@type":"WebPage","@id":"https:\/\/medicinasinc.com\/fi\/product\/osta-harlekiini-co2-oljy-1g-patruuna\/","url":"https:\/\/medicinasinc.com\/fi\/product\/osta-harlekiini-co2-oljy-1g-patruuna\/","name":"Osta Harlequin CO2 Oil 1g patruuna verkosta \u2013 parhaat maailmanlaajuiset l\u00e4\u00e4kkeet","isPartOf":{"@id":"https:\/\/medicinasinc.com\/fi\/#website"},"primaryImageOfPage":{"@id":"https:\/\/medicinasinc.com\/fi\/product\/osta-harlekiini-co2-oljy-1g-patruuna\/#primaryimage"},"image":{"@id":"https:\/\/medicinasinc.com\/fi\/product\/osta-harlekiini-co2-oljy-1g-patruuna\/#primaryimage"},"thumbnailUrl":"https:\/\/medicinasinc.com\/fi\/wp-content\/uploads\/sites\/12\/2022\/02\/Buy-Harlequin-CO2-Oil-1g-Cartridge-Online.jpg","datePublished":"2022-02-20T08:40:15+00:00","dateModified":"2022-03-22T01:24:30+00:00","description":"Osta Harlequin Co2 patruunat myyt\u00e4v\u00e4n\u00e4, harlequin vape patruuna, harlequin cbd vape patruuna, ... Osta THC Vape Pen Oil patruunat, THC patruunat myyt\u00e4v\u00e4n\u00e4 verkossa. Osta Harlequin CO2 Oil 1g patruuna verkosta. Iso-Britannian THC-kasetit myyt\u00e4v\u00e4n\u00e4. Osta co2 Vape \u00f6ljypatruunat.","breadcrumb":{"@id":"https:\/\/medicinasinc.com\/fi\/product\/osta-harlekiini-co2-oljy-1g-patruuna\/#breadcrumb"},"inLanguage":"en-US","potentialAction":[{"@type":"ReadAction","target":["https:\/\/medicinasinc.com\/fi\/product\/osta-harlekiini-co2-oljy-1g-patruuna\/"]}]},{"@type":"ImageObject","inLanguage":"en-US","@id":"https:\/\/medicinasinc.com\/fi\/product\/osta-harlekiini-co2-oljy-1g-patruuna\/#primaryimage","url":"https:\/\/medicinasinc.com\/fi\/wp-content\/uploads\/sites\/12\/2022\/02\/Buy-Harlequin-CO2-Oil-1g-Cartridge-Online.jpg","contentUrl":"https:\/\/medicinasinc.com\/fi\/wp-content\/uploads\/sites\/12\/2022\/02\/Buy-Harlequin-CO2-Oil-1g-Cartridge-Online.jpg","width":600,"height":600},{"@type":"BreadcrumbList","@id":"https:\/\/medicinasinc.com\/fi\/product\/osta-harlekiini-co2-oljy-1g-patruuna\/#breadcrumb","itemListElement":[{"@type":"ListItem","position":1,"name":"Myym\u00e4l\u00e4","item":"https:\/\/medicinasinc.com\/fi\/myymala\/"},{"@type":"ListItem","position":2,"name":"Osta Harlequin CO2 Oil 1g patruuna"}]},{"@type":"WebSite","@id":"https:\/\/medicinasinc.com\/fi\/#website","url":"https:\/\/medicinasinc.com\/fi\/","name":"Medicinas Inc","description":"Health Medical Clinic","potentialAction":[{"@type":"SearchAction","target":{"@type":"EntryPoint","urlTemplate":"https:\/\/medicinasinc.com\/fi\/?s={search_term_string}"},"query-input":{"@type":"PropertyValueSpecification","valueRequired":true,"valueName":"search_term_string"}}],"inLanguage":"en-US"}]}},"_links":{"self":[{"href":"https:\/\/medicinasinc.com\/fi\/wp-json\/wp\/v2\/product\/4374","targetHints":{"allow":["GET"]}}],"collection":[{"href":"https:\/\/medicinasinc.com\/fi\/wp-json\/wp\/v2\/product"}],"about":[{"href":"https:\/\/medicinasinc.com\/fi\/wp-json\/wp\/v2\/types\/product"}],"replies":[{"embeddable":true,"href":"https:\/\/medicinasinc.com\/fi\/wp-json\/wp\/v2\/comments?post=4374"}],"wp:featuredmedia":[{"embeddable":true,"href":"https:\/\/medicinasinc.com\/fi\/wp-json\/wp\/v2\/media\/4409"}],"wp:attachment":[{"href":"https:\/\/medicinasinc.com\/fi\/wp-json\/wp\/v2\/media?parent=4374"}],"wp:term":[{"taxonomy":"product_brand","embeddable":true,"href":"https:\/\/medicinasinc.com\/fi\/wp-json\/wp\/v2\/product_brand?post=4374"},{"taxonomy":"product_cat","embeddable":true,"href":"https:\/\/medicinasinc.com\/fi\/wp-json\/wp\/v2\/product_cat?post=4374"},{"taxonomy":"product_tag","embeddable":true,"href":"https:\/\/medicinasinc.com\/fi\/wp-json\/wp\/v2\/product_tag?post=4374"}],"curies":[{"name":"wp","href":"https:\/\/api.w.org\/{rel}","templated":true}]}}