{"id":4367,"date":"2022-02-20T08:35:49","date_gmt":"2022-02-20T08:35:49","guid":{"rendered":"https:\/\/medicinasinc.com\/fi\/?post_type=product&#038;p=4367"},"modified":"2022-03-22T01:24:38","modified_gmt":"2022-03-22T01:24:38","slug":"osta-cannatonic-co2-oil-patruuna","status":"publish","type":"product","link":"https:\/\/medicinasinc.com\/fi\/product\/osta-cannatonic-co2-oil-patruuna\/","title":{"rendered":"Osta Cannatonic CO2 -\u00f6ljypatruuna"},"content":{"rendered":"<p>Osta Rick Simpson Cannabis Oil 1g -patruunoita verkosta Yhdysvalloista.<\/p>\n<p>Osta Rick Simpson Cannabis Oil 1g -patruunoita verkosta Amerikan yhdysvalloista.<\/p>\n<p>Liottamisen j\u00e4lkeen hienoin kannabis puhtaassa teollisuusbensiiniss\u00e4 tai isopropyylialkoholissa, terapeuttiset yhdisteet uutetaan kasvista, jolloin j\u00e4ljelle j\u00e4\u00e4 tervamaista nestett\u00e4, kun liuotin haihtuu kokonaan. Hankimme korkealaatuista Rick Simpson -kannabis\u00f6ljy\u00e4. T\u00e4m\u00e4 voidaan ottaa suun kautta tai levitt\u00e4\u00e4 suoraan iholle.<\/p>\n<p>Washington, DC, Rick Simpson -\u00f6ljy<\/p>\n<p>Rick Simpson -\u00f6ljy on kannabiksesta johdettu h\u00f6yrystetty liuos. Se oli monelle tie ulos sy\u00f6v\u00e4st\u00e4. Lis\u00e4ksi \u00f6ljy\u00e4 kutsutaan Rick Simpson -hamppu\u00f6ljyksi ja Rick Simpson -kannabis\u00f6ljyksi.<\/p>\n<p>Jos olet tutkinut marihuanaa l\u00e4\u00e4ketieteellisiin tarkoituksiin, olet ehk\u00e4 t\u00f6rm\u00e4nnyt Rick Simpson Oilin k\u00e4ytt\u00f6\u00f6n. RSO on ainutlaatuinen kannabisuute, joka ansaitsi nimens\u00e4 miehelt\u00e4 nimelt\u00e4 Rick Simpson.<\/p>\n<p>Se on eritt\u00e4in tehokas kannabisuute, jossa on korkeita pitoisuuksia THC:t\u00e4, psykoaktiivista ainetta. kannabiksen komponentti. \u00d6ljy valmistetaan konsentroimalla kuivattujen indikaattorikukkien THC-pitoisuus liukenevaa ainetta k\u00e4ytt\u00e4en. Indica on parempi kuin muut kannat sen rauhoittavien vaikutusten vuoksi. Kasvimateriaalin suuren pitoisuuden ja kuljettaja\u00f6ljyjen puuttumisen vuoksi tuloksena oleva \u00f6ljy on v\u00e4rilt\u00e4\u00e4n tumman maanl\u00e4heist\u00e4 ja paksua, toisin kuin monet tiivisteet, joita olemme tottuneet n\u00e4kem\u00e4\u00e4n.<\/p>\n<p>\u00d6ljy l\u00f6ydettiin v. 2003. Rick Simpsonilla diagnosoitiin er\u00e4\u00e4nlainen ihosy\u00f6p\u00e4 ja h\u00e4n k\u00e4\u00e4ntyi kannabiksen hoitoon. H\u00e4n tiedusteli \u00e4skett\u00e4in, voisiko kannabis auttaa h\u00e4nen erilaisissa vaivoissaan, mutta h\u00e4n kohtasi tyytym\u00e4tt\u00f6myyden. H\u00e4n etsi kasvia itse ja uskoi sen rauhoittavan h\u00e4nen viitteit\u00e4\u00e4n. Kun h\u00e4n tajusi, ett\u00e4 h\u00e4nell\u00e4 on sy\u00f6p\u00e4, h\u00e4n tarkasteli tutkimusta, jonka mukaan kannabis voisi pienent\u00e4\u00e4 hiirten kasvaimia, ja p\u00e4\u00e4tti yritt\u00e4\u00e4 tehokkaan kannabisj\u00e4rjestelyn.<\/p>\n<p>H\u00e4n levitti kannabistiivistett\u00e4 sideharsolle nelj\u00e4n p\u00e4iv\u00e4n ajan ja peitti kasvaimiaan. Kun h\u00e4n poisti karhot, kasvaimet katosivat. T\u00e4m\u00e4 paljastus johti Rick Simpson Oilin perustamiseen. H\u00e4n alkoi jakaa n\u00e4kemyksens\u00e4 joka tapauksessa ker\u00e4\u00e4m\u00e4ll\u00e4 kannabista ja tuottamalla \u00f6ljy\u00e4 muille, jotka joutuivat riist\u00e4m\u00e4\u00e4n ennen kuin he kohtasivat oikeudellisia vaikeuksia. T\u00e4ll\u00e4 hetkell\u00e4 Rick Simpson rohkaisee muita valmistamaan oman \u00f6ljyns\u00e4 ja antaa ohjeita.<\/p>\n<p>Jos etsit maailman parasta \u00f6ljy\u00e4, rick Simpson -\u00f6ljy Washington on paras vaihtoehto. Tarjoamme Washingtonille puhdasta Rick Simpson -\u00f6ljy\u00e4. Tee tilauksesi nyt ja se toimitetaan kotiovellesi muutaman p\u00e4iv\u00e4n sis\u00e4ll\u00e4.<\/p>\n<p>L\u00e4\u00e4ke, joka on sek\u00e4 turvallinen ett\u00e4 tehokas<br \/> Rick Simpson -kannabis\u00f6ljy on omaa luokkaansa, koska se ei ole &#8211; myrkyllinen luonne. Jos etsit turvallista tapaa hoitaa sy\u00f6p\u00e4\u00e4 tai monia muita vaivoja, Rick Simpsonin hamppu\u00f6ljy voi olla vastaus. Et tarvitse edes l\u00e4\u00e4k\u00e4rin valvontaa k\u00e4ytt\u00e4\u00e4ksesi t\u00e4t\u00e4 \u00f6ljy\u00e4.<\/p>\n","protected":false},"excerpt":{"rendered":"<p>Osta Cannatonic CO2 -\u00f6ljypatruunat turvallisesti ja edullisesti verkosta. L\u00f6yd\u00e4 monipuolinen valikoima korkealaatuisia marihuanatuotteita myynniss\u00e4 Yhdysvalloissa, Euroopassa ja Isossa-Britanniassa!<\/p>\n<p>Osta Rick Simpson Cannabis Oil 1g -patruunoita verkosta Amerikan yhdysvalloista.<\/p>\n<p> p&gt; <\/p>\n<p>Rick Simpson Cannabis Oil on saatavilla useissa eri muodoissa. Erilaiset CBD &amp; THC-pitoisuudet sy\u00f6p\u00e4\u00e4 ja sy\u00f6p\u00e4\u00e4 varten; lis\u00e4\u00e4.<\/p>\n<p>Osta Rick Simpson 1g Cannabis Oil -patruunat<\/p>\n<p>Tuotteen hinta on seuraava: per 1g patruuna<br \/> V\u00e4himm\u00e4istilausm\u00e4\u00e4r\u00e4 on 5 patruunaa. <\/p>\n","protected":false},"featured_media":4402,"comment_status":"open","ping_status":"closed","template":"","meta":[],"product_brand":[],"product_cat":[440],"product_tag":[454,455,456,457,458,460,461,462,463,464,465,466,471,474,476,478,479,480,453,452,459,467,468,469,472,475,473,470,451,477],"class_list":{"0":"post-4367","1":"product","2":"type-product","3":"status-publish","4":"has-post-thumbnail","6":"product_cat-osta-kannabis-cbd-ljy","7":"product_tag-buy-marijuana-edibles-online","8":"product_tag-buy-marijuana-online","9":"product_tag-buy-marijuana-online-bitcoin","10":"product_tag-buy-marijuana-online-europe","11":"product_tag-buy-marijuana-online-in-usa","12":"product_tag-buy-marijuana-wax-online-usa","13":"product_tag-buy-medical-marijuana-online","14":"product_tag-buy-moonrock-online-bitcoin","15":"product_tag-buy-moonrock-online-uk","16":"product_tag-buy-moonrocks-online","17":"product_tag-buy-weed-in-australia","18":"product_tag-buy-weed-in-france","19":"product_tag-buy-weed-online-bitcoin","20":"product_tag-buy-weed-online-legally","21":"product_tag-buying-marijuana-online","22":"product_tag-kush-myynniss","23":"product_tag-marijuana-for-sale","24":"product_tag-mist-ostaa-marihuanaa-verkosta","25":"product_tag-osta-cannatonic-co2-oil-patruuna-verkossa","26":"product_tag-osta-cannatonic-co2-oil-patruuna","27":"product_tag-osta-marihuana-verkosta-usa","28":"product_tag-osta-weed-in-irlanti","29":"product_tag-buy-weed-in-sveitsi","30":"product_tag-osta-weed-usa","31":"product_tag-osta-weed-verkosta-hillittmsti","32":"product_tag-osta-weed-online-uk","33":"product_tag-osta-weed-online-europe","34":"product_tag-osta-weed-online-c3-a4","35":"product_tag-osta-kannabis-bitcoinilla","36":"product_tag-ostaa-weed-verkosta","38":"first","39":"instock","40":"shipping-taxable","41":"purchasable","42":"product-type-variable","43":"has-default-attributes"},"yoast_head":"<!-- This site is optimized with the Yoast SEO plugin v27.3 - https:\/\/yoast.com\/product\/yoast-seo-wordpress\/ -->\n<title>Osta Cannatonic CO2 Oil 1g patruuna verkosta (kopio) - Best Global Meds<\/title>\n<meta name=\"description\" content=\"Osta Cannatonic CO2 -\u00f6ljypatruuna myyt\u00e4v\u00e4ksi verkossa turvallisesti edulliseen hintaan. L\u00f6yd\u00e4 laaja valikoima laadukkaita rikkakasvituotteita myyt\u00e4v\u00e4n\u00e4 USA:ssa, EU:ssa, Isossa-Britanniassa!\" \/>\n<meta name=\"robots\" content=\"index, follow, max-snippet:-1, max-image-preview:large, max-video-preview:-1\" \/>\n<link rel=\"canonical\" href=\"https:\/\/medicinasinc.com\/fi\/product\/osta-cannatonic-co2-oil-patruuna\/\" \/>\n<meta property=\"og:locale\" content=\"en_US\" \/>\n<meta property=\"og:type\" content=\"article\" \/>\n<meta property=\"og:title\" content=\"Osta Cannatonic CO2 Oil 1g patruuna verkosta (kopio) - Best Global Meds\" \/>\n<meta property=\"og:description\" content=\"Osta Cannatonic CO2 -\u00f6ljypatruuna myyt\u00e4v\u00e4ksi verkossa turvallisesti edulliseen hintaan. L\u00f6yd\u00e4 laaja valikoima laadukkaita rikkakasvituotteita myyt\u00e4v\u00e4n\u00e4 USA:ssa, EU:ssa, Isossa-Britanniassa!\" \/>\n<meta property=\"og:url\" content=\"https:\/\/medicinasinc.com\/fi\/product\/osta-cannatonic-co2-oil-patruuna\/\" \/>\n<meta property=\"og:site_name\" content=\"Medicinas Inc\" \/>\n<meta property=\"article:modified_time\" content=\"2022-03-22T01:24:38+00:00\" \/>\n<meta property=\"og:image\" content=\"https:\/\/medicinasinc.com\/fi\/wp-content\/uploads\/sites\/12\/2022\/02\/Buy-Cannatonic-CO2-Oil-Cartridge.png\" \/>\n\t<meta property=\"og:image:width\" content=\"542\" \/>\n\t<meta property=\"og:image:height\" content=\"420\" \/>\n\t<meta property=\"og:image:type\" content=\"image\/png\" \/>\n<meta name=\"twitter:card\" content=\"summary_large_image\" \/>\n<meta name=\"twitter:label1\" content=\"Est. reading time\" \/>\n\t<meta name=\"twitter:data1\" content=\"3 minutes\" \/>\n<script type=\"application\/ld+json\" class=\"yoast-schema-graph\">{\"@context\":\"https:\\\/\\\/schema.org\",\"@graph\":[{\"@type\":\"WebPage\",\"@id\":\"https:\\\/\\\/medicinasinc.com\\\/fi\\\/product\\\/osta-cannatonic-co2-oil-patruuna\\\/\",\"url\":\"https:\\\/\\\/medicinasinc.com\\\/fi\\\/product\\\/osta-cannatonic-co2-oil-patruuna\\\/\",\"name\":\"Osta Cannatonic CO2 Oil 1g patruuna verkosta (kopio) - Best Global Meds\",\"isPartOf\":{\"@id\":\"https:\\\/\\\/medicinasinc.com\\\/fi\\\/#website\"},\"primaryImageOfPage\":{\"@id\":\"https:\\\/\\\/medicinasinc.com\\\/fi\\\/product\\\/osta-cannatonic-co2-oil-patruuna\\\/#primaryimage\"},\"image\":{\"@id\":\"https:\\\/\\\/medicinasinc.com\\\/fi\\\/product\\\/osta-cannatonic-co2-oil-patruuna\\\/#primaryimage\"},\"thumbnailUrl\":\"https:\\\/\\\/medicinasinc.com\\\/fi\\\/wp-content\\\/uploads\\\/sites\\\/12\\\/2022\\\/02\\\/Buy-Cannatonic-CO2-Oil-Cartridge.png\",\"datePublished\":\"2022-02-20T08:35:49+00:00\",\"dateModified\":\"2022-03-22T01:24:38+00:00\",\"description\":\"Osta Cannatonic CO2 -\u00f6ljypatruuna myyt\u00e4v\u00e4ksi verkossa turvallisesti edulliseen hintaan. L\u00f6yd\u00e4 laaja valikoima laadukkaita rikkakasvituotteita myyt\u00e4v\u00e4n\u00e4 USA:ssa, EU:ssa, Isossa-Britanniassa!\",\"breadcrumb\":{\"@id\":\"https:\\\/\\\/medicinasinc.com\\\/fi\\\/product\\\/osta-cannatonic-co2-oil-patruuna\\\/#breadcrumb\"},\"inLanguage\":\"en-US\",\"potentialAction\":[{\"@type\":\"ReadAction\",\"target\":[\"https:\\\/\\\/medicinasinc.com\\\/fi\\\/product\\\/osta-cannatonic-co2-oil-patruuna\\\/\"]}]},{\"@type\":\"ImageObject\",\"inLanguage\":\"en-US\",\"@id\":\"https:\\\/\\\/medicinasinc.com\\\/fi\\\/product\\\/osta-cannatonic-co2-oil-patruuna\\\/#primaryimage\",\"url\":\"https:\\\/\\\/medicinasinc.com\\\/fi\\\/wp-content\\\/uploads\\\/sites\\\/12\\\/2022\\\/02\\\/Buy-Cannatonic-CO2-Oil-Cartridge.png\",\"contentUrl\":\"https:\\\/\\\/medicinasinc.com\\\/fi\\\/wp-content\\\/uploads\\\/sites\\\/12\\\/2022\\\/02\\\/Buy-Cannatonic-CO2-Oil-Cartridge.png\",\"width\":542,\"height\":420},{\"@type\":\"BreadcrumbList\",\"@id\":\"https:\\\/\\\/medicinasinc.com\\\/fi\\\/product\\\/osta-cannatonic-co2-oil-patruuna\\\/#breadcrumb\",\"itemListElement\":[{\"@type\":\"ListItem\",\"position\":1,\"name\":\"Myym\u00e4l\u00e4\",\"item\":\"https:\\\/\\\/medicinasinc.com\\\/fi\\\/myymala\\\/\"},{\"@type\":\"ListItem\",\"position\":2,\"name\":\"Osta Cannatonic CO2 -\u00f6ljypatruuna\"}]},{\"@type\":\"WebSite\",\"@id\":\"https:\\\/\\\/medicinasinc.com\\\/fi\\\/#website\",\"url\":\"https:\\\/\\\/medicinasinc.com\\\/fi\\\/\",\"name\":\"Medicinas Inc\",\"description\":\"Health Medical Clinic\",\"potentialAction\":[{\"@type\":\"SearchAction\",\"target\":{\"@type\":\"EntryPoint\",\"urlTemplate\":\"https:\\\/\\\/medicinasinc.com\\\/fi\\\/?s={search_term_string}\"},\"query-input\":{\"@type\":\"PropertyValueSpecification\",\"valueRequired\":true,\"valueName\":\"search_term_string\"}}],\"inLanguage\":\"en-US\"}]}<\/script>\n<!-- \/ Yoast SEO plugin. -->","yoast_head_json":{"title":"Osta Cannatonic CO2 Oil 1g patruuna verkosta (kopio) - Best Global Meds","description":"Osta Cannatonic CO2 -\u00f6ljypatruuna myyt\u00e4v\u00e4ksi verkossa turvallisesti edulliseen hintaan. L\u00f6yd\u00e4 laaja valikoima laadukkaita rikkakasvituotteita myyt\u00e4v\u00e4n\u00e4 USA:ssa, EU:ssa, Isossa-Britanniassa!","robots":{"index":"index","follow":"follow","max-snippet":"max-snippet:-1","max-image-preview":"max-image-preview:large","max-video-preview":"max-video-preview:-1"},"canonical":"https:\/\/medicinasinc.com\/fi\/product\/osta-cannatonic-co2-oil-patruuna\/","og_locale":"en_US","og_type":"article","og_title":"Osta Cannatonic CO2 Oil 1g patruuna verkosta (kopio) - Best Global Meds","og_description":"Osta Cannatonic CO2 -\u00f6ljypatruuna myyt\u00e4v\u00e4ksi verkossa turvallisesti edulliseen hintaan. L\u00f6yd\u00e4 laaja valikoima laadukkaita rikkakasvituotteita myyt\u00e4v\u00e4n\u00e4 USA:ssa, EU:ssa, Isossa-Britanniassa!","og_url":"https:\/\/medicinasinc.com\/fi\/product\/osta-cannatonic-co2-oil-patruuna\/","og_site_name":"Medicinas Inc","article_modified_time":"2022-03-22T01:24:38+00:00","og_image":[{"width":542,"height":420,"url":"https:\/\/medicinasinc.com\/fi\/wp-content\/uploads\/sites\/12\/2022\/02\/Buy-Cannatonic-CO2-Oil-Cartridge.png","type":"image\/png"}],"twitter_card":"summary_large_image","twitter_misc":{"Est. reading time":"3 minutes"},"schema":{"@context":"https:\/\/schema.org","@graph":[{"@type":"WebPage","@id":"https:\/\/medicinasinc.com\/fi\/product\/osta-cannatonic-co2-oil-patruuna\/","url":"https:\/\/medicinasinc.com\/fi\/product\/osta-cannatonic-co2-oil-patruuna\/","name":"Osta Cannatonic CO2 Oil 1g patruuna verkosta (kopio) - Best Global Meds","isPartOf":{"@id":"https:\/\/medicinasinc.com\/fi\/#website"},"primaryImageOfPage":{"@id":"https:\/\/medicinasinc.com\/fi\/product\/osta-cannatonic-co2-oil-patruuna\/#primaryimage"},"image":{"@id":"https:\/\/medicinasinc.com\/fi\/product\/osta-cannatonic-co2-oil-patruuna\/#primaryimage"},"thumbnailUrl":"https:\/\/medicinasinc.com\/fi\/wp-content\/uploads\/sites\/12\/2022\/02\/Buy-Cannatonic-CO2-Oil-Cartridge.png","datePublished":"2022-02-20T08:35:49+00:00","dateModified":"2022-03-22T01:24:38+00:00","description":"Osta Cannatonic CO2 -\u00f6ljypatruuna myyt\u00e4v\u00e4ksi verkossa turvallisesti edulliseen hintaan. L\u00f6yd\u00e4 laaja valikoima laadukkaita rikkakasvituotteita myyt\u00e4v\u00e4n\u00e4 USA:ssa, EU:ssa, Isossa-Britanniassa!","breadcrumb":{"@id":"https:\/\/medicinasinc.com\/fi\/product\/osta-cannatonic-co2-oil-patruuna\/#breadcrumb"},"inLanguage":"en-US","potentialAction":[{"@type":"ReadAction","target":["https:\/\/medicinasinc.com\/fi\/product\/osta-cannatonic-co2-oil-patruuna\/"]}]},{"@type":"ImageObject","inLanguage":"en-US","@id":"https:\/\/medicinasinc.com\/fi\/product\/osta-cannatonic-co2-oil-patruuna\/#primaryimage","url":"https:\/\/medicinasinc.com\/fi\/wp-content\/uploads\/sites\/12\/2022\/02\/Buy-Cannatonic-CO2-Oil-Cartridge.png","contentUrl":"https:\/\/medicinasinc.com\/fi\/wp-content\/uploads\/sites\/12\/2022\/02\/Buy-Cannatonic-CO2-Oil-Cartridge.png","width":542,"height":420},{"@type":"BreadcrumbList","@id":"https:\/\/medicinasinc.com\/fi\/product\/osta-cannatonic-co2-oil-patruuna\/#breadcrumb","itemListElement":[{"@type":"ListItem","position":1,"name":"Myym\u00e4l\u00e4","item":"https:\/\/medicinasinc.com\/fi\/myymala\/"},{"@type":"ListItem","position":2,"name":"Osta Cannatonic CO2 -\u00f6ljypatruuna"}]},{"@type":"WebSite","@id":"https:\/\/medicinasinc.com\/fi\/#website","url":"https:\/\/medicinasinc.com\/fi\/","name":"Medicinas Inc","description":"Health Medical Clinic","potentialAction":[{"@type":"SearchAction","target":{"@type":"EntryPoint","urlTemplate":"https:\/\/medicinasinc.com\/fi\/?s={search_term_string}"},"query-input":{"@type":"PropertyValueSpecification","valueRequired":true,"valueName":"search_term_string"}}],"inLanguage":"en-US"}]}},"_links":{"self":[{"href":"https:\/\/medicinasinc.com\/fi\/wp-json\/wp\/v2\/product\/4367","targetHints":{"allow":["GET"]}}],"collection":[{"href":"https:\/\/medicinasinc.com\/fi\/wp-json\/wp\/v2\/product"}],"about":[{"href":"https:\/\/medicinasinc.com\/fi\/wp-json\/wp\/v2\/types\/product"}],"replies":[{"embeddable":true,"href":"https:\/\/medicinasinc.com\/fi\/wp-json\/wp\/v2\/comments?post=4367"}],"wp:featuredmedia":[{"embeddable":true,"href":"https:\/\/medicinasinc.com\/fi\/wp-json\/wp\/v2\/media\/4402"}],"wp:attachment":[{"href":"https:\/\/medicinasinc.com\/fi\/wp-json\/wp\/v2\/media?parent=4367"}],"wp:term":[{"taxonomy":"product_brand","embeddable":true,"href":"https:\/\/medicinasinc.com\/fi\/wp-json\/wp\/v2\/product_brand?post=4367"},{"taxonomy":"product_cat","embeddable":true,"href":"https:\/\/medicinasinc.com\/fi\/wp-json\/wp\/v2\/product_cat?post=4367"},{"taxonomy":"product_tag","embeddable":true,"href":"https:\/\/medicinasinc.com\/fi\/wp-json\/wp\/v2\/product_tag?post=4367"}],"curies":[{"name":"wp","href":"https:\/\/api.w.org\/{rel}","templated":true}]}}