{"id":4353,"date":"2022-02-20T08:29:33","date_gmt":"2022-02-20T08:29:33","guid":{"rendered":"https:\/\/medicinasinc.com\/fi\/?post_type=product&#038;p=4353"},"modified":"2022-03-22T01:24:55","modified_gmt":"2022-03-22T01:24:55","slug":"osta-500mg-cbd-blackberry-keey-flava-blast","status":"publish","type":"product","link":"https:\/\/medicinasinc.com\/fi\/product\/osta-500mg-cbd-blackberry-keey-flava-blast\/","title":{"rendered":"Osta 500mg CBD Blackberry Keey FLAVA BLAST"},"content":{"rendered":"<div class=\"woocommerce-tabs wc-tabs-wrapper\">\n<div id=\"tab-description\" class=\"woocommerce-Tabs-panel woocommerce-Tabs-panel--description panel entry-content wc-tab\" role=\"tabpanel\" aria-labelledby=\"tab-title-description\">\n<p>FLAVA BLAST 500mg CBD Blackberry Keey<\/p>\n<p>Keey CBD on ratkaisu terveyden ja hyvinvoinnin parantamiseen. CBD on hy\u00f6dyllinen auttamaan p\u00e4ivitt\u00e4isiss\u00e4 stressiss\u00e4, yll\u00e4pit\u00e4m\u00e4\u00e4n rauhallista ja kotoutunutta mielentilaa, v\u00e4hent\u00e4m\u00e4\u00e4n tulehdusta, pahoinvointia ja huimausta sek\u00e4 auttamaan toipumisessa fyysisest\u00e4 arkuudesta tai kivusta. Nyt 500 mg:n CBD FLAVA BLAST -tuotteella voit sis\u00e4llytt\u00e4\u00e4 herkullisen CBD-tinktuuran p\u00e4ivitt\u00e4iseen rutiinisi.<\/p>\n<p>Keey yhdist\u00e4\u00e4 orgaaniset terpeeniuuteet, luonnolliset aromit ja CBD-uutteet MCT-\u00f6ljyyn (COCONUT OIL) imeytymisen nopeuttamiseksi. ruoansulatuskanavasi ravintoon ja ruokkii p\u00e4iv\u00e4\u00e4si.<\/p>\n<p>Keey CBD 500 mg FLAVA BLAST tarjoaa erilaisia \u200b\u200bmakupaloja! 30 ml:n tiputuspullo tinktuuraa varten.<\/p>\n<\/p><\/div><\/div>\n<div class=\"liittyv\u00e4t tuotteet\"><\/div>\n","protected":false},"excerpt":{"rendered":"<p>Osta 500 mg CBD Blackberry Keey FLAVA BLAST verkosta Sigma Vape Shopista nopealla maailmanlaajuisella toimituksella. L\u00f6yd\u00e4t 500mg CBD Blackberry Keey FLAVA BLAST myyt\u00e4v\u00e4n\u00e4<\/p>\n<ul>\n<li>Maailmanlaajuinen toimitus<\/li>\n<li>V\u00e4himm\u00e4istilausm\u00e4\u00e4r\u00e4 on 5<\/li>\n<li><strong>Ota yhteytt\u00e4<\/strong> &gt;\u00a0suuremmille tilauksille<\/li>\n<\/ul>\n","protected":false},"featured_media":4389,"comment_status":"open","ping_status":"closed","template":"","meta":[],"product_brand":[],"product_cat":[440],"product_tag":[],"class_list":{"0":"post-4353","1":"product","2":"type-product","3":"status-publish","4":"has-post-thumbnail","6":"product_cat-osta-kannabis-cbd-ljy","8":"first","9":"instock","10":"shipping-taxable","11":"purchasable","12":"product-type-variable","13":"has-default-attributes"},"yoast_head":"<!-- This site is optimized with the Yoast SEO plugin v27.3 - https:\/\/yoast.com\/product\/yoast-seo-wordpress\/ -->\n<title>Osta 500mg CBD Blackberry Keey FLAVA BLAST - Best Global Meds<\/title>\n<meta name=\"description\" content=\"Osta 500mg CBD Blackberry Keey FLAVA BLAST verkosta Sigma Vape Shopista nopealla maailmanlaajuisella toimituksella. L\u00f6yd\u00e4t 500mg CBD Blackberry Keey FLAVA BLAST myyt\u00e4v\u00e4n\u00e4\" \/>\n<meta name=\"robots\" content=\"index, follow, max-snippet:-1, max-image-preview:large, max-video-preview:-1\" \/>\n<link rel=\"canonical\" href=\"https:\/\/medicinasinc.com\/fi\/product\/osta-500mg-cbd-blackberry-keey-flava-blast\/\" \/>\n<meta property=\"og:locale\" content=\"en_US\" \/>\n<meta property=\"og:type\" content=\"article\" \/>\n<meta property=\"og:title\" content=\"Osta 500mg CBD Blackberry Keey FLAVA BLAST - Best Global Meds\" \/>\n<meta property=\"og:description\" content=\"Osta 500mg CBD Blackberry Keey FLAVA BLAST verkosta Sigma Vape Shopista nopealla maailmanlaajuisella toimituksella. L\u00f6yd\u00e4t 500mg CBD Blackberry Keey FLAVA BLAST myyt\u00e4v\u00e4n\u00e4\" \/>\n<meta property=\"og:url\" content=\"https:\/\/medicinasinc.com\/fi\/product\/osta-500mg-cbd-blackberry-keey-flava-blast\/\" \/>\n<meta property=\"og:site_name\" content=\"Medicinas Inc\" \/>\n<meta property=\"article:modified_time\" content=\"2022-03-22T01:24:55+00:00\" \/>\n<meta property=\"og:image\" content=\"https:\/\/medicinasinc.com\/fi\/wp-content\/uploads\/sites\/12\/2022\/02\/Buy-500mg-CBD-Blackberry-Keey-FLAVA-BLAST.jpg\" \/>\n\t<meta property=\"og:image:width\" content=\"800\" \/>\n\t<meta property=\"og:image:height\" content=\"800\" \/>\n\t<meta property=\"og:image:type\" content=\"image\/jpeg\" \/>\n<meta name=\"twitter:card\" content=\"summary_large_image\" \/>\n<meta name=\"twitter:label1\" content=\"Est. reading time\" \/>\n\t<meta name=\"twitter:data1\" content=\"1 minute\" \/>\n<script type=\"application\/ld+json\" class=\"yoast-schema-graph\">{\"@context\":\"https:\\\/\\\/schema.org\",\"@graph\":[{\"@type\":\"WebPage\",\"@id\":\"https:\\\/\\\/medicinasinc.com\\\/fi\\\/product\\\/osta-500mg-cbd-blackberry-keey-flava-blast\\\/\",\"url\":\"https:\\\/\\\/medicinasinc.com\\\/fi\\\/product\\\/osta-500mg-cbd-blackberry-keey-flava-blast\\\/\",\"name\":\"Osta 500mg CBD Blackberry Keey FLAVA BLAST - Best Global Meds\",\"isPartOf\":{\"@id\":\"https:\\\/\\\/medicinasinc.com\\\/fi\\\/#website\"},\"primaryImageOfPage\":{\"@id\":\"https:\\\/\\\/medicinasinc.com\\\/fi\\\/product\\\/osta-500mg-cbd-blackberry-keey-flava-blast\\\/#primaryimage\"},\"image\":{\"@id\":\"https:\\\/\\\/medicinasinc.com\\\/fi\\\/product\\\/osta-500mg-cbd-blackberry-keey-flava-blast\\\/#primaryimage\"},\"thumbnailUrl\":\"https:\\\/\\\/medicinasinc.com\\\/fi\\\/wp-content\\\/uploads\\\/sites\\\/12\\\/2022\\\/02\\\/Buy-500mg-CBD-Blackberry-Keey-FLAVA-BLAST.jpg\",\"datePublished\":\"2022-02-20T08:29:33+00:00\",\"dateModified\":\"2022-03-22T01:24:55+00:00\",\"description\":\"Osta 500mg CBD Blackberry Keey FLAVA BLAST verkosta Sigma Vape Shopista nopealla maailmanlaajuisella toimituksella. L\u00f6yd\u00e4t 500mg CBD Blackberry Keey FLAVA BLAST myyt\u00e4v\u00e4n\u00e4\",\"breadcrumb\":{\"@id\":\"https:\\\/\\\/medicinasinc.com\\\/fi\\\/product\\\/osta-500mg-cbd-blackberry-keey-flava-blast\\\/#breadcrumb\"},\"inLanguage\":\"en-US\",\"potentialAction\":[{\"@type\":\"ReadAction\",\"target\":[\"https:\\\/\\\/medicinasinc.com\\\/fi\\\/product\\\/osta-500mg-cbd-blackberry-keey-flava-blast\\\/\"]}]},{\"@type\":\"ImageObject\",\"inLanguage\":\"en-US\",\"@id\":\"https:\\\/\\\/medicinasinc.com\\\/fi\\\/product\\\/osta-500mg-cbd-blackberry-keey-flava-blast\\\/#primaryimage\",\"url\":\"https:\\\/\\\/medicinasinc.com\\\/fi\\\/wp-content\\\/uploads\\\/sites\\\/12\\\/2022\\\/02\\\/Buy-500mg-CBD-Blackberry-Keey-FLAVA-BLAST.jpg\",\"contentUrl\":\"https:\\\/\\\/medicinasinc.com\\\/fi\\\/wp-content\\\/uploads\\\/sites\\\/12\\\/2022\\\/02\\\/Buy-500mg-CBD-Blackberry-Keey-FLAVA-BLAST.jpg\",\"width\":800,\"height\":800},{\"@type\":\"BreadcrumbList\",\"@id\":\"https:\\\/\\\/medicinasinc.com\\\/fi\\\/product\\\/osta-500mg-cbd-blackberry-keey-flava-blast\\\/#breadcrumb\",\"itemListElement\":[{\"@type\":\"ListItem\",\"position\":1,\"name\":\"Myym\u00e4l\u00e4\",\"item\":\"https:\\\/\\\/medicinasinc.com\\\/fi\\\/myymala\\\/\"},{\"@type\":\"ListItem\",\"position\":2,\"name\":\"Osta 500mg CBD Blackberry Keey FLAVA BLAST\"}]},{\"@type\":\"WebSite\",\"@id\":\"https:\\\/\\\/medicinasinc.com\\\/fi\\\/#website\",\"url\":\"https:\\\/\\\/medicinasinc.com\\\/fi\\\/\",\"name\":\"Medicinas Inc\",\"description\":\"Health Medical Clinic\",\"potentialAction\":[{\"@type\":\"SearchAction\",\"target\":{\"@type\":\"EntryPoint\",\"urlTemplate\":\"https:\\\/\\\/medicinasinc.com\\\/fi\\\/?s={search_term_string}\"},\"query-input\":{\"@type\":\"PropertyValueSpecification\",\"valueRequired\":true,\"valueName\":\"search_term_string\"}}],\"inLanguage\":\"en-US\"}]}<\/script>\n<!-- \/ Yoast SEO plugin. -->","yoast_head_json":{"title":"Osta 500mg CBD Blackberry Keey FLAVA BLAST - Best Global Meds","description":"Osta 500mg CBD Blackberry Keey FLAVA BLAST verkosta Sigma Vape Shopista nopealla maailmanlaajuisella toimituksella. L\u00f6yd\u00e4t 500mg CBD Blackberry Keey FLAVA BLAST myyt\u00e4v\u00e4n\u00e4","robots":{"index":"index","follow":"follow","max-snippet":"max-snippet:-1","max-image-preview":"max-image-preview:large","max-video-preview":"max-video-preview:-1"},"canonical":"https:\/\/medicinasinc.com\/fi\/product\/osta-500mg-cbd-blackberry-keey-flava-blast\/","og_locale":"en_US","og_type":"article","og_title":"Osta 500mg CBD Blackberry Keey FLAVA BLAST - Best Global Meds","og_description":"Osta 500mg CBD Blackberry Keey FLAVA BLAST verkosta Sigma Vape Shopista nopealla maailmanlaajuisella toimituksella. L\u00f6yd\u00e4t 500mg CBD Blackberry Keey FLAVA BLAST myyt\u00e4v\u00e4n\u00e4","og_url":"https:\/\/medicinasinc.com\/fi\/product\/osta-500mg-cbd-blackberry-keey-flava-blast\/","og_site_name":"Medicinas Inc","article_modified_time":"2022-03-22T01:24:55+00:00","og_image":[{"width":800,"height":800,"url":"https:\/\/medicinasinc.com\/fi\/wp-content\/uploads\/sites\/12\/2022\/02\/Buy-500mg-CBD-Blackberry-Keey-FLAVA-BLAST.jpg","type":"image\/jpeg"}],"twitter_card":"summary_large_image","twitter_misc":{"Est. reading time":"1 minute"},"schema":{"@context":"https:\/\/schema.org","@graph":[{"@type":"WebPage","@id":"https:\/\/medicinasinc.com\/fi\/product\/osta-500mg-cbd-blackberry-keey-flava-blast\/","url":"https:\/\/medicinasinc.com\/fi\/product\/osta-500mg-cbd-blackberry-keey-flava-blast\/","name":"Osta 500mg CBD Blackberry Keey FLAVA BLAST - Best Global Meds","isPartOf":{"@id":"https:\/\/medicinasinc.com\/fi\/#website"},"primaryImageOfPage":{"@id":"https:\/\/medicinasinc.com\/fi\/product\/osta-500mg-cbd-blackberry-keey-flava-blast\/#primaryimage"},"image":{"@id":"https:\/\/medicinasinc.com\/fi\/product\/osta-500mg-cbd-blackberry-keey-flava-blast\/#primaryimage"},"thumbnailUrl":"https:\/\/medicinasinc.com\/fi\/wp-content\/uploads\/sites\/12\/2022\/02\/Buy-500mg-CBD-Blackberry-Keey-FLAVA-BLAST.jpg","datePublished":"2022-02-20T08:29:33+00:00","dateModified":"2022-03-22T01:24:55+00:00","description":"Osta 500mg CBD Blackberry Keey FLAVA BLAST verkosta Sigma Vape Shopista nopealla maailmanlaajuisella toimituksella. L\u00f6yd\u00e4t 500mg CBD Blackberry Keey FLAVA BLAST myyt\u00e4v\u00e4n\u00e4","breadcrumb":{"@id":"https:\/\/medicinasinc.com\/fi\/product\/osta-500mg-cbd-blackberry-keey-flava-blast\/#breadcrumb"},"inLanguage":"en-US","potentialAction":[{"@type":"ReadAction","target":["https:\/\/medicinasinc.com\/fi\/product\/osta-500mg-cbd-blackberry-keey-flava-blast\/"]}]},{"@type":"ImageObject","inLanguage":"en-US","@id":"https:\/\/medicinasinc.com\/fi\/product\/osta-500mg-cbd-blackberry-keey-flava-blast\/#primaryimage","url":"https:\/\/medicinasinc.com\/fi\/wp-content\/uploads\/sites\/12\/2022\/02\/Buy-500mg-CBD-Blackberry-Keey-FLAVA-BLAST.jpg","contentUrl":"https:\/\/medicinasinc.com\/fi\/wp-content\/uploads\/sites\/12\/2022\/02\/Buy-500mg-CBD-Blackberry-Keey-FLAVA-BLAST.jpg","width":800,"height":800},{"@type":"BreadcrumbList","@id":"https:\/\/medicinasinc.com\/fi\/product\/osta-500mg-cbd-blackberry-keey-flava-blast\/#breadcrumb","itemListElement":[{"@type":"ListItem","position":1,"name":"Myym\u00e4l\u00e4","item":"https:\/\/medicinasinc.com\/fi\/myymala\/"},{"@type":"ListItem","position":2,"name":"Osta 500mg CBD Blackberry Keey FLAVA BLAST"}]},{"@type":"WebSite","@id":"https:\/\/medicinasinc.com\/fi\/#website","url":"https:\/\/medicinasinc.com\/fi\/","name":"Medicinas Inc","description":"Health Medical Clinic","potentialAction":[{"@type":"SearchAction","target":{"@type":"EntryPoint","urlTemplate":"https:\/\/medicinasinc.com\/fi\/?s={search_term_string}"},"query-input":{"@type":"PropertyValueSpecification","valueRequired":true,"valueName":"search_term_string"}}],"inLanguage":"en-US"}]}},"_links":{"self":[{"href":"https:\/\/medicinasinc.com\/fi\/wp-json\/wp\/v2\/product\/4353","targetHints":{"allow":["GET"]}}],"collection":[{"href":"https:\/\/medicinasinc.com\/fi\/wp-json\/wp\/v2\/product"}],"about":[{"href":"https:\/\/medicinasinc.com\/fi\/wp-json\/wp\/v2\/types\/product"}],"replies":[{"embeddable":true,"href":"https:\/\/medicinasinc.com\/fi\/wp-json\/wp\/v2\/comments?post=4353"}],"wp:featuredmedia":[{"embeddable":true,"href":"https:\/\/medicinasinc.com\/fi\/wp-json\/wp\/v2\/media\/4389"}],"wp:attachment":[{"href":"https:\/\/medicinasinc.com\/fi\/wp-json\/wp\/v2\/media?parent=4353"}],"wp:term":[{"taxonomy":"product_brand","embeddable":true,"href":"https:\/\/medicinasinc.com\/fi\/wp-json\/wp\/v2\/product_brand?post=4353"},{"taxonomy":"product_cat","embeddable":true,"href":"https:\/\/medicinasinc.com\/fi\/wp-json\/wp\/v2\/product_cat?post=4353"},{"taxonomy":"product_tag","embeddable":true,"href":"https:\/\/medicinasinc.com\/fi\/wp-json\/wp\/v2\/product_tag?post=4353"}],"curies":[{"name":"wp","href":"https:\/\/api.w.org\/{rel}","templated":true}]}}