{"id":4348,"date":"2022-02-20T08:28:43","date_gmt":"2022-02-20T08:28:43","guid":{"rendered":"https:\/\/medicinasinc.com\/fi\/?post_type=product&#038;p=4348"},"modified":"2022-03-22T01:25:06","modified_gmt":"2022-03-22T01:25:06","slug":"osta-41-tinktuura-30ml-minttu-maku-vihrea-jumalatar","status":"publish","type":"product","link":"https:\/\/medicinasinc.com\/fi\/product\/osta-41-tinktuura-30ml-minttu-maku-vihrea-jumalatar\/","title":{"rendered":"Osta 4:1 Tinktuura (30 ml) Spearmint Flavor Green Goddess"},"content":{"rendered":"<p>Osta Vihre\u00e4, Goddess 4:1 -tinktuura (30 ml) vihermintun makuista<\/p>\n<p>Tinktuuratippoilla on merkitt\u00e4vi\u00e4 etuja muihin l\u00e4\u00e4ketieteellisten kannabinoidien annostelumenetelmiin verrattuna: 30 ml:n purkki, jossa on helppok\u00e4ytt\u00f6inen pisarasovellus, mahdollistaa tarkka annos, joka annetaan sublingvaalisesti suuhun. Imeytyminen verenkiertoon suun limakalvon kautta on nopeaa ja johdonmukaista. Tinktuura ei muutu aineenvaihduntatuotteeksi ruuansulatusj\u00e4rjestelm\u00e4ss\u00e4 tai maksassa, kuten tapahtuu suun kautta nautittujen kannabinoidien kanssa sy\u00f6t\u00e4v\u00e4ss\u00e4 muodossa.<\/p>\n<p>Formuloitu k\u00e4ytt\u00e4m\u00e4ll\u00e4 koko kannabiskasvin uutetta. Lis\u00e4simme t\u00e4ysin luonnollisen C8+C10-\u00f6ljyn, joka on johdettu kokonaan kookosp\u00e4hkin\u00f6ist\u00e4 ja on erinomainen voimakkaiden keskipitk\u00e4ketjuisten rasvahappojen l\u00e4hde, jotka auttavat pit\u00e4m\u00e4\u00e4n kehon ja mielen toiminnassa optimaalisesti.<\/p>\n<p>13 milligrammaa per tippa. 400 milligrammaa CBD:t\u00e4 100 milligrammaa THC:t\u00e4<\/p>\n<p>Ainesosat:<\/p>\n<p>MCT-\u00f6ljy ja viherminttuaromi Kokonainen kannabiskasviuute (CBD)<\/p>\n","protected":false},"excerpt":{"rendered":"<p>Osta 4:1 Tinktuura (30 ml) Spearmint Flavor Green Goddess myyt\u00e4v\u00e4n\u00e4 Isossa-Britanniassa, Euroopassa verkossa USA:n suurimmasta online-apteekista,Buy My Weed Online.<\/p>\n<ul>\n<li>Maailmanlaajuinen toimitus<\/li>\n<li>30 ml indikoitu tiputusaine<\/li>\n<li>400 mg CBD: 100 mg THC-tinktuura<\/li>\n<li>viherminttuaromi<\/li>\n<li>Pienin tilausm\u00e4\u00e4r\u00e4 on 5<\/li>\n<\/ul>\n","protected":false},"featured_media":4383,"comment_status":"open","ping_status":"closed","template":"","meta":[],"product_brand":[],"product_cat":[440],"product_tag":[],"class_list":{"0":"post-4348","1":"product","2":"type-product","3":"status-publish","4":"has-post-thumbnail","6":"product_cat-osta-kannabis-cbd-ljy","8":"first","9":"instock","10":"shipping-taxable","11":"purchasable","12":"product-type-variable","13":"has-default-attributes"},"yoast_head":"<!-- This site is optimized with the Yoast SEO plugin v27.3 - https:\/\/yoast.com\/product\/yoast-seo-wordpress\/ -->\n<title>Osta 4:1 Tinktuura (30 ml) vihermintun makuinen vihre\u00e4 jumalatar - parhaat maailmanlaajuiset l\u00e4\u00e4kkeet<\/title>\n<meta name=\"description\" content=\"Osta 4:1 Tinktuura (30 ml) Spearmint Flavor Green Goddess myyt\u00e4v\u00e4n\u00e4 Isossa-Britanniassa, Euroopassa verkossa USA:n suurimmasta online-apteekista, Osta My Weed Online.\" \/>\n<meta name=\"robots\" content=\"index, follow, max-snippet:-1, max-image-preview:large, max-video-preview:-1\" \/>\n<link rel=\"canonical\" href=\"https:\/\/medicinasinc.com\/fi\/product\/osta-41-tinktuura-30ml-minttu-maku-vihrea-jumalatar\/\" \/>\n<meta property=\"og:locale\" content=\"en_US\" \/>\n<meta property=\"og:type\" content=\"article\" \/>\n<meta property=\"og:title\" content=\"Osta 4:1 Tinktuura (30 ml) vihermintun makuinen vihre\u00e4 jumalatar - parhaat maailmanlaajuiset l\u00e4\u00e4kkeet\" \/>\n<meta property=\"og:description\" content=\"Osta 4:1 Tinktuura (30 ml) Spearmint Flavor Green Goddess myyt\u00e4v\u00e4n\u00e4 Isossa-Britanniassa, Euroopassa verkossa USA:n suurimmasta online-apteekista, Osta My Weed Online.\" \/>\n<meta property=\"og:url\" content=\"https:\/\/medicinasinc.com\/fi\/product\/osta-41-tinktuura-30ml-minttu-maku-vihrea-jumalatar\/\" \/>\n<meta property=\"og:site_name\" content=\"Medicinas Inc\" \/>\n<meta property=\"article:modified_time\" content=\"2022-03-22T01:25:06+00:00\" \/>\n<meta property=\"og:image\" content=\"https:\/\/medicinasinc.com\/fi\/wp-content\/uploads\/sites\/12\/2022\/02\/Spearmint-Flavour-Green-Goddess.jpg\" \/>\n\t<meta property=\"og:image:width\" content=\"483\" \/>\n\t<meta property=\"og:image:height\" content=\"483\" \/>\n\t<meta property=\"og:image:type\" content=\"image\/jpeg\" \/>\n<meta name=\"twitter:card\" content=\"summary_large_image\" \/>\n<meta name=\"twitter:label1\" content=\"Est. reading time\" \/>\n\t<meta name=\"twitter:data1\" content=\"1 minute\" \/>\n<script type=\"application\/ld+json\" class=\"yoast-schema-graph\">{\"@context\":\"https:\\\/\\\/schema.org\",\"@graph\":[{\"@type\":\"WebPage\",\"@id\":\"https:\\\/\\\/medicinasinc.com\\\/fi\\\/product\\\/osta-41-tinktuura-30ml-minttu-maku-vihrea-jumalatar\\\/\",\"url\":\"https:\\\/\\\/medicinasinc.com\\\/fi\\\/product\\\/osta-41-tinktuura-30ml-minttu-maku-vihrea-jumalatar\\\/\",\"name\":\"Osta 4:1 Tinktuura (30 ml) vihermintun makuinen vihre\u00e4 jumalatar - parhaat maailmanlaajuiset l\u00e4\u00e4kkeet\",\"isPartOf\":{\"@id\":\"https:\\\/\\\/medicinasinc.com\\\/fi\\\/#website\"},\"primaryImageOfPage\":{\"@id\":\"https:\\\/\\\/medicinasinc.com\\\/fi\\\/product\\\/osta-41-tinktuura-30ml-minttu-maku-vihrea-jumalatar\\\/#primaryimage\"},\"image\":{\"@id\":\"https:\\\/\\\/medicinasinc.com\\\/fi\\\/product\\\/osta-41-tinktuura-30ml-minttu-maku-vihrea-jumalatar\\\/#primaryimage\"},\"thumbnailUrl\":\"https:\\\/\\\/medicinasinc.com\\\/fi\\\/wp-content\\\/uploads\\\/sites\\\/12\\\/2022\\\/02\\\/Spearmint-Flavour-Green-Goddess.jpg\",\"datePublished\":\"2022-02-20T08:28:43+00:00\",\"dateModified\":\"2022-03-22T01:25:06+00:00\",\"description\":\"Osta 4:1 Tinktuura (30 ml) Spearmint Flavor Green Goddess myyt\u00e4v\u00e4n\u00e4 Isossa-Britanniassa, Euroopassa verkossa USA:n suurimmasta online-apteekista, Osta My Weed Online.\",\"breadcrumb\":{\"@id\":\"https:\\\/\\\/medicinasinc.com\\\/fi\\\/product\\\/osta-41-tinktuura-30ml-minttu-maku-vihrea-jumalatar\\\/#breadcrumb\"},\"inLanguage\":\"en-US\",\"potentialAction\":[{\"@type\":\"ReadAction\",\"target\":[\"https:\\\/\\\/medicinasinc.com\\\/fi\\\/product\\\/osta-41-tinktuura-30ml-minttu-maku-vihrea-jumalatar\\\/\"]}]},{\"@type\":\"ImageObject\",\"inLanguage\":\"en-US\",\"@id\":\"https:\\\/\\\/medicinasinc.com\\\/fi\\\/product\\\/osta-41-tinktuura-30ml-minttu-maku-vihrea-jumalatar\\\/#primaryimage\",\"url\":\"https:\\\/\\\/medicinasinc.com\\\/fi\\\/wp-content\\\/uploads\\\/sites\\\/12\\\/2022\\\/02\\\/Spearmint-Flavour-Green-Goddess.jpg\",\"contentUrl\":\"https:\\\/\\\/medicinasinc.com\\\/fi\\\/wp-content\\\/uploads\\\/sites\\\/12\\\/2022\\\/02\\\/Spearmint-Flavour-Green-Goddess.jpg\",\"width\":483,\"height\":483},{\"@type\":\"BreadcrumbList\",\"@id\":\"https:\\\/\\\/medicinasinc.com\\\/fi\\\/product\\\/osta-41-tinktuura-30ml-minttu-maku-vihrea-jumalatar\\\/#breadcrumb\",\"itemListElement\":[{\"@type\":\"ListItem\",\"position\":1,\"name\":\"Myym\u00e4l\u00e4\",\"item\":\"https:\\\/\\\/medicinasinc.com\\\/fi\\\/myymala\\\/\"},{\"@type\":\"ListItem\",\"position\":2,\"name\":\"Osta 4:1 Tinktuura (30 ml) Spearmint Flavor Green Goddess\"}]},{\"@type\":\"WebSite\",\"@id\":\"https:\\\/\\\/medicinasinc.com\\\/fi\\\/#website\",\"url\":\"https:\\\/\\\/medicinasinc.com\\\/fi\\\/\",\"name\":\"Medicinas Inc\",\"description\":\"Health Medical Clinic\",\"potentialAction\":[{\"@type\":\"SearchAction\",\"target\":{\"@type\":\"EntryPoint\",\"urlTemplate\":\"https:\\\/\\\/medicinasinc.com\\\/fi\\\/?s={search_term_string}\"},\"query-input\":{\"@type\":\"PropertyValueSpecification\",\"valueRequired\":true,\"valueName\":\"search_term_string\"}}],\"inLanguage\":\"en-US\"}]}<\/script>\n<!-- \/ Yoast SEO plugin. -->","yoast_head_json":{"title":"Osta 4:1 Tinktuura (30 ml) vihermintun makuinen vihre\u00e4 jumalatar - parhaat maailmanlaajuiset l\u00e4\u00e4kkeet","description":"Osta 4:1 Tinktuura (30 ml) Spearmint Flavor Green Goddess myyt\u00e4v\u00e4n\u00e4 Isossa-Britanniassa, Euroopassa verkossa USA:n suurimmasta online-apteekista, Osta My Weed Online.","robots":{"index":"index","follow":"follow","max-snippet":"max-snippet:-1","max-image-preview":"max-image-preview:large","max-video-preview":"max-video-preview:-1"},"canonical":"https:\/\/medicinasinc.com\/fi\/product\/osta-41-tinktuura-30ml-minttu-maku-vihrea-jumalatar\/","og_locale":"en_US","og_type":"article","og_title":"Osta 4:1 Tinktuura (30 ml) vihermintun makuinen vihre\u00e4 jumalatar - parhaat maailmanlaajuiset l\u00e4\u00e4kkeet","og_description":"Osta 4:1 Tinktuura (30 ml) Spearmint Flavor Green Goddess myyt\u00e4v\u00e4n\u00e4 Isossa-Britanniassa, Euroopassa verkossa USA:n suurimmasta online-apteekista, Osta My Weed Online.","og_url":"https:\/\/medicinasinc.com\/fi\/product\/osta-41-tinktuura-30ml-minttu-maku-vihrea-jumalatar\/","og_site_name":"Medicinas Inc","article_modified_time":"2022-03-22T01:25:06+00:00","og_image":[{"width":483,"height":483,"url":"https:\/\/medicinasinc.com\/fi\/wp-content\/uploads\/sites\/12\/2022\/02\/Spearmint-Flavour-Green-Goddess.jpg","type":"image\/jpeg"}],"twitter_card":"summary_large_image","twitter_misc":{"Est. reading time":"1 minute"},"schema":{"@context":"https:\/\/schema.org","@graph":[{"@type":"WebPage","@id":"https:\/\/medicinasinc.com\/fi\/product\/osta-41-tinktuura-30ml-minttu-maku-vihrea-jumalatar\/","url":"https:\/\/medicinasinc.com\/fi\/product\/osta-41-tinktuura-30ml-minttu-maku-vihrea-jumalatar\/","name":"Osta 4:1 Tinktuura (30 ml) vihermintun makuinen vihre\u00e4 jumalatar - parhaat maailmanlaajuiset l\u00e4\u00e4kkeet","isPartOf":{"@id":"https:\/\/medicinasinc.com\/fi\/#website"},"primaryImageOfPage":{"@id":"https:\/\/medicinasinc.com\/fi\/product\/osta-41-tinktuura-30ml-minttu-maku-vihrea-jumalatar\/#primaryimage"},"image":{"@id":"https:\/\/medicinasinc.com\/fi\/product\/osta-41-tinktuura-30ml-minttu-maku-vihrea-jumalatar\/#primaryimage"},"thumbnailUrl":"https:\/\/medicinasinc.com\/fi\/wp-content\/uploads\/sites\/12\/2022\/02\/Spearmint-Flavour-Green-Goddess.jpg","datePublished":"2022-02-20T08:28:43+00:00","dateModified":"2022-03-22T01:25:06+00:00","description":"Osta 4:1 Tinktuura (30 ml) Spearmint Flavor Green Goddess myyt\u00e4v\u00e4n\u00e4 Isossa-Britanniassa, Euroopassa verkossa USA:n suurimmasta online-apteekista, Osta My Weed Online.","breadcrumb":{"@id":"https:\/\/medicinasinc.com\/fi\/product\/osta-41-tinktuura-30ml-minttu-maku-vihrea-jumalatar\/#breadcrumb"},"inLanguage":"en-US","potentialAction":[{"@type":"ReadAction","target":["https:\/\/medicinasinc.com\/fi\/product\/osta-41-tinktuura-30ml-minttu-maku-vihrea-jumalatar\/"]}]},{"@type":"ImageObject","inLanguage":"en-US","@id":"https:\/\/medicinasinc.com\/fi\/product\/osta-41-tinktuura-30ml-minttu-maku-vihrea-jumalatar\/#primaryimage","url":"https:\/\/medicinasinc.com\/fi\/wp-content\/uploads\/sites\/12\/2022\/02\/Spearmint-Flavour-Green-Goddess.jpg","contentUrl":"https:\/\/medicinasinc.com\/fi\/wp-content\/uploads\/sites\/12\/2022\/02\/Spearmint-Flavour-Green-Goddess.jpg","width":483,"height":483},{"@type":"BreadcrumbList","@id":"https:\/\/medicinasinc.com\/fi\/product\/osta-41-tinktuura-30ml-minttu-maku-vihrea-jumalatar\/#breadcrumb","itemListElement":[{"@type":"ListItem","position":1,"name":"Myym\u00e4l\u00e4","item":"https:\/\/medicinasinc.com\/fi\/myymala\/"},{"@type":"ListItem","position":2,"name":"Osta 4:1 Tinktuura (30 ml) Spearmint Flavor Green Goddess"}]},{"@type":"WebSite","@id":"https:\/\/medicinasinc.com\/fi\/#website","url":"https:\/\/medicinasinc.com\/fi\/","name":"Medicinas Inc","description":"Health Medical Clinic","potentialAction":[{"@type":"SearchAction","target":{"@type":"EntryPoint","urlTemplate":"https:\/\/medicinasinc.com\/fi\/?s={search_term_string}"},"query-input":{"@type":"PropertyValueSpecification","valueRequired":true,"valueName":"search_term_string"}}],"inLanguage":"en-US"}]}},"_links":{"self":[{"href":"https:\/\/medicinasinc.com\/fi\/wp-json\/wp\/v2\/product\/4348","targetHints":{"allow":["GET"]}}],"collection":[{"href":"https:\/\/medicinasinc.com\/fi\/wp-json\/wp\/v2\/product"}],"about":[{"href":"https:\/\/medicinasinc.com\/fi\/wp-json\/wp\/v2\/types\/product"}],"replies":[{"embeddable":true,"href":"https:\/\/medicinasinc.com\/fi\/wp-json\/wp\/v2\/comments?post=4348"}],"wp:featuredmedia":[{"embeddable":true,"href":"https:\/\/medicinasinc.com\/fi\/wp-json\/wp\/v2\/media\/4383"}],"wp:attachment":[{"href":"https:\/\/medicinasinc.com\/fi\/wp-json\/wp\/v2\/media?parent=4348"}],"wp:term":[{"taxonomy":"product_brand","embeddable":true,"href":"https:\/\/medicinasinc.com\/fi\/wp-json\/wp\/v2\/product_brand?post=4348"},{"taxonomy":"product_cat","embeddable":true,"href":"https:\/\/medicinasinc.com\/fi\/wp-json\/wp\/v2\/product_cat?post=4348"},{"taxonomy":"product_tag","embeddable":true,"href":"https:\/\/medicinasinc.com\/fi\/wp-json\/wp\/v2\/product_tag?post=4348"}],"curies":[{"name":"wp","href":"https:\/\/api.w.org\/{rel}","templated":true}]}}