{"id":4338,"date":"2022-02-20T08:27:22","date_gmt":"2022-02-20T08:27:22","guid":{"rendered":"https:\/\/medicinasinc.com\/fi\/?post_type=product&#038;p=4338"},"modified":"2022-03-22T01:25:23","modified_gmt":"2022-03-22T01:25:23","slug":"osta-250mg-thc-mist-spray-10ml-helppo","status":"publish","type":"product","link":"https:\/\/medicinasinc.com\/fi\/product\/osta-250mg-thc-mist-spray-10ml-helppo\/","title":{"rendered":"Osta 250mg THC Mist Spray 10ml \u2013 helppoa"},"content":{"rendered":"<p>Osta 10 ml 250 mg THC Mist Spray \u2013 Helppoa<\/p>\n<p>Herkullisen kannabista sis\u00e4lt\u00e4v\u00e4n hengityssuihkeemme avulla Ease sublingual Spray nostaa perinteisen tinktuurakonseptin aivan uudelle tasolle. Ease Spray antaa sinun annostella tarpeen mukaan sijainnista riippumatta ilman pelkoa leimautumisesta, joka perinteisesti liittyy useimpiin kannabisvalmisteisiin. Ease Spray sis\u00e4lt\u00e4\u00e4 huikeat 5 mg l\u00e4\u00e4kett\u00e4 per suihke, joten voit l\u00e4\u00e4kit\u00e4 tarkasti tarpeitasi vastaavalle tasolle. Ease Sprayt eiv\u00e4t sis\u00e4ll\u00e4 alkoholia, liuottimia tai petrokemikaaleja niiden t\u00e4ysin luonnollisessa koostumuksessa, joka koostuu kookosuutteista, terpeeneista ja kannabisuutteista.<\/p>\n<p>T\u00e4m\u00e4 tuote yksinkertaistaa l\u00e4\u00e4kityst\u00e4 tien p\u00e4\u00e4ll\u00e4! T\u00e4ysin uudella Ease Shake n Spray Extra Strength -tuotteella!<\/p>\n<p>ANNOSTUS SUBLANGUAALILLE SPRAYPULLLOILLE<\/p>\n<p>250 \u200b\u200bmg THC:t\u00e4 10 ml:n lasipullossa<\/p>\n<p>Jokainen pullo sis\u00e4lt\u00e4\u00e4 50 -60 suihketta.<\/p>\n","protected":false},"excerpt":{"rendered":"<p>Osta 250 mg THC Mist Spray UK 10 ml myyt\u00e4v\u00e4ksi Euroopassa verkossa. Ease Spray antaa sinulle vapauden annostella tarpeen mukaan miss\u00e4 tahansa ilman, ett\u00e4 olet huolissasi perinteisesti leimautumisesta<\/p>\n<ul>\n<li>Maailmanlaajuinen toimitus<\/li>\n<li>EXTRA STRNGTH THC MIST SPRAY<\/li>\n<li>10 ml lasipullo 250mg THC:t\u00e4<\/li>\n<li>Minimitilausm\u00e4\u00e4r\u00e4 on 5<\/li>\n<li><strong>Ota yhteytt\u00e4<\/strong>\u00a0suuria tilauksia varten<\/li>\n<\/ul>\n","protected":false},"featured_media":4371,"comment_status":"open","ping_status":"closed","template":"","meta":[],"product_brand":[],"product_cat":[440],"product_tag":[],"class_list":{"0":"post-4338","1":"product","2":"type-product","3":"status-publish","4":"has-post-thumbnail","6":"product_cat-osta-kannabis-cbd-ljy","8":"first","9":"instock","10":"shipping-taxable","11":"purchasable","12":"product-type-variable","13":"has-default-attributes"},"yoast_head":"<!-- This site is optimized with the Yoast SEO plugin v27.3 - https:\/\/yoast.com\/product\/yoast-seo-wordpress\/ -->\n<title>Osta 250mg THC Mist Spray 10ml \u2013 Easy - Best Global Meds<\/title>\n<meta name=\"description\" content=\"Osta 250 mg THC Mist Spray UK 10 ml myyt\u00e4v\u00e4ksi Euroopassa verkossa. Ease Spray antaa sinulle vapauden annostella tarpeen mukaan miss\u00e4 tahansa, ilman huolta perinteisest\u00e4 leimautumisesta\" \/>\n<meta name=\"robots\" content=\"index, follow, max-snippet:-1, max-image-preview:large, max-video-preview:-1\" \/>\n<link rel=\"canonical\" href=\"https:\/\/medicinasinc.com\/fi\/product\/osta-250mg-thc-mist-spray-10ml-helppo\/\" \/>\n<meta property=\"og:locale\" content=\"en_US\" \/>\n<meta property=\"og:type\" content=\"article\" \/>\n<meta property=\"og:title\" content=\"Osta 250mg THC Mist Spray 10ml \u2013 Easy - Best Global Meds\" \/>\n<meta property=\"og:description\" content=\"Osta 250 mg THC Mist Spray UK 10 ml myyt\u00e4v\u00e4ksi Euroopassa verkossa. Ease Spray antaa sinulle vapauden annostella tarpeen mukaan miss\u00e4 tahansa, ilman huolta perinteisest\u00e4 leimautumisesta\" \/>\n<meta property=\"og:url\" content=\"https:\/\/medicinasinc.com\/fi\/product\/osta-250mg-thc-mist-spray-10ml-helppo\/\" \/>\n<meta property=\"og:site_name\" content=\"Medicinas Inc\" \/>\n<meta property=\"article:modified_time\" content=\"2022-03-22T01:25:23+00:00\" \/>\n<meta property=\"og:image\" content=\"https:\/\/medicinasinc.com\/fi\/wp-content\/uploads\/sites\/12\/2022\/02\/Buy-250mg-THC-Mist-Spray-10ml.jpg\" \/>\n\t<meta property=\"og:image:width\" content=\"1500\" \/>\n\t<meta property=\"og:image:height\" content=\"1500\" \/>\n\t<meta property=\"og:image:type\" content=\"image\/jpeg\" \/>\n<meta name=\"twitter:card\" content=\"summary_large_image\" \/>\n<meta name=\"twitter:label1\" content=\"Est. reading time\" \/>\n\t<meta name=\"twitter:data1\" content=\"1 minute\" \/>\n<script type=\"application\/ld+json\" class=\"yoast-schema-graph\">{\"@context\":\"https:\\\/\\\/schema.org\",\"@graph\":[{\"@type\":\"WebPage\",\"@id\":\"https:\\\/\\\/medicinasinc.com\\\/fi\\\/product\\\/osta-250mg-thc-mist-spray-10ml-helppo\\\/\",\"url\":\"https:\\\/\\\/medicinasinc.com\\\/fi\\\/product\\\/osta-250mg-thc-mist-spray-10ml-helppo\\\/\",\"name\":\"Osta 250mg THC Mist Spray 10ml \u2013 Easy - Best Global Meds\",\"isPartOf\":{\"@id\":\"https:\\\/\\\/medicinasinc.com\\\/fi\\\/#website\"},\"primaryImageOfPage\":{\"@id\":\"https:\\\/\\\/medicinasinc.com\\\/fi\\\/product\\\/osta-250mg-thc-mist-spray-10ml-helppo\\\/#primaryimage\"},\"image\":{\"@id\":\"https:\\\/\\\/medicinasinc.com\\\/fi\\\/product\\\/osta-250mg-thc-mist-spray-10ml-helppo\\\/#primaryimage\"},\"thumbnailUrl\":\"https:\\\/\\\/medicinasinc.com\\\/fi\\\/wp-content\\\/uploads\\\/sites\\\/12\\\/2022\\\/02\\\/Buy-250mg-THC-Mist-Spray-10ml.jpg\",\"datePublished\":\"2022-02-20T08:27:22+00:00\",\"dateModified\":\"2022-03-22T01:25:23+00:00\",\"description\":\"Osta 250 mg THC Mist Spray UK 10 ml myyt\u00e4v\u00e4ksi Euroopassa verkossa. Ease Spray antaa sinulle vapauden annostella tarpeen mukaan miss\u00e4 tahansa, ilman huolta perinteisest\u00e4 leimautumisesta\",\"breadcrumb\":{\"@id\":\"https:\\\/\\\/medicinasinc.com\\\/fi\\\/product\\\/osta-250mg-thc-mist-spray-10ml-helppo\\\/#breadcrumb\"},\"inLanguage\":\"en-US\",\"potentialAction\":[{\"@type\":\"ReadAction\",\"target\":[\"https:\\\/\\\/medicinasinc.com\\\/fi\\\/product\\\/osta-250mg-thc-mist-spray-10ml-helppo\\\/\"]}]},{\"@type\":\"ImageObject\",\"inLanguage\":\"en-US\",\"@id\":\"https:\\\/\\\/medicinasinc.com\\\/fi\\\/product\\\/osta-250mg-thc-mist-spray-10ml-helppo\\\/#primaryimage\",\"url\":\"https:\\\/\\\/medicinasinc.com\\\/fi\\\/wp-content\\\/uploads\\\/sites\\\/12\\\/2022\\\/02\\\/Buy-250mg-THC-Mist-Spray-10ml.jpg\",\"contentUrl\":\"https:\\\/\\\/medicinasinc.com\\\/fi\\\/wp-content\\\/uploads\\\/sites\\\/12\\\/2022\\\/02\\\/Buy-250mg-THC-Mist-Spray-10ml.jpg\",\"width\":1500,\"height\":1500},{\"@type\":\"BreadcrumbList\",\"@id\":\"https:\\\/\\\/medicinasinc.com\\\/fi\\\/product\\\/osta-250mg-thc-mist-spray-10ml-helppo\\\/#breadcrumb\",\"itemListElement\":[{\"@type\":\"ListItem\",\"position\":1,\"name\":\"Myym\u00e4l\u00e4\",\"item\":\"https:\\\/\\\/medicinasinc.com\\\/fi\\\/myymala\\\/\"},{\"@type\":\"ListItem\",\"position\":2,\"name\":\"Osta 250mg THC Mist Spray 10ml \u2013 helppoa\"}]},{\"@type\":\"WebSite\",\"@id\":\"https:\\\/\\\/medicinasinc.com\\\/fi\\\/#website\",\"url\":\"https:\\\/\\\/medicinasinc.com\\\/fi\\\/\",\"name\":\"Medicinas Inc\",\"description\":\"Health Medical Clinic\",\"potentialAction\":[{\"@type\":\"SearchAction\",\"target\":{\"@type\":\"EntryPoint\",\"urlTemplate\":\"https:\\\/\\\/medicinasinc.com\\\/fi\\\/?s={search_term_string}\"},\"query-input\":{\"@type\":\"PropertyValueSpecification\",\"valueRequired\":true,\"valueName\":\"search_term_string\"}}],\"inLanguage\":\"en-US\"}]}<\/script>\n<!-- \/ Yoast SEO plugin. -->","yoast_head_json":{"title":"Osta 250mg THC Mist Spray 10ml \u2013 Easy - Best Global Meds","description":"Osta 250 mg THC Mist Spray UK 10 ml myyt\u00e4v\u00e4ksi Euroopassa verkossa. Ease Spray antaa sinulle vapauden annostella tarpeen mukaan miss\u00e4 tahansa, ilman huolta perinteisest\u00e4 leimautumisesta","robots":{"index":"index","follow":"follow","max-snippet":"max-snippet:-1","max-image-preview":"max-image-preview:large","max-video-preview":"max-video-preview:-1"},"canonical":"https:\/\/medicinasinc.com\/fi\/product\/osta-250mg-thc-mist-spray-10ml-helppo\/","og_locale":"en_US","og_type":"article","og_title":"Osta 250mg THC Mist Spray 10ml \u2013 Easy - Best Global Meds","og_description":"Osta 250 mg THC Mist Spray UK 10 ml myyt\u00e4v\u00e4ksi Euroopassa verkossa. Ease Spray antaa sinulle vapauden annostella tarpeen mukaan miss\u00e4 tahansa, ilman huolta perinteisest\u00e4 leimautumisesta","og_url":"https:\/\/medicinasinc.com\/fi\/product\/osta-250mg-thc-mist-spray-10ml-helppo\/","og_site_name":"Medicinas Inc","article_modified_time":"2022-03-22T01:25:23+00:00","og_image":[{"width":1500,"height":1500,"url":"https:\/\/medicinasinc.com\/fi\/wp-content\/uploads\/sites\/12\/2022\/02\/Buy-250mg-THC-Mist-Spray-10ml.jpg","type":"image\/jpeg"}],"twitter_card":"summary_large_image","twitter_misc":{"Est. reading time":"1 minute"},"schema":{"@context":"https:\/\/schema.org","@graph":[{"@type":"WebPage","@id":"https:\/\/medicinasinc.com\/fi\/product\/osta-250mg-thc-mist-spray-10ml-helppo\/","url":"https:\/\/medicinasinc.com\/fi\/product\/osta-250mg-thc-mist-spray-10ml-helppo\/","name":"Osta 250mg THC Mist Spray 10ml \u2013 Easy - Best Global Meds","isPartOf":{"@id":"https:\/\/medicinasinc.com\/fi\/#website"},"primaryImageOfPage":{"@id":"https:\/\/medicinasinc.com\/fi\/product\/osta-250mg-thc-mist-spray-10ml-helppo\/#primaryimage"},"image":{"@id":"https:\/\/medicinasinc.com\/fi\/product\/osta-250mg-thc-mist-spray-10ml-helppo\/#primaryimage"},"thumbnailUrl":"https:\/\/medicinasinc.com\/fi\/wp-content\/uploads\/sites\/12\/2022\/02\/Buy-250mg-THC-Mist-Spray-10ml.jpg","datePublished":"2022-02-20T08:27:22+00:00","dateModified":"2022-03-22T01:25:23+00:00","description":"Osta 250 mg THC Mist Spray UK 10 ml myyt\u00e4v\u00e4ksi Euroopassa verkossa. Ease Spray antaa sinulle vapauden annostella tarpeen mukaan miss\u00e4 tahansa, ilman huolta perinteisest\u00e4 leimautumisesta","breadcrumb":{"@id":"https:\/\/medicinasinc.com\/fi\/product\/osta-250mg-thc-mist-spray-10ml-helppo\/#breadcrumb"},"inLanguage":"en-US","potentialAction":[{"@type":"ReadAction","target":["https:\/\/medicinasinc.com\/fi\/product\/osta-250mg-thc-mist-spray-10ml-helppo\/"]}]},{"@type":"ImageObject","inLanguage":"en-US","@id":"https:\/\/medicinasinc.com\/fi\/product\/osta-250mg-thc-mist-spray-10ml-helppo\/#primaryimage","url":"https:\/\/medicinasinc.com\/fi\/wp-content\/uploads\/sites\/12\/2022\/02\/Buy-250mg-THC-Mist-Spray-10ml.jpg","contentUrl":"https:\/\/medicinasinc.com\/fi\/wp-content\/uploads\/sites\/12\/2022\/02\/Buy-250mg-THC-Mist-Spray-10ml.jpg","width":1500,"height":1500},{"@type":"BreadcrumbList","@id":"https:\/\/medicinasinc.com\/fi\/product\/osta-250mg-thc-mist-spray-10ml-helppo\/#breadcrumb","itemListElement":[{"@type":"ListItem","position":1,"name":"Myym\u00e4l\u00e4","item":"https:\/\/medicinasinc.com\/fi\/myymala\/"},{"@type":"ListItem","position":2,"name":"Osta 250mg THC Mist Spray 10ml \u2013 helppoa"}]},{"@type":"WebSite","@id":"https:\/\/medicinasinc.com\/fi\/#website","url":"https:\/\/medicinasinc.com\/fi\/","name":"Medicinas Inc","description":"Health Medical Clinic","potentialAction":[{"@type":"SearchAction","target":{"@type":"EntryPoint","urlTemplate":"https:\/\/medicinasinc.com\/fi\/?s={search_term_string}"},"query-input":{"@type":"PropertyValueSpecification","valueRequired":true,"valueName":"search_term_string"}}],"inLanguage":"en-US"}]}},"_links":{"self":[{"href":"https:\/\/medicinasinc.com\/fi\/wp-json\/wp\/v2\/product\/4338","targetHints":{"allow":["GET"]}}],"collection":[{"href":"https:\/\/medicinasinc.com\/fi\/wp-json\/wp\/v2\/product"}],"about":[{"href":"https:\/\/medicinasinc.com\/fi\/wp-json\/wp\/v2\/types\/product"}],"replies":[{"embeddable":true,"href":"https:\/\/medicinasinc.com\/fi\/wp-json\/wp\/v2\/comments?post=4338"}],"wp:featuredmedia":[{"embeddable":true,"href":"https:\/\/medicinasinc.com\/fi\/wp-json\/wp\/v2\/media\/4371"}],"wp:attachment":[{"href":"https:\/\/medicinasinc.com\/fi\/wp-json\/wp\/v2\/media?parent=4338"}],"wp:term":[{"taxonomy":"product_brand","embeddable":true,"href":"https:\/\/medicinasinc.com\/fi\/wp-json\/wp\/v2\/product_brand?post=4338"},{"taxonomy":"product_cat","embeddable":true,"href":"https:\/\/medicinasinc.com\/fi\/wp-json\/wp\/v2\/product_cat?post=4338"},{"taxonomy":"product_tag","embeddable":true,"href":"https:\/\/medicinasinc.com\/fi\/wp-json\/wp\/v2\/product_tag?post=4338"}],"curies":[{"name":"wp","href":"https:\/\/api.w.org\/{rel}","templated":true}]}}