{"id":4333,"date":"2022-02-20T08:26:46","date_gmt":"2022-02-20T08:26:46","guid":{"rendered":"https:\/\/medicinasinc.com\/fi\/?post_type=product&#038;p=4333"},"modified":"2022-03-22T01:25:32","modified_gmt":"2022-03-22T01:25:32","slug":"osta-100mg-thc-hamppu-siemenoljy-kapseleita","status":"publish","type":"product","link":"https:\/\/medicinasinc.com\/fi\/product\/osta-100mg-thc-hamppu-siemenoljy-kapseleita\/","title":{"rendered":"Osta 100mg THC hampunsiemen\u00f6ljykapseleita"},"content":{"rendered":"<p>Osta hampunsiemen\u00f6ljykapseleita 100 mg THC:t\u00e4<\/p>\n<p>Jotta n\u00e4m\u00e4 kapselit eroavat yleisesti saatavilla olevista, mutta huonolaatuisista THC-jauhekapseleista, jokainen kapseli sis\u00e4lt\u00e4\u00e4 100 mg THC-hampunsiemen\u00f6ljy\u00e4.<\/p>\n<p>Myyd\u00e4\u00e4n. kolmessa pakkauksessa<\/p>\n<p>THC-\u00f6ljykapselimme ovat per\u00e4isin koko kannabiksesta ja sis\u00e4lt\u00e4v\u00e4t poikkeuksellisen paljon terpeenej\u00e4. N\u00e4m\u00e4 kapselit sis\u00e4lt\u00e4v\u00e4t puhtaimman saatavilla olevan THC- ja hampunsiemen\u00f6ljyn. Hampunsiemen\u00f6ljy sis\u00e4lt\u00e4\u00e4 suhteessa 3:1 omega 6:n ja omega 3:n rasvahappoja, mik\u00e4 t\u00e4ytt\u00e4\u00e4 pitk\u00e4n aikav\u00e4lin terveyden optimaaliset vaatimukset. Jokainen er\u00e4 THC-\u00f6ljy\u00e4 on laboratoriotestattu sen puhtauden ja turvallisuuden varmistamiseksi.<\/p>\n","protected":false},"excerpt":{"rendered":"<p>Osta 100 mg THC hampunsiemen\u00f6ljykapselit on valmistettu koko kannabiksesta ja sis\u00e4lt\u00e4v\u00e4t runsaasti terpeenej\u00e4. N\u00e4m\u00e4 kapselit sis\u00e4lt\u00e4v\u00e4t korkealaatuisinta THC:t\u00e4 ja hampunsiemen\u00f6ljy\u00e4.<\/p>\n<ul>\n<li>Toimitus maailmanlaajuisesti<\/li>\n<li>Jokainen kapseli sis\u00e4lt\u00e4\u00e4 100 mg THC:t\u00e4.<\/li>\n<li>Jokainen pullo sis\u00e4lt\u00e4\u00e4 3 kapselit.<\/li>\n<li>Minimitilausm\u00e4\u00e4r\u00e4 on 5<strong><em>\u00a0pulloa<\/em><\/strong><\/li>\n<li>Ota yhteytt\u00e4 isompien tilausten saamiseksi.<\/li>\n<\/ul>\n","protected":false},"featured_media":4365,"comment_status":"open","ping_status":"closed","template":"","meta":[],"product_brand":[],"product_cat":[440],"product_tag":[],"class_list":{"0":"post-4333","1":"product","2":"type-product","3":"status-publish","4":"has-post-thumbnail","6":"product_cat-osta-kannabis-cbd-ljy","8":"first","9":"instock","10":"shipping-taxable","11":"purchasable","12":"product-type-variable","13":"has-default-attributes"},"yoast_head":"<!-- This site is optimized with the Yoast SEO plugin v27.3 - https:\/\/yoast.com\/product\/yoast-seo-wordpress\/ -->\n<title>Osta 100 mg THC hampunsiemen\u00f6ljykapseleita - parhaat maailmanlaajuiset l\u00e4\u00e4kkeet<\/title>\n<meta name=\"description\" content=\"Osta 100mg THC Hampunsiemen\u00f6ljy Kapselit on valmistettu koko kannabiksesta ja sis\u00e4lt\u00e4v\u00e4t runsaasti terpeenej\u00e4. N\u00e4m\u00e4 kapselit sis\u00e4lt\u00e4v\u00e4t korkealaatuista THC:t\u00e4 ja hampunsiemen\u00f6ljy\u00e4.\" \/>\n<meta name=\"robots\" content=\"index, follow, max-snippet:-1, max-image-preview:large, max-video-preview:-1\" \/>\n<link rel=\"canonical\" href=\"https:\/\/medicinasinc.com\/fi\/product\/osta-100mg-thc-hamppu-siemenoljy-kapseleita\/\" \/>\n<meta property=\"og:locale\" content=\"en_US\" \/>\n<meta property=\"og:type\" content=\"article\" \/>\n<meta property=\"og:title\" content=\"Osta 100 mg THC hampunsiemen\u00f6ljykapseleita - parhaat maailmanlaajuiset l\u00e4\u00e4kkeet\" \/>\n<meta property=\"og:description\" content=\"Osta 100mg THC Hampunsiemen\u00f6ljy Kapselit on valmistettu koko kannabiksesta ja sis\u00e4lt\u00e4v\u00e4t runsaasti terpeenej\u00e4. N\u00e4m\u00e4 kapselit sis\u00e4lt\u00e4v\u00e4t korkealaatuista THC:t\u00e4 ja hampunsiemen\u00f6ljy\u00e4.\" \/>\n<meta property=\"og:url\" content=\"https:\/\/medicinasinc.com\/fi\/product\/osta-100mg-thc-hamppu-siemenoljy-kapseleita\/\" \/>\n<meta property=\"og:site_name\" content=\"Medicinas Inc\" \/>\n<meta property=\"article:modified_time\" content=\"2022-03-22T01:25:32+00:00\" \/>\n<meta property=\"og:image\" content=\"https:\/\/medicinasinc.com\/fi\/wp-content\/uploads\/sites\/12\/2022\/02\/Buy-100mg-THC-Hemp-Seed-Oil-Capsules-2.jpg\" \/>\n\t<meta property=\"og:image:width\" content=\"344\" \/>\n\t<meta property=\"og:image:height\" content=\"400\" \/>\n\t<meta property=\"og:image:type\" content=\"image\/jpeg\" \/>\n<meta name=\"twitter:card\" content=\"summary_large_image\" \/>\n<meta name=\"twitter:label1\" content=\"Est. reading time\" \/>\n\t<meta name=\"twitter:data1\" content=\"1 minute\" \/>\n<script type=\"application\/ld+json\" class=\"yoast-schema-graph\">{\"@context\":\"https:\\\/\\\/schema.org\",\"@graph\":[{\"@type\":\"WebPage\",\"@id\":\"https:\\\/\\\/medicinasinc.com\\\/fi\\\/product\\\/osta-100mg-thc-hamppu-siemenoljy-kapseleita\\\/\",\"url\":\"https:\\\/\\\/medicinasinc.com\\\/fi\\\/product\\\/osta-100mg-thc-hamppu-siemenoljy-kapseleita\\\/\",\"name\":\"Osta 100 mg THC hampunsiemen\u00f6ljykapseleita - parhaat maailmanlaajuiset l\u00e4\u00e4kkeet\",\"isPartOf\":{\"@id\":\"https:\\\/\\\/medicinasinc.com\\\/fi\\\/#website\"},\"primaryImageOfPage\":{\"@id\":\"https:\\\/\\\/medicinasinc.com\\\/fi\\\/product\\\/osta-100mg-thc-hamppu-siemenoljy-kapseleita\\\/#primaryimage\"},\"image\":{\"@id\":\"https:\\\/\\\/medicinasinc.com\\\/fi\\\/product\\\/osta-100mg-thc-hamppu-siemenoljy-kapseleita\\\/#primaryimage\"},\"thumbnailUrl\":\"https:\\\/\\\/medicinasinc.com\\\/fi\\\/wp-content\\\/uploads\\\/sites\\\/12\\\/2022\\\/02\\\/Buy-100mg-THC-Hemp-Seed-Oil-Capsules-2.jpg\",\"datePublished\":\"2022-02-20T08:26:46+00:00\",\"dateModified\":\"2022-03-22T01:25:32+00:00\",\"description\":\"Osta 100mg THC Hampunsiemen\u00f6ljy Kapselit on valmistettu koko kannabiksesta ja sis\u00e4lt\u00e4v\u00e4t runsaasti terpeenej\u00e4. N\u00e4m\u00e4 kapselit sis\u00e4lt\u00e4v\u00e4t korkealaatuista THC:t\u00e4 ja hampunsiemen\u00f6ljy\u00e4.\",\"breadcrumb\":{\"@id\":\"https:\\\/\\\/medicinasinc.com\\\/fi\\\/product\\\/osta-100mg-thc-hamppu-siemenoljy-kapseleita\\\/#breadcrumb\"},\"inLanguage\":\"en-US\",\"potentialAction\":[{\"@type\":\"ReadAction\",\"target\":[\"https:\\\/\\\/medicinasinc.com\\\/fi\\\/product\\\/osta-100mg-thc-hamppu-siemenoljy-kapseleita\\\/\"]}]},{\"@type\":\"ImageObject\",\"inLanguage\":\"en-US\",\"@id\":\"https:\\\/\\\/medicinasinc.com\\\/fi\\\/product\\\/osta-100mg-thc-hamppu-siemenoljy-kapseleita\\\/#primaryimage\",\"url\":\"https:\\\/\\\/medicinasinc.com\\\/fi\\\/wp-content\\\/uploads\\\/sites\\\/12\\\/2022\\\/02\\\/Buy-100mg-THC-Hemp-Seed-Oil-Capsules-2.jpg\",\"contentUrl\":\"https:\\\/\\\/medicinasinc.com\\\/fi\\\/wp-content\\\/uploads\\\/sites\\\/12\\\/2022\\\/02\\\/Buy-100mg-THC-Hemp-Seed-Oil-Capsules-2.jpg\",\"width\":344,\"height\":400},{\"@type\":\"BreadcrumbList\",\"@id\":\"https:\\\/\\\/medicinasinc.com\\\/fi\\\/product\\\/osta-100mg-thc-hamppu-siemenoljy-kapseleita\\\/#breadcrumb\",\"itemListElement\":[{\"@type\":\"ListItem\",\"position\":1,\"name\":\"Myym\u00e4l\u00e4\",\"item\":\"https:\\\/\\\/medicinasinc.com\\\/fi\\\/myymala\\\/\"},{\"@type\":\"ListItem\",\"position\":2,\"name\":\"Osta 100mg THC hampunsiemen\u00f6ljykapseleita\"}]},{\"@type\":\"WebSite\",\"@id\":\"https:\\\/\\\/medicinasinc.com\\\/fi\\\/#website\",\"url\":\"https:\\\/\\\/medicinasinc.com\\\/fi\\\/\",\"name\":\"Medicinas Inc\",\"description\":\"Health Medical Clinic\",\"potentialAction\":[{\"@type\":\"SearchAction\",\"target\":{\"@type\":\"EntryPoint\",\"urlTemplate\":\"https:\\\/\\\/medicinasinc.com\\\/fi\\\/?s={search_term_string}\"},\"query-input\":{\"@type\":\"PropertyValueSpecification\",\"valueRequired\":true,\"valueName\":\"search_term_string\"}}],\"inLanguage\":\"en-US\"}]}<\/script>\n<!-- \/ Yoast SEO plugin. -->","yoast_head_json":{"title":"Osta 100 mg THC hampunsiemen\u00f6ljykapseleita - parhaat maailmanlaajuiset l\u00e4\u00e4kkeet","description":"Osta 100mg THC Hampunsiemen\u00f6ljy Kapselit on valmistettu koko kannabiksesta ja sis\u00e4lt\u00e4v\u00e4t runsaasti terpeenej\u00e4. N\u00e4m\u00e4 kapselit sis\u00e4lt\u00e4v\u00e4t korkealaatuista THC:t\u00e4 ja hampunsiemen\u00f6ljy\u00e4.","robots":{"index":"index","follow":"follow","max-snippet":"max-snippet:-1","max-image-preview":"max-image-preview:large","max-video-preview":"max-video-preview:-1"},"canonical":"https:\/\/medicinasinc.com\/fi\/product\/osta-100mg-thc-hamppu-siemenoljy-kapseleita\/","og_locale":"en_US","og_type":"article","og_title":"Osta 100 mg THC hampunsiemen\u00f6ljykapseleita - parhaat maailmanlaajuiset l\u00e4\u00e4kkeet","og_description":"Osta 100mg THC Hampunsiemen\u00f6ljy Kapselit on valmistettu koko kannabiksesta ja sis\u00e4lt\u00e4v\u00e4t runsaasti terpeenej\u00e4. N\u00e4m\u00e4 kapselit sis\u00e4lt\u00e4v\u00e4t korkealaatuista THC:t\u00e4 ja hampunsiemen\u00f6ljy\u00e4.","og_url":"https:\/\/medicinasinc.com\/fi\/product\/osta-100mg-thc-hamppu-siemenoljy-kapseleita\/","og_site_name":"Medicinas Inc","article_modified_time":"2022-03-22T01:25:32+00:00","og_image":[{"width":344,"height":400,"url":"https:\/\/medicinasinc.com\/fi\/wp-content\/uploads\/sites\/12\/2022\/02\/Buy-100mg-THC-Hemp-Seed-Oil-Capsules-2.jpg","type":"image\/jpeg"}],"twitter_card":"summary_large_image","twitter_misc":{"Est. reading time":"1 minute"},"schema":{"@context":"https:\/\/schema.org","@graph":[{"@type":"WebPage","@id":"https:\/\/medicinasinc.com\/fi\/product\/osta-100mg-thc-hamppu-siemenoljy-kapseleita\/","url":"https:\/\/medicinasinc.com\/fi\/product\/osta-100mg-thc-hamppu-siemenoljy-kapseleita\/","name":"Osta 100 mg THC hampunsiemen\u00f6ljykapseleita - parhaat maailmanlaajuiset l\u00e4\u00e4kkeet","isPartOf":{"@id":"https:\/\/medicinasinc.com\/fi\/#website"},"primaryImageOfPage":{"@id":"https:\/\/medicinasinc.com\/fi\/product\/osta-100mg-thc-hamppu-siemenoljy-kapseleita\/#primaryimage"},"image":{"@id":"https:\/\/medicinasinc.com\/fi\/product\/osta-100mg-thc-hamppu-siemenoljy-kapseleita\/#primaryimage"},"thumbnailUrl":"https:\/\/medicinasinc.com\/fi\/wp-content\/uploads\/sites\/12\/2022\/02\/Buy-100mg-THC-Hemp-Seed-Oil-Capsules-2.jpg","datePublished":"2022-02-20T08:26:46+00:00","dateModified":"2022-03-22T01:25:32+00:00","description":"Osta 100mg THC Hampunsiemen\u00f6ljy Kapselit on valmistettu koko kannabiksesta ja sis\u00e4lt\u00e4v\u00e4t runsaasti terpeenej\u00e4. N\u00e4m\u00e4 kapselit sis\u00e4lt\u00e4v\u00e4t korkealaatuista THC:t\u00e4 ja hampunsiemen\u00f6ljy\u00e4.","breadcrumb":{"@id":"https:\/\/medicinasinc.com\/fi\/product\/osta-100mg-thc-hamppu-siemenoljy-kapseleita\/#breadcrumb"},"inLanguage":"en-US","potentialAction":[{"@type":"ReadAction","target":["https:\/\/medicinasinc.com\/fi\/product\/osta-100mg-thc-hamppu-siemenoljy-kapseleita\/"]}]},{"@type":"ImageObject","inLanguage":"en-US","@id":"https:\/\/medicinasinc.com\/fi\/product\/osta-100mg-thc-hamppu-siemenoljy-kapseleita\/#primaryimage","url":"https:\/\/medicinasinc.com\/fi\/wp-content\/uploads\/sites\/12\/2022\/02\/Buy-100mg-THC-Hemp-Seed-Oil-Capsules-2.jpg","contentUrl":"https:\/\/medicinasinc.com\/fi\/wp-content\/uploads\/sites\/12\/2022\/02\/Buy-100mg-THC-Hemp-Seed-Oil-Capsules-2.jpg","width":344,"height":400},{"@type":"BreadcrumbList","@id":"https:\/\/medicinasinc.com\/fi\/product\/osta-100mg-thc-hamppu-siemenoljy-kapseleita\/#breadcrumb","itemListElement":[{"@type":"ListItem","position":1,"name":"Myym\u00e4l\u00e4","item":"https:\/\/medicinasinc.com\/fi\/myymala\/"},{"@type":"ListItem","position":2,"name":"Osta 100mg THC hampunsiemen\u00f6ljykapseleita"}]},{"@type":"WebSite","@id":"https:\/\/medicinasinc.com\/fi\/#website","url":"https:\/\/medicinasinc.com\/fi\/","name":"Medicinas Inc","description":"Health Medical Clinic","potentialAction":[{"@type":"SearchAction","target":{"@type":"EntryPoint","urlTemplate":"https:\/\/medicinasinc.com\/fi\/?s={search_term_string}"},"query-input":{"@type":"PropertyValueSpecification","valueRequired":true,"valueName":"search_term_string"}}],"inLanguage":"en-US"}]}},"_links":{"self":[{"href":"https:\/\/medicinasinc.com\/fi\/wp-json\/wp\/v2\/product\/4333","targetHints":{"allow":["GET"]}}],"collection":[{"href":"https:\/\/medicinasinc.com\/fi\/wp-json\/wp\/v2\/product"}],"about":[{"href":"https:\/\/medicinasinc.com\/fi\/wp-json\/wp\/v2\/types\/product"}],"replies":[{"embeddable":true,"href":"https:\/\/medicinasinc.com\/fi\/wp-json\/wp\/v2\/comments?post=4333"}],"wp:featuredmedia":[{"embeddable":true,"href":"https:\/\/medicinasinc.com\/fi\/wp-json\/wp\/v2\/media\/4365"}],"wp:attachment":[{"href":"https:\/\/medicinasinc.com\/fi\/wp-json\/wp\/v2\/media?parent=4333"}],"wp:term":[{"taxonomy":"product_brand","embeddable":true,"href":"https:\/\/medicinasinc.com\/fi\/wp-json\/wp\/v2\/product_brand?post=4333"},{"taxonomy":"product_cat","embeddable":true,"href":"https:\/\/medicinasinc.com\/fi\/wp-json\/wp\/v2\/product_cat?post=4333"},{"taxonomy":"product_tag","embeddable":true,"href":"https:\/\/medicinasinc.com\/fi\/wp-json\/wp\/v2\/product_tag?post=4333"}],"curies":[{"name":"wp","href":"https:\/\/api.w.org\/{rel}","templated":true}]}}