{"id":4327,"date":"2022-02-20T08:26:03","date_gmt":"2022-02-20T08:26:03","guid":{"rendered":"https:\/\/medicinasinc.com\/fi\/?post_type=product&#038;p=4327"},"modified":"2022-03-22T01:25:52","modified_gmt":"2022-03-22T01:25:52","slug":"tisle-tinktuura-1000mg-thc-vihrea-jumalatar","status":"publish","type":"product","link":"https:\/\/medicinasinc.com\/fi\/product\/tisle-tinktuura-1000mg-thc-vihrea-jumalatar\/","title":{"rendered":"Tisle Tinktuura &#8211; 1000mg THC &#8211; Vihre\u00e4 jumalatar"},"content":{"rendered":"<p>Green Goddess \u2013 1000mg THC-tinktuura<\/p>\n<p>Green Goddess Tinktuura -tippoilla on useita etuja muihin l\u00e4\u00e4ketieteellisten kannabinoidien annostelumenetelmiin verrattuna: 30 ml:n purkki, jossa on helppok\u00e4ytt\u00f6inen pisarak\u00e4ytt\u00f6 mahdollistaa tarkan ja luotettavan sublingvaalisen annostelun. Suun limakalvo helpottaa nopeaa ja tasaista imeytymist\u00e4 verenkiertoon. Ruoansulatusj\u00e4rjestelm\u00e4 ja maksa eiv\u00e4t ole mukana n\u00e4iden tinktuureiden k\u00e4sittelyss\u00e4, koska ne ovat mukana sy\u00f6t\u00e4viss\u00e4 olevien kannabinoidien kanssa. Huomaamaton ja ihanteellinen tupakoimattomille, jotka etsiv\u00e4t THC:n etuja, mutta joilla ei ole tupakoinnin edellytt\u00e4m\u00e4\u00e4 hengityskapasiteettia.<\/p>\n<p>Tuotettu k\u00e4ytt\u00e4m\u00e4ll\u00e4 koko kannabiskasvin uutetta. Lis\u00e4simme t\u00e4ysin luonnollisen C8+C10-\u00f6ljyn, joka on 100-prosenttisesti luomu kookosper\u00e4inen voimakkaiden keskipitk\u00e4ketjuisten rasvahappojen l\u00e4hde, jotka auttavat kehoa ja mielt\u00e4 toimimaan parhaimmillaan. Luonnollista aromia on lis\u00e4tty.<\/p>\n<p>Ainesosat:<\/p>\n<p>MCT-\u00f6ljy, johon on infusoitu koko kannabiskasviuutetta (THC)<\/p>\n<p>K\u00e4ytt\u00f6ehdotuksia<\/p>\n<p>1 -2 tippaa kolmen tai nelj\u00e4n tunnin v\u00e4lein, pudota kielen alle ja pid\u00e4 30 sekuntia maksimaalisen helpotuksen saavuttamiseksi. Ota yhteys l\u00e4\u00e4k\u00e4riisi oikean annoksen m\u00e4\u00e4ritt\u00e4miseksi. Tyhj\u00e4\u00e4n vatsaan ottamista ei suositella.<\/p>\n","protected":false},"excerpt":{"rendered":"<p>Premium-luokan CBD-tisle 1000mg THC-tinktuura hamppu\u00f6ljyss\u00e4mme on 1000mg CBD:t\u00e4 uutettu Coloradossa kasvatetusta luomuhampusta. Ota t\u00e4m\u00e4 tinktuura p\u00e4ivitt\u00e4in kasvien tuottamaa hyvinvointia varten!<\/p>\n<ul>\n<li>Maailmanlaajuinen toimitus<\/li>\n<li>1000 mg THC:t\u00e4 per 30 ml<\/li>\n<li>Minimitilausm\u00e4\u00e4r\u00e4 on 5<\/li>\n<li>Isompia tilauksia varten ota meihin yhteytt\u00e4<\/li>\n<\/ul>\n","protected":false},"featured_media":4357,"comment_status":"open","ping_status":"closed","template":"","meta":[],"product_brand":[],"product_cat":[440],"product_tag":[],"class_list":{"0":"post-4327","1":"product","2":"type-product","3":"status-publish","4":"has-post-thumbnail","6":"product_cat-osta-kannabis-cbd-ljy","8":"first","9":"instock","10":"shipping-taxable","11":"purchasable","12":"product-type-variable","13":"has-default-attributes"},"yoast_head":"<!-- This site is optimized with the Yoast SEO plugin v27.3 - https:\/\/yoast.com\/product\/yoast-seo-wordpress\/ -->\n<title>Tisle 1000 mg THC-tinktuura \u2013 Vihre\u00e4 jumalatar \u2013 parhaat maailmanlaajuiset l\u00e4\u00e4kkeet<\/title>\n<meta name=\"description\" content=\"Ensiluokkaisessa CBD-tisle 1000mg THC-tinktuura hamppu\u00f6ljyss\u00e4mme on 1000mg CBD:t\u00e4 uutettu Coloradossa kasvatetusta luomuhampusta. Ota t\u00e4m\u00e4 tinktuura p\u00e4ivitt\u00e4in saadaksesi kasvien voiman tuomaa hyvinvointia!\" \/>\n<meta name=\"robots\" content=\"index, follow, max-snippet:-1, max-image-preview:large, max-video-preview:-1\" \/>\n<link rel=\"canonical\" href=\"https:\/\/medicinasinc.com\/fi\/product\/tisle-tinktuura-1000mg-thc-vihrea-jumalatar\/\" \/>\n<meta property=\"og:locale\" content=\"en_US\" \/>\n<meta property=\"og:type\" content=\"article\" \/>\n<meta property=\"og:title\" content=\"Tisle 1000 mg THC-tinktuura \u2013 Vihre\u00e4 jumalatar \u2013 parhaat maailmanlaajuiset l\u00e4\u00e4kkeet\" \/>\n<meta property=\"og:description\" content=\"Ensiluokkaisessa CBD-tisle 1000mg THC-tinktuura hamppu\u00f6ljyss\u00e4mme on 1000mg CBD:t\u00e4 uutettu Coloradossa kasvatetusta luomuhampusta. Ota t\u00e4m\u00e4 tinktuura p\u00e4ivitt\u00e4in saadaksesi kasvien voiman tuomaa hyvinvointia!\" \/>\n<meta property=\"og:url\" content=\"https:\/\/medicinasinc.com\/fi\/product\/tisle-tinktuura-1000mg-thc-vihrea-jumalatar\/\" \/>\n<meta property=\"og:site_name\" content=\"Medicinas Inc\" \/>\n<meta property=\"article:modified_time\" content=\"2022-03-22T01:25:52+00:00\" \/>\n<meta property=\"og:image\" content=\"https:\/\/medicinasinc.com\/fi\/wp-content\/uploads\/sites\/12\/2022\/02\/1000mg-THC-Tincture.jpg\" \/>\n\t<meta property=\"og:image:width\" content=\"600\" \/>\n\t<meta property=\"og:image:height\" content=\"600\" \/>\n\t<meta property=\"og:image:type\" content=\"image\/jpeg\" \/>\n<meta name=\"twitter:card\" content=\"summary_large_image\" \/>\n<meta name=\"twitter:label1\" content=\"Est. reading time\" \/>\n\t<meta name=\"twitter:data1\" content=\"1 minute\" \/>\n<script type=\"application\/ld+json\" class=\"yoast-schema-graph\">{\"@context\":\"https:\\\/\\\/schema.org\",\"@graph\":[{\"@type\":\"WebPage\",\"@id\":\"https:\\\/\\\/medicinasinc.com\\\/fi\\\/product\\\/tisle-tinktuura-1000mg-thc-vihrea-jumalatar\\\/\",\"url\":\"https:\\\/\\\/medicinasinc.com\\\/fi\\\/product\\\/tisle-tinktuura-1000mg-thc-vihrea-jumalatar\\\/\",\"name\":\"Tisle 1000 mg THC-tinktuura \u2013 Vihre\u00e4 jumalatar \u2013 parhaat maailmanlaajuiset l\u00e4\u00e4kkeet\",\"isPartOf\":{\"@id\":\"https:\\\/\\\/medicinasinc.com\\\/fi\\\/#website\"},\"primaryImageOfPage\":{\"@id\":\"https:\\\/\\\/medicinasinc.com\\\/fi\\\/product\\\/tisle-tinktuura-1000mg-thc-vihrea-jumalatar\\\/#primaryimage\"},\"image\":{\"@id\":\"https:\\\/\\\/medicinasinc.com\\\/fi\\\/product\\\/tisle-tinktuura-1000mg-thc-vihrea-jumalatar\\\/#primaryimage\"},\"thumbnailUrl\":\"https:\\\/\\\/medicinasinc.com\\\/fi\\\/wp-content\\\/uploads\\\/sites\\\/12\\\/2022\\\/02\\\/1000mg-THC-Tincture.jpg\",\"datePublished\":\"2022-02-20T08:26:03+00:00\",\"dateModified\":\"2022-03-22T01:25:52+00:00\",\"description\":\"Ensiluokkaisessa CBD-tisle 1000mg THC-tinktuura hamppu\u00f6ljyss\u00e4mme on 1000mg CBD:t\u00e4 uutettu Coloradossa kasvatetusta luomuhampusta. Ota t\u00e4m\u00e4 tinktuura p\u00e4ivitt\u00e4in saadaksesi kasvien voiman tuomaa hyvinvointia!\",\"breadcrumb\":{\"@id\":\"https:\\\/\\\/medicinasinc.com\\\/fi\\\/product\\\/tisle-tinktuura-1000mg-thc-vihrea-jumalatar\\\/#breadcrumb\"},\"inLanguage\":\"en-US\",\"potentialAction\":[{\"@type\":\"ReadAction\",\"target\":[\"https:\\\/\\\/medicinasinc.com\\\/fi\\\/product\\\/tisle-tinktuura-1000mg-thc-vihrea-jumalatar\\\/\"]}]},{\"@type\":\"ImageObject\",\"inLanguage\":\"en-US\",\"@id\":\"https:\\\/\\\/medicinasinc.com\\\/fi\\\/product\\\/tisle-tinktuura-1000mg-thc-vihrea-jumalatar\\\/#primaryimage\",\"url\":\"https:\\\/\\\/medicinasinc.com\\\/fi\\\/wp-content\\\/uploads\\\/sites\\\/12\\\/2022\\\/02\\\/1000mg-THC-Tincture.jpg\",\"contentUrl\":\"https:\\\/\\\/medicinasinc.com\\\/fi\\\/wp-content\\\/uploads\\\/sites\\\/12\\\/2022\\\/02\\\/1000mg-THC-Tincture.jpg\",\"width\":600,\"height\":600},{\"@type\":\"BreadcrumbList\",\"@id\":\"https:\\\/\\\/medicinasinc.com\\\/fi\\\/product\\\/tisle-tinktuura-1000mg-thc-vihrea-jumalatar\\\/#breadcrumb\",\"itemListElement\":[{\"@type\":\"ListItem\",\"position\":1,\"name\":\"Myym\u00e4l\u00e4\",\"item\":\"https:\\\/\\\/medicinasinc.com\\\/fi\\\/myymala\\\/\"},{\"@type\":\"ListItem\",\"position\":2,\"name\":\"Tisle Tinktuura &#8211; 1000mg THC &#8211; Vihre\u00e4 jumalatar\"}]},{\"@type\":\"WebSite\",\"@id\":\"https:\\\/\\\/medicinasinc.com\\\/fi\\\/#website\",\"url\":\"https:\\\/\\\/medicinasinc.com\\\/fi\\\/\",\"name\":\"Medicinas Inc\",\"description\":\"Health Medical Clinic\",\"potentialAction\":[{\"@type\":\"SearchAction\",\"target\":{\"@type\":\"EntryPoint\",\"urlTemplate\":\"https:\\\/\\\/medicinasinc.com\\\/fi\\\/?s={search_term_string}\"},\"query-input\":{\"@type\":\"PropertyValueSpecification\",\"valueRequired\":true,\"valueName\":\"search_term_string\"}}],\"inLanguage\":\"en-US\"}]}<\/script>\n<!-- \/ Yoast SEO plugin. -->","yoast_head_json":{"title":"Tisle 1000 mg THC-tinktuura \u2013 Vihre\u00e4 jumalatar \u2013 parhaat maailmanlaajuiset l\u00e4\u00e4kkeet","description":"Ensiluokkaisessa CBD-tisle 1000mg THC-tinktuura hamppu\u00f6ljyss\u00e4mme on 1000mg CBD:t\u00e4 uutettu Coloradossa kasvatetusta luomuhampusta. Ota t\u00e4m\u00e4 tinktuura p\u00e4ivitt\u00e4in saadaksesi kasvien voiman tuomaa hyvinvointia!","robots":{"index":"index","follow":"follow","max-snippet":"max-snippet:-1","max-image-preview":"max-image-preview:large","max-video-preview":"max-video-preview:-1"},"canonical":"https:\/\/medicinasinc.com\/fi\/product\/tisle-tinktuura-1000mg-thc-vihrea-jumalatar\/","og_locale":"en_US","og_type":"article","og_title":"Tisle 1000 mg THC-tinktuura \u2013 Vihre\u00e4 jumalatar \u2013 parhaat maailmanlaajuiset l\u00e4\u00e4kkeet","og_description":"Ensiluokkaisessa CBD-tisle 1000mg THC-tinktuura hamppu\u00f6ljyss\u00e4mme on 1000mg CBD:t\u00e4 uutettu Coloradossa kasvatetusta luomuhampusta. Ota t\u00e4m\u00e4 tinktuura p\u00e4ivitt\u00e4in saadaksesi kasvien voiman tuomaa hyvinvointia!","og_url":"https:\/\/medicinasinc.com\/fi\/product\/tisle-tinktuura-1000mg-thc-vihrea-jumalatar\/","og_site_name":"Medicinas Inc","article_modified_time":"2022-03-22T01:25:52+00:00","og_image":[{"width":600,"height":600,"url":"https:\/\/medicinasinc.com\/fi\/wp-content\/uploads\/sites\/12\/2022\/02\/1000mg-THC-Tincture.jpg","type":"image\/jpeg"}],"twitter_card":"summary_large_image","twitter_misc":{"Est. reading time":"1 minute"},"schema":{"@context":"https:\/\/schema.org","@graph":[{"@type":"WebPage","@id":"https:\/\/medicinasinc.com\/fi\/product\/tisle-tinktuura-1000mg-thc-vihrea-jumalatar\/","url":"https:\/\/medicinasinc.com\/fi\/product\/tisle-tinktuura-1000mg-thc-vihrea-jumalatar\/","name":"Tisle 1000 mg THC-tinktuura \u2013 Vihre\u00e4 jumalatar \u2013 parhaat maailmanlaajuiset l\u00e4\u00e4kkeet","isPartOf":{"@id":"https:\/\/medicinasinc.com\/fi\/#website"},"primaryImageOfPage":{"@id":"https:\/\/medicinasinc.com\/fi\/product\/tisle-tinktuura-1000mg-thc-vihrea-jumalatar\/#primaryimage"},"image":{"@id":"https:\/\/medicinasinc.com\/fi\/product\/tisle-tinktuura-1000mg-thc-vihrea-jumalatar\/#primaryimage"},"thumbnailUrl":"https:\/\/medicinasinc.com\/fi\/wp-content\/uploads\/sites\/12\/2022\/02\/1000mg-THC-Tincture.jpg","datePublished":"2022-02-20T08:26:03+00:00","dateModified":"2022-03-22T01:25:52+00:00","description":"Ensiluokkaisessa CBD-tisle 1000mg THC-tinktuura hamppu\u00f6ljyss\u00e4mme on 1000mg CBD:t\u00e4 uutettu Coloradossa kasvatetusta luomuhampusta. Ota t\u00e4m\u00e4 tinktuura p\u00e4ivitt\u00e4in saadaksesi kasvien voiman tuomaa hyvinvointia!","breadcrumb":{"@id":"https:\/\/medicinasinc.com\/fi\/product\/tisle-tinktuura-1000mg-thc-vihrea-jumalatar\/#breadcrumb"},"inLanguage":"en-US","potentialAction":[{"@type":"ReadAction","target":["https:\/\/medicinasinc.com\/fi\/product\/tisle-tinktuura-1000mg-thc-vihrea-jumalatar\/"]}]},{"@type":"ImageObject","inLanguage":"en-US","@id":"https:\/\/medicinasinc.com\/fi\/product\/tisle-tinktuura-1000mg-thc-vihrea-jumalatar\/#primaryimage","url":"https:\/\/medicinasinc.com\/fi\/wp-content\/uploads\/sites\/12\/2022\/02\/1000mg-THC-Tincture.jpg","contentUrl":"https:\/\/medicinasinc.com\/fi\/wp-content\/uploads\/sites\/12\/2022\/02\/1000mg-THC-Tincture.jpg","width":600,"height":600},{"@type":"BreadcrumbList","@id":"https:\/\/medicinasinc.com\/fi\/product\/tisle-tinktuura-1000mg-thc-vihrea-jumalatar\/#breadcrumb","itemListElement":[{"@type":"ListItem","position":1,"name":"Myym\u00e4l\u00e4","item":"https:\/\/medicinasinc.com\/fi\/myymala\/"},{"@type":"ListItem","position":2,"name":"Tisle Tinktuura &#8211; 1000mg THC &#8211; Vihre\u00e4 jumalatar"}]},{"@type":"WebSite","@id":"https:\/\/medicinasinc.com\/fi\/#website","url":"https:\/\/medicinasinc.com\/fi\/","name":"Medicinas Inc","description":"Health Medical Clinic","potentialAction":[{"@type":"SearchAction","target":{"@type":"EntryPoint","urlTemplate":"https:\/\/medicinasinc.com\/fi\/?s={search_term_string}"},"query-input":{"@type":"PropertyValueSpecification","valueRequired":true,"valueName":"search_term_string"}}],"inLanguage":"en-US"}]}},"_links":{"self":[{"href":"https:\/\/medicinasinc.com\/fi\/wp-json\/wp\/v2\/product\/4327","targetHints":{"allow":["GET"]}}],"collection":[{"href":"https:\/\/medicinasinc.com\/fi\/wp-json\/wp\/v2\/product"}],"about":[{"href":"https:\/\/medicinasinc.com\/fi\/wp-json\/wp\/v2\/types\/product"}],"replies":[{"embeddable":true,"href":"https:\/\/medicinasinc.com\/fi\/wp-json\/wp\/v2\/comments?post=4327"}],"wp:featuredmedia":[{"embeddable":true,"href":"https:\/\/medicinasinc.com\/fi\/wp-json\/wp\/v2\/media\/4357"}],"wp:attachment":[{"href":"https:\/\/medicinasinc.com\/fi\/wp-json\/wp\/v2\/media?parent=4327"}],"wp:term":[{"taxonomy":"product_brand","embeddable":true,"href":"https:\/\/medicinasinc.com\/fi\/wp-json\/wp\/v2\/product_brand?post=4327"},{"taxonomy":"product_cat","embeddable":true,"href":"https:\/\/medicinasinc.com\/fi\/wp-json\/wp\/v2\/product_cat?post=4327"},{"taxonomy":"product_tag","embeddable":true,"href":"https:\/\/medicinasinc.com\/fi\/wp-json\/wp\/v2\/product_tag?post=4327"}],"curies":[{"name":"wp","href":"https:\/\/api.w.org\/{rel}","templated":true}]}}