{"id":3,"date":"2022-02-19T02:31:18","date_gmt":"2022-02-19T02:31:18","guid":{"rendered":"https:\/\/medicinasinc.com\/fi\/?page_id=3"},"modified":"2022-04-10T11:43:16","modified_gmt":"2022-04-10T11:43:16","slug":"politiikkaa","status":"publish","type":"page","link":"https:\/\/medicinasinc.com\/fi\/politiikkaa\/","title":{"rendered":"Yksityisyys ja ehdot"},"content":{"rendered":"<p>[vc_section][vc_row][vc_column][vc_row_inner][vc_column_inner][vc_custom_heading text=&#8221;Meid\u00e4n politiikkamme&#8221; font_container=&#8221;tag:h1|text_align:left&#8221; use_theme_fonts=&#8221;yes&#8221;][vc_separator align=&#8221;align_left&#8221; border_width=&#8221;2&#8243; el_width=&#8221;10&#8243;][\/vc_column_inner][\/vc_row_inner][\/vc_column][\/vc_row][vc_row][vc_column][vc_row_inner][vc_column_inner][vc_empty_space][vc_custom_heading text=&#8221;On kysymys?&#8221; use_theme_fonts=&#8221;yes&#8221;][\/vc_column_inner][\/vc_row_inner][vc_row_inner][vc_column_inner][vc_column_text]Katso alta useimmin kysytyt kysymykset koskien Medicinasta.<\/p>\n<p>Jos sinulla on etsim\u00e4si kysymys, mutta et l\u00f6yd\u00e4 sit\u00e4, <strong>ota meihin yhteytt\u00e4<\/strong>.[\/vc_column_text][\/vc_column_inner][\/vc_row_inner][vc_row_inner][vc_column_inner][vc_btn title=&#8221;Ota yhteytt\u00e4&#8221; link=&#8221;url:%2Ffi%2Fottaa-yhteytta%2F&#8221;][\/vc_column_inner][\/vc_row_inner][\/vc_column][\/vc_row][\/vc_section][vc_section][vc_row][vc_column][vc_row_inner][vc_column_inner][vc_empty_space height=&#8221;75px&#8221;][\/vc_column_inner][\/vc_row_inner][vc_row_inner][vc_column_inner][vc_column_text]<\/p>\n<ul>\n<li><a href=\"#shipping\">Toimitusk\u00e4yt\u00e4nt\u00f6<\/a><\/li>\n<li><a href=\"#cancellation\">Tilauksen peruutusk\u00e4yt\u00e4nt\u00f6<\/a><\/li>\n<li><a href=\"#refund\">Hyvitysk\u00e4yt\u00e4nt\u00f6<\/a><\/li>\n<li><a href=\"#privacy\">Tietosuojak\u00e4yt\u00e4nt\u00f6<\/a><\/li>\n<li><a href=\"#disclaimer\">Vastuuvapauslauseke<\/a><\/li>\n<\/ul>\n<p>[\/vc_column_text][\/vc_column_inner][\/vc_row_inner][\/vc_column][\/vc_row][\/vc_section][vc_section el_id=&#8221;shipping&#8221;][vc_row][vc_column][vc_row_inner][vc_column_inner][vc_empty_space height=&#8221;75px&#8221;][vc_custom_heading text=&#8221;Toimitusehdot&#8221; use_theme_fonts=&#8221;yes&#8221;][\/vc_column_inner][\/vc_row_inner][vc_row_inner][vc_column_inner][vc_column_text]Tarjoamamme l\u00e4\u00e4kkeet valmistetaan ja toimitetaan Intiasta. Matka on pitk\u00e4, joten toimitus vie aikaa. Tavallisesti l\u00e4hetykset toimitetaan 10-17 p\u00e4iv\u00e4n sis\u00e4ll\u00e4, mutta joissain tapauksissa voi olla viel\u00e4 5 p\u00e4iv\u00e4n viive.<\/p>\n<p>Mik\u00e4li toimitus ei onnistu m\u00e4\u00e4r\u00e4ajan j\u00e4lkeen, ota meihin yhteytt\u00e4 ja kerro asiasta. Teemme parhaamme tarjotaksemme sinulle ratkaisun, joka vastaa t\u00e4ysin kiinnostuksesi. Napsauta <a href=\"\/faq#shipping\" rel=\"nofollow\">t\u00e4t\u00e4<\/a> saadaksesi lis\u00e4tietoja toimituksesta.[\/vc_column_text][\/vc_column_inner][\/vc_row_inner][\/vc_column][\/vc_row][\/vc_section][vc_section el_id=&#8221;cancellation&#8221;][vc_row][vc_column][vc_row_inner][vc_column_inner][vc_empty_space height=&#8221;75px&#8221;][vc_custom_heading text=&#8221;Tilauksen peruutusehdot&#8221; use_theme_fonts=&#8221;yes&#8221;][\/vc_column_inner][\/vc_row_inner][vc_row_inner][vc_column_inner][vc_column_text]Huomioithan, ett\u00e4 hyv\u00e4ksymme tilauksen peruutukset VAIN 24 tunnin sis\u00e4ll\u00e4 tilauksen l\u00e4hett\u00e4misest\u00e4. Jos haluat peruuttaa tilauksen, sinun on otettava yhteytt\u00e4 tukitiimiimme puhelimitse tai s\u00e4hk\u00f6postitse ( <a href=\"\/fi\/ottaa-yhteytta\/\" rel=\"nofollow\">Ota yhteytt\u00e4<\/a> ) ja ilmoitettava heille p\u00e4\u00e4t\u00f6ksest\u00e4si . Jos otat meihin yhteytt\u00e4 24 tunnin kuluttua, tilauksen peruutusta ei k\u00e4sitell\u00e4.<\/p>\n<p>Varmista, ett\u00e4 lis\u00e4\u00e4t voimassa olevan toimitusosoitteen tilauslomakkeeseen, suosittelemme tarkistamaan huomautukset ennen tilauksen l\u00e4hett\u00e4mist\u00e4. Mik\u00e4 tahansa virhe voi aiheuttaa tilattujen tuotteiden toimittamatta j\u00e4tt\u00e4misen. Jos olet huomannut, ett\u00e4 osoitehuomautukset on m\u00e4\u00e4ritetty v\u00e4\u00e4rin, ota meihin yhteytt\u00e4 mahdollisimman pian ja kerro asiasta ( <a href=\"\/fi\/ottaa-yhteytta\/\" rel=\"nofollow\">Ota yhteytt\u00e4<\/a> ).[\/vc_column_text][\/vc_column_inner][\/vc_row_inner][\/vc_column][\/vc_row][\/vc_section][vc_section el_id=&#8221;refund&#8221;][vc_row][vc_column][vc_row_inner][vc_column_inner][vc_empty_space height=&#8221;75px&#8221;][vc_custom_heading text=&#8221;Palautusoikeus&#8221; use_theme_fonts=&#8221;yes&#8221;][\/vc_column_inner][\/vc_row_inner][vc_row_inner][vc_column_inner][vc_column_text]The medications we offer are generically equivalent to their brand-name counterparts. We guarantee that they are the same chemically and have the same medical effect.<\/p>\n<p>In case you are not satisfied with the effect our medications produce, please <a href=\"\/contact\/\" rel=\"nofollow\">contact us<\/a> to inform of the problem. We will supply you with the return address and as soon as the product is received by our returns department, we will start the refund procedure.<\/p>\n<p>Before contacting us, please, make sure that you take the right dosage of the products and follow the instructions for use. Mind that the effects can be slowed down by fatty food and alcohol you take prior to the tab.<\/p>\n<p>In case of <strong>non-delivery of the product<\/strong> by the deadline (the delivery takes 10-17 days, there may be an additional delay for 5 days for the customs checking) you can contact our support team ( <a href=\"\/contact\/\" rel=\"nofollow\">Contact US<\/a> ) to qualify for a refund. Your payment will be fully reimbursed to your credit card. The refund procedure usually takes 5-7 business days, after this period the refund will be reflected at your credit card statement.<\/p>\n<p>Due to the specific nature of products we offer we do not accept returns. No one can guarantee that the storage conditions are met during the order transportation thus we cannot accept them even if the package remains unopened.[\/vc_column_text][\/vc_column_inner][\/vc_row_inner][\/vc_column][\/vc_row][\/vc_section][vc_section el_id=&#8221;privacy&#8221;][vc_row][vc_column][vc_row_inner][vc_column_inner][vc_empty_space height=&#8221;75px&#8221;][vc_custom_heading text=&#8221;Tietosuojak\u00e4yt\u00e4nt\u00f6&#8221; use_theme_fonts=&#8221;yes&#8221;][\/vc_column_inner][\/vc_row_inner][vc_row_inner][vc_column_inner][vc_column_text]Ymm\u00e4rr\u00e4mme, ett\u00e4 kaikkien antamiesi tietojen yksityisyys on ensiarvoisen t\u00e4rke\u00e4\u00e4. Siksi teemme kaikkemme k\u00e4ytt\u00e4\u00e4ksemme sit\u00e4 huolellisesti ja j\u00e4rkev\u00e4sti. N\u00e4it\u00e4 tietoja ei koskaan jaeta muille yrityksille tai kolmannen osapuolen palveluntarjoajille.<\/p>\n<p>Kaikki maksutapahtumat kassasivullamme ovat 100 % turvallisia. Suojaamme tietojesi turvallisuuden k\u00e4ytt\u00e4m\u00e4ll\u00e4 256-bittist\u00e4 Secure Sockets Layer (SSL) -ohjelmistoa, joka salaa kaikki sy\u00f6tt\u00e4m\u00e4si tiedot. Lis\u00e4ksi laskutuspalvelimemme ovat riippumattomien ja hyv\u00e4maineisten virastojen sertifioimia, jotka varmistavat, ett\u00e4 pid\u00e4mme tietosi turvassa ja yksityisin\u00e4.<\/p>\n<p>Vain luottokorttisi 4 viimeist\u00e4 numeroa n\u00e4kyv\u00e4t tietokannassamme, joten edes asiakastukemme operaattorilla ei ole p\u00e4\u00e4sy\u00e4 luottokorttitietoihin.[\/vc_column_text][\/vc_column_inner][\/vc_row_inner][\/vc_column][\/vc_row][\/vc_section][vc_section el_id=&#8221;disclaimer&#8221;][vc_row][vc_column][vc_row_inner][vc_column_inner][vc_empty_space height=&#8221;75px&#8221;][vc_custom_heading text=&#8221;Vastuuvapauslauseke&#8221; use_theme_fonts=&#8221;yes&#8221;][\/vc_column_inner][\/vc_row_inner][vc_row_inner][vc_column_inner][vc_column_text]Yrityksemme ei ole vastuussa ja kiist\u00e4\u00e4 nimenomaisesti kaiken vastuun toimitusviiveist\u00e4, jotka eiv\u00e4t ylit\u00e4 10 p\u00e4iv\u00e4\u00e4 m\u00e4\u00e4ritetyn arvioidun toimitusp\u00e4iv\u00e4n j\u00e4lkeen. 10 (kymmenen) p\u00e4iv\u00e4\u00e4 ilmoitetusta arvioidusta toimitusp\u00e4iv\u00e4st\u00e4 tai paikallisen vapaap\u00e4iv\u00e4n tapauksessa seuraava arkip\u00e4iv\u00e4 katsotaan m\u00e4\u00e4r\u00e4ajaksi.<\/p>\n<p>Yrityksemme ei ole vastuussa ep\u00e4onnistuneesta toimituksesta, jos Asiakas on ilmoittanut puutteellisen osoitteen, v\u00e4\u00e4r\u00e4n osoitteen tai osoitteen, joka ei muuten johda onnistuneeseen toimitukseen.<br \/>\nYrityksemme ei ole vastuussa ep\u00e4onnistuneesta toimituksesta, jos Asiakas ei ole lunastanut pakettia, kielt\u00e4ytyi siit\u00e4 tai esti onnistuneen toimituksen jollakin muulla tavalla. Kaikki uudelleenl\u00e4hetykset t\u00e4llaisissa tapauksissa suoritetaan vain kansainv\u00e4lisen postin kautta.<\/p>\n<p>Yrityksemme ei ole vastuussa ja nimenomaisesti irtisanoutuu kaikesta vastuusta sellaisten geneeristen tuotteiden toimittamisesta, jotka eiv\u00e4t t\u00e4yt\u00e4 Asiakkaan odotuksia esimerkiksi pillerin v\u00e4rin, muodon ja koon perusteella, pilleriin painettuina tai tuotemerkein\u00e4, jossa on markkinointinimi tai sen on valmistanut eri valmistaja kuin se, jonka Asiakas odottaa saavan.<br \/>\nKaikkien geneeristen tuotteiden osalta kaikki verkkosivustolla esitetyt tuotetiedot, kuten, mutta niihin rajoittumatta, pikkukuvat, tuotekuvat, valmistajien nimet ja markkinointinimet, ovat olemassa vain tiedoksi.<\/p>\n<p>Yrityksemme ei ole vastuussa ja kiist\u00e4\u00e4 nimenomaisesti kaiken vastuun vastaanotetun tuotteen tehottomuudesta, jos tuote on ostettu etiketin ulkopuoliseen k\u00e4ytt\u00f6\u00f6n.<\/p>\n<p>Tekem\u00e4ll\u00e4 tilauksen yritykselt\u00e4mme vahvistat, ett\u00e4 olet lukenut, ymm\u00e4rt\u00e4nyt ja hyv\u00e4ksynyt t\u00e4m\u00e4n vastuuvapauslausekkeen. Kaikki toimenpiteet, jotka suoritetaan maksusi takaisin vaatimiseksi mist\u00e4 tahansa yll\u00e4 luetelluista syist\u00e4, katsotaan vilpillisiksi toimiksi, ja ne voivat johtaa oikeustoimiin ja sulkemiseen j\u00e4rjestelm\u00e4st\u00e4mme.[\/vc_column_text][\/vc_column_inner][\/vc_row_inner][\/vc_column][\/vc_row][\/vc_section]<\/p>\n","protected":false},"excerpt":{"rendered":"<p>[vc_section][vc_row][vc_column][vc_row_inner][vc_column_inner][vc_custom_heading text=&#8221;Meid\u00e4n politiikkamme&#8221; font_container=&#8221;tag:h1|text_align:left&#8221; use_theme_fonts=&#8221;yes&#8221;][vc_separator align=&#8221;align_left&#8221; border_width=&#8221;2&#8243; el_width=&#8221;10&#8243;][\/vc_column_inner][\/vc_row_inner][\/vc_column][\/vc_row][vc_row][vc_column][vc_row_inner][vc_column_inner][vc_empty_space][vc_custom_heading text=&#8221;On kysymys?&#8221; use_theme_fonts=&#8221;yes&#8221;][\/vc_column_inner][\/vc_row_inner][vc_row_inner][vc_column_inner][vc_column_text]Katso alta useimmin kysytyt kysymykset koskien Medicinasta. Jos sinulla on etsim\u00e4si kysymys, mutta et l\u00f6yd\u00e4 sit\u00e4, ota meihin yhteytt\u00e4.[\/vc_column_text][\/vc_column_inner][\/vc_row_inner][vc_row_inner][vc_column_inner][vc_btn title=&#8221;Ota yhteytt\u00e4&#8221; link=&#8221;url:%2Ffi%2Fottaa-yhteytta%2F&#8221;][\/vc_column_inner][\/vc_row_inner][\/vc_column][\/vc_row][\/vc_section][vc_section][vc_row][vc_column][vc_row_inner][vc_column_inner][vc_empty_space height=&#8221;75px&#8221;][\/vc_column_inner][\/vc_row_inner][vc_row_inner][vc_column_inner][vc_column_text] Toimitusk\u00e4yt\u00e4nt\u00f6 Tilauksen peruutusk\u00e4yt\u00e4nt\u00f6 Hyvitysk\u00e4yt\u00e4nt\u00f6 Tietosuojak\u00e4yt\u00e4nt\u00f6 Vastuuvapauslauseke [\/vc_column_text][\/vc_column_inner][\/vc_row_inner][\/vc_column][\/vc_row][\/vc_section][vc_section el_id=&#8221;shipping&#8221;][vc_row][vc_column][vc_row_inner][vc_column_inner][vc_empty_space height=&#8221;75px&#8221;][vc_custom_heading text=&#8221;Toimitusehdot&#8221; use_theme_fonts=&#8221;yes&#8221;][\/vc_column_inner][\/vc_row_inner][vc_row_inner][vc_column_inner][vc_column_text]Tarjoamamme l\u00e4\u00e4kkeet valmistetaan ja toimitetaan Intiasta. Matka on pitk\u00e4, joten toimitus vie<\/p>\n","protected":false},"author":1,"featured_media":6020,"parent":0,"menu_order":0,"comment_status":"closed","ping_status":"closed","template":"","meta":{"footnotes":""},"class_list":["post-3","page","type-page","status-publish","has-post-thumbnail","hentry"],"yoast_head":"<!-- This site is optimized with the Yoast SEO plugin v27.3 - https:\/\/yoast.com\/product\/yoast-seo-wordpress\/ -->\n<title>Yksityisyys ja ehdot - Medicinas Inc<\/title>\n<meta name=\"robots\" content=\"index, follow, max-snippet:-1, max-image-preview:large, max-video-preview:-1\" \/>\n<link rel=\"canonical\" href=\"https:\/\/medicinasinc.com\/fi\/politiikkaa\/\" \/>\n<meta property=\"og:locale\" content=\"en_US\" \/>\n<meta property=\"og:type\" content=\"article\" \/>\n<meta property=\"og:title\" content=\"Yksityisyys ja ehdot - Medicinas Inc\" \/>\n<meta property=\"og:description\" content=\"[vc_section][vc_row][vc_column][vc_row_inner][vc_column_inner][vc_custom_heading text=&#8221;Meid\u00e4n politiikkamme&#8221; font_container=&#8221;tag:h1|text_align:left&#8221; use_theme_fonts=&#8221;yes&#8221;][vc_separator align=&#8221;align_left&#8221; border_width=&#8221;2&#8243; el_width=&#8221;10&#8243;][\/vc_column_inner][\/vc_row_inner][\/vc_column][\/vc_row][vc_row][vc_column][vc_row_inner][vc_column_inner][vc_empty_space][vc_custom_heading text=&#8221;On kysymys?&#8221; use_theme_fonts=&#8221;yes&#8221;][\/vc_column_inner][\/vc_row_inner][vc_row_inner][vc_column_inner][vc_column_text]Katso alta useimmin kysytyt kysymykset koskien Medicinasta. Jos sinulla on etsim\u00e4si kysymys, mutta et l\u00f6yd\u00e4 sit\u00e4, ota meihin yhteytt\u00e4.[\/vc_column_text][\/vc_column_inner][\/vc_row_inner][vc_row_inner][vc_column_inner][vc_btn title=&#8221;Ota yhteytt\u00e4&#8221; link=&#8221;url:%2Ffi%2Fottaa-yhteytta%2F&#8221;][\/vc_column_inner][\/vc_row_inner][\/vc_column][\/vc_row][\/vc_section][vc_section][vc_row][vc_column][vc_row_inner][vc_column_inner][vc_empty_space height=&#8221;75px&#8221;][\/vc_column_inner][\/vc_row_inner][vc_row_inner][vc_column_inner][vc_column_text] Toimitusk\u00e4yt\u00e4nt\u00f6 Tilauksen peruutusk\u00e4yt\u00e4nt\u00f6 Hyvitysk\u00e4yt\u00e4nt\u00f6 Tietosuojak\u00e4yt\u00e4nt\u00f6 Vastuuvapauslauseke [\/vc_column_text][\/vc_column_inner][\/vc_row_inner][\/vc_column][\/vc_row][\/vc_section][vc_section el_id=&#8221;shipping&#8221;][vc_row][vc_column][vc_row_inner][vc_column_inner][vc_empty_space height=&#8221;75px&#8221;][vc_custom_heading text=&#8221;Toimitusehdot&#8221; use_theme_fonts=&#8221;yes&#8221;][\/vc_column_inner][\/vc_row_inner][vc_row_inner][vc_column_inner][vc_column_text]Tarjoamamme l\u00e4\u00e4kkeet valmistetaan ja toimitetaan Intiasta. Matka on pitk\u00e4, joten toimitus vie\" \/>\n<meta property=\"og:url\" content=\"https:\/\/medicinasinc.com\/fi\/politiikkaa\/\" \/>\n<meta property=\"og:site_name\" content=\"Medicinas Inc\" \/>\n<meta property=\"article:modified_time\" content=\"2022-04-10T11:43:16+00:00\" \/>\n<meta name=\"twitter:card\" content=\"summary_large_image\" \/>\n<meta name=\"twitter:label1\" content=\"Est. reading time\" \/>\n\t<meta name=\"twitter:data1\" content=\"4 minutes\" \/>\n<script type=\"application\/ld+json\" class=\"yoast-schema-graph\">{\"@context\":\"https:\\\/\\\/schema.org\",\"@graph\":[{\"@type\":\"WebPage\",\"@id\":\"https:\\\/\\\/medicinasinc.com\\\/fi\\\/politiikkaa\\\/\",\"url\":\"https:\\\/\\\/medicinasinc.com\\\/fi\\\/politiikkaa\\\/\",\"name\":\"Yksityisyys ja ehdot - Medicinas Inc\",\"isPartOf\":{\"@id\":\"https:\\\/\\\/medicinasinc.com\\\/fi\\\/#website\"},\"primaryImageOfPage\":{\"@id\":\"https:\\\/\\\/medicinasinc.com\\\/fi\\\/politiikkaa\\\/#primaryimage\"},\"image\":{\"@id\":\"https:\\\/\\\/medicinasinc.com\\\/fi\\\/politiikkaa\\\/#primaryimage\"},\"thumbnailUrl\":\"https:\\\/\\\/medicinasinc.com\\\/fi\\\/wp-content\\\/uploads\\\/sites\\\/12\\\/2022\\\/04\\\/woocommerce-placeholder-medicinasinc.com_.png\",\"datePublished\":\"2022-02-19T02:31:18+00:00\",\"dateModified\":\"2022-04-10T11:43:16+00:00\",\"inLanguage\":\"en-US\",\"potentialAction\":[{\"@type\":\"ReadAction\",\"target\":[\"https:\\\/\\\/medicinasinc.com\\\/fi\\\/politiikkaa\\\/\"]}]},{\"@type\":\"ImageObject\",\"inLanguage\":\"en-US\",\"@id\":\"https:\\\/\\\/medicinasinc.com\\\/fi\\\/politiikkaa\\\/#primaryimage\",\"url\":\"https:\\\/\\\/medicinasinc.com\\\/fi\\\/wp-content\\\/uploads\\\/sites\\\/12\\\/2022\\\/04\\\/woocommerce-placeholder-medicinasinc.com_.png\",\"contentUrl\":\"https:\\\/\\\/medicinasinc.com\\\/fi\\\/wp-content\\\/uploads\\\/sites\\\/12\\\/2022\\\/04\\\/woocommerce-placeholder-medicinasinc.com_.png\",\"width\":1200,\"height\":1200},{\"@type\":\"WebSite\",\"@id\":\"https:\\\/\\\/medicinasinc.com\\\/fi\\\/#website\",\"url\":\"https:\\\/\\\/medicinasinc.com\\\/fi\\\/\",\"name\":\"Medicinas Inc\",\"description\":\"Health Medical Clinic\",\"potentialAction\":[{\"@type\":\"SearchAction\",\"target\":{\"@type\":\"EntryPoint\",\"urlTemplate\":\"https:\\\/\\\/medicinasinc.com\\\/fi\\\/?s={search_term_string}\"},\"query-input\":{\"@type\":\"PropertyValueSpecification\",\"valueRequired\":true,\"valueName\":\"search_term_string\"}}],\"inLanguage\":\"en-US\"}]}<\/script>\n<!-- \/ Yoast SEO plugin. -->","yoast_head_json":{"title":"Yksityisyys ja ehdot - Medicinas Inc","robots":{"index":"index","follow":"follow","max-snippet":"max-snippet:-1","max-image-preview":"max-image-preview:large","max-video-preview":"max-video-preview:-1"},"canonical":"https:\/\/medicinasinc.com\/fi\/politiikkaa\/","og_locale":"en_US","og_type":"article","og_title":"Yksityisyys ja ehdot - Medicinas Inc","og_description":"[vc_section][vc_row][vc_column][vc_row_inner][vc_column_inner][vc_custom_heading text=&#8221;Meid\u00e4n politiikkamme&#8221; font_container=&#8221;tag:h1|text_align:left&#8221; use_theme_fonts=&#8221;yes&#8221;][vc_separator align=&#8221;align_left&#8221; border_width=&#8221;2&#8243; el_width=&#8221;10&#8243;][\/vc_column_inner][\/vc_row_inner][\/vc_column][\/vc_row][vc_row][vc_column][vc_row_inner][vc_column_inner][vc_empty_space][vc_custom_heading text=&#8221;On kysymys?&#8221; use_theme_fonts=&#8221;yes&#8221;][\/vc_column_inner][\/vc_row_inner][vc_row_inner][vc_column_inner][vc_column_text]Katso alta useimmin kysytyt kysymykset koskien Medicinasta. Jos sinulla on etsim\u00e4si kysymys, mutta et l\u00f6yd\u00e4 sit\u00e4, ota meihin yhteytt\u00e4.[\/vc_column_text][\/vc_column_inner][\/vc_row_inner][vc_row_inner][vc_column_inner][vc_btn title=&#8221;Ota yhteytt\u00e4&#8221; link=&#8221;url:%2Ffi%2Fottaa-yhteytta%2F&#8221;][\/vc_column_inner][\/vc_row_inner][\/vc_column][\/vc_row][\/vc_section][vc_section][vc_row][vc_column][vc_row_inner][vc_column_inner][vc_empty_space height=&#8221;75px&#8221;][\/vc_column_inner][\/vc_row_inner][vc_row_inner][vc_column_inner][vc_column_text] Toimitusk\u00e4yt\u00e4nt\u00f6 Tilauksen peruutusk\u00e4yt\u00e4nt\u00f6 Hyvitysk\u00e4yt\u00e4nt\u00f6 Tietosuojak\u00e4yt\u00e4nt\u00f6 Vastuuvapauslauseke [\/vc_column_text][\/vc_column_inner][\/vc_row_inner][\/vc_column][\/vc_row][\/vc_section][vc_section el_id=&#8221;shipping&#8221;][vc_row][vc_column][vc_row_inner][vc_column_inner][vc_empty_space height=&#8221;75px&#8221;][vc_custom_heading text=&#8221;Toimitusehdot&#8221; use_theme_fonts=&#8221;yes&#8221;][\/vc_column_inner][\/vc_row_inner][vc_row_inner][vc_column_inner][vc_column_text]Tarjoamamme l\u00e4\u00e4kkeet valmistetaan ja toimitetaan Intiasta. Matka on pitk\u00e4, joten toimitus vie","og_url":"https:\/\/medicinasinc.com\/fi\/politiikkaa\/","og_site_name":"Medicinas Inc","article_modified_time":"2022-04-10T11:43:16+00:00","twitter_card":"summary_large_image","twitter_misc":{"Est. reading time":"4 minutes"},"schema":{"@context":"https:\/\/schema.org","@graph":[{"@type":"WebPage","@id":"https:\/\/medicinasinc.com\/fi\/politiikkaa\/","url":"https:\/\/medicinasinc.com\/fi\/politiikkaa\/","name":"Yksityisyys ja ehdot - Medicinas Inc","isPartOf":{"@id":"https:\/\/medicinasinc.com\/fi\/#website"},"primaryImageOfPage":{"@id":"https:\/\/medicinasinc.com\/fi\/politiikkaa\/#primaryimage"},"image":{"@id":"https:\/\/medicinasinc.com\/fi\/politiikkaa\/#primaryimage"},"thumbnailUrl":"https:\/\/medicinasinc.com\/fi\/wp-content\/uploads\/sites\/12\/2022\/04\/woocommerce-placeholder-medicinasinc.com_.png","datePublished":"2022-02-19T02:31:18+00:00","dateModified":"2022-04-10T11:43:16+00:00","inLanguage":"en-US","potentialAction":[{"@type":"ReadAction","target":["https:\/\/medicinasinc.com\/fi\/politiikkaa\/"]}]},{"@type":"ImageObject","inLanguage":"en-US","@id":"https:\/\/medicinasinc.com\/fi\/politiikkaa\/#primaryimage","url":"https:\/\/medicinasinc.com\/fi\/wp-content\/uploads\/sites\/12\/2022\/04\/woocommerce-placeholder-medicinasinc.com_.png","contentUrl":"https:\/\/medicinasinc.com\/fi\/wp-content\/uploads\/sites\/12\/2022\/04\/woocommerce-placeholder-medicinasinc.com_.png","width":1200,"height":1200},{"@type":"WebSite","@id":"https:\/\/medicinasinc.com\/fi\/#website","url":"https:\/\/medicinasinc.com\/fi\/","name":"Medicinas Inc","description":"Health Medical Clinic","potentialAction":[{"@type":"SearchAction","target":{"@type":"EntryPoint","urlTemplate":"https:\/\/medicinasinc.com\/fi\/?s={search_term_string}"},"query-input":{"@type":"PropertyValueSpecification","valueRequired":true,"valueName":"search_term_string"}}],"inLanguage":"en-US"}]}},"_links":{"self":[{"href":"https:\/\/medicinasinc.com\/fi\/wp-json\/wp\/v2\/pages\/3","targetHints":{"allow":["GET"]}}],"collection":[{"href":"https:\/\/medicinasinc.com\/fi\/wp-json\/wp\/v2\/pages"}],"about":[{"href":"https:\/\/medicinasinc.com\/fi\/wp-json\/wp\/v2\/types\/page"}],"author":[{"embeddable":true,"href":"https:\/\/medicinasinc.com\/fi\/wp-json\/wp\/v2\/users\/1"}],"replies":[{"embeddable":true,"href":"https:\/\/medicinasinc.com\/fi\/wp-json\/wp\/v2\/comments?post=3"}],"version-history":[{"count":0,"href":"https:\/\/medicinasinc.com\/fi\/wp-json\/wp\/v2\/pages\/3\/revisions"}],"wp:featuredmedia":[{"embeddable":true,"href":"https:\/\/medicinasinc.com\/fi\/wp-json\/wp\/v2\/media\/6020"}],"wp:attachment":[{"href":"https:\/\/medicinasinc.com\/fi\/wp-json\/wp\/v2\/media?parent=3"}],"curies":[{"name":"wp","href":"https:\/\/api.w.org\/{rel}","templated":true}]}}