{"id":5926,"date":"2022-02-22T08:28:02","date_gmt":"2022-02-22T08:28:02","guid":{"rendered":"https:\/\/medicinasinc.com\/es\/?post_type=product&#038;p=5926"},"modified":"2022-03-22T00:08:25","modified_gmt":"2022-03-22T00:08:25","slug":"comprar-thj-018","status":"publish","type":"product","link":"https:\/\/medicinasinc.com\/es\/product\/comprar-thj-018\/","title":{"rendered":"Comprar THJ-018"},"content":{"rendered":"<p>A pesar de la creciente prevalencia de nuevos compuestos psicoactivos, actualmente no hay datos disponibles sobre el metabolismo humano, lo que dificulta la documentaci\u00f3n de laboratorio de la ingesti\u00f3n en muestras de orina y la evaluaci\u00f3n de las caracter\u00edsticas farmacodin\u00e1micas, farmacocin\u00e9ticas y toxicol\u00f3gicas de los medicamentos.<\/p>\n<p>Los an\u00e1logos de indazol de cannabis sint\u00e9tico de JWH-018 y THJ-2201 se lanzaron en 2014 como THJ-018 y THJ-2201.<\/p>\n<p>THJ 018 es un nuevo medicamento sint\u00e9tico disponible para su compra. Est\u00e1 clasificado como un cannabinoide. Este compuesto es un derivado del conocido f\u00e1rmaco jwh 018.<\/p>\n<p>El Sistema Nacional de Informaci\u00f3n del Laboratorio Forense tiene 220 informes THJ-2201, seg\u00fan AM-2201. En enero de 2015, la Administraci\u00f3n para el Control de Drogas clasific\u00f3 a THJ-2201 como Lista I debido a muchos eventos adversos.<\/p>\n<p>M\u00c9TODOS: Despu\u00e9s de incubar 10 mol\/L de THJ-018 y THJ-2201 en hepatocitos humanos durante 3 h, empleamos espectrometr\u00eda de masas de alta resoluci\u00f3n (HR-MS) (TripleTOF 5600+) para descubrir marcadores de metabolitos \u00f3ptimos. Las exploraciones de iones de producto con filtros de defectos de masa se activaron mediante exploraci\u00f3n completa y adquisici\u00f3n dependiente de la informaci\u00f3n. Se us\u00f3 MetaSite para hacer predicciones de metabolitos in silico, que luego se compararon con los metabolitos encontrados en hepatocitos humanos.<\/p>\n<p>RESULTADOS: Se encontraron trece metabolitos THJ-018, con hidroxilaci\u00f3n en la cadena N-pentilo y posterior oxidaci\u00f3n o siendo la glucuronidaci\u00f3n las rutas metab\u00f3licas predominantes. Se encontraron 27 metabolitos en THJ-2201, siendo la mayor\u00eda desfluoraci\u00f3n oxidativa seguida de carboxilaci\u00f3n o glucuronidaci\u00f3n, as\u00ed como glucuronidaci\u00f3n de metabolitos hidroxilados.<\/p>\n<p>Ambos compuestos mostraron s\u00edntesis de dihidrodiol en el resto de naftaleno. La predicci\u00f3n de MetaSite fue precisa para los metabolitos de hepatocitos THJ-018, mientras que se subestim\u00f3 la desfluoraci\u00f3n oxidativa de THJ-2201.<\/p>\n<p>CONCLUSIONES: Investigamos el metabolismo de THJ-018 y THJ-2201 en hepatocitos humanos utilizando HR-MS para la adquisici\u00f3n de datos y y recomendamos indicadores relevantes para que los laboratorios identifiquen la ingesti\u00f3n de THJ-018 y THJ-2201 y relacionen los resultados adversos documentados con estos nuevos cannabinoides sint\u00e9ticos.<\/p>\n<p>Los SC se unen a los receptores de cannabinoides end\u00f3genos y producen efectos cannabimim\u00e9ticos comparables a 9 -tetrahidrocannabinol (1, 2). El abuso de SC3 provoca efectos secundarios importantes, como da\u00f1o renal agudo, infarto de miocardio y muerte (3, 4).<\/p>\n<p>A pesar de estos riesgos, las personas contin\u00faan consumiendo SC. Se han programado muchos SC en los Estados Unidos, Jap\u00f3n y la mayor\u00eda de las naciones europeas (por ejemplo, JWH018, JWH-073, AKB48 y XLR-11); sin embargo, constantemente surgen compuestos estructuralmente variados adicionales.<\/p>\n","protected":false},"excerpt":{"rendered":"<p>Comprar THJ-018 (SGT-17) para la venta Europa, Reino Unido es un cannabinoide sint\u00e9tico que es el an\u00e1logo de indazol de JWH-018 y se ha vendido en l\u00ednea como droga de dise\u00f1o. Pedido al por mayor disponible<\/p>\n","protected":false},"featured_media":5940,"comment_status":"open","ping_status":"closed","template":"","meta":[],"product_brand":[],"product_cat":[2596],"product_tag":[4104,4106,4103,4109,4107,4105,4108],"class_list":{"0":"post-5926","1":"product","2":"type-product","3":"status-publish","4":"has-post-thumbnail","6":"product_cat-venta-de-cannabinoides","7":"product_tag-como-comprar-thj-018-online","8":"product_tag-compra-thj-018-online","9":"product_tag-comprar-thj-018-online","10":"product_tag-donde-comprar-thj-018-online","11":"product_tag-el-mejor-lugar-para-comprar-thj-018-online","12":"product_tag-orden-thj-018-online","13":"product_tag-thj-018-en-venta","15":"first","16":"instock","17":"shipping-taxable","18":"purchasable","19":"product-type-variable"},"yoast_head":"<!-- This site is optimized with the Yoast SEO plugin v27.3 - https:\/\/yoast.com\/product\/yoast-seo-wordpress\/ -->\n<title>Comprar THJ-018 - SGT-17 - Best Best Global Meds<\/title>\n<meta name=\"description\" content=\"Comprar THJ-018 (SGT-17) a la venta Europa, Reino Unido es un cannabinoide sint\u00e9tico que es el an\u00e1logo de indazol de JWH-018 y se ha vendido en l\u00ednea como droga de dise\u00f1o. Pedido al por mayor disponible\" \/>\n<meta name=\"robots\" content=\"index, follow, max-snippet:-1, max-image-preview:large, max-video-preview:-1\" \/>\n<link rel=\"canonical\" href=\"https:\/\/medicinasinc.com\/es\/product\/comprar-thj-018\/\" \/>\n<meta property=\"og:locale\" content=\"es_ES\" \/>\n<meta property=\"og:type\" content=\"article\" \/>\n<meta property=\"og:title\" content=\"Comprar THJ-018 - SGT-17 - Best Best Global Meds\" \/>\n<meta property=\"og:description\" content=\"Comprar THJ-018 (SGT-17) a la venta Europa, Reino Unido es un cannabinoide sint\u00e9tico que es el an\u00e1logo de indazol de JWH-018 y se ha vendido en l\u00ednea como droga de dise\u00f1o. Pedido al por mayor disponible\" \/>\n<meta property=\"og:url\" content=\"https:\/\/medicinasinc.com\/es\/product\/comprar-thj-018\/\" \/>\n<meta property=\"og:site_name\" content=\"Medicinas Inc\" \/>\n<meta property=\"article:modified_time\" content=\"2022-03-22T00:08:25+00:00\" \/>\n<meta property=\"og:image\" content=\"https:\/\/medicinasinc.com\/es\/wp-content\/uploads\/sites\/15\/2022\/02\/Buy-THJ-018.jpeg\" \/>\n\t<meta property=\"og:image:width\" content=\"751\" \/>\n\t<meta property=\"og:image:height\" content=\"800\" \/>\n\t<meta property=\"og:image:type\" content=\"image\/jpeg\" \/>\n<meta name=\"twitter:card\" content=\"summary_large_image\" \/>\n<meta name=\"twitter:label1\" content=\"Tiempo de lectura\" \/>\n\t<meta name=\"twitter:data1\" content=\"2 minutos\" \/>\n<script type=\"application\/ld+json\" class=\"yoast-schema-graph\">{\"@context\":\"https:\\\/\\\/schema.org\",\"@graph\":[{\"@type\":\"WebPage\",\"@id\":\"https:\\\/\\\/medicinasinc.com\\\/es\\\/product\\\/comprar-thj-018\\\/\",\"url\":\"https:\\\/\\\/medicinasinc.com\\\/es\\\/product\\\/comprar-thj-018\\\/\",\"name\":\"Comprar THJ-018 - SGT-17 - Best Best Global Meds\",\"isPartOf\":{\"@id\":\"https:\\\/\\\/medicinasinc.com\\\/es\\\/#website\"},\"primaryImageOfPage\":{\"@id\":\"https:\\\/\\\/medicinasinc.com\\\/es\\\/product\\\/comprar-thj-018\\\/#primaryimage\"},\"image\":{\"@id\":\"https:\\\/\\\/medicinasinc.com\\\/es\\\/product\\\/comprar-thj-018\\\/#primaryimage\"},\"thumbnailUrl\":\"https:\\\/\\\/medicinasinc.com\\\/es\\\/wp-content\\\/uploads\\\/sites\\\/15\\\/2022\\\/02\\\/Buy-THJ-018.jpeg\",\"datePublished\":\"2022-02-22T08:28:02+00:00\",\"dateModified\":\"2022-03-22T00:08:25+00:00\",\"description\":\"Comprar THJ-018 (SGT-17) a la venta Europa, Reino Unido es un cannabinoide sint\u00e9tico que es el an\u00e1logo de indazol de JWH-018 y se ha vendido en l\u00ednea como droga de dise\u00f1o. Pedido al por mayor disponible\",\"breadcrumb\":{\"@id\":\"https:\\\/\\\/medicinasinc.com\\\/es\\\/product\\\/comprar-thj-018\\\/#breadcrumb\"},\"inLanguage\":\"es\",\"potentialAction\":[{\"@type\":\"ReadAction\",\"target\":[\"https:\\\/\\\/medicinasinc.com\\\/es\\\/product\\\/comprar-thj-018\\\/\"]}]},{\"@type\":\"ImageObject\",\"inLanguage\":\"es\",\"@id\":\"https:\\\/\\\/medicinasinc.com\\\/es\\\/product\\\/comprar-thj-018\\\/#primaryimage\",\"url\":\"https:\\\/\\\/medicinasinc.com\\\/es\\\/wp-content\\\/uploads\\\/sites\\\/15\\\/2022\\\/02\\\/Buy-THJ-018.jpeg\",\"contentUrl\":\"https:\\\/\\\/medicinasinc.com\\\/es\\\/wp-content\\\/uploads\\\/sites\\\/15\\\/2022\\\/02\\\/Buy-THJ-018.jpeg\",\"width\":751,\"height\":800},{\"@type\":\"BreadcrumbList\",\"@id\":\"https:\\\/\\\/medicinasinc.com\\\/es\\\/product\\\/comprar-thj-018\\\/#breadcrumb\",\"itemListElement\":[{\"@type\":\"ListItem\",\"position\":1,\"name\":\"Tienda\",\"item\":\"https:\\\/\\\/medicinasinc.com\\\/es\\\/tienda\\\/\"},{\"@type\":\"ListItem\",\"position\":2,\"name\":\"Comprar THJ-018\"}]},{\"@type\":\"WebSite\",\"@id\":\"https:\\\/\\\/medicinasinc.com\\\/es\\\/#website\",\"url\":\"https:\\\/\\\/medicinasinc.com\\\/es\\\/\",\"name\":\"Medicinas Inc\",\"description\":\"Cl\u00ednica M\u00e9dica de Salud\",\"potentialAction\":[{\"@type\":\"SearchAction\",\"target\":{\"@type\":\"EntryPoint\",\"urlTemplate\":\"https:\\\/\\\/medicinasinc.com\\\/es\\\/?s={search_term_string}\"},\"query-input\":{\"@type\":\"PropertyValueSpecification\",\"valueRequired\":true,\"valueName\":\"search_term_string\"}}],\"inLanguage\":\"es\"}]}<\/script>\n<!-- \/ Yoast SEO plugin. -->","yoast_head_json":{"title":"Comprar THJ-018 - SGT-17 - Best Best Global Meds","description":"Comprar THJ-018 (SGT-17) a la venta Europa, Reino Unido es un cannabinoide sint\u00e9tico que es el an\u00e1logo de indazol de JWH-018 y se ha vendido en l\u00ednea como droga de dise\u00f1o. Pedido al por mayor disponible","robots":{"index":"index","follow":"follow","max-snippet":"max-snippet:-1","max-image-preview":"max-image-preview:large","max-video-preview":"max-video-preview:-1"},"canonical":"https:\/\/medicinasinc.com\/es\/product\/comprar-thj-018\/","og_locale":"es_ES","og_type":"article","og_title":"Comprar THJ-018 - SGT-17 - Best Best Global Meds","og_description":"Comprar THJ-018 (SGT-17) a la venta Europa, Reino Unido es un cannabinoide sint\u00e9tico que es el an\u00e1logo de indazol de JWH-018 y se ha vendido en l\u00ednea como droga de dise\u00f1o. Pedido al por mayor disponible","og_url":"https:\/\/medicinasinc.com\/es\/product\/comprar-thj-018\/","og_site_name":"Medicinas Inc","article_modified_time":"2022-03-22T00:08:25+00:00","og_image":[{"width":751,"height":800,"url":"https:\/\/medicinasinc.com\/es\/wp-content\/uploads\/sites\/15\/2022\/02\/Buy-THJ-018.jpeg","type":"image\/jpeg"}],"twitter_card":"summary_large_image","twitter_misc":{"Tiempo de lectura":"2 minutos"},"schema":{"@context":"https:\/\/schema.org","@graph":[{"@type":"WebPage","@id":"https:\/\/medicinasinc.com\/es\/product\/comprar-thj-018\/","url":"https:\/\/medicinasinc.com\/es\/product\/comprar-thj-018\/","name":"Comprar THJ-018 - SGT-17 - Best Best Global Meds","isPartOf":{"@id":"https:\/\/medicinasinc.com\/es\/#website"},"primaryImageOfPage":{"@id":"https:\/\/medicinasinc.com\/es\/product\/comprar-thj-018\/#primaryimage"},"image":{"@id":"https:\/\/medicinasinc.com\/es\/product\/comprar-thj-018\/#primaryimage"},"thumbnailUrl":"https:\/\/medicinasinc.com\/es\/wp-content\/uploads\/sites\/15\/2022\/02\/Buy-THJ-018.jpeg","datePublished":"2022-02-22T08:28:02+00:00","dateModified":"2022-03-22T00:08:25+00:00","description":"Comprar THJ-018 (SGT-17) a la venta Europa, Reino Unido es un cannabinoide sint\u00e9tico que es el an\u00e1logo de indazol de JWH-018 y se ha vendido en l\u00ednea como droga de dise\u00f1o. Pedido al por mayor disponible","breadcrumb":{"@id":"https:\/\/medicinasinc.com\/es\/product\/comprar-thj-018\/#breadcrumb"},"inLanguage":"es","potentialAction":[{"@type":"ReadAction","target":["https:\/\/medicinasinc.com\/es\/product\/comprar-thj-018\/"]}]},{"@type":"ImageObject","inLanguage":"es","@id":"https:\/\/medicinasinc.com\/es\/product\/comprar-thj-018\/#primaryimage","url":"https:\/\/medicinasinc.com\/es\/wp-content\/uploads\/sites\/15\/2022\/02\/Buy-THJ-018.jpeg","contentUrl":"https:\/\/medicinasinc.com\/es\/wp-content\/uploads\/sites\/15\/2022\/02\/Buy-THJ-018.jpeg","width":751,"height":800},{"@type":"BreadcrumbList","@id":"https:\/\/medicinasinc.com\/es\/product\/comprar-thj-018\/#breadcrumb","itemListElement":[{"@type":"ListItem","position":1,"name":"Tienda","item":"https:\/\/medicinasinc.com\/es\/tienda\/"},{"@type":"ListItem","position":2,"name":"Comprar THJ-018"}]},{"@type":"WebSite","@id":"https:\/\/medicinasinc.com\/es\/#website","url":"https:\/\/medicinasinc.com\/es\/","name":"Medicinas Inc","description":"Cl\u00ednica M\u00e9dica de Salud","potentialAction":[{"@type":"SearchAction","target":{"@type":"EntryPoint","urlTemplate":"https:\/\/medicinasinc.com\/es\/?s={search_term_string}"},"query-input":{"@type":"PropertyValueSpecification","valueRequired":true,"valueName":"search_term_string"}}],"inLanguage":"es"}]}},"_links":{"self":[{"href":"https:\/\/medicinasinc.com\/es\/wp-json\/wp\/v2\/product\/5926","targetHints":{"allow":["GET"]}}],"collection":[{"href":"https:\/\/medicinasinc.com\/es\/wp-json\/wp\/v2\/product"}],"about":[{"href":"https:\/\/medicinasinc.com\/es\/wp-json\/wp\/v2\/types\/product"}],"replies":[{"embeddable":true,"href":"https:\/\/medicinasinc.com\/es\/wp-json\/wp\/v2\/comments?post=5926"}],"wp:featuredmedia":[{"embeddable":true,"href":"https:\/\/medicinasinc.com\/es\/wp-json\/wp\/v2\/media\/5940"}],"wp:attachment":[{"href":"https:\/\/medicinasinc.com\/es\/wp-json\/wp\/v2\/media?parent=5926"}],"wp:term":[{"taxonomy":"product_brand","embeddable":true,"href":"https:\/\/medicinasinc.com\/es\/wp-json\/wp\/v2\/product_brand?post=5926"},{"taxonomy":"product_cat","embeddable":true,"href":"https:\/\/medicinasinc.com\/es\/wp-json\/wp\/v2\/product_cat?post=5926"},{"taxonomy":"product_tag","embeddable":true,"href":"https:\/\/medicinasinc.com\/es\/wp-json\/wp\/v2\/product_tag?post=5926"}],"curies":[{"name":"wp","href":"https:\/\/api.w.org\/{rel}","templated":true}]}}