{"id":5921,"date":"2022-02-22T08:23:15","date_gmt":"2022-02-22T08:23:15","guid":{"rendered":"https:\/\/medicinasinc.com\/es\/?post_type=product&#038;p=5921"},"modified":"2022-03-22T00:08:34","modified_gmt":"2022-03-22T00:08:34","slug":"comprar-sdb-005","status":"publish","type":"product","link":"https:\/\/medicinasinc.com\/es\/product\/comprar-sdb-005\/","title":{"rendered":"Comprar SDB-005"},"content":{"rendered":"<p>SDB-005 es un cannabis sint\u00e9tico a base de indazoles que se ha ofrecido como droga de dise\u00f1o en l\u00ednea. Se cree que es un agonista de los receptores de cannabinoides para CB1 y CB2. SDB-005 es un an\u00e1logo central de indazol de PB-22 que tiene un grupo naftaleno en lugar de la 8-hidroxiquinolina.<\/p>\n<p>SDB-005 se asign\u00f3 previamente a un qu\u00edmico diferente, el an\u00e1logo N-fenilo de SDB- 006, en lugar de la contraparte N-bencilo de SDB-006. Este qu\u00edmico es un fuerte agonista de los receptores CB1 (Ki = 21 nM) y CB2 (Ki = 140 nM).<\/p>\n<p>SDB-005 es un cannabis sint\u00e9tico basado en indazoles que se ha ofrecido como droga de dise\u00f1o en l\u00ednea. Se cree que es un agonista de los receptores de cannabinoides para CB1 y CB2. SDB-005 es un an\u00e1logo central de indazol de PB-22 que tiene un grupo naftaleno en lugar de la 8-hidroxiquinolina.<\/p>\n","protected":false},"excerpt":{"rendered":"<p>Comprar SDB-005 para la venta en Europa, Reino Unido\u00a0es un\u00a0cannabinoide\u00a0sint\u00e9tico\u00a0a base de indazol\u00a0que se ha vendido en l\u00ednea como\u00a0droga de dise\u00f1o<\/p>\n","protected":false},"featured_media":5939,"comment_status":"open","ping_status":"closed","template":"","meta":[],"product_brand":[],"product_cat":[2596],"product_tag":[4097,4099,4096,4102,4101,4098,4100],"class_list":{"0":"post-5921","1":"product","2":"type-product","3":"status-publish","4":"has-post-thumbnail","6":"product_cat-venta-de-cannabinoides","7":"product_tag-como-comprar-sdb005-online","8":"product_tag-compra-sdb005-online","9":"product_tag-comprar-sdb005-online","10":"product_tag-donde-comprar-sdb005-online","11":"product_tag-el-mejor-lugar-para-comprar-sdb005-online","12":"product_tag-pedido-sdb005-en-lnea","13":"product_tag-sdb005-en-venta","15":"first","16":"instock","17":"shipping-taxable","18":"purchasable","19":"product-type-variable"},"yoast_head":"<!-- This site is optimized with the Yoast SEO plugin v27.3 - https:\/\/yoast.com\/product\/yoast-seo-wordpress\/ -->\n<title>Comprar SDB-005 - SDB005 - Mejores medicamentos globales<\/title>\n<meta name=\"description\" content=\"Comprar SDB-005 para la venta Europa, Reino Unido es un cannabinoide sint\u00e9tico a base de indazol que se ha vendido en l\u00ednea como una droga de dise\u00f1o.\" \/>\n<meta name=\"robots\" content=\"index, follow, max-snippet:-1, max-image-preview:large, max-video-preview:-1\" \/>\n<link rel=\"canonical\" href=\"https:\/\/medicinasinc.com\/es\/product\/comprar-sdb-005\/\" \/>\n<meta property=\"og:locale\" content=\"es_ES\" \/>\n<meta property=\"og:type\" content=\"article\" \/>\n<meta property=\"og:title\" content=\"Comprar SDB-005 - SDB005 - Mejores medicamentos globales\" \/>\n<meta property=\"og:description\" content=\"Comprar SDB-005 para la venta Europa, Reino Unido es un cannabinoide sint\u00e9tico a base de indazol que se ha vendido en l\u00ednea como una droga de dise\u00f1o.\" \/>\n<meta property=\"og:url\" content=\"https:\/\/medicinasinc.com\/es\/product\/comprar-sdb-005\/\" \/>\n<meta property=\"og:site_name\" content=\"Medicinas Inc\" \/>\n<meta property=\"article:modified_time\" content=\"2022-03-22T00:08:34+00:00\" \/>\n<meta property=\"og:image\" content=\"https:\/\/medicinasinc.com\/es\/wp-content\/uploads\/sites\/15\/2022\/02\/Buy-SDB-005.jpeg\" \/>\n\t<meta property=\"og:image:width\" content=\"600\" \/>\n\t<meta property=\"og:image:height\" content=\"451\" \/>\n\t<meta property=\"og:image:type\" content=\"image\/jpeg\" \/>\n<meta name=\"twitter:card\" content=\"summary_large_image\" \/>\n<meta name=\"twitter:label1\" content=\"Tiempo de lectura\" \/>\n\t<meta name=\"twitter:data1\" content=\"1 minuto\" \/>\n<script type=\"application\/ld+json\" class=\"yoast-schema-graph\">{\"@context\":\"https:\\\/\\\/schema.org\",\"@graph\":[{\"@type\":\"WebPage\",\"@id\":\"https:\\\/\\\/medicinasinc.com\\\/es\\\/product\\\/comprar-sdb-005\\\/\",\"url\":\"https:\\\/\\\/medicinasinc.com\\\/es\\\/product\\\/comprar-sdb-005\\\/\",\"name\":\"Comprar SDB-005 - SDB005 - Mejores medicamentos globales\",\"isPartOf\":{\"@id\":\"https:\\\/\\\/medicinasinc.com\\\/es\\\/#website\"},\"primaryImageOfPage\":{\"@id\":\"https:\\\/\\\/medicinasinc.com\\\/es\\\/product\\\/comprar-sdb-005\\\/#primaryimage\"},\"image\":{\"@id\":\"https:\\\/\\\/medicinasinc.com\\\/es\\\/product\\\/comprar-sdb-005\\\/#primaryimage\"},\"thumbnailUrl\":\"https:\\\/\\\/medicinasinc.com\\\/es\\\/wp-content\\\/uploads\\\/sites\\\/15\\\/2022\\\/02\\\/Buy-SDB-005.jpeg\",\"datePublished\":\"2022-02-22T08:23:15+00:00\",\"dateModified\":\"2022-03-22T00:08:34+00:00\",\"description\":\"Comprar SDB-005 para la venta Europa, Reino Unido es un cannabinoide sint\u00e9tico a base de indazol que se ha vendido en l\u00ednea como una droga de dise\u00f1o.\",\"breadcrumb\":{\"@id\":\"https:\\\/\\\/medicinasinc.com\\\/es\\\/product\\\/comprar-sdb-005\\\/#breadcrumb\"},\"inLanguage\":\"es\",\"potentialAction\":[{\"@type\":\"ReadAction\",\"target\":[\"https:\\\/\\\/medicinasinc.com\\\/es\\\/product\\\/comprar-sdb-005\\\/\"]}]},{\"@type\":\"ImageObject\",\"inLanguage\":\"es\",\"@id\":\"https:\\\/\\\/medicinasinc.com\\\/es\\\/product\\\/comprar-sdb-005\\\/#primaryimage\",\"url\":\"https:\\\/\\\/medicinasinc.com\\\/es\\\/wp-content\\\/uploads\\\/sites\\\/15\\\/2022\\\/02\\\/Buy-SDB-005.jpeg\",\"contentUrl\":\"https:\\\/\\\/medicinasinc.com\\\/es\\\/wp-content\\\/uploads\\\/sites\\\/15\\\/2022\\\/02\\\/Buy-SDB-005.jpeg\",\"width\":600,\"height\":451},{\"@type\":\"BreadcrumbList\",\"@id\":\"https:\\\/\\\/medicinasinc.com\\\/es\\\/product\\\/comprar-sdb-005\\\/#breadcrumb\",\"itemListElement\":[{\"@type\":\"ListItem\",\"position\":1,\"name\":\"Tienda\",\"item\":\"https:\\\/\\\/medicinasinc.com\\\/es\\\/tienda\\\/\"},{\"@type\":\"ListItem\",\"position\":2,\"name\":\"Comprar SDB-005\"}]},{\"@type\":\"WebSite\",\"@id\":\"https:\\\/\\\/medicinasinc.com\\\/es\\\/#website\",\"url\":\"https:\\\/\\\/medicinasinc.com\\\/es\\\/\",\"name\":\"Medicinas Inc\",\"description\":\"Cl\u00ednica M\u00e9dica de Salud\",\"potentialAction\":[{\"@type\":\"SearchAction\",\"target\":{\"@type\":\"EntryPoint\",\"urlTemplate\":\"https:\\\/\\\/medicinasinc.com\\\/es\\\/?s={search_term_string}\"},\"query-input\":{\"@type\":\"PropertyValueSpecification\",\"valueRequired\":true,\"valueName\":\"search_term_string\"}}],\"inLanguage\":\"es\"}]}<\/script>\n<!-- \/ Yoast SEO plugin. -->","yoast_head_json":{"title":"Comprar SDB-005 - SDB005 - Mejores medicamentos globales","description":"Comprar SDB-005 para la venta Europa, Reino Unido es un cannabinoide sint\u00e9tico a base de indazol que se ha vendido en l\u00ednea como una droga de dise\u00f1o.","robots":{"index":"index","follow":"follow","max-snippet":"max-snippet:-1","max-image-preview":"max-image-preview:large","max-video-preview":"max-video-preview:-1"},"canonical":"https:\/\/medicinasinc.com\/es\/product\/comprar-sdb-005\/","og_locale":"es_ES","og_type":"article","og_title":"Comprar SDB-005 - SDB005 - Mejores medicamentos globales","og_description":"Comprar SDB-005 para la venta Europa, Reino Unido es un cannabinoide sint\u00e9tico a base de indazol que se ha vendido en l\u00ednea como una droga de dise\u00f1o.","og_url":"https:\/\/medicinasinc.com\/es\/product\/comprar-sdb-005\/","og_site_name":"Medicinas Inc","article_modified_time":"2022-03-22T00:08:34+00:00","og_image":[{"width":600,"height":451,"url":"https:\/\/medicinasinc.com\/es\/wp-content\/uploads\/sites\/15\/2022\/02\/Buy-SDB-005.jpeg","type":"image\/jpeg"}],"twitter_card":"summary_large_image","twitter_misc":{"Tiempo de lectura":"1 minuto"},"schema":{"@context":"https:\/\/schema.org","@graph":[{"@type":"WebPage","@id":"https:\/\/medicinasinc.com\/es\/product\/comprar-sdb-005\/","url":"https:\/\/medicinasinc.com\/es\/product\/comprar-sdb-005\/","name":"Comprar SDB-005 - SDB005 - Mejores medicamentos globales","isPartOf":{"@id":"https:\/\/medicinasinc.com\/es\/#website"},"primaryImageOfPage":{"@id":"https:\/\/medicinasinc.com\/es\/product\/comprar-sdb-005\/#primaryimage"},"image":{"@id":"https:\/\/medicinasinc.com\/es\/product\/comprar-sdb-005\/#primaryimage"},"thumbnailUrl":"https:\/\/medicinasinc.com\/es\/wp-content\/uploads\/sites\/15\/2022\/02\/Buy-SDB-005.jpeg","datePublished":"2022-02-22T08:23:15+00:00","dateModified":"2022-03-22T00:08:34+00:00","description":"Comprar SDB-005 para la venta Europa, Reino Unido es un cannabinoide sint\u00e9tico a base de indazol que se ha vendido en l\u00ednea como una droga de dise\u00f1o.","breadcrumb":{"@id":"https:\/\/medicinasinc.com\/es\/product\/comprar-sdb-005\/#breadcrumb"},"inLanguage":"es","potentialAction":[{"@type":"ReadAction","target":["https:\/\/medicinasinc.com\/es\/product\/comprar-sdb-005\/"]}]},{"@type":"ImageObject","inLanguage":"es","@id":"https:\/\/medicinasinc.com\/es\/product\/comprar-sdb-005\/#primaryimage","url":"https:\/\/medicinasinc.com\/es\/wp-content\/uploads\/sites\/15\/2022\/02\/Buy-SDB-005.jpeg","contentUrl":"https:\/\/medicinasinc.com\/es\/wp-content\/uploads\/sites\/15\/2022\/02\/Buy-SDB-005.jpeg","width":600,"height":451},{"@type":"BreadcrumbList","@id":"https:\/\/medicinasinc.com\/es\/product\/comprar-sdb-005\/#breadcrumb","itemListElement":[{"@type":"ListItem","position":1,"name":"Tienda","item":"https:\/\/medicinasinc.com\/es\/tienda\/"},{"@type":"ListItem","position":2,"name":"Comprar SDB-005"}]},{"@type":"WebSite","@id":"https:\/\/medicinasinc.com\/es\/#website","url":"https:\/\/medicinasinc.com\/es\/","name":"Medicinas Inc","description":"Cl\u00ednica M\u00e9dica de Salud","potentialAction":[{"@type":"SearchAction","target":{"@type":"EntryPoint","urlTemplate":"https:\/\/medicinasinc.com\/es\/?s={search_term_string}"},"query-input":{"@type":"PropertyValueSpecification","valueRequired":true,"valueName":"search_term_string"}}],"inLanguage":"es"}]}},"_links":{"self":[{"href":"https:\/\/medicinasinc.com\/es\/wp-json\/wp\/v2\/product\/5921","targetHints":{"allow":["GET"]}}],"collection":[{"href":"https:\/\/medicinasinc.com\/es\/wp-json\/wp\/v2\/product"}],"about":[{"href":"https:\/\/medicinasinc.com\/es\/wp-json\/wp\/v2\/types\/product"}],"replies":[{"embeddable":true,"href":"https:\/\/medicinasinc.com\/es\/wp-json\/wp\/v2\/comments?post=5921"}],"wp:featuredmedia":[{"embeddable":true,"href":"https:\/\/medicinasinc.com\/es\/wp-json\/wp\/v2\/media\/5939"}],"wp:attachment":[{"href":"https:\/\/medicinasinc.com\/es\/wp-json\/wp\/v2\/media?parent=5921"}],"wp:term":[{"taxonomy":"product_brand","embeddable":true,"href":"https:\/\/medicinasinc.com\/es\/wp-json\/wp\/v2\/product_brand?post=5921"},{"taxonomy":"product_cat","embeddable":true,"href":"https:\/\/medicinasinc.com\/es\/wp-json\/wp\/v2\/product_cat?post=5921"},{"taxonomy":"product_tag","embeddable":true,"href":"https:\/\/medicinasinc.com\/es\/wp-json\/wp\/v2\/product_tag?post=5921"}],"curies":[{"name":"wp","href":"https:\/\/api.w.org\/{rel}","templated":true}]}}